{"id":176,"date":"2022-02-07T12:58:49","date_gmt":"2022-02-07T12:58:49","guid":{"rendered":"https:\/\/shop.huppa.eu\/en\/?page_id=176"},"modified":"2026-04-30T14:39:17","modified_gmt":"2026-04-30T12:39:17","slug":"huppa-stores","status":"publish","type":"page","link":"https:\/\/shop.huppa.eu\/en\/huppa-stores\/","title":{"rendered":"HUPPA stores"},"content":{"rendered":"\n<h1 class=\"wp-block-heading\" id=\"huppa-kauplused\">HUPPA stores<\/h1>\n\n\n\n<div style=\"height:40px\" aria-hidden=\"true\" class=\"wp-block-spacer\"><\/div>\n\n\n<div class=\"resellers\">\n            <div class=\"reseller\">\n            <div class=\"reseller__info\">\n                                    <div class=\"reseller__info__title\" style=\"--resellersTitleColor: #000000; --resellersTitleSize: 28px; --resellersTitleWeight: 700; --resellersTitleTransform: uppercase;\">Estonia Huppa \u00dclemiste representative store<\/div>\n                                                    <div class=\"reseller__info__content\"><p>\u00dclemiste Center<\/p>\n<p>Suur-S\u00f5jam\u00e4e tn 4, 11415 Tallinn<br \/>\n<span class=\"a_GcMg font-feature-liga-off font-feature-clig-off font-feature-calt-off text-decoration-none text-strikethrough-none\">+372 600 5020<\/span><\/p>\n<p><strong>Opening hours<\/strong><\/p>\n<p>Mon- Sat 10:00-21:00<br \/>\nSun\u00a0 \u00a0 \u00a0 \u00a0 \u00a0 10:00-19:00<\/p>\n<\/div>\n                            <\/div>\n                            <iframe\n                    width=\"100%\"\n                    height=\"100%\"\n                    style=\"border:0\"\n                    loading=\"lazy\"\n                    allowfullscreen\n                    src=\"https:\/\/www.google.com\/maps\/embed\/v1\/place?key=AIzaSyCk2hts0UAg4SzCFJbIsYLVPOnvgMFWXRo&#038;q=Estonia+Huppa+\u00dclemiste+representative+store\"><\/iframe>\n                    <\/div>\n            <div class=\"reseller\">\n            <div class=\"reseller__info\">\n                                    <div class=\"reseller__info__title\" style=\"--resellersTitleColor: #000000; --resellersTitleSize: 28px; --resellersTitleWeight: 700; --resellersTitleTransform: uppercase;\">Estonia Huppa Nautica store<\/div>\n                                                    <div class=\"reseller__info__content\"><p>Nautica Center<\/p>\n<p>Ahtri 9, 10151 Tallinn<br \/>\n+372 600 2160<\/p>\n<p><strong>Opening hours<\/strong><\/p>\n<p>Mon- Sat 10:00-20:00<br \/>\nSun\u00a0 \u00a0 \u00a0 \u00a0 \u00a010:00-18:00<\/p>\n<\/div>\n                            <\/div>\n                            <iframe\n                    width=\"100%\"\n                    height=\"100%\"\n                    style=\"border:0\"\n                    loading=\"lazy\"\n                    allowfullscreen\n                    src=\"https:\/\/www.google.com\/maps\/embed\/v1\/place?key=AIzaSyCk2hts0UAg4SzCFJbIsYLVPOnvgMFWXRo&#038;q=Estonia+Huppa+Nautica+store\"><\/iframe>\n                    <\/div>\n            <div class=\"reseller\">\n            <div class=\"reseller__info\">\n                                    <div class=\"reseller__info__title\" style=\"--resellersTitleColor: #000000; --resellersTitleSize: 28px; --resellersTitleWeight: 700; --resellersTitleTransform: uppercase;\">Estonia Huppa Mustika Outlet store<\/div>\n                                                    <div class=\"reseller__info__content\"><p>Mustika Center<\/p>\n<p>Karjav\u00e4lja 4, 12918 Tallinn<br \/>\n+372 659 2414<\/p>\n<p><strong>Opening hours<\/strong><\/p>\n<p>Mon- Sat 10:00-20:00<br \/>\nSun\u00a0 \u00a0 \u00a0 \u00a0 \u00a010:00-18:00<\/p>\n<p>&nbsp;<\/p>\n<\/div>\n                            <\/div>\n                            <iframe\n                    width=\"100%\"\n                    height=\"100%\"\n                    style=\"border:0\"\n                    loading=\"lazy\"\n                    allowfullscreen\n                    src=\"https:\/\/www.google.com\/maps\/embed\/v1\/place?key=AIzaSyCk2hts0UAg4SzCFJbIsYLVPOnvgMFWXRo&#038;q=Estonia+Huppa+Mustika+Outlet+store\"><\/iframe>\n                    <\/div>\n            <div class=\"reseller\">\n            <div class=\"reseller__info\">\n                                    <div class=\"reseller__info__title\" style=\"--resellersTitleColor: #000000; --resellersTitleSize: 28px; --resellersTitleWeight: 700; --resellersTitleTransform: uppercase;\">Estonia Huppa Mustakivi Outlet store<\/div>\n                                                    <div class=\"reseller__info__content\"><p>Mustakivi Center<\/p>\n<p>Mahtra 1, 13811 Tallinn<br \/>\n+372 671 7087<\/p>\n<p><strong>Opening hours<\/strong><\/p>\n<p>Mon- Sat 10:00-20:00<br \/>\nSun\u00a0 \u00a0 \u00a0 \u00a0 \u00a010:00-18:00<\/p>\n<\/div>\n                            <\/div>\n                            <iframe\n                    width=\"100%\"\n                    height=\"100%\"\n                    style=\"border:0\"\n                    loading=\"lazy\"\n                    allowfullscreen\n                    src=\"https:\/\/www.google.com\/maps\/embed\/v1\/place?key=AIzaSyCk2hts0UAg4SzCFJbIsYLVPOnvgMFWXRo&#038;q=Estonia+Huppa+Mustakivi+Outlet+store\"><\/iframe>\n                    <\/div>\n            <div class=\"reseller\">\n            <div class=\"reseller__info\">\n                                    <div class=\"reseller__info__title\" style=\"--resellersTitleColor: #000000; --resellersTitleSize: 28px; --resellersTitleWeight: 700; --resellersTitleTransform: uppercase;\">Estonia Huppa Leiunurk<\/div>\n                                                    <div class=\"reseller__info__content\"><p>M\u00e4nniku tee 101, 11215 Tallinn<br \/>\n+372 655 9507<\/p>\n<p>Buses: 5, 32 and 33 Pihlaka stop.<\/p>\n<\/div>\n                            <\/div>\n                            <iframe\n                    width=\"100%\"\n                    height=\"100%\"\n                    style=\"border:0\"\n                    loading=\"lazy\"\n                    allowfullscreen\n                    src=\"https:\/\/www.google.com\/maps\/embed\/v1\/place?key=AIzaSyCk2hts0UAg4SzCFJbIsYLVPOnvgMFWXRo&#038;q=Estonia+Huppa+Leiunurk\"><\/iframe>\n                    <\/div>\n            <div class=\"reseller\">\n            <div class=\"reseller__info\">\n                                    <div class=\"reseller__info__title\" style=\"--resellersTitleColor: #000000; --resellersTitleSize: 28px; --resellersTitleWeight: 700; --resellersTitleTransform: uppercase;\">Latvia Huppa t\/c Olimpia representative store<\/div>\n                                                    <div class=\"reseller__info__content\"><p>t\/c Olimpia, \u0100zenes iela 5, R\u012bga, LV \u2013 1048<\/p>\n<p>+371 26699110<\/p>\n<p><strong>Opening hours<\/strong><\/p>\n<p>Mon- Sun 10:00-21:00<\/p>\n<\/div>\n                            <\/div>\n                            <iframe\n                    width=\"100%\"\n                    height=\"100%\"\n                    style=\"border:0\"\n                    loading=\"lazy\"\n                    allowfullscreen\n                    src=\"https:\/\/www.google.com\/maps\/embed\/v1\/place?key=AIzaSyCk2hts0UAg4SzCFJbIsYLVPOnvgMFWXRo&#038;q=Latvia+Huppa+t\/c+Olimpia+representative+store\"><\/iframe>\n                    <\/div>\n            <div class=\"reseller\">\n            <div class=\"reseller__info\">\n                                    <div class=\"reseller__info__title\" style=\"--resellersTitleColor: #000000; --resellersTitleSize: 28px; --resellersTitleWeight: 700; --resellersTitleTransform: uppercase;\">Latvia Huppa t\/c Domina representative store<\/div>\n                                                    <div class=\"reseller__info__content\"><p>t\/c Domina, <span data-teams=\"true\">Ieri\u0137u iela 3, R\u012bga, LV-1084<\/span><\/p>\n<p>t\u0101lr.\u00a0<span data-teams=\"true\">+371 29370310<\/span><\/p>\n<p><strong>Opening hours:<\/strong><\/p>\n<p>Mon-Sun 10:00 \u2013 21:00<\/p>\n<\/div>\n                            <\/div>\n                            <iframe\n                    width=\"100%\"\n                    height=\"100%\"\n                    style=\"border:0\"\n                    loading=\"lazy\"\n                    allowfullscreen\n                    src=\"https:\/\/www.google.com\/maps\/embed\/v1\/place?key=AIzaSyCk2hts0UAg4SzCFJbIsYLVPOnvgMFWXRo&#038;q=Latvia+Huppa+t\/c+Domina+representative+store\"><\/iframe>\n                    <\/div>\n            <div class=\"reseller\">\n            <div class=\"reseller__info\">\n                                    <div class=\"reseller__info__title\" style=\"--resellersTitleColor: #000000; --resellersTitleSize: 28px; --resellersTitleWeight: 700; --resellersTitleTransform: uppercase;\">Latvia Huppa Zemitana Outlet<\/div>\n                                                    <div class=\"reseller__info__content\"><p>Zemit\u0101na iela 9, Latgales priek\u0161pils\u0113ta, R\u012bga, LV-1012<\/p>\n<p>+371 27082080<\/p>\n<p><strong>Opening hours<\/strong><\/p>\n<p>Mon- Fri\u00a0 10:00-19:00<br \/>\nSat- Sun 10:00-17:00<\/p>\n<\/div>\n                            <\/div>\n                            <iframe\n                    width=\"100%\"\n                    height=\"100%\"\n                    style=\"border:0\"\n                    loading=\"lazy\"\n                    allowfullscreen\n                    src=\"https:\/\/www.google.com\/maps\/embed\/v1\/place?key=AIzaSyCk2hts0UAg4SzCFJbIsYLVPOnvgMFWXRo&#038;q=Latvia+Huppa+Zemitana+Outlet\"><\/iframe>\n                    <\/div>\n            <div class=\"reseller\">\n            <div class=\"reseller__info\">\n                                    <div class=\"reseller__info__title\" style=\"--resellersTitleColor: #000000; --resellersTitleSize: 28px; --resellersTitleWeight: 700; --resellersTitleTransform: uppercase;\">HUPPA OUTLET VEIKALS T\/C BOLERO, BLAKUS T\/C SPICE<\/div>\n                                                    <div class=\"reseller__info__content\"><p>Lielirbes iela 27, Zemgales priek\u0161pils\u0113ta, R\u012bga, LV-1046<\/p>\n<p>+371 26226462<\/p>\n<p><strong>Opening hours<\/strong><\/p>\n<p>Mon- Fri\u00a0 10:00-19:00<br \/>\nSat- Sun 10:00-17:00<\/p>\n<\/div>\n                            <\/div>\n                            <iframe\n                    width=\"100%\"\n                    height=\"100%\"\n                    style=\"border:0\"\n                    loading=\"lazy\"\n                    allowfullscreen\n                    src=\"https:\/\/www.google.com\/maps\/embed\/v1\/place?key=AIzaSyCk2hts0UAg4SzCFJbIsYLVPOnvgMFWXRo&#038;q=HUPPA+OUTLET+VEIKALS+T\/C+BOLERO,+BLAKUS+T\/C+SPICE\"><\/iframe>\n                    <\/div>\n            <div class=\"reseller\">\n            <div class=\"reseller__info\">\n                                    <div class=\"reseller__info__title\" style=\"--resellersTitleColor: #000000; --resellersTitleSize: 28px; --resellersTitleWeight: 700; --resellersTitleTransform: uppercase;\">Lithuania Huppa Panorama representative store<\/div>\n                                                    <div class=\"reseller__info__content\"><p>PLC Panorama, Saltoni\u0161ki\u0173 g. 9, 08105 Vilnius<\/p>\n<p><strong>Opening hours:<\/strong><\/p>\n<p>Mon-Sun 10:00 \u2013 21:00<\/p>\n<\/div>\n                            <\/div>\n                            <iframe\n                    width=\"100%\"\n                    height=\"100%\"\n                    style=\"border:0\"\n                    loading=\"lazy\"\n                    allowfullscreen\n                    src=\"https:\/\/www.google.com\/maps\/embed\/v1\/place?key=AIzaSyCk2hts0UAg4SzCFJbIsYLVPOnvgMFWXRo&#038;q=Lithuania+Huppa+Panorama+representative+store\"><\/iframe>\n                    <\/div>\n    <\/div>\n\n\n<p class=\"has-x-large-font-size\"><a href=\"https:\/\/shop.huppa.eu\/en\/resellers\/\">Find your nearest H<\/a><a href=\"https:\/\/shop.huppa.eu\/en\/resellers-2\/\">UPPA retailer<\/a><\/p>\n\n\n\n<p><\/p>\n\n\n\n<div style=\"height:100px\" aria-hidden=\"true\" class=\"wp-block-spacer\"><\/div>\n","protected":false},"excerpt":{"rendered":"<p>Huppa vabrikupood, Huppa Mustika kauplus, Huppa Mustakivi kauplus.<\/p>\n","protected":false},"author":2,"featured_media":46,"parent":0,"menu_order":0,"comment_status":"closed","ping_status":"closed","template":"","meta":{"_acf_changed":false,"footnotes":""},"class_list":["post-176","page","type-page","status-publish","has-post-thumbnail","hentry"],"acf":[],"yoast_head":"<!-- This site is optimized with the Yoast SEO plugin v26.8 - https:\/\/yoast.com\/product\/yoast-seo-wordpress\/ -->\n<title>Huppa Stores<\/title>\n<meta name=\"description\" content=\"You can find a wide selection of outerwear and accessories at Huppa stores. Check out the opening hours in the Huppa online store.\" \/>\n<meta name=\"robots\" content=\"index, follow, max-snippet:-1, max-image-preview:large, max-video-preview:-1\" \/>\n<link rel=\"canonical\" href=\"https:\/\/shop.huppa.eu\/en\/huppa-stores\/\" \/>\n<meta property=\"og:locale\" content=\"en_US\" \/>\n<meta property=\"og:type\" content=\"article\" \/>\n<meta property=\"og:title\" content=\"Huppa Stores\" \/>\n<meta property=\"og:description\" content=\"You can find a wide selection of outerwear and accessories at Huppa stores. Check out the opening hours in the Huppa online store.\" \/>\n<meta property=\"og:url\" content=\"https:\/\/shop.huppa.eu\/en\/huppa-stores\/\" \/>\n<meta property=\"og:site_name\" content=\"Huppa EN\" \/>\n<meta property=\"article:publisher\" content=\"https:\/\/www.facebook.com\/huppa.eesti\/\" \/>\n<meta property=\"article:modified_time\" content=\"2026-04-30T12:39:17+00:00\" \/>\n<meta property=\"og:image\" content=\"https:\/\/shop.huppa.eu\/en\/wp-content\/uploads\/sites\/10\/2022\/01\/dejan-zakic-0BFNCCfAnYQ-unsplash-1.png?wsr\" \/>\n\t<meta property=\"og:image:width\" content=\"557\" \/>\n\t<meta property=\"og:image:height\" content=\"531\" \/>\n\t<meta property=\"og:image:type\" content=\"image\/png\" \/>\n<meta name=\"twitter:card\" content=\"summary_large_image\" \/>\n<meta name=\"twitter:label1\" content=\"Est. reading time\" \/>\n\t<meta name=\"twitter:data1\" content=\"1 minute\" \/>\n<script type=\"application\/ld+json\" class=\"yoast-schema-graph\">{\"@context\":\"https:\/\/schema.org\",\"@graph\":[{\"@type\":\"WebPage\",\"@id\":\"https:\/\/shop.huppa.eu\/en\/huppa-stores\/\",\"url\":\"https:\/\/shop.huppa.eu\/en\/huppa-stores\/\",\"name\":\"Huppa Stores\",\"isPartOf\":{\"@id\":\"https:\/\/shop.huppa.eu\/en\/#website\"},\"primaryImageOfPage\":{\"@id\":\"https:\/\/shop.huppa.eu\/en\/huppa-stores\/#primaryimage\"},\"image\":{\"@id\":\"https:\/\/shop.huppa.eu\/en\/huppa-stores\/#primaryimage\"},\"thumbnailUrl\":\"https:\/\/shop.huppa.eu\/en\/wp-content\/uploads\/sites\/10\/2022\/01\/dejan-zakic-0BFNCCfAnYQ-unsplash-1.png?wsr\",\"datePublished\":\"2022-02-07T12:58:49+00:00\",\"dateModified\":\"2026-04-30T12:39:17+00:00\",\"description\":\"You can find a wide selection of outerwear and accessories at Huppa stores. Check out the opening hours in the Huppa online store.\",\"breadcrumb\":{\"@id\":\"https:\/\/shop.huppa.eu\/en\/huppa-stores\/#breadcrumb\"},\"inLanguage\":\"en-US\",\"potentialAction\":[{\"@type\":\"ReadAction\",\"target\":[\"https:\/\/shop.huppa.eu\/en\/huppa-stores\/\"]}]},{\"@type\":\"ImageObject\",\"inLanguage\":\"en-US\",\"@id\":\"https:\/\/shop.huppa.eu\/en\/huppa-stores\/#primaryimage\",\"url\":\"https:\/\/shop.huppa.eu\/en\/wp-content\/uploads\/sites\/10\/2022\/01\/dejan-zakic-0BFNCCfAnYQ-unsplash-1.png?wsr\",\"contentUrl\":\"https:\/\/shop.huppa.eu\/en\/wp-content\/uploads\/sites\/10\/2022\/01\/dejan-zakic-0BFNCCfAnYQ-unsplash-1.png?wsr\",\"width\":557,\"height\":531,\"caption\":\"Huppa kauplused\"},{\"@type\":\"BreadcrumbList\",\"@id\":\"https:\/\/shop.huppa.eu\/en\/huppa-stores\/#breadcrumb\",\"itemListElement\":[{\"@type\":\"ListItem\",\"position\":1,\"name\":\"Esileht\",\"item\":\"https:\/\/shop.huppa.eu\/en\/\"},{\"@type\":\"ListItem\",\"position\":2,\"name\":\"HUPPA stores\"}]},{\"@type\":\"WebSite\",\"@id\":\"https:\/\/shop.huppa.eu\/en\/#website\",\"url\":\"https:\/\/shop.huppa.eu\/en\/\",\"name\":\"Huppa EN\",\"description\":\"\",\"publisher\":{\"@id\":\"https:\/\/shop.huppa.eu\/en\/#organization\"},\"potentialAction\":[{\"@type\":\"SearchAction\",\"target\":{\"@type\":\"EntryPoint\",\"urlTemplate\":\"https:\/\/shop.huppa.eu\/en\/?s={search_term_string}\"},\"query-input\":{\"@type\":\"PropertyValueSpecification\",\"valueRequired\":true,\"valueName\":\"search_term_string\"}}],\"inLanguage\":\"en-US\"},{\"@type\":\"Organization\",\"@id\":\"https:\/\/shop.huppa.eu\/en\/#organization\",\"name\":\"Huppa\",\"url\":\"https:\/\/shop.huppa.eu\/en\/\",\"logo\":{\"@type\":\"ImageObject\",\"inLanguage\":\"en-US\",\"@id\":\"https:\/\/shop.huppa.eu\/en\/#\/schema\/logo\/image\/\",\"url\":\"https:\/\/huppashop-prod.s3.eu-north-1.amazonaws.com\/wp-content\/uploads\/sites\/10\/2021\/05\/26115622\/huppa-logo-pic.png\",\"contentUrl\":\"https:\/\/huppashop-prod.s3.eu-north-1.amazonaws.com\/wp-content\/uploads\/sites\/10\/2021\/05\/26115622\/huppa-logo-pic.png\",\"width\":1120,\"height\":789,\"caption\":\"Huppa\"},\"image\":{\"@id\":\"https:\/\/shop.huppa.eu\/en\/#\/schema\/logo\/image\/\"},\"sameAs\":[\"https:\/\/www.facebook.com\/huppa.eesti\/\",\"https:\/\/www.instagram.com\/huppaofficial\/\",\"https:\/\/www.youtube.com\/channel\/UC8-6gL5rNHO2K3jxHkDKzog\"]}]}<\/script>\n<!-- \/ Yoast SEO plugin. -->","yoast_head_json":{"title":"Huppa Stores","description":"You can find a wide selection of outerwear and accessories at Huppa stores. Check out the opening hours in the Huppa online store.","robots":{"index":"index","follow":"follow","max-snippet":"max-snippet:-1","max-image-preview":"max-image-preview:large","max-video-preview":"max-video-preview:-1"},"canonical":"https:\/\/shop.huppa.eu\/en\/huppa-stores\/","og_locale":"en_US","og_type":"article","og_title":"Huppa Stores","og_description":"You can find a wide selection of outerwear and accessories at Huppa stores. Check out the opening hours in the Huppa online store.","og_url":"https:\/\/shop.huppa.eu\/en\/huppa-stores\/","og_site_name":"Huppa EN","article_publisher":"https:\/\/www.facebook.com\/huppa.eesti\/","article_modified_time":"2026-04-30T12:39:17+00:00","og_image":[{"width":557,"height":531,"url":"https:\/\/shop.huppa.eu\/en\/wp-content\/uploads\/sites\/10\/2022\/01\/dejan-zakic-0BFNCCfAnYQ-unsplash-1.png?wsr","type":"image\/png"}],"twitter_card":"summary_large_image","twitter_misc":{"Est. reading time":"1 minute"},"schema":{"@context":"https:\/\/schema.org","@graph":[{"@type":"WebPage","@id":"https:\/\/shop.huppa.eu\/en\/huppa-stores\/","url":"https:\/\/shop.huppa.eu\/en\/huppa-stores\/","name":"Huppa Stores","isPartOf":{"@id":"https:\/\/shop.huppa.eu\/en\/#website"},"primaryImageOfPage":{"@id":"https:\/\/shop.huppa.eu\/en\/huppa-stores\/#primaryimage"},"image":{"@id":"https:\/\/shop.huppa.eu\/en\/huppa-stores\/#primaryimage"},"thumbnailUrl":"https:\/\/shop.huppa.eu\/en\/wp-content\/uploads\/sites\/10\/2022\/01\/dejan-zakic-0BFNCCfAnYQ-unsplash-1.png?wsr","datePublished":"2022-02-07T12:58:49+00:00","dateModified":"2026-04-30T12:39:17+00:00","description":"You can find a wide selection of outerwear and accessories at Huppa stores. Check out the opening hours in the Huppa online store.","breadcrumb":{"@id":"https:\/\/shop.huppa.eu\/en\/huppa-stores\/#breadcrumb"},"inLanguage":"en-US","potentialAction":[{"@type":"ReadAction","target":["https:\/\/shop.huppa.eu\/en\/huppa-stores\/"]}]},{"@type":"ImageObject","inLanguage":"en-US","@id":"https:\/\/shop.huppa.eu\/en\/huppa-stores\/#primaryimage","url":"https:\/\/shop.huppa.eu\/en\/wp-content\/uploads\/sites\/10\/2022\/01\/dejan-zakic-0BFNCCfAnYQ-unsplash-1.png?wsr","contentUrl":"https:\/\/shop.huppa.eu\/en\/wp-content\/uploads\/sites\/10\/2022\/01\/dejan-zakic-0BFNCCfAnYQ-unsplash-1.png?wsr","width":557,"height":531,"caption":"Huppa kauplused"},{"@type":"BreadcrumbList","@id":"https:\/\/shop.huppa.eu\/en\/huppa-stores\/#breadcrumb","itemListElement":[{"@type":"ListItem","position":1,"name":"Esileht","item":"https:\/\/shop.huppa.eu\/en\/"},{"@type":"ListItem","position":2,"name":"HUPPA stores"}]},{"@type":"WebSite","@id":"https:\/\/shop.huppa.eu\/en\/#website","url":"https:\/\/shop.huppa.eu\/en\/","name":"Huppa EN","description":"","publisher":{"@id":"https:\/\/shop.huppa.eu\/en\/#organization"},"potentialAction":[{"@type":"SearchAction","target":{"@type":"EntryPoint","urlTemplate":"https:\/\/shop.huppa.eu\/en\/?s={search_term_string}"},"query-input":{"@type":"PropertyValueSpecification","valueRequired":true,"valueName":"search_term_string"}}],"inLanguage":"en-US"},{"@type":"Organization","@id":"https:\/\/shop.huppa.eu\/en\/#organization","name":"Huppa","url":"https:\/\/shop.huppa.eu\/en\/","logo":{"@type":"ImageObject","inLanguage":"en-US","@id":"https:\/\/shop.huppa.eu\/en\/#\/schema\/logo\/image\/","url":"https:\/\/huppashop-prod.s3.eu-north-1.amazonaws.com\/wp-content\/uploads\/sites\/10\/2021\/05\/26115622\/huppa-logo-pic.png","contentUrl":"https:\/\/huppashop-prod.s3.eu-north-1.amazonaws.com\/wp-content\/uploads\/sites\/10\/2021\/05\/26115622\/huppa-logo-pic.png","width":1120,"height":789,"caption":"Huppa"},"image":{"@id":"https:\/\/shop.huppa.eu\/en\/#\/schema\/logo\/image\/"},"sameAs":["https:\/\/www.facebook.com\/huppa.eesti\/","https:\/\/www.instagram.com\/huppaofficial\/","https:\/\/www.youtube.com\/channel\/UC8-6gL5rNHO2K3jxHkDKzog"]}]}},"_links":{"self":[{"href":"https:\/\/shop.huppa.eu\/en\/wp-json\/wp\/v2\/pages\/176","targetHints":{"allow":["GET"]}}],"collection":[{"href":"https:\/\/shop.huppa.eu\/en\/wp-json\/wp\/v2\/pages"}],"about":[{"href":"https:\/\/shop.huppa.eu\/en\/wp-json\/wp\/v2\/types\/page"}],"author":[{"embeddable":true,"href":"https:\/\/shop.huppa.eu\/en\/wp-json\/wp\/v2\/users\/2"}],"replies":[{"embeddable":true,"href":"https:\/\/shop.huppa.eu\/en\/wp-json\/wp\/v2\/comments?post=176"}],"version-history":[{"count":158,"href":"https:\/\/shop.huppa.eu\/en\/wp-json\/wp\/v2\/pages\/176\/revisions"}],"predecessor-version":[{"id":889021,"href":"https:\/\/shop.huppa.eu\/en\/wp-json\/wp\/v2\/pages\/176\/revisions\/889021"}],"wp:featuredmedia":[{"embeddable":true,"href":"https:\/\/shop.huppa.eu\/en\/wp-json\/wp\/v2\/media\/46"}],"wp:attachment":[{"href":"https:\/\/shop.huppa.eu\/en\/wp-json\/wp\/v2\/media?parent=176"}],"curies":[{"name":"wp","href":"https:\/\/api.w.org\/{rel}","templated":true}]}}