{"id":777266,"date":"2023-05-10T09:24:05","date_gmt":"2023-05-10T07:24:05","guid":{"rendered":"https:\/\/shop.huppa.eu\/en\/?page_id=777266"},"modified":"2025-02-20T15:09:15","modified_gmt":"2025-02-20T13:09:15","slug":"certificates","status":"publish","type":"page","link":"https:\/\/shop.huppa.eu\/en\/certificates\/","title":{"rendered":"Certificates"},"content":{"rendered":"\n<h2 class=\"wp-block-heading\" id=\"kes-me-oleme\">Huppa CERTIFIcates<\/h2>\n\n\n\n<div class=\"wp-block-media-text alignwide is-stacked-on-mobile\" style=\"grid-template-columns:22% auto\"><figure class=\"wp-block-media-text__media\"><img loading=\"lazy\" decoding=\"async\" width=\"356\" height=\"139\" src=\"https:\/\/huppashop-prod.s3.eu-north-1.amazonaws.com\/wp-content\/uploads\/sites\/10\/2023\/05\/10094101\/amfori-logo-blue-01.jpg\" alt=\"\" class=\"wp-image-777269 size-full\" srcset=\"https:\/\/huppashop-prod.s3.eu-north-1.amazonaws.com\/wp-content\/uploads\/sites\/10\/2023\/05\/10094101\/amfori-logo-blue-01.jpg 356w, https:\/\/huppashop-prod.s3.eu-north-1.amazonaws.com\/wp-content\/uploads\/sites\/10\/2023\/05\/10094101\/amfori-logo-blue-01-300x117.jpg 300w, https:\/\/huppashop-prod.s3.eu-north-1.amazonaws.com\/wp-content\/uploads\/sites\/10\/2023\/05\/10094101\/amfori-logo-blue-01-100x39.jpg 100w, https:\/\/huppashop-prod.s3.eu-north-1.amazonaws.com\/wp-content\/uploads\/sites\/10\/2023\/05\/10094101\/amfori-logo-blue-01-178x70.jpg 178w\" sizes=\"auto, (max-width: 356px) 100vw, 356px\" \/><\/figure><div class=\"wp-block-media-text__content\">\n<h5 class=\"wp-block-heading\" id=\"pikaajalised-kogemused\">Amfori<\/h5>\n\n\n\n<p>Companies that have endorsed the BSCI Code of Conduct and integrated it into their business culture and operations are committed to its values\u2014continuous improvement, collaboration, and empowerment\u2014as well as to principles that protect workers&#8217; rights.<\/p>\n\n\n\n<div class=\"wp-block-buttons is-content-justification-left is-layout-flex wp-container-core-buttons-is-layout-fdcfc74e wp-block-buttons-is-layout-flex\">\n<div class=\"wp-block-button has-custom-font-size is-style-outline has-small-font-size is-style-outline--1\"><a class=\"wp-block-button__link wp-element-button\" href=\"https:\/\/www.amfori.org\/\" style=\"border-radius:0px\" target=\"_blank\" rel=\"noreferrer noopener\">read more<\/a><\/div>\n<\/div>\n<\/div><\/div>\n\n\n\n<div style=\"height:60px\" aria-hidden=\"true\" class=\"wp-block-spacer\"><\/div>\n\n\n\n<div class=\"wp-block-media-text alignwide is-stacked-on-mobile\" style=\"grid-template-columns:22% auto\"><figure class=\"wp-block-media-text__media\"><img loading=\"lazy\" decoding=\"async\" width=\"866\" height=\"650\" src=\"https:\/\/huppashop-prod.s3.eu-north-1.amazonaws.com\/wp-content\/uploads\/sites\/10\/2023\/05\/10094304\/global-recycled-standard6644.jpg\" alt=\"\" class=\"wp-image-777270 size-full\" srcset=\"https:\/\/huppashop-prod.s3.eu-north-1.amazonaws.com\/wp-content\/uploads\/sites\/10\/2023\/05\/10094304\/global-recycled-standard6644.jpg 866w, https:\/\/huppashop-prod.s3.eu-north-1.amazonaws.com\/wp-content\/uploads\/sites\/10\/2023\/05\/10094304\/global-recycled-standard6644-300x225.jpg 300w, https:\/\/huppashop-prod.s3.eu-north-1.amazonaws.com\/wp-content\/uploads\/sites\/10\/2023\/05\/10094304\/global-recycled-standard6644-768x576.jpg 768w, https:\/\/huppashop-prod.s3.eu-north-1.amazonaws.com\/wp-content\/uploads\/sites\/10\/2023\/05\/10094304\/global-recycled-standard6644-560x420.jpg 560w, https:\/\/huppashop-prod.s3.eu-north-1.amazonaws.com\/wp-content\/uploads\/sites\/10\/2023\/05\/10094304\/global-recycled-standard6644-700x525.jpg 700w, https:\/\/huppashop-prod.s3.eu-north-1.amazonaws.com\/wp-content\/uploads\/sites\/10\/2023\/05\/10094304\/global-recycled-standard6644-766x575.jpg 766w, https:\/\/huppashop-prod.s3.eu-north-1.amazonaws.com\/wp-content\/uploads\/sites\/10\/2023\/05\/10094304\/global-recycled-standard6644-450x338.jpg 450w, https:\/\/huppashop-prod.s3.eu-north-1.amazonaws.com\/wp-content\/uploads\/sites\/10\/2023\/05\/10094304\/global-recycled-standard6644-420x315.jpg 420w, https:\/\/huppashop-prod.s3.eu-north-1.amazonaws.com\/wp-content\/uploads\/sites\/10\/2023\/05\/10094304\/global-recycled-standard6644-100x75.jpg 100w, https:\/\/huppashop-prod.s3.eu-north-1.amazonaws.com\/wp-content\/uploads\/sites\/10\/2023\/05\/10094304\/global-recycled-standard6644-632x474.jpg 632w, https:\/\/huppashop-prod.s3.eu-north-1.amazonaws.com\/wp-content\/uploads\/sites\/10\/2023\/05\/10094304\/global-recycled-standard6644-600x450.jpg 600w, https:\/\/huppashop-prod.s3.eu-north-1.amazonaws.com\/wp-content\/uploads\/sites\/10\/2023\/05\/10094304\/global-recycled-standard6644-178x134.jpg 178w\" sizes=\"auto, (max-width: 866px) 100vw, 866px\" \/><\/figure><div class=\"wp-block-media-text__content\">\n<h5 class=\"wp-block-heading\" id=\"pikaajalised-kogemused\">Global recycled standard<\/h5>\n\n\n\n<p>The purpose of the RCS and GRS standards is to increase the use of recycled materials.<\/p>\n\n\n\n<p>The GRS (Global Recycled Standard) is an international voluntary product standard that establishes requirements for the certification of recycled material, supply chain traceability, social and environmental practices, and chemical restrictions by a third party. The goal of the GRS is to increase the use of recycled materials in production and reduce\/eliminate the harm associated with their manufacturing.<\/p>\n\n\n\n<div class=\"wp-block-buttons is-layout-flex wp-block-buttons-is-layout-flex\">\n<div class=\"wp-block-button has-custom-font-size is-style-outline has-small-font-size is-style-outline--2\"><a class=\"wp-block-button__link wp-element-button\" href=\"https:\/\/textileexchange.org\/recycled-claim-global-recycled-standard\/\" style=\"border-radius:0px\" target=\"_blank\" rel=\"noreferrer noopener\">read more<\/a><\/div>\n<\/div>\n<\/div><\/div>\n\n\n\n<div style=\"height:60px\" aria-hidden=\"true\" class=\"wp-block-spacer\"><\/div>\n\n\n\n<div class=\"wp-block-media-text alignwide is-stacked-on-mobile\" style=\"grid-template-columns:22% auto\"><figure class=\"wp-block-media-text__media\"><img loading=\"lazy\" decoding=\"async\" width=\"900\" height=\"500\" src=\"https:\/\/huppashop-prod.s3.eu-north-1.amazonaws.com\/wp-content\/uploads\/sites\/10\/2023\/05\/10094737\/bluesign-system-partners-logo-vector.png\" alt=\"\" class=\"wp-image-777271 size-full\" srcset=\"https:\/\/huppashop-prod.s3.eu-north-1.amazonaws.com\/wp-content\/uploads\/sites\/10\/2023\/05\/10094737\/bluesign-system-partners-logo-vector.png 900w, https:\/\/huppashop-prod.s3.eu-north-1.amazonaws.com\/wp-content\/uploads\/sites\/10\/2023\/05\/10094737\/bluesign-system-partners-logo-vector-300x167.png 300w, https:\/\/huppashop-prod.s3.eu-north-1.amazonaws.com\/wp-content\/uploads\/sites\/10\/2023\/05\/10094737\/bluesign-system-partners-logo-vector-768x427.png 768w, https:\/\/huppashop-prod.s3.eu-north-1.amazonaws.com\/wp-content\/uploads\/sites\/10\/2023\/05\/10094737\/bluesign-system-partners-logo-vector-560x311.png 560w, https:\/\/huppashop-prod.s3.eu-north-1.amazonaws.com\/wp-content\/uploads\/sites\/10\/2023\/05\/10094737\/bluesign-system-partners-logo-vector-700x389.png 700w, https:\/\/huppashop-prod.s3.eu-north-1.amazonaws.com\/wp-content\/uploads\/sites\/10\/2023\/05\/10094737\/bluesign-system-partners-logo-vector-766x426.png 766w, https:\/\/huppashop-prod.s3.eu-north-1.amazonaws.com\/wp-content\/uploads\/sites\/10\/2023\/05\/10094737\/bluesign-system-partners-logo-vector-450x250.png 450w, https:\/\/huppashop-prod.s3.eu-north-1.amazonaws.com\/wp-content\/uploads\/sites\/10\/2023\/05\/10094737\/bluesign-system-partners-logo-vector-420x233.png 420w, https:\/\/huppashop-prod.s3.eu-north-1.amazonaws.com\/wp-content\/uploads\/sites\/10\/2023\/05\/10094737\/bluesign-system-partners-logo-vector-100x56.png 100w, https:\/\/huppashop-prod.s3.eu-north-1.amazonaws.com\/wp-content\/uploads\/sites\/10\/2023\/05\/10094737\/bluesign-system-partners-logo-vector-632x351.png 632w, https:\/\/huppashop-prod.s3.eu-north-1.amazonaws.com\/wp-content\/uploads\/sites\/10\/2023\/05\/10094737\/bluesign-system-partners-logo-vector-600x333.png 600w, https:\/\/huppashop-prod.s3.eu-north-1.amazonaws.com\/wp-content\/uploads\/sites\/10\/2023\/05\/10094737\/bluesign-system-partners-logo-vector-178x99.png 178w\" sizes=\"auto, (max-width: 900px) 100vw, 900px\" \/><\/figure><div class=\"wp-block-media-text__content\">\n<h5 class=\"wp-block-heading\" id=\"pikaajalised-kogemused\">Bluesign\u00ae SYSTEM<\/h5>\n\n\n\n<p>Bluesign\u00ae SYSTEM connects the entire textile value chain to reduce the impact on people and the planet. The standard is based on more than 20 years of experience in the textile industry, with a focus on sustainable chemistry.<\/p>\n\n\n\n<div class=\"wp-block-buttons is-layout-flex wp-block-buttons-is-layout-flex\">\n<div class=\"wp-block-button has-custom-font-size is-style-outline has-small-font-size is-style-outline--3\"><a class=\"wp-block-button__link wp-element-button\" href=\"https:\/\/www.bluesign.com\/en\" style=\"border-radius:0px\" target=\"_blank\" rel=\"noreferrer noopener\">read more<\/a><\/div>\n<\/div>\n<\/div><\/div>\n\n\n\n<div style=\"height:60px\" aria-hidden=\"true\" class=\"wp-block-spacer\"><\/div>\n\n\n\n<div class=\"wp-block-media-text alignfull is-stacked-on-mobile is-vertically-aligned-center is-style-default\" style=\"grid-template-columns:22% auto\"><figure class=\"wp-block-media-text__media\"><img loading=\"lazy\" decoding=\"async\" width=\"866\" height=\"650\" src=\"https:\/\/huppashop-prod.s3.eu-north-1.amazonaws.com\/wp-content\/uploads\/sites\/10\/2023\/05\/10094853\/417_oeko_tex_tandart100.jpg\" alt=\"\" class=\"wp-image-777272 size-full\" srcset=\"https:\/\/huppashop-prod.s3.eu-north-1.amazonaws.com\/wp-content\/uploads\/sites\/10\/2023\/05\/10094853\/417_oeko_tex_tandart100.jpg 866w, https:\/\/huppashop-prod.s3.eu-north-1.amazonaws.com\/wp-content\/uploads\/sites\/10\/2023\/05\/10094853\/417_oeko_tex_tandart100-300x225.jpg 300w, https:\/\/huppashop-prod.s3.eu-north-1.amazonaws.com\/wp-content\/uploads\/sites\/10\/2023\/05\/10094853\/417_oeko_tex_tandart100-768x576.jpg 768w, https:\/\/huppashop-prod.s3.eu-north-1.amazonaws.com\/wp-content\/uploads\/sites\/10\/2023\/05\/10094853\/417_oeko_tex_tandart100-560x420.jpg 560w, https:\/\/huppashop-prod.s3.eu-north-1.amazonaws.com\/wp-content\/uploads\/sites\/10\/2023\/05\/10094853\/417_oeko_tex_tandart100-700x525.jpg 700w, https:\/\/huppashop-prod.s3.eu-north-1.amazonaws.com\/wp-content\/uploads\/sites\/10\/2023\/05\/10094853\/417_oeko_tex_tandart100-766x575.jpg 766w, https:\/\/huppashop-prod.s3.eu-north-1.amazonaws.com\/wp-content\/uploads\/sites\/10\/2023\/05\/10094853\/417_oeko_tex_tandart100-450x338.jpg 450w, https:\/\/huppashop-prod.s3.eu-north-1.amazonaws.com\/wp-content\/uploads\/sites\/10\/2023\/05\/10094853\/417_oeko_tex_tandart100-420x315.jpg 420w, https:\/\/huppashop-prod.s3.eu-north-1.amazonaws.com\/wp-content\/uploads\/sites\/10\/2023\/05\/10094853\/417_oeko_tex_tandart100-100x75.jpg 100w, https:\/\/huppashop-prod.s3.eu-north-1.amazonaws.com\/wp-content\/uploads\/sites\/10\/2023\/05\/10094853\/417_oeko_tex_tandart100-632x474.jpg 632w, https:\/\/huppashop-prod.s3.eu-north-1.amazonaws.com\/wp-content\/uploads\/sites\/10\/2023\/05\/10094853\/417_oeko_tex_tandart100-600x450.jpg 600w, https:\/\/huppashop-prod.s3.eu-north-1.amazonaws.com\/wp-content\/uploads\/sites\/10\/2023\/05\/10094853\/417_oeko_tex_tandart100-178x134.jpg 178w\" sizes=\"auto, (max-width: 866px) 100vw, 866px\" \/><\/figure><div class=\"wp-block-media-text__content\">\n<h5 class=\"wp-block-heading has-text-color\" style=\"color:#000000\">OEKO-TEX\u00ae Standard 100<\/h5>\n\n\n\n<p class=\"has-text-color\" style=\"color:#636363;font-size:17px;line-height:1.1\">OEKO-TEX\u00ae Standard 100 is one of the world&#8217;s most recognized textile labels, ensuring that products have been tested for harmful substances. This ensures consumer confidence and product safety.<\/p>\n\n\n\n<div class=\"wp-block-buttons is-layout-flex wp-block-buttons-is-layout-flex\">\n<div class=\"wp-block-button has-custom-font-size is-style-outline has-small-font-size is-style-outline--4\"><a class=\"wp-block-button__link wp-element-button\" href=\"https:\/\/www.oeko-tex.com\/en\/our-standards\/oeko-tex-standard-100\" style=\"border-radius:0px\" target=\"_blank\" rel=\"noreferrer noopener\">read more<\/a><\/div>\n<\/div>\n<\/div><\/div>\n\n\n\n<div style=\"height:60px\" aria-hidden=\"true\" class=\"wp-block-spacer\"><\/div>\n\n\n\n<div class=\"wp-block-media-text alignwide is-stacked-on-mobile\" style=\"grid-template-columns:22% auto\"><figure class=\"wp-block-media-text__media\"><img decoding=\"async\" src=\"https:\/\/huppashop-prod.s3.eu-north-1.amazonaws.com\/wp-content\/uploads\/sites\/10\/2023\/05\/10095035\/bionic_finish_eco_logo.svg\" alt=\"\" class=\"wp-image-777273 size-full\"\/><\/figure><div class=\"wp-block-media-text__content\">\n<h5 class=\"wp-block-heading\" id=\"pikaajalised-kogemused\">bionic finish\u00aeeco<\/h5>\n\n\n\n<p>Allows the creation of non-fluorinated and durable water-repellent fabric treatments with a wide range of applications. Highly effective and long-lasting results are achieved with a very thin layer, which means it does not affect the properties and appearance of the fabric. Meets many complex technical requirements. Suitable for use on advanced technical and outerwear garments, as well as casual and fashion garments.<\/p>\n\n\n\n<div class=\"wp-block-buttons is-layout-flex wp-block-buttons-is-layout-flex\">\n<div class=\"wp-block-button has-custom-font-size is-style-outline has-small-font-size is-style-outline--5\"><a class=\"wp-block-button__link wp-element-button\" href=\"https:\/\/rudolf.com\/technologies\/bionic-finish-eco\" style=\"border-radius:0px\" target=\"_blank\" rel=\"noreferrer noopener\">read more<\/a><\/div>\n<\/div>\n<\/div><\/div>\n\n\n\n<div style=\"height:60px\" aria-hidden=\"true\" class=\"wp-block-spacer\"><\/div>\n\n\n\n<div class=\"wp-block-media-text alignfull is-stacked-on-mobile is-vertically-aligned-center is-style-default\" style=\"grid-template-columns:22% auto\"><figure class=\"wp-block-media-text__media\"><img loading=\"lazy\" decoding=\"async\" width=\"527\" height=\"283\" src=\"https:\/\/huppashop-prod.s3.eu-north-1.amazonaws.com\/wp-content\/uploads\/sites\/10\/2023\/05\/10095339\/Frame-1.jpg\" alt=\"\" class=\"wp-image-777275 size-full\" srcset=\"https:\/\/huppashop-prod.s3.eu-north-1.amazonaws.com\/wp-content\/uploads\/sites\/10\/2023\/05\/10095339\/Frame-1.jpg 527w, https:\/\/huppashop-prod.s3.eu-north-1.amazonaws.com\/wp-content\/uploads\/sites\/10\/2023\/05\/10095339\/Frame-1-300x161.jpg 300w, https:\/\/huppashop-prod.s3.eu-north-1.amazonaws.com\/wp-content\/uploads\/sites\/10\/2023\/05\/10095339\/Frame-1-450x242.jpg 450w, https:\/\/huppashop-prod.s3.eu-north-1.amazonaws.com\/wp-content\/uploads\/sites\/10\/2023\/05\/10095339\/Frame-1-420x226.jpg 420w, https:\/\/huppashop-prod.s3.eu-north-1.amazonaws.com\/wp-content\/uploads\/sites\/10\/2023\/05\/10095339\/Frame-1-100x54.jpg 100w, https:\/\/huppashop-prod.s3.eu-north-1.amazonaws.com\/wp-content\/uploads\/sites\/10\/2023\/05\/10095339\/Frame-1-178x96.jpg 178w\" sizes=\"auto, (max-width: 527px) 100vw, 527px\" \/><\/figure><div class=\"wp-block-media-text__content\">\n<h5 class=\"wp-block-heading has-text-color\" style=\"color:#000000\">RDS<\/h5>\n\n\n\n<p class=\"has-text-color\" style=\"color:#636363;font-size:17px;line-height:1.1\">The Responsible Down Standard (RDS) encourages the down and feather industry to treat ducks and geese humanely and recognizes companies that set a good example. The standard also lets companies and consumers know what the products they buy contain.<\/p>\n\n\n\n<div class=\"wp-block-buttons is-layout-flex wp-block-buttons-is-layout-flex\">\n<div class=\"wp-block-button has-custom-font-size is-style-outline has-small-font-size is-style-outline--6\"><a class=\"wp-block-button__link wp-element-button\" href=\"https:\/\/textileexchange.org\/responsible-down-standard\/\" style=\"border-radius:0px\" target=\"_blank\" rel=\"noreferrer noopener\">read more<\/a><\/div>\n<\/div>\n<\/div><\/div>\n\n\n\n<div style=\"height:60px\" aria-hidden=\"true\" class=\"wp-block-spacer\"><\/div>\n","protected":false},"excerpt":{"rendered":"<p>Kes me oleme? P\u00f5hjamaisted ja karmid ilmastikutingimused sunnivad inimesi otsima vastupidavaid ja mugavaid r\u00f5ivaid. Nii s\u00fcndiski HUPPA \u2013 t\u00e4naseks juba rahvusvaheline ettev\u00f5te.<\/p>\n","protected":false},"author":10,"featured_media":46,"parent":0,"menu_order":0,"comment_status":"closed","ping_status":"closed","template":"","meta":{"_acf_changed":false,"footnotes":""},"class_list":["post-777266","page","type-page","status-publish","has-post-thumbnail","hentry"],"acf":[],"yoast_head":"<!-- This site is optimized with the Yoast SEO plugin v26.8 - https:\/\/yoast.com\/product\/yoast-seo-wordpress\/ -->\n<title>Huppa certificates<\/title>\n<meta name=\"description\" content=\"Huppa certificates. Amfori - Global Recycled Standard - Bluesign System - Oeko-tex Standard 100 - Bionic Finish Eco - RDS\" \/>\n<meta name=\"robots\" content=\"index, follow, max-snippet:-1, max-image-preview:large, max-video-preview:-1\" \/>\n<link rel=\"canonical\" href=\"https:\/\/shop.huppa.eu\/en\/certificates\/\" \/>\n<meta property=\"og:locale\" content=\"en_US\" \/>\n<meta property=\"og:type\" content=\"article\" \/>\n<meta property=\"og:title\" content=\"Huppa certificates\" \/>\n<meta property=\"og:description\" content=\"Huppa certificates. Amfori - Global Recycled Standard - Bluesign System - Oeko-tex Standard 100 - Bionic Finish Eco - RDS\" \/>\n<meta property=\"og:url\" content=\"https:\/\/shop.huppa.eu\/en\/certificates\/\" \/>\n<meta property=\"og:site_name\" content=\"Huppa EN\" \/>\n<meta property=\"article:publisher\" content=\"https:\/\/www.facebook.com\/huppa.eesti\/\" \/>\n<meta property=\"article:modified_time\" content=\"2025-02-20T13:09:15+00:00\" \/>\n<meta property=\"og:image\" content=\"https:\/\/shop.huppa.eu\/en\/wp-content\/uploads\/sites\/10\/2022\/01\/dejan-zakic-0BFNCCfAnYQ-unsplash-1.png\" \/>\n\t<meta property=\"og:image:width\" content=\"557\" \/>\n\t<meta property=\"og:image:height\" content=\"531\" \/>\n\t<meta property=\"og:image:type\" content=\"image\/png\" \/>\n<meta name=\"twitter:card\" content=\"summary_large_image\" \/>\n<meta name=\"twitter:label1\" content=\"Est. reading time\" \/>\n\t<meta name=\"twitter:data1\" content=\"3 minutes\" \/>\n<script type=\"application\/ld+json\" class=\"yoast-schema-graph\">{\"@context\":\"https:\/\/schema.org\",\"@graph\":[{\"@type\":\"WebPage\",\"@id\":\"https:\/\/shop.huppa.eu\/en\/certificates\/\",\"url\":\"https:\/\/shop.huppa.eu\/en\/certificates\/\",\"name\":\"Huppa certificates\",\"isPartOf\":{\"@id\":\"https:\/\/shop.huppa.eu\/en\/#website\"},\"primaryImageOfPage\":{\"@id\":\"https:\/\/shop.huppa.eu\/en\/certificates\/#primaryimage\"},\"image\":{\"@id\":\"https:\/\/shop.huppa.eu\/en\/certificates\/#primaryimage\"},\"thumbnailUrl\":\"https:\/\/shop.huppa.eu\/en\/wp-content\/uploads\/sites\/10\/2022\/01\/dejan-zakic-0BFNCCfAnYQ-unsplash-1.png?wsr\",\"datePublished\":\"2023-05-10T07:24:05+00:00\",\"dateModified\":\"2025-02-20T13:09:15+00:00\",\"description\":\"Huppa certificates. Amfori - Global Recycled Standard - Bluesign System - Oeko-tex Standard 100 - Bionic Finish Eco - RDS\",\"breadcrumb\":{\"@id\":\"https:\/\/shop.huppa.eu\/en\/certificates\/#breadcrumb\"},\"inLanguage\":\"en-US\",\"potentialAction\":[{\"@type\":\"ReadAction\",\"target\":[\"https:\/\/shop.huppa.eu\/en\/certificates\/\"]}]},{\"@type\":\"ImageObject\",\"inLanguage\":\"en-US\",\"@id\":\"https:\/\/shop.huppa.eu\/en\/certificates\/#primaryimage\",\"url\":\"https:\/\/shop.huppa.eu\/en\/wp-content\/uploads\/sites\/10\/2022\/01\/dejan-zakic-0BFNCCfAnYQ-unsplash-1.png?wsr\",\"contentUrl\":\"https:\/\/shop.huppa.eu\/en\/wp-content\/uploads\/sites\/10\/2022\/01\/dejan-zakic-0BFNCCfAnYQ-unsplash-1.png?wsr\",\"width\":557,\"height\":531,\"caption\":\"Huppa kauplused\"},{\"@type\":\"BreadcrumbList\",\"@id\":\"https:\/\/shop.huppa.eu\/en\/certificates\/#breadcrumb\",\"itemListElement\":[{\"@type\":\"ListItem\",\"position\":1,\"name\":\"Esileht\",\"item\":\"https:\/\/shop.huppa.eu\/en\/\"},{\"@type\":\"ListItem\",\"position\":2,\"name\":\"Certificates\"}]},{\"@type\":\"WebSite\",\"@id\":\"https:\/\/shop.huppa.eu\/en\/#website\",\"url\":\"https:\/\/shop.huppa.eu\/en\/\",\"name\":\"Huppa EN\",\"description\":\"\",\"publisher\":{\"@id\":\"https:\/\/shop.huppa.eu\/en\/#organization\"},\"potentialAction\":[{\"@type\":\"SearchAction\",\"target\":{\"@type\":\"EntryPoint\",\"urlTemplate\":\"https:\/\/shop.huppa.eu\/en\/?s={search_term_string}\"},\"query-input\":{\"@type\":\"PropertyValueSpecification\",\"valueRequired\":true,\"valueName\":\"search_term_string\"}}],\"inLanguage\":\"en-US\"},{\"@type\":\"Organization\",\"@id\":\"https:\/\/shop.huppa.eu\/en\/#organization\",\"name\":\"Huppa\",\"url\":\"https:\/\/shop.huppa.eu\/en\/\",\"logo\":{\"@type\":\"ImageObject\",\"inLanguage\":\"en-US\",\"@id\":\"https:\/\/shop.huppa.eu\/en\/#\/schema\/logo\/image\/\",\"url\":\"https:\/\/huppashop-prod.s3.eu-north-1.amazonaws.com\/wp-content\/uploads\/sites\/10\/2021\/05\/26115622\/huppa-logo-pic.png\",\"contentUrl\":\"https:\/\/huppashop-prod.s3.eu-north-1.amazonaws.com\/wp-content\/uploads\/sites\/10\/2021\/05\/26115622\/huppa-logo-pic.png\",\"width\":1120,\"height\":789,\"caption\":\"Huppa\"},\"image\":{\"@id\":\"https:\/\/shop.huppa.eu\/en\/#\/schema\/logo\/image\/\"},\"sameAs\":[\"https:\/\/www.facebook.com\/huppa.eesti\/\",\"https:\/\/www.instagram.com\/huppaofficial\/\",\"https:\/\/www.youtube.com\/channel\/UC8-6gL5rNHO2K3jxHkDKzog\"]}]}<\/script>\n<!-- \/ Yoast SEO plugin. -->","yoast_head_json":{"title":"Huppa certificates","description":"Huppa certificates. Amfori - Global Recycled Standard - Bluesign System - Oeko-tex Standard 100 - Bionic Finish Eco - RDS","robots":{"index":"index","follow":"follow","max-snippet":"max-snippet:-1","max-image-preview":"max-image-preview:large","max-video-preview":"max-video-preview:-1"},"canonical":"https:\/\/shop.huppa.eu\/en\/certificates\/","og_locale":"en_US","og_type":"article","og_title":"Huppa certificates","og_description":"Huppa certificates. Amfori - Global Recycled Standard - Bluesign System - Oeko-tex Standard 100 - Bionic Finish Eco - RDS","og_url":"https:\/\/shop.huppa.eu\/en\/certificates\/","og_site_name":"Huppa EN","article_publisher":"https:\/\/www.facebook.com\/huppa.eesti\/","article_modified_time":"2025-02-20T13:09:15+00:00","og_image":[{"width":557,"height":531,"url":"https:\/\/shop.huppa.eu\/en\/wp-content\/uploads\/sites\/10\/2022\/01\/dejan-zakic-0BFNCCfAnYQ-unsplash-1.png","type":"image\/png"}],"twitter_card":"summary_large_image","twitter_misc":{"Est. reading time":"3 minutes"},"schema":{"@context":"https:\/\/schema.org","@graph":[{"@type":"WebPage","@id":"https:\/\/shop.huppa.eu\/en\/certificates\/","url":"https:\/\/shop.huppa.eu\/en\/certificates\/","name":"Huppa certificates","isPartOf":{"@id":"https:\/\/shop.huppa.eu\/en\/#website"},"primaryImageOfPage":{"@id":"https:\/\/shop.huppa.eu\/en\/certificates\/#primaryimage"},"image":{"@id":"https:\/\/shop.huppa.eu\/en\/certificates\/#primaryimage"},"thumbnailUrl":"https:\/\/shop.huppa.eu\/en\/wp-content\/uploads\/sites\/10\/2022\/01\/dejan-zakic-0BFNCCfAnYQ-unsplash-1.png?wsr","datePublished":"2023-05-10T07:24:05+00:00","dateModified":"2025-02-20T13:09:15+00:00","description":"Huppa certificates. Amfori - Global Recycled Standard - Bluesign System - Oeko-tex Standard 100 - Bionic Finish Eco - RDS","breadcrumb":{"@id":"https:\/\/shop.huppa.eu\/en\/certificates\/#breadcrumb"},"inLanguage":"en-US","potentialAction":[{"@type":"ReadAction","target":["https:\/\/shop.huppa.eu\/en\/certificates\/"]}]},{"@type":"ImageObject","inLanguage":"en-US","@id":"https:\/\/shop.huppa.eu\/en\/certificates\/#primaryimage","url":"https:\/\/shop.huppa.eu\/en\/wp-content\/uploads\/sites\/10\/2022\/01\/dejan-zakic-0BFNCCfAnYQ-unsplash-1.png?wsr","contentUrl":"https:\/\/shop.huppa.eu\/en\/wp-content\/uploads\/sites\/10\/2022\/01\/dejan-zakic-0BFNCCfAnYQ-unsplash-1.png?wsr","width":557,"height":531,"caption":"Huppa kauplused"},{"@type":"BreadcrumbList","@id":"https:\/\/shop.huppa.eu\/en\/certificates\/#breadcrumb","itemListElement":[{"@type":"ListItem","position":1,"name":"Esileht","item":"https:\/\/shop.huppa.eu\/en\/"},{"@type":"ListItem","position":2,"name":"Certificates"}]},{"@type":"WebSite","@id":"https:\/\/shop.huppa.eu\/en\/#website","url":"https:\/\/shop.huppa.eu\/en\/","name":"Huppa EN","description":"","publisher":{"@id":"https:\/\/shop.huppa.eu\/en\/#organization"},"potentialAction":[{"@type":"SearchAction","target":{"@type":"EntryPoint","urlTemplate":"https:\/\/shop.huppa.eu\/en\/?s={search_term_string}"},"query-input":{"@type":"PropertyValueSpecification","valueRequired":true,"valueName":"search_term_string"}}],"inLanguage":"en-US"},{"@type":"Organization","@id":"https:\/\/shop.huppa.eu\/en\/#organization","name":"Huppa","url":"https:\/\/shop.huppa.eu\/en\/","logo":{"@type":"ImageObject","inLanguage":"en-US","@id":"https:\/\/shop.huppa.eu\/en\/#\/schema\/logo\/image\/","url":"https:\/\/huppashop-prod.s3.eu-north-1.amazonaws.com\/wp-content\/uploads\/sites\/10\/2021\/05\/26115622\/huppa-logo-pic.png","contentUrl":"https:\/\/huppashop-prod.s3.eu-north-1.amazonaws.com\/wp-content\/uploads\/sites\/10\/2021\/05\/26115622\/huppa-logo-pic.png","width":1120,"height":789,"caption":"Huppa"},"image":{"@id":"https:\/\/shop.huppa.eu\/en\/#\/schema\/logo\/image\/"},"sameAs":["https:\/\/www.facebook.com\/huppa.eesti\/","https:\/\/www.instagram.com\/huppaofficial\/","https:\/\/www.youtube.com\/channel\/UC8-6gL5rNHO2K3jxHkDKzog"]}]}},"_links":{"self":[{"href":"https:\/\/shop.huppa.eu\/en\/wp-json\/wp\/v2\/pages\/777266","targetHints":{"allow":["GET"]}}],"collection":[{"href":"https:\/\/shop.huppa.eu\/en\/wp-json\/wp\/v2\/pages"}],"about":[{"href":"https:\/\/shop.huppa.eu\/en\/wp-json\/wp\/v2\/types\/page"}],"author":[{"embeddable":true,"href":"https:\/\/shop.huppa.eu\/en\/wp-json\/wp\/v2\/users\/10"}],"replies":[{"embeddable":true,"href":"https:\/\/shop.huppa.eu\/en\/wp-json\/wp\/v2\/comments?post=777266"}],"version-history":[{"count":10,"href":"https:\/\/shop.huppa.eu\/en\/wp-json\/wp\/v2\/pages\/777266\/revisions"}],"predecessor-version":[{"id":833619,"href":"https:\/\/shop.huppa.eu\/en\/wp-json\/wp\/v2\/pages\/777266\/revisions\/833619"}],"wp:featuredmedia":[{"embeddable":true,"href":"https:\/\/shop.huppa.eu\/en\/wp-json\/wp\/v2\/media\/46"}],"wp:attachment":[{"href":"https:\/\/shop.huppa.eu\/en\/wp-json\/wp\/v2\/media?parent=777266"}],"curies":[{"name":"wp","href":"https:\/\/api.w.org\/{rel}","templated":true}]}}