{"id":819243,"date":"2025-01-07T07:57:17","date_gmt":"2025-01-07T05:57:17","guid":{"rendered":"https:\/\/shop.huppa.eu\/en\/toode\/mens-coat-dawson-200g-3\/"},"modified":"2026-04-09T05:16:14","modified_gmt":"2026-04-09T03:16:14","slug":"mens-coat-dawson-200g-3","status":"publish","type":"product","link":"https:\/\/shop.huppa.eu\/en\/product\/mens-coat-dawson-200g-3\/","title":{"rendered":"Men\u00b4s winter parka DAWSON (200g)"},"content":{"rendered":"<p>Vyri\u0161kas neper\u0161lampamas ir neperpu\u010diamas \u017eieminis paltas su 200g pa\u0161iltinimu HUPPA TERM(sintetin\u0117 med\u017eiaga). Orui laidi i\u0161orin\u0117 med\u017eiaga Palto pamu\u0161alas i\u0161 mink\u0161to audinio. Palto viduje balto Teddy fur kailiuko \u012fsi\u016bvos. Gobtuvas su sintetiniu kailiuku nusiima. Rankogaliai turi trikota\u017einius apsauginius man\u017eetus.Dvipusis u\u017etrauktukas papildomam komfortui. Ki\u0161en\u0117s u\u017esegamos magnetu.Juosmuo reguliuojamas. Vandeniui atsparios si\u016bl\u0117s .At\u0161vaitai.<\/p>\n","protected":false},"excerpt":{"rendered":"<p>Vyri\u0161kas neper\u0161lampamas ir neperpu\u010diamas \u017eieminis paltas su 200g pa\u0161iltinimu HUPPA TERM(sintetin\u0117 med\u017eiaga). Orui laidi i\u0161orin\u0117 med\u017eiaga Palto pamu\u0161alas i\u0161 mink\u0161to audinio. Palto viduje balto Teddy fur kailiuko \u012fsi\u016bvos. Gobtuvas su sintetiniu kailiuku nusiima. Rankogaliai turi trikota\u017einius apsauginius man\u017eetus.Dvipusis u\u017etrauktukas papildomam komfortui. Ki\u0161en\u0117s u\u017esegamos magnetu.Juosmuo reguliuojamas. Vandeniui atsparios si\u016bl\u0117s .At\u0161vaitai.<\/p>\n","protected":false},"featured_media":880490,"template":"","meta":{"_acf_changed":false},"product_brand":[],"product_cat":[6768,6872,6805,6873,6795],"product_tag":[],"class_list":{"0":"post-819243","1":"product","2":"type-product","3":"status-publish","4":"has-post-thumbnail","6":"product_cat-adults","7":"product_cat-men","8":"product_cat-parkas-adults","9":"product_cat-parkas-men","10":"product_cat-parkas-2","11":"pa_age-group-adults","12":"pa_collection-part-fashion","13":"pa_color-solid-colors","14":"pa_fabric-breathability-10-000g-m-24h","15":"pa_fabric-waterproofing-10-000mm","16":"pa_fur-hood-fake-fur","17":"pa_gender-men","18":"pa_insulation-200g","19":"pa_isolation-weight-200g","20":"pa_pattern-blue","21":"pa_product-code-12618020-00086","22":"pa_sale-yes","23":"pa_season-winter","24":"pa_season-collection-number-w24-25","25":"pa_size-m","26":"pa_size-xl","27":"pa_size-xxl","28":"pa_size-3xl","30":"first","31":"instock","32":"sale","33":"taxable","34":"shipping-taxable","35":"purchasable","36":"product-type-variable"},"acf":[],"yoast_head":"<!-- This site is optimized with the Yoast SEO plugin v26.8 - https:\/\/yoast.com\/product\/yoast-seo-wordpress\/ -->\n<title>Men\u00b4s winter parka DAWSON (200g) - Huppa EN<\/title>\n<meta name=\"robots\" content=\"index, follow, max-snippet:-1, max-image-preview:large, max-video-preview:-1\" \/>\n<link rel=\"canonical\" href=\"https:\/\/shop.huppa.eu\/en\/product\/mens-coat-dawson-200g-3\/\" \/>\n<meta property=\"og:locale\" content=\"en_US\" \/>\n<meta property=\"og:type\" content=\"article\" \/>\n<meta property=\"og:title\" content=\"Men\u00b4s winter parka DAWSON (200g) - Huppa EN\" \/>\n<meta property=\"og:description\" content=\"Vyri\u0161kas neper\u0161lampamas ir neperpu\u010diamas \u017eieminis paltas su 200g pa\u0161iltinimu HUPPA TERM(sintetin\u0117 med\u017eiaga). Orui laidi i\u0161orin\u0117 med\u017eiaga Palto pamu\u0161alas i\u0161 mink\u0161to audinio. Palto viduje balto Teddy fur kailiuko \u012fsi\u016bvos. Gobtuvas su sintetiniu kailiuku nusiima. Rankogaliai turi trikota\u017einius apsauginius man\u017eetus.Dvipusis u\u017etrauktukas papildomam komfortui. Ki\u0161en\u0117s u\u017esegamos magnetu.Juosmuo reguliuojamas. Vandeniui atsparios si\u016bl\u0117s .At\u0161vaitai.\" \/>\n<meta property=\"og:url\" content=\"https:\/\/shop.huppa.eu\/en\/product\/mens-coat-dawson-200g-3\/\" \/>\n<meta property=\"og:site_name\" content=\"Huppa EN\" \/>\n<meta property=\"article:publisher\" content=\"https:\/\/www.facebook.com\/huppa.eesti\/\" \/>\n<meta property=\"article:modified_time\" content=\"2026-04-09T03:16:14+00:00\" \/>\n<meta property=\"og:image\" content=\"https:\/\/huppashop-prod.s3.eu-north-1.amazonaws.com\/wp-content\/uploads\/sites\/10\/2025\/04\/04131825\/12618020-00086-DAWSON_mw_f.jpg\" \/>\n\t<meta property=\"og:image:width\" content=\"1200\" \/>\n\t<meta property=\"og:image:height\" content=\"1200\" \/>\n\t<meta property=\"og:image:type\" content=\"image\/jpeg\" \/>\n<meta name=\"twitter:card\" content=\"summary_large_image\" \/>\n<script type=\"application\/ld+json\" class=\"yoast-schema-graph\">{\"@context\":\"https:\/\/schema.org\",\"@graph\":[{\"@type\":\"WebPage\",\"@id\":\"https:\/\/shop.huppa.eu\/en\/product\/mens-coat-dawson-200g-3\/\",\"url\":\"https:\/\/shop.huppa.eu\/en\/product\/mens-coat-dawson-200g-3\/\",\"name\":\"Men\u00b4s winter parka DAWSON (200g) - Huppa EN\",\"isPartOf\":{\"@id\":\"https:\/\/shop.huppa.eu\/en\/#website\"},\"primaryImageOfPage\":{\"@id\":\"https:\/\/shop.huppa.eu\/en\/product\/mens-coat-dawson-200g-3\/#primaryimage\"},\"image\":{\"@id\":\"https:\/\/shop.huppa.eu\/en\/product\/mens-coat-dawson-200g-3\/#primaryimage\"},\"thumbnailUrl\":\"https:\/\/huppashop-prod.s3.eu-north-1.amazonaws.com\/wp-content\/uploads\/sites\/10\/2026\/01\/14082654\/12618020-00086-DAWSON_mw_f.jpg?wsr\",\"datePublished\":\"2025-01-07T05:57:17+00:00\",\"dateModified\":\"2026-04-09T03:16:14+00:00\",\"breadcrumb\":{\"@id\":\"https:\/\/shop.huppa.eu\/en\/product\/mens-coat-dawson-200g-3\/#breadcrumb\"},\"inLanguage\":\"en-US\",\"potentialAction\":[{\"@type\":\"ReadAction\",\"target\":[\"https:\/\/shop.huppa.eu\/en\/product\/mens-coat-dawson-200g-3\/\"]}]},{\"@type\":\"ImageObject\",\"inLanguage\":\"en-US\",\"@id\":\"https:\/\/shop.huppa.eu\/en\/product\/mens-coat-dawson-200g-3\/#primaryimage\",\"url\":\"https:\/\/huppashop-prod.s3.eu-north-1.amazonaws.com\/wp-content\/uploads\/sites\/10\/2026\/01\/14082654\/12618020-00086-DAWSON_mw_f.jpg?wsr\",\"contentUrl\":\"https:\/\/huppashop-prod.s3.eu-north-1.amazonaws.com\/wp-content\/uploads\/sites\/10\/2026\/01\/14082654\/12618020-00086-DAWSON_mw_f.jpg?wsr\",\"width\":1200,\"height\":1200},{\"@type\":\"BreadcrumbList\",\"@id\":\"https:\/\/shop.huppa.eu\/en\/product\/mens-coat-dawson-200g-3\/#breadcrumb\",\"itemListElement\":[{\"@type\":\"ListItem\",\"position\":1,\"name\":\"Esileht\",\"item\":\"https:\/\/shop.huppa.eu\/en\/\"},{\"@type\":\"ListItem\",\"position\":2,\"name\":\"Shop\",\"item\":\"https:\/\/shop.huppa.eu\/en\/shop\/\"},{\"@type\":\"ListItem\",\"position\":3,\"name\":\"Mens\u00b4 parka DAWSON (200g)\"}]},{\"@type\":\"WebSite\",\"@id\":\"https:\/\/shop.huppa.eu\/en\/#website\",\"url\":\"https:\/\/shop.huppa.eu\/en\/\",\"name\":\"Huppa EN\",\"description\":\"\",\"publisher\":{\"@id\":\"https:\/\/shop.huppa.eu\/en\/#organization\"},\"potentialAction\":[{\"@type\":\"SearchAction\",\"target\":{\"@type\":\"EntryPoint\",\"urlTemplate\":\"https:\/\/shop.huppa.eu\/en\/?s={search_term_string}\"},\"query-input\":{\"@type\":\"PropertyValueSpecification\",\"valueRequired\":true,\"valueName\":\"search_term_string\"}}],\"inLanguage\":\"en-US\"},{\"@type\":\"Organization\",\"@id\":\"https:\/\/shop.huppa.eu\/en\/#organization\",\"name\":\"Huppa\",\"url\":\"https:\/\/shop.huppa.eu\/en\/\",\"logo\":{\"@type\":\"ImageObject\",\"inLanguage\":\"en-US\",\"@id\":\"https:\/\/shop.huppa.eu\/en\/#\/schema\/logo\/image\/\",\"url\":\"https:\/\/huppashop-prod.s3.eu-north-1.amazonaws.com\/wp-content\/uploads\/sites\/10\/2021\/05\/26115622\/huppa-logo-pic.png\",\"contentUrl\":\"https:\/\/huppashop-prod.s3.eu-north-1.amazonaws.com\/wp-content\/uploads\/sites\/10\/2021\/05\/26115622\/huppa-logo-pic.png\",\"width\":1120,\"height\":789,\"caption\":\"Huppa\"},\"image\":{\"@id\":\"https:\/\/shop.huppa.eu\/en\/#\/schema\/logo\/image\/\"},\"sameAs\":[\"https:\/\/www.facebook.com\/huppa.eesti\/\",\"https:\/\/www.instagram.com\/huppaofficial\/\",\"https:\/\/www.youtube.com\/channel\/UC8-6gL5rNHO2K3jxHkDKzog\"]}]}<\/script>\n<!-- \/ Yoast SEO plugin. -->","yoast_head_json":{"title":"Men\u00b4s winter parka DAWSON (200g) - Huppa EN","robots":{"index":"index","follow":"follow","max-snippet":"max-snippet:-1","max-image-preview":"max-image-preview:large","max-video-preview":"max-video-preview:-1"},"canonical":"https:\/\/shop.huppa.eu\/en\/product\/mens-coat-dawson-200g-3\/","og_locale":"en_US","og_type":"article","og_title":"Men\u00b4s winter parka DAWSON (200g) - Huppa EN","og_description":"Vyri\u0161kas neper\u0161lampamas ir neperpu\u010diamas \u017eieminis paltas su 200g pa\u0161iltinimu HUPPA TERM(sintetin\u0117 med\u017eiaga). Orui laidi i\u0161orin\u0117 med\u017eiaga Palto pamu\u0161alas i\u0161 mink\u0161to audinio. Palto viduje balto Teddy fur kailiuko \u012fsi\u016bvos. Gobtuvas su sintetiniu kailiuku nusiima. Rankogaliai turi trikota\u017einius apsauginius man\u017eetus.Dvipusis u\u017etrauktukas papildomam komfortui. Ki\u0161en\u0117s u\u017esegamos magnetu.Juosmuo reguliuojamas. Vandeniui atsparios si\u016bl\u0117s .At\u0161vaitai.","og_url":"https:\/\/shop.huppa.eu\/en\/product\/mens-coat-dawson-200g-3\/","og_site_name":"Huppa EN","article_publisher":"https:\/\/www.facebook.com\/huppa.eesti\/","article_modified_time":"2026-04-09T03:16:14+00:00","og_image":[{"width":1200,"height":1200,"url":"https:\/\/huppashop-prod.s3.eu-north-1.amazonaws.com\/wp-content\/uploads\/sites\/10\/2025\/04\/04131825\/12618020-00086-DAWSON_mw_f.jpg","type":"image\/jpeg"}],"twitter_card":"summary_large_image","schema":{"@context":"https:\/\/schema.org","@graph":[{"@type":"WebPage","@id":"https:\/\/shop.huppa.eu\/en\/product\/mens-coat-dawson-200g-3\/","url":"https:\/\/shop.huppa.eu\/en\/product\/mens-coat-dawson-200g-3\/","name":"Men\u00b4s winter parka DAWSON (200g) - Huppa EN","isPartOf":{"@id":"https:\/\/shop.huppa.eu\/en\/#website"},"primaryImageOfPage":{"@id":"https:\/\/shop.huppa.eu\/en\/product\/mens-coat-dawson-200g-3\/#primaryimage"},"image":{"@id":"https:\/\/shop.huppa.eu\/en\/product\/mens-coat-dawson-200g-3\/#primaryimage"},"thumbnailUrl":"https:\/\/huppashop-prod.s3.eu-north-1.amazonaws.com\/wp-content\/uploads\/sites\/10\/2026\/01\/14082654\/12618020-00086-DAWSON_mw_f.jpg?wsr","datePublished":"2025-01-07T05:57:17+00:00","dateModified":"2026-04-09T03:16:14+00:00","breadcrumb":{"@id":"https:\/\/shop.huppa.eu\/en\/product\/mens-coat-dawson-200g-3\/#breadcrumb"},"inLanguage":"en-US","potentialAction":[{"@type":"ReadAction","target":["https:\/\/shop.huppa.eu\/en\/product\/mens-coat-dawson-200g-3\/"]}]},{"@type":"ImageObject","inLanguage":"en-US","@id":"https:\/\/shop.huppa.eu\/en\/product\/mens-coat-dawson-200g-3\/#primaryimage","url":"https:\/\/huppashop-prod.s3.eu-north-1.amazonaws.com\/wp-content\/uploads\/sites\/10\/2026\/01\/14082654\/12618020-00086-DAWSON_mw_f.jpg?wsr","contentUrl":"https:\/\/huppashop-prod.s3.eu-north-1.amazonaws.com\/wp-content\/uploads\/sites\/10\/2026\/01\/14082654\/12618020-00086-DAWSON_mw_f.jpg?wsr","width":1200,"height":1200},{"@type":"BreadcrumbList","@id":"https:\/\/shop.huppa.eu\/en\/product\/mens-coat-dawson-200g-3\/#breadcrumb","itemListElement":[{"@type":"ListItem","position":1,"name":"Esileht","item":"https:\/\/shop.huppa.eu\/en\/"},{"@type":"ListItem","position":2,"name":"Shop","item":"https:\/\/shop.huppa.eu\/en\/shop\/"},{"@type":"ListItem","position":3,"name":"Mens\u00b4 parka DAWSON (200g)"}]},{"@type":"WebSite","@id":"https:\/\/shop.huppa.eu\/en\/#website","url":"https:\/\/shop.huppa.eu\/en\/","name":"Huppa EN","description":"","publisher":{"@id":"https:\/\/shop.huppa.eu\/en\/#organization"},"potentialAction":[{"@type":"SearchAction","target":{"@type":"EntryPoint","urlTemplate":"https:\/\/shop.huppa.eu\/en\/?s={search_term_string}"},"query-input":{"@type":"PropertyValueSpecification","valueRequired":true,"valueName":"search_term_string"}}],"inLanguage":"en-US"},{"@type":"Organization","@id":"https:\/\/shop.huppa.eu\/en\/#organization","name":"Huppa","url":"https:\/\/shop.huppa.eu\/en\/","logo":{"@type":"ImageObject","inLanguage":"en-US","@id":"https:\/\/shop.huppa.eu\/en\/#\/schema\/logo\/image\/","url":"https:\/\/huppashop-prod.s3.eu-north-1.amazonaws.com\/wp-content\/uploads\/sites\/10\/2021\/05\/26115622\/huppa-logo-pic.png","contentUrl":"https:\/\/huppashop-prod.s3.eu-north-1.amazonaws.com\/wp-content\/uploads\/sites\/10\/2021\/05\/26115622\/huppa-logo-pic.png","width":1120,"height":789,"caption":"Huppa"},"image":{"@id":"https:\/\/shop.huppa.eu\/en\/#\/schema\/logo\/image\/"},"sameAs":["https:\/\/www.facebook.com\/huppa.eesti\/","https:\/\/www.instagram.com\/huppaofficial\/","https:\/\/www.youtube.com\/channel\/UC8-6gL5rNHO2K3jxHkDKzog"]}]}},"_links":{"self":[{"href":"https:\/\/shop.huppa.eu\/en\/wp-json\/wp\/v2\/product\/819243","targetHints":{"allow":["GET"]}}],"collection":[{"href":"https:\/\/shop.huppa.eu\/en\/wp-json\/wp\/v2\/product"}],"about":[{"href":"https:\/\/shop.huppa.eu\/en\/wp-json\/wp\/v2\/types\/product"}],"wp:featuredmedia":[{"embeddable":true,"href":"https:\/\/shop.huppa.eu\/en\/wp-json\/wp\/v2\/media\/880490"}],"wp:attachment":[{"href":"https:\/\/shop.huppa.eu\/en\/wp-json\/wp\/v2\/media?parent=819243"}],"wp:term":[{"taxonomy":"product_brand","embeddable":true,"href":"https:\/\/shop.huppa.eu\/en\/wp-json\/wp\/v2\/product_brand?post=819243"},{"taxonomy":"product_cat","embeddable":true,"href":"https:\/\/shop.huppa.eu\/en\/wp-json\/wp\/v2\/product_cat?post=819243"},{"taxonomy":"product_tag","embeddable":true,"href":"https:\/\/shop.huppa.eu\/en\/wp-json\/wp\/v2\/product_tag?post=819243"}],"curies":[{"name":"wp","href":"https:\/\/api.w.org\/{rel}","templated":true}]}}