{"id":820882,"date":"2025-01-07T09:17:59","date_gmt":"2025-01-07T07:17:59","guid":{"rendered":"https:\/\/shop.huppa.eu\/en\/toode\/girls-jacket-joly-0g-5\/"},"modified":"2026-04-09T05:29:03","modified_gmt":"2026-04-09T03:29:03","slug":"girls-jacket-joly-0g-5","status":"publish","type":"product","link":"https:\/\/shop.huppa.eu\/en\/product\/girls-jacket-joly-0g-5\/","title":{"rendered":"Girls\u00b4 spring-autumn jacket JOLY (0g)"},"content":{"rendered":"<p>T\u00fcdrukute ilma soojustuseta klassikaline kevad-s\u00fcgis jope. Lihtsal\u00f5ikelisel taljesse jopel on m\u00f5nus taftvooder ning hingav ning vettpidav pealiskangas. Mugavamaks kandmiseks on jopel kummid taljeosas ja varrukasuus ning kergesti eemaldatav trukkidega kapuuts. Turvalisust pimedamasse aega lisavad helkurdetailid ning helkuraas jope paremal k\u00fcljel. K\u00f5ik vajalikud asjad saab neiu panna hoiule kahte esitaskusse.<\/p>\n","protected":false},"excerpt":{"rendered":"<p>T\u00fcdrukute ilma soojustuseta klassikaline kevad-s\u00fcgis jope. Lihtsal\u00f5ikelisel taljesse jopel on m\u00f5nus taftvooder ning hingav ning vettpidav pealiskangas. Mugavamaks kandmiseks on jopel kummid taljeosas ja varrukasuus ning kergesti eemaldatav trukkidega kapuuts. Turvalisust pimedamasse aega lisavad helkurdetailid ning helkuraas jope paremal k\u00fcljel. K\u00f5ik vajalikud asjad saab neiu panna hoiule kahte esitaskusse.<\/p>\n","protected":false},"featured_media":881503,"template":"","meta":{"_acf_changed":false},"product_brand":[],"product_cat":[6686,6683,6729,6730,7420],"product_tag":[],"class_list":{"0":"post-820882","1":"product","2":"type-product","3":"status-publish","4":"has-post-thumbnail","6":"product_cat-girls","7":"product_cat-kids","8":"product_cat-jackets","9":"product_cat-jackets-2","10":"product_cat-jackets-girls","11":"pa_age-group-kids","12":"pa_collection-part-spring-autumn","13":"pa_color-with-pattern","14":"pa_fabric-breathability-10000g-m-24h","15":"pa_fabric-waterproofing-10000mm","16":"pa_gender-girls","17":"pa_insulation-0g","18":"pa_isolation-weight-0g","19":"pa_pattern-white","20":"pa_product-code-17840000-71220","21":"pa_season-spring-autumn","22":"pa_season-collection-number-sa2017","23":"pa_size-6675","25":"first","26":"instock","27":"sale","28":"taxable","29":"shipping-taxable","30":"purchasable","31":"product-type-variable"},"acf":[],"yoast_head":"<!-- This site is optimized with the Yoast SEO plugin v26.8 - https:\/\/yoast.com\/product\/yoast-seo-wordpress\/ -->\n<title>Girls\u00b4 spring-autumn jacket JOLY (0g) - Huppa EN<\/title>\n<meta name=\"robots\" content=\"index, follow, max-snippet:-1, max-image-preview:large, max-video-preview:-1\" \/>\n<link rel=\"canonical\" href=\"https:\/\/shop.huppa.eu\/en\/product\/girls-jacket-joly-0g-5\/\" \/>\n<meta property=\"og:locale\" content=\"en_US\" \/>\n<meta property=\"og:type\" content=\"article\" \/>\n<meta property=\"og:title\" content=\"Girls\u00b4 spring-autumn jacket JOLY (0g) - Huppa EN\" \/>\n<meta property=\"og:description\" content=\"T\u00fcdrukute ilma soojustuseta klassikaline kevad-s\u00fcgis jope. Lihtsal\u00f5ikelisel taljesse jopel on m\u00f5nus taftvooder ning hingav ning vettpidav pealiskangas. Mugavamaks kandmiseks on jopel kummid taljeosas ja varrukasuus ning kergesti eemaldatav trukkidega kapuuts. Turvalisust pimedamasse aega lisavad helkurdetailid ning helkuraas jope paremal k\u00fcljel. K\u00f5ik vajalikud asjad saab neiu panna hoiule kahte esitaskusse.\" \/>\n<meta property=\"og:url\" content=\"https:\/\/shop.huppa.eu\/en\/product\/girls-jacket-joly-0g-5\/\" \/>\n<meta property=\"og:site_name\" content=\"Huppa EN\" \/>\n<meta property=\"article:publisher\" content=\"https:\/\/www.facebook.com\/huppa.eesti\/\" \/>\n<meta property=\"article:modified_time\" content=\"2026-04-09T03:29:03+00:00\" \/>\n<meta property=\"og:image\" content=\"https:\/\/huppashop-prod.s3.eu-north-1.amazonaws.com\/wp-content\/uploads\/sites\/10\/2025\/04\/04142245\/17840010-71220-JOLYf.jpg\" \/>\n\t<meta property=\"og:image:width\" content=\"800\" \/>\n\t<meta property=\"og:image:height\" content=\"800\" \/>\n\t<meta property=\"og:image:type\" content=\"image\/jpeg\" \/>\n<meta name=\"twitter:card\" content=\"summary_large_image\" \/>\n<script type=\"application\/ld+json\" class=\"yoast-schema-graph\">{\"@context\":\"https:\/\/schema.org\",\"@graph\":[{\"@type\":\"WebPage\",\"@id\":\"https:\/\/shop.huppa.eu\/en\/product\/girls-jacket-joly-0g-5\/\",\"url\":\"https:\/\/shop.huppa.eu\/en\/product\/girls-jacket-joly-0g-5\/\",\"name\":\"Girls\u00b4 spring-autumn jacket JOLY (0g) - Huppa EN\",\"isPartOf\":{\"@id\":\"https:\/\/shop.huppa.eu\/en\/#website\"},\"primaryImageOfPage\":{\"@id\":\"https:\/\/shop.huppa.eu\/en\/product\/girls-jacket-joly-0g-5\/#primaryimage\"},\"image\":{\"@id\":\"https:\/\/shop.huppa.eu\/en\/product\/girls-jacket-joly-0g-5\/#primaryimage\"},\"thumbnailUrl\":\"https:\/\/huppashop-prod.s3.eu-north-1.amazonaws.com\/wp-content\/uploads\/sites\/10\/2026\/01\/14101015\/17840010-71220-JOLYf.jpg?wsr\",\"datePublished\":\"2025-01-07T07:17:59+00:00\",\"dateModified\":\"2026-04-09T03:29:03+00:00\",\"breadcrumb\":{\"@id\":\"https:\/\/shop.huppa.eu\/en\/product\/girls-jacket-joly-0g-5\/#breadcrumb\"},\"inLanguage\":\"en-US\",\"potentialAction\":[{\"@type\":\"ReadAction\",\"target\":[\"https:\/\/shop.huppa.eu\/en\/product\/girls-jacket-joly-0g-5\/\"]}]},{\"@type\":\"ImageObject\",\"inLanguage\":\"en-US\",\"@id\":\"https:\/\/shop.huppa.eu\/en\/product\/girls-jacket-joly-0g-5\/#primaryimage\",\"url\":\"https:\/\/huppashop-prod.s3.eu-north-1.amazonaws.com\/wp-content\/uploads\/sites\/10\/2026\/01\/14101015\/17840010-71220-JOLYf.jpg?wsr\",\"contentUrl\":\"https:\/\/huppashop-prod.s3.eu-north-1.amazonaws.com\/wp-content\/uploads\/sites\/10\/2026\/01\/14101015\/17840010-71220-JOLYf.jpg?wsr\",\"width\":800,\"height\":800},{\"@type\":\"BreadcrumbList\",\"@id\":\"https:\/\/shop.huppa.eu\/en\/product\/girls-jacket-joly-0g-5\/#breadcrumb\",\"itemListElement\":[{\"@type\":\"ListItem\",\"position\":1,\"name\":\"Esileht\",\"item\":\"https:\/\/shop.huppa.eu\/en\/\"},{\"@type\":\"ListItem\",\"position\":2,\"name\":\"Shop\",\"item\":\"https:\/\/shop.huppa.eu\/en\/shop\/\"},{\"@type\":\"ListItem\",\"position\":3,\"name\":\"Girls\u00b4 jacket JOLY (0g)\"}]},{\"@type\":\"WebSite\",\"@id\":\"https:\/\/shop.huppa.eu\/en\/#website\",\"url\":\"https:\/\/shop.huppa.eu\/en\/\",\"name\":\"Huppa EN\",\"description\":\"\",\"publisher\":{\"@id\":\"https:\/\/shop.huppa.eu\/en\/#organization\"},\"potentialAction\":[{\"@type\":\"SearchAction\",\"target\":{\"@type\":\"EntryPoint\",\"urlTemplate\":\"https:\/\/shop.huppa.eu\/en\/?s={search_term_string}\"},\"query-input\":{\"@type\":\"PropertyValueSpecification\",\"valueRequired\":true,\"valueName\":\"search_term_string\"}}],\"inLanguage\":\"en-US\"},{\"@type\":\"Organization\",\"@id\":\"https:\/\/shop.huppa.eu\/en\/#organization\",\"name\":\"Huppa\",\"url\":\"https:\/\/shop.huppa.eu\/en\/\",\"logo\":{\"@type\":\"ImageObject\",\"inLanguage\":\"en-US\",\"@id\":\"https:\/\/shop.huppa.eu\/en\/#\/schema\/logo\/image\/\",\"url\":\"https:\/\/huppashop-prod.s3.eu-north-1.amazonaws.com\/wp-content\/uploads\/sites\/10\/2021\/05\/26115622\/huppa-logo-pic.png\",\"contentUrl\":\"https:\/\/huppashop-prod.s3.eu-north-1.amazonaws.com\/wp-content\/uploads\/sites\/10\/2021\/05\/26115622\/huppa-logo-pic.png\",\"width\":1120,\"height\":789,\"caption\":\"Huppa\"},\"image\":{\"@id\":\"https:\/\/shop.huppa.eu\/en\/#\/schema\/logo\/image\/\"},\"sameAs\":[\"https:\/\/www.facebook.com\/huppa.eesti\/\",\"https:\/\/www.instagram.com\/huppaofficial\/\",\"https:\/\/www.youtube.com\/channel\/UC8-6gL5rNHO2K3jxHkDKzog\"]}]}<\/script>\n<!-- \/ Yoast SEO plugin. -->","yoast_head_json":{"title":"Girls\u00b4 spring-autumn jacket JOLY (0g) - Huppa EN","robots":{"index":"index","follow":"follow","max-snippet":"max-snippet:-1","max-image-preview":"max-image-preview:large","max-video-preview":"max-video-preview:-1"},"canonical":"https:\/\/shop.huppa.eu\/en\/product\/girls-jacket-joly-0g-5\/","og_locale":"en_US","og_type":"article","og_title":"Girls\u00b4 spring-autumn jacket JOLY (0g) - Huppa EN","og_description":"T\u00fcdrukute ilma soojustuseta klassikaline kevad-s\u00fcgis jope. Lihtsal\u00f5ikelisel taljesse jopel on m\u00f5nus taftvooder ning hingav ning vettpidav pealiskangas. Mugavamaks kandmiseks on jopel kummid taljeosas ja varrukasuus ning kergesti eemaldatav trukkidega kapuuts. Turvalisust pimedamasse aega lisavad helkurdetailid ning helkuraas jope paremal k\u00fcljel. K\u00f5ik vajalikud asjad saab neiu panna hoiule kahte esitaskusse.","og_url":"https:\/\/shop.huppa.eu\/en\/product\/girls-jacket-joly-0g-5\/","og_site_name":"Huppa EN","article_publisher":"https:\/\/www.facebook.com\/huppa.eesti\/","article_modified_time":"2026-04-09T03:29:03+00:00","og_image":[{"width":800,"height":800,"url":"https:\/\/huppashop-prod.s3.eu-north-1.amazonaws.com\/wp-content\/uploads\/sites\/10\/2025\/04\/04142245\/17840010-71220-JOLYf.jpg","type":"image\/jpeg"}],"twitter_card":"summary_large_image","schema":{"@context":"https:\/\/schema.org","@graph":[{"@type":"WebPage","@id":"https:\/\/shop.huppa.eu\/en\/product\/girls-jacket-joly-0g-5\/","url":"https:\/\/shop.huppa.eu\/en\/product\/girls-jacket-joly-0g-5\/","name":"Girls\u00b4 spring-autumn jacket JOLY (0g) - Huppa EN","isPartOf":{"@id":"https:\/\/shop.huppa.eu\/en\/#website"},"primaryImageOfPage":{"@id":"https:\/\/shop.huppa.eu\/en\/product\/girls-jacket-joly-0g-5\/#primaryimage"},"image":{"@id":"https:\/\/shop.huppa.eu\/en\/product\/girls-jacket-joly-0g-5\/#primaryimage"},"thumbnailUrl":"https:\/\/huppashop-prod.s3.eu-north-1.amazonaws.com\/wp-content\/uploads\/sites\/10\/2026\/01\/14101015\/17840010-71220-JOLYf.jpg?wsr","datePublished":"2025-01-07T07:17:59+00:00","dateModified":"2026-04-09T03:29:03+00:00","breadcrumb":{"@id":"https:\/\/shop.huppa.eu\/en\/product\/girls-jacket-joly-0g-5\/#breadcrumb"},"inLanguage":"en-US","potentialAction":[{"@type":"ReadAction","target":["https:\/\/shop.huppa.eu\/en\/product\/girls-jacket-joly-0g-5\/"]}]},{"@type":"ImageObject","inLanguage":"en-US","@id":"https:\/\/shop.huppa.eu\/en\/product\/girls-jacket-joly-0g-5\/#primaryimage","url":"https:\/\/huppashop-prod.s3.eu-north-1.amazonaws.com\/wp-content\/uploads\/sites\/10\/2026\/01\/14101015\/17840010-71220-JOLYf.jpg?wsr","contentUrl":"https:\/\/huppashop-prod.s3.eu-north-1.amazonaws.com\/wp-content\/uploads\/sites\/10\/2026\/01\/14101015\/17840010-71220-JOLYf.jpg?wsr","width":800,"height":800},{"@type":"BreadcrumbList","@id":"https:\/\/shop.huppa.eu\/en\/product\/girls-jacket-joly-0g-5\/#breadcrumb","itemListElement":[{"@type":"ListItem","position":1,"name":"Esileht","item":"https:\/\/shop.huppa.eu\/en\/"},{"@type":"ListItem","position":2,"name":"Shop","item":"https:\/\/shop.huppa.eu\/en\/shop\/"},{"@type":"ListItem","position":3,"name":"Girls\u00b4 jacket JOLY (0g)"}]},{"@type":"WebSite","@id":"https:\/\/shop.huppa.eu\/en\/#website","url":"https:\/\/shop.huppa.eu\/en\/","name":"Huppa EN","description":"","publisher":{"@id":"https:\/\/shop.huppa.eu\/en\/#organization"},"potentialAction":[{"@type":"SearchAction","target":{"@type":"EntryPoint","urlTemplate":"https:\/\/shop.huppa.eu\/en\/?s={search_term_string}"},"query-input":{"@type":"PropertyValueSpecification","valueRequired":true,"valueName":"search_term_string"}}],"inLanguage":"en-US"},{"@type":"Organization","@id":"https:\/\/shop.huppa.eu\/en\/#organization","name":"Huppa","url":"https:\/\/shop.huppa.eu\/en\/","logo":{"@type":"ImageObject","inLanguage":"en-US","@id":"https:\/\/shop.huppa.eu\/en\/#\/schema\/logo\/image\/","url":"https:\/\/huppashop-prod.s3.eu-north-1.amazonaws.com\/wp-content\/uploads\/sites\/10\/2021\/05\/26115622\/huppa-logo-pic.png","contentUrl":"https:\/\/huppashop-prod.s3.eu-north-1.amazonaws.com\/wp-content\/uploads\/sites\/10\/2021\/05\/26115622\/huppa-logo-pic.png","width":1120,"height":789,"caption":"Huppa"},"image":{"@id":"https:\/\/shop.huppa.eu\/en\/#\/schema\/logo\/image\/"},"sameAs":["https:\/\/www.facebook.com\/huppa.eesti\/","https:\/\/www.instagram.com\/huppaofficial\/","https:\/\/www.youtube.com\/channel\/UC8-6gL5rNHO2K3jxHkDKzog"]}]}},"_links":{"self":[{"href":"https:\/\/shop.huppa.eu\/en\/wp-json\/wp\/v2\/product\/820882","targetHints":{"allow":["GET"]}}],"collection":[{"href":"https:\/\/shop.huppa.eu\/en\/wp-json\/wp\/v2\/product"}],"about":[{"href":"https:\/\/shop.huppa.eu\/en\/wp-json\/wp\/v2\/types\/product"}],"wp:featuredmedia":[{"embeddable":true,"href":"https:\/\/shop.huppa.eu\/en\/wp-json\/wp\/v2\/media\/881503"}],"wp:attachment":[{"href":"https:\/\/shop.huppa.eu\/en\/wp-json\/wp\/v2\/media?parent=820882"}],"wp:term":[{"taxonomy":"product_brand","embeddable":true,"href":"https:\/\/shop.huppa.eu\/en\/wp-json\/wp\/v2\/product_brand?post=820882"},{"taxonomy":"product_cat","embeddable":true,"href":"https:\/\/shop.huppa.eu\/en\/wp-json\/wp\/v2\/product_cat?post=820882"},{"taxonomy":"product_tag","embeddable":true,"href":"https:\/\/shop.huppa.eu\/en\/wp-json\/wp\/v2\/product_tag?post=820882"}],"curies":[{"name":"wp","href":"https:\/\/api.w.org\/{rel}","templated":true}]}}