{"id":824886,"date":"2025-01-07T14:09:38","date_gmt":"2025-01-07T12:09:38","guid":{"rendered":"https:\/\/shop.huppa.eu\/en\/toode\/kids-bib-pants-domas-160g-4\/"},"modified":"2026-04-09T05:48:15","modified_gmt":"2026-04-09T03:48:15","slug":"kids-bib-pants-domas-160g-4","status":"publish","type":"product","link":"https:\/\/shop.huppa.eu\/en\/product\/kids-bib-pants-domas-160g-4\/","title":{"rendered":"Kids winter pants DOMAS (160g)"},"content":{"rendered":"<p>B\u0113rnu \u016bdens un v\u0113ja necaurlaid\u012bg\u0101s bikses ar 160g oderi. Gaisu caurlaid\u012bgs virs\u0113jais audums. M\u012bksta auduma odere. Biks\u0113m ir augst\u0101 viduk\u013ca da\u013ca un regul\u0113jamas elast\u012bg\u0101s lences. Viduk\u013ca da\u013c\u0101 un star\u0101s iestr\u0101d\u0101ta gumijas apdare. Komplekt\u0101 l\u012bdzi elast\u012bgas pazoles. Auduma virspus\u0113 atstarojo\u0161as deta\u013cas.<\/p>\n","protected":false},"excerpt":{"rendered":"<p>B\u0113rnu \u016bdens un v\u0113ja necaurlaid\u012bg\u0101s bikses ar 160g oderi. Gaisu caurlaid\u012bgs virs\u0113jais audums. M\u012bksta auduma odere. Biks\u0113m ir augst\u0101 viduk\u013ca da\u013ca un regul\u0113jamas elast\u012bg\u0101s lences. Viduk\u013ca da\u013c\u0101 un star\u0101s iestr\u0101d\u0101ta gumijas apdare. Komplekt\u0101 l\u012bdzi elast\u012bgas pazoles. Auduma virspus\u0113 atstarojo\u0161as deta\u013cas.<\/p>\n","protected":false},"featured_media":882995,"template":"","meta":{"_acf_changed":false},"product_brand":[],"product_cat":[6686,6683,8116,8117,8124],"product_tag":[],"class_list":{"0":"post-824886","1":"product","2":"type-product","3":"status-publish","4":"has-post-thumbnail","6":"product_cat-girls","7":"product_cat-kids","8":"product_cat-pants","9":"product_cat-pants-2","10":"product_cat-pants-girls","11":"pa_age-group-kids","12":"pa_collection-part-pants","13":"pa_color-solid-colors","14":"pa_fabric-breathability-10000g-m-24h","15":"pa_fabric-waterproofing-10-000mm","16":"pa_gender-girls","17":"pa_insulation-160g","18":"pa_isolation-weight-160g","19":"pa_outlet-yes","20":"pa_pattern-lilac","21":"pa_product-code-26540016-70073","22":"pa_season-winter","23":"pa_season-collection-number-w17-18","24":"pa_size-7391","25":"pa_size-7392","26":"pa_size-7393","27":"pa_size-6678","29":"first","30":"instock","31":"sale","32":"taxable","33":"shipping-taxable","34":"purchasable","35":"product-type-variable"},"acf":[],"yoast_head":"<!-- This site is optimized with the Yoast SEO plugin v26.8 - https:\/\/yoast.com\/product\/yoast-seo-wordpress\/ -->\n<title>Kids winter pants DOMAS (160g) - Huppa EN<\/title>\n<meta name=\"robots\" content=\"index, follow, max-snippet:-1, max-image-preview:large, max-video-preview:-1\" \/>\n<link rel=\"canonical\" href=\"https:\/\/shop.huppa.eu\/en\/product\/kids-bib-pants-domas-160g-4\/\" \/>\n<meta property=\"og:locale\" content=\"en_US\" \/>\n<meta property=\"og:type\" content=\"article\" \/>\n<meta property=\"og:title\" content=\"Kids winter pants DOMAS (160g) - Huppa EN\" \/>\n<meta property=\"og:description\" content=\"B\u0113rnu \u016bdens un v\u0113ja necaurlaid\u012bg\u0101s bikses ar 160g oderi. Gaisu caurlaid\u012bgs virs\u0113jais audums. M\u012bksta auduma odere. Biks\u0113m ir augst\u0101 viduk\u013ca da\u013ca un regul\u0113jamas elast\u012bg\u0101s lences. Viduk\u013ca da\u013c\u0101 un star\u0101s iestr\u0101d\u0101ta gumijas apdare. Komplekt\u0101 l\u012bdzi elast\u012bgas pazoles. Auduma virspus\u0113 atstarojo\u0161as deta\u013cas.\" \/>\n<meta property=\"og:url\" content=\"https:\/\/shop.huppa.eu\/en\/product\/kids-bib-pants-domas-160g-4\/\" \/>\n<meta property=\"og:site_name\" content=\"Huppa EN\" \/>\n<meta property=\"article:publisher\" content=\"https:\/\/www.facebook.com\/huppa.eesti\/\" \/>\n<meta property=\"article:modified_time\" content=\"2026-04-09T03:48:15+00:00\" \/>\n<meta property=\"og:image\" content=\"https:\/\/huppashop-prod.s3.eu-north-1.amazonaws.com\/wp-content\/uploads\/sites\/10\/2025\/04\/04161146\/26540016-70073-DOMASf.jpg\" \/>\n\t<meta property=\"og:image:width\" content=\"800\" \/>\n\t<meta property=\"og:image:height\" content=\"800\" \/>\n\t<meta property=\"og:image:type\" content=\"image\/jpeg\" \/>\n<meta name=\"twitter:card\" content=\"summary_large_image\" \/>\n<script type=\"application\/ld+json\" class=\"yoast-schema-graph\">{\"@context\":\"https:\/\/schema.org\",\"@graph\":[{\"@type\":\"WebPage\",\"@id\":\"https:\/\/shop.huppa.eu\/en\/product\/kids-bib-pants-domas-160g-4\/\",\"url\":\"https:\/\/shop.huppa.eu\/en\/product\/kids-bib-pants-domas-160g-4\/\",\"name\":\"Kids winter pants DOMAS (160g) - Huppa EN\",\"isPartOf\":{\"@id\":\"https:\/\/shop.huppa.eu\/en\/#website\"},\"primaryImageOfPage\":{\"@id\":\"https:\/\/shop.huppa.eu\/en\/product\/kids-bib-pants-domas-160g-4\/#primaryimage\"},\"image\":{\"@id\":\"https:\/\/shop.huppa.eu\/en\/product\/kids-bib-pants-domas-160g-4\/#primaryimage\"},\"thumbnailUrl\":\"https:\/\/huppashop-prod.s3.eu-north-1.amazonaws.com\/wp-content\/uploads\/sites\/10\/2026\/01\/14123924\/26540016-70073-DOMASf.jpg?wsr\",\"datePublished\":\"2025-01-07T12:09:38+00:00\",\"dateModified\":\"2026-04-09T03:48:15+00:00\",\"breadcrumb\":{\"@id\":\"https:\/\/shop.huppa.eu\/en\/product\/kids-bib-pants-domas-160g-4\/#breadcrumb\"},\"inLanguage\":\"en-US\",\"potentialAction\":[{\"@type\":\"ReadAction\",\"target\":[\"https:\/\/shop.huppa.eu\/en\/product\/kids-bib-pants-domas-160g-4\/\"]}]},{\"@type\":\"ImageObject\",\"inLanguage\":\"en-US\",\"@id\":\"https:\/\/shop.huppa.eu\/en\/product\/kids-bib-pants-domas-160g-4\/#primaryimage\",\"url\":\"https:\/\/huppashop-prod.s3.eu-north-1.amazonaws.com\/wp-content\/uploads\/sites\/10\/2026\/01\/14123924\/26540016-70073-DOMASf.jpg?wsr\",\"contentUrl\":\"https:\/\/huppashop-prod.s3.eu-north-1.amazonaws.com\/wp-content\/uploads\/sites\/10\/2026\/01\/14123924\/26540016-70073-DOMASf.jpg?wsr\",\"width\":800,\"height\":800},{\"@type\":\"BreadcrumbList\",\"@id\":\"https:\/\/shop.huppa.eu\/en\/product\/kids-bib-pants-domas-160g-4\/#breadcrumb\",\"itemListElement\":[{\"@type\":\"ListItem\",\"position\":1,\"name\":\"Esileht\",\"item\":\"https:\/\/shop.huppa.eu\/en\/\"},{\"@type\":\"ListItem\",\"position\":2,\"name\":\"Shop\",\"item\":\"https:\/\/shop.huppa.eu\/en\/shop\/\"},{\"@type\":\"ListItem\",\"position\":3,\"name\":\"Kids\u00b4 bib-pants DOMAS (160g)\"}]},{\"@type\":\"WebSite\",\"@id\":\"https:\/\/shop.huppa.eu\/en\/#website\",\"url\":\"https:\/\/shop.huppa.eu\/en\/\",\"name\":\"Huppa EN\",\"description\":\"\",\"publisher\":{\"@id\":\"https:\/\/shop.huppa.eu\/en\/#organization\"},\"potentialAction\":[{\"@type\":\"SearchAction\",\"target\":{\"@type\":\"EntryPoint\",\"urlTemplate\":\"https:\/\/shop.huppa.eu\/en\/?s={search_term_string}\"},\"query-input\":{\"@type\":\"PropertyValueSpecification\",\"valueRequired\":true,\"valueName\":\"search_term_string\"}}],\"inLanguage\":\"en-US\"},{\"@type\":\"Organization\",\"@id\":\"https:\/\/shop.huppa.eu\/en\/#organization\",\"name\":\"Huppa\",\"url\":\"https:\/\/shop.huppa.eu\/en\/\",\"logo\":{\"@type\":\"ImageObject\",\"inLanguage\":\"en-US\",\"@id\":\"https:\/\/shop.huppa.eu\/en\/#\/schema\/logo\/image\/\",\"url\":\"https:\/\/huppashop-prod.s3.eu-north-1.amazonaws.com\/wp-content\/uploads\/sites\/10\/2021\/05\/26115622\/huppa-logo-pic.png\",\"contentUrl\":\"https:\/\/huppashop-prod.s3.eu-north-1.amazonaws.com\/wp-content\/uploads\/sites\/10\/2021\/05\/26115622\/huppa-logo-pic.png\",\"width\":1120,\"height\":789,\"caption\":\"Huppa\"},\"image\":{\"@id\":\"https:\/\/shop.huppa.eu\/en\/#\/schema\/logo\/image\/\"},\"sameAs\":[\"https:\/\/www.facebook.com\/huppa.eesti\/\",\"https:\/\/www.instagram.com\/huppaofficial\/\",\"https:\/\/www.youtube.com\/channel\/UC8-6gL5rNHO2K3jxHkDKzog\"]}]}<\/script>\n<!-- \/ Yoast SEO plugin. -->","yoast_head_json":{"title":"Kids winter pants DOMAS (160g) - Huppa EN","robots":{"index":"index","follow":"follow","max-snippet":"max-snippet:-1","max-image-preview":"max-image-preview:large","max-video-preview":"max-video-preview:-1"},"canonical":"https:\/\/shop.huppa.eu\/en\/product\/kids-bib-pants-domas-160g-4\/","og_locale":"en_US","og_type":"article","og_title":"Kids winter pants DOMAS (160g) - Huppa EN","og_description":"B\u0113rnu \u016bdens un v\u0113ja necaurlaid\u012bg\u0101s bikses ar 160g oderi. Gaisu caurlaid\u012bgs virs\u0113jais audums. M\u012bksta auduma odere. Biks\u0113m ir augst\u0101 viduk\u013ca da\u013ca un regul\u0113jamas elast\u012bg\u0101s lences. Viduk\u013ca da\u013c\u0101 un star\u0101s iestr\u0101d\u0101ta gumijas apdare. Komplekt\u0101 l\u012bdzi elast\u012bgas pazoles. Auduma virspus\u0113 atstarojo\u0161as deta\u013cas.","og_url":"https:\/\/shop.huppa.eu\/en\/product\/kids-bib-pants-domas-160g-4\/","og_site_name":"Huppa EN","article_publisher":"https:\/\/www.facebook.com\/huppa.eesti\/","article_modified_time":"2026-04-09T03:48:15+00:00","og_image":[{"width":800,"height":800,"url":"https:\/\/huppashop-prod.s3.eu-north-1.amazonaws.com\/wp-content\/uploads\/sites\/10\/2025\/04\/04161146\/26540016-70073-DOMASf.jpg","type":"image\/jpeg"}],"twitter_card":"summary_large_image","schema":{"@context":"https:\/\/schema.org","@graph":[{"@type":"WebPage","@id":"https:\/\/shop.huppa.eu\/en\/product\/kids-bib-pants-domas-160g-4\/","url":"https:\/\/shop.huppa.eu\/en\/product\/kids-bib-pants-domas-160g-4\/","name":"Kids winter pants DOMAS (160g) - Huppa EN","isPartOf":{"@id":"https:\/\/shop.huppa.eu\/en\/#website"},"primaryImageOfPage":{"@id":"https:\/\/shop.huppa.eu\/en\/product\/kids-bib-pants-domas-160g-4\/#primaryimage"},"image":{"@id":"https:\/\/shop.huppa.eu\/en\/product\/kids-bib-pants-domas-160g-4\/#primaryimage"},"thumbnailUrl":"https:\/\/huppashop-prod.s3.eu-north-1.amazonaws.com\/wp-content\/uploads\/sites\/10\/2026\/01\/14123924\/26540016-70073-DOMASf.jpg?wsr","datePublished":"2025-01-07T12:09:38+00:00","dateModified":"2026-04-09T03:48:15+00:00","breadcrumb":{"@id":"https:\/\/shop.huppa.eu\/en\/product\/kids-bib-pants-domas-160g-4\/#breadcrumb"},"inLanguage":"en-US","potentialAction":[{"@type":"ReadAction","target":["https:\/\/shop.huppa.eu\/en\/product\/kids-bib-pants-domas-160g-4\/"]}]},{"@type":"ImageObject","inLanguage":"en-US","@id":"https:\/\/shop.huppa.eu\/en\/product\/kids-bib-pants-domas-160g-4\/#primaryimage","url":"https:\/\/huppashop-prod.s3.eu-north-1.amazonaws.com\/wp-content\/uploads\/sites\/10\/2026\/01\/14123924\/26540016-70073-DOMASf.jpg?wsr","contentUrl":"https:\/\/huppashop-prod.s3.eu-north-1.amazonaws.com\/wp-content\/uploads\/sites\/10\/2026\/01\/14123924\/26540016-70073-DOMASf.jpg?wsr","width":800,"height":800},{"@type":"BreadcrumbList","@id":"https:\/\/shop.huppa.eu\/en\/product\/kids-bib-pants-domas-160g-4\/#breadcrumb","itemListElement":[{"@type":"ListItem","position":1,"name":"Esileht","item":"https:\/\/shop.huppa.eu\/en\/"},{"@type":"ListItem","position":2,"name":"Shop","item":"https:\/\/shop.huppa.eu\/en\/shop\/"},{"@type":"ListItem","position":3,"name":"Kids\u00b4 bib-pants DOMAS (160g)"}]},{"@type":"WebSite","@id":"https:\/\/shop.huppa.eu\/en\/#website","url":"https:\/\/shop.huppa.eu\/en\/","name":"Huppa EN","description":"","publisher":{"@id":"https:\/\/shop.huppa.eu\/en\/#organization"},"potentialAction":[{"@type":"SearchAction","target":{"@type":"EntryPoint","urlTemplate":"https:\/\/shop.huppa.eu\/en\/?s={search_term_string}"},"query-input":{"@type":"PropertyValueSpecification","valueRequired":true,"valueName":"search_term_string"}}],"inLanguage":"en-US"},{"@type":"Organization","@id":"https:\/\/shop.huppa.eu\/en\/#organization","name":"Huppa","url":"https:\/\/shop.huppa.eu\/en\/","logo":{"@type":"ImageObject","inLanguage":"en-US","@id":"https:\/\/shop.huppa.eu\/en\/#\/schema\/logo\/image\/","url":"https:\/\/huppashop-prod.s3.eu-north-1.amazonaws.com\/wp-content\/uploads\/sites\/10\/2021\/05\/26115622\/huppa-logo-pic.png","contentUrl":"https:\/\/huppashop-prod.s3.eu-north-1.amazonaws.com\/wp-content\/uploads\/sites\/10\/2021\/05\/26115622\/huppa-logo-pic.png","width":1120,"height":789,"caption":"Huppa"},"image":{"@id":"https:\/\/shop.huppa.eu\/en\/#\/schema\/logo\/image\/"},"sameAs":["https:\/\/www.facebook.com\/huppa.eesti\/","https:\/\/www.instagram.com\/huppaofficial\/","https:\/\/www.youtube.com\/channel\/UC8-6gL5rNHO2K3jxHkDKzog"]}]}},"_links":{"self":[{"href":"https:\/\/shop.huppa.eu\/en\/wp-json\/wp\/v2\/product\/824886","targetHints":{"allow":["GET"]}}],"collection":[{"href":"https:\/\/shop.huppa.eu\/en\/wp-json\/wp\/v2\/product"}],"about":[{"href":"https:\/\/shop.huppa.eu\/en\/wp-json\/wp\/v2\/types\/product"}],"wp:featuredmedia":[{"embeddable":true,"href":"https:\/\/shop.huppa.eu\/en\/wp-json\/wp\/v2\/media\/882995"}],"wp:attachment":[{"href":"https:\/\/shop.huppa.eu\/en\/wp-json\/wp\/v2\/media?parent=824886"}],"wp:term":[{"taxonomy":"product_brand","embeddable":true,"href":"https:\/\/shop.huppa.eu\/en\/wp-json\/wp\/v2\/product_brand?post=824886"},{"taxonomy":"product_cat","embeddable":true,"href":"https:\/\/shop.huppa.eu\/en\/wp-json\/wp\/v2\/product_cat?post=824886"},{"taxonomy":"product_tag","embeddable":true,"href":"https:\/\/shop.huppa.eu\/en\/wp-json\/wp\/v2\/product_tag?post=824886"}],"curies":[{"name":"wp","href":"https:\/\/api.w.org\/{rel}","templated":true}]}}