{"id":12,"date":"2022-03-08T09:55:35","date_gmt":"2022-03-08T07:55:35","guid":{"rendered":"https:\/\/shop.huppa.eu\/fi\/?page_id=12"},"modified":"2025-01-31T11:40:45","modified_gmt":"2025-01-31T09:40:45","slug":"palautus","status":"publish","type":"page","link":"https:\/\/shop.huppa.eu\/fi\/palautus\/","title":{"rendered":"PALAUTUSEHDOT JA PALAUTTAMINEN"},"content":{"rendered":"\n<div class=\"wp-block-cover\" style=\"min-height:151px;aspect-ratio:unset;\"><span aria-hidden=\"true\" class=\"wp-block-cover__background has-background-dim-20 has-background-dim\"><\/span><img loading=\"lazy\" decoding=\"async\" width=\"1440\" height=\"600\" class=\"wp-block-cover__image-background wp-image-45\" alt=\"Mustrid ja v\u00e4rvid\" src=\"https:\/\/shop.huppa.eu\/wp-content\/uploads\/2022\/01\/MicrosoftTeams-image-6.jpg\" style=\"object-position:47% 50%\" data-object-fit=\"cover\" data-object-position=\"47% 50%\" srcset=\"https:\/\/shop.huppa.eu\/fi\/wp-content\/uploads\/sites\/2\/2022\/01\/MicrosoftTeams-image-6.jpg 1440w, https:\/\/shop.huppa.eu\/fi\/wp-content\/uploads\/sites\/2\/2022\/01\/MicrosoftTeams-image-6-300x125.jpg 300w, https:\/\/shop.huppa.eu\/fi\/wp-content\/uploads\/sites\/2\/2022\/01\/MicrosoftTeams-image-6-1024x427.jpg 1024w, https:\/\/shop.huppa.eu\/fi\/wp-content\/uploads\/sites\/2\/2022\/01\/MicrosoftTeams-image-6-768x320.jpg 768w, https:\/\/shop.huppa.eu\/fi\/wp-content\/uploads\/sites\/2\/2022\/01\/MicrosoftTeams-image-6-560x233.jpg 560w, https:\/\/shop.huppa.eu\/fi\/wp-content\/uploads\/sites\/2\/2022\/01\/MicrosoftTeams-image-6-700x292.jpg 700w, https:\/\/shop.huppa.eu\/fi\/wp-content\/uploads\/sites\/2\/2022\/01\/MicrosoftTeams-image-6-600x250.jpg 600w, https:\/\/shop.huppa.eu\/fi\/wp-content\/uploads\/sites\/2\/2022\/01\/MicrosoftTeams-image-6-178x74.jpg 178w\" sizes=\"auto, (max-width: 1440px) 100vw, 1440px\" \/><div class=\"wp-block-cover__inner-container is-layout-flow wp-block-cover-is-layout-flow\">\n<p><\/p>\n\n\n\n<h2 class=\"wp-block-heading has-text-align-left has-white-color has-text-color\"><\/h2>\n<\/div><\/div>\n\n\n\n<h3 class=\"wp-block-heading\">PALAUTUSEHDOT JA PALAUTTAMINEN<\/h3>\n\n\n\n<ul class=\"wp-block-list\">\n<li>Sinulla on oikeus peruuttaa tilauksesi 14 p\u00e4iv\u00e4n kuluessa siit\u00e4, kun olet vastaanottanut sen.<\/li>\n\n\n\n<li>Palautusoikeus koskee k\u00e4ytt\u00e4m\u00e4tt\u00f6mi\u00e4 ja myyntikelpoisia tuotteita. Palautettavan tuotteen ja tuotepakkauksen tulee olla samassa kunnossa kuin sit\u00e4 vastaanotettaessa. Pakkauksissa ja tuotteissa olevat tuotemerkit ja laput tulee olla paikoillaan.<\/li>\n\n\n\n<li>Palautusoikeutta ei ole, jos olet ottanut tuotteen k\u00e4ytt\u00f6\u00f6n tai palauttanut tuotteen edell\u00e4 mainitun 14 p\u00e4iv\u00e4n m\u00e4\u00e4r\u00e4ajan j\u00e4lkeen.<\/li>\n\n\n\n<li>Tuotteesta maksamasi hinta palautetaan mahdollisimman nopeasti, mutta kuitenkin 10 vuorokauden sis\u00e4ll\u00e4 palautuksen saapumisesta.<\/li>\n\n\n\n<li>Huomioithan ett\u00e4 asiakaspalautusl\u00e4hetysten kulku postissa kest\u00e4\u00e4 normaalia postia pidemp\u00e4\u00e4n, joskus jopa yli viikon.<\/li>\n\n\n\n<li>Mik\u00e4li palautat osan tilatuista tuotteista ja alkuper\u00e4isen tilauksen loppusummaksi j\u00e4\u00e4 t\u00e4ll\u00f6in alle 100,00 \u20ac, ei oikeutta ilmaiseen toimitukseen en\u00e4\u00e4 ole. T\u00e4ss\u00e4 tapauksessa palautuksen loppusummasta v\u00e4hennet\u00e4\u00e4n toimituskulut 5,90 \u20ac.<\/li>\n\n\n\n<li>HUOM! Veloitamme kaikista l\u00e4hetetyist\u00e4 ja asiakkaan toimesta noutamatta j\u00e4tetyist\u00e4 ja takaisin palautuvista l\u00e4hetyksist\u00e4 aiheutuneista kuluista 20,00\u20ac. Summa v\u00e4hennet\u00e4\u00e4n palautuksen loppusummasta.<\/li>\n<\/ul>\n\n\n\n<div class=\"wp-block-buttons is-content-justification-center is-layout-flex wp-container-core-buttons-is-layout-16018d1d wp-block-buttons-is-layout-flex\">\n<div class=\"wp-block-button\"><a class=\"wp-block-button__link has-text-align-center wp-element-button\" href=\"https:\/\/shop.huppa.eu\/fi\/palautusehdot\/\">palautuslomake<\/a><\/div>\n<\/div>\n\n\n\n<h4 class=\"wp-block-heading\">Tuotteen palauttamiseksi, toimi seuraavasti:<\/h4>\n\n\n\n<ol class=\"wp-block-list\">\n<li>T\u00e4yt\u00e4 yll\u00e4 oleva palautuslomake. Kirjaathan yl\u00f6s kaikkien palautettavien tuotteiden tiedot ja paina lopuksi \u201el\u00e4het\u00e4\u201c, jotta vastaanotamme tiedon palautuksestasi.<\/li>\n\n\n\n<li>Pakkaa tuotteet niiden alkuper\u00e4ispakkauksiin huolellisesti, jotta ne eiv\u00e4t vaurioidu kuljetuksessa. Tuotteiden tulee olla k\u00e4ytt\u00e4m\u00e4tt\u00f6mi\u00e4 ja alkuper\u00e4iskunnossa, kaikki laput edelleen kiinnitettyin\u00e4.<\/li>\n\n\n\n<li>Voit tehd\u00e4 paketille palautuksen 14 vuorokauden sis\u00e4ll\u00e4 sen noudosta l\u00e4hetystunnuksellasi, jonka l\u00f6yd\u00e4t tilausvahvistuksestasi, joko:\n<ul class=\"wp-block-list\">\n<li>l\u00e4himm\u00e4ss\u00e4 Postin toimipisteess\u00e4 asiakaspalvelutiskill\u00e4 tai<\/li>\n\n\n\n<li>pakettiautomaatilla t\u00e4m\u00e4n linkin kautta: <a href=\"https:\/\/www.posti.fi\/fi\/henkiloille\/paketit-ja-seuranta\/palauta-paketti\">https:\/\/www.posti.fi\/fi\/henkiloille\/paketit-ja-seuranta\/palauta-paketti<\/a>. Sy\u00f6t\u00e4 vain sinun l\u00e4hetystunnuksesi, ja voit edet\u00e4 sitten tilaamaan palautuksen paketille valittuun automaattiin.<\/li>\n<\/ul>\n<\/li>\n\n\n\n<li>Palautettuasi paketin postin toimipisteelle tai pakettiautomaattiin, tuotteesi saapuu ker\u00e4yskeskukseemme noin seuraavan 5-7 arkip\u00e4iv\u00e4n aikana (voi my\u00f6s kest\u00e4\u00e4 pidemp\u00e4\u00e4n!).<\/li>\n<\/ol>\n\n\n\n<h6 class=\"wp-block-heading\">Palautuksen k\u00e4sittely:<\/h6>\n\n\n\n<ul class=\"wp-block-list\">\n<li>Vastaanotettuamme palautuksen, tarkistamme palautuslomakkeen sek\u00e4 tuotteen\/ tuotteet. Tavallisesti palautusprosessi kest\u00e4\u00e4 5-7 arkip\u00e4iv\u00e4\u00e4.<\/li>\n\n\n\n<li>Tuotteen palautusprosessi p\u00e4\u00e4ttyy, kun olet vastaanottanut hyvityksen tilauksen alkuper\u00e4isell\u00e4 maksutavalla.<\/li>\n<\/ul>\n\n\n\n<h6 class=\"wp-block-heading\">T\u00e4rke\u00e4\u00e4 tietoa:<\/h6>\n\n\n\n<ul class=\"wp-block-list\">\n<li>Palautuksia, jotka eiv\u00e4t t\u00e4yt\u00e4 kelpoisuusehtojamme, ei hyvitet\u00e4 tai ne voidaan palauttaa sinulle.<\/li>\n\n\n\n<li>Mik\u00e4li sinulla on kysymyksi\u00e4 tai tarvitset apua, ole yhteydess\u00e4 asiakaspalveluumme:\u00a0<a href=\"mailto:info@huppa.fi\">info@huppa.fi<\/a><\/li>\n<\/ul>\n\n\n\n<div style=\"height:100px\" aria-hidden=\"true\" class=\"wp-block-spacer\"><\/div>\n\n\n\n<p><\/p>\n","protected":false},"excerpt":{"rendered":"<p>PALAUTUSEHDOT JA PALAUTTAMINEN Tuotteen palauttamiseksi, toimi seuraavasti: Palautuksen k\u00e4sittely: T\u00e4rke\u00e4\u00e4 tietoa:<\/p>\n","protected":false},"author":1,"featured_media":0,"parent":0,"menu_order":0,"comment_status":"closed","ping_status":"closed","template":"","meta":{"_acf_changed":false,"footnotes":""},"class_list":["post-12","page","type-page","status-publish","hentry"],"acf":[],"yoast_head":"<!-- This site is optimized with the Yoast SEO plugin v26.8 - https:\/\/yoast.com\/product\/yoast-seo-wordpress\/ -->\n<title>Palautus ja vaihto<\/title>\n<meta name=\"description\" content=\"Tilauksen vastaanottamisen j\u00e4lkeen ostajalla on oikeus perua verkkokaupassa solmittu sopimus 14 p\u00e4iv\u00e4n kuluessa.\" \/>\n<meta name=\"robots\" content=\"index, follow, max-snippet:-1, max-image-preview:large, max-video-preview:-1\" \/>\n<link rel=\"canonical\" href=\"https:\/\/shop.huppa.eu\/fi\/palautus\/\" \/>\n<meta property=\"og:locale\" content=\"fi_FI\" \/>\n<meta property=\"og:type\" content=\"article\" \/>\n<meta property=\"og:title\" content=\"Palautus ja vaihto\" \/>\n<meta property=\"og:description\" content=\"Tilauksen vastaanottamisen j\u00e4lkeen ostajalla on oikeus perua verkkokaupassa solmittu sopimus 14 p\u00e4iv\u00e4n kuluessa.\" \/>\n<meta property=\"og:url\" content=\"https:\/\/shop.huppa.eu\/fi\/palautus\/\" \/>\n<meta property=\"og:site_name\" content=\"Huppa FI\" \/>\n<meta property=\"article:modified_time\" content=\"2025-01-31T09:40:45+00:00\" \/>\n<meta property=\"og:image\" content=\"https:\/\/shop.huppa.eu\/wp-content\/uploads\/2022\/01\/MicrosoftTeams-image-6.jpg\" \/>\n<meta name=\"twitter:card\" content=\"summary_large_image\" \/>\n<meta name=\"twitter:label1\" content=\"Arvioitu lukuaika\" \/>\n\t<meta name=\"twitter:data1\" content=\"2 minuuttia\" \/>\n<script type=\"application\/ld+json\" class=\"yoast-schema-graph\">{\"@context\":\"https:\/\/schema.org\",\"@graph\":[{\"@type\":\"WebPage\",\"@id\":\"https:\/\/shop.huppa.eu\/fi\/palautus\/\",\"url\":\"https:\/\/shop.huppa.eu\/fi\/palautus\/\",\"name\":\"Palautus ja vaihto\",\"isPartOf\":{\"@id\":\"https:\/\/shop.huppa.eu\/fi\/#website\"},\"primaryImageOfPage\":{\"@id\":\"https:\/\/shop.huppa.eu\/fi\/palautus\/#primaryimage\"},\"image\":{\"@id\":\"https:\/\/shop.huppa.eu\/fi\/palautus\/#primaryimage\"},\"thumbnailUrl\":\"https:\/\/shop.huppa.eu\/wp-content\/uploads\/2022\/01\/MicrosoftTeams-image-6.jpg\",\"datePublished\":\"2022-03-08T07:55:35+00:00\",\"dateModified\":\"2025-01-31T09:40:45+00:00\",\"description\":\"Tilauksen vastaanottamisen j\u00e4lkeen ostajalla on oikeus perua verkkokaupassa solmittu sopimus 14 p\u00e4iv\u00e4n kuluessa.\",\"inLanguage\":\"fi\",\"potentialAction\":[{\"@type\":\"ReadAction\",\"target\":[\"https:\/\/shop.huppa.eu\/fi\/palautus\/\"]}]},{\"@type\":\"ImageObject\",\"inLanguage\":\"fi\",\"@id\":\"https:\/\/shop.huppa.eu\/fi\/palautus\/#primaryimage\",\"url\":\"https:\/\/shop.huppa.eu\/wp-content\/uploads\/2022\/01\/MicrosoftTeams-image-6.jpg\",\"contentUrl\":\"https:\/\/shop.huppa.eu\/wp-content\/uploads\/2022\/01\/MicrosoftTeams-image-6.jpg\"},{\"@type\":\"WebSite\",\"@id\":\"https:\/\/shop.huppa.eu\/fi\/#website\",\"url\":\"https:\/\/shop.huppa.eu\/fi\/\",\"name\":\"Huppa FI\",\"description\":\"Huppa FI\",\"potentialAction\":[{\"@type\":\"SearchAction\",\"target\":{\"@type\":\"EntryPoint\",\"urlTemplate\":\"https:\/\/shop.huppa.eu\/fi\/?s={search_term_string}\"},\"query-input\":{\"@type\":\"PropertyValueSpecification\",\"valueRequired\":true,\"valueName\":\"search_term_string\"}}],\"inLanguage\":\"fi\"}]}<\/script>\n<!-- \/ Yoast SEO plugin. -->","yoast_head_json":{"title":"Palautus ja vaihto","description":"Tilauksen vastaanottamisen j\u00e4lkeen ostajalla on oikeus perua verkkokaupassa solmittu sopimus 14 p\u00e4iv\u00e4n kuluessa.","robots":{"index":"index","follow":"follow","max-snippet":"max-snippet:-1","max-image-preview":"max-image-preview:large","max-video-preview":"max-video-preview:-1"},"canonical":"https:\/\/shop.huppa.eu\/fi\/palautus\/","og_locale":"fi_FI","og_type":"article","og_title":"Palautus ja vaihto","og_description":"Tilauksen vastaanottamisen j\u00e4lkeen ostajalla on oikeus perua verkkokaupassa solmittu sopimus 14 p\u00e4iv\u00e4n kuluessa.","og_url":"https:\/\/shop.huppa.eu\/fi\/palautus\/","og_site_name":"Huppa FI","article_modified_time":"2025-01-31T09:40:45+00:00","og_image":[{"url":"https:\/\/shop.huppa.eu\/wp-content\/uploads\/2022\/01\/MicrosoftTeams-image-6.jpg","type":"","width":"","height":""}],"twitter_card":"summary_large_image","twitter_misc":{"Arvioitu lukuaika":"2 minuuttia"},"schema":{"@context":"https:\/\/schema.org","@graph":[{"@type":"WebPage","@id":"https:\/\/shop.huppa.eu\/fi\/palautus\/","url":"https:\/\/shop.huppa.eu\/fi\/palautus\/","name":"Palautus ja vaihto","isPartOf":{"@id":"https:\/\/shop.huppa.eu\/fi\/#website"},"primaryImageOfPage":{"@id":"https:\/\/shop.huppa.eu\/fi\/palautus\/#primaryimage"},"image":{"@id":"https:\/\/shop.huppa.eu\/fi\/palautus\/#primaryimage"},"thumbnailUrl":"https:\/\/shop.huppa.eu\/wp-content\/uploads\/2022\/01\/MicrosoftTeams-image-6.jpg","datePublished":"2022-03-08T07:55:35+00:00","dateModified":"2025-01-31T09:40:45+00:00","description":"Tilauksen vastaanottamisen j\u00e4lkeen ostajalla on oikeus perua verkkokaupassa solmittu sopimus 14 p\u00e4iv\u00e4n kuluessa.","inLanguage":"fi","potentialAction":[{"@type":"ReadAction","target":["https:\/\/shop.huppa.eu\/fi\/palautus\/"]}]},{"@type":"ImageObject","inLanguage":"fi","@id":"https:\/\/shop.huppa.eu\/fi\/palautus\/#primaryimage","url":"https:\/\/shop.huppa.eu\/wp-content\/uploads\/2022\/01\/MicrosoftTeams-image-6.jpg","contentUrl":"https:\/\/shop.huppa.eu\/wp-content\/uploads\/2022\/01\/MicrosoftTeams-image-6.jpg"},{"@type":"WebSite","@id":"https:\/\/shop.huppa.eu\/fi\/#website","url":"https:\/\/shop.huppa.eu\/fi\/","name":"Huppa FI","description":"Huppa FI","potentialAction":[{"@type":"SearchAction","target":{"@type":"EntryPoint","urlTemplate":"https:\/\/shop.huppa.eu\/fi\/?s={search_term_string}"},"query-input":{"@type":"PropertyValueSpecification","valueRequired":true,"valueName":"search_term_string"}}],"inLanguage":"fi"}]}},"_links":{"self":[{"href":"https:\/\/shop.huppa.eu\/fi\/wp-json\/wp\/v2\/pages\/12","targetHints":{"allow":["GET"]}}],"collection":[{"href":"https:\/\/shop.huppa.eu\/fi\/wp-json\/wp\/v2\/pages"}],"about":[{"href":"https:\/\/shop.huppa.eu\/fi\/wp-json\/wp\/v2\/types\/page"}],"author":[{"embeddable":true,"href":"https:\/\/shop.huppa.eu\/fi\/wp-json\/wp\/v2\/users\/1"}],"replies":[{"embeddable":true,"href":"https:\/\/shop.huppa.eu\/fi\/wp-json\/wp\/v2\/comments?post=12"}],"version-history":[{"count":9,"href":"https:\/\/shop.huppa.eu\/fi\/wp-json\/wp\/v2\/pages\/12\/revisions"}],"predecessor-version":[{"id":556856,"href":"https:\/\/shop.huppa.eu\/fi\/wp-json\/wp\/v2\/pages\/12\/revisions\/556856"}],"wp:attachment":[{"href":"https:\/\/shop.huppa.eu\/fi\/wp-json\/wp\/v2\/media?parent=12"}],"curies":[{"name":"wp","href":"https:\/\/api.w.org\/{rel}","templated":true}]}}