{"id":348,"date":"2022-02-09T15:37:05","date_gmt":"2022-02-09T15:37:05","guid":{"rendered":"https:\/\/shop.huppa.eu\/fi\/?page_id=348"},"modified":"2024-11-22T12:00:08","modified_gmt":"2024-11-22T10:00:08","slug":"yhteistyokumppanit","status":"publish","type":"page","link":"https:\/\/shop.huppa.eu\/fi\/yhteistyokumppanit\/","title":{"rendered":"Yhteisty\u00f6kumppanit"},"content":{"rendered":"\n<h1 class=\"wp-block-heading\" id=\"poed-ja-edasimuujad\">Huppa Yhteisty\u00f6kumppanit<\/h1>\n\n\n\n<h2 class=\"wp-block-heading has-text-align-center has-white-background-color has-background has-medium-font-size\" id=\"tallinn\" style=\"font-style:normal;font-weight:700;text-transform:uppercase\">verkkokauppa<\/h2>\n\n\n\n<div class=\"wp-block-columns is-layout-flex wp-container-core-columns-is-layout-9d6595d7 wp-block-columns-is-layout-flex\">\n<div class=\"wp-block-column is-layout-flow wp-block-column-is-layout-flow\">\n<div class=\"wp-block-group is-vertical is-layout-flex wp-container-core-group-is-layout-8cf370e7 wp-block-group-is-layout-flex\">\n<figure class=\"wp-block-image size-large\"><a href=\"https:\/\/hobbyhall.fi\/fi\/search?q=huppa\" target=\"_blank\" rel=\"noreferrer noopener\"><img loading=\"lazy\" decoding=\"async\" width=\"1024\" height=\"576\" src=\"https:\/\/huppashop-prod.s3.eu-north-1.amazonaws.com\/wp-content\/uploads\/sites\/2\/2023\/12\/28161131\/HobbyHall-1-1024x576.jpg\" alt=\"\" class=\"wp-image-538878\" srcset=\"https:\/\/huppashop-prod.s3.eu-north-1.amazonaws.com\/wp-content\/uploads\/sites\/2\/2023\/12\/28161131\/HobbyHall-1-1024x576.jpg 1024w, https:\/\/huppashop-prod.s3.eu-north-1.amazonaws.com\/wp-content\/uploads\/sites\/2\/2023\/12\/28161131\/HobbyHall-1-300x169.jpg 300w, https:\/\/huppashop-prod.s3.eu-north-1.amazonaws.com\/wp-content\/uploads\/sites\/2\/2023\/12\/28161131\/HobbyHall-1-768x432.jpg 768w, https:\/\/huppashop-prod.s3.eu-north-1.amazonaws.com\/wp-content\/uploads\/sites\/2\/2023\/12\/28161131\/HobbyHall-1-1536x864.jpg 1536w, https:\/\/huppashop-prod.s3.eu-north-1.amazonaws.com\/wp-content\/uploads\/sites\/2\/2023\/12\/28161131\/HobbyHall-1-560x315.jpg 560w, https:\/\/huppashop-prod.s3.eu-north-1.amazonaws.com\/wp-content\/uploads\/sites\/2\/2023\/12\/28161131\/HobbyHall-1-1680x945.jpg 1680w, https:\/\/huppashop-prod.s3.eu-north-1.amazonaws.com\/wp-content\/uploads\/sites\/2\/2023\/12\/28161131\/HobbyHall-1-700x394.jpg 700w, https:\/\/huppashop-prod.s3.eu-north-1.amazonaws.com\/wp-content\/uploads\/sites\/2\/2023\/12\/28161131\/HobbyHall-1-766x431.jpg 766w, https:\/\/huppashop-prod.s3.eu-north-1.amazonaws.com\/wp-content\/uploads\/sites\/2\/2023\/12\/28161131\/HobbyHall-1-450x253.jpg 450w, https:\/\/huppashop-prod.s3.eu-north-1.amazonaws.com\/wp-content\/uploads\/sites\/2\/2023\/12\/28161131\/HobbyHall-1-420x236.jpg 420w, https:\/\/huppashop-prod.s3.eu-north-1.amazonaws.com\/wp-content\/uploads\/sites\/2\/2023\/12\/28161131\/HobbyHall-1-100x56.jpg 100w, https:\/\/huppashop-prod.s3.eu-north-1.amazonaws.com\/wp-content\/uploads\/sites\/2\/2023\/12\/28161131\/HobbyHall-1-632x356.jpg 632w, https:\/\/huppashop-prod.s3.eu-north-1.amazonaws.com\/wp-content\/uploads\/sites\/2\/2023\/12\/28161131\/HobbyHall-1-600x338.jpg 600w, https:\/\/huppashop-prod.s3.eu-north-1.amazonaws.com\/wp-content\/uploads\/sites\/2\/2023\/12\/28161131\/HobbyHall-1-178x100.jpg 178w, https:\/\/huppashop-prod.s3.eu-north-1.amazonaws.com\/wp-content\/uploads\/sites\/2\/2023\/12\/28161131\/HobbyHall-1.jpg 1920w\" sizes=\"auto, (max-width: 1024px) 100vw, 1024px\" \/><\/a><\/figure>\n\n\n\n<p class=\"has-text-align-center\" id=\"huppa-mustika-kauplus\"><strong>Hobby Hall<\/strong><\/p>\n\n\n\n<p class=\"has-text-align-center\"><a href=\"https:\/\/hobbyhall.fi\/fi\/search?q=huppa\" target=\"_blank\" rel=\"noreferrer noopener\">https:\/\/hobbyhall.fi\/fi\/<\/a><\/p>\n<\/div>\n\n\n\n<figure class=\"wp-block-image size-large\"><a href=\"https:\/\/www.stadium.fi\/search?SearchTerm=huppa\"><img loading=\"lazy\" decoding=\"async\" width=\"1024\" height=\"587\" src=\"https:\/\/huppashop-prod.s3.eu-north-1.amazonaws.com\/wp-content\/uploads\/sites\/2\/2024\/11\/22115727\/stadium-logo-transparant-1024x587.png\" alt=\"\" class=\"wp-image-554919\" srcset=\"https:\/\/huppashop-prod.s3.eu-north-1.amazonaws.com\/wp-content\/uploads\/sites\/2\/2024\/11\/22115727\/stadium-logo-transparant-1024x587.png 1024w, https:\/\/huppashop-prod.s3.eu-north-1.amazonaws.com\/wp-content\/uploads\/sites\/2\/2024\/11\/22115727\/stadium-logo-transparant-300x172.png 300w, https:\/\/huppashop-prod.s3.eu-north-1.amazonaws.com\/wp-content\/uploads\/sites\/2\/2024\/11\/22115727\/stadium-logo-transparant-768x440.png 768w, https:\/\/huppashop-prod.s3.eu-north-1.amazonaws.com\/wp-content\/uploads\/sites\/2\/2024\/11\/22115727\/stadium-logo-transparant-1536x881.png 1536w, https:\/\/huppashop-prod.s3.eu-north-1.amazonaws.com\/wp-content\/uploads\/sites\/2\/2024\/11\/22115727\/stadium-logo-transparant-560x321.png 560w, https:\/\/huppashop-prod.s3.eu-north-1.amazonaws.com\/wp-content\/uploads\/sites\/2\/2024\/11\/22115727\/stadium-logo-transparant-1680x963.png 1680w, https:\/\/huppashop-prod.s3.eu-north-1.amazonaws.com\/wp-content\/uploads\/sites\/2\/2024\/11\/22115727\/stadium-logo-transparant-700x401.png 700w, https:\/\/huppashop-prod.s3.eu-north-1.amazonaws.com\/wp-content\/uploads\/sites\/2\/2024\/11\/22115727\/stadium-logo-transparant-766x439.png 766w, https:\/\/huppashop-prod.s3.eu-north-1.amazonaws.com\/wp-content\/uploads\/sites\/2\/2024\/11\/22115727\/stadium-logo-transparant-450x258.png 450w, https:\/\/huppashop-prod.s3.eu-north-1.amazonaws.com\/wp-content\/uploads\/sites\/2\/2024\/11\/22115727\/stadium-logo-transparant-420x241.png 420w, https:\/\/huppashop-prod.s3.eu-north-1.amazonaws.com\/wp-content\/uploads\/sites\/2\/2024\/11\/22115727\/stadium-logo-transparant-100x57.png 100w, https:\/\/huppashop-prod.s3.eu-north-1.amazonaws.com\/wp-content\/uploads\/sites\/2\/2024\/11\/22115727\/stadium-logo-transparant-632x362.png 632w, https:\/\/huppashop-prod.s3.eu-north-1.amazonaws.com\/wp-content\/uploads\/sites\/2\/2024\/11\/22115727\/stadium-logo-transparant-600x344.png 600w, https:\/\/huppashop-prod.s3.eu-north-1.amazonaws.com\/wp-content\/uploads\/sites\/2\/2024\/11\/22115727\/stadium-logo-transparant-178x102.png 178w, https:\/\/huppashop-prod.s3.eu-north-1.amazonaws.com\/wp-content\/uploads\/sites\/2\/2024\/11\/22115727\/stadium-logo-transparant.png 1920w\" sizes=\"auto, (max-width: 1024px) 100vw, 1024px\" \/><\/a><\/figure>\n\n\n\n<p><strong>Stadium<\/strong><\/p>\n\n\n\n<p><a href=\"https:\/\/www.stadium.fi\">https:\/\/www.stadium.fi<\/a><\/p>\n<\/div>\n\n\n\n<div class=\"wp-block-column is-layout-flow wp-block-column-is-layout-flow\">\n<div class=\"wp-block-group is-vertical is-layout-flex wp-container-core-group-is-layout-8cf370e7 wp-block-group-is-layout-flex\">\n<figure class=\"wp-block-image size-large\"><a href=\"https:\/\/www.karkkainen.com\/verkkokauppa\/haku\/huppa?term=huppa\" target=\"_blank\" rel=\"noreferrer noopener\"><img loading=\"lazy\" decoding=\"async\" width=\"1024\" height=\"576\" src=\"https:\/\/huppashop-prod.s3.eu-north-1.amazonaws.com\/wp-content\/uploads\/sites\/2\/2023\/12\/28161137\/Karkkainen-1024x576.jpg\" alt=\"\" class=\"wp-image-538879\" srcset=\"https:\/\/huppashop-prod.s3.eu-north-1.amazonaws.com\/wp-content\/uploads\/sites\/2\/2023\/12\/28161137\/Karkkainen-1024x576.jpg 1024w, https:\/\/huppashop-prod.s3.eu-north-1.amazonaws.com\/wp-content\/uploads\/sites\/2\/2023\/12\/28161137\/Karkkainen-300x169.jpg 300w, https:\/\/huppashop-prod.s3.eu-north-1.amazonaws.com\/wp-content\/uploads\/sites\/2\/2023\/12\/28161137\/Karkkainen-768x432.jpg 768w, https:\/\/huppashop-prod.s3.eu-north-1.amazonaws.com\/wp-content\/uploads\/sites\/2\/2023\/12\/28161137\/Karkkainen-1536x864.jpg 1536w, https:\/\/huppashop-prod.s3.eu-north-1.amazonaws.com\/wp-content\/uploads\/sites\/2\/2023\/12\/28161137\/Karkkainen-560x315.jpg 560w, https:\/\/huppashop-prod.s3.eu-north-1.amazonaws.com\/wp-content\/uploads\/sites\/2\/2023\/12\/28161137\/Karkkainen-1680x945.jpg 1680w, https:\/\/huppashop-prod.s3.eu-north-1.amazonaws.com\/wp-content\/uploads\/sites\/2\/2023\/12\/28161137\/Karkkainen-700x394.jpg 700w, https:\/\/huppashop-prod.s3.eu-north-1.amazonaws.com\/wp-content\/uploads\/sites\/2\/2023\/12\/28161137\/Karkkainen-766x431.jpg 766w, https:\/\/huppashop-prod.s3.eu-north-1.amazonaws.com\/wp-content\/uploads\/sites\/2\/2023\/12\/28161137\/Karkkainen-450x253.jpg 450w, https:\/\/huppashop-prod.s3.eu-north-1.amazonaws.com\/wp-content\/uploads\/sites\/2\/2023\/12\/28161137\/Karkkainen-420x236.jpg 420w, https:\/\/huppashop-prod.s3.eu-north-1.amazonaws.com\/wp-content\/uploads\/sites\/2\/2023\/12\/28161137\/Karkkainen-100x56.jpg 100w, https:\/\/huppashop-prod.s3.eu-north-1.amazonaws.com\/wp-content\/uploads\/sites\/2\/2023\/12\/28161137\/Karkkainen-632x356.jpg 632w, https:\/\/huppashop-prod.s3.eu-north-1.amazonaws.com\/wp-content\/uploads\/sites\/2\/2023\/12\/28161137\/Karkkainen-600x338.jpg 600w, https:\/\/huppashop-prod.s3.eu-north-1.amazonaws.com\/wp-content\/uploads\/sites\/2\/2023\/12\/28161137\/Karkkainen-178x100.jpg 178w, https:\/\/huppashop-prod.s3.eu-north-1.amazonaws.com\/wp-content\/uploads\/sites\/2\/2023\/12\/28161137\/Karkkainen.jpg 1920w\" sizes=\"auto, (max-width: 1024px) 100vw, 1024px\" \/><\/a><\/figure>\n\n\n\n<p class=\"has-text-align-center\" id=\"huppa-mustakivi-kauplus\"><strong>K\u00e4rkk\u00e4inen<\/strong><\/p>\n\n\n\n<p class=\"has-text-align-left\"><a href=\"https:\/\/www.karkkainen.com\/verkkokauppa\/haku\/huppa?term=huppa\" target=\"_blank\" rel=\"noreferrer noopener\">https:\/\/www.karkkainen.com\/verkkokauppa\/<\/a><br><\/p>\n<\/div>\n<\/div>\n\n\n\n<div class=\"wp-block-column is-layout-flow wp-block-column-is-layout-flow\">\n<div class=\"wp-block-group is-vertical is-layout-flex wp-container-core-group-is-layout-8cf370e7 wp-block-group-is-layout-flex\">\n<figure class=\"wp-block-image size-large\"><a href=\"https:\/\/www.zalando.fi\/huppa\/\" target=\"_blank\" rel=\"noreferrer noopener\"><img loading=\"lazy\" decoding=\"async\" width=\"1024\" height=\"576\" src=\"https:\/\/huppashop-prod.s3.eu-north-1.amazonaws.com\/wp-content\/uploads\/sites\/2\/2023\/12\/28161210\/Zalando-1024x576.jpg\" alt=\"\" class=\"wp-image-538880\" srcset=\"https:\/\/huppashop-prod.s3.eu-north-1.amazonaws.com\/wp-content\/uploads\/sites\/2\/2023\/12\/28161210\/Zalando-1024x576.jpg 1024w, https:\/\/huppashop-prod.s3.eu-north-1.amazonaws.com\/wp-content\/uploads\/sites\/2\/2023\/12\/28161210\/Zalando-300x169.jpg 300w, https:\/\/huppashop-prod.s3.eu-north-1.amazonaws.com\/wp-content\/uploads\/sites\/2\/2023\/12\/28161210\/Zalando-768x432.jpg 768w, https:\/\/huppashop-prod.s3.eu-north-1.amazonaws.com\/wp-content\/uploads\/sites\/2\/2023\/12\/28161210\/Zalando-1536x864.jpg 1536w, https:\/\/huppashop-prod.s3.eu-north-1.amazonaws.com\/wp-content\/uploads\/sites\/2\/2023\/12\/28161210\/Zalando-560x315.jpg 560w, https:\/\/huppashop-prod.s3.eu-north-1.amazonaws.com\/wp-content\/uploads\/sites\/2\/2023\/12\/28161210\/Zalando-1680x945.jpg 1680w, https:\/\/huppashop-prod.s3.eu-north-1.amazonaws.com\/wp-content\/uploads\/sites\/2\/2023\/12\/28161210\/Zalando-700x394.jpg 700w, https:\/\/huppashop-prod.s3.eu-north-1.amazonaws.com\/wp-content\/uploads\/sites\/2\/2023\/12\/28161210\/Zalando-766x431.jpg 766w, https:\/\/huppashop-prod.s3.eu-north-1.amazonaws.com\/wp-content\/uploads\/sites\/2\/2023\/12\/28161210\/Zalando-450x253.jpg 450w, https:\/\/huppashop-prod.s3.eu-north-1.amazonaws.com\/wp-content\/uploads\/sites\/2\/2023\/12\/28161210\/Zalando-420x236.jpg 420w, https:\/\/huppashop-prod.s3.eu-north-1.amazonaws.com\/wp-content\/uploads\/sites\/2\/2023\/12\/28161210\/Zalando-100x56.jpg 100w, https:\/\/huppashop-prod.s3.eu-north-1.amazonaws.com\/wp-content\/uploads\/sites\/2\/2023\/12\/28161210\/Zalando-632x356.jpg 632w, https:\/\/huppashop-prod.s3.eu-north-1.amazonaws.com\/wp-content\/uploads\/sites\/2\/2023\/12\/28161210\/Zalando-600x338.jpg 600w, https:\/\/huppashop-prod.s3.eu-north-1.amazonaws.com\/wp-content\/uploads\/sites\/2\/2023\/12\/28161210\/Zalando-178x100.jpg 178w, https:\/\/huppashop-prod.s3.eu-north-1.amazonaws.com\/wp-content\/uploads\/sites\/2\/2023\/12\/28161210\/Zalando.jpg 1920w\" sizes=\"auto, (max-width: 1024px) 100vw, 1024px\" \/><\/a><\/figure>\n\n\n\n<p><strong>Zalando<\/strong><\/p>\n\n\n\n<p><a href=\"https:\/\/www.zalando.fi\/huppa\/\" target=\"_blank\" rel=\"noreferrer noopener\">https:\/\/www.zalando.fi\/<\/a><\/p>\n<\/div>\n<\/div>\n\n\n\n<div class=\"wp-block-column is-layout-flow wp-block-column-is-layout-flow\">\n<div class=\"wp-block-group is-vertical is-layout-flex wp-container-core-group-is-layout-8cf370e7 wp-block-group-is-layout-flex\">\n<figure class=\"wp-block-image size-large\"><a href=\"https:\/\/shop.huppa.eu\/fi\/\" target=\"_blank\" rel=\"noreferrer noopener\"><img loading=\"lazy\" decoding=\"async\" width=\"1024\" height=\"576\" src=\"https:\/\/huppashop-prod.s3.eu-north-1.amazonaws.com\/wp-content\/uploads\/sites\/2\/2023\/12\/28161215\/Huppa-1024x576.jpg\" alt=\"\" class=\"wp-image-538881\" srcset=\"https:\/\/huppashop-prod.s3.eu-north-1.amazonaws.com\/wp-content\/uploads\/sites\/2\/2023\/12\/28161215\/Huppa-1024x576.jpg 1024w, https:\/\/huppashop-prod.s3.eu-north-1.amazonaws.com\/wp-content\/uploads\/sites\/2\/2023\/12\/28161215\/Huppa-300x169.jpg 300w, https:\/\/huppashop-prod.s3.eu-north-1.amazonaws.com\/wp-content\/uploads\/sites\/2\/2023\/12\/28161215\/Huppa-768x432.jpg 768w, https:\/\/huppashop-prod.s3.eu-north-1.amazonaws.com\/wp-content\/uploads\/sites\/2\/2023\/12\/28161215\/Huppa-1536x864.jpg 1536w, https:\/\/huppashop-prod.s3.eu-north-1.amazonaws.com\/wp-content\/uploads\/sites\/2\/2023\/12\/28161215\/Huppa-560x315.jpg 560w, https:\/\/huppashop-prod.s3.eu-north-1.amazonaws.com\/wp-content\/uploads\/sites\/2\/2023\/12\/28161215\/Huppa-1680x945.jpg 1680w, https:\/\/huppashop-prod.s3.eu-north-1.amazonaws.com\/wp-content\/uploads\/sites\/2\/2023\/12\/28161215\/Huppa-700x394.jpg 700w, https:\/\/huppashop-prod.s3.eu-north-1.amazonaws.com\/wp-content\/uploads\/sites\/2\/2023\/12\/28161215\/Huppa-766x431.jpg 766w, https:\/\/huppashop-prod.s3.eu-north-1.amazonaws.com\/wp-content\/uploads\/sites\/2\/2023\/12\/28161215\/Huppa-450x253.jpg 450w, https:\/\/huppashop-prod.s3.eu-north-1.amazonaws.com\/wp-content\/uploads\/sites\/2\/2023\/12\/28161215\/Huppa-420x236.jpg 420w, https:\/\/huppashop-prod.s3.eu-north-1.amazonaws.com\/wp-content\/uploads\/sites\/2\/2023\/12\/28161215\/Huppa-100x56.jpg 100w, https:\/\/huppashop-prod.s3.eu-north-1.amazonaws.com\/wp-content\/uploads\/sites\/2\/2023\/12\/28161215\/Huppa-632x356.jpg 632w, https:\/\/huppashop-prod.s3.eu-north-1.amazonaws.com\/wp-content\/uploads\/sites\/2\/2023\/12\/28161215\/Huppa-600x338.jpg 600w, https:\/\/huppashop-prod.s3.eu-north-1.amazonaws.com\/wp-content\/uploads\/sites\/2\/2023\/12\/28161215\/Huppa-178x100.jpg 178w, https:\/\/huppashop-prod.s3.eu-north-1.amazonaws.com\/wp-content\/uploads\/sites\/2\/2023\/12\/28161215\/Huppa.jpg 1920w\" sizes=\"auto, (max-width: 1024px) 100vw, 1024px\" \/><\/a><\/figure>\n\n\n\n<p id=\"amadeo\"><strong>HUPPA OY<\/strong><\/p>\n\n\n\n<p><a href=\"https:\/\/shop.huppa.eu\/fi\/\" target=\"_blank\" rel=\"noreferrer noopener\">https:\/\/shop.huppa.eu\/fi\/<\/a><br><\/p>\n<\/div>\n<\/div>\n<\/div>\n\n\n\n<div style=\"height:100px\" aria-hidden=\"true\" class=\"wp-block-spacer\"><\/div>\n","protected":false},"excerpt":{"rendered":"<p>Huppa Yhteisty\u00f6kumppanit verkkokauppa Hobby Hall https:\/\/hobbyhall.fi\/fi\/ Stadium https:\/\/www.stadium.fi K\u00e4rkk\u00e4inen https:\/\/www.karkkainen.com\/verkkokauppa\/ Zalando https:\/\/www.zalando.fi\/ HUPPA OY https:\/\/shop.huppa.eu\/fi\/<\/p>\n","protected":false},"author":2,"featured_media":0,"parent":0,"menu_order":0,"comment_status":"closed","ping_status":"closed","template":"","meta":{"_acf_changed":false,"footnotes":""},"class_list":["post-348","page","type-page","status-publish","hentry"],"acf":[],"yoast_head":"<!-- This site is optimized with the Yoast SEO plugin v26.8 - https:\/\/yoast.com\/product\/yoast-seo-wordpress\/ -->\n<title>Huppa-j\u00e4lleenmyyj\u00e4t Suomessa<\/title>\n<meta name=\"description\" content=\"Tutustu Huppan p\u00e4\u00e4llysvaatteisiin naisille, miehille ja lapsille. Tutustu j\u00e4lleenmyyjiimme ja l\u00f6yd\u00e4 l\u00e4hin myym\u00e4l\u00e4 tai osta k\u00e4tev\u00e4sti verkkokaupasta.\" \/>\n<meta name=\"robots\" content=\"index, follow, max-snippet:-1, max-image-preview:large, max-video-preview:-1\" \/>\n<link rel=\"canonical\" href=\"https:\/\/shop.huppa.eu\/fi\/yhteistyokumppanit\/\" \/>\n<meta property=\"og:locale\" content=\"fi_FI\" \/>\n<meta property=\"og:type\" content=\"article\" \/>\n<meta property=\"og:title\" content=\"Huppa-j\u00e4lleenmyyj\u00e4t Suomessa\" \/>\n<meta property=\"og:description\" content=\"Tutustu Huppan p\u00e4\u00e4llysvaatteisiin naisille, miehille ja lapsille. Tutustu j\u00e4lleenmyyjiimme ja l\u00f6yd\u00e4 l\u00e4hin myym\u00e4l\u00e4 tai osta k\u00e4tev\u00e4sti verkkokaupasta.\" \/>\n<meta property=\"og:url\" content=\"https:\/\/shop.huppa.eu\/fi\/yhteistyokumppanit\/\" \/>\n<meta property=\"og:site_name\" content=\"Huppa FI\" \/>\n<meta property=\"article:modified_time\" content=\"2024-11-22T10:00:08+00:00\" \/>\n<meta property=\"og:image\" content=\"https:\/\/shop.huppa.eu\/fi\/wp-content\/uploads\/sites\/2\/2023\/12\/HobbyHall-1-1024x576.jpg\" \/>\n<meta name=\"twitter:card\" content=\"summary_large_image\" \/>\n<meta name=\"twitter:label1\" content=\"Arvioitu lukuaika\" \/>\n\t<meta name=\"twitter:data1\" content=\"2 minuuttia\" \/>\n<script type=\"application\/ld+json\" class=\"yoast-schema-graph\">{\"@context\":\"https:\/\/schema.org\",\"@graph\":[{\"@type\":\"WebPage\",\"@id\":\"https:\/\/shop.huppa.eu\/fi\/yhteistyokumppanit\/\",\"url\":\"https:\/\/shop.huppa.eu\/fi\/yhteistyokumppanit\/\",\"name\":\"Huppa-j\u00e4lleenmyyj\u00e4t Suomessa\",\"isPartOf\":{\"@id\":\"https:\/\/shop.huppa.eu\/fi\/#website\"},\"primaryImageOfPage\":{\"@id\":\"https:\/\/shop.huppa.eu\/fi\/yhteistyokumppanit\/#primaryimage\"},\"image\":{\"@id\":\"https:\/\/shop.huppa.eu\/fi\/yhteistyokumppanit\/#primaryimage\"},\"thumbnailUrl\":\"https:\/\/shop.huppa.eu\/fi\/wp-content\/uploads\/sites\/2\/2023\/12\/HobbyHall-1-1024x576.jpg\",\"datePublished\":\"2022-02-09T15:37:05+00:00\",\"dateModified\":\"2024-11-22T10:00:08+00:00\",\"description\":\"Tutustu Huppan p\u00e4\u00e4llysvaatteisiin naisille, miehille ja lapsille. Tutustu j\u00e4lleenmyyjiimme ja l\u00f6yd\u00e4 l\u00e4hin myym\u00e4l\u00e4 tai osta k\u00e4tev\u00e4sti verkkokaupasta.\",\"inLanguage\":\"fi\",\"potentialAction\":[{\"@type\":\"ReadAction\",\"target\":[\"https:\/\/shop.huppa.eu\/fi\/yhteistyokumppanit\/\"]}]},{\"@type\":\"ImageObject\",\"inLanguage\":\"fi\",\"@id\":\"https:\/\/shop.huppa.eu\/fi\/yhteistyokumppanit\/#primaryimage\",\"url\":\"https:\/\/huppashop-prod.s3.eu-north-1.amazonaws.com\/wp-content\/uploads\/sites\/2\/2023\/12\/28161131\/HobbyHall-1.jpg\",\"contentUrl\":\"https:\/\/huppashop-prod.s3.eu-north-1.amazonaws.com\/wp-content\/uploads\/sites\/2\/2023\/12\/28161131\/HobbyHall-1.jpg\",\"width\":1920,\"height\":1080},{\"@type\":\"WebSite\",\"@id\":\"https:\/\/shop.huppa.eu\/fi\/#website\",\"url\":\"https:\/\/shop.huppa.eu\/fi\/\",\"name\":\"Huppa FI\",\"description\":\"Huppa FI\",\"potentialAction\":[{\"@type\":\"SearchAction\",\"target\":{\"@type\":\"EntryPoint\",\"urlTemplate\":\"https:\/\/shop.huppa.eu\/fi\/?s={search_term_string}\"},\"query-input\":{\"@type\":\"PropertyValueSpecification\",\"valueRequired\":true,\"valueName\":\"search_term_string\"}}],\"inLanguage\":\"fi\"}]}<\/script>\n<!-- \/ Yoast SEO plugin. -->","yoast_head_json":{"title":"Huppa-j\u00e4lleenmyyj\u00e4t Suomessa","description":"Tutustu Huppan p\u00e4\u00e4llysvaatteisiin naisille, miehille ja lapsille. Tutustu j\u00e4lleenmyyjiimme ja l\u00f6yd\u00e4 l\u00e4hin myym\u00e4l\u00e4 tai osta k\u00e4tev\u00e4sti verkkokaupasta.","robots":{"index":"index","follow":"follow","max-snippet":"max-snippet:-1","max-image-preview":"max-image-preview:large","max-video-preview":"max-video-preview:-1"},"canonical":"https:\/\/shop.huppa.eu\/fi\/yhteistyokumppanit\/","og_locale":"fi_FI","og_type":"article","og_title":"Huppa-j\u00e4lleenmyyj\u00e4t Suomessa","og_description":"Tutustu Huppan p\u00e4\u00e4llysvaatteisiin naisille, miehille ja lapsille. Tutustu j\u00e4lleenmyyjiimme ja l\u00f6yd\u00e4 l\u00e4hin myym\u00e4l\u00e4 tai osta k\u00e4tev\u00e4sti verkkokaupasta.","og_url":"https:\/\/shop.huppa.eu\/fi\/yhteistyokumppanit\/","og_site_name":"Huppa FI","article_modified_time":"2024-11-22T10:00:08+00:00","og_image":[{"url":"https:\/\/shop.huppa.eu\/fi\/wp-content\/uploads\/sites\/2\/2023\/12\/HobbyHall-1-1024x576.jpg","type":"","width":"","height":""}],"twitter_card":"summary_large_image","twitter_misc":{"Arvioitu lukuaika":"2 minuuttia"},"schema":{"@context":"https:\/\/schema.org","@graph":[{"@type":"WebPage","@id":"https:\/\/shop.huppa.eu\/fi\/yhteistyokumppanit\/","url":"https:\/\/shop.huppa.eu\/fi\/yhteistyokumppanit\/","name":"Huppa-j\u00e4lleenmyyj\u00e4t Suomessa","isPartOf":{"@id":"https:\/\/shop.huppa.eu\/fi\/#website"},"primaryImageOfPage":{"@id":"https:\/\/shop.huppa.eu\/fi\/yhteistyokumppanit\/#primaryimage"},"image":{"@id":"https:\/\/shop.huppa.eu\/fi\/yhteistyokumppanit\/#primaryimage"},"thumbnailUrl":"https:\/\/shop.huppa.eu\/fi\/wp-content\/uploads\/sites\/2\/2023\/12\/HobbyHall-1-1024x576.jpg","datePublished":"2022-02-09T15:37:05+00:00","dateModified":"2024-11-22T10:00:08+00:00","description":"Tutustu Huppan p\u00e4\u00e4llysvaatteisiin naisille, miehille ja lapsille. Tutustu j\u00e4lleenmyyjiimme ja l\u00f6yd\u00e4 l\u00e4hin myym\u00e4l\u00e4 tai osta k\u00e4tev\u00e4sti verkkokaupasta.","inLanguage":"fi","potentialAction":[{"@type":"ReadAction","target":["https:\/\/shop.huppa.eu\/fi\/yhteistyokumppanit\/"]}]},{"@type":"ImageObject","inLanguage":"fi","@id":"https:\/\/shop.huppa.eu\/fi\/yhteistyokumppanit\/#primaryimage","url":"https:\/\/huppashop-prod.s3.eu-north-1.amazonaws.com\/wp-content\/uploads\/sites\/2\/2023\/12\/28161131\/HobbyHall-1.jpg","contentUrl":"https:\/\/huppashop-prod.s3.eu-north-1.amazonaws.com\/wp-content\/uploads\/sites\/2\/2023\/12\/28161131\/HobbyHall-1.jpg","width":1920,"height":1080},{"@type":"WebSite","@id":"https:\/\/shop.huppa.eu\/fi\/#website","url":"https:\/\/shop.huppa.eu\/fi\/","name":"Huppa FI","description":"Huppa FI","potentialAction":[{"@type":"SearchAction","target":{"@type":"EntryPoint","urlTemplate":"https:\/\/shop.huppa.eu\/fi\/?s={search_term_string}"},"query-input":{"@type":"PropertyValueSpecification","valueRequired":true,"valueName":"search_term_string"}}],"inLanguage":"fi"}]}},"_links":{"self":[{"href":"https:\/\/shop.huppa.eu\/fi\/wp-json\/wp\/v2\/pages\/348","targetHints":{"allow":["GET"]}}],"collection":[{"href":"https:\/\/shop.huppa.eu\/fi\/wp-json\/wp\/v2\/pages"}],"about":[{"href":"https:\/\/shop.huppa.eu\/fi\/wp-json\/wp\/v2\/types\/page"}],"author":[{"embeddable":true,"href":"https:\/\/shop.huppa.eu\/fi\/wp-json\/wp\/v2\/users\/2"}],"replies":[{"embeddable":true,"href":"https:\/\/shop.huppa.eu\/fi\/wp-json\/wp\/v2\/comments?post=348"}],"version-history":[{"count":32,"href":"https:\/\/shop.huppa.eu\/fi\/wp-json\/wp\/v2\/pages\/348\/revisions"}],"predecessor-version":[{"id":554920,"href":"https:\/\/shop.huppa.eu\/fi\/wp-json\/wp\/v2\/pages\/348\/revisions\/554920"}],"wp:attachment":[{"href":"https:\/\/shop.huppa.eu\/fi\/wp-json\/wp\/v2\/media?parent=348"}],"curies":[{"name":"wp","href":"https:\/\/api.w.org\/{rel}","templated":true}]}}