{"id":5,"date":"2022-01-27T12:58:13","date_gmt":"2022-01-27T12:58:13","guid":{"rendered":"https:\/\/shop.huppa.eu\/fi\/?page_id=5"},"modified":"2026-04-29T10:12:17","modified_gmt":"2026-04-29T08:12:17","slug":"homepage","status":"publish","type":"page","link":"https:\/\/shop.huppa.eu\/fi\/","title":{"rendered":"Huppa etusivu"},"content":{"rendered":"\n\n    <div class=\"banner\">\n                                                    <div class=\"banner__item\">\n                    <video class=\"banner__background\" width=\"100%\" height=\"auto\" autoplay muted loop playsinline>\n                        <source src=\"https:\/\/huppashop-prod.s3.eu-north-1.amazonaws.com\/wp-content\/uploads\/sites\/2\/2026\/02\/18094043\/SA26.mp4\" type=\"video\/mp4\">\n                        Your browser does not support the video tag.\n                    <\/video>\n                                        <div class=\"banner__content-wrapper\">\n                        <div class=\"banner__content center\">\n                            <div class=\"banner__content--sub center\">\n                                                                    <div class=\"banner__title\" data-aos=\"fade-left\" data-aos-delay=\"100\" style=\"--bannerTitleColor: #FFFFFF; --bannerTitleSize: 88px; --bannerTitleTransform: uppercase;\">Uusi kev\u00e4tmallisto on nyt saatavilla!<\/div>\n                                                            <\/div>\n                                                            <a href=\"https:\/\/shop.huppa.eu\/fi\/kokoelma-nr\/sa2026\/?orderby=date\" class=\"btn\"  data-aos=\"fade-left\" data-aos-delay=\"300\">Osta nyt<\/a>\n                                                    <\/div>\n                    <\/div>\n                <\/div>\n                                        <\/div>\n\n\n\n\n\n\n    <div class=\"container\">\n        <div class=\"product-categories\">     \n                                 \n                <div class=\"product-categories__category-item\" >\n                                            <div class=\"product-categories__title\"><\/div>\n                                        <div class=\"product-categories__category-wrapper\" data-aos=\"fade-up\" data-aos-delay=\"000\">\n                        <a href=\"https:\/\/shop.huppa.eu\/fi\/product-category\/naiset\/?orderby=date&#038;filters=sukupuoli%5B93%5D\" class=\"product-categories__category\">\n                            <div class=\"product-categories__category__content\">\n                                <img decoding=\"async\" class=\"product-categories__category__background\" src=\"https:\/\/huppashop-prod.s3.eu-north-1.amazonaws.com\/wp-content\/uploads\/sites\/2\/2026\/02\/26115215\/12368104-61766-JANELLE1_mw_d-1-scaled.jpg\">\n                                <div class=\"product-categories__category__name\">\n                                    Naiset<img decoding=\"async\" class=\"product-categories__category__name__icon\" src=\"https:\/\/shop.huppa.eu\/fi\/wp-content\/themes\/huppa-theme\/assets\/images\/huppa-category-link.svg\"\/>\n                                <\/div>\n                            <\/div>\n                        <\/a>\n                    <\/div>\n                <\/div>\n                                                 \n                <div class=\"product-categories__category-item\" >\n                                        <div class=\"product-categories__category-wrapper\" data-aos=\"fade-up\" data-aos-delay=\"100\">\n                        <a href=\"https:\/\/shop.huppa.eu\/fi\/product-category\/miehet\/?orderby=date&#038;filters=sukupuoli%5B92%5D\" class=\"product-categories__category\">\n                            <div class=\"product-categories__category__content\">\n                                <img decoding=\"async\" class=\"product-categories__category__background\" src=\"https:\/\/huppashop-prod.s3.eu-north-1.amazonaws.com\/wp-content\/uploads\/sites\/2\/2026\/02\/26115300\/HUPPA-of-select-148-scaled.jpg\">\n                                <div class=\"product-categories__category__name\">\n                                    Miehet<img decoding=\"async\" class=\"product-categories__category__name__icon\" src=\"https:\/\/shop.huppa.eu\/fi\/wp-content\/themes\/huppa-theme\/assets\/images\/huppa-category-link.svg\"\/>\n                                <\/div>\n                            <\/div>\n                        <\/a>\n                    <\/div>\n                <\/div>\n                                                 \n                <div class=\"product-categories__category-item\" >\n                                        <div class=\"product-categories__category-wrapper\" data-aos=\"fade-up\" data-aos-delay=\"200\">\n                        <a href=\"https:\/\/shop.huppa.eu\/fi\/product-category\/lapset\/?orderby=date\" class=\"product-categories__category\">\n                            <div class=\"product-categories__category__content\">\n                                <img decoding=\"async\" class=\"product-categories__category__background\" src=\"https:\/\/huppashop-prod.s3.eu-north-1.amazonaws.com\/wp-content\/uploads\/sites\/2\/2026\/02\/26115337\/18820008-61863-JONE_kids_f.jpg\">\n                                <div class=\"product-categories__category__name\">\n                                    Lapset<img decoding=\"async\" class=\"product-categories__category__name__icon\" src=\"https:\/\/shop.huppa.eu\/fi\/wp-content\/themes\/huppa-theme\/assets\/images\/huppa-category-link.svg\"\/>\n                                <\/div>\n                            <\/div>\n                        <\/a>\n                    <\/div>\n                <\/div>\n                                                 \n                <div class=\"product-categories__category-item\" >\n                                        <div class=\"product-categories__category-wrapper\" data-aos=\"fade-up\" data-aos-delay=\"300\">\n                        <a href=\"https:\/\/shop.huppa.eu\/fi\/shop\/?filters=outlet%5B167%5D\" class=\"product-categories__category\">\n                            <div class=\"product-categories__category__content\">\n                                <img decoding=\"async\" class=\"product-categories__category__background\" src=\"https:\/\/huppashop-prod.s3.eu-north-1.amazonaws.com\/wp-content\/uploads\/sites\/2\/2024\/09\/09111400\/outlet.jpg\">\n                                <div class=\"product-categories__category__name\">\n                                    Outlet<img decoding=\"async\" class=\"product-categories__category__name__icon\" src=\"https:\/\/shop.huppa.eu\/fi\/wp-content\/themes\/huppa-theme\/assets\/images\/huppa-category-link.svg\"\/>\n                                <\/div>\n                            <\/div>\n                        <\/a>\n                    <\/div>\n                <\/div>\n                                    <\/div>\n    <\/div>\n\n\n\n<div class=\"wp-block-cover alignfull is-light\" style=\"min-height:330px;aspect-ratio:unset;\"><span aria-hidden=\"true\" class=\"wp-block-cover__background has-background-dim-100 has-background-dim\" style=\"background-color:#ffffff\"><\/span><div class=\"wp-block-cover__inner-container is-layout-flow wp-block-cover-is-layout-flow\">\n<div class=\"wp-block-media-text alignwide is-stacked-on-mobile is-vertically-aligned-center is-image-fill-element\" style=\"grid-template-columns:56% auto\"><figure class=\"wp-block-media-text__media\"><img loading=\"lazy\" decoding=\"async\" width=\"1024\" height=\"683\" src=\"https:\/\/huppashop-prod.s3.eu-north-1.amazonaws.com\/wp-content\/uploads\/sites\/2\/2026\/02\/26115453\/18820004_JONE_4-1024x683.jpg\" alt=\"\" class=\"wp-image-562701 size-full\" style=\"object-position:56% 31%\" srcset=\"https:\/\/huppashop-prod.s3.eu-north-1.amazonaws.com\/wp-content\/uploads\/sites\/2\/2026\/02\/26115453\/18820004_JONE_4-1024x683.jpg 1024w, https:\/\/huppashop-prod.s3.eu-north-1.amazonaws.com\/wp-content\/uploads\/sites\/2\/2026\/02\/26115453\/18820004_JONE_4-300x200.jpg 300w, https:\/\/huppashop-prod.s3.eu-north-1.amazonaws.com\/wp-content\/uploads\/sites\/2\/2026\/02\/26115453\/18820004_JONE_4-768x512.jpg 768w, https:\/\/huppashop-prod.s3.eu-north-1.amazonaws.com\/wp-content\/uploads\/sites\/2\/2026\/02\/26115453\/18820004_JONE_4-1536x1024.jpg 1536w, https:\/\/huppashop-prod.s3.eu-north-1.amazonaws.com\/wp-content\/uploads\/sites\/2\/2026\/02\/26115453\/18820004_JONE_4-2048x1366.jpg 2048w, https:\/\/huppashop-prod.s3.eu-north-1.amazonaws.com\/wp-content\/uploads\/sites\/2\/2026\/02\/26115453\/18820004_JONE_4-560x373.jpg 560w, https:\/\/huppashop-prod.s3.eu-north-1.amazonaws.com\/wp-content\/uploads\/sites\/2\/2026\/02\/26115453\/18820004_JONE_4-1680x1120.jpg 1680w, https:\/\/huppashop-prod.s3.eu-north-1.amazonaws.com\/wp-content\/uploads\/sites\/2\/2026\/02\/26115453\/18820004_JONE_4-700x467.jpg 700w, https:\/\/huppashop-prod.s3.eu-north-1.amazonaws.com\/wp-content\/uploads\/sites\/2\/2026\/02\/26115453\/18820004_JONE_4-766x511.jpg 766w, https:\/\/huppashop-prod.s3.eu-north-1.amazonaws.com\/wp-content\/uploads\/sites\/2\/2026\/02\/26115453\/18820004_JONE_4-450x300.jpg 450w, https:\/\/huppashop-prod.s3.eu-north-1.amazonaws.com\/wp-content\/uploads\/sites\/2\/2026\/02\/26115453\/18820004_JONE_4-420x280.jpg 420w, https:\/\/huppashop-prod.s3.eu-north-1.amazonaws.com\/wp-content\/uploads\/sites\/2\/2026\/02\/26115453\/18820004_JONE_4-100x67.jpg 100w, https:\/\/huppashop-prod.s3.eu-north-1.amazonaws.com\/wp-content\/uploads\/sites\/2\/2026\/02\/26115453\/18820004_JONE_4-632x421.jpg 632w, https:\/\/huppashop-prod.s3.eu-north-1.amazonaws.com\/wp-content\/uploads\/sites\/2\/2026\/02\/26115453\/18820004_JONE_4-600x400.jpg 600w, https:\/\/huppashop-prod.s3.eu-north-1.amazonaws.com\/wp-content\/uploads\/sites\/2\/2026\/02\/26115453\/18820004_JONE_4-178x119.jpg 178w\" sizes=\"auto, (max-width: 1024px) 100vw, 1024px\" \/><\/figure><div class=\"wp-block-media-text__content\">\n<h2 class=\"wp-block-heading has-text-color\" style=\"color:#000000;font-size:32px\">SA26-malliston kuosit<\/h2>\n\n\n\n<p class=\"has-text-color\" style=\"color:#000000;font-size:17px\"><strong>Esittelemme HUPPA kev\u00e4t\/syksy 2026 -malliston kuosit. T\u00e4ll\u00e4 kaudella kuosit ovat keski\u00f6ss\u00e4 \u2014 jokainen niist\u00e4 kantaa omaa tunnettaan ja persoonallisuuttaan.<\/strong><\/p>\n\n\n\n<div class=\"wp-block-buttons is-layout-flex wp-block-buttons-is-layout-flex\">\n<div class=\"wp-block-button is-style-fill\"><a class=\"wp-block-button__link wp-element-button\" href=\"https:\/\/shop.huppa.eu\/fi\/blogi-ja-media\/sa26-malliston-kuosit\/\">Lue lis\u00e4\u00e4<\/a><\/div>\n<\/div>\n<\/div><\/div>\n<\/div><\/div>\n\n\n\n<figure class=\"wp-block-image size-full block-visibility-hide-large-screen block-visibility-hide-medium-screen block-visibility-hide-small-screen\"><a href=\"https:\/\/shop.huppa.eu\/fi\/shop\/?orderby=popularity&amp;filters=outlet[167]\"><img loading=\"lazy\" decoding=\"async\" width=\"8000\" height=\"3334\" src=\"https:\/\/huppashop-prod.s3.eu-north-1.amazonaws.com\/wp-content\/uploads\/sites\/2\/2025\/03\/31080612\/Kodulehe-banner_OUTLET_1920x800px_FIN.png\" alt=\"\" class=\"wp-image-558286\" srcset=\"https:\/\/huppashop-prod.s3.eu-north-1.amazonaws.com\/wp-content\/uploads\/sites\/2\/2025\/03\/31080612\/Kodulehe-banner_OUTLET_1920x800px_FIN.png 8000w, https:\/\/huppashop-prod.s3.eu-north-1.amazonaws.com\/wp-content\/uploads\/sites\/2\/2025\/03\/31080612\/Kodulehe-banner_OUTLET_1920x800px_FIN-300x125.png 300w, https:\/\/huppashop-prod.s3.eu-north-1.amazonaws.com\/wp-content\/uploads\/sites\/2\/2025\/03\/31080612\/Kodulehe-banner_OUTLET_1920x800px_FIN-1024x427.png 1024w, https:\/\/huppashop-prod.s3.eu-north-1.amazonaws.com\/wp-content\/uploads\/sites\/2\/2025\/03\/31080612\/Kodulehe-banner_OUTLET_1920x800px_FIN-768x320.png 768w, https:\/\/huppashop-prod.s3.eu-north-1.amazonaws.com\/wp-content\/uploads\/sites\/2\/2025\/03\/31080612\/Kodulehe-banner_OUTLET_1920x800px_FIN-1536x640.png 1536w, https:\/\/huppashop-prod.s3.eu-north-1.amazonaws.com\/wp-content\/uploads\/sites\/2\/2025\/03\/31080612\/Kodulehe-banner_OUTLET_1920x800px_FIN-2048x854.png 2048w, https:\/\/huppashop-prod.s3.eu-north-1.amazonaws.com\/wp-content\/uploads\/sites\/2\/2025\/03\/31080612\/Kodulehe-banner_OUTLET_1920x800px_FIN-560x233.png 560w, https:\/\/huppashop-prod.s3.eu-north-1.amazonaws.com\/wp-content\/uploads\/sites\/2\/2025\/03\/31080612\/Kodulehe-banner_OUTLET_1920x800px_FIN-1680x700.png 1680w, https:\/\/huppashop-prod.s3.eu-north-1.amazonaws.com\/wp-content\/uploads\/sites\/2\/2025\/03\/31080612\/Kodulehe-banner_OUTLET_1920x800px_FIN-700x292.png 700w, https:\/\/huppashop-prod.s3.eu-north-1.amazonaws.com\/wp-content\/uploads\/sites\/2\/2025\/03\/31080612\/Kodulehe-banner_OUTLET_1920x800px_FIN-766x319.png 766w, https:\/\/huppashop-prod.s3.eu-north-1.amazonaws.com\/wp-content\/uploads\/sites\/2\/2025\/03\/31080612\/Kodulehe-banner_OUTLET_1920x800px_FIN-450x188.png 450w, https:\/\/huppashop-prod.s3.eu-north-1.amazonaws.com\/wp-content\/uploads\/sites\/2\/2025\/03\/31080612\/Kodulehe-banner_OUTLET_1920x800px_FIN-420x175.png 420w, https:\/\/huppashop-prod.s3.eu-north-1.amazonaws.com\/wp-content\/uploads\/sites\/2\/2025\/03\/31080612\/Kodulehe-banner_OUTLET_1920x800px_FIN-100x42.png 100w, https:\/\/huppashop-prod.s3.eu-north-1.amazonaws.com\/wp-content\/uploads\/sites\/2\/2025\/03\/31080612\/Kodulehe-banner_OUTLET_1920x800px_FIN-632x263.png 632w, https:\/\/huppashop-prod.s3.eu-north-1.amazonaws.com\/wp-content\/uploads\/sites\/2\/2025\/03\/31080612\/Kodulehe-banner_OUTLET_1920x800px_FIN-600x250.png 600w, https:\/\/huppashop-prod.s3.eu-north-1.amazonaws.com\/wp-content\/uploads\/sites\/2\/2025\/03\/31080612\/Kodulehe-banner_OUTLET_1920x800px_FIN-178x74.png 178w\" sizes=\"auto, (max-width: 8000px) 100vw, 8000px\" \/><\/a><\/figure>\n\n\n<div class=\"wp-block-image\">\n<figure class=\"aligncenter size-full is-resized block-visibility-hide-large-screen block-visibility-hide-medium-screen block-visibility-hide-small-screen\"><a href=\"https:\/\/shop.huppa.eu\/fi\/shop\/?orderby=popularity&amp;filters=outlet[167]\"><img loading=\"lazy\" decoding=\"async\" width=\"1500\" height=\"3450\" src=\"https:\/\/huppashop-prod.s3.eu-north-1.amazonaws.com\/wp-content\/uploads\/sites\/2\/2025\/03\/31080624\/Kodulehe-banner_OUTLET_360x828px_FIN.png\" alt=\"\" class=\"wp-image-558287\" style=\"width:390px\" srcset=\"https:\/\/huppashop-prod.s3.eu-north-1.amazonaws.com\/wp-content\/uploads\/sites\/2\/2025\/03\/31080624\/Kodulehe-banner_OUTLET_360x828px_FIN.png 1500w, https:\/\/huppashop-prod.s3.eu-north-1.amazonaws.com\/wp-content\/uploads\/sites\/2\/2025\/03\/31080624\/Kodulehe-banner_OUTLET_360x828px_FIN-130x300.png 130w, https:\/\/huppashop-prod.s3.eu-north-1.amazonaws.com\/wp-content\/uploads\/sites\/2\/2025\/03\/31080624\/Kodulehe-banner_OUTLET_360x828px_FIN-445x1024.png 445w, https:\/\/huppashop-prod.s3.eu-north-1.amazonaws.com\/wp-content\/uploads\/sites\/2\/2025\/03\/31080624\/Kodulehe-banner_OUTLET_360x828px_FIN-768x1766.png 768w, https:\/\/huppashop-prod.s3.eu-north-1.amazonaws.com\/wp-content\/uploads\/sites\/2\/2025\/03\/31080624\/Kodulehe-banner_OUTLET_360x828px_FIN-668x1536.png 668w, https:\/\/huppashop-prod.s3.eu-north-1.amazonaws.com\/wp-content\/uploads\/sites\/2\/2025\/03\/31080624\/Kodulehe-banner_OUTLET_360x828px_FIN-890x2048.png 890w, https:\/\/huppashop-prod.s3.eu-north-1.amazonaws.com\/wp-content\/uploads\/sites\/2\/2025\/03\/31080624\/Kodulehe-banner_OUTLET_360x828px_FIN-560x1288.png 560w, https:\/\/huppashop-prod.s3.eu-north-1.amazonaws.com\/wp-content\/uploads\/sites\/2\/2025\/03\/31080624\/Kodulehe-banner_OUTLET_360x828px_FIN-700x1610.png 700w, https:\/\/huppashop-prod.s3.eu-north-1.amazonaws.com\/wp-content\/uploads\/sites\/2\/2025\/03\/31080624\/Kodulehe-banner_OUTLET_360x828px_FIN-766x1762.png 766w, https:\/\/huppashop-prod.s3.eu-north-1.amazonaws.com\/wp-content\/uploads\/sites\/2\/2025\/03\/31080624\/Kodulehe-banner_OUTLET_360x828px_FIN-450x1035.png 450w, https:\/\/huppashop-prod.s3.eu-north-1.amazonaws.com\/wp-content\/uploads\/sites\/2\/2025\/03\/31080624\/Kodulehe-banner_OUTLET_360x828px_FIN-420x966.png 420w, https:\/\/huppashop-prod.s3.eu-north-1.amazonaws.com\/wp-content\/uploads\/sites\/2\/2025\/03\/31080624\/Kodulehe-banner_OUTLET_360x828px_FIN-43x100.png 43w, https:\/\/huppashop-prod.s3.eu-north-1.amazonaws.com\/wp-content\/uploads\/sites\/2\/2025\/03\/31080624\/Kodulehe-banner_OUTLET_360x828px_FIN-275x632.png 275w, https:\/\/huppashop-prod.s3.eu-north-1.amazonaws.com\/wp-content\/uploads\/sites\/2\/2025\/03\/31080624\/Kodulehe-banner_OUTLET_360x828px_FIN-600x1380.png 600w, https:\/\/huppashop-prod.s3.eu-north-1.amazonaws.com\/wp-content\/uploads\/sites\/2\/2025\/03\/31080624\/Kodulehe-banner_OUTLET_360x828px_FIN-77x178.png 77w\" sizes=\"auto, (max-width: 1500px) 100vw, 1500px\" \/><\/a><\/figure>\n<\/div>\n\n","protected":false},"excerpt":{"rendered":"","protected":false},"author":1,"featured_media":0,"parent":0,"menu_order":0,"comment_status":"closed","ping_status":"closed","template":"","meta":{"_acf_changed":false,"footnotes":""},"class_list":["post-5","page","type-page","status-publish","hentry"],"acf":[],"yoast_head":"<!-- This site is optimized with the Yoast SEO plugin v26.8 - https:\/\/yoast.com\/product\/yoast-seo-wordpress\/ -->\n<title>Laadukkaat p\u00e4\u00e4llysvaatteet - Huppa etusivu<\/title>\n<meta name=\"description\" content=\"Huppa on nopeasti kasvava br\u00e4ndi, joka tarjoaa toimivia ja laadukkaita p\u00e4\u00e4llysvaatteita ja asusteita naisille, miehille ja lapsille.\" \/>\n<meta name=\"robots\" content=\"index, follow, max-snippet:-1, max-image-preview:large, max-video-preview:-1\" \/>\n<link rel=\"canonical\" href=\"https:\/\/shop.huppa.eu\/fi\/\" \/>\n<meta property=\"og:locale\" content=\"fi_FI\" \/>\n<meta property=\"og:type\" content=\"article\" \/>\n<meta property=\"og:title\" content=\"Laadukkaat p\u00e4\u00e4llysvaatteet - Huppa etusivu\" \/>\n<meta property=\"og:description\" content=\"Huppa on nopeasti kasvava br\u00e4ndi, joka tarjoaa toimivia ja laadukkaita p\u00e4\u00e4llysvaatteita ja asusteita naisille, miehille ja lapsille.\" \/>\n<meta property=\"og:url\" content=\"https:\/\/shop.huppa.eu\/fi\/\" \/>\n<meta property=\"og:site_name\" content=\"Huppa FI\" \/>\n<meta property=\"article:modified_time\" content=\"2026-04-29T08:12:17+00:00\" \/>\n<meta property=\"og:image\" content=\"https:\/\/shop.huppa.eu\/fi\/wp-content\/uploads\/sites\/2\/2026\/04\/fortune-wheel-FI-desktop-scaled.png\" \/>\n<meta name=\"twitter:card\" content=\"summary_large_image\" \/>\n<meta name=\"twitter:label1\" content=\"Arvioitu lukuaika\" \/>\n\t<meta name=\"twitter:data1\" content=\"2 minuuttia\" \/>\n<script type=\"application\/ld+json\" class=\"yoast-schema-graph\">{\"@context\":\"https:\/\/schema.org\",\"@graph\":[{\"@type\":\"WebPage\",\"@id\":\"https:\/\/shop.huppa.eu\/fi\/\",\"url\":\"https:\/\/shop.huppa.eu\/fi\/\",\"name\":\"Laadukkaat p\u00e4\u00e4llysvaatteet - Huppa etusivu\",\"isPartOf\":{\"@id\":\"https:\/\/shop.huppa.eu\/fi\/#website\"},\"primaryImageOfPage\":{\"@id\":\"https:\/\/shop.huppa.eu\/fi\/#primaryimage\"},\"image\":{\"@id\":\"https:\/\/shop.huppa.eu\/fi\/#primaryimage\"},\"thumbnailUrl\":\"https:\/\/shop.huppa.eu\/fi\/wp-content\/uploads\/sites\/2\/2026\/04\/fortune-wheel-FI-desktop-scaled.png\",\"datePublished\":\"2022-01-27T12:58:13+00:00\",\"dateModified\":\"2026-04-29T08:12:17+00:00\",\"description\":\"Huppa on nopeasti kasvava br\u00e4ndi, joka tarjoaa toimivia ja laadukkaita p\u00e4\u00e4llysvaatteita ja asusteita naisille, miehille ja lapsille.\",\"inLanguage\":\"fi\",\"potentialAction\":[{\"@type\":\"ReadAction\",\"target\":[\"https:\/\/shop.huppa.eu\/fi\/\"]}]},{\"@type\":\"ImageObject\",\"inLanguage\":\"fi\",\"@id\":\"https:\/\/shop.huppa.eu\/fi\/#primaryimage\",\"url\":\"https:\/\/huppashop-prod.s3.eu-north-1.amazonaws.com\/wp-content\/uploads\/sites\/2\/2026\/04\/29101106\/fortune-wheel-FI-desktop-scaled.png\",\"contentUrl\":\"https:\/\/huppashop-prod.s3.eu-north-1.amazonaws.com\/wp-content\/uploads\/sites\/2\/2026\/04\/29101106\/fortune-wheel-FI-desktop-scaled.png\",\"width\":2560,\"height\":694},{\"@type\":\"WebSite\",\"@id\":\"https:\/\/shop.huppa.eu\/fi\/#website\",\"url\":\"https:\/\/shop.huppa.eu\/fi\/\",\"name\":\"Huppa FI\",\"description\":\"Huppa FI\",\"potentialAction\":[{\"@type\":\"SearchAction\",\"target\":{\"@type\":\"EntryPoint\",\"urlTemplate\":\"https:\/\/shop.huppa.eu\/fi\/?s={search_term_string}\"},\"query-input\":{\"@type\":\"PropertyValueSpecification\",\"valueRequired\":true,\"valueName\":\"search_term_string\"}}],\"inLanguage\":\"fi\"}]}<\/script>\n<!-- \/ Yoast SEO plugin. -->","yoast_head_json":{"title":"Laadukkaat p\u00e4\u00e4llysvaatteet - Huppa etusivu","description":"Huppa on nopeasti kasvava br\u00e4ndi, joka tarjoaa toimivia ja laadukkaita p\u00e4\u00e4llysvaatteita ja asusteita naisille, miehille ja lapsille.","robots":{"index":"index","follow":"follow","max-snippet":"max-snippet:-1","max-image-preview":"max-image-preview:large","max-video-preview":"max-video-preview:-1"},"canonical":"https:\/\/shop.huppa.eu\/fi\/","og_locale":"fi_FI","og_type":"article","og_title":"Laadukkaat p\u00e4\u00e4llysvaatteet - Huppa etusivu","og_description":"Huppa on nopeasti kasvava br\u00e4ndi, joka tarjoaa toimivia ja laadukkaita p\u00e4\u00e4llysvaatteita ja asusteita naisille, miehille ja lapsille.","og_url":"https:\/\/shop.huppa.eu\/fi\/","og_site_name":"Huppa FI","article_modified_time":"2026-04-29T08:12:17+00:00","og_image":[{"url":"https:\/\/shop.huppa.eu\/fi\/wp-content\/uploads\/sites\/2\/2026\/04\/fortune-wheel-FI-desktop-scaled.png","type":"","width":"","height":""}],"twitter_card":"summary_large_image","twitter_misc":{"Arvioitu lukuaika":"2 minuuttia"},"schema":{"@context":"https:\/\/schema.org","@graph":[{"@type":"WebPage","@id":"https:\/\/shop.huppa.eu\/fi\/","url":"https:\/\/shop.huppa.eu\/fi\/","name":"Laadukkaat p\u00e4\u00e4llysvaatteet - Huppa etusivu","isPartOf":{"@id":"https:\/\/shop.huppa.eu\/fi\/#website"},"primaryImageOfPage":{"@id":"https:\/\/shop.huppa.eu\/fi\/#primaryimage"},"image":{"@id":"https:\/\/shop.huppa.eu\/fi\/#primaryimage"},"thumbnailUrl":"https:\/\/shop.huppa.eu\/fi\/wp-content\/uploads\/sites\/2\/2026\/04\/fortune-wheel-FI-desktop-scaled.png","datePublished":"2022-01-27T12:58:13+00:00","dateModified":"2026-04-29T08:12:17+00:00","description":"Huppa on nopeasti kasvava br\u00e4ndi, joka tarjoaa toimivia ja laadukkaita p\u00e4\u00e4llysvaatteita ja asusteita naisille, miehille ja lapsille.","inLanguage":"fi","potentialAction":[{"@type":"ReadAction","target":["https:\/\/shop.huppa.eu\/fi\/"]}]},{"@type":"ImageObject","inLanguage":"fi","@id":"https:\/\/shop.huppa.eu\/fi\/#primaryimage","url":"https:\/\/huppashop-prod.s3.eu-north-1.amazonaws.com\/wp-content\/uploads\/sites\/2\/2026\/04\/29101106\/fortune-wheel-FI-desktop-scaled.png","contentUrl":"https:\/\/huppashop-prod.s3.eu-north-1.amazonaws.com\/wp-content\/uploads\/sites\/2\/2026\/04\/29101106\/fortune-wheel-FI-desktop-scaled.png","width":2560,"height":694},{"@type":"WebSite","@id":"https:\/\/shop.huppa.eu\/fi\/#website","url":"https:\/\/shop.huppa.eu\/fi\/","name":"Huppa FI","description":"Huppa FI","potentialAction":[{"@type":"SearchAction","target":{"@type":"EntryPoint","urlTemplate":"https:\/\/shop.huppa.eu\/fi\/?s={search_term_string}"},"query-input":{"@type":"PropertyValueSpecification","valueRequired":true,"valueName":"search_term_string"}}],"inLanguage":"fi"}]}},"_links":{"self":[{"href":"https:\/\/shop.huppa.eu\/fi\/wp-json\/wp\/v2\/pages\/5","targetHints":{"allow":["GET"]}}],"collection":[{"href":"https:\/\/shop.huppa.eu\/fi\/wp-json\/wp\/v2\/pages"}],"about":[{"href":"https:\/\/shop.huppa.eu\/fi\/wp-json\/wp\/v2\/types\/page"}],"author":[{"embeddable":true,"href":"https:\/\/shop.huppa.eu\/fi\/wp-json\/wp\/v2\/users\/1"}],"replies":[{"embeddable":true,"href":"https:\/\/shop.huppa.eu\/fi\/wp-json\/wp\/v2\/comments?post=5"}],"version-history":[{"count":347,"href":"https:\/\/shop.huppa.eu\/fi\/wp-json\/wp\/v2\/pages\/5\/revisions"}],"predecessor-version":[{"id":563506,"href":"https:\/\/shop.huppa.eu\/fi\/wp-json\/wp\/v2\/pages\/5\/revisions\/563506"}],"wp:attachment":[{"href":"https:\/\/shop.huppa.eu\/fi\/wp-json\/wp\/v2\/media?parent=5"}],"curies":[{"name":"wp","href":"https:\/\/api.w.org\/{rel}","templated":true}]}}