{"id":527186,"date":"2023-05-10T11:02:03","date_gmt":"2023-05-10T09:02:03","guid":{"rendered":"https:\/\/shop.huppa.eu\/fi\/?page_id=527186"},"modified":"2024-02-22T12:02:11","modified_gmt":"2024-02-22T10:02:11","slug":"sertifikaatit","status":"publish","type":"page","link":"https:\/\/shop.huppa.eu\/fi\/sertifikaatit\/","title":{"rendered":"HUPPA-SERTIFIKAATIT"},"content":{"rendered":"\n<h2 class=\"wp-block-heading\" id=\"kes-me-oleme\">HUPPA-SERTIFIKAATIT<\/h2>\n\n\n\n<div class=\"wp-block-media-text alignwide is-stacked-on-mobile\" style=\"grid-template-columns:22% auto\"><figure class=\"wp-block-media-text__media\"><img loading=\"lazy\" decoding=\"async\" width=\"356\" height=\"139\" src=\"https:\/\/huppashop-prod.s3.eu-north-1.amazonaws.com\/wp-content\/uploads\/sites\/2\/2023\/05\/10110359\/amfori-logo-blue-01.jpg\" alt=\"\" class=\"wp-image-527190 size-full\" srcset=\"https:\/\/huppashop-prod.s3.eu-north-1.amazonaws.com\/wp-content\/uploads\/sites\/2\/2023\/05\/10110359\/amfori-logo-blue-01.jpg 356w, https:\/\/huppashop-prod.s3.eu-north-1.amazonaws.com\/wp-content\/uploads\/sites\/2\/2023\/05\/10110359\/amfori-logo-blue-01-300x117.jpg 300w, https:\/\/huppashop-prod.s3.eu-north-1.amazonaws.com\/wp-content\/uploads\/sites\/2\/2023\/05\/10110359\/amfori-logo-blue-01-100x39.jpg 100w, https:\/\/huppashop-prod.s3.eu-north-1.amazonaws.com\/wp-content\/uploads\/sites\/2\/2023\/05\/10110359\/amfori-logo-blue-01-178x70.jpg 178w\" sizes=\"auto, (max-width: 356px) 100vw, 356px\" \/><\/figure><div class=\"wp-block-media-text__content\">\n<h5 class=\"wp-block-heading\" id=\"pikaajalised-kogemused\">Amfori<\/h5>\n\n\n\n<p>Yritykset, jotka hyv\u00e4ksyv\u00e4t BSCI:n k\u00e4yt\u00e4nnes\u00e4\u00e4nn\u00f6t ja sis\u00e4llytt\u00e4v\u00e4t ne liiketoimintakulttuuriinsa ja toimintaansa, ovat sitoutuneet arvoihin \u2013 jatkuvaan kehitt\u00e4miseen, yhteisty\u00f6h\u00f6n ja voimaannuttamiseen \u2013 sek\u00e4 periaatteisiin, joilla kunnioitetaan ty\u00f6ntekij\u00f6iden oikeuksia.<\/p>\n\n\n\n<div class=\"wp-block-buttons is-layout-flex wp-block-buttons-is-layout-flex\">\n<div class=\"wp-block-button has-custom-width wp-block-button__width-25 has-custom-font-size is-style-outline has-small-font-size is-style-outline--1\"><a class=\"wp-block-button__link wp-element-button\" href=\"https:\/\/www.amfori.org\/\" style=\"border-radius:0px\" target=\"_blank\" rel=\"noreferrer noopener\">Lue lis\u00e4\u00e4<\/a><\/div>\n<\/div>\n<\/div><\/div>\n\n\n\n<div style=\"height:60px\" aria-hidden=\"true\" class=\"wp-block-spacer\"><\/div>\n\n\n\n<div class=\"wp-block-media-text alignwide is-stacked-on-mobile\" style=\"grid-template-columns:22% auto\"><figure class=\"wp-block-media-text__media\"><img loading=\"lazy\" decoding=\"async\" width=\"866\" height=\"650\" src=\"https:\/\/huppashop-prod.s3.eu-north-1.amazonaws.com\/wp-content\/uploads\/sites\/2\/2023\/05\/10110406\/global-recycled-standard6644.jpg\" alt=\"\" class=\"wp-image-527194 size-full\" srcset=\"https:\/\/huppashop-prod.s3.eu-north-1.amazonaws.com\/wp-content\/uploads\/sites\/2\/2023\/05\/10110406\/global-recycled-standard6644.jpg 866w, https:\/\/huppashop-prod.s3.eu-north-1.amazonaws.com\/wp-content\/uploads\/sites\/2\/2023\/05\/10110406\/global-recycled-standard6644-300x225.jpg 300w, https:\/\/huppashop-prod.s3.eu-north-1.amazonaws.com\/wp-content\/uploads\/sites\/2\/2023\/05\/10110406\/global-recycled-standard6644-768x576.jpg 768w, https:\/\/huppashop-prod.s3.eu-north-1.amazonaws.com\/wp-content\/uploads\/sites\/2\/2023\/05\/10110406\/global-recycled-standard6644-560x420.jpg 560w, https:\/\/huppashop-prod.s3.eu-north-1.amazonaws.com\/wp-content\/uploads\/sites\/2\/2023\/05\/10110406\/global-recycled-standard6644-700x525.jpg 700w, https:\/\/huppashop-prod.s3.eu-north-1.amazonaws.com\/wp-content\/uploads\/sites\/2\/2023\/05\/10110406\/global-recycled-standard6644-766x575.jpg 766w, https:\/\/huppashop-prod.s3.eu-north-1.amazonaws.com\/wp-content\/uploads\/sites\/2\/2023\/05\/10110406\/global-recycled-standard6644-450x338.jpg 450w, https:\/\/huppashop-prod.s3.eu-north-1.amazonaws.com\/wp-content\/uploads\/sites\/2\/2023\/05\/10110406\/global-recycled-standard6644-420x315.jpg 420w, https:\/\/huppashop-prod.s3.eu-north-1.amazonaws.com\/wp-content\/uploads\/sites\/2\/2023\/05\/10110406\/global-recycled-standard6644-100x75.jpg 100w, https:\/\/huppashop-prod.s3.eu-north-1.amazonaws.com\/wp-content\/uploads\/sites\/2\/2023\/05\/10110406\/global-recycled-standard6644-632x474.jpg 632w, https:\/\/huppashop-prod.s3.eu-north-1.amazonaws.com\/wp-content\/uploads\/sites\/2\/2023\/05\/10110406\/global-recycled-standard6644-600x450.jpg 600w, https:\/\/huppashop-prod.s3.eu-north-1.amazonaws.com\/wp-content\/uploads\/sites\/2\/2023\/05\/10110406\/global-recycled-standard6644-178x134.jpg 178w\" sizes=\"auto, (max-width: 866px) 100vw, 866px\" \/><\/figure><div class=\"wp-block-media-text__content\">\n<h5 class=\"wp-block-heading\" id=\"mitte-ainult-lastele\">Global recycled standard<\/h5>\n\n\n\n<p>RCS- ja GRS-j\u00e4rjestelm\u00e4t on suunniteltu lis\u00e4\u00e4m\u00e4\u00e4n kierr\u00e4tysmateriaalien k\u00e4ytt\u00f6\u00e4.<\/p>\n\n\n\n<p>Global Recycled Standard (GRS) on kansainv\u00e4linen, vapaaehtoinen ja kattava tuotestandardi, jossa asetetaan vaatimukset kolmannen osapuolen kierr\u00e4tyssis\u00e4ll\u00f6n, alkuper\u00e4ketjun, sosiaalisten ja ymp\u00e4rist\u00f6k\u00e4yt\u00e4nt\u00f6jen sek\u00e4 kemiallisten rajoitusten sertifioinnille. GRS:n tavoite on lis\u00e4t\u00e4 kierr\u00e4tysmateriaalien k\u00e4ytt\u00f6\u00e4 tuotteissa ja v\u00e4hent\u00e4\u00e4 tai poistaa niiden tuotannosta aiheutuvia haittoja.<\/p>\n\n\n\n<div class=\"wp-block-buttons is-layout-flex wp-block-buttons-is-layout-flex\">\n<div class=\"wp-block-button has-custom-width wp-block-button__width-25 has-custom-font-size is-style-outline has-small-font-size is-style-outline--2\"><a class=\"wp-block-button__link wp-element-button\" href=\"https:\/\/textileexchange.org\/recycled-claim-global-recycled-standard\/\" style=\"border-radius:0px\" target=\"_blank\" rel=\"noreferrer noopener\">Lue lis\u00e4\u00e4<\/a><\/div>\n<\/div>\n<\/div><\/div>\n\n\n\n<div style=\"height:60px\" aria-hidden=\"true\" class=\"wp-block-spacer\"><\/div>\n\n\n\n<div class=\"wp-block-media-text alignwide is-stacked-on-mobile\" style=\"grid-template-columns:22% auto\"><figure class=\"wp-block-media-text__media\"><img loading=\"lazy\" decoding=\"async\" width=\"900\" height=\"500\" src=\"https:\/\/huppashop-prod.s3.eu-north-1.amazonaws.com\/wp-content\/uploads\/sites\/2\/2023\/05\/10110402\/bluesign-system-partners-logo-vector.png\" alt=\"\" class=\"wp-image-527192 size-full\" srcset=\"https:\/\/huppashop-prod.s3.eu-north-1.amazonaws.com\/wp-content\/uploads\/sites\/2\/2023\/05\/10110402\/bluesign-system-partners-logo-vector.png 900w, https:\/\/huppashop-prod.s3.eu-north-1.amazonaws.com\/wp-content\/uploads\/sites\/2\/2023\/05\/10110402\/bluesign-system-partners-logo-vector-300x167.png 300w, https:\/\/huppashop-prod.s3.eu-north-1.amazonaws.com\/wp-content\/uploads\/sites\/2\/2023\/05\/10110402\/bluesign-system-partners-logo-vector-768x427.png 768w, https:\/\/huppashop-prod.s3.eu-north-1.amazonaws.com\/wp-content\/uploads\/sites\/2\/2023\/05\/10110402\/bluesign-system-partners-logo-vector-560x311.png 560w, https:\/\/huppashop-prod.s3.eu-north-1.amazonaws.com\/wp-content\/uploads\/sites\/2\/2023\/05\/10110402\/bluesign-system-partners-logo-vector-700x389.png 700w, https:\/\/huppashop-prod.s3.eu-north-1.amazonaws.com\/wp-content\/uploads\/sites\/2\/2023\/05\/10110402\/bluesign-system-partners-logo-vector-766x426.png 766w, https:\/\/huppashop-prod.s3.eu-north-1.amazonaws.com\/wp-content\/uploads\/sites\/2\/2023\/05\/10110402\/bluesign-system-partners-logo-vector-450x250.png 450w, https:\/\/huppashop-prod.s3.eu-north-1.amazonaws.com\/wp-content\/uploads\/sites\/2\/2023\/05\/10110402\/bluesign-system-partners-logo-vector-420x233.png 420w, https:\/\/huppashop-prod.s3.eu-north-1.amazonaws.com\/wp-content\/uploads\/sites\/2\/2023\/05\/10110402\/bluesign-system-partners-logo-vector-100x56.png 100w, https:\/\/huppashop-prod.s3.eu-north-1.amazonaws.com\/wp-content\/uploads\/sites\/2\/2023\/05\/10110402\/bluesign-system-partners-logo-vector-632x351.png 632w, https:\/\/huppashop-prod.s3.eu-north-1.amazonaws.com\/wp-content\/uploads\/sites\/2\/2023\/05\/10110402\/bluesign-system-partners-logo-vector-600x333.png 600w, https:\/\/huppashop-prod.s3.eu-north-1.amazonaws.com\/wp-content\/uploads\/sites\/2\/2023\/05\/10110402\/bluesign-system-partners-logo-vector-178x99.png 178w\" sizes=\"auto, (max-width: 900px) 100vw, 900px\" \/><\/figure><div class=\"wp-block-media-text__content\">\n<h5 class=\"wp-block-heading\" id=\"pikaajalised-kogemused\">Bluesign\u00ae SYSTEM<\/h5>\n\n\n\n<p>Bluesign\u00ae SYSTEM yhdist\u00e4\u00e4 koko tekstiilien arvoketjun v\u00e4hent\u00e4en ihmisiin ja planeettaan kohdistuvia vaikutuksia. Perustuu yli 20 vuoden kokemukseen tekstiiliteollisuudesta ja keskittyy kest\u00e4v\u00e4\u00e4n kemiaan.<\/p>\n\n\n\n<div class=\"wp-block-buttons is-layout-flex wp-block-buttons-is-layout-flex\">\n<div class=\"wp-block-button has-custom-width wp-block-button__width-25 has-custom-font-size is-style-outline has-small-font-size is-style-outline--3\"><a class=\"wp-block-button__link wp-element-button\" href=\"https:\/\/www.bluesign.com\/en\" style=\"border-radius:0px\" target=\"_blank\" rel=\"noreferrer noopener\">Lue lis\u00e4\u00e4<\/a><\/div>\n<\/div>\n<\/div><\/div>\n\n\n\n<div style=\"height:60px\" aria-hidden=\"true\" class=\"wp-block-spacer\"><\/div>\n\n\n\n<div class=\"wp-block-media-text alignwide is-stacked-on-mobile\" style=\"grid-template-columns:22% auto\"><figure class=\"wp-block-media-text__media\"><img loading=\"lazy\" decoding=\"async\" width=\"866\" height=\"650\" src=\"https:\/\/huppashop-prod.s3.eu-north-1.amazonaws.com\/wp-content\/uploads\/sites\/2\/2023\/05\/10110358\/417_oeko_tex_tandart100.jpg\" alt=\"\" class=\"wp-image-527189 size-full\" srcset=\"https:\/\/huppashop-prod.s3.eu-north-1.amazonaws.com\/wp-content\/uploads\/sites\/2\/2023\/05\/10110358\/417_oeko_tex_tandart100.jpg 866w, https:\/\/huppashop-prod.s3.eu-north-1.amazonaws.com\/wp-content\/uploads\/sites\/2\/2023\/05\/10110358\/417_oeko_tex_tandart100-300x225.jpg 300w, https:\/\/huppashop-prod.s3.eu-north-1.amazonaws.com\/wp-content\/uploads\/sites\/2\/2023\/05\/10110358\/417_oeko_tex_tandart100-768x576.jpg 768w, https:\/\/huppashop-prod.s3.eu-north-1.amazonaws.com\/wp-content\/uploads\/sites\/2\/2023\/05\/10110358\/417_oeko_tex_tandart100-560x420.jpg 560w, https:\/\/huppashop-prod.s3.eu-north-1.amazonaws.com\/wp-content\/uploads\/sites\/2\/2023\/05\/10110358\/417_oeko_tex_tandart100-700x525.jpg 700w, https:\/\/huppashop-prod.s3.eu-north-1.amazonaws.com\/wp-content\/uploads\/sites\/2\/2023\/05\/10110358\/417_oeko_tex_tandart100-766x575.jpg 766w, https:\/\/huppashop-prod.s3.eu-north-1.amazonaws.com\/wp-content\/uploads\/sites\/2\/2023\/05\/10110358\/417_oeko_tex_tandart100-450x338.jpg 450w, https:\/\/huppashop-prod.s3.eu-north-1.amazonaws.com\/wp-content\/uploads\/sites\/2\/2023\/05\/10110358\/417_oeko_tex_tandart100-420x315.jpg 420w, https:\/\/huppashop-prod.s3.eu-north-1.amazonaws.com\/wp-content\/uploads\/sites\/2\/2023\/05\/10110358\/417_oeko_tex_tandart100-100x75.jpg 100w, https:\/\/huppashop-prod.s3.eu-north-1.amazonaws.com\/wp-content\/uploads\/sites\/2\/2023\/05\/10110358\/417_oeko_tex_tandart100-632x474.jpg 632w, https:\/\/huppashop-prod.s3.eu-north-1.amazonaws.com\/wp-content\/uploads\/sites\/2\/2023\/05\/10110358\/417_oeko_tex_tandart100-600x450.jpg 600w, https:\/\/huppashop-prod.s3.eu-north-1.amazonaws.com\/wp-content\/uploads\/sites\/2\/2023\/05\/10110358\/417_oeko_tex_tandart100-178x134.jpg 178w\" sizes=\"auto, (max-width: 866px) 100vw, 866px\" \/><\/figure><div class=\"wp-block-media-text__content\">\n<h5 class=\"wp-block-heading\" id=\"pikaajalised-kogemused\">Bluesign\u00ae SYSTEM<\/h5>\n\n\n\n<p>STANDARD 100 by OEKO-TEX\u00ae on yksi maailman tunnetuimmista haitallisten aineiden varalta testattujen tekstiilien etiketeist\u00e4. Se edustaa asiakkaiden luottamusta ja korkeaa tuoteturvallisuutta.<\/p>\n\n\n\n<div class=\"wp-block-buttons is-layout-flex wp-block-buttons-is-layout-flex\">\n<div class=\"wp-block-button has-custom-width wp-block-button__width-25 has-custom-font-size is-style-outline has-small-font-size is-style-outline--4\"><a class=\"wp-block-button__link wp-element-button\" href=\"https:\/\/www.oeko-tex.com\/en\/our-standards\/oeko-tex-standard-100\" style=\"border-radius:0px\" target=\"_blank\" rel=\"noreferrer noopener\">Lue lis\u00e4\u00e4<\/a><\/div>\n<\/div>\n<\/div><\/div>\n\n\n\n<div style=\"height:60px\" aria-hidden=\"true\" class=\"wp-block-spacer\"><\/div>\n\n\n\n<div class=\"wp-block-media-text alignwide is-stacked-on-mobile\" style=\"grid-template-columns:22% auto\"><figure class=\"wp-block-media-text__media\"><img decoding=\"async\" src=\"https:\/\/huppashop-prod.s3.eu-north-1.amazonaws.com\/wp-content\/uploads\/sites\/2\/2023\/05\/10110400\/bionic_finish_eco_logo.svg\" alt=\"\" class=\"wp-image-527191 size-full\"\/><\/figure><div class=\"wp-block-media-text__content\">\n<h5 class=\"wp-block-heading\" id=\"pikaajalised-kogemused\">bionic finish\u00aeeco<\/h5>\n\n\n\n<p>Tarjoaa fluoraamattomia ja eritt\u00e4in kest\u00e4vi\u00e4 vett\u00e4hylkivi\u00e4 tekstiilipinnoitteita teknisiss\u00e4 sovelluksissa. Eritt\u00e4in tehokas ja kest\u00e4v\u00e4 suorituskyky pienill\u00e4 k\u00e4ytt\u00f6m\u00e4\u00e4rill\u00e4, mik\u00e4 ei vaikuta kankaan tuntumaan ja ulkon\u00e4k\u00f6\u00f6n. T\u00e4ytt\u00e4\u00e4 useita haastavia teknisi\u00e4 vaatimuksia. Soveltuu pitk\u00e4lle kehitettyihin teknisiin ja ulkoilusovelluksiin sek\u00e4 vapaa-ajan vaatteisiin ja muotivaatteisiin.<\/p>\n\n\n\n<div class=\"wp-block-buttons is-layout-flex wp-block-buttons-is-layout-flex\">\n<div class=\"wp-block-button has-custom-width wp-block-button__width-25 has-custom-font-size is-style-outline has-small-font-size is-style-outline--5\"><a class=\"wp-block-button__link wp-element-button\" href=\"https:\/\/www.rudolf-group.it\/en\/technology\/bionic-finish-eco\/\" style=\"border-radius:0px\" target=\"_blank\" rel=\"noreferrer noopener\">Lue lis\u00e4\u00e4<\/a><\/div>\n<\/div>\n<\/div><\/div>\n\n\n\n<div style=\"height:60px\" aria-hidden=\"true\" class=\"wp-block-spacer\"><\/div>\n\n\n\n<div class=\"wp-block-media-text alignwide is-stacked-on-mobile\" style=\"grid-template-columns:22% auto\"><figure class=\"wp-block-media-text__media\"><img loading=\"lazy\" decoding=\"async\" width=\"527\" height=\"283\" src=\"https:\/\/huppashop-prod.s3.eu-north-1.amazonaws.com\/wp-content\/uploads\/sites\/2\/2023\/05\/10110404\/Frame-1.jpg\" alt=\"\" class=\"wp-image-527193 size-full\" srcset=\"https:\/\/huppashop-prod.s3.eu-north-1.amazonaws.com\/wp-content\/uploads\/sites\/2\/2023\/05\/10110404\/Frame-1.jpg 527w, https:\/\/huppashop-prod.s3.eu-north-1.amazonaws.com\/wp-content\/uploads\/sites\/2\/2023\/05\/10110404\/Frame-1-300x161.jpg 300w, https:\/\/huppashop-prod.s3.eu-north-1.amazonaws.com\/wp-content\/uploads\/sites\/2\/2023\/05\/10110404\/Frame-1-450x242.jpg 450w, https:\/\/huppashop-prod.s3.eu-north-1.amazonaws.com\/wp-content\/uploads\/sites\/2\/2023\/05\/10110404\/Frame-1-420x226.jpg 420w, https:\/\/huppashop-prod.s3.eu-north-1.amazonaws.com\/wp-content\/uploads\/sites\/2\/2023\/05\/10110404\/Frame-1-100x54.jpg 100w, https:\/\/huppashop-prod.s3.eu-north-1.amazonaws.com\/wp-content\/uploads\/sites\/2\/2023\/05\/10110404\/Frame-1-178x96.jpg 178w\" sizes=\"auto, (max-width: 527px) 100vw, 527px\" \/><\/figure><div class=\"wp-block-media-text__content\">\n<h5 class=\"wp-block-heading\" id=\"pikaajalised-kogemused\">RDS<\/h5>\n\n\n\n<p>Responsible Down Standard (RDS) -standardi kannustaa untuva- ja h\u00f6yhenteollisuutta kohtelemaan ankkoja ja hanhia inhimillisesti ja palkitsee edell\u00e4k\u00e4vij\u00e4organisaatioita. Standardi antaa yrityksille ja kuluttajille my\u00f6s mahdollisuuden tiet\u00e4\u00e4, mit\u00e4 heid\u00e4n ostamissaan tuotteissa on.<\/p>\n\n\n\n<div class=\"wp-block-buttons is-layout-flex wp-block-buttons-is-layout-flex\">\n<div class=\"wp-block-button has-custom-width wp-block-button__width-25 has-custom-font-size is-style-outline has-small-font-size is-style-outline--6\"><a class=\"wp-block-button__link wp-element-button\" href=\"https:\/\/textileexchange.org\/responsible-down-standard\/\" style=\"border-radius:0px\" target=\"_blank\" rel=\"noreferrer noopener\">Lue lis\u00e4\u00e4<\/a><\/div>\n<\/div>\n<\/div><\/div>\n\n\n\n<div style=\"height:60px\" aria-hidden=\"true\" class=\"wp-block-spacer\"><\/div>\n","protected":false},"excerpt":{"rendered":"<p>HUPPA-SERTIFIKAATIT<\/p>\n","protected":false},"author":10,"featured_media":0,"parent":0,"menu_order":0,"comment_status":"closed","ping_status":"closed","template":"","meta":{"_acf_changed":false,"footnotes":""},"class_list":["post-527186","page","type-page","status-publish","hentry"],"acf":[],"yoast_head":"<!-- This site is optimized with the Yoast SEO plugin v26.8 - https:\/\/yoast.com\/product\/yoast-seo-wordpress\/ -->\n<title>Huppa sertifikaatit<\/title>\n<meta name=\"description\" content=\"Huppa sertifikaatit. Amfori - Global Recycled Standard - Bluesign System - \u00d6ko-tex Standard 100 - Bionic Finish Eco - RDS\" \/>\n<meta name=\"robots\" content=\"index, follow, max-snippet:-1, max-image-preview:large, max-video-preview:-1\" \/>\n<link rel=\"canonical\" href=\"https:\/\/shop.huppa.eu\/fi\/sertifikaatit\/\" \/>\n<meta property=\"og:locale\" content=\"fi_FI\" \/>\n<meta property=\"og:type\" content=\"article\" \/>\n<meta property=\"og:title\" content=\"Huppa sertifikaatit\" \/>\n<meta property=\"og:description\" content=\"Huppa sertifikaatit. Amfori - Global Recycled Standard - Bluesign System - \u00d6ko-tex Standard 100 - Bionic Finish Eco - RDS\" \/>\n<meta property=\"og:url\" content=\"https:\/\/shop.huppa.eu\/fi\/sertifikaatit\/\" \/>\n<meta property=\"og:site_name\" content=\"Huppa FI\" \/>\n<meta property=\"article:modified_time\" content=\"2024-02-22T10:02:11+00:00\" \/>\n<meta property=\"og:image\" content=\"https:\/\/shop.huppa.eu\/fi\/wp-content\/uploads\/sites\/2\/2023\/05\/amfori-logo-blue-01.jpg\" \/>\n<meta name=\"twitter:card\" content=\"summary_large_image\" \/>\n<meta name=\"twitter:label1\" content=\"Arvioitu lukuaika\" \/>\n\t<meta name=\"twitter:data1\" content=\"3 minuuttia\" \/>\n<script type=\"application\/ld+json\" class=\"yoast-schema-graph\">{\"@context\":\"https:\/\/schema.org\",\"@graph\":[{\"@type\":\"WebPage\",\"@id\":\"https:\/\/shop.huppa.eu\/fi\/sertifikaatit\/\",\"url\":\"https:\/\/shop.huppa.eu\/fi\/sertifikaatit\/\",\"name\":\"Huppa sertifikaatit\",\"isPartOf\":{\"@id\":\"https:\/\/shop.huppa.eu\/fi\/#website\"},\"primaryImageOfPage\":{\"@id\":\"https:\/\/shop.huppa.eu\/fi\/sertifikaatit\/#primaryimage\"},\"image\":{\"@id\":\"https:\/\/shop.huppa.eu\/fi\/sertifikaatit\/#primaryimage\"},\"thumbnailUrl\":\"https:\/\/shop.huppa.eu\/fi\/wp-content\/uploads\/sites\/2\/2023\/05\/amfori-logo-blue-01.jpg\",\"datePublished\":\"2023-05-10T09:02:03+00:00\",\"dateModified\":\"2024-02-22T10:02:11+00:00\",\"description\":\"Huppa sertifikaatit. Amfori - Global Recycled Standard - Bluesign System - \u00d6ko-tex Standard 100 - Bionic Finish Eco - RDS\",\"inLanguage\":\"fi\",\"potentialAction\":[{\"@type\":\"ReadAction\",\"target\":[\"https:\/\/shop.huppa.eu\/fi\/sertifikaatit\/\"]}]},{\"@type\":\"ImageObject\",\"inLanguage\":\"fi\",\"@id\":\"https:\/\/shop.huppa.eu\/fi\/sertifikaatit\/#primaryimage\",\"url\":\"https:\/\/huppashop-prod.s3.eu-north-1.amazonaws.com\/wp-content\/uploads\/sites\/2\/2023\/05\/10110359\/amfori-logo-blue-01.jpg\",\"contentUrl\":\"https:\/\/huppashop-prod.s3.eu-north-1.amazonaws.com\/wp-content\/uploads\/sites\/2\/2023\/05\/10110359\/amfori-logo-blue-01.jpg\",\"width\":356,\"height\":139},{\"@type\":\"WebSite\",\"@id\":\"https:\/\/shop.huppa.eu\/fi\/#website\",\"url\":\"https:\/\/shop.huppa.eu\/fi\/\",\"name\":\"Huppa FI\",\"description\":\"Huppa FI\",\"potentialAction\":[{\"@type\":\"SearchAction\",\"target\":{\"@type\":\"EntryPoint\",\"urlTemplate\":\"https:\/\/shop.huppa.eu\/fi\/?s={search_term_string}\"},\"query-input\":{\"@type\":\"PropertyValueSpecification\",\"valueRequired\":true,\"valueName\":\"search_term_string\"}}],\"inLanguage\":\"fi\"}]}<\/script>\n<!-- \/ Yoast SEO plugin. -->","yoast_head_json":{"title":"Huppa sertifikaatit","description":"Huppa sertifikaatit. Amfori - Global Recycled Standard - Bluesign System - \u00d6ko-tex Standard 100 - Bionic Finish Eco - RDS","robots":{"index":"index","follow":"follow","max-snippet":"max-snippet:-1","max-image-preview":"max-image-preview:large","max-video-preview":"max-video-preview:-1"},"canonical":"https:\/\/shop.huppa.eu\/fi\/sertifikaatit\/","og_locale":"fi_FI","og_type":"article","og_title":"Huppa sertifikaatit","og_description":"Huppa sertifikaatit. Amfori - Global Recycled Standard - Bluesign System - \u00d6ko-tex Standard 100 - Bionic Finish Eco - RDS","og_url":"https:\/\/shop.huppa.eu\/fi\/sertifikaatit\/","og_site_name":"Huppa FI","article_modified_time":"2024-02-22T10:02:11+00:00","og_image":[{"url":"https:\/\/shop.huppa.eu\/fi\/wp-content\/uploads\/sites\/2\/2023\/05\/amfori-logo-blue-01.jpg","type":"","width":"","height":""}],"twitter_card":"summary_large_image","twitter_misc":{"Arvioitu lukuaika":"3 minuuttia"},"schema":{"@context":"https:\/\/schema.org","@graph":[{"@type":"WebPage","@id":"https:\/\/shop.huppa.eu\/fi\/sertifikaatit\/","url":"https:\/\/shop.huppa.eu\/fi\/sertifikaatit\/","name":"Huppa sertifikaatit","isPartOf":{"@id":"https:\/\/shop.huppa.eu\/fi\/#website"},"primaryImageOfPage":{"@id":"https:\/\/shop.huppa.eu\/fi\/sertifikaatit\/#primaryimage"},"image":{"@id":"https:\/\/shop.huppa.eu\/fi\/sertifikaatit\/#primaryimage"},"thumbnailUrl":"https:\/\/shop.huppa.eu\/fi\/wp-content\/uploads\/sites\/2\/2023\/05\/amfori-logo-blue-01.jpg","datePublished":"2023-05-10T09:02:03+00:00","dateModified":"2024-02-22T10:02:11+00:00","description":"Huppa sertifikaatit. Amfori - Global Recycled Standard - Bluesign System - \u00d6ko-tex Standard 100 - Bionic Finish Eco - RDS","inLanguage":"fi","potentialAction":[{"@type":"ReadAction","target":["https:\/\/shop.huppa.eu\/fi\/sertifikaatit\/"]}]},{"@type":"ImageObject","inLanguage":"fi","@id":"https:\/\/shop.huppa.eu\/fi\/sertifikaatit\/#primaryimage","url":"https:\/\/huppashop-prod.s3.eu-north-1.amazonaws.com\/wp-content\/uploads\/sites\/2\/2023\/05\/10110359\/amfori-logo-blue-01.jpg","contentUrl":"https:\/\/huppashop-prod.s3.eu-north-1.amazonaws.com\/wp-content\/uploads\/sites\/2\/2023\/05\/10110359\/amfori-logo-blue-01.jpg","width":356,"height":139},{"@type":"WebSite","@id":"https:\/\/shop.huppa.eu\/fi\/#website","url":"https:\/\/shop.huppa.eu\/fi\/","name":"Huppa FI","description":"Huppa FI","potentialAction":[{"@type":"SearchAction","target":{"@type":"EntryPoint","urlTemplate":"https:\/\/shop.huppa.eu\/fi\/?s={search_term_string}"},"query-input":{"@type":"PropertyValueSpecification","valueRequired":true,"valueName":"search_term_string"}}],"inLanguage":"fi"}]}},"_links":{"self":[{"href":"https:\/\/shop.huppa.eu\/fi\/wp-json\/wp\/v2\/pages\/527186","targetHints":{"allow":["GET"]}}],"collection":[{"href":"https:\/\/shop.huppa.eu\/fi\/wp-json\/wp\/v2\/pages"}],"about":[{"href":"https:\/\/shop.huppa.eu\/fi\/wp-json\/wp\/v2\/types\/page"}],"author":[{"embeddable":true,"href":"https:\/\/shop.huppa.eu\/fi\/wp-json\/wp\/v2\/users\/10"}],"replies":[{"embeddable":true,"href":"https:\/\/shop.huppa.eu\/fi\/wp-json\/wp\/v2\/comments?post=527186"}],"version-history":[{"count":2,"href":"https:\/\/shop.huppa.eu\/fi\/wp-json\/wp\/v2\/pages\/527186\/revisions"}],"predecessor-version":[{"id":527195,"href":"https:\/\/shop.huppa.eu\/fi\/wp-json\/wp\/v2\/pages\/527186\/revisions\/527195"}],"wp:attachment":[{"href":"https:\/\/shop.huppa.eu\/fi\/wp-json\/wp\/v2\/media?parent=527186"}],"curies":[{"name":"wp","href":"https:\/\/api.w.org\/{rel}","templated":true}]}}