{"id":539049,"date":"2024-02-01T15:22:48","date_gmt":"2024-02-01T13:22:48","guid":{"rendered":"https:\/\/shop.huppa.eu\/fi\/?page_id=539049"},"modified":"2024-02-01T15:44:38","modified_gmt":"2024-02-01T13:44:38","slug":"hyvantekevaisyys","status":"publish","type":"page","link":"https:\/\/shop.huppa.eu\/fi\/hyvantekevaisyys\/","title":{"rendered":"Hyv\u00e4ntekev\u00e4isyys"},"content":{"rendered":"\n<h2 class=\"wp-block-heading\">Hyv\u00e4ntekev\u00e4isyys ja sponsorointi<\/h2>\n\n\n\n<div style=\"height:50px\" aria-hidden=\"true\" class=\"wp-block-spacer\"><\/div>\n\n\n\n<p class=\"has-text-align-left has-medium-font-size\">Sitoutumisemme perustuu yhteiseen tavoitteeseen: tukea, innostaa ja auttaa toisiamme. Huppa kiinnitt\u00e4\u00e4 erityist\u00e4 huomiota hyv\u00e4ntekev\u00e4isyys- ja sponsorointiprojekteihin, panostaen niihin monin tavoin. Olemme huolissamme ennen kaikkea vaikeuksissa olevista lapsiperheist\u00e4, joita tuemme Huppa-tuotteilla.\u00a0<\/p>\n\n\n\n<div style=\"height:50px\" aria-hidden=\"true\" class=\"wp-block-spacer\"><\/div>\n\n\n\n<p>Etsimme yhteisty\u00f6ss\u00e4 muiden hyv\u00e4ntekev\u00e4isyystahojen kanssa jatkuvasti uusia tapoja tukea niit\u00e4, jotka sit\u00e4 eniten tarvitsevat. Suoran auttamisen lis\u00e4ksi olemme sitoutuneet jakamaan lapsille my\u00f6s iloa ja toivoa.&nbsp;<\/p>\n\n\n\n<p>Meille aktiivinen el\u00e4m\u00e4ntapa on jotain enemp\u00e4\u00e4 kuin harrastus. Uskomme, ett\u00e4 terveellinen el\u00e4m\u00e4 alkaa liikunnasta raittiissa ilmassa. Siksi tuemme innokkaasti erilaisia urheilutapahtumia ja panostamme turvalliseen liikkumiseen pime\u00e4ss\u00e4. Osallistumme vuosittain heijastinten jakokampanjoihin, jotta ulkona liikkuminen olisi viel\u00e4kin turvallisempaa ja n\u00e4kyv\u00e4mp\u00e4\u00e4.\u00a0<\/p>\n\n\n\n<p>Tavoitteenamme on saada aikaan muutoksia, joiden vaikutus ulottuu oman yrityksemme ulkopuolelle \u2013 haluamme antaa takaisin yhteiskunnalle ja tehd\u00e4 maailmasta paremman paikan kaikille.\u00a0<\/p>\n\n\n\n<div style=\"height:50px\" aria-hidden=\"true\" class=\"wp-block-spacer\"><\/div>\n\n\n\n<p class=\"has-text-align-center\" style=\"font-size:18px\"><strong>Teemme s\u00e4\u00e4nn\u00f6llisi\u00e4 lahjoituksia erilaisille hyv\u00e4ntekev\u00e4isyys- ja sponsorointiprojekteille, mukaan lukien:&nbsp;<\/strong><\/p>\n\n\n\n<div style=\"height:10px\" aria-hidden=\"true\" class=\"wp-block-spacer\"><\/div>\n\n\n\n<div class=\"wp-block-columns are-vertically-aligned-center is-layout-flex wp-container-core-columns-is-layout-9d6595d7 wp-block-columns-is-layout-flex\">\n<div class=\"wp-block-column is-vertically-aligned-center is-layout-flow wp-block-column-is-layout-flow\" style=\"flex-basis:33.33%\">\n<figure class=\"wp-block-image size-full\"><img decoding=\"async\" src=\"https:\/\/huppashop-prod.s3.eu-north-1.amazonaws.com\/wp-content\/uploads\/2024\/02\/01133531\/FB-landscape-1.jpg\" alt=\"\" class=\"wp-image-795298\"\/><\/figure>\n<\/div>\n\n\n\n<div class=\"wp-block-column is-vertically-aligned-center is-layout-flow wp-block-column-is-layout-flow\" style=\"flex-basis:66.66%\">\n<p>Viron SOS-Lapsikyl\u00e4: tuemme heid\u00e4n missiotaan tarjota apua tarvitseville lapsille turvallista perhe-el\u00e4m\u00e4\u00e4 ja antaa heille mahdollisuus parempaan tulevaisuuteen.<\/p>\n<\/div>\n<\/div>\n\n\n\n<div class=\"wp-block-columns are-vertically-aligned-center is-layout-flex wp-container-core-columns-is-layout-9d6595d7 wp-block-columns-is-layout-flex\">\n<div class=\"wp-block-column is-vertically-aligned-center is-layout-flow wp-block-column-is-layout-flow\" style=\"flex-basis:33.33%\">\n<figure class=\"wp-block-image size-full\"><img decoding=\"async\" src=\"https:\/\/huppashop-prod.s3.eu-north-1.amazonaws.com\/wp-content\/uploads\/2024\/02\/01133539\/FB-landscape.jpg\" alt=\"\" class=\"wp-image-795299\"\/><\/figure>\n<\/div>\n\n\n\n<div class=\"wp-block-column is-vertically-aligned-center is-layout-flow wp-block-column-is-layout-flow\" style=\"flex-basis:66.66%\">\n<p>Maarja-kyl\u00e4: tuemme kehitysvammaisten aikuisten yhteis\u00f6\u00e4 heid\u00e4n arki- ja ty\u00f6el\u00e4m\u00e4n rikastamisessa.&nbsp;<\/p>\n<\/div>\n<\/div>\n\n\n\n<div style=\"height:50px\" aria-hidden=\"true\" class=\"wp-block-spacer\"><\/div>\n\n\n\n<div class=\"wp-block-columns are-vertically-aligned-center is-layout-flex wp-container-core-columns-is-layout-9d6595d7 wp-block-columns-is-layout-flex\">\n<div class=\"wp-block-column is-vertically-aligned-center is-layout-flow wp-block-column-is-layout-flow\" style=\"flex-basis:33.33%\">\n<figure class=\"wp-block-image size-full\"><img decoding=\"async\" src=\"https:\/\/huppashop-prod.s3.eu-north-1.amazonaws.com\/wp-content\/uploads\/2024\/02\/01133549\/FB-landscape-3.jpg\" alt=\"\" class=\"wp-image-795300\"\/><\/figure>\n<\/div>\n\n\n\n<div class=\"wp-block-column is-vertically-aligned-center is-layout-flow wp-block-column-is-layout-flow\" style=\"flex-basis:66.66%\">\n<p>Peaasi.ee: autamme yhdist\u00e4m\u00e4\u00e4n hyv\u00e4n mielenterveyden puolesta ponnistelevia ihmisi\u00e4 sek\u00e4 tuemme heid\u00e4n missiotaan edist\u00e4\u00e4 tietoisuutta ja henkisen avun saatavuutta.&nbsp;<\/p>\n<\/div>\n<\/div>\n\n\n\n<div style=\"height:50px\" aria-hidden=\"true\" class=\"wp-block-spacer\"><\/div>\n\n\n\n<div class=\"wp-block-columns are-vertically-aligned-center is-layout-flex wp-container-core-columns-is-layout-9d6595d7 wp-block-columns-is-layout-flex\">\n<div class=\"wp-block-column is-vertically-aligned-center is-layout-flow wp-block-column-is-layout-flow\" style=\"flex-basis:33.33%\">\n<figure class=\"wp-block-image size-full\"><img decoding=\"async\" src=\"https:\/\/huppashop-prod.s3.eu-north-1.amazonaws.com\/wp-content\/uploads\/2024\/02\/01133553\/FB-landscape-2.jpg\" alt=\"\" class=\"wp-image-795301\"\/><\/figure>\n<\/div>\n\n\n\n<div class=\"wp-block-column is-vertically-aligned-center is-layout-flow wp-block-column-is-layout-flow\" style=\"flex-basis:66.66%\">\n<p class=\"has-text-align-left\">Kalev-urheiluseuran py\u00f6r\u00e4koulu: autamme nuoria l\u00f6yt\u00e4m\u00e4\u00e4n iloa urheilun harrastamisesta ja tiimity\u00f6st\u00e4 erilaisten liikuntatoimintojen kautta.&nbsp;<\/p>\n<\/div>\n<\/div>\n\n\n\n<div style=\"height:50px\" aria-hidden=\"true\" class=\"wp-block-spacer\"><\/div>\n\n\n\n<div style=\"height:70px\" aria-hidden=\"true\" class=\"wp-block-spacer\"><\/div>\n","protected":false},"excerpt":{"rendered":"<p>Hyv\u00e4ntekev\u00e4isyys ja sponsorointi Sitoutumisemme perustuu yhteiseen tavoitteeseen: tukea, innostaa ja auttaa toisiamme. Huppa kiinnitt\u00e4\u00e4 erityist\u00e4 huomiota hyv\u00e4ntekev\u00e4isyys- ja sponsorointiprojekteihin, panostaen niihin monin tavoin. Olemme huolissamme ennen kaikkea vaikeuksissa olevista lapsiperheist\u00e4, joita tuemme Huppa-tuotteilla.\u00a0 Etsimme yhteisty\u00f6ss\u00e4 muiden hyv\u00e4ntekev\u00e4isyystahojen kanssa jatkuvasti uusia tapoja tukea niit\u00e4, jotka sit\u00e4 eniten tarvitsevat. Suoran auttamisen lis\u00e4ksi olemme sitoutuneet jakamaan lapsille my\u00f6s [&hellip;]<\/p>\n","protected":false},"author":10,"featured_media":0,"parent":0,"menu_order":0,"comment_status":"closed","ping_status":"closed","template":"","meta":{"_acf_changed":false,"footnotes":""},"class_list":["post-539049","page","type-page","status-publish","hentry"],"acf":[],"yoast_head":"<!-- This site is optimized with the Yoast SEO plugin v26.8 - https:\/\/yoast.com\/product\/yoast-seo-wordpress\/ -->\n<title>Hyv\u00e4ntekev\u00e4isyys - Huppa FI<\/title>\n<meta name=\"description\" content=\"Olemme huolissamme ennen kaikkea vaikeuksissa olevista lapsiperheist\u00e4, joita tuemme Huppa-tuotteilla.\" \/>\n<meta name=\"robots\" content=\"index, follow, max-snippet:-1, max-image-preview:large, max-video-preview:-1\" \/>\n<link rel=\"canonical\" href=\"https:\/\/shop.huppa.eu\/fi\/hyvantekevaisyys\/\" \/>\n<meta property=\"og:locale\" content=\"fi_FI\" \/>\n<meta property=\"og:type\" content=\"article\" \/>\n<meta property=\"og:title\" content=\"Hyv\u00e4ntekev\u00e4isyys - Huppa FI\" \/>\n<meta property=\"og:description\" content=\"Olemme huolissamme ennen kaikkea vaikeuksissa olevista lapsiperheist\u00e4, joita tuemme Huppa-tuotteilla.\" \/>\n<meta property=\"og:url\" content=\"https:\/\/shop.huppa.eu\/fi\/hyvantekevaisyys\/\" \/>\n<meta property=\"og:site_name\" content=\"Huppa FI\" \/>\n<meta property=\"article:modified_time\" content=\"2024-02-01T13:44:38+00:00\" \/>\n<meta property=\"og:image\" content=\"https:\/\/huppashop-prod.s3.eu-north-1.amazonaws.com\/wp-content\/uploads\/2024\/02\/01133531\/FB-landscape-1.jpg\" \/>\n<meta name=\"twitter:card\" content=\"summary_large_image\" \/>\n<meta name=\"twitter:label1\" content=\"Arvioitu lukuaika\" \/>\n\t<meta name=\"twitter:data1\" content=\"2 minuuttia\" \/>\n<script type=\"application\/ld+json\" class=\"yoast-schema-graph\">{\"@context\":\"https:\/\/schema.org\",\"@graph\":[{\"@type\":\"WebPage\",\"@id\":\"https:\/\/shop.huppa.eu\/fi\/hyvantekevaisyys\/\",\"url\":\"https:\/\/shop.huppa.eu\/fi\/hyvantekevaisyys\/\",\"name\":\"Hyv\u00e4ntekev\u00e4isyys - Huppa FI\",\"isPartOf\":{\"@id\":\"https:\/\/shop.huppa.eu\/fi\/#website\"},\"primaryImageOfPage\":{\"@id\":\"https:\/\/shop.huppa.eu\/fi\/hyvantekevaisyys\/#primaryimage\"},\"image\":{\"@id\":\"https:\/\/shop.huppa.eu\/fi\/hyvantekevaisyys\/#primaryimage\"},\"thumbnailUrl\":\"https:\/\/huppashop-prod.s3.eu-north-1.amazonaws.com\/wp-content\/uploads\/2024\/02\/01133531\/FB-landscape-1.jpg\",\"datePublished\":\"2024-02-01T13:22:48+00:00\",\"dateModified\":\"2024-02-01T13:44:38+00:00\",\"description\":\"Olemme huolissamme ennen kaikkea vaikeuksissa olevista lapsiperheist\u00e4, joita tuemme Huppa-tuotteilla.\",\"inLanguage\":\"fi\",\"potentialAction\":[{\"@type\":\"ReadAction\",\"target\":[\"https:\/\/shop.huppa.eu\/fi\/hyvantekevaisyys\/\"]}]},{\"@type\":\"ImageObject\",\"inLanguage\":\"fi\",\"@id\":\"https:\/\/shop.huppa.eu\/fi\/hyvantekevaisyys\/#primaryimage\",\"url\":\"https:\/\/huppashop-prod.s3.eu-north-1.amazonaws.com\/wp-content\/uploads\/2024\/02\/01133531\/FB-landscape-1.jpg\",\"contentUrl\":\"https:\/\/huppashop-prod.s3.eu-north-1.amazonaws.com\/wp-content\/uploads\/2024\/02\/01133531\/FB-landscape-1.jpg\"},{\"@type\":\"WebSite\",\"@id\":\"https:\/\/shop.huppa.eu\/fi\/#website\",\"url\":\"https:\/\/shop.huppa.eu\/fi\/\",\"name\":\"Huppa FI\",\"description\":\"Huppa FI\",\"potentialAction\":[{\"@type\":\"SearchAction\",\"target\":{\"@type\":\"EntryPoint\",\"urlTemplate\":\"https:\/\/shop.huppa.eu\/fi\/?s={search_term_string}\"},\"query-input\":{\"@type\":\"PropertyValueSpecification\",\"valueRequired\":true,\"valueName\":\"search_term_string\"}}],\"inLanguage\":\"fi\"}]}<\/script>\n<!-- \/ Yoast SEO plugin. -->","yoast_head_json":{"title":"Hyv\u00e4ntekev\u00e4isyys - Huppa FI","description":"Olemme huolissamme ennen kaikkea vaikeuksissa olevista lapsiperheist\u00e4, joita tuemme Huppa-tuotteilla.","robots":{"index":"index","follow":"follow","max-snippet":"max-snippet:-1","max-image-preview":"max-image-preview:large","max-video-preview":"max-video-preview:-1"},"canonical":"https:\/\/shop.huppa.eu\/fi\/hyvantekevaisyys\/","og_locale":"fi_FI","og_type":"article","og_title":"Hyv\u00e4ntekev\u00e4isyys - Huppa FI","og_description":"Olemme huolissamme ennen kaikkea vaikeuksissa olevista lapsiperheist\u00e4, joita tuemme Huppa-tuotteilla.","og_url":"https:\/\/shop.huppa.eu\/fi\/hyvantekevaisyys\/","og_site_name":"Huppa FI","article_modified_time":"2024-02-01T13:44:38+00:00","og_image":[{"url":"https:\/\/huppashop-prod.s3.eu-north-1.amazonaws.com\/wp-content\/uploads\/2024\/02\/01133531\/FB-landscape-1.jpg","type":"","width":"","height":""}],"twitter_card":"summary_large_image","twitter_misc":{"Arvioitu lukuaika":"2 minuuttia"},"schema":{"@context":"https:\/\/schema.org","@graph":[{"@type":"WebPage","@id":"https:\/\/shop.huppa.eu\/fi\/hyvantekevaisyys\/","url":"https:\/\/shop.huppa.eu\/fi\/hyvantekevaisyys\/","name":"Hyv\u00e4ntekev\u00e4isyys - Huppa FI","isPartOf":{"@id":"https:\/\/shop.huppa.eu\/fi\/#website"},"primaryImageOfPage":{"@id":"https:\/\/shop.huppa.eu\/fi\/hyvantekevaisyys\/#primaryimage"},"image":{"@id":"https:\/\/shop.huppa.eu\/fi\/hyvantekevaisyys\/#primaryimage"},"thumbnailUrl":"https:\/\/huppashop-prod.s3.eu-north-1.amazonaws.com\/wp-content\/uploads\/2024\/02\/01133531\/FB-landscape-1.jpg","datePublished":"2024-02-01T13:22:48+00:00","dateModified":"2024-02-01T13:44:38+00:00","description":"Olemme huolissamme ennen kaikkea vaikeuksissa olevista lapsiperheist\u00e4, joita tuemme Huppa-tuotteilla.","inLanguage":"fi","potentialAction":[{"@type":"ReadAction","target":["https:\/\/shop.huppa.eu\/fi\/hyvantekevaisyys\/"]}]},{"@type":"ImageObject","inLanguage":"fi","@id":"https:\/\/shop.huppa.eu\/fi\/hyvantekevaisyys\/#primaryimage","url":"https:\/\/huppashop-prod.s3.eu-north-1.amazonaws.com\/wp-content\/uploads\/2024\/02\/01133531\/FB-landscape-1.jpg","contentUrl":"https:\/\/huppashop-prod.s3.eu-north-1.amazonaws.com\/wp-content\/uploads\/2024\/02\/01133531\/FB-landscape-1.jpg"},{"@type":"WebSite","@id":"https:\/\/shop.huppa.eu\/fi\/#website","url":"https:\/\/shop.huppa.eu\/fi\/","name":"Huppa FI","description":"Huppa FI","potentialAction":[{"@type":"SearchAction","target":{"@type":"EntryPoint","urlTemplate":"https:\/\/shop.huppa.eu\/fi\/?s={search_term_string}"},"query-input":{"@type":"PropertyValueSpecification","valueRequired":true,"valueName":"search_term_string"}}],"inLanguage":"fi"}]}},"_links":{"self":[{"href":"https:\/\/shop.huppa.eu\/fi\/wp-json\/wp\/v2\/pages\/539049","targetHints":{"allow":["GET"]}}],"collection":[{"href":"https:\/\/shop.huppa.eu\/fi\/wp-json\/wp\/v2\/pages"}],"about":[{"href":"https:\/\/shop.huppa.eu\/fi\/wp-json\/wp\/v2\/types\/page"}],"author":[{"embeddable":true,"href":"https:\/\/shop.huppa.eu\/fi\/wp-json\/wp\/v2\/users\/10"}],"replies":[{"embeddable":true,"href":"https:\/\/shop.huppa.eu\/fi\/wp-json\/wp\/v2\/comments?post=539049"}],"version-history":[{"count":3,"href":"https:\/\/shop.huppa.eu\/fi\/wp-json\/wp\/v2\/pages\/539049\/revisions"}],"predecessor-version":[{"id":539054,"href":"https:\/\/shop.huppa.eu\/fi\/wp-json\/wp\/v2\/pages\/539049\/revisions\/539054"}],"wp:attachment":[{"href":"https:\/\/shop.huppa.eu\/fi\/wp-json\/wp\/v2\/media?parent=539049"}],"curies":[{"name":"wp","href":"https:\/\/api.w.org\/{rel}","templated":true}]}}