{"id":483613,"date":"2022-03-13T05:24:52","date_gmt":"2022-03-13T03:24:52","guid":{"rendered":"https:\/\/shop.huppa.eu\/fi\/product\/marinel-2-140g-2\/"},"modified":"2026-04-16T05:31:05","modified_gmt":"2026-04-16T03:31:05","slug":"marinel-2-140g-2","status":"publish","type":"product","link":"https:\/\/shop.huppa.eu\/fi\/product\/marinel-2-140g-2\/","title":{"rendered":"Poikinen kev\u00e4t-syksy takki MARINEL 2 (140g)"},"content":{"rendered":"<p>Klassinen lasten takki 140 g eristyksell\u00e4. Takissa on pehme\u00e4 taftivuori ja vedenpit\u00e4v\u00e4 ja tuulenpit\u00e4v\u00e4 hengitt\u00e4v\u00e4 ulkokangas, joka sopii hyvin pohjoiseen ilmastoon. Irrotettava huppu, kumise hihansuut ja taskut tekev\u00e4t siit\u00e4 mukavan k\u00e4ytt\u00e4\u00e4. Poikkileikkausten heijastavat yksityiskohdat lis\u00e4\u00e4v\u00e4t turvallisuutta my\u00f6s pime\u00e4ss\u00e4 lumessa leikkiess\u00e4.<\/p>\n","protected":false},"excerpt":{"rendered":"<p>Klassinen lasten takki 140 g eristyksell\u00e4. Takissa on pehme\u00e4 taftivuori ja vedenpit\u00e4v\u00e4 ja tuulenpit\u00e4v\u00e4 hengitt\u00e4v\u00e4 ulkokangas, joka sopii hyvin pohjoiseen ilmastoon. Irrotettava huppu, kumise hihansuut ja taskut tekev\u00e4t siit\u00e4 mukavan k\u00e4ytt\u00e4\u00e4. Poikkileikkausten heijastavat yksityiskohdat lis\u00e4\u00e4v\u00e4t turvallisuutta my\u00f6s pime\u00e4ss\u00e4 lumessa leikkiess\u00e4.<\/p>\n","protected":false},"featured_media":471632,"template":"","meta":{"_acf_changed":false},"product_brand":[],"product_cat":[145,146,148,149,147],"product_tag":[],"class_list":{"0":"post-483613","1":"product","2":"type-product","3":"status-publish","4":"has-post-thumbnail","6":"product_cat-lapset","7":"product_cat-takit","8":"product_cat-pojat","9":"product_cat-takit-pojat","10":"product_cat-takit-2","11":"pa_eristyksen-paino-140g","12":"pa_kokoelma-nr-w21-22","13":"pa_outlet-yes","15":"first","16":"instock","17":"sale","18":"taxable","19":"shipping-taxable","20":"purchasable","21":"product-type-variable"},"acf":[],"yoast_head":"<!-- This site is optimized with the Yoast SEO plugin v26.8 - https:\/\/yoast.com\/product\/yoast-seo-wordpress\/ -->\n<title>Poikinen kev\u00e4t-syksy takki MARINEL 2 (140g) - Huppa FI<\/title>\n<meta name=\"robots\" content=\"index, follow, max-snippet:-1, max-image-preview:large, max-video-preview:-1\" \/>\n<link rel=\"canonical\" href=\"https:\/\/shop.huppa.eu\/fi\/product\/marinel-2-140g-2\/\" \/>\n<meta property=\"og:locale\" content=\"fi_FI\" \/>\n<meta property=\"og:type\" content=\"article\" \/>\n<meta property=\"og:title\" content=\"Poikinen kev\u00e4t-syksy takki MARINEL 2 (140g) - Huppa FI\" \/>\n<meta property=\"og:description\" content=\"Klassinen lasten takki 140 g eristyksell\u00e4. Takissa on pehme\u00e4 taftivuori ja vedenpit\u00e4v\u00e4 ja tuulenpit\u00e4v\u00e4 hengitt\u00e4v\u00e4 ulkokangas, joka sopii hyvin pohjoiseen ilmastoon. Irrotettava huppu, kumise hihansuut ja taskut tekev\u00e4t siit\u00e4 mukavan k\u00e4ytt\u00e4\u00e4. Poikkileikkausten heijastavat yksityiskohdat lis\u00e4\u00e4v\u00e4t turvallisuutta my\u00f6s pime\u00e4ss\u00e4 lumessa leikkiess\u00e4.\" \/>\n<meta property=\"og:url\" content=\"https:\/\/shop.huppa.eu\/fi\/product\/marinel-2-140g-2\/\" \/>\n<meta property=\"og:site_name\" content=\"Huppa FI\" \/>\n<meta property=\"article:modified_time\" content=\"2026-04-16T03:31:05+00:00\" \/>\n<meta property=\"og:image\" content=\"https:\/\/huppashop-prod.s3.eu-north-1.amazonaws.com\/wp-content\/uploads\/sites\/5\/2021\/10\/24063401\/17200214-12347-MARINEL2_f.jpg\" \/>\n\t<meta property=\"og:image:width\" content=\"1200\" \/>\n\t<meta property=\"og:image:height\" content=\"1200\" \/>\n\t<meta property=\"og:image:type\" content=\"image\/jpeg\" \/>\n<meta name=\"twitter:card\" content=\"summary_large_image\" \/>\n<script type=\"application\/ld+json\" class=\"yoast-schema-graph\">{\"@context\":\"https:\/\/schema.org\",\"@graph\":[{\"@type\":\"WebPage\",\"@id\":\"https:\/\/shop.huppa.eu\/fi\/product\/marinel-2-140g-2\/\",\"url\":\"https:\/\/shop.huppa.eu\/fi\/product\/marinel-2-140g-2\/\",\"name\":\"Poikinen kev\u00e4t-syksy takki MARINEL 2 (140g) - Huppa FI\",\"isPartOf\":{\"@id\":\"https:\/\/shop.huppa.eu\/fi\/#website\"},\"primaryImageOfPage\":{\"@id\":\"https:\/\/shop.huppa.eu\/fi\/product\/marinel-2-140g-2\/#primaryimage\"},\"image\":{\"@id\":\"https:\/\/shop.huppa.eu\/fi\/product\/marinel-2-140g-2\/#primaryimage\"},\"thumbnailUrl\":\"https:\/\/huppashop-prod.s3.eu-north-1.amazonaws.com\/wp-content\/uploads\/sites\/5\/2021\/10\/24063401\/17200214-12347-MARINEL2_f.jpg\",\"datePublished\":\"2022-03-13T03:24:52+00:00\",\"dateModified\":\"2026-04-16T03:31:05+00:00\",\"breadcrumb\":{\"@id\":\"https:\/\/shop.huppa.eu\/fi\/product\/marinel-2-140g-2\/#breadcrumb\"},\"inLanguage\":\"fi\",\"potentialAction\":[{\"@type\":\"ReadAction\",\"target\":[\"https:\/\/shop.huppa.eu\/fi\/product\/marinel-2-140g-2\/\"]}]},{\"@type\":\"ImageObject\",\"inLanguage\":\"fi\",\"@id\":\"https:\/\/shop.huppa.eu\/fi\/product\/marinel-2-140g-2\/#primaryimage\",\"url\":\"https:\/\/huppashop-prod.s3.eu-north-1.amazonaws.com\/wp-content\/uploads\/sites\/5\/2021\/10\/24063401\/17200214-12347-MARINEL2_f.jpg\",\"contentUrl\":\"https:\/\/huppashop-prod.s3.eu-north-1.amazonaws.com\/wp-content\/uploads\/sites\/5\/2021\/10\/24063401\/17200214-12347-MARINEL2_f.jpg\",\"width\":1200,\"height\":1200},{\"@type\":\"BreadcrumbList\",\"@id\":\"https:\/\/shop.huppa.eu\/fi\/product\/marinel-2-140g-2\/#breadcrumb\",\"itemListElement\":[{\"@type\":\"ListItem\",\"position\":1,\"name\":\"Shop\",\"item\":\"https:\/\/shop.huppa.eu\/fi\/shop\/\"},{\"@type\":\"ListItem\",\"position\":2,\"name\":\"Poikinen kev\u00e4t-syksy takki MARINEL 2 (140g)\"}]},{\"@type\":\"WebSite\",\"@id\":\"https:\/\/shop.huppa.eu\/fi\/#website\",\"url\":\"https:\/\/shop.huppa.eu\/fi\/\",\"name\":\"Huppa FI\",\"description\":\"Huppa FI\",\"potentialAction\":[{\"@type\":\"SearchAction\",\"target\":{\"@type\":\"EntryPoint\",\"urlTemplate\":\"https:\/\/shop.huppa.eu\/fi\/?s={search_term_string}\"},\"query-input\":{\"@type\":\"PropertyValueSpecification\",\"valueRequired\":true,\"valueName\":\"search_term_string\"}}],\"inLanguage\":\"fi\"}]}<\/script>\n<!-- \/ Yoast SEO plugin. -->","yoast_head_json":{"title":"Poikinen kev\u00e4t-syksy takki MARINEL 2 (140g) - Huppa FI","robots":{"index":"index","follow":"follow","max-snippet":"max-snippet:-1","max-image-preview":"max-image-preview:large","max-video-preview":"max-video-preview:-1"},"canonical":"https:\/\/shop.huppa.eu\/fi\/product\/marinel-2-140g-2\/","og_locale":"fi_FI","og_type":"article","og_title":"Poikinen kev\u00e4t-syksy takki MARINEL 2 (140g) - Huppa FI","og_description":"Klassinen lasten takki 140 g eristyksell\u00e4. Takissa on pehme\u00e4 taftivuori ja vedenpit\u00e4v\u00e4 ja tuulenpit\u00e4v\u00e4 hengitt\u00e4v\u00e4 ulkokangas, joka sopii hyvin pohjoiseen ilmastoon. Irrotettava huppu, kumise hihansuut ja taskut tekev\u00e4t siit\u00e4 mukavan k\u00e4ytt\u00e4\u00e4. Poikkileikkausten heijastavat yksityiskohdat lis\u00e4\u00e4v\u00e4t turvallisuutta my\u00f6s pime\u00e4ss\u00e4 lumessa leikkiess\u00e4.","og_url":"https:\/\/shop.huppa.eu\/fi\/product\/marinel-2-140g-2\/","og_site_name":"Huppa FI","article_modified_time":"2026-04-16T03:31:05+00:00","og_image":[{"width":1200,"height":1200,"url":"https:\/\/huppashop-prod.s3.eu-north-1.amazonaws.com\/wp-content\/uploads\/sites\/5\/2021\/10\/24063401\/17200214-12347-MARINEL2_f.jpg","type":"image\/jpeg"}],"twitter_card":"summary_large_image","schema":{"@context":"https:\/\/schema.org","@graph":[{"@type":"WebPage","@id":"https:\/\/shop.huppa.eu\/fi\/product\/marinel-2-140g-2\/","url":"https:\/\/shop.huppa.eu\/fi\/product\/marinel-2-140g-2\/","name":"Poikinen kev\u00e4t-syksy takki MARINEL 2 (140g) - Huppa FI","isPartOf":{"@id":"https:\/\/shop.huppa.eu\/fi\/#website"},"primaryImageOfPage":{"@id":"https:\/\/shop.huppa.eu\/fi\/product\/marinel-2-140g-2\/#primaryimage"},"image":{"@id":"https:\/\/shop.huppa.eu\/fi\/product\/marinel-2-140g-2\/#primaryimage"},"thumbnailUrl":"https:\/\/huppashop-prod.s3.eu-north-1.amazonaws.com\/wp-content\/uploads\/sites\/5\/2021\/10\/24063401\/17200214-12347-MARINEL2_f.jpg","datePublished":"2022-03-13T03:24:52+00:00","dateModified":"2026-04-16T03:31:05+00:00","breadcrumb":{"@id":"https:\/\/shop.huppa.eu\/fi\/product\/marinel-2-140g-2\/#breadcrumb"},"inLanguage":"fi","potentialAction":[{"@type":"ReadAction","target":["https:\/\/shop.huppa.eu\/fi\/product\/marinel-2-140g-2\/"]}]},{"@type":"ImageObject","inLanguage":"fi","@id":"https:\/\/shop.huppa.eu\/fi\/product\/marinel-2-140g-2\/#primaryimage","url":"https:\/\/huppashop-prod.s3.eu-north-1.amazonaws.com\/wp-content\/uploads\/sites\/5\/2021\/10\/24063401\/17200214-12347-MARINEL2_f.jpg","contentUrl":"https:\/\/huppashop-prod.s3.eu-north-1.amazonaws.com\/wp-content\/uploads\/sites\/5\/2021\/10\/24063401\/17200214-12347-MARINEL2_f.jpg","width":1200,"height":1200},{"@type":"BreadcrumbList","@id":"https:\/\/shop.huppa.eu\/fi\/product\/marinel-2-140g-2\/#breadcrumb","itemListElement":[{"@type":"ListItem","position":1,"name":"Shop","item":"https:\/\/shop.huppa.eu\/fi\/shop\/"},{"@type":"ListItem","position":2,"name":"Poikinen kev\u00e4t-syksy takki MARINEL 2 (140g)"}]},{"@type":"WebSite","@id":"https:\/\/shop.huppa.eu\/fi\/#website","url":"https:\/\/shop.huppa.eu\/fi\/","name":"Huppa FI","description":"Huppa FI","potentialAction":[{"@type":"SearchAction","target":{"@type":"EntryPoint","urlTemplate":"https:\/\/shop.huppa.eu\/fi\/?s={search_term_string}"},"query-input":{"@type":"PropertyValueSpecification","valueRequired":true,"valueName":"search_term_string"}}],"inLanguage":"fi"}]}},"_links":{"self":[{"href":"https:\/\/shop.huppa.eu\/fi\/wp-json\/wp\/v2\/product\/483613","targetHints":{"allow":["GET"]}}],"collection":[{"href":"https:\/\/shop.huppa.eu\/fi\/wp-json\/wp\/v2\/product"}],"about":[{"href":"https:\/\/shop.huppa.eu\/fi\/wp-json\/wp\/v2\/types\/product"}],"wp:featuredmedia":[{"embeddable":true,"href":"https:\/\/shop.huppa.eu\/fi\/wp-json\/wp\/v2\/media\/471632"}],"wp:attachment":[{"href":"https:\/\/shop.huppa.eu\/fi\/wp-json\/wp\/v2\/media?parent=483613"}],"wp:term":[{"taxonomy":"product_brand","embeddable":true,"href":"https:\/\/shop.huppa.eu\/fi\/wp-json\/wp\/v2\/product_brand?post=483613"},{"taxonomy":"product_cat","embeddable":true,"href":"https:\/\/shop.huppa.eu\/fi\/wp-json\/wp\/v2\/product_cat?post=483613"},{"taxonomy":"product_tag","embeddable":true,"href":"https:\/\/shop.huppa.eu\/fi\/wp-json\/wp\/v2\/product_tag?post=483613"}],"curies":[{"name":"wp","href":"https:\/\/api.w.org\/{rel}","templated":true}]}}