{"id":484278,"date":"2022-03-13T06:01:52","date_gmt":"2022-03-13T04:01:52","guid":{"rendered":"https:\/\/shop.huppa.eu\/fi\/product\/poikien-untuva-parkatakki-lucas-1-t-sininen\/"},"modified":"2026-04-16T05:35:08","modified_gmt":"2026-04-16T03:35:08","slug":"poikien-untuva-parkatakki-lucas-1-t-sininen","status":"publish","type":"product","link":"https:\/\/shop.huppa.eu\/fi\/product\/poikien-untuva-parkatakki-lucas-1-t-sininen\/","title":{"rendered":"Poikinen talvitakki LUCAS 1 (DOWN)"},"content":{"rendered":"<p>Poikien untuvaparka. Parkan ulkokangas on tuulen- ja vedenpit\u00e4v\u00e4\u00e4, sis\u00e4ll\u00e4 taftivuori. T\u00e4ytteen\u00e4 50\u00a0% h\u00f6yheni\u00e4 ja 50\u00a0% untuvaa. Joustavat sis\u00e4rannekkeet ja s\u00e4\u00e4dett\u00e4v\u00e4 vy\u00f6t\u00e4r\u00f6 pit\u00e4v\u00e4t kylm\u00e4n ja kosteuden loitolla. Ulkokankaassa heijastavat elementit. Irrotettava huppu kiinnittyy kaulukseen neppareilla, hupussa irrotettava luonnonturkisreunus. Parkan vetoketju avautuu sek\u00e4 ylh\u00e4\u00e4lt\u00e4 ett\u00e4 alhaalta, taskuissa vetoketjut ja nepparit.<\/p>\n","protected":false},"excerpt":{"rendered":"<p>Poikien untuvaparka. Parkan ulkokangas on tuulen- ja vedenpit\u00e4v\u00e4\u00e4, sis\u00e4ll\u00e4 taftivuori. T\u00e4ytteen\u00e4 50\u00a0% h\u00f6yheni\u00e4 ja 50\u00a0% untuvaa. Joustavat sis\u00e4rannekkeet ja s\u00e4\u00e4dett\u00e4v\u00e4 vy\u00f6t\u00e4r\u00f6 pit\u00e4v\u00e4t kylm\u00e4n ja kosteuden loitolla. Ulkokankaassa heijastavat elementit. Irrotettava huppu kiinnittyy kaulukseen neppareilla, hupussa irrotettava luonnonturkisreunus. Parkan vetoketju avautuu sek\u00e4 ylh\u00e4\u00e4lt\u00e4 ett\u00e4 alhaalta, taskuissa vetoketjut ja nepparit.<\/p>\n","protected":false},"featured_media":484265,"template":"","meta":{"_acf_changed":false},"product_brand":[],"product_cat":[145,165,161,148,664],"product_tag":[],"class_list":{"0":"post-484278","1":"product","2":"type-product","3":"status-publish","4":"has-post-thumbnail","6":"product_cat-lapset","7":"product_cat-parkatakit-lapset","8":"product_cat-parkatakit","9":"product_cat-pojat","10":"product_cat-parkatakit-pojat","11":"pa_eristyksen-paino-down","12":"pa_kokoelma-nr-w19-20","13":"pa_outlet-yes","15":"first","16":"instock","17":"sale","18":"taxable","19":"shipping-taxable","20":"purchasable","21":"product-type-variable"},"acf":[],"yoast_head":"<!-- This site is optimized with the Yoast SEO plugin v26.8 - https:\/\/yoast.com\/product\/yoast-seo-wordpress\/ -->\n<title>Poikinen talvitakki LUCAS 1 (DOWN) - Huppa FI<\/title>\n<meta name=\"robots\" content=\"index, follow, max-snippet:-1, max-image-preview:large, max-video-preview:-1\" \/>\n<link rel=\"canonical\" href=\"https:\/\/shop.huppa.eu\/fi\/product\/poikien-untuva-parkatakki-lucas-1-t-sininen\/\" \/>\n<meta property=\"og:locale\" content=\"fi_FI\" \/>\n<meta property=\"og:type\" content=\"article\" \/>\n<meta property=\"og:title\" content=\"Poikinen talvitakki LUCAS 1 (DOWN) - Huppa FI\" \/>\n<meta property=\"og:description\" content=\"Poikien untuvaparka. Parkan ulkokangas on tuulen- ja vedenpit\u00e4v\u00e4\u00e4, sis\u00e4ll\u00e4 taftivuori. T\u00e4ytteen\u00e4 50\u00a0% h\u00f6yheni\u00e4 ja 50\u00a0% untuvaa. Joustavat sis\u00e4rannekkeet ja s\u00e4\u00e4dett\u00e4v\u00e4 vy\u00f6t\u00e4r\u00f6 pit\u00e4v\u00e4t kylm\u00e4n ja kosteuden loitolla. Ulkokankaassa heijastavat elementit. Irrotettava huppu kiinnittyy kaulukseen neppareilla, hupussa irrotettava luonnonturkisreunus. Parkan vetoketju avautuu sek\u00e4 ylh\u00e4\u00e4lt\u00e4 ett\u00e4 alhaalta, taskuissa vetoketjut ja nepparit.\" \/>\n<meta property=\"og:url\" content=\"https:\/\/shop.huppa.eu\/fi\/product\/poikien-untuva-parkatakki-lucas-1-t-sininen\/\" \/>\n<meta property=\"og:site_name\" content=\"Huppa FI\" \/>\n<meta property=\"article:modified_time\" content=\"2026-04-16T03:35:08+00:00\" \/>\n<meta property=\"og:image\" content=\"https:\/\/huppashop-prod.s3.eu-north-1.amazonaws.com\/wp-content\/uploads\/sites\/2\/2022\/03\/13060308\/17770055-70086-LUCASMf.jpg\" \/>\n\t<meta property=\"og:image:width\" content=\"800\" \/>\n\t<meta property=\"og:image:height\" content=\"800\" \/>\n\t<meta property=\"og:image:type\" content=\"image\/jpeg\" \/>\n<meta name=\"twitter:card\" content=\"summary_large_image\" \/>\n<script type=\"application\/ld+json\" class=\"yoast-schema-graph\">{\"@context\":\"https:\/\/schema.org\",\"@graph\":[{\"@type\":\"WebPage\",\"@id\":\"https:\/\/shop.huppa.eu\/fi\/product\/poikien-untuva-parkatakki-lucas-1-t-sininen\/\",\"url\":\"https:\/\/shop.huppa.eu\/fi\/product\/poikien-untuva-parkatakki-lucas-1-t-sininen\/\",\"name\":\"Poikinen talvitakki LUCAS 1 (DOWN) - Huppa FI\",\"isPartOf\":{\"@id\":\"https:\/\/shop.huppa.eu\/fi\/#website\"},\"primaryImageOfPage\":{\"@id\":\"https:\/\/shop.huppa.eu\/fi\/product\/poikien-untuva-parkatakki-lucas-1-t-sininen\/#primaryimage\"},\"image\":{\"@id\":\"https:\/\/shop.huppa.eu\/fi\/product\/poikien-untuva-parkatakki-lucas-1-t-sininen\/#primaryimage\"},\"thumbnailUrl\":\"https:\/\/huppashop-prod.s3.eu-north-1.amazonaws.com\/wp-content\/uploads\/sites\/2\/2022\/03\/13060308\/17770055-70086-LUCASMf.jpg\",\"datePublished\":\"2022-03-13T04:01:52+00:00\",\"dateModified\":\"2026-04-16T03:35:08+00:00\",\"breadcrumb\":{\"@id\":\"https:\/\/shop.huppa.eu\/fi\/product\/poikien-untuva-parkatakki-lucas-1-t-sininen\/#breadcrumb\"},\"inLanguage\":\"fi\",\"potentialAction\":[{\"@type\":\"ReadAction\",\"target\":[\"https:\/\/shop.huppa.eu\/fi\/product\/poikien-untuva-parkatakki-lucas-1-t-sininen\/\"]}]},{\"@type\":\"ImageObject\",\"inLanguage\":\"fi\",\"@id\":\"https:\/\/shop.huppa.eu\/fi\/product\/poikien-untuva-parkatakki-lucas-1-t-sininen\/#primaryimage\",\"url\":\"https:\/\/huppashop-prod.s3.eu-north-1.amazonaws.com\/wp-content\/uploads\/sites\/2\/2022\/03\/13060308\/17770055-70086-LUCASMf.jpg\",\"contentUrl\":\"https:\/\/huppashop-prod.s3.eu-north-1.amazonaws.com\/wp-content\/uploads\/sites\/2\/2022\/03\/13060308\/17770055-70086-LUCASMf.jpg\",\"width\":800,\"height\":800},{\"@type\":\"BreadcrumbList\",\"@id\":\"https:\/\/shop.huppa.eu\/fi\/product\/poikien-untuva-parkatakki-lucas-1-t-sininen\/#breadcrumb\",\"itemListElement\":[{\"@type\":\"ListItem\",\"position\":1,\"name\":\"Shop\",\"item\":\"https:\/\/shop.huppa.eu\/fi\/shop\/\"},{\"@type\":\"ListItem\",\"position\":2,\"name\":\"Poikinen talvitakki LUCAS 1 (DOWN)\"}]},{\"@type\":\"WebSite\",\"@id\":\"https:\/\/shop.huppa.eu\/fi\/#website\",\"url\":\"https:\/\/shop.huppa.eu\/fi\/\",\"name\":\"Huppa FI\",\"description\":\"Huppa FI\",\"potentialAction\":[{\"@type\":\"SearchAction\",\"target\":{\"@type\":\"EntryPoint\",\"urlTemplate\":\"https:\/\/shop.huppa.eu\/fi\/?s={search_term_string}\"},\"query-input\":{\"@type\":\"PropertyValueSpecification\",\"valueRequired\":true,\"valueName\":\"search_term_string\"}}],\"inLanguage\":\"fi\"}]}<\/script>\n<!-- \/ Yoast SEO plugin. -->","yoast_head_json":{"title":"Poikinen talvitakki LUCAS 1 (DOWN) - Huppa FI","robots":{"index":"index","follow":"follow","max-snippet":"max-snippet:-1","max-image-preview":"max-image-preview:large","max-video-preview":"max-video-preview:-1"},"canonical":"https:\/\/shop.huppa.eu\/fi\/product\/poikien-untuva-parkatakki-lucas-1-t-sininen\/","og_locale":"fi_FI","og_type":"article","og_title":"Poikinen talvitakki LUCAS 1 (DOWN) - Huppa FI","og_description":"Poikien untuvaparka. Parkan ulkokangas on tuulen- ja vedenpit\u00e4v\u00e4\u00e4, sis\u00e4ll\u00e4 taftivuori. T\u00e4ytteen\u00e4 50\u00a0% h\u00f6yheni\u00e4 ja 50\u00a0% untuvaa. Joustavat sis\u00e4rannekkeet ja s\u00e4\u00e4dett\u00e4v\u00e4 vy\u00f6t\u00e4r\u00f6 pit\u00e4v\u00e4t kylm\u00e4n ja kosteuden loitolla. Ulkokankaassa heijastavat elementit. Irrotettava huppu kiinnittyy kaulukseen neppareilla, hupussa irrotettava luonnonturkisreunus. Parkan vetoketju avautuu sek\u00e4 ylh\u00e4\u00e4lt\u00e4 ett\u00e4 alhaalta, taskuissa vetoketjut ja nepparit.","og_url":"https:\/\/shop.huppa.eu\/fi\/product\/poikien-untuva-parkatakki-lucas-1-t-sininen\/","og_site_name":"Huppa FI","article_modified_time":"2026-04-16T03:35:08+00:00","og_image":[{"width":800,"height":800,"url":"https:\/\/huppashop-prod.s3.eu-north-1.amazonaws.com\/wp-content\/uploads\/sites\/2\/2022\/03\/13060308\/17770055-70086-LUCASMf.jpg","type":"image\/jpeg"}],"twitter_card":"summary_large_image","schema":{"@context":"https:\/\/schema.org","@graph":[{"@type":"WebPage","@id":"https:\/\/shop.huppa.eu\/fi\/product\/poikien-untuva-parkatakki-lucas-1-t-sininen\/","url":"https:\/\/shop.huppa.eu\/fi\/product\/poikien-untuva-parkatakki-lucas-1-t-sininen\/","name":"Poikinen talvitakki LUCAS 1 (DOWN) - Huppa FI","isPartOf":{"@id":"https:\/\/shop.huppa.eu\/fi\/#website"},"primaryImageOfPage":{"@id":"https:\/\/shop.huppa.eu\/fi\/product\/poikien-untuva-parkatakki-lucas-1-t-sininen\/#primaryimage"},"image":{"@id":"https:\/\/shop.huppa.eu\/fi\/product\/poikien-untuva-parkatakki-lucas-1-t-sininen\/#primaryimage"},"thumbnailUrl":"https:\/\/huppashop-prod.s3.eu-north-1.amazonaws.com\/wp-content\/uploads\/sites\/2\/2022\/03\/13060308\/17770055-70086-LUCASMf.jpg","datePublished":"2022-03-13T04:01:52+00:00","dateModified":"2026-04-16T03:35:08+00:00","breadcrumb":{"@id":"https:\/\/shop.huppa.eu\/fi\/product\/poikien-untuva-parkatakki-lucas-1-t-sininen\/#breadcrumb"},"inLanguage":"fi","potentialAction":[{"@type":"ReadAction","target":["https:\/\/shop.huppa.eu\/fi\/product\/poikien-untuva-parkatakki-lucas-1-t-sininen\/"]}]},{"@type":"ImageObject","inLanguage":"fi","@id":"https:\/\/shop.huppa.eu\/fi\/product\/poikien-untuva-parkatakki-lucas-1-t-sininen\/#primaryimage","url":"https:\/\/huppashop-prod.s3.eu-north-1.amazonaws.com\/wp-content\/uploads\/sites\/2\/2022\/03\/13060308\/17770055-70086-LUCASMf.jpg","contentUrl":"https:\/\/huppashop-prod.s3.eu-north-1.amazonaws.com\/wp-content\/uploads\/sites\/2\/2022\/03\/13060308\/17770055-70086-LUCASMf.jpg","width":800,"height":800},{"@type":"BreadcrumbList","@id":"https:\/\/shop.huppa.eu\/fi\/product\/poikien-untuva-parkatakki-lucas-1-t-sininen\/#breadcrumb","itemListElement":[{"@type":"ListItem","position":1,"name":"Shop","item":"https:\/\/shop.huppa.eu\/fi\/shop\/"},{"@type":"ListItem","position":2,"name":"Poikinen talvitakki LUCAS 1 (DOWN)"}]},{"@type":"WebSite","@id":"https:\/\/shop.huppa.eu\/fi\/#website","url":"https:\/\/shop.huppa.eu\/fi\/","name":"Huppa FI","description":"Huppa FI","potentialAction":[{"@type":"SearchAction","target":{"@type":"EntryPoint","urlTemplate":"https:\/\/shop.huppa.eu\/fi\/?s={search_term_string}"},"query-input":{"@type":"PropertyValueSpecification","valueRequired":true,"valueName":"search_term_string"}}],"inLanguage":"fi"}]}},"_links":{"self":[{"href":"https:\/\/shop.huppa.eu\/fi\/wp-json\/wp\/v2\/product\/484278","targetHints":{"allow":["GET"]}}],"collection":[{"href":"https:\/\/shop.huppa.eu\/fi\/wp-json\/wp\/v2\/product"}],"about":[{"href":"https:\/\/shop.huppa.eu\/fi\/wp-json\/wp\/v2\/types\/product"}],"wp:featuredmedia":[{"embeddable":true,"href":"https:\/\/shop.huppa.eu\/fi\/wp-json\/wp\/v2\/media\/484265"}],"wp:attachment":[{"href":"https:\/\/shop.huppa.eu\/fi\/wp-json\/wp\/v2\/media?parent=484278"}],"wp:term":[{"taxonomy":"product_brand","embeddable":true,"href":"https:\/\/shop.huppa.eu\/fi\/wp-json\/wp\/v2\/product_brand?post=484278"},{"taxonomy":"product_cat","embeddable":true,"href":"https:\/\/shop.huppa.eu\/fi\/wp-json\/wp\/v2\/product_cat?post=484278"},{"taxonomy":"product_tag","embeddable":true,"href":"https:\/\/shop.huppa.eu\/fi\/wp-json\/wp\/v2\/product_tag?post=484278"}],"curies":[{"name":"wp","href":"https:\/\/api.w.org\/{rel}","templated":true}]}}