{"id":485112,"date":"2022-03-13T09:17:36","date_gmt":"2022-03-13T07:17:36","guid":{"rendered":"https:\/\/shop.huppa.eu\/fi\/product\/poikien-ja-miesten-kevytuntuvatakki-valikauteen-stevo-t-sininen-artificial-down\/"},"modified":"2026-05-03T05:40:07","modified_gmt":"2026-05-03T03:40:07","slug":"poikien-ja-miesten-kevytuntuvatakki-valikauteen-stevo-t-sininen-artificial-down","status":"publish","type":"product","link":"https:\/\/shop.huppa.eu\/fi\/product\/poikien-ja-miesten-kevytuntuvatakki-valikauteen-stevo-t-sininen-artificial-down\/","title":{"rendered":"Poikinen kev\u00e4t-syksy takki STEVO (ARTIFICIAL DOWN)"},"content":{"rendered":"<p>Poikien kevyt untuvatakki, jossa on k\u00e4ytetty innovatiivista synteettist\u00e4 untuvaa. T\u00e4m\u00e4 takki on l\u00e4mmi, mutta eritt\u00e4in kevyt ja sen ansiosta on aina helppo kantaa mukana. Turvallisuutta lis\u00e4\u00e4v\u00e4t heijastinyksityiskohdat. Arvokkaiden tavaroiden s\u00e4ilytt\u00e4miseen on kaksi hyv\u00e4\u00e4 vetoketjullista taskuvaihtoehtoa.<\/p>\n","protected":false},"excerpt":{"rendered":"<p>Poikien kevyt untuvatakki, jossa on k\u00e4ytetty innovatiivista synteettist\u00e4 untuvaa. T\u00e4m\u00e4 takki on l\u00e4mmi, mutta eritt\u00e4in kevyt ja sen ansiosta on aina helppo kantaa mukana. Turvallisuutta lis\u00e4\u00e4v\u00e4t heijastinyksityiskohdat. Arvokkaiden tavaroiden s\u00e4ilytt\u00e4miseen on kaksi hyv\u00e4\u00e4 vetoketjullista taskuvaihtoehtoa.<\/p>\n","protected":false},"featured_media":485114,"template":"","meta":{"_acf_changed":false},"product_brand":[],"product_cat":[145,146,148,149,147],"product_tag":[],"class_list":{"0":"post-485112","1":"product","2":"type-product","3":"status-publish","4":"has-post-thumbnail","6":"product_cat-lapset","7":"product_cat-takit","8":"product_cat-pojat","9":"product_cat-takit-pojat","10":"product_cat-takit-2","11":"pa_eristyksen-paino-artificial-down","12":"pa_kokoelma-nr-sa2019","14":"first","15":"instock","16":"sale","17":"taxable","18":"shipping-taxable","19":"purchasable","20":"product-type-variable"},"acf":[],"yoast_head":"<!-- This site is optimized with the Yoast SEO plugin v26.8 - https:\/\/yoast.com\/product\/yoast-seo-wordpress\/ -->\n<title>Poikinen kev\u00e4t-syksy takki STEVO (ARTIFICIAL DOWN) - Huppa FI<\/title>\n<meta name=\"robots\" content=\"index, follow, max-snippet:-1, max-image-preview:large, max-video-preview:-1\" \/>\n<link rel=\"canonical\" href=\"https:\/\/shop.huppa.eu\/fi\/product\/poikien-ja-miesten-kevytuntuvatakki-valikauteen-stevo-t-sininen-artificial-down\/\" \/>\n<meta property=\"og:locale\" content=\"fi_FI\" \/>\n<meta property=\"og:type\" content=\"article\" \/>\n<meta property=\"og:title\" content=\"Poikinen kev\u00e4t-syksy takki STEVO (ARTIFICIAL DOWN) - Huppa FI\" \/>\n<meta property=\"og:description\" content=\"Poikien kevyt untuvatakki, jossa on k\u00e4ytetty innovatiivista synteettist\u00e4 untuvaa. T\u00e4m\u00e4 takki on l\u00e4mmi, mutta eritt\u00e4in kevyt ja sen ansiosta on aina helppo kantaa mukana. Turvallisuutta lis\u00e4\u00e4v\u00e4t heijastinyksityiskohdat. Arvokkaiden tavaroiden s\u00e4ilytt\u00e4miseen on kaksi hyv\u00e4\u00e4 vetoketjullista taskuvaihtoehtoa.\" \/>\n<meta property=\"og:url\" content=\"https:\/\/shop.huppa.eu\/fi\/product\/poikien-ja-miesten-kevytuntuvatakki-valikauteen-stevo-t-sininen-artificial-down\/\" \/>\n<meta property=\"og:site_name\" content=\"Huppa FI\" \/>\n<meta property=\"article:modified_time\" content=\"2026-05-03T03:40:07+00:00\" \/>\n<meta property=\"og:image\" content=\"https:\/\/huppashop-prod.s3.eu-north-1.amazonaws.com\/wp-content\/uploads\/sites\/2\/2022\/03\/13091957\/17990055-90086-STEVOf.jpg\" \/>\n\t<meta property=\"og:image:width\" content=\"1203\" \/>\n\t<meta property=\"og:image:height\" content=\"1203\" \/>\n\t<meta property=\"og:image:type\" content=\"image\/jpeg\" \/>\n<meta name=\"twitter:card\" content=\"summary_large_image\" \/>\n<script type=\"application\/ld+json\" class=\"yoast-schema-graph\">{\"@context\":\"https:\/\/schema.org\",\"@graph\":[{\"@type\":\"WebPage\",\"@id\":\"https:\/\/shop.huppa.eu\/fi\/product\/poikien-ja-miesten-kevytuntuvatakki-valikauteen-stevo-t-sininen-artificial-down\/\",\"url\":\"https:\/\/shop.huppa.eu\/fi\/product\/poikien-ja-miesten-kevytuntuvatakki-valikauteen-stevo-t-sininen-artificial-down\/\",\"name\":\"Poikinen kev\u00e4t-syksy takki STEVO (ARTIFICIAL DOWN) - Huppa FI\",\"isPartOf\":{\"@id\":\"https:\/\/shop.huppa.eu\/fi\/#website\"},\"primaryImageOfPage\":{\"@id\":\"https:\/\/shop.huppa.eu\/fi\/product\/poikien-ja-miesten-kevytuntuvatakki-valikauteen-stevo-t-sininen-artificial-down\/#primaryimage\"},\"image\":{\"@id\":\"https:\/\/shop.huppa.eu\/fi\/product\/poikien-ja-miesten-kevytuntuvatakki-valikauteen-stevo-t-sininen-artificial-down\/#primaryimage\"},\"thumbnailUrl\":\"https:\/\/huppashop-prod.s3.eu-north-1.amazonaws.com\/wp-content\/uploads\/sites\/2\/2022\/03\/13091957\/17990055-90086-STEVOf.jpg\",\"datePublished\":\"2022-03-13T07:17:36+00:00\",\"dateModified\":\"2026-05-03T03:40:07+00:00\",\"breadcrumb\":{\"@id\":\"https:\/\/shop.huppa.eu\/fi\/product\/poikien-ja-miesten-kevytuntuvatakki-valikauteen-stevo-t-sininen-artificial-down\/#breadcrumb\"},\"inLanguage\":\"fi\",\"potentialAction\":[{\"@type\":\"ReadAction\",\"target\":[\"https:\/\/shop.huppa.eu\/fi\/product\/poikien-ja-miesten-kevytuntuvatakki-valikauteen-stevo-t-sininen-artificial-down\/\"]}]},{\"@type\":\"ImageObject\",\"inLanguage\":\"fi\",\"@id\":\"https:\/\/shop.huppa.eu\/fi\/product\/poikien-ja-miesten-kevytuntuvatakki-valikauteen-stevo-t-sininen-artificial-down\/#primaryimage\",\"url\":\"https:\/\/huppashop-prod.s3.eu-north-1.amazonaws.com\/wp-content\/uploads\/sites\/2\/2022\/03\/13091957\/17990055-90086-STEVOf.jpg\",\"contentUrl\":\"https:\/\/huppashop-prod.s3.eu-north-1.amazonaws.com\/wp-content\/uploads\/sites\/2\/2022\/03\/13091957\/17990055-90086-STEVOf.jpg\",\"width\":1203,\"height\":1203},{\"@type\":\"BreadcrumbList\",\"@id\":\"https:\/\/shop.huppa.eu\/fi\/product\/poikien-ja-miesten-kevytuntuvatakki-valikauteen-stevo-t-sininen-artificial-down\/#breadcrumb\",\"itemListElement\":[{\"@type\":\"ListItem\",\"position\":1,\"name\":\"Shop\",\"item\":\"https:\/\/shop.huppa.eu\/fi\/shop\/\"},{\"@type\":\"ListItem\",\"position\":2,\"name\":\"Poikinen kev\u00e4t-syksy takki STEVO (ARTIFICIAL DOWN)\"}]},{\"@type\":\"WebSite\",\"@id\":\"https:\/\/shop.huppa.eu\/fi\/#website\",\"url\":\"https:\/\/shop.huppa.eu\/fi\/\",\"name\":\"Huppa FI\",\"description\":\"Huppa FI\",\"potentialAction\":[{\"@type\":\"SearchAction\",\"target\":{\"@type\":\"EntryPoint\",\"urlTemplate\":\"https:\/\/shop.huppa.eu\/fi\/?s={search_term_string}\"},\"query-input\":{\"@type\":\"PropertyValueSpecification\",\"valueRequired\":true,\"valueName\":\"search_term_string\"}}],\"inLanguage\":\"fi\"}]}<\/script>\n<!-- \/ Yoast SEO plugin. -->","yoast_head_json":{"title":"Poikinen kev\u00e4t-syksy takki STEVO (ARTIFICIAL DOWN) - Huppa FI","robots":{"index":"index","follow":"follow","max-snippet":"max-snippet:-1","max-image-preview":"max-image-preview:large","max-video-preview":"max-video-preview:-1"},"canonical":"https:\/\/shop.huppa.eu\/fi\/product\/poikien-ja-miesten-kevytuntuvatakki-valikauteen-stevo-t-sininen-artificial-down\/","og_locale":"fi_FI","og_type":"article","og_title":"Poikinen kev\u00e4t-syksy takki STEVO (ARTIFICIAL DOWN) - Huppa FI","og_description":"Poikien kevyt untuvatakki, jossa on k\u00e4ytetty innovatiivista synteettist\u00e4 untuvaa. T\u00e4m\u00e4 takki on l\u00e4mmi, mutta eritt\u00e4in kevyt ja sen ansiosta on aina helppo kantaa mukana. Turvallisuutta lis\u00e4\u00e4v\u00e4t heijastinyksityiskohdat. Arvokkaiden tavaroiden s\u00e4ilytt\u00e4miseen on kaksi hyv\u00e4\u00e4 vetoketjullista taskuvaihtoehtoa.","og_url":"https:\/\/shop.huppa.eu\/fi\/product\/poikien-ja-miesten-kevytuntuvatakki-valikauteen-stevo-t-sininen-artificial-down\/","og_site_name":"Huppa FI","article_modified_time":"2026-05-03T03:40:07+00:00","og_image":[{"width":1203,"height":1203,"url":"https:\/\/huppashop-prod.s3.eu-north-1.amazonaws.com\/wp-content\/uploads\/sites\/2\/2022\/03\/13091957\/17990055-90086-STEVOf.jpg","type":"image\/jpeg"}],"twitter_card":"summary_large_image","schema":{"@context":"https:\/\/schema.org","@graph":[{"@type":"WebPage","@id":"https:\/\/shop.huppa.eu\/fi\/product\/poikien-ja-miesten-kevytuntuvatakki-valikauteen-stevo-t-sininen-artificial-down\/","url":"https:\/\/shop.huppa.eu\/fi\/product\/poikien-ja-miesten-kevytuntuvatakki-valikauteen-stevo-t-sininen-artificial-down\/","name":"Poikinen kev\u00e4t-syksy takki STEVO (ARTIFICIAL DOWN) - Huppa FI","isPartOf":{"@id":"https:\/\/shop.huppa.eu\/fi\/#website"},"primaryImageOfPage":{"@id":"https:\/\/shop.huppa.eu\/fi\/product\/poikien-ja-miesten-kevytuntuvatakki-valikauteen-stevo-t-sininen-artificial-down\/#primaryimage"},"image":{"@id":"https:\/\/shop.huppa.eu\/fi\/product\/poikien-ja-miesten-kevytuntuvatakki-valikauteen-stevo-t-sininen-artificial-down\/#primaryimage"},"thumbnailUrl":"https:\/\/huppashop-prod.s3.eu-north-1.amazonaws.com\/wp-content\/uploads\/sites\/2\/2022\/03\/13091957\/17990055-90086-STEVOf.jpg","datePublished":"2022-03-13T07:17:36+00:00","dateModified":"2026-05-03T03:40:07+00:00","breadcrumb":{"@id":"https:\/\/shop.huppa.eu\/fi\/product\/poikien-ja-miesten-kevytuntuvatakki-valikauteen-stevo-t-sininen-artificial-down\/#breadcrumb"},"inLanguage":"fi","potentialAction":[{"@type":"ReadAction","target":["https:\/\/shop.huppa.eu\/fi\/product\/poikien-ja-miesten-kevytuntuvatakki-valikauteen-stevo-t-sininen-artificial-down\/"]}]},{"@type":"ImageObject","inLanguage":"fi","@id":"https:\/\/shop.huppa.eu\/fi\/product\/poikien-ja-miesten-kevytuntuvatakki-valikauteen-stevo-t-sininen-artificial-down\/#primaryimage","url":"https:\/\/huppashop-prod.s3.eu-north-1.amazonaws.com\/wp-content\/uploads\/sites\/2\/2022\/03\/13091957\/17990055-90086-STEVOf.jpg","contentUrl":"https:\/\/huppashop-prod.s3.eu-north-1.amazonaws.com\/wp-content\/uploads\/sites\/2\/2022\/03\/13091957\/17990055-90086-STEVOf.jpg","width":1203,"height":1203},{"@type":"BreadcrumbList","@id":"https:\/\/shop.huppa.eu\/fi\/product\/poikien-ja-miesten-kevytuntuvatakki-valikauteen-stevo-t-sininen-artificial-down\/#breadcrumb","itemListElement":[{"@type":"ListItem","position":1,"name":"Shop","item":"https:\/\/shop.huppa.eu\/fi\/shop\/"},{"@type":"ListItem","position":2,"name":"Poikinen kev\u00e4t-syksy takki STEVO (ARTIFICIAL DOWN)"}]},{"@type":"WebSite","@id":"https:\/\/shop.huppa.eu\/fi\/#website","url":"https:\/\/shop.huppa.eu\/fi\/","name":"Huppa FI","description":"Huppa FI","potentialAction":[{"@type":"SearchAction","target":{"@type":"EntryPoint","urlTemplate":"https:\/\/shop.huppa.eu\/fi\/?s={search_term_string}"},"query-input":{"@type":"PropertyValueSpecification","valueRequired":true,"valueName":"search_term_string"}}],"inLanguage":"fi"}]}},"_links":{"self":[{"href":"https:\/\/shop.huppa.eu\/fi\/wp-json\/wp\/v2\/product\/485112","targetHints":{"allow":["GET"]}}],"collection":[{"href":"https:\/\/shop.huppa.eu\/fi\/wp-json\/wp\/v2\/product"}],"about":[{"href":"https:\/\/shop.huppa.eu\/fi\/wp-json\/wp\/v2\/types\/product"}],"wp:featuredmedia":[{"embeddable":true,"href":"https:\/\/shop.huppa.eu\/fi\/wp-json\/wp\/v2\/media\/485114"}],"wp:attachment":[{"href":"https:\/\/shop.huppa.eu\/fi\/wp-json\/wp\/v2\/media?parent=485112"}],"wp:term":[{"taxonomy":"product_brand","embeddable":true,"href":"https:\/\/shop.huppa.eu\/fi\/wp-json\/wp\/v2\/product_brand?post=485112"},{"taxonomy":"product_cat","embeddable":true,"href":"https:\/\/shop.huppa.eu\/fi\/wp-json\/wp\/v2\/product_cat?post=485112"},{"taxonomy":"product_tag","embeddable":true,"href":"https:\/\/shop.huppa.eu\/fi\/wp-json\/wp\/v2\/product_tag?post=485112"}],"curies":[{"name":"wp","href":"https:\/\/api.w.org\/{rel}","templated":true}]}}