{"id":492454,"date":"2022-03-13T14:42:09","date_gmt":"2022-03-13T12:42:09","guid":{"rendered":"https:\/\/shop.huppa.eu\/fi\/product\/winter-4-140g80g\/"},"modified":"2026-04-16T06:29:11","modified_gmt":"2026-04-16T04:29:11","slug":"winter-4-140g80g","status":"publish","type":"product","link":"https:\/\/shop.huppa.eu\/fi\/product\/winter-4-140g80g\/","title":{"rendered":"Poikinen kev\u00e4t-syksy setti WINTER 4 (140g+80g)"},"content":{"rendered":"<p>Ohuesti vuorattu (140g eristys) kaksiosainen kuviollinen klassinen setti pojille, joka on ihanteellinen jokap\u00e4iv\u00e4iseen toimintaan. Setiss\u00e4 on pehme\u00e4 fleecevuori ja vedenpit\u00e4v\u00e4 ja tuulenpit\u00e4v\u00e4 hengitt\u00e4v\u00e4 ulkokangas. Housuissa on 80g eristys ja niiss\u00e4 on sopivan v\u00e4rinen takki. Housuissa, joissa on korkea vy\u00f6t\u00e4r\u00f6osa, on teipattu istuinsauma, jonka ansiosta lapsi voi nauttia talviurheilusta huoletta ja pysy\u00e4 samanaikaisesti sek\u00e4 kuivana ett\u00e4 l\u00e4mpim\u00e4n\u00e4. Mukavampaa kantamista varten setissa on irrotettava huppu, s\u00e4\u00e4dett\u00e4v\u00e4t kuminauhat ja kaksi mukavaa taskua l\u00f6yt\u00f6jen s\u00e4ilytt\u00e4mist\u00e4 varten. Heijastavien yksityiskohtien ansiosta voit pelata turvallisesti my\u00f6s pime\u00e4ss\u00e4.<\/p>\n","protected":false},"excerpt":{"rendered":"<p>Ohuesti vuorattu (140g eristys) kaksiosainen kuviollinen klassinen setti pojille, joka on ihanteellinen jokap\u00e4iv\u00e4iseen toimintaan. Setiss\u00e4 on pehme\u00e4 fleecevuori ja vedenpit\u00e4v\u00e4 ja tuulenpit\u00e4v\u00e4 hengitt\u00e4v\u00e4 ulkokangas. Housuissa on 80g eristys ja niiss\u00e4 on sopivan v\u00e4rinen takki. Housuissa, joissa on korkea vy\u00f6t\u00e4r\u00f6osa, on teipattu istuinsauma, jonka ansiosta lapsi voi nauttia talviurheilusta huoletta ja pysy\u00e4 samanaikaisesti sek\u00e4 kuivana ett\u00e4 [&hellip;]<\/p>\n","protected":false},"featured_media":474755,"template":"","meta":{"_acf_changed":false},"product_brand":[],"product_cat":[6256,145,148,3183,3182],"product_tag":[],"class_list":{"0":"post-492454","1":"product","2":"type-product","3":"status-publish","4":"has-post-thumbnail","6":"product_cat-takki-housut-setit-lapset-2","7":"product_cat-lapset","8":"product_cat-pojat","9":"product_cat-takki-housut-setit-pojat","10":"product_cat-takki-housut-setit","11":"pa_eristyksen-paino-140g80g","12":"pa_kokoelma-nr-w21-22","13":"pa_outlet-yes","15":"first","16":"instock","17":"sale","18":"taxable","19":"shipping-taxable","20":"purchasable","21":"product-type-variable"},"acf":[],"yoast_head":"<!-- This site is optimized with the Yoast SEO plugin v26.8 - https:\/\/yoast.com\/product\/yoast-seo-wordpress\/ -->\n<title>Poikinen kev\u00e4t-syksy setti WINTER 4 (140g+80g) - Huppa FI<\/title>\n<meta name=\"robots\" content=\"index, follow, max-snippet:-1, max-image-preview:large, max-video-preview:-1\" \/>\n<link rel=\"canonical\" href=\"https:\/\/shop.huppa.eu\/fi\/product\/winter-4-140g80g\/\" \/>\n<meta property=\"og:locale\" content=\"fi_FI\" \/>\n<meta property=\"og:type\" content=\"article\" \/>\n<meta property=\"og:title\" content=\"Poikinen kev\u00e4t-syksy setti WINTER 4 (140g+80g) - Huppa FI\" \/>\n<meta property=\"og:description\" content=\"Ohuesti vuorattu (140g eristys) kaksiosainen kuviollinen klassinen setti pojille, joka on ihanteellinen jokap\u00e4iv\u00e4iseen toimintaan. Setiss\u00e4 on pehme\u00e4 fleecevuori ja vedenpit\u00e4v\u00e4 ja tuulenpit\u00e4v\u00e4 hengitt\u00e4v\u00e4 ulkokangas. Housuissa on 80g eristys ja niiss\u00e4 on sopivan v\u00e4rinen takki. Housuissa, joissa on korkea vy\u00f6t\u00e4r\u00f6osa, on teipattu istuinsauma, jonka ansiosta lapsi voi nauttia talviurheilusta huoletta ja pysy\u00e4 samanaikaisesti sek\u00e4 kuivana ett\u00e4 [&hellip;]\" \/>\n<meta property=\"og:url\" content=\"https:\/\/shop.huppa.eu\/fi\/product\/winter-4-140g80g\/\" \/>\n<meta property=\"og:site_name\" content=\"Huppa FI\" \/>\n<meta property=\"article:modified_time\" content=\"2026-04-16T04:29:11+00:00\" \/>\n<meta property=\"og:image\" content=\"https:\/\/huppashop-prod.s3.eu-north-1.amazonaws.com\/wp-content\/uploads\/sites\/5\/2021\/10\/24094342\/41480414-12347-WINTER4_f.jpg\" \/>\n\t<meta property=\"og:image:width\" content=\"1200\" \/>\n\t<meta property=\"og:image:height\" content=\"1200\" \/>\n\t<meta property=\"og:image:type\" content=\"image\/jpeg\" \/>\n<meta name=\"twitter:card\" content=\"summary_large_image\" \/>\n<meta name=\"twitter:label1\" content=\"Arvioitu lukuaika\" \/>\n\t<meta name=\"twitter:data1\" content=\"1 minuutti\" \/>\n<script type=\"application\/ld+json\" class=\"yoast-schema-graph\">{\"@context\":\"https:\/\/schema.org\",\"@graph\":[{\"@type\":\"WebPage\",\"@id\":\"https:\/\/shop.huppa.eu\/fi\/product\/winter-4-140g80g\/\",\"url\":\"https:\/\/shop.huppa.eu\/fi\/product\/winter-4-140g80g\/\",\"name\":\"Poikinen kev\u00e4t-syksy setti WINTER 4 (140g+80g) - Huppa FI\",\"isPartOf\":{\"@id\":\"https:\/\/shop.huppa.eu\/fi\/#website\"},\"primaryImageOfPage\":{\"@id\":\"https:\/\/shop.huppa.eu\/fi\/product\/winter-4-140g80g\/#primaryimage\"},\"image\":{\"@id\":\"https:\/\/shop.huppa.eu\/fi\/product\/winter-4-140g80g\/#primaryimage\"},\"thumbnailUrl\":\"https:\/\/huppashop-prod.s3.eu-north-1.amazonaws.com\/wp-content\/uploads\/sites\/5\/2021\/10\/24094342\/41480414-12347-WINTER4_f.jpg\",\"datePublished\":\"2022-03-13T12:42:09+00:00\",\"dateModified\":\"2026-04-16T04:29:11+00:00\",\"breadcrumb\":{\"@id\":\"https:\/\/shop.huppa.eu\/fi\/product\/winter-4-140g80g\/#breadcrumb\"},\"inLanguage\":\"fi\",\"potentialAction\":[{\"@type\":\"ReadAction\",\"target\":[\"https:\/\/shop.huppa.eu\/fi\/product\/winter-4-140g80g\/\"]}]},{\"@type\":\"ImageObject\",\"inLanguage\":\"fi\",\"@id\":\"https:\/\/shop.huppa.eu\/fi\/product\/winter-4-140g80g\/#primaryimage\",\"url\":\"https:\/\/huppashop-prod.s3.eu-north-1.amazonaws.com\/wp-content\/uploads\/sites\/5\/2021\/10\/24094342\/41480414-12347-WINTER4_f.jpg\",\"contentUrl\":\"https:\/\/huppashop-prod.s3.eu-north-1.amazonaws.com\/wp-content\/uploads\/sites\/5\/2021\/10\/24094342\/41480414-12347-WINTER4_f.jpg\",\"width\":1200,\"height\":1200},{\"@type\":\"BreadcrumbList\",\"@id\":\"https:\/\/shop.huppa.eu\/fi\/product\/winter-4-140g80g\/#breadcrumb\",\"itemListElement\":[{\"@type\":\"ListItem\",\"position\":1,\"name\":\"Shop\",\"item\":\"https:\/\/shop.huppa.eu\/fi\/shop\/\"},{\"@type\":\"ListItem\",\"position\":2,\"name\":\"Poikinen kev\u00e4t-syksy setti WINTER 4 (140g+80g)\"}]},{\"@type\":\"WebSite\",\"@id\":\"https:\/\/shop.huppa.eu\/fi\/#website\",\"url\":\"https:\/\/shop.huppa.eu\/fi\/\",\"name\":\"Huppa FI\",\"description\":\"Huppa FI\",\"potentialAction\":[{\"@type\":\"SearchAction\",\"target\":{\"@type\":\"EntryPoint\",\"urlTemplate\":\"https:\/\/shop.huppa.eu\/fi\/?s={search_term_string}\"},\"query-input\":{\"@type\":\"PropertyValueSpecification\",\"valueRequired\":true,\"valueName\":\"search_term_string\"}}],\"inLanguage\":\"fi\"}]}<\/script>\n<!-- \/ Yoast SEO plugin. -->","yoast_head_json":{"title":"Poikinen kev\u00e4t-syksy setti WINTER 4 (140g+80g) - Huppa FI","robots":{"index":"index","follow":"follow","max-snippet":"max-snippet:-1","max-image-preview":"max-image-preview:large","max-video-preview":"max-video-preview:-1"},"canonical":"https:\/\/shop.huppa.eu\/fi\/product\/winter-4-140g80g\/","og_locale":"fi_FI","og_type":"article","og_title":"Poikinen kev\u00e4t-syksy setti WINTER 4 (140g+80g) - Huppa FI","og_description":"Ohuesti vuorattu (140g eristys) kaksiosainen kuviollinen klassinen setti pojille, joka on ihanteellinen jokap\u00e4iv\u00e4iseen toimintaan. Setiss\u00e4 on pehme\u00e4 fleecevuori ja vedenpit\u00e4v\u00e4 ja tuulenpit\u00e4v\u00e4 hengitt\u00e4v\u00e4 ulkokangas. Housuissa on 80g eristys ja niiss\u00e4 on sopivan v\u00e4rinen takki. Housuissa, joissa on korkea vy\u00f6t\u00e4r\u00f6osa, on teipattu istuinsauma, jonka ansiosta lapsi voi nauttia talviurheilusta huoletta ja pysy\u00e4 samanaikaisesti sek\u00e4 kuivana ett\u00e4 [&hellip;]","og_url":"https:\/\/shop.huppa.eu\/fi\/product\/winter-4-140g80g\/","og_site_name":"Huppa FI","article_modified_time":"2026-04-16T04:29:11+00:00","og_image":[{"width":1200,"height":1200,"url":"https:\/\/huppashop-prod.s3.eu-north-1.amazonaws.com\/wp-content\/uploads\/sites\/5\/2021\/10\/24094342\/41480414-12347-WINTER4_f.jpg","type":"image\/jpeg"}],"twitter_card":"summary_large_image","twitter_misc":{"Arvioitu lukuaika":"1 minuutti"},"schema":{"@context":"https:\/\/schema.org","@graph":[{"@type":"WebPage","@id":"https:\/\/shop.huppa.eu\/fi\/product\/winter-4-140g80g\/","url":"https:\/\/shop.huppa.eu\/fi\/product\/winter-4-140g80g\/","name":"Poikinen kev\u00e4t-syksy setti WINTER 4 (140g+80g) - Huppa FI","isPartOf":{"@id":"https:\/\/shop.huppa.eu\/fi\/#website"},"primaryImageOfPage":{"@id":"https:\/\/shop.huppa.eu\/fi\/product\/winter-4-140g80g\/#primaryimage"},"image":{"@id":"https:\/\/shop.huppa.eu\/fi\/product\/winter-4-140g80g\/#primaryimage"},"thumbnailUrl":"https:\/\/huppashop-prod.s3.eu-north-1.amazonaws.com\/wp-content\/uploads\/sites\/5\/2021\/10\/24094342\/41480414-12347-WINTER4_f.jpg","datePublished":"2022-03-13T12:42:09+00:00","dateModified":"2026-04-16T04:29:11+00:00","breadcrumb":{"@id":"https:\/\/shop.huppa.eu\/fi\/product\/winter-4-140g80g\/#breadcrumb"},"inLanguage":"fi","potentialAction":[{"@type":"ReadAction","target":["https:\/\/shop.huppa.eu\/fi\/product\/winter-4-140g80g\/"]}]},{"@type":"ImageObject","inLanguage":"fi","@id":"https:\/\/shop.huppa.eu\/fi\/product\/winter-4-140g80g\/#primaryimage","url":"https:\/\/huppashop-prod.s3.eu-north-1.amazonaws.com\/wp-content\/uploads\/sites\/5\/2021\/10\/24094342\/41480414-12347-WINTER4_f.jpg","contentUrl":"https:\/\/huppashop-prod.s3.eu-north-1.amazonaws.com\/wp-content\/uploads\/sites\/5\/2021\/10\/24094342\/41480414-12347-WINTER4_f.jpg","width":1200,"height":1200},{"@type":"BreadcrumbList","@id":"https:\/\/shop.huppa.eu\/fi\/product\/winter-4-140g80g\/#breadcrumb","itemListElement":[{"@type":"ListItem","position":1,"name":"Shop","item":"https:\/\/shop.huppa.eu\/fi\/shop\/"},{"@type":"ListItem","position":2,"name":"Poikinen kev\u00e4t-syksy setti WINTER 4 (140g+80g)"}]},{"@type":"WebSite","@id":"https:\/\/shop.huppa.eu\/fi\/#website","url":"https:\/\/shop.huppa.eu\/fi\/","name":"Huppa FI","description":"Huppa FI","potentialAction":[{"@type":"SearchAction","target":{"@type":"EntryPoint","urlTemplate":"https:\/\/shop.huppa.eu\/fi\/?s={search_term_string}"},"query-input":{"@type":"PropertyValueSpecification","valueRequired":true,"valueName":"search_term_string"}}],"inLanguage":"fi"}]}},"_links":{"self":[{"href":"https:\/\/shop.huppa.eu\/fi\/wp-json\/wp\/v2\/product\/492454","targetHints":{"allow":["GET"]}}],"collection":[{"href":"https:\/\/shop.huppa.eu\/fi\/wp-json\/wp\/v2\/product"}],"about":[{"href":"https:\/\/shop.huppa.eu\/fi\/wp-json\/wp\/v2\/types\/product"}],"wp:featuredmedia":[{"embeddable":true,"href":"https:\/\/shop.huppa.eu\/fi\/wp-json\/wp\/v2\/media\/474755"}],"wp:attachment":[{"href":"https:\/\/shop.huppa.eu\/fi\/wp-json\/wp\/v2\/media?parent=492454"}],"wp:term":[{"taxonomy":"product_brand","embeddable":true,"href":"https:\/\/shop.huppa.eu\/fi\/wp-json\/wp\/v2\/product_brand?post=492454"},{"taxonomy":"product_cat","embeddable":true,"href":"https:\/\/shop.huppa.eu\/fi\/wp-json\/wp\/v2\/product_cat?post=492454"},{"taxonomy":"product_tag","embeddable":true,"href":"https:\/\/shop.huppa.eu\/fi\/wp-json\/wp\/v2\/product_tag?post=492454"}],"curies":[{"name":"wp","href":"https:\/\/api.w.org\/{rel}","templated":true}]}}