{"id":530873,"date":"2023-09-19T07:31:02","date_gmt":"2023-09-19T05:31:02","guid":{"rendered":"https:\/\/shop.huppa.eu\/fi\/product\/naisten-pitka-takki-carry-1-200g\/"},"modified":"2026-04-16T05:18:03","modified_gmt":"2026-04-16T03:18:03","slug":"naisten-pitka-takki-carry-1-200g","status":"publish","type":"product","link":"https:\/\/shop.huppa.eu\/fi\/product\/naisten-pitka-takki-carry-1-200g\/","title":{"rendered":"Naisten talvitakki CARRY 1 (200g)"},"content":{"rendered":"<p>Raskaana oleville naisille tarkoitetun 200 g eristetyn takin toimivuus johtuu sen kolmesta eri lis\u00e4osasta, joita voidaan k\u00e4ytt\u00e4\u00e4 raskauden aikana ja sen j\u00e4lkeen. Suunnittelun ansiosta ulkona matkustaminen lapsen kanssa on helppoa ja mukavaa. Tuotetta luodessa on kiinnitetty huomiota l\u00e4mp\u00f6\u00f6n ja mukavuuteen parhaan ratkaisun tarjoamiseksi talvis\u00e4\u00e4lle.<\/p>\n","protected":false},"excerpt":{"rendered":"<p>Raskaana oleville naisille tarkoitetun 200 g eristetyn takin toimivuus johtuu sen kolmesta eri lis\u00e4osasta, joita voidaan k\u00e4ytt\u00e4\u00e4 raskauden aikana ja sen j\u00e4lkeen. Suunnittelun ansiosta ulkona matkustaminen lapsen kanssa on helppoa ja mukavaa. Tuotetta luodessa on kiinnitetty huomiota l\u00e4mp\u00f6\u00f6n ja mukavuuteen parhaan ratkaisun tarjoamiseksi talvis\u00e4\u00e4lle.<\/p>\n","protected":false},"featured_media":454332,"template":"","meta":{"_acf_changed":false},"product_brand":[],"product_cat":[6669,6666,4874,4875,259,281,18,282,161],"product_tag":[],"class_list":{"0":"post-530873","1":"product","2":"type-product","3":"status-publish","4":"has-post-thumbnail","6":"product_cat-parkatakit-sale","7":"product_cat-sale","8":"product_cat-outlet","9":"product_cat-parkatakit-outlet","10":"product_cat-aikuiset","11":"product_cat-parkatakit-aikuiset","12":"product_cat-naiset","13":"product_cat-parkatakit-naiset","14":"product_cat-parkatakit","15":"pa_eristyksen-paino-200g","16":"pa_kokoelma-nr-w21-22","17":"pa_outlet-yes","19":"first","20":"instock","21":"sale","22":"taxable","23":"shipping-taxable","24":"purchasable","25":"product-type-variable"},"acf":[],"yoast_head":"<!-- This site is optimized with the Yoast SEO plugin v26.8 - https:\/\/yoast.com\/product\/yoast-seo-wordpress\/ -->\n<title>Naisten talvitakki CARRY 1 (200g) - Huppa FI<\/title>\n<meta name=\"robots\" content=\"index, follow, max-snippet:-1, max-image-preview:large, max-video-preview:-1\" \/>\n<link rel=\"canonical\" href=\"https:\/\/shop.huppa.eu\/fi\/product\/naisten-pitka-takki-carry-1-200g\/\" \/>\n<meta property=\"og:locale\" content=\"fi_FI\" \/>\n<meta property=\"og:type\" content=\"article\" \/>\n<meta property=\"og:title\" content=\"Naisten talvitakki CARRY 1 (200g) - Huppa FI\" \/>\n<meta property=\"og:description\" content=\"Raskaana oleville naisille tarkoitetun 200 g eristetyn takin toimivuus johtuu sen kolmesta eri lis\u00e4osasta, joita voidaan k\u00e4ytt\u00e4\u00e4 raskauden aikana ja sen j\u00e4lkeen. Suunnittelun ansiosta ulkona matkustaminen lapsen kanssa on helppoa ja mukavaa. Tuotetta luodessa on kiinnitetty huomiota l\u00e4mp\u00f6\u00f6n ja mukavuuteen parhaan ratkaisun tarjoamiseksi talvis\u00e4\u00e4lle.\" \/>\n<meta property=\"og:url\" content=\"https:\/\/shop.huppa.eu\/fi\/product\/naisten-pitka-takki-carry-1-200g\/\" \/>\n<meta property=\"og:site_name\" content=\"Huppa FI\" \/>\n<meta property=\"article:modified_time\" content=\"2026-04-16T03:18:03+00:00\" \/>\n<meta property=\"og:image\" content=\"https:\/\/huppashop-prod.s3.eu-north-1.amazonaws.com\/wp-content\/uploads\/sites\/5\/2021\/05\/18165751\/12538120-00009-CARRY_f.jpg\" \/>\n\t<meta property=\"og:image:width\" content=\"1200\" \/>\n\t<meta property=\"og:image:height\" content=\"1200\" \/>\n\t<meta property=\"og:image:type\" content=\"image\/jpeg\" \/>\n<meta name=\"twitter:card\" content=\"summary_large_image\" \/>\n<script type=\"application\/ld+json\" class=\"yoast-schema-graph\">{\"@context\":\"https:\/\/schema.org\",\"@graph\":[{\"@type\":\"WebPage\",\"@id\":\"https:\/\/shop.huppa.eu\/fi\/product\/naisten-pitka-takki-carry-1-200g\/\",\"url\":\"https:\/\/shop.huppa.eu\/fi\/product\/naisten-pitka-takki-carry-1-200g\/\",\"name\":\"Naisten talvitakki CARRY 1 (200g) - Huppa FI\",\"isPartOf\":{\"@id\":\"https:\/\/shop.huppa.eu\/fi\/#website\"},\"primaryImageOfPage\":{\"@id\":\"https:\/\/shop.huppa.eu\/fi\/product\/naisten-pitka-takki-carry-1-200g\/#primaryimage\"},\"image\":{\"@id\":\"https:\/\/shop.huppa.eu\/fi\/product\/naisten-pitka-takki-carry-1-200g\/#primaryimage\"},\"thumbnailUrl\":\"https:\/\/huppashop-prod.s3.eu-north-1.amazonaws.com\/wp-content\/uploads\/sites\/5\/2021\/05\/18165751\/12538120-00009-CARRY_f.jpg\",\"datePublished\":\"2023-09-19T05:31:02+00:00\",\"dateModified\":\"2026-04-16T03:18:03+00:00\",\"breadcrumb\":{\"@id\":\"https:\/\/shop.huppa.eu\/fi\/product\/naisten-pitka-takki-carry-1-200g\/#breadcrumb\"},\"inLanguage\":\"fi\",\"potentialAction\":[{\"@type\":\"ReadAction\",\"target\":[\"https:\/\/shop.huppa.eu\/fi\/product\/naisten-pitka-takki-carry-1-200g\/\"]}]},{\"@type\":\"ImageObject\",\"inLanguage\":\"fi\",\"@id\":\"https:\/\/shop.huppa.eu\/fi\/product\/naisten-pitka-takki-carry-1-200g\/#primaryimage\",\"url\":\"https:\/\/huppashop-prod.s3.eu-north-1.amazonaws.com\/wp-content\/uploads\/sites\/5\/2021\/05\/18165751\/12538120-00009-CARRY_f.jpg\",\"contentUrl\":\"https:\/\/huppashop-prod.s3.eu-north-1.amazonaws.com\/wp-content\/uploads\/sites\/5\/2021\/05\/18165751\/12538120-00009-CARRY_f.jpg\",\"width\":1200,\"height\":1200},{\"@type\":\"BreadcrumbList\",\"@id\":\"https:\/\/shop.huppa.eu\/fi\/product\/naisten-pitka-takki-carry-1-200g\/#breadcrumb\",\"itemListElement\":[{\"@type\":\"ListItem\",\"position\":1,\"name\":\"Shop\",\"item\":\"https:\/\/shop.huppa.eu\/fi\/shop\/\"},{\"@type\":\"ListItem\",\"position\":2,\"name\":\"Naisten talvitakki CARRY 1 (200g)\"}]},{\"@type\":\"WebSite\",\"@id\":\"https:\/\/shop.huppa.eu\/fi\/#website\",\"url\":\"https:\/\/shop.huppa.eu\/fi\/\",\"name\":\"Huppa FI\",\"description\":\"Huppa FI\",\"potentialAction\":[{\"@type\":\"SearchAction\",\"target\":{\"@type\":\"EntryPoint\",\"urlTemplate\":\"https:\/\/shop.huppa.eu\/fi\/?s={search_term_string}\"},\"query-input\":{\"@type\":\"PropertyValueSpecification\",\"valueRequired\":true,\"valueName\":\"search_term_string\"}}],\"inLanguage\":\"fi\"}]}<\/script>\n<!-- \/ Yoast SEO plugin. -->","yoast_head_json":{"title":"Naisten talvitakki CARRY 1 (200g) - Huppa FI","robots":{"index":"index","follow":"follow","max-snippet":"max-snippet:-1","max-image-preview":"max-image-preview:large","max-video-preview":"max-video-preview:-1"},"canonical":"https:\/\/shop.huppa.eu\/fi\/product\/naisten-pitka-takki-carry-1-200g\/","og_locale":"fi_FI","og_type":"article","og_title":"Naisten talvitakki CARRY 1 (200g) - Huppa FI","og_description":"Raskaana oleville naisille tarkoitetun 200 g eristetyn takin toimivuus johtuu sen kolmesta eri lis\u00e4osasta, joita voidaan k\u00e4ytt\u00e4\u00e4 raskauden aikana ja sen j\u00e4lkeen. Suunnittelun ansiosta ulkona matkustaminen lapsen kanssa on helppoa ja mukavaa. Tuotetta luodessa on kiinnitetty huomiota l\u00e4mp\u00f6\u00f6n ja mukavuuteen parhaan ratkaisun tarjoamiseksi talvis\u00e4\u00e4lle.","og_url":"https:\/\/shop.huppa.eu\/fi\/product\/naisten-pitka-takki-carry-1-200g\/","og_site_name":"Huppa FI","article_modified_time":"2026-04-16T03:18:03+00:00","og_image":[{"width":1200,"height":1200,"url":"https:\/\/huppashop-prod.s3.eu-north-1.amazonaws.com\/wp-content\/uploads\/sites\/5\/2021\/05\/18165751\/12538120-00009-CARRY_f.jpg","type":"image\/jpeg"}],"twitter_card":"summary_large_image","schema":{"@context":"https:\/\/schema.org","@graph":[{"@type":"WebPage","@id":"https:\/\/shop.huppa.eu\/fi\/product\/naisten-pitka-takki-carry-1-200g\/","url":"https:\/\/shop.huppa.eu\/fi\/product\/naisten-pitka-takki-carry-1-200g\/","name":"Naisten talvitakki CARRY 1 (200g) - Huppa FI","isPartOf":{"@id":"https:\/\/shop.huppa.eu\/fi\/#website"},"primaryImageOfPage":{"@id":"https:\/\/shop.huppa.eu\/fi\/product\/naisten-pitka-takki-carry-1-200g\/#primaryimage"},"image":{"@id":"https:\/\/shop.huppa.eu\/fi\/product\/naisten-pitka-takki-carry-1-200g\/#primaryimage"},"thumbnailUrl":"https:\/\/huppashop-prod.s3.eu-north-1.amazonaws.com\/wp-content\/uploads\/sites\/5\/2021\/05\/18165751\/12538120-00009-CARRY_f.jpg","datePublished":"2023-09-19T05:31:02+00:00","dateModified":"2026-04-16T03:18:03+00:00","breadcrumb":{"@id":"https:\/\/shop.huppa.eu\/fi\/product\/naisten-pitka-takki-carry-1-200g\/#breadcrumb"},"inLanguage":"fi","potentialAction":[{"@type":"ReadAction","target":["https:\/\/shop.huppa.eu\/fi\/product\/naisten-pitka-takki-carry-1-200g\/"]}]},{"@type":"ImageObject","inLanguage":"fi","@id":"https:\/\/shop.huppa.eu\/fi\/product\/naisten-pitka-takki-carry-1-200g\/#primaryimage","url":"https:\/\/huppashop-prod.s3.eu-north-1.amazonaws.com\/wp-content\/uploads\/sites\/5\/2021\/05\/18165751\/12538120-00009-CARRY_f.jpg","contentUrl":"https:\/\/huppashop-prod.s3.eu-north-1.amazonaws.com\/wp-content\/uploads\/sites\/5\/2021\/05\/18165751\/12538120-00009-CARRY_f.jpg","width":1200,"height":1200},{"@type":"BreadcrumbList","@id":"https:\/\/shop.huppa.eu\/fi\/product\/naisten-pitka-takki-carry-1-200g\/#breadcrumb","itemListElement":[{"@type":"ListItem","position":1,"name":"Shop","item":"https:\/\/shop.huppa.eu\/fi\/shop\/"},{"@type":"ListItem","position":2,"name":"Naisten talvitakki CARRY 1 (200g)"}]},{"@type":"WebSite","@id":"https:\/\/shop.huppa.eu\/fi\/#website","url":"https:\/\/shop.huppa.eu\/fi\/","name":"Huppa FI","description":"Huppa FI","potentialAction":[{"@type":"SearchAction","target":{"@type":"EntryPoint","urlTemplate":"https:\/\/shop.huppa.eu\/fi\/?s={search_term_string}"},"query-input":{"@type":"PropertyValueSpecification","valueRequired":true,"valueName":"search_term_string"}}],"inLanguage":"fi"}]}},"_links":{"self":[{"href":"https:\/\/shop.huppa.eu\/fi\/wp-json\/wp\/v2\/product\/530873","targetHints":{"allow":["GET"]}}],"collection":[{"href":"https:\/\/shop.huppa.eu\/fi\/wp-json\/wp\/v2\/product"}],"about":[{"href":"https:\/\/shop.huppa.eu\/fi\/wp-json\/wp\/v2\/types\/product"}],"wp:featuredmedia":[{"embeddable":true,"href":"https:\/\/shop.huppa.eu\/fi\/wp-json\/wp\/v2\/media\/454332"}],"wp:attachment":[{"href":"https:\/\/shop.huppa.eu\/fi\/wp-json\/wp\/v2\/media?parent=530873"}],"wp:term":[{"taxonomy":"product_brand","embeddable":true,"href":"https:\/\/shop.huppa.eu\/fi\/wp-json\/wp\/v2\/product_brand?post=530873"},{"taxonomy":"product_cat","embeddable":true,"href":"https:\/\/shop.huppa.eu\/fi\/wp-json\/wp\/v2\/product_cat?post=530873"},{"taxonomy":"product_tag","embeddable":true,"href":"https:\/\/shop.huppa.eu\/fi\/wp-json\/wp\/v2\/product_tag?post=530873"}],"curies":[{"name":"wp","href":"https:\/\/api.w.org\/{rel}","templated":true}]}}