{"id":543510,"date":"2024-05-24T08:20:54","date_gmt":"2024-05-24T06:20:54","guid":{"rendered":"https:\/\/shop.huppa.eu\/fi\/product\/lasten-housut-funny-160g-2\/"},"modified":"2026-04-09T05:59:07","modified_gmt":"2026-04-09T03:59:07","slug":"lasten-housut-funny-160g-2","status":"publish","type":"product","link":"https:\/\/shop.huppa.eu\/fi\/product\/lasten-housut-funny-160g-2\/","title":{"rendered":"Lasten talvihousut FUNNY (160g)"},"content":{"rendered":"<p>Korkeavy\u00f6t\u00e4r\u00f6iset klassiset lasten toppahousut (160g). Housut ovat taftivuoriset, niiden hengitt\u00e4v\u00e4 ja vett\u00e4hylkiv\u00e4 p\u00e4\u00e4llyskangas sopii mainiosti meid\u00e4n ilmastoon. K\u00e4ytt\u00f6mukavuutta lis\u00e4\u00e4v\u00e4t s\u00e4\u00e4dett\u00e4v\u00e4t kumihenkselit, kuminauhavy\u00f6t\u00e4r\u00f6 ja kuminauhat lahkeensuissa, jotka est\u00e4v\u00e4t lumen p\u00e4\u00e4syn saappaaseen. Monet heijastavat yksityiskohdat lis\u00e4\u00e4v\u00e4t turvallisuutta my\u00f6s pime\u00e4n tullen<\/p>\n","protected":false},"excerpt":{"rendered":"<p>Korkeavy\u00f6t\u00e4r\u00f6iset klassiset lasten toppahousut (160g). Housut ovat taftivuoriset, niiden hengitt\u00e4v\u00e4 ja vett\u00e4hylkiv\u00e4 p\u00e4\u00e4llyskangas sopii mainiosti meid\u00e4n ilmastoon. K\u00e4ytt\u00f6mukavuutta lis\u00e4\u00e4v\u00e4t s\u00e4\u00e4dett\u00e4v\u00e4t kumihenkselit, kuminauhavy\u00f6t\u00e4r\u00f6 ja kuminauhat lahkeensuissa, jotka est\u00e4v\u00e4t lumen p\u00e4\u00e4syn saappaaseen. Monet heijastavat yksityiskohdat lis\u00e4\u00e4v\u00e4t turvallisuutta my\u00f6s pime\u00e4n tullen<\/p>\n","protected":false},"featured_media":507879,"template":"","meta":{"_acf_changed":false},"product_brand":[],"product_cat":[1005,145,1013,162,1011],"product_tag":[],"class_list":{"0":"post-543510","1":"product","2":"type-product","3":"status-publish","4":"has-post-thumbnail","6":"product_cat-housut","7":"product_cat-lapset","8":"product_cat-housut-lapset","9":"product_cat-tytot","10":"product_cat-housut-tytot","11":"pa_eristyksen-paino-160g","12":"pa_kokoelma-nr-w16-17","14":"first","15":"instock","16":"taxable","17":"shipping-taxable","18":"purchasable","19":"product-type-variable"},"acf":[],"yoast_head":"<!-- This site is optimized with the Yoast SEO plugin v26.8 - https:\/\/yoast.com\/product\/yoast-seo-wordpress\/ -->\n<title>Lasten talvihousut FUNNY (160g) - Huppa FI<\/title>\n<meta name=\"robots\" content=\"index, follow, max-snippet:-1, max-image-preview:large, max-video-preview:-1\" \/>\n<link rel=\"canonical\" href=\"https:\/\/shop.huppa.eu\/fi\/product\/lasten-housut-funny-160g-2\/\" \/>\n<meta property=\"og:locale\" content=\"fi_FI\" \/>\n<meta property=\"og:type\" content=\"article\" \/>\n<meta property=\"og:title\" content=\"Lasten talvihousut FUNNY (160g) - Huppa FI\" \/>\n<meta property=\"og:description\" content=\"Korkeavy\u00f6t\u00e4r\u00f6iset klassiset lasten toppahousut (160g). Housut ovat taftivuoriset, niiden hengitt\u00e4v\u00e4 ja vett\u00e4hylkiv\u00e4 p\u00e4\u00e4llyskangas sopii mainiosti meid\u00e4n ilmastoon. K\u00e4ytt\u00f6mukavuutta lis\u00e4\u00e4v\u00e4t s\u00e4\u00e4dett\u00e4v\u00e4t kumihenkselit, kuminauhavy\u00f6t\u00e4r\u00f6 ja kuminauhat lahkeensuissa, jotka est\u00e4v\u00e4t lumen p\u00e4\u00e4syn saappaaseen. Monet heijastavat yksityiskohdat lis\u00e4\u00e4v\u00e4t turvallisuutta my\u00f6s pime\u00e4n tullen\" \/>\n<meta property=\"og:url\" content=\"https:\/\/shop.huppa.eu\/fi\/product\/lasten-housut-funny-160g-2\/\" \/>\n<meta property=\"og:site_name\" content=\"Huppa FI\" \/>\n<meta property=\"article:modified_time\" content=\"2026-04-09T03:59:07+00:00\" \/>\n<meta property=\"og:image\" content=\"https:\/\/huppashop-prod.s3.eu-north-1.amazonaws.com\/wp-content\/uploads\/sites\/2\/2022\/09\/09102839\/21750016-60053-FUNNYf.png\" \/>\n\t<meta property=\"og:image:width\" content=\"800\" \/>\n\t<meta property=\"og:image:height\" content=\"800\" \/>\n\t<meta property=\"og:image:type\" content=\"image\/png\" \/>\n<meta name=\"twitter:card\" content=\"summary_large_image\" \/>\n<script type=\"application\/ld+json\" class=\"yoast-schema-graph\">{\"@context\":\"https:\/\/schema.org\",\"@graph\":[{\"@type\":\"WebPage\",\"@id\":\"https:\/\/shop.huppa.eu\/fi\/product\/lasten-housut-funny-160g-2\/\",\"url\":\"https:\/\/shop.huppa.eu\/fi\/product\/lasten-housut-funny-160g-2\/\",\"name\":\"Lasten talvihousut FUNNY (160g) - Huppa FI\",\"isPartOf\":{\"@id\":\"https:\/\/shop.huppa.eu\/fi\/#website\"},\"primaryImageOfPage\":{\"@id\":\"https:\/\/shop.huppa.eu\/fi\/product\/lasten-housut-funny-160g-2\/#primaryimage\"},\"image\":{\"@id\":\"https:\/\/shop.huppa.eu\/fi\/product\/lasten-housut-funny-160g-2\/#primaryimage\"},\"thumbnailUrl\":\"https:\/\/huppashop-prod.s3.eu-north-1.amazonaws.com\/wp-content\/uploads\/sites\/2\/2022\/09\/09102839\/21750016-60053-FUNNYf.png\",\"datePublished\":\"2024-05-24T06:20:54+00:00\",\"dateModified\":\"2026-04-09T03:59:07+00:00\",\"breadcrumb\":{\"@id\":\"https:\/\/shop.huppa.eu\/fi\/product\/lasten-housut-funny-160g-2\/#breadcrumb\"},\"inLanguage\":\"fi\",\"potentialAction\":[{\"@type\":\"ReadAction\",\"target\":[\"https:\/\/shop.huppa.eu\/fi\/product\/lasten-housut-funny-160g-2\/\"]}]},{\"@type\":\"ImageObject\",\"inLanguage\":\"fi\",\"@id\":\"https:\/\/shop.huppa.eu\/fi\/product\/lasten-housut-funny-160g-2\/#primaryimage\",\"url\":\"https:\/\/huppashop-prod.s3.eu-north-1.amazonaws.com\/wp-content\/uploads\/sites\/2\/2022\/09\/09102839\/21750016-60053-FUNNYf.png\",\"contentUrl\":\"https:\/\/huppashop-prod.s3.eu-north-1.amazonaws.com\/wp-content\/uploads\/sites\/2\/2022\/09\/09102839\/21750016-60053-FUNNYf.png\",\"width\":800,\"height\":800},{\"@type\":\"BreadcrumbList\",\"@id\":\"https:\/\/shop.huppa.eu\/fi\/product\/lasten-housut-funny-160g-2\/#breadcrumb\",\"itemListElement\":[{\"@type\":\"ListItem\",\"position\":1,\"name\":\"Shop\",\"item\":\"https:\/\/shop.huppa.eu\/fi\/shop\/\"},{\"@type\":\"ListItem\",\"position\":2,\"name\":\"Lasten talvihousut FUNNY (160g)\"}]},{\"@type\":\"WebSite\",\"@id\":\"https:\/\/shop.huppa.eu\/fi\/#website\",\"url\":\"https:\/\/shop.huppa.eu\/fi\/\",\"name\":\"Huppa FI\",\"description\":\"Huppa FI\",\"potentialAction\":[{\"@type\":\"SearchAction\",\"target\":{\"@type\":\"EntryPoint\",\"urlTemplate\":\"https:\/\/shop.huppa.eu\/fi\/?s={search_term_string}\"},\"query-input\":{\"@type\":\"PropertyValueSpecification\",\"valueRequired\":true,\"valueName\":\"search_term_string\"}}],\"inLanguage\":\"fi\"}]}<\/script>\n<!-- \/ Yoast SEO plugin. -->","yoast_head_json":{"title":"Lasten talvihousut FUNNY (160g) - Huppa FI","robots":{"index":"index","follow":"follow","max-snippet":"max-snippet:-1","max-image-preview":"max-image-preview:large","max-video-preview":"max-video-preview:-1"},"canonical":"https:\/\/shop.huppa.eu\/fi\/product\/lasten-housut-funny-160g-2\/","og_locale":"fi_FI","og_type":"article","og_title":"Lasten talvihousut FUNNY (160g) - Huppa FI","og_description":"Korkeavy\u00f6t\u00e4r\u00f6iset klassiset lasten toppahousut (160g). Housut ovat taftivuoriset, niiden hengitt\u00e4v\u00e4 ja vett\u00e4hylkiv\u00e4 p\u00e4\u00e4llyskangas sopii mainiosti meid\u00e4n ilmastoon. K\u00e4ytt\u00f6mukavuutta lis\u00e4\u00e4v\u00e4t s\u00e4\u00e4dett\u00e4v\u00e4t kumihenkselit, kuminauhavy\u00f6t\u00e4r\u00f6 ja kuminauhat lahkeensuissa, jotka est\u00e4v\u00e4t lumen p\u00e4\u00e4syn saappaaseen. Monet heijastavat yksityiskohdat lis\u00e4\u00e4v\u00e4t turvallisuutta my\u00f6s pime\u00e4n tullen","og_url":"https:\/\/shop.huppa.eu\/fi\/product\/lasten-housut-funny-160g-2\/","og_site_name":"Huppa FI","article_modified_time":"2026-04-09T03:59:07+00:00","og_image":[{"width":800,"height":800,"url":"https:\/\/huppashop-prod.s3.eu-north-1.amazonaws.com\/wp-content\/uploads\/sites\/2\/2022\/09\/09102839\/21750016-60053-FUNNYf.png","type":"image\/png"}],"twitter_card":"summary_large_image","schema":{"@context":"https:\/\/schema.org","@graph":[{"@type":"WebPage","@id":"https:\/\/shop.huppa.eu\/fi\/product\/lasten-housut-funny-160g-2\/","url":"https:\/\/shop.huppa.eu\/fi\/product\/lasten-housut-funny-160g-2\/","name":"Lasten talvihousut FUNNY (160g) - Huppa FI","isPartOf":{"@id":"https:\/\/shop.huppa.eu\/fi\/#website"},"primaryImageOfPage":{"@id":"https:\/\/shop.huppa.eu\/fi\/product\/lasten-housut-funny-160g-2\/#primaryimage"},"image":{"@id":"https:\/\/shop.huppa.eu\/fi\/product\/lasten-housut-funny-160g-2\/#primaryimage"},"thumbnailUrl":"https:\/\/huppashop-prod.s3.eu-north-1.amazonaws.com\/wp-content\/uploads\/sites\/2\/2022\/09\/09102839\/21750016-60053-FUNNYf.png","datePublished":"2024-05-24T06:20:54+00:00","dateModified":"2026-04-09T03:59:07+00:00","breadcrumb":{"@id":"https:\/\/shop.huppa.eu\/fi\/product\/lasten-housut-funny-160g-2\/#breadcrumb"},"inLanguage":"fi","potentialAction":[{"@type":"ReadAction","target":["https:\/\/shop.huppa.eu\/fi\/product\/lasten-housut-funny-160g-2\/"]}]},{"@type":"ImageObject","inLanguage":"fi","@id":"https:\/\/shop.huppa.eu\/fi\/product\/lasten-housut-funny-160g-2\/#primaryimage","url":"https:\/\/huppashop-prod.s3.eu-north-1.amazonaws.com\/wp-content\/uploads\/sites\/2\/2022\/09\/09102839\/21750016-60053-FUNNYf.png","contentUrl":"https:\/\/huppashop-prod.s3.eu-north-1.amazonaws.com\/wp-content\/uploads\/sites\/2\/2022\/09\/09102839\/21750016-60053-FUNNYf.png","width":800,"height":800},{"@type":"BreadcrumbList","@id":"https:\/\/shop.huppa.eu\/fi\/product\/lasten-housut-funny-160g-2\/#breadcrumb","itemListElement":[{"@type":"ListItem","position":1,"name":"Shop","item":"https:\/\/shop.huppa.eu\/fi\/shop\/"},{"@type":"ListItem","position":2,"name":"Lasten talvihousut FUNNY (160g)"}]},{"@type":"WebSite","@id":"https:\/\/shop.huppa.eu\/fi\/#website","url":"https:\/\/shop.huppa.eu\/fi\/","name":"Huppa FI","description":"Huppa FI","potentialAction":[{"@type":"SearchAction","target":{"@type":"EntryPoint","urlTemplate":"https:\/\/shop.huppa.eu\/fi\/?s={search_term_string}"},"query-input":{"@type":"PropertyValueSpecification","valueRequired":true,"valueName":"search_term_string"}}],"inLanguage":"fi"}]}},"_links":{"self":[{"href":"https:\/\/shop.huppa.eu\/fi\/wp-json\/wp\/v2\/product\/543510","targetHints":{"allow":["GET"]}}],"collection":[{"href":"https:\/\/shop.huppa.eu\/fi\/wp-json\/wp\/v2\/product"}],"about":[{"href":"https:\/\/shop.huppa.eu\/fi\/wp-json\/wp\/v2\/types\/product"}],"wp:featuredmedia":[{"embeddable":true,"href":"https:\/\/shop.huppa.eu\/fi\/wp-json\/wp\/v2\/media\/507879"}],"wp:attachment":[{"href":"https:\/\/shop.huppa.eu\/fi\/wp-json\/wp\/v2\/media?parent=543510"}],"wp:term":[{"taxonomy":"product_brand","embeddable":true,"href":"https:\/\/shop.huppa.eu\/fi\/wp-json\/wp\/v2\/product_brand?post=543510"},{"taxonomy":"product_cat","embeddable":true,"href":"https:\/\/shop.huppa.eu\/fi\/wp-json\/wp\/v2\/product_cat?post=543510"},{"taxonomy":"product_tag","embeddable":true,"href":"https:\/\/shop.huppa.eu\/fi\/wp-json\/wp\/v2\/product_tag?post=543510"}],"curies":[{"name":"wp","href":"https:\/\/api.w.org\/{rel}","templated":true}]}}