{"id":543907,"date":"2024-05-24T08:56:03","date_gmt":"2024-05-24T06:56:03","guid":{"rendered":"https:\/\/shop.huppa.eu\/fi\/product\/vauvan-makuupussi-hoyhentaytteella-emily\/"},"modified":"2026-04-16T06:11:10","modified_gmt":"2026-04-16T04:11:10","slug":"vauvan-makuupussi-hoyhentaytteella-emily","status":"publish","type":"product","link":"https:\/\/shop.huppa.eu\/fi\/product\/vauvan-makuupussi-hoyhentaytteella-emily\/","title":{"rendered":"Vauvan makuupussi EMILY (DOWN)"},"content":{"rendered":"<p>Miellytt\u00e4v\u00e4n l\u00e4mmin, veden- ja tuulenpit\u00e4v\u00e4 makuupussi h\u00f6yhent\u00e4ytteell\u00e4 makeisiin p\u00e4iv\u00e4uniin. Makuupussissa on pehme\u00e4 puuvillaflanellivuori ja hengitt\u00e4v\u00e4 ulkokangas. Vauvan pukeminen makuupussiin on helppoa kahden t\u00e4yspitk\u00e4n vetoketjun ansiosta, ja sit\u00e4 on k\u00e4tev\u00e4 k\u00e4ytt\u00e4\u00e4 ajon aikana kiinnitt\u00e4m\u00e4ll\u00e4 turvavy\u00f6 sille tarkoitetusta aukosta. Kuminauha hihanp\u00e4iss\u00e4 ja hupun reunassa. Hihojen p\u00e4\u00e4t voidaan k\u00e4\u00e4nt\u00e4\u00e4 taaksep\u00e4in muutamalla liikkeell\u00e4, eik\u00e4 hanskoja tarvita. Kaksi pitk\u00e4\u00e4 vetoketjua edess\u00e4.<\/p>\n","protected":false},"excerpt":{"rendered":"<p>Miellytt\u00e4v\u00e4n l\u00e4mmin, veden- ja tuulenpit\u00e4v\u00e4 makuupussi h\u00f6yhent\u00e4ytteell\u00e4 makeisiin p\u00e4iv\u00e4uniin. Makuupussissa on pehme\u00e4 puuvillaflanellivuori ja hengitt\u00e4v\u00e4 ulkokangas. Vauvan pukeminen makuupussiin on helppoa kahden t\u00e4yspitk\u00e4n vetoketjun ansiosta, ja sit\u00e4 on k\u00e4tev\u00e4 k\u00e4ytt\u00e4\u00e4 ajon aikana kiinnitt\u00e4m\u00e4ll\u00e4 turvavy\u00f6 sille tarkoitetusta aukosta. Kuminauha hihanp\u00e4iss\u00e4 ja hupun reunassa. Hihojen p\u00e4\u00e4t voidaan k\u00e4\u00e4nt\u00e4\u00e4 taaksep\u00e4in muutamalla liikkeell\u00e4, eik\u00e4 hanskoja tarvita. Kaksi pitk\u00e4\u00e4 vetoketjua [&hellip;]<\/p>\n","protected":false},"featured_media":489507,"template":"","meta":{"_acf_changed":false},"product_brand":[],"product_cat":[145,1362,1363,162,1366],"product_tag":[],"class_list":{"0":"post-543907","1":"product","2":"type-product","3":"status-publish","4":"has-post-thumbnail","6":"product_cat-lapset","7":"product_cat-makuupussit","8":"product_cat-makuupussit-2","9":"product_cat-tytot","10":"product_cat-makuupussit-tytot","11":"pa_eristyksen-paino-down","12":"pa_kokoelma-nr-w20-21","13":"pa_outlet-yes","15":"first","16":"instock","17":"sale","18":"taxable","19":"shipping-taxable","20":"purchasable","21":"product-type-variable"},"acf":[],"yoast_head":"<!-- This site is optimized with the Yoast SEO plugin v26.8 - https:\/\/yoast.com\/product\/yoast-seo-wordpress\/ -->\n<title>Vauvan makuupussi EMILY (DOWN) - Huppa FI<\/title>\n<meta name=\"robots\" content=\"index, follow, max-snippet:-1, max-image-preview:large, max-video-preview:-1\" \/>\n<link rel=\"canonical\" href=\"https:\/\/shop.huppa.eu\/fi\/product\/vauvan-makuupussi-hoyhentaytteella-emily\/\" \/>\n<meta property=\"og:locale\" content=\"fi_FI\" \/>\n<meta property=\"og:type\" content=\"article\" \/>\n<meta property=\"og:title\" content=\"Vauvan makuupussi EMILY (DOWN) - Huppa FI\" \/>\n<meta property=\"og:description\" content=\"Miellytt\u00e4v\u00e4n l\u00e4mmin, veden- ja tuulenpit\u00e4v\u00e4 makuupussi h\u00f6yhent\u00e4ytteell\u00e4 makeisiin p\u00e4iv\u00e4uniin. Makuupussissa on pehme\u00e4 puuvillaflanellivuori ja hengitt\u00e4v\u00e4 ulkokangas. Vauvan pukeminen makuupussiin on helppoa kahden t\u00e4yspitk\u00e4n vetoketjun ansiosta, ja sit\u00e4 on k\u00e4tev\u00e4 k\u00e4ytt\u00e4\u00e4 ajon aikana kiinnitt\u00e4m\u00e4ll\u00e4 turvavy\u00f6 sille tarkoitetusta aukosta. Kuminauha hihanp\u00e4iss\u00e4 ja hupun reunassa. Hihojen p\u00e4\u00e4t voidaan k\u00e4\u00e4nt\u00e4\u00e4 taaksep\u00e4in muutamalla liikkeell\u00e4, eik\u00e4 hanskoja tarvita. Kaksi pitk\u00e4\u00e4 vetoketjua [&hellip;]\" \/>\n<meta property=\"og:url\" content=\"https:\/\/shop.huppa.eu\/fi\/product\/vauvan-makuupussi-hoyhentaytteella-emily\/\" \/>\n<meta property=\"og:site_name\" content=\"Huppa FI\" \/>\n<meta property=\"article:modified_time\" content=\"2026-04-16T04:11:10+00:00\" \/>\n<meta property=\"og:image\" content=\"https:\/\/huppashop-prod.s3.eu-north-1.amazonaws.com\/wp-content\/uploads\/sites\/2\/2022\/03\/13120935\/32010055-04220-EMILY_f.jpg\" \/>\n\t<meta property=\"og:image:width\" content=\"1200\" \/>\n\t<meta property=\"og:image:height\" content=\"1200\" \/>\n\t<meta property=\"og:image:type\" content=\"image\/jpeg\" \/>\n<meta name=\"twitter:card\" content=\"summary_large_image\" \/>\n<script type=\"application\/ld+json\" class=\"yoast-schema-graph\">{\"@context\":\"https:\/\/schema.org\",\"@graph\":[{\"@type\":\"WebPage\",\"@id\":\"https:\/\/shop.huppa.eu\/fi\/product\/vauvan-makuupussi-hoyhentaytteella-emily\/\",\"url\":\"https:\/\/shop.huppa.eu\/fi\/product\/vauvan-makuupussi-hoyhentaytteella-emily\/\",\"name\":\"Vauvan makuupussi EMILY (DOWN) - Huppa FI\",\"isPartOf\":{\"@id\":\"https:\/\/shop.huppa.eu\/fi\/#website\"},\"primaryImageOfPage\":{\"@id\":\"https:\/\/shop.huppa.eu\/fi\/product\/vauvan-makuupussi-hoyhentaytteella-emily\/#primaryimage\"},\"image\":{\"@id\":\"https:\/\/shop.huppa.eu\/fi\/product\/vauvan-makuupussi-hoyhentaytteella-emily\/#primaryimage\"},\"thumbnailUrl\":\"https:\/\/huppashop-prod.s3.eu-north-1.amazonaws.com\/wp-content\/uploads\/sites\/2\/2022\/03\/13120935\/32010055-04220-EMILY_f.jpg\",\"datePublished\":\"2024-05-24T06:56:03+00:00\",\"dateModified\":\"2026-04-16T04:11:10+00:00\",\"breadcrumb\":{\"@id\":\"https:\/\/shop.huppa.eu\/fi\/product\/vauvan-makuupussi-hoyhentaytteella-emily\/#breadcrumb\"},\"inLanguage\":\"fi\",\"potentialAction\":[{\"@type\":\"ReadAction\",\"target\":[\"https:\/\/shop.huppa.eu\/fi\/product\/vauvan-makuupussi-hoyhentaytteella-emily\/\"]}]},{\"@type\":\"ImageObject\",\"inLanguage\":\"fi\",\"@id\":\"https:\/\/shop.huppa.eu\/fi\/product\/vauvan-makuupussi-hoyhentaytteella-emily\/#primaryimage\",\"url\":\"https:\/\/huppashop-prod.s3.eu-north-1.amazonaws.com\/wp-content\/uploads\/sites\/2\/2022\/03\/13120935\/32010055-04220-EMILY_f.jpg\",\"contentUrl\":\"https:\/\/huppashop-prod.s3.eu-north-1.amazonaws.com\/wp-content\/uploads\/sites\/2\/2022\/03\/13120935\/32010055-04220-EMILY_f.jpg\",\"width\":1200,\"height\":1200},{\"@type\":\"BreadcrumbList\",\"@id\":\"https:\/\/shop.huppa.eu\/fi\/product\/vauvan-makuupussi-hoyhentaytteella-emily\/#breadcrumb\",\"itemListElement\":[{\"@type\":\"ListItem\",\"position\":1,\"name\":\"Shop\",\"item\":\"https:\/\/shop.huppa.eu\/fi\/shop\/\"},{\"@type\":\"ListItem\",\"position\":2,\"name\":\"Vauvan makuupussi EMILY (DOWN)\"}]},{\"@type\":\"WebSite\",\"@id\":\"https:\/\/shop.huppa.eu\/fi\/#website\",\"url\":\"https:\/\/shop.huppa.eu\/fi\/\",\"name\":\"Huppa FI\",\"description\":\"Huppa FI\",\"potentialAction\":[{\"@type\":\"SearchAction\",\"target\":{\"@type\":\"EntryPoint\",\"urlTemplate\":\"https:\/\/shop.huppa.eu\/fi\/?s={search_term_string}\"},\"query-input\":{\"@type\":\"PropertyValueSpecification\",\"valueRequired\":true,\"valueName\":\"search_term_string\"}}],\"inLanguage\":\"fi\"}]}<\/script>\n<!-- \/ Yoast SEO plugin. -->","yoast_head_json":{"title":"Vauvan makuupussi EMILY (DOWN) - Huppa FI","robots":{"index":"index","follow":"follow","max-snippet":"max-snippet:-1","max-image-preview":"max-image-preview:large","max-video-preview":"max-video-preview:-1"},"canonical":"https:\/\/shop.huppa.eu\/fi\/product\/vauvan-makuupussi-hoyhentaytteella-emily\/","og_locale":"fi_FI","og_type":"article","og_title":"Vauvan makuupussi EMILY (DOWN) - Huppa FI","og_description":"Miellytt\u00e4v\u00e4n l\u00e4mmin, veden- ja tuulenpit\u00e4v\u00e4 makuupussi h\u00f6yhent\u00e4ytteell\u00e4 makeisiin p\u00e4iv\u00e4uniin. Makuupussissa on pehme\u00e4 puuvillaflanellivuori ja hengitt\u00e4v\u00e4 ulkokangas. Vauvan pukeminen makuupussiin on helppoa kahden t\u00e4yspitk\u00e4n vetoketjun ansiosta, ja sit\u00e4 on k\u00e4tev\u00e4 k\u00e4ytt\u00e4\u00e4 ajon aikana kiinnitt\u00e4m\u00e4ll\u00e4 turvavy\u00f6 sille tarkoitetusta aukosta. Kuminauha hihanp\u00e4iss\u00e4 ja hupun reunassa. Hihojen p\u00e4\u00e4t voidaan k\u00e4\u00e4nt\u00e4\u00e4 taaksep\u00e4in muutamalla liikkeell\u00e4, eik\u00e4 hanskoja tarvita. Kaksi pitk\u00e4\u00e4 vetoketjua [&hellip;]","og_url":"https:\/\/shop.huppa.eu\/fi\/product\/vauvan-makuupussi-hoyhentaytteella-emily\/","og_site_name":"Huppa FI","article_modified_time":"2026-04-16T04:11:10+00:00","og_image":[{"width":1200,"height":1200,"url":"https:\/\/huppashop-prod.s3.eu-north-1.amazonaws.com\/wp-content\/uploads\/sites\/2\/2022\/03\/13120935\/32010055-04220-EMILY_f.jpg","type":"image\/jpeg"}],"twitter_card":"summary_large_image","schema":{"@context":"https:\/\/schema.org","@graph":[{"@type":"WebPage","@id":"https:\/\/shop.huppa.eu\/fi\/product\/vauvan-makuupussi-hoyhentaytteella-emily\/","url":"https:\/\/shop.huppa.eu\/fi\/product\/vauvan-makuupussi-hoyhentaytteella-emily\/","name":"Vauvan makuupussi EMILY (DOWN) - Huppa FI","isPartOf":{"@id":"https:\/\/shop.huppa.eu\/fi\/#website"},"primaryImageOfPage":{"@id":"https:\/\/shop.huppa.eu\/fi\/product\/vauvan-makuupussi-hoyhentaytteella-emily\/#primaryimage"},"image":{"@id":"https:\/\/shop.huppa.eu\/fi\/product\/vauvan-makuupussi-hoyhentaytteella-emily\/#primaryimage"},"thumbnailUrl":"https:\/\/huppashop-prod.s3.eu-north-1.amazonaws.com\/wp-content\/uploads\/sites\/2\/2022\/03\/13120935\/32010055-04220-EMILY_f.jpg","datePublished":"2024-05-24T06:56:03+00:00","dateModified":"2026-04-16T04:11:10+00:00","breadcrumb":{"@id":"https:\/\/shop.huppa.eu\/fi\/product\/vauvan-makuupussi-hoyhentaytteella-emily\/#breadcrumb"},"inLanguage":"fi","potentialAction":[{"@type":"ReadAction","target":["https:\/\/shop.huppa.eu\/fi\/product\/vauvan-makuupussi-hoyhentaytteella-emily\/"]}]},{"@type":"ImageObject","inLanguage":"fi","@id":"https:\/\/shop.huppa.eu\/fi\/product\/vauvan-makuupussi-hoyhentaytteella-emily\/#primaryimage","url":"https:\/\/huppashop-prod.s3.eu-north-1.amazonaws.com\/wp-content\/uploads\/sites\/2\/2022\/03\/13120935\/32010055-04220-EMILY_f.jpg","contentUrl":"https:\/\/huppashop-prod.s3.eu-north-1.amazonaws.com\/wp-content\/uploads\/sites\/2\/2022\/03\/13120935\/32010055-04220-EMILY_f.jpg","width":1200,"height":1200},{"@type":"BreadcrumbList","@id":"https:\/\/shop.huppa.eu\/fi\/product\/vauvan-makuupussi-hoyhentaytteella-emily\/#breadcrumb","itemListElement":[{"@type":"ListItem","position":1,"name":"Shop","item":"https:\/\/shop.huppa.eu\/fi\/shop\/"},{"@type":"ListItem","position":2,"name":"Vauvan makuupussi EMILY (DOWN)"}]},{"@type":"WebSite","@id":"https:\/\/shop.huppa.eu\/fi\/#website","url":"https:\/\/shop.huppa.eu\/fi\/","name":"Huppa FI","description":"Huppa FI","potentialAction":[{"@type":"SearchAction","target":{"@type":"EntryPoint","urlTemplate":"https:\/\/shop.huppa.eu\/fi\/?s={search_term_string}"},"query-input":{"@type":"PropertyValueSpecification","valueRequired":true,"valueName":"search_term_string"}}],"inLanguage":"fi"}]}},"_links":{"self":[{"href":"https:\/\/shop.huppa.eu\/fi\/wp-json\/wp\/v2\/product\/543907","targetHints":{"allow":["GET"]}}],"collection":[{"href":"https:\/\/shop.huppa.eu\/fi\/wp-json\/wp\/v2\/product"}],"about":[{"href":"https:\/\/shop.huppa.eu\/fi\/wp-json\/wp\/v2\/types\/product"}],"wp:featuredmedia":[{"embeddable":true,"href":"https:\/\/shop.huppa.eu\/fi\/wp-json\/wp\/v2\/media\/489507"}],"wp:attachment":[{"href":"https:\/\/shop.huppa.eu\/fi\/wp-json\/wp\/v2\/media?parent=543907"}],"wp:term":[{"taxonomy":"product_brand","embeddable":true,"href":"https:\/\/shop.huppa.eu\/fi\/wp-json\/wp\/v2\/product_brand?post=543907"},{"taxonomy":"product_cat","embeddable":true,"href":"https:\/\/shop.huppa.eu\/fi\/wp-json\/wp\/v2\/product_cat?post=543907"},{"taxonomy":"product_tag","embeddable":true,"href":"https:\/\/shop.huppa.eu\/fi\/wp-json\/wp\/v2\/product_tag?post=543907"}],"curies":[{"name":"wp","href":"https:\/\/api.w.org\/{rel}","templated":true}]}}