{"id":544227,"date":"2024-05-24T09:18:55","date_gmt":"2024-05-24T07:18:55","guid":{"rendered":"https:\/\/shop.huppa.eu\/fi\/product\/lasten-huppatec-haalarit-berger-200g-3\/"},"modified":"2026-04-16T06:20:09","modified_gmt":"2026-04-16T04:20:09","slug":"lasten-huppatec-haalarit-berger-200g-3","status":"publish","type":"product","link":"https:\/\/shop.huppa.eu\/fi\/product\/lasten-huppatec-haalarit-berger-200g-3\/","title":{"rendered":"Lasten talvihaalarit BERGER (200g)"},"content":{"rendered":"<p>Lasten veden- ja tuulenpit\u00e4v\u00e4t haalarit 200 g eristyksell\u00e4. Hengitt\u00e4v\u00e4 ulkokangas. Sis\u00e4lt\u00e4 pehme\u00e4\u00e4 vuorikangasta. Irrotettava huppu. S\u00e4\u00e4dett\u00e4v\u00e4 kuminauha hupun reunassa ja takana. Edess\u00e4 sulku ja taskut vedenpit\u00e4v\u00e4ll\u00e4 vetoketjulla. Hihanp\u00e4\u00e4t ovat s\u00e4\u00e4dett\u00e4v\u00e4t. Hihansuissa resorit. V\u00e4rik\u00e4sitelty kuminauha napinl\u00e4vill\u00e4. Jalkaosa valmistettu kest\u00e4v\u00e4st\u00e4 Cordura-kankaasta. Jalkojen p\u00e4iss\u00e4 lumilukot. Lahkeen leveys on s\u00e4\u00e4dett\u00e4viss\u00e4 vetoketjulla. Vedenpit\u00e4v\u00e4t teipatut saumat. Ulkokankaassa heijastavat yksityiskohdat.<\/p>\n","protected":false},"excerpt":{"rendered":"<p>Lasten veden- ja tuulenpit\u00e4v\u00e4t haalarit 200 g eristyksell\u00e4. Hengitt\u00e4v\u00e4 ulkokangas. Sis\u00e4lt\u00e4 pehme\u00e4\u00e4 vuorikangasta. Irrotettava huppu. S\u00e4\u00e4dett\u00e4v\u00e4 kuminauha hupun reunassa ja takana. Edess\u00e4 sulku ja taskut vedenpit\u00e4v\u00e4ll\u00e4 vetoketjulla. Hihanp\u00e4\u00e4t ovat s\u00e4\u00e4dett\u00e4v\u00e4t. Hihansuissa resorit. V\u00e4rik\u00e4sitelty kuminauha napinl\u00e4vill\u00e4. Jalkaosa valmistettu kest\u00e4v\u00e4st\u00e4 Cordura-kankaasta. Jalkojen p\u00e4iss\u00e4 lumilukot. Lahkeen leveys on s\u00e4\u00e4dett\u00e4viss\u00e4 vetoketjulla. Vedenpit\u00e4v\u00e4t teipatut saumat. Ulkokankaassa heijastavat yksityiskohdat.<\/p>\n","protected":false},"featured_media":503349,"template":"","meta":{"_acf_changed":false},"product_brand":[],"product_cat":[1273,145,1286,498,1274],"product_tag":[],"class_list":{"0":"post-544227","1":"product","2":"type-product","3":"status-publish","4":"has-post-thumbnail","6":"product_cat-haalarit","7":"product_cat-lapset","8":"product_cat-haalarit-lapset","9":"product_cat-unisex","10":"product_cat-haalarit-unisex","11":"pa_eristyksen-paino-200g","12":"pa_kokoelma-nr-w22-23","13":"pa_outlet-yes","15":"first","16":"instock","17":"sale","18":"taxable","19":"shipping-taxable","20":"purchasable","21":"product-type-variable"},"acf":[],"yoast_head":"<!-- This site is optimized with the Yoast SEO plugin v26.8 - https:\/\/yoast.com\/product\/yoast-seo-wordpress\/ -->\n<title>Lasten talvihaalarit BERGER (200g) - Huppa FI<\/title>\n<meta name=\"robots\" content=\"index, follow, max-snippet:-1, max-image-preview:large, max-video-preview:-1\" \/>\n<link rel=\"canonical\" href=\"https:\/\/shop.huppa.eu\/fi\/product\/lasten-huppatec-haalarit-berger-200g-3\/\" \/>\n<meta property=\"og:locale\" content=\"fi_FI\" \/>\n<meta property=\"og:type\" content=\"article\" \/>\n<meta property=\"og:title\" content=\"Lasten talvihaalarit BERGER (200g) - Huppa FI\" \/>\n<meta property=\"og:description\" content=\"Lasten veden- ja tuulenpit\u00e4v\u00e4t haalarit 200 g eristyksell\u00e4. Hengitt\u00e4v\u00e4 ulkokangas. Sis\u00e4lt\u00e4 pehme\u00e4\u00e4 vuorikangasta. Irrotettava huppu. S\u00e4\u00e4dett\u00e4v\u00e4 kuminauha hupun reunassa ja takana. Edess\u00e4 sulku ja taskut vedenpit\u00e4v\u00e4ll\u00e4 vetoketjulla. Hihanp\u00e4\u00e4t ovat s\u00e4\u00e4dett\u00e4v\u00e4t. Hihansuissa resorit. V\u00e4rik\u00e4sitelty kuminauha napinl\u00e4vill\u00e4. Jalkaosa valmistettu kest\u00e4v\u00e4st\u00e4 Cordura-kankaasta. Jalkojen p\u00e4iss\u00e4 lumilukot. Lahkeen leveys on s\u00e4\u00e4dett\u00e4viss\u00e4 vetoketjulla. Vedenpit\u00e4v\u00e4t teipatut saumat. Ulkokankaassa heijastavat yksityiskohdat.\" \/>\n<meta property=\"og:url\" content=\"https:\/\/shop.huppa.eu\/fi\/product\/lasten-huppatec-haalarit-berger-200g-3\/\" \/>\n<meta property=\"og:site_name\" content=\"Huppa FI\" \/>\n<meta property=\"article:modified_time\" content=\"2026-04-16T04:20:09+00:00\" \/>\n<meta property=\"og:image\" content=\"https:\/\/huppashop-prod.s3.eu-north-1.amazonaws.com\/wp-content\/uploads\/sites\/2\/2022\/08\/30101932\/36420020-21286-BERGER_f.jpg\" \/>\n\t<meta property=\"og:image:width\" content=\"1200\" \/>\n\t<meta property=\"og:image:height\" content=\"1200\" \/>\n\t<meta property=\"og:image:type\" content=\"image\/jpeg\" \/>\n<meta name=\"twitter:card\" content=\"summary_large_image\" \/>\n<script type=\"application\/ld+json\" class=\"yoast-schema-graph\">{\"@context\":\"https:\/\/schema.org\",\"@graph\":[{\"@type\":\"WebPage\",\"@id\":\"https:\/\/shop.huppa.eu\/fi\/product\/lasten-huppatec-haalarit-berger-200g-3\/\",\"url\":\"https:\/\/shop.huppa.eu\/fi\/product\/lasten-huppatec-haalarit-berger-200g-3\/\",\"name\":\"Lasten talvihaalarit BERGER (200g) - Huppa FI\",\"isPartOf\":{\"@id\":\"https:\/\/shop.huppa.eu\/fi\/#website\"},\"primaryImageOfPage\":{\"@id\":\"https:\/\/shop.huppa.eu\/fi\/product\/lasten-huppatec-haalarit-berger-200g-3\/#primaryimage\"},\"image\":{\"@id\":\"https:\/\/shop.huppa.eu\/fi\/product\/lasten-huppatec-haalarit-berger-200g-3\/#primaryimage\"},\"thumbnailUrl\":\"https:\/\/huppashop-prod.s3.eu-north-1.amazonaws.com\/wp-content\/uploads\/sites\/2\/2022\/08\/30101932\/36420020-21286-BERGER_f.jpg\",\"datePublished\":\"2024-05-24T07:18:55+00:00\",\"dateModified\":\"2026-04-16T04:20:09+00:00\",\"breadcrumb\":{\"@id\":\"https:\/\/shop.huppa.eu\/fi\/product\/lasten-huppatec-haalarit-berger-200g-3\/#breadcrumb\"},\"inLanguage\":\"fi\",\"potentialAction\":[{\"@type\":\"ReadAction\",\"target\":[\"https:\/\/shop.huppa.eu\/fi\/product\/lasten-huppatec-haalarit-berger-200g-3\/\"]}]},{\"@type\":\"ImageObject\",\"inLanguage\":\"fi\",\"@id\":\"https:\/\/shop.huppa.eu\/fi\/product\/lasten-huppatec-haalarit-berger-200g-3\/#primaryimage\",\"url\":\"https:\/\/huppashop-prod.s3.eu-north-1.amazonaws.com\/wp-content\/uploads\/sites\/2\/2022\/08\/30101932\/36420020-21286-BERGER_f.jpg\",\"contentUrl\":\"https:\/\/huppashop-prod.s3.eu-north-1.amazonaws.com\/wp-content\/uploads\/sites\/2\/2022\/08\/30101932\/36420020-21286-BERGER_f.jpg\",\"width\":1200,\"height\":1200},{\"@type\":\"BreadcrumbList\",\"@id\":\"https:\/\/shop.huppa.eu\/fi\/product\/lasten-huppatec-haalarit-berger-200g-3\/#breadcrumb\",\"itemListElement\":[{\"@type\":\"ListItem\",\"position\":1,\"name\":\"Shop\",\"item\":\"https:\/\/shop.huppa.eu\/fi\/shop\/\"},{\"@type\":\"ListItem\",\"position\":2,\"name\":\"Lasten talvihaalarit BERGER (200g)\"}]},{\"@type\":\"WebSite\",\"@id\":\"https:\/\/shop.huppa.eu\/fi\/#website\",\"url\":\"https:\/\/shop.huppa.eu\/fi\/\",\"name\":\"Huppa FI\",\"description\":\"Huppa FI\",\"potentialAction\":[{\"@type\":\"SearchAction\",\"target\":{\"@type\":\"EntryPoint\",\"urlTemplate\":\"https:\/\/shop.huppa.eu\/fi\/?s={search_term_string}\"},\"query-input\":{\"@type\":\"PropertyValueSpecification\",\"valueRequired\":true,\"valueName\":\"search_term_string\"}}],\"inLanguage\":\"fi\"}]}<\/script>\n<!-- \/ Yoast SEO plugin. -->","yoast_head_json":{"title":"Lasten talvihaalarit BERGER (200g) - Huppa FI","robots":{"index":"index","follow":"follow","max-snippet":"max-snippet:-1","max-image-preview":"max-image-preview:large","max-video-preview":"max-video-preview:-1"},"canonical":"https:\/\/shop.huppa.eu\/fi\/product\/lasten-huppatec-haalarit-berger-200g-3\/","og_locale":"fi_FI","og_type":"article","og_title":"Lasten talvihaalarit BERGER (200g) - Huppa FI","og_description":"Lasten veden- ja tuulenpit\u00e4v\u00e4t haalarit 200 g eristyksell\u00e4. Hengitt\u00e4v\u00e4 ulkokangas. Sis\u00e4lt\u00e4 pehme\u00e4\u00e4 vuorikangasta. Irrotettava huppu. S\u00e4\u00e4dett\u00e4v\u00e4 kuminauha hupun reunassa ja takana. Edess\u00e4 sulku ja taskut vedenpit\u00e4v\u00e4ll\u00e4 vetoketjulla. Hihanp\u00e4\u00e4t ovat s\u00e4\u00e4dett\u00e4v\u00e4t. Hihansuissa resorit. V\u00e4rik\u00e4sitelty kuminauha napinl\u00e4vill\u00e4. Jalkaosa valmistettu kest\u00e4v\u00e4st\u00e4 Cordura-kankaasta. Jalkojen p\u00e4iss\u00e4 lumilukot. Lahkeen leveys on s\u00e4\u00e4dett\u00e4viss\u00e4 vetoketjulla. Vedenpit\u00e4v\u00e4t teipatut saumat. Ulkokankaassa heijastavat yksityiskohdat.","og_url":"https:\/\/shop.huppa.eu\/fi\/product\/lasten-huppatec-haalarit-berger-200g-3\/","og_site_name":"Huppa FI","article_modified_time":"2026-04-16T04:20:09+00:00","og_image":[{"width":1200,"height":1200,"url":"https:\/\/huppashop-prod.s3.eu-north-1.amazonaws.com\/wp-content\/uploads\/sites\/2\/2022\/08\/30101932\/36420020-21286-BERGER_f.jpg","type":"image\/jpeg"}],"twitter_card":"summary_large_image","schema":{"@context":"https:\/\/schema.org","@graph":[{"@type":"WebPage","@id":"https:\/\/shop.huppa.eu\/fi\/product\/lasten-huppatec-haalarit-berger-200g-3\/","url":"https:\/\/shop.huppa.eu\/fi\/product\/lasten-huppatec-haalarit-berger-200g-3\/","name":"Lasten talvihaalarit BERGER (200g) - Huppa FI","isPartOf":{"@id":"https:\/\/shop.huppa.eu\/fi\/#website"},"primaryImageOfPage":{"@id":"https:\/\/shop.huppa.eu\/fi\/product\/lasten-huppatec-haalarit-berger-200g-3\/#primaryimage"},"image":{"@id":"https:\/\/shop.huppa.eu\/fi\/product\/lasten-huppatec-haalarit-berger-200g-3\/#primaryimage"},"thumbnailUrl":"https:\/\/huppashop-prod.s3.eu-north-1.amazonaws.com\/wp-content\/uploads\/sites\/2\/2022\/08\/30101932\/36420020-21286-BERGER_f.jpg","datePublished":"2024-05-24T07:18:55+00:00","dateModified":"2026-04-16T04:20:09+00:00","breadcrumb":{"@id":"https:\/\/shop.huppa.eu\/fi\/product\/lasten-huppatec-haalarit-berger-200g-3\/#breadcrumb"},"inLanguage":"fi","potentialAction":[{"@type":"ReadAction","target":["https:\/\/shop.huppa.eu\/fi\/product\/lasten-huppatec-haalarit-berger-200g-3\/"]}]},{"@type":"ImageObject","inLanguage":"fi","@id":"https:\/\/shop.huppa.eu\/fi\/product\/lasten-huppatec-haalarit-berger-200g-3\/#primaryimage","url":"https:\/\/huppashop-prod.s3.eu-north-1.amazonaws.com\/wp-content\/uploads\/sites\/2\/2022\/08\/30101932\/36420020-21286-BERGER_f.jpg","contentUrl":"https:\/\/huppashop-prod.s3.eu-north-1.amazonaws.com\/wp-content\/uploads\/sites\/2\/2022\/08\/30101932\/36420020-21286-BERGER_f.jpg","width":1200,"height":1200},{"@type":"BreadcrumbList","@id":"https:\/\/shop.huppa.eu\/fi\/product\/lasten-huppatec-haalarit-berger-200g-3\/#breadcrumb","itemListElement":[{"@type":"ListItem","position":1,"name":"Shop","item":"https:\/\/shop.huppa.eu\/fi\/shop\/"},{"@type":"ListItem","position":2,"name":"Lasten talvihaalarit BERGER (200g)"}]},{"@type":"WebSite","@id":"https:\/\/shop.huppa.eu\/fi\/#website","url":"https:\/\/shop.huppa.eu\/fi\/","name":"Huppa FI","description":"Huppa FI","potentialAction":[{"@type":"SearchAction","target":{"@type":"EntryPoint","urlTemplate":"https:\/\/shop.huppa.eu\/fi\/?s={search_term_string}"},"query-input":{"@type":"PropertyValueSpecification","valueRequired":true,"valueName":"search_term_string"}}],"inLanguage":"fi"}]}},"_links":{"self":[{"href":"https:\/\/shop.huppa.eu\/fi\/wp-json\/wp\/v2\/product\/544227","targetHints":{"allow":["GET"]}}],"collection":[{"href":"https:\/\/shop.huppa.eu\/fi\/wp-json\/wp\/v2\/product"}],"about":[{"href":"https:\/\/shop.huppa.eu\/fi\/wp-json\/wp\/v2\/types\/product"}],"wp:featuredmedia":[{"embeddable":true,"href":"https:\/\/shop.huppa.eu\/fi\/wp-json\/wp\/v2\/media\/503349"}],"wp:attachment":[{"href":"https:\/\/shop.huppa.eu\/fi\/wp-json\/wp\/v2\/media?parent=544227"}],"wp:term":[{"taxonomy":"product_brand","embeddable":true,"href":"https:\/\/shop.huppa.eu\/fi\/wp-json\/wp\/v2\/product_brand?post=544227"},{"taxonomy":"product_cat","embeddable":true,"href":"https:\/\/shop.huppa.eu\/fi\/wp-json\/wp\/v2\/product_cat?post=544227"},{"taxonomy":"product_tag","embeddable":true,"href":"https:\/\/shop.huppa.eu\/fi\/wp-json\/wp\/v2\/product_tag?post=544227"}],"curies":[{"name":"wp","href":"https:\/\/api.w.org\/{rel}","templated":true}]}}