{"id":547146,"date":"2024-08-01T07:08:03","date_gmt":"2024-08-01T05:08:03","guid":{"rendered":"https:\/\/shop.huppa.eu\/fi\/product\/tyttojen-parka-mona-300g-2\/"},"modified":"2026-04-16T05:01:11","modified_gmt":"2026-04-16T03:01:11","slug":"tyttojen-parka-mona-300g-2","status":"publish","type":"product","link":"https:\/\/shop.huppa.eu\/fi\/product\/tyttojen-parka-mona-300g-2\/","title":{"rendered":"Tytt\u00f6jen talviparka MONA (300g)"},"content":{"rendered":"<p>Muodikas, l\u00e4mpim\u00e4ll\u00e4 vanulla (300g) parkatakki niin tyt\u00f6lle kuin \u00e4idillekin. Parkatakki on miellytt\u00e4v\u00e4n fleece- ja taftivuorinen, sen hengitt\u00e4v\u00e4 ja vett\u00e4hylkiv\u00e4 p\u00e4\u00e4llyskangas on juuri meid\u00e4n ilmastoon sopiva. K\u00e4ytt\u00f6mukavuutta lis\u00e4\u00e4v\u00e4t joustavat resorit hihansuissa, teipatut olkap\u00e4\u00e4n saumat, kaksisuuntainen vetoketju, s\u00e4\u00e4dett\u00e4v\u00e4 vy\u00f6t\u00e4r\u00f6n kuminauhakiristys, reilukokoiset taskut tarvittavan s\u00e4ilytt\u00e4miseen ja helposti neppareilla poistettava huppu irrotettavalla tekokarvalla. Nuorten tytt\u00f6jen lempitakkiin on lis\u00e4tty monia heijastavia yksityiskohtia, jotka tekev\u00e4t pime\u00e4n aikana liikkumisesta turvallisen. HUOM! Tytt\u00f6jen koot: 116 \u2013 152 cm ja naisten koot: XS \u2013 XL .<\/p>\n","protected":false},"excerpt":{"rendered":"<p>Muodikas, l\u00e4mpim\u00e4ll\u00e4 vanulla (300g) parkatakki niin tyt\u00f6lle kuin \u00e4idillekin. Parkatakki on miellytt\u00e4v\u00e4n fleece- ja taftivuorinen, sen hengitt\u00e4v\u00e4 ja vett\u00e4hylkiv\u00e4 p\u00e4\u00e4llyskangas on juuri meid\u00e4n ilmastoon sopiva. K\u00e4ytt\u00f6mukavuutta lis\u00e4\u00e4v\u00e4t joustavat resorit hihansuissa, teipatut olkap\u00e4\u00e4n saumat, kaksisuuntainen vetoketju, s\u00e4\u00e4dett\u00e4v\u00e4 vy\u00f6t\u00e4r\u00f6n kuminauhakiristys, reilukokoiset taskut tarvittavan s\u00e4ilytt\u00e4miseen ja helposti neppareilla poistettava huppu irrotettavalla tekokarvalla. Nuorten tytt\u00f6jen lempitakkiin on lis\u00e4tty monia [&hellip;]<\/p>\n","protected":false},"featured_media":480331,"template":"","meta":{"_acf_changed":false},"product_brand":[],"product_cat":[145,196,197,162,198],"product_tag":[],"class_list":{"0":"post-547146","1":"product","2":"type-product","3":"status-publish","4":"has-post-thumbnail","6":"product_cat-lapset","7":"product_cat-parka","8":"product_cat-parka-2","9":"product_cat-tytot","10":"product_cat-parka-tytot","11":"pa_eristyksen-paino-300g","12":"pa_kokoelma-nr-w19-20","13":"pa_outlet-yes","15":"first","16":"instock","17":"sale","18":"taxable","19":"shipping-taxable","20":"purchasable","21":"product-type-variable"},"acf":[],"yoast_head":"<!-- This site is optimized with the Yoast SEO plugin v26.8 - https:\/\/yoast.com\/product\/yoast-seo-wordpress\/ -->\n<title>Tytt\u00f6jen talviparka MONA (300g) - Huppa FI<\/title>\n<meta name=\"robots\" content=\"index, follow, max-snippet:-1, max-image-preview:large, max-video-preview:-1\" \/>\n<link rel=\"canonical\" href=\"https:\/\/shop.huppa.eu\/fi\/product\/tyttojen-parka-mona-300g-2\/\" \/>\n<meta property=\"og:locale\" content=\"fi_FI\" \/>\n<meta property=\"og:type\" content=\"article\" \/>\n<meta property=\"og:title\" content=\"Tytt\u00f6jen talviparka MONA (300g) - Huppa FI\" \/>\n<meta property=\"og:description\" content=\"Muodikas, l\u00e4mpim\u00e4ll\u00e4 vanulla (300g) parkatakki niin tyt\u00f6lle kuin \u00e4idillekin. Parkatakki on miellytt\u00e4v\u00e4n fleece- ja taftivuorinen, sen hengitt\u00e4v\u00e4 ja vett\u00e4hylkiv\u00e4 p\u00e4\u00e4llyskangas on juuri meid\u00e4n ilmastoon sopiva. K\u00e4ytt\u00f6mukavuutta lis\u00e4\u00e4v\u00e4t joustavat resorit hihansuissa, teipatut olkap\u00e4\u00e4n saumat, kaksisuuntainen vetoketju, s\u00e4\u00e4dett\u00e4v\u00e4 vy\u00f6t\u00e4r\u00f6n kuminauhakiristys, reilukokoiset taskut tarvittavan s\u00e4ilytt\u00e4miseen ja helposti neppareilla poistettava huppu irrotettavalla tekokarvalla. Nuorten tytt\u00f6jen lempitakkiin on lis\u00e4tty monia [&hellip;]\" \/>\n<meta property=\"og:url\" content=\"https:\/\/shop.huppa.eu\/fi\/product\/tyttojen-parka-mona-300g-2\/\" \/>\n<meta property=\"og:site_name\" content=\"Huppa FI\" \/>\n<meta property=\"article:modified_time\" content=\"2026-04-16T03:01:11+00:00\" \/>\n<meta property=\"og:image\" content=\"https:\/\/huppashop-prod.s3.eu-north-1.amazonaws.com\/wp-content\/uploads\/sites\/2\/2022\/03\/12224957\/12200030-70020-MONAf.jpg\" \/>\n\t<meta property=\"og:image:width\" content=\"800\" \/>\n\t<meta property=\"og:image:height\" content=\"800\" \/>\n\t<meta property=\"og:image:type\" content=\"image\/jpeg\" \/>\n<meta name=\"twitter:card\" content=\"summary_large_image\" \/>\n<script type=\"application\/ld+json\" class=\"yoast-schema-graph\">{\"@context\":\"https:\/\/schema.org\",\"@graph\":[{\"@type\":\"WebPage\",\"@id\":\"https:\/\/shop.huppa.eu\/fi\/product\/tyttojen-parka-mona-300g-2\/\",\"url\":\"https:\/\/shop.huppa.eu\/fi\/product\/tyttojen-parka-mona-300g-2\/\",\"name\":\"Tytt\u00f6jen talviparka MONA (300g) - Huppa FI\",\"isPartOf\":{\"@id\":\"https:\/\/shop.huppa.eu\/fi\/#website\"},\"primaryImageOfPage\":{\"@id\":\"https:\/\/shop.huppa.eu\/fi\/product\/tyttojen-parka-mona-300g-2\/#primaryimage\"},\"image\":{\"@id\":\"https:\/\/shop.huppa.eu\/fi\/product\/tyttojen-parka-mona-300g-2\/#primaryimage\"},\"thumbnailUrl\":\"https:\/\/huppashop-prod.s3.eu-north-1.amazonaws.com\/wp-content\/uploads\/sites\/2\/2022\/03\/12224957\/12200030-70020-MONAf.jpg\",\"datePublished\":\"2024-08-01T05:08:03+00:00\",\"dateModified\":\"2026-04-16T03:01:11+00:00\",\"breadcrumb\":{\"@id\":\"https:\/\/shop.huppa.eu\/fi\/product\/tyttojen-parka-mona-300g-2\/#breadcrumb\"},\"inLanguage\":\"fi\",\"potentialAction\":[{\"@type\":\"ReadAction\",\"target\":[\"https:\/\/shop.huppa.eu\/fi\/product\/tyttojen-parka-mona-300g-2\/\"]}]},{\"@type\":\"ImageObject\",\"inLanguage\":\"fi\",\"@id\":\"https:\/\/shop.huppa.eu\/fi\/product\/tyttojen-parka-mona-300g-2\/#primaryimage\",\"url\":\"https:\/\/huppashop-prod.s3.eu-north-1.amazonaws.com\/wp-content\/uploads\/sites\/2\/2022\/03\/12224957\/12200030-70020-MONAf.jpg\",\"contentUrl\":\"https:\/\/huppashop-prod.s3.eu-north-1.amazonaws.com\/wp-content\/uploads\/sites\/2\/2022\/03\/12224957\/12200030-70020-MONAf.jpg\",\"width\":800,\"height\":800},{\"@type\":\"BreadcrumbList\",\"@id\":\"https:\/\/shop.huppa.eu\/fi\/product\/tyttojen-parka-mona-300g-2\/#breadcrumb\",\"itemListElement\":[{\"@type\":\"ListItem\",\"position\":1,\"name\":\"Shop\",\"item\":\"https:\/\/shop.huppa.eu\/fi\/shop\/\"},{\"@type\":\"ListItem\",\"position\":2,\"name\":\"Tytt\u00f6jen talviparka MONA (300g)\"}]},{\"@type\":\"WebSite\",\"@id\":\"https:\/\/shop.huppa.eu\/fi\/#website\",\"url\":\"https:\/\/shop.huppa.eu\/fi\/\",\"name\":\"Huppa FI\",\"description\":\"Huppa FI\",\"potentialAction\":[{\"@type\":\"SearchAction\",\"target\":{\"@type\":\"EntryPoint\",\"urlTemplate\":\"https:\/\/shop.huppa.eu\/fi\/?s={search_term_string}\"},\"query-input\":{\"@type\":\"PropertyValueSpecification\",\"valueRequired\":true,\"valueName\":\"search_term_string\"}}],\"inLanguage\":\"fi\"}]}<\/script>\n<!-- \/ Yoast SEO plugin. -->","yoast_head_json":{"title":"Tytt\u00f6jen talviparka MONA (300g) - Huppa FI","robots":{"index":"index","follow":"follow","max-snippet":"max-snippet:-1","max-image-preview":"max-image-preview:large","max-video-preview":"max-video-preview:-1"},"canonical":"https:\/\/shop.huppa.eu\/fi\/product\/tyttojen-parka-mona-300g-2\/","og_locale":"fi_FI","og_type":"article","og_title":"Tytt\u00f6jen talviparka MONA (300g) - Huppa FI","og_description":"Muodikas, l\u00e4mpim\u00e4ll\u00e4 vanulla (300g) parkatakki niin tyt\u00f6lle kuin \u00e4idillekin. Parkatakki on miellytt\u00e4v\u00e4n fleece- ja taftivuorinen, sen hengitt\u00e4v\u00e4 ja vett\u00e4hylkiv\u00e4 p\u00e4\u00e4llyskangas on juuri meid\u00e4n ilmastoon sopiva. K\u00e4ytt\u00f6mukavuutta lis\u00e4\u00e4v\u00e4t joustavat resorit hihansuissa, teipatut olkap\u00e4\u00e4n saumat, kaksisuuntainen vetoketju, s\u00e4\u00e4dett\u00e4v\u00e4 vy\u00f6t\u00e4r\u00f6n kuminauhakiristys, reilukokoiset taskut tarvittavan s\u00e4ilytt\u00e4miseen ja helposti neppareilla poistettava huppu irrotettavalla tekokarvalla. Nuorten tytt\u00f6jen lempitakkiin on lis\u00e4tty monia [&hellip;]","og_url":"https:\/\/shop.huppa.eu\/fi\/product\/tyttojen-parka-mona-300g-2\/","og_site_name":"Huppa FI","article_modified_time":"2026-04-16T03:01:11+00:00","og_image":[{"width":800,"height":800,"url":"https:\/\/huppashop-prod.s3.eu-north-1.amazonaws.com\/wp-content\/uploads\/sites\/2\/2022\/03\/12224957\/12200030-70020-MONAf.jpg","type":"image\/jpeg"}],"twitter_card":"summary_large_image","schema":{"@context":"https:\/\/schema.org","@graph":[{"@type":"WebPage","@id":"https:\/\/shop.huppa.eu\/fi\/product\/tyttojen-parka-mona-300g-2\/","url":"https:\/\/shop.huppa.eu\/fi\/product\/tyttojen-parka-mona-300g-2\/","name":"Tytt\u00f6jen talviparka MONA (300g) - Huppa FI","isPartOf":{"@id":"https:\/\/shop.huppa.eu\/fi\/#website"},"primaryImageOfPage":{"@id":"https:\/\/shop.huppa.eu\/fi\/product\/tyttojen-parka-mona-300g-2\/#primaryimage"},"image":{"@id":"https:\/\/shop.huppa.eu\/fi\/product\/tyttojen-parka-mona-300g-2\/#primaryimage"},"thumbnailUrl":"https:\/\/huppashop-prod.s3.eu-north-1.amazonaws.com\/wp-content\/uploads\/sites\/2\/2022\/03\/12224957\/12200030-70020-MONAf.jpg","datePublished":"2024-08-01T05:08:03+00:00","dateModified":"2026-04-16T03:01:11+00:00","breadcrumb":{"@id":"https:\/\/shop.huppa.eu\/fi\/product\/tyttojen-parka-mona-300g-2\/#breadcrumb"},"inLanguage":"fi","potentialAction":[{"@type":"ReadAction","target":["https:\/\/shop.huppa.eu\/fi\/product\/tyttojen-parka-mona-300g-2\/"]}]},{"@type":"ImageObject","inLanguage":"fi","@id":"https:\/\/shop.huppa.eu\/fi\/product\/tyttojen-parka-mona-300g-2\/#primaryimage","url":"https:\/\/huppashop-prod.s3.eu-north-1.amazonaws.com\/wp-content\/uploads\/sites\/2\/2022\/03\/12224957\/12200030-70020-MONAf.jpg","contentUrl":"https:\/\/huppashop-prod.s3.eu-north-1.amazonaws.com\/wp-content\/uploads\/sites\/2\/2022\/03\/12224957\/12200030-70020-MONAf.jpg","width":800,"height":800},{"@type":"BreadcrumbList","@id":"https:\/\/shop.huppa.eu\/fi\/product\/tyttojen-parka-mona-300g-2\/#breadcrumb","itemListElement":[{"@type":"ListItem","position":1,"name":"Shop","item":"https:\/\/shop.huppa.eu\/fi\/shop\/"},{"@type":"ListItem","position":2,"name":"Tytt\u00f6jen talviparka MONA (300g)"}]},{"@type":"WebSite","@id":"https:\/\/shop.huppa.eu\/fi\/#website","url":"https:\/\/shop.huppa.eu\/fi\/","name":"Huppa FI","description":"Huppa FI","potentialAction":[{"@type":"SearchAction","target":{"@type":"EntryPoint","urlTemplate":"https:\/\/shop.huppa.eu\/fi\/?s={search_term_string}"},"query-input":{"@type":"PropertyValueSpecification","valueRequired":true,"valueName":"search_term_string"}}],"inLanguage":"fi"}]}},"_links":{"self":[{"href":"https:\/\/shop.huppa.eu\/fi\/wp-json\/wp\/v2\/product\/547146","targetHints":{"allow":["GET"]}}],"collection":[{"href":"https:\/\/shop.huppa.eu\/fi\/wp-json\/wp\/v2\/product"}],"about":[{"href":"https:\/\/shop.huppa.eu\/fi\/wp-json\/wp\/v2\/types\/product"}],"wp:featuredmedia":[{"embeddable":true,"href":"https:\/\/shop.huppa.eu\/fi\/wp-json\/wp\/v2\/media\/480331"}],"wp:attachment":[{"href":"https:\/\/shop.huppa.eu\/fi\/wp-json\/wp\/v2\/media?parent=547146"}],"wp:term":[{"taxonomy":"product_brand","embeddable":true,"href":"https:\/\/shop.huppa.eu\/fi\/wp-json\/wp\/v2\/product_brand?post=547146"},{"taxonomy":"product_cat","embeddable":true,"href":"https:\/\/shop.huppa.eu\/fi\/wp-json\/wp\/v2\/product_cat?post=547146"},{"taxonomy":"product_tag","embeddable":true,"href":"https:\/\/shop.huppa.eu\/fi\/wp-json\/wp\/v2\/product_tag?post=547146"}],"curies":[{"name":"wp","href":"https:\/\/api.w.org\/{rel}","templated":true}]}}