{"id":547379,"date":"2024-08-01T07:15:03","date_gmt":"2024-08-01T05:15:03","guid":{"rendered":"https:\/\/shop.huppa.eu\/fi\/product\/tyttojen-untuvatakki-parish-17\/"},"modified":"2026-04-16T05:11:09","modified_gmt":"2026-04-16T03:11:09","slug":"tyttojen-untuvatakki-parish-17","status":"publish","type":"product","link":"https:\/\/shop.huppa.eu\/fi\/product\/tyttojen-untuvatakki-parish-17\/","title":{"rendered":"Tytt\u00f6jen talvitakki PARISH (DOWN)"},"content":{"rendered":"<p>Tytt\u00f6jen tuulen- ja vedenpit\u00e4v\u00e4 takki. Pehme\u00e4 ulkokangas, t\u00e4ytteen\u00e4 untuvaa ja h\u00f6yheni\u00e4. Sis\u00e4puolella pehme\u00e4\u00e4 fleecevuori ja taftivuori. Joustavat sis\u00e4rannekkeet pit\u00e4v\u00e4t kylm\u00e4n ja kosteuden loitolla. Ulkokankaassa on heijastavia yksityiskohtia ja hihassa heijastava applikaatio. Irrotettava huppu kiinnittyy kaulukseen neppareilla, hupussa irrotettava luonnonturkisreunus. Vetoketjulliset etutaskut.<\/p>\n","protected":false},"excerpt":{"rendered":"<p>Tytt\u00f6jen tuulen- ja vedenpit\u00e4v\u00e4 takki. Pehme\u00e4 ulkokangas, t\u00e4ytteen\u00e4 untuvaa ja h\u00f6yheni\u00e4. Sis\u00e4puolella pehme\u00e4\u00e4 fleecevuori ja taftivuori. Joustavat sis\u00e4rannekkeet pit\u00e4v\u00e4t kylm\u00e4n ja kosteuden loitolla. Ulkokankaassa on heijastavia yksityiskohtia ja hihassa heijastava applikaatio. Irrotettava huppu kiinnittyy kaulukseen neppareilla, hupussa irrotettava luonnonturkisreunus. Vetoketjulliset etutaskut.<\/p>\n","protected":false},"featured_media":506025,"template":"","meta":{"_acf_changed":false},"product_brand":[],"product_cat":[145,165,161,162,163],"product_tag":[],"class_list":{"0":"post-547379","1":"product","2":"type-product","3":"status-publish","4":"has-post-thumbnail","6":"product_cat-lapset","7":"product_cat-parkatakit-lapset","8":"product_cat-parkatakit","9":"product_cat-tytot","10":"product_cat-parkatakit-tytot","11":"pa_eristyksen-paino-down","12":"pa_kokoelma-nr-w19-20","13":"pa_outlet-yes","15":"first","16":"instock","17":"sale","18":"taxable","19":"shipping-taxable","20":"purchasable","21":"product-type-variable"},"acf":[],"yoast_head":"<!-- This site is optimized with the Yoast SEO plugin v26.8 - https:\/\/yoast.com\/product\/yoast-seo-wordpress\/ -->\n<title>Tytt\u00f6jen talvitakki PARISH (DOWN) - Huppa FI<\/title>\n<meta name=\"robots\" content=\"index, follow, max-snippet:-1, max-image-preview:large, max-video-preview:-1\" \/>\n<link rel=\"canonical\" href=\"https:\/\/shop.huppa.eu\/fi\/product\/tyttojen-untuvatakki-parish-17\/\" \/>\n<meta property=\"og:locale\" content=\"fi_FI\" \/>\n<meta property=\"og:type\" content=\"article\" \/>\n<meta property=\"og:title\" content=\"Tytt\u00f6jen talvitakki PARISH (DOWN) - Huppa FI\" \/>\n<meta property=\"og:description\" content=\"Tytt\u00f6jen tuulen- ja vedenpit\u00e4v\u00e4 takki. Pehme\u00e4 ulkokangas, t\u00e4ytteen\u00e4 untuvaa ja h\u00f6yheni\u00e4. Sis\u00e4puolella pehme\u00e4\u00e4 fleecevuori ja taftivuori. Joustavat sis\u00e4rannekkeet pit\u00e4v\u00e4t kylm\u00e4n ja kosteuden loitolla. Ulkokankaassa on heijastavia yksityiskohtia ja hihassa heijastava applikaatio. Irrotettava huppu kiinnittyy kaulukseen neppareilla, hupussa irrotettava luonnonturkisreunus. Vetoketjulliset etutaskut.\" \/>\n<meta property=\"og:url\" content=\"https:\/\/shop.huppa.eu\/fi\/product\/tyttojen-untuvatakki-parish-17\/\" \/>\n<meta property=\"og:site_name\" content=\"Huppa FI\" \/>\n<meta property=\"article:modified_time\" content=\"2026-04-16T03:11:09+00:00\" \/>\n<meta property=\"og:image\" content=\"https:\/\/huppashop-prod.s3.eu-north-1.amazonaws.com\/wp-content\/uploads\/sites\/2\/2022\/09\/09073805\/12470055-91820-PARISHf.jpg\" \/>\n\t<meta property=\"og:image:width\" content=\"1200\" \/>\n\t<meta property=\"og:image:height\" content=\"1200\" \/>\n\t<meta property=\"og:image:type\" content=\"image\/jpeg\" \/>\n<meta name=\"twitter:card\" content=\"summary_large_image\" \/>\n<script type=\"application\/ld+json\" class=\"yoast-schema-graph\">{\"@context\":\"https:\/\/schema.org\",\"@graph\":[{\"@type\":\"WebPage\",\"@id\":\"https:\/\/shop.huppa.eu\/fi\/product\/tyttojen-untuvatakki-parish-17\/\",\"url\":\"https:\/\/shop.huppa.eu\/fi\/product\/tyttojen-untuvatakki-parish-17\/\",\"name\":\"Tytt\u00f6jen talvitakki PARISH (DOWN) - Huppa FI\",\"isPartOf\":{\"@id\":\"https:\/\/shop.huppa.eu\/fi\/#website\"},\"primaryImageOfPage\":{\"@id\":\"https:\/\/shop.huppa.eu\/fi\/product\/tyttojen-untuvatakki-parish-17\/#primaryimage\"},\"image\":{\"@id\":\"https:\/\/shop.huppa.eu\/fi\/product\/tyttojen-untuvatakki-parish-17\/#primaryimage\"},\"thumbnailUrl\":\"https:\/\/huppashop-prod.s3.eu-north-1.amazonaws.com\/wp-content\/uploads\/sites\/2\/2022\/09\/09073805\/12470055-91820-PARISHf.jpg\",\"datePublished\":\"2024-08-01T05:15:03+00:00\",\"dateModified\":\"2026-04-16T03:11:09+00:00\",\"breadcrumb\":{\"@id\":\"https:\/\/shop.huppa.eu\/fi\/product\/tyttojen-untuvatakki-parish-17\/#breadcrumb\"},\"inLanguage\":\"fi\",\"potentialAction\":[{\"@type\":\"ReadAction\",\"target\":[\"https:\/\/shop.huppa.eu\/fi\/product\/tyttojen-untuvatakki-parish-17\/\"]}]},{\"@type\":\"ImageObject\",\"inLanguage\":\"fi\",\"@id\":\"https:\/\/shop.huppa.eu\/fi\/product\/tyttojen-untuvatakki-parish-17\/#primaryimage\",\"url\":\"https:\/\/huppashop-prod.s3.eu-north-1.amazonaws.com\/wp-content\/uploads\/sites\/2\/2022\/09\/09073805\/12470055-91820-PARISHf.jpg\",\"contentUrl\":\"https:\/\/huppashop-prod.s3.eu-north-1.amazonaws.com\/wp-content\/uploads\/sites\/2\/2022\/09\/09073805\/12470055-91820-PARISHf.jpg\",\"width\":1200,\"height\":1200},{\"@type\":\"BreadcrumbList\",\"@id\":\"https:\/\/shop.huppa.eu\/fi\/product\/tyttojen-untuvatakki-parish-17\/#breadcrumb\",\"itemListElement\":[{\"@type\":\"ListItem\",\"position\":1,\"name\":\"Shop\",\"item\":\"https:\/\/shop.huppa.eu\/fi\/shop\/\"},{\"@type\":\"ListItem\",\"position\":2,\"name\":\"Tytt\u00f6jen talvitakki PARISH (DOWN)\"}]},{\"@type\":\"WebSite\",\"@id\":\"https:\/\/shop.huppa.eu\/fi\/#website\",\"url\":\"https:\/\/shop.huppa.eu\/fi\/\",\"name\":\"Huppa FI\",\"description\":\"Huppa FI\",\"potentialAction\":[{\"@type\":\"SearchAction\",\"target\":{\"@type\":\"EntryPoint\",\"urlTemplate\":\"https:\/\/shop.huppa.eu\/fi\/?s={search_term_string}\"},\"query-input\":{\"@type\":\"PropertyValueSpecification\",\"valueRequired\":true,\"valueName\":\"search_term_string\"}}],\"inLanguage\":\"fi\"}]}<\/script>\n<!-- \/ Yoast SEO plugin. -->","yoast_head_json":{"title":"Tytt\u00f6jen talvitakki PARISH (DOWN) - Huppa FI","robots":{"index":"index","follow":"follow","max-snippet":"max-snippet:-1","max-image-preview":"max-image-preview:large","max-video-preview":"max-video-preview:-1"},"canonical":"https:\/\/shop.huppa.eu\/fi\/product\/tyttojen-untuvatakki-parish-17\/","og_locale":"fi_FI","og_type":"article","og_title":"Tytt\u00f6jen talvitakki PARISH (DOWN) - Huppa FI","og_description":"Tytt\u00f6jen tuulen- ja vedenpit\u00e4v\u00e4 takki. Pehme\u00e4 ulkokangas, t\u00e4ytteen\u00e4 untuvaa ja h\u00f6yheni\u00e4. Sis\u00e4puolella pehme\u00e4\u00e4 fleecevuori ja taftivuori. Joustavat sis\u00e4rannekkeet pit\u00e4v\u00e4t kylm\u00e4n ja kosteuden loitolla. Ulkokankaassa on heijastavia yksityiskohtia ja hihassa heijastava applikaatio. Irrotettava huppu kiinnittyy kaulukseen neppareilla, hupussa irrotettava luonnonturkisreunus. Vetoketjulliset etutaskut.","og_url":"https:\/\/shop.huppa.eu\/fi\/product\/tyttojen-untuvatakki-parish-17\/","og_site_name":"Huppa FI","article_modified_time":"2026-04-16T03:11:09+00:00","og_image":[{"width":1200,"height":1200,"url":"https:\/\/huppashop-prod.s3.eu-north-1.amazonaws.com\/wp-content\/uploads\/sites\/2\/2022\/09\/09073805\/12470055-91820-PARISHf.jpg","type":"image\/jpeg"}],"twitter_card":"summary_large_image","schema":{"@context":"https:\/\/schema.org","@graph":[{"@type":"WebPage","@id":"https:\/\/shop.huppa.eu\/fi\/product\/tyttojen-untuvatakki-parish-17\/","url":"https:\/\/shop.huppa.eu\/fi\/product\/tyttojen-untuvatakki-parish-17\/","name":"Tytt\u00f6jen talvitakki PARISH (DOWN) - Huppa FI","isPartOf":{"@id":"https:\/\/shop.huppa.eu\/fi\/#website"},"primaryImageOfPage":{"@id":"https:\/\/shop.huppa.eu\/fi\/product\/tyttojen-untuvatakki-parish-17\/#primaryimage"},"image":{"@id":"https:\/\/shop.huppa.eu\/fi\/product\/tyttojen-untuvatakki-parish-17\/#primaryimage"},"thumbnailUrl":"https:\/\/huppashop-prod.s3.eu-north-1.amazonaws.com\/wp-content\/uploads\/sites\/2\/2022\/09\/09073805\/12470055-91820-PARISHf.jpg","datePublished":"2024-08-01T05:15:03+00:00","dateModified":"2026-04-16T03:11:09+00:00","breadcrumb":{"@id":"https:\/\/shop.huppa.eu\/fi\/product\/tyttojen-untuvatakki-parish-17\/#breadcrumb"},"inLanguage":"fi","potentialAction":[{"@type":"ReadAction","target":["https:\/\/shop.huppa.eu\/fi\/product\/tyttojen-untuvatakki-parish-17\/"]}]},{"@type":"ImageObject","inLanguage":"fi","@id":"https:\/\/shop.huppa.eu\/fi\/product\/tyttojen-untuvatakki-parish-17\/#primaryimage","url":"https:\/\/huppashop-prod.s3.eu-north-1.amazonaws.com\/wp-content\/uploads\/sites\/2\/2022\/09\/09073805\/12470055-91820-PARISHf.jpg","contentUrl":"https:\/\/huppashop-prod.s3.eu-north-1.amazonaws.com\/wp-content\/uploads\/sites\/2\/2022\/09\/09073805\/12470055-91820-PARISHf.jpg","width":1200,"height":1200},{"@type":"BreadcrumbList","@id":"https:\/\/shop.huppa.eu\/fi\/product\/tyttojen-untuvatakki-parish-17\/#breadcrumb","itemListElement":[{"@type":"ListItem","position":1,"name":"Shop","item":"https:\/\/shop.huppa.eu\/fi\/shop\/"},{"@type":"ListItem","position":2,"name":"Tytt\u00f6jen talvitakki PARISH (DOWN)"}]},{"@type":"WebSite","@id":"https:\/\/shop.huppa.eu\/fi\/#website","url":"https:\/\/shop.huppa.eu\/fi\/","name":"Huppa FI","description":"Huppa FI","potentialAction":[{"@type":"SearchAction","target":{"@type":"EntryPoint","urlTemplate":"https:\/\/shop.huppa.eu\/fi\/?s={search_term_string}"},"query-input":{"@type":"PropertyValueSpecification","valueRequired":true,"valueName":"search_term_string"}}],"inLanguage":"fi"}]}},"_links":{"self":[{"href":"https:\/\/shop.huppa.eu\/fi\/wp-json\/wp\/v2\/product\/547379","targetHints":{"allow":["GET"]}}],"collection":[{"href":"https:\/\/shop.huppa.eu\/fi\/wp-json\/wp\/v2\/product"}],"about":[{"href":"https:\/\/shop.huppa.eu\/fi\/wp-json\/wp\/v2\/types\/product"}],"wp:featuredmedia":[{"embeddable":true,"href":"https:\/\/shop.huppa.eu\/fi\/wp-json\/wp\/v2\/media\/506025"}],"wp:attachment":[{"href":"https:\/\/shop.huppa.eu\/fi\/wp-json\/wp\/v2\/media?parent=547379"}],"wp:term":[{"taxonomy":"product_brand","embeddable":true,"href":"https:\/\/shop.huppa.eu\/fi\/wp-json\/wp\/v2\/product_brand?post=547379"},{"taxonomy":"product_cat","embeddable":true,"href":"https:\/\/shop.huppa.eu\/fi\/wp-json\/wp\/v2\/product_cat?post=547379"},{"taxonomy":"product_tag","embeddable":true,"href":"https:\/\/shop.huppa.eu\/fi\/wp-json\/wp\/v2\/product_tag?post=547379"}],"curies":[{"name":"wp","href":"https:\/\/api.w.org\/{rel}","templated":true}]}}