{"id":547529,"date":"2024-08-01T07:20:03","date_gmt":"2024-08-01T05:20:03","guid":{"rendered":"https:\/\/shop.huppa.eu\/fi\/product\/naisten-untuvatakki-hedda-3\/"},"modified":"2026-04-09T05:20:04","modified_gmt":"2026-04-09T03:20:04","slug":"naisten-untuvatakki-hedda-3","status":"publish","type":"product","link":"https:\/\/shop.huppa.eu\/fi\/product\/naisten-untuvatakki-hedda-3\/","title":{"rendered":"Naisten talvitakki HEDDA (DOWN)"},"content":{"rendered":"<p>Naisten veden- ja tuulenpit\u00e4v\u00e4 untuvatakki. Hengitt\u00e4v\u00e4 ulkokangas. Takin sis\u00e4puoli on valmistettu pehme\u00e4st\u00e4 vuorikankaasta. T\u00e4ytett\u00e4, untuvia ja h\u00f6yheni\u00e4. Kaulukseen piilotettu huppu. Resorit hihansuissa. Kaksisuuntainen vetoketju, joka on peitetty painintangolla edess\u00e4 suljettaessa. Sivutaskut ty\u00f6stetty saumaan. Heijastava logo hihassa.<\/p>\n","protected":false},"excerpt":{"rendered":"<p>Naisten veden- ja tuulenpit\u00e4v\u00e4 untuvatakki. Hengitt\u00e4v\u00e4 ulkokangas. Takin sis\u00e4puoli on valmistettu pehme\u00e4st\u00e4 vuorikankaasta. T\u00e4ytett\u00e4, untuvia ja h\u00f6yheni\u00e4. Kaulukseen piilotettu huppu. Resorit hihansuissa. Kaksisuuntainen vetoketju, joka on peitetty painintangolla edess\u00e4 suljettaessa. Sivutaskut ty\u00f6stetty saumaan. Heijastava logo hihassa.<\/p>\n","protected":false},"featured_media":506152,"template":"","meta":{"_acf_changed":false},"product_brand":[],"product_cat":[259,281,18,282,161],"product_tag":[],"class_list":{"0":"post-547529","1":"product","2":"type-product","3":"status-publish","4":"has-post-thumbnail","6":"product_cat-aikuiset","7":"product_cat-parkatakit-aikuiset","8":"product_cat-naiset","9":"product_cat-parkatakit-naiset","10":"product_cat-parkatakit","11":"pa_eristyksen-paino-down","12":"pa_kokoelma-nr-w20-21","13":"pa_outlet-yes","15":"first","16":"instock","17":"sale","18":"taxable","19":"shipping-taxable","20":"purchasable","21":"product-type-variable"},"acf":[],"yoast_head":"<!-- This site is optimized with the Yoast SEO plugin v26.8 - https:\/\/yoast.com\/product\/yoast-seo-wordpress\/ -->\n<title>Naisten talvitakki HEDDA (DOWN) - Huppa FI<\/title>\n<meta name=\"robots\" content=\"index, follow, max-snippet:-1, max-image-preview:large, max-video-preview:-1\" \/>\n<link rel=\"canonical\" href=\"https:\/\/shop.huppa.eu\/fi\/product\/naisten-untuvatakki-hedda-3\/\" \/>\n<meta property=\"og:locale\" content=\"fi_FI\" \/>\n<meta property=\"og:type\" content=\"article\" \/>\n<meta property=\"og:title\" content=\"Naisten talvitakki HEDDA (DOWN) - Huppa FI\" \/>\n<meta property=\"og:description\" content=\"Naisten veden- ja tuulenpit\u00e4v\u00e4 untuvatakki. Hengitt\u00e4v\u00e4 ulkokangas. Takin sis\u00e4puoli on valmistettu pehme\u00e4st\u00e4 vuorikankaasta. T\u00e4ytett\u00e4, untuvia ja h\u00f6yheni\u00e4. Kaulukseen piilotettu huppu. Resorit hihansuissa. Kaksisuuntainen vetoketju, joka on peitetty painintangolla edess\u00e4 suljettaessa. Sivutaskut ty\u00f6stetty saumaan. Heijastava logo hihassa.\" \/>\n<meta property=\"og:url\" content=\"https:\/\/shop.huppa.eu\/fi\/product\/naisten-untuvatakki-hedda-3\/\" \/>\n<meta property=\"og:site_name\" content=\"Huppa FI\" \/>\n<meta property=\"article:modified_time\" content=\"2026-04-09T03:20:04+00:00\" \/>\n<meta property=\"og:image\" content=\"https:\/\/huppashop-prod.s3.eu-north-1.amazonaws.com\/wp-content\/uploads\/sites\/2\/2022\/09\/09075228\/12558055-04234-HEDDA_f.jpg\" \/>\n\t<meta property=\"og:image:width\" content=\"1200\" \/>\n\t<meta property=\"og:image:height\" content=\"1200\" \/>\n\t<meta property=\"og:image:type\" content=\"image\/jpeg\" \/>\n<meta name=\"twitter:card\" content=\"summary_large_image\" \/>\n<script type=\"application\/ld+json\" class=\"yoast-schema-graph\">{\"@context\":\"https:\/\/schema.org\",\"@graph\":[{\"@type\":\"WebPage\",\"@id\":\"https:\/\/shop.huppa.eu\/fi\/product\/naisten-untuvatakki-hedda-3\/\",\"url\":\"https:\/\/shop.huppa.eu\/fi\/product\/naisten-untuvatakki-hedda-3\/\",\"name\":\"Naisten talvitakki HEDDA (DOWN) - Huppa FI\",\"isPartOf\":{\"@id\":\"https:\/\/shop.huppa.eu\/fi\/#website\"},\"primaryImageOfPage\":{\"@id\":\"https:\/\/shop.huppa.eu\/fi\/product\/naisten-untuvatakki-hedda-3\/#primaryimage\"},\"image\":{\"@id\":\"https:\/\/shop.huppa.eu\/fi\/product\/naisten-untuvatakki-hedda-3\/#primaryimage\"},\"thumbnailUrl\":\"https:\/\/huppashop-prod.s3.eu-north-1.amazonaws.com\/wp-content\/uploads\/sites\/2\/2022\/09\/09075228\/12558055-04234-HEDDA_f.jpg\",\"datePublished\":\"2024-08-01T05:20:03+00:00\",\"dateModified\":\"2026-04-09T03:20:04+00:00\",\"breadcrumb\":{\"@id\":\"https:\/\/shop.huppa.eu\/fi\/product\/naisten-untuvatakki-hedda-3\/#breadcrumb\"},\"inLanguage\":\"fi\",\"potentialAction\":[{\"@type\":\"ReadAction\",\"target\":[\"https:\/\/shop.huppa.eu\/fi\/product\/naisten-untuvatakki-hedda-3\/\"]}]},{\"@type\":\"ImageObject\",\"inLanguage\":\"fi\",\"@id\":\"https:\/\/shop.huppa.eu\/fi\/product\/naisten-untuvatakki-hedda-3\/#primaryimage\",\"url\":\"https:\/\/huppashop-prod.s3.eu-north-1.amazonaws.com\/wp-content\/uploads\/sites\/2\/2022\/09\/09075228\/12558055-04234-HEDDA_f.jpg\",\"contentUrl\":\"https:\/\/huppashop-prod.s3.eu-north-1.amazonaws.com\/wp-content\/uploads\/sites\/2\/2022\/09\/09075228\/12558055-04234-HEDDA_f.jpg\",\"width\":1200,\"height\":1200},{\"@type\":\"BreadcrumbList\",\"@id\":\"https:\/\/shop.huppa.eu\/fi\/product\/naisten-untuvatakki-hedda-3\/#breadcrumb\",\"itemListElement\":[{\"@type\":\"ListItem\",\"position\":1,\"name\":\"Shop\",\"item\":\"https:\/\/shop.huppa.eu\/fi\/shop\/\"},{\"@type\":\"ListItem\",\"position\":2,\"name\":\"Naisten talvitakki HEDDA (DOWN)\"}]},{\"@type\":\"WebSite\",\"@id\":\"https:\/\/shop.huppa.eu\/fi\/#website\",\"url\":\"https:\/\/shop.huppa.eu\/fi\/\",\"name\":\"Huppa FI\",\"description\":\"Huppa FI\",\"potentialAction\":[{\"@type\":\"SearchAction\",\"target\":{\"@type\":\"EntryPoint\",\"urlTemplate\":\"https:\/\/shop.huppa.eu\/fi\/?s={search_term_string}\"},\"query-input\":{\"@type\":\"PropertyValueSpecification\",\"valueRequired\":true,\"valueName\":\"search_term_string\"}}],\"inLanguage\":\"fi\"}]}<\/script>\n<!-- \/ Yoast SEO plugin. -->","yoast_head_json":{"title":"Naisten talvitakki HEDDA (DOWN) - Huppa FI","robots":{"index":"index","follow":"follow","max-snippet":"max-snippet:-1","max-image-preview":"max-image-preview:large","max-video-preview":"max-video-preview:-1"},"canonical":"https:\/\/shop.huppa.eu\/fi\/product\/naisten-untuvatakki-hedda-3\/","og_locale":"fi_FI","og_type":"article","og_title":"Naisten talvitakki HEDDA (DOWN) - Huppa FI","og_description":"Naisten veden- ja tuulenpit\u00e4v\u00e4 untuvatakki. Hengitt\u00e4v\u00e4 ulkokangas. Takin sis\u00e4puoli on valmistettu pehme\u00e4st\u00e4 vuorikankaasta. T\u00e4ytett\u00e4, untuvia ja h\u00f6yheni\u00e4. Kaulukseen piilotettu huppu. Resorit hihansuissa. Kaksisuuntainen vetoketju, joka on peitetty painintangolla edess\u00e4 suljettaessa. Sivutaskut ty\u00f6stetty saumaan. Heijastava logo hihassa.","og_url":"https:\/\/shop.huppa.eu\/fi\/product\/naisten-untuvatakki-hedda-3\/","og_site_name":"Huppa FI","article_modified_time":"2026-04-09T03:20:04+00:00","og_image":[{"width":1200,"height":1200,"url":"https:\/\/huppashop-prod.s3.eu-north-1.amazonaws.com\/wp-content\/uploads\/sites\/2\/2022\/09\/09075228\/12558055-04234-HEDDA_f.jpg","type":"image\/jpeg"}],"twitter_card":"summary_large_image","schema":{"@context":"https:\/\/schema.org","@graph":[{"@type":"WebPage","@id":"https:\/\/shop.huppa.eu\/fi\/product\/naisten-untuvatakki-hedda-3\/","url":"https:\/\/shop.huppa.eu\/fi\/product\/naisten-untuvatakki-hedda-3\/","name":"Naisten talvitakki HEDDA (DOWN) - Huppa FI","isPartOf":{"@id":"https:\/\/shop.huppa.eu\/fi\/#website"},"primaryImageOfPage":{"@id":"https:\/\/shop.huppa.eu\/fi\/product\/naisten-untuvatakki-hedda-3\/#primaryimage"},"image":{"@id":"https:\/\/shop.huppa.eu\/fi\/product\/naisten-untuvatakki-hedda-3\/#primaryimage"},"thumbnailUrl":"https:\/\/huppashop-prod.s3.eu-north-1.amazonaws.com\/wp-content\/uploads\/sites\/2\/2022\/09\/09075228\/12558055-04234-HEDDA_f.jpg","datePublished":"2024-08-01T05:20:03+00:00","dateModified":"2026-04-09T03:20:04+00:00","breadcrumb":{"@id":"https:\/\/shop.huppa.eu\/fi\/product\/naisten-untuvatakki-hedda-3\/#breadcrumb"},"inLanguage":"fi","potentialAction":[{"@type":"ReadAction","target":["https:\/\/shop.huppa.eu\/fi\/product\/naisten-untuvatakki-hedda-3\/"]}]},{"@type":"ImageObject","inLanguage":"fi","@id":"https:\/\/shop.huppa.eu\/fi\/product\/naisten-untuvatakki-hedda-3\/#primaryimage","url":"https:\/\/huppashop-prod.s3.eu-north-1.amazonaws.com\/wp-content\/uploads\/sites\/2\/2022\/09\/09075228\/12558055-04234-HEDDA_f.jpg","contentUrl":"https:\/\/huppashop-prod.s3.eu-north-1.amazonaws.com\/wp-content\/uploads\/sites\/2\/2022\/09\/09075228\/12558055-04234-HEDDA_f.jpg","width":1200,"height":1200},{"@type":"BreadcrumbList","@id":"https:\/\/shop.huppa.eu\/fi\/product\/naisten-untuvatakki-hedda-3\/#breadcrumb","itemListElement":[{"@type":"ListItem","position":1,"name":"Shop","item":"https:\/\/shop.huppa.eu\/fi\/shop\/"},{"@type":"ListItem","position":2,"name":"Naisten talvitakki HEDDA (DOWN)"}]},{"@type":"WebSite","@id":"https:\/\/shop.huppa.eu\/fi\/#website","url":"https:\/\/shop.huppa.eu\/fi\/","name":"Huppa FI","description":"Huppa FI","potentialAction":[{"@type":"SearchAction","target":{"@type":"EntryPoint","urlTemplate":"https:\/\/shop.huppa.eu\/fi\/?s={search_term_string}"},"query-input":{"@type":"PropertyValueSpecification","valueRequired":true,"valueName":"search_term_string"}}],"inLanguage":"fi"}]}},"_links":{"self":[{"href":"https:\/\/shop.huppa.eu\/fi\/wp-json\/wp\/v2\/product\/547529","targetHints":{"allow":["GET"]}}],"collection":[{"href":"https:\/\/shop.huppa.eu\/fi\/wp-json\/wp\/v2\/product"}],"about":[{"href":"https:\/\/shop.huppa.eu\/fi\/wp-json\/wp\/v2\/types\/product"}],"wp:featuredmedia":[{"embeddable":true,"href":"https:\/\/shop.huppa.eu\/fi\/wp-json\/wp\/v2\/media\/506152"}],"wp:attachment":[{"href":"https:\/\/shop.huppa.eu\/fi\/wp-json\/wp\/v2\/media?parent=547529"}],"wp:term":[{"taxonomy":"product_brand","embeddable":true,"href":"https:\/\/shop.huppa.eu\/fi\/wp-json\/wp\/v2\/product_brand?post=547529"},{"taxonomy":"product_cat","embeddable":true,"href":"https:\/\/shop.huppa.eu\/fi\/wp-json\/wp\/v2\/product_cat?post=547529"},{"taxonomy":"product_tag","embeddable":true,"href":"https:\/\/shop.huppa.eu\/fi\/wp-json\/wp\/v2\/product_tag?post=547529"}],"curies":[{"name":"wp","href":"https:\/\/api.w.org\/{rel}","templated":true}]}}