{"id":548083,"date":"2024-08-01T07:43:02","date_gmt":"2024-08-01T05:43:02","guid":{"rendered":"https:\/\/shop.huppa.eu\/fi\/product\/poikien-parka-vesper-300g-5\/"},"modified":"2026-04-16T05:35:03","modified_gmt":"2026-04-16T03:35:03","slug":"poikien-parka-vesper-300g-5","status":"publish","type":"product","link":"https:\/\/shop.huppa.eu\/fi\/product\/poikien-parka-vesper-300g-5\/","title":{"rendered":"Miesten talviparka VESPER (300g)"},"content":{"rendered":"<p>Poikien parka 300 g eristyksell\u00e4. Ulkokangas on tuulen- ja vedenpit\u00e4v\u00e4. Teipatut saumat, joustavat sis\u00e4rannekkeet sek\u00e4 s\u00e4\u00e4dett\u00e4v\u00e4 vy\u00f6t\u00e4r\u00f6 ja helma pit\u00e4v\u00e4t kylm\u00e4n ja kosteuden loitolla. Ulkokankaassa heijastavat elementit. Irrotettava huppu kiinnittyy kaulukseen neppareilla, hupussa irrotettava luonnonturkisreunus. Parkassa on vetoketjulliset rintataskut ja neppareilla suljettavat etutaskut.<\/p>\n","protected":false},"excerpt":{"rendered":"<p>Poikien parka 300 g eristyksell\u00e4. Ulkokangas on tuulen- ja vedenpit\u00e4v\u00e4. Teipatut saumat, joustavat sis\u00e4rannekkeet sek\u00e4 s\u00e4\u00e4dett\u00e4v\u00e4 vy\u00f6t\u00e4r\u00f6 ja helma pit\u00e4v\u00e4t kylm\u00e4n ja kosteuden loitolla. Ulkokankaassa heijastavat elementit. Irrotettava huppu kiinnittyy kaulukseen neppareilla, hupussa irrotettava luonnonturkisreunus. Parkassa on vetoketjulliset rintataskut ja neppareilla suljettavat etutaskut.<\/p>\n","protected":false},"featured_media":506860,"template":"","meta":{"_acf_changed":false},"product_brand":[],"product_cat":[259,260,17,255,197],"product_tag":[],"class_list":{"0":"post-548083","1":"product","2":"type-product","3":"status-publish","4":"has-post-thumbnail","6":"product_cat-aikuiset","7":"product_cat-parka-aikuiset","8":"product_cat-miehet","9":"product_cat-parka-miehet","10":"product_cat-parka-2","11":"pa_eristyksen-paino-300g","12":"pa_kokoelma-nr-w19-20","13":"pa_outlet-yes","15":"first","16":"instock","17":"sale","18":"taxable","19":"shipping-taxable","20":"purchasable","21":"product-type-variable"},"acf":[],"yoast_head":"<!-- This site is optimized with the Yoast SEO plugin v26.8 - https:\/\/yoast.com\/product\/yoast-seo-wordpress\/ -->\n<title>Miesten talviparka VESPER (300g) - Huppa FI<\/title>\n<meta name=\"robots\" content=\"index, follow, max-snippet:-1, max-image-preview:large, max-video-preview:-1\" \/>\n<link rel=\"canonical\" href=\"https:\/\/shop.huppa.eu\/fi\/product\/poikien-parka-vesper-300g-5\/\" \/>\n<meta property=\"og:locale\" content=\"fi_FI\" \/>\n<meta property=\"og:type\" content=\"article\" \/>\n<meta property=\"og:title\" content=\"Miesten talviparka VESPER (300g) - Huppa FI\" \/>\n<meta property=\"og:description\" content=\"Poikien parka 300 g eristyksell\u00e4. Ulkokangas on tuulen- ja vedenpit\u00e4v\u00e4. Teipatut saumat, joustavat sis\u00e4rannekkeet sek\u00e4 s\u00e4\u00e4dett\u00e4v\u00e4 vy\u00f6t\u00e4r\u00f6 ja helma pit\u00e4v\u00e4t kylm\u00e4n ja kosteuden loitolla. Ulkokankaassa heijastavat elementit. Irrotettava huppu kiinnittyy kaulukseen neppareilla, hupussa irrotettava luonnonturkisreunus. Parkassa on vetoketjulliset rintataskut ja neppareilla suljettavat etutaskut.\" \/>\n<meta property=\"og:url\" content=\"https:\/\/shop.huppa.eu\/fi\/product\/poikien-parka-vesper-300g-5\/\" \/>\n<meta property=\"og:site_name\" content=\"Huppa FI\" \/>\n<meta property=\"article:modified_time\" content=\"2026-04-16T03:35:03+00:00\" \/>\n<meta property=\"og:image\" content=\"https:\/\/huppashop-prod.s3.eu-north-1.amazonaws.com\/wp-content\/uploads\/sites\/2\/2022\/09\/09084453\/17480030-70086-VESPERMf.jpg\" \/>\n\t<meta property=\"og:image:width\" content=\"800\" \/>\n\t<meta property=\"og:image:height\" content=\"800\" \/>\n\t<meta property=\"og:image:type\" content=\"image\/jpeg\" \/>\n<meta name=\"twitter:card\" content=\"summary_large_image\" \/>\n<script type=\"application\/ld+json\" class=\"yoast-schema-graph\">{\"@context\":\"https:\/\/schema.org\",\"@graph\":[{\"@type\":\"WebPage\",\"@id\":\"https:\/\/shop.huppa.eu\/fi\/product\/poikien-parka-vesper-300g-5\/\",\"url\":\"https:\/\/shop.huppa.eu\/fi\/product\/poikien-parka-vesper-300g-5\/\",\"name\":\"Miesten talviparka VESPER (300g) - Huppa FI\",\"isPartOf\":{\"@id\":\"https:\/\/shop.huppa.eu\/fi\/#website\"},\"primaryImageOfPage\":{\"@id\":\"https:\/\/shop.huppa.eu\/fi\/product\/poikien-parka-vesper-300g-5\/#primaryimage\"},\"image\":{\"@id\":\"https:\/\/shop.huppa.eu\/fi\/product\/poikien-parka-vesper-300g-5\/#primaryimage\"},\"thumbnailUrl\":\"https:\/\/huppashop-prod.s3.eu-north-1.amazonaws.com\/wp-content\/uploads\/sites\/2\/2022\/09\/09084453\/17480030-70086-VESPERMf.jpg\",\"datePublished\":\"2024-08-01T05:43:02+00:00\",\"dateModified\":\"2026-04-16T03:35:03+00:00\",\"breadcrumb\":{\"@id\":\"https:\/\/shop.huppa.eu\/fi\/product\/poikien-parka-vesper-300g-5\/#breadcrumb\"},\"inLanguage\":\"fi\",\"potentialAction\":[{\"@type\":\"ReadAction\",\"target\":[\"https:\/\/shop.huppa.eu\/fi\/product\/poikien-parka-vesper-300g-5\/\"]}]},{\"@type\":\"ImageObject\",\"inLanguage\":\"fi\",\"@id\":\"https:\/\/shop.huppa.eu\/fi\/product\/poikien-parka-vesper-300g-5\/#primaryimage\",\"url\":\"https:\/\/huppashop-prod.s3.eu-north-1.amazonaws.com\/wp-content\/uploads\/sites\/2\/2022\/09\/09084453\/17480030-70086-VESPERMf.jpg\",\"contentUrl\":\"https:\/\/huppashop-prod.s3.eu-north-1.amazonaws.com\/wp-content\/uploads\/sites\/2\/2022\/09\/09084453\/17480030-70086-VESPERMf.jpg\",\"width\":800,\"height\":800},{\"@type\":\"BreadcrumbList\",\"@id\":\"https:\/\/shop.huppa.eu\/fi\/product\/poikien-parka-vesper-300g-5\/#breadcrumb\",\"itemListElement\":[{\"@type\":\"ListItem\",\"position\":1,\"name\":\"Shop\",\"item\":\"https:\/\/shop.huppa.eu\/fi\/shop\/\"},{\"@type\":\"ListItem\",\"position\":2,\"name\":\"Miesten talviparka VESPER (300g)\"}]},{\"@type\":\"WebSite\",\"@id\":\"https:\/\/shop.huppa.eu\/fi\/#website\",\"url\":\"https:\/\/shop.huppa.eu\/fi\/\",\"name\":\"Huppa FI\",\"description\":\"Huppa FI\",\"potentialAction\":[{\"@type\":\"SearchAction\",\"target\":{\"@type\":\"EntryPoint\",\"urlTemplate\":\"https:\/\/shop.huppa.eu\/fi\/?s={search_term_string}\"},\"query-input\":{\"@type\":\"PropertyValueSpecification\",\"valueRequired\":true,\"valueName\":\"search_term_string\"}}],\"inLanguage\":\"fi\"}]}<\/script>\n<!-- \/ Yoast SEO plugin. -->","yoast_head_json":{"title":"Miesten talviparka VESPER (300g) - Huppa FI","robots":{"index":"index","follow":"follow","max-snippet":"max-snippet:-1","max-image-preview":"max-image-preview:large","max-video-preview":"max-video-preview:-1"},"canonical":"https:\/\/shop.huppa.eu\/fi\/product\/poikien-parka-vesper-300g-5\/","og_locale":"fi_FI","og_type":"article","og_title":"Miesten talviparka VESPER (300g) - Huppa FI","og_description":"Poikien parka 300 g eristyksell\u00e4. Ulkokangas on tuulen- ja vedenpit\u00e4v\u00e4. Teipatut saumat, joustavat sis\u00e4rannekkeet sek\u00e4 s\u00e4\u00e4dett\u00e4v\u00e4 vy\u00f6t\u00e4r\u00f6 ja helma pit\u00e4v\u00e4t kylm\u00e4n ja kosteuden loitolla. Ulkokankaassa heijastavat elementit. Irrotettava huppu kiinnittyy kaulukseen neppareilla, hupussa irrotettava luonnonturkisreunus. Parkassa on vetoketjulliset rintataskut ja neppareilla suljettavat etutaskut.","og_url":"https:\/\/shop.huppa.eu\/fi\/product\/poikien-parka-vesper-300g-5\/","og_site_name":"Huppa FI","article_modified_time":"2026-04-16T03:35:03+00:00","og_image":[{"width":800,"height":800,"url":"https:\/\/huppashop-prod.s3.eu-north-1.amazonaws.com\/wp-content\/uploads\/sites\/2\/2022\/09\/09084453\/17480030-70086-VESPERMf.jpg","type":"image\/jpeg"}],"twitter_card":"summary_large_image","schema":{"@context":"https:\/\/schema.org","@graph":[{"@type":"WebPage","@id":"https:\/\/shop.huppa.eu\/fi\/product\/poikien-parka-vesper-300g-5\/","url":"https:\/\/shop.huppa.eu\/fi\/product\/poikien-parka-vesper-300g-5\/","name":"Miesten talviparka VESPER (300g) - Huppa FI","isPartOf":{"@id":"https:\/\/shop.huppa.eu\/fi\/#website"},"primaryImageOfPage":{"@id":"https:\/\/shop.huppa.eu\/fi\/product\/poikien-parka-vesper-300g-5\/#primaryimage"},"image":{"@id":"https:\/\/shop.huppa.eu\/fi\/product\/poikien-parka-vesper-300g-5\/#primaryimage"},"thumbnailUrl":"https:\/\/huppashop-prod.s3.eu-north-1.amazonaws.com\/wp-content\/uploads\/sites\/2\/2022\/09\/09084453\/17480030-70086-VESPERMf.jpg","datePublished":"2024-08-01T05:43:02+00:00","dateModified":"2026-04-16T03:35:03+00:00","breadcrumb":{"@id":"https:\/\/shop.huppa.eu\/fi\/product\/poikien-parka-vesper-300g-5\/#breadcrumb"},"inLanguage":"fi","potentialAction":[{"@type":"ReadAction","target":["https:\/\/shop.huppa.eu\/fi\/product\/poikien-parka-vesper-300g-5\/"]}]},{"@type":"ImageObject","inLanguage":"fi","@id":"https:\/\/shop.huppa.eu\/fi\/product\/poikien-parka-vesper-300g-5\/#primaryimage","url":"https:\/\/huppashop-prod.s3.eu-north-1.amazonaws.com\/wp-content\/uploads\/sites\/2\/2022\/09\/09084453\/17480030-70086-VESPERMf.jpg","contentUrl":"https:\/\/huppashop-prod.s3.eu-north-1.amazonaws.com\/wp-content\/uploads\/sites\/2\/2022\/09\/09084453\/17480030-70086-VESPERMf.jpg","width":800,"height":800},{"@type":"BreadcrumbList","@id":"https:\/\/shop.huppa.eu\/fi\/product\/poikien-parka-vesper-300g-5\/#breadcrumb","itemListElement":[{"@type":"ListItem","position":1,"name":"Shop","item":"https:\/\/shop.huppa.eu\/fi\/shop\/"},{"@type":"ListItem","position":2,"name":"Miesten talviparka VESPER (300g)"}]},{"@type":"WebSite","@id":"https:\/\/shop.huppa.eu\/fi\/#website","url":"https:\/\/shop.huppa.eu\/fi\/","name":"Huppa FI","description":"Huppa FI","potentialAction":[{"@type":"SearchAction","target":{"@type":"EntryPoint","urlTemplate":"https:\/\/shop.huppa.eu\/fi\/?s={search_term_string}"},"query-input":{"@type":"PropertyValueSpecification","valueRequired":true,"valueName":"search_term_string"}}],"inLanguage":"fi"}]}},"_links":{"self":[{"href":"https:\/\/shop.huppa.eu\/fi\/wp-json\/wp\/v2\/product\/548083","targetHints":{"allow":["GET"]}}],"collection":[{"href":"https:\/\/shop.huppa.eu\/fi\/wp-json\/wp\/v2\/product"}],"about":[{"href":"https:\/\/shop.huppa.eu\/fi\/wp-json\/wp\/v2\/types\/product"}],"wp:featuredmedia":[{"embeddable":true,"href":"https:\/\/shop.huppa.eu\/fi\/wp-json\/wp\/v2\/media\/506860"}],"wp:attachment":[{"href":"https:\/\/shop.huppa.eu\/fi\/wp-json\/wp\/v2\/media?parent=548083"}],"wp:term":[{"taxonomy":"product_brand","embeddable":true,"href":"https:\/\/shop.huppa.eu\/fi\/wp-json\/wp\/v2\/product_brand?post=548083"},{"taxonomy":"product_cat","embeddable":true,"href":"https:\/\/shop.huppa.eu\/fi\/wp-json\/wp\/v2\/product_cat?post=548083"},{"taxonomy":"product_tag","embeddable":true,"href":"https:\/\/shop.huppa.eu\/fi\/wp-json\/wp\/v2\/product_tag?post=548083"}],"curies":[{"name":"wp","href":"https:\/\/api.w.org\/{rel}","templated":true}]}}