{"id":548562,"date":"2024-08-01T07:57:57","date_gmt":"2024-08-01T05:57:57","guid":{"rendered":"https:\/\/shop.huppa.eu\/fi\/product\/poikien-takki-marten-1-300g\/"},"modified":"2026-04-16T05:42:06","modified_gmt":"2026-04-16T03:42:06","slug":"poikien-takki-marten-1-300g","status":"publish","type":"product","link":"https:\/\/shop.huppa.eu\/fi\/product\/poikien-takki-marten-1-300g\/","title":{"rendered":"Poikinen talvitakki MARTEN 1 (300g)"},"content":{"rendered":"<p>Poikien l\u00e4mmi toppatakki 300 g eristyksell\u00e4. Monilla l\u00e4pileikkauksilla ja vahvasta kankaasta valmistetussa takissa on miellytt\u00e4v\u00e4 fleece- ja hihoissa taftivuori. Takin olkap\u00e4\u00e4n teipatut saumat takaavat kuivan olon my\u00f6s haastavissa s\u00e4\u00e4olosuhteissa. K\u00e4ytt\u00f6mukavuutta lis\u00e4\u00e4v\u00e4t stopparilla s\u00e4\u00e4dett\u00e4v\u00e4 kuminauhakiristys helmassa, joustavat resorit sek\u00e4 s\u00e4\u00e4dett\u00e4v\u00e4t tarranauhat hihansuissa, helposti neppareilla poistettava huppu irroitettavalla karvareunalla ja \u00e4lykorttitasku hihassa. Monet heijastavat yksityiskohdat lis\u00e4\u00e4v\u00e4t turvallisuutta pime\u00e4n aikana liikkuessa. Arvokkaimmat tavarat pystyy piillottamaan vetoketjullisiin taskuihin.<\/p>\n","protected":false},"excerpt":{"rendered":"<p>Poikien l\u00e4mmi toppatakki 300 g eristyksell\u00e4. Monilla l\u00e4pileikkauksilla ja vahvasta kankaasta valmistetussa takissa on miellytt\u00e4v\u00e4 fleece- ja hihoissa taftivuori. Takin olkap\u00e4\u00e4n teipatut saumat takaavat kuivan olon my\u00f6s haastavissa s\u00e4\u00e4olosuhteissa. K\u00e4ytt\u00f6mukavuutta lis\u00e4\u00e4v\u00e4t stopparilla s\u00e4\u00e4dett\u00e4v\u00e4 kuminauhakiristys helmassa, joustavat resorit sek\u00e4 s\u00e4\u00e4dett\u00e4v\u00e4t tarranauhat hihansuissa, helposti neppareilla poistettava huppu irroitettavalla karvareunalla ja \u00e4lykorttitasku hihassa. Monet heijastavat yksityiskohdat lis\u00e4\u00e4v\u00e4t turvallisuutta [&hellip;]<\/p>\n","protected":false},"featured_media":507254,"template":"","meta":{"_acf_changed":false},"product_brand":[],"product_cat":[145,146,148,149,147],"product_tag":[],"class_list":{"0":"post-548562","1":"product","2":"type-product","3":"status-publish","4":"has-post-thumbnail","6":"product_cat-lapset","7":"product_cat-takit","8":"product_cat-pojat","9":"product_cat-takit-pojat","10":"product_cat-takit-2","11":"pa_eristyksen-paino-300g","12":"pa_kokoelma-nr-w20-21","13":"pa_outlet-yes","15":"first","16":"instock","17":"sale","18":"taxable","19":"shipping-taxable","20":"purchasable","21":"product-type-variable"},"acf":[],"yoast_head":"<!-- This site is optimized with the Yoast SEO plugin v26.8 - https:\/\/yoast.com\/product\/yoast-seo-wordpress\/ -->\n<title>Poikinen talvitakki MARTEN 1 (300g) - Huppa FI<\/title>\n<meta name=\"robots\" content=\"index, follow, max-snippet:-1, max-image-preview:large, max-video-preview:-1\" \/>\n<link rel=\"canonical\" href=\"https:\/\/shop.huppa.eu\/fi\/product\/poikien-takki-marten-1-300g\/\" \/>\n<meta property=\"og:locale\" content=\"fi_FI\" \/>\n<meta property=\"og:type\" content=\"article\" \/>\n<meta property=\"og:title\" content=\"Poikinen talvitakki MARTEN 1 (300g) - Huppa FI\" \/>\n<meta property=\"og:description\" content=\"Poikien l\u00e4mmi toppatakki 300 g eristyksell\u00e4. Monilla l\u00e4pileikkauksilla ja vahvasta kankaasta valmistetussa takissa on miellytt\u00e4v\u00e4 fleece- ja hihoissa taftivuori. Takin olkap\u00e4\u00e4n teipatut saumat takaavat kuivan olon my\u00f6s haastavissa s\u00e4\u00e4olosuhteissa. K\u00e4ytt\u00f6mukavuutta lis\u00e4\u00e4v\u00e4t stopparilla s\u00e4\u00e4dett\u00e4v\u00e4 kuminauhakiristys helmassa, joustavat resorit sek\u00e4 s\u00e4\u00e4dett\u00e4v\u00e4t tarranauhat hihansuissa, helposti neppareilla poistettava huppu irroitettavalla karvareunalla ja \u00e4lykorttitasku hihassa. Monet heijastavat yksityiskohdat lis\u00e4\u00e4v\u00e4t turvallisuutta [&hellip;]\" \/>\n<meta property=\"og:url\" content=\"https:\/\/shop.huppa.eu\/fi\/product\/poikien-takki-marten-1-300g\/\" \/>\n<meta property=\"og:site_name\" content=\"Huppa FI\" \/>\n<meta property=\"article:modified_time\" content=\"2026-04-16T03:42:06+00:00\" \/>\n<meta property=\"og:image\" content=\"https:\/\/huppashop-prod.s3.eu-north-1.amazonaws.com\/wp-content\/uploads\/sites\/2\/2022\/09\/09093145\/18110130-00086-MARTEN1f.jpg\" \/>\n\t<meta property=\"og:image:width\" content=\"1200\" \/>\n\t<meta property=\"og:image:height\" content=\"1200\" \/>\n\t<meta property=\"og:image:type\" content=\"image\/jpeg\" \/>\n<meta name=\"twitter:card\" content=\"summary_large_image\" \/>\n<script type=\"application\/ld+json\" class=\"yoast-schema-graph\">{\"@context\":\"https:\/\/schema.org\",\"@graph\":[{\"@type\":\"WebPage\",\"@id\":\"https:\/\/shop.huppa.eu\/fi\/product\/poikien-takki-marten-1-300g\/\",\"url\":\"https:\/\/shop.huppa.eu\/fi\/product\/poikien-takki-marten-1-300g\/\",\"name\":\"Poikinen talvitakki MARTEN 1 (300g) - Huppa FI\",\"isPartOf\":{\"@id\":\"https:\/\/shop.huppa.eu\/fi\/#website\"},\"primaryImageOfPage\":{\"@id\":\"https:\/\/shop.huppa.eu\/fi\/product\/poikien-takki-marten-1-300g\/#primaryimage\"},\"image\":{\"@id\":\"https:\/\/shop.huppa.eu\/fi\/product\/poikien-takki-marten-1-300g\/#primaryimage\"},\"thumbnailUrl\":\"https:\/\/huppashop-prod.s3.eu-north-1.amazonaws.com\/wp-content\/uploads\/sites\/2\/2022\/09\/09093145\/18110130-00086-MARTEN1f.jpg\",\"datePublished\":\"2024-08-01T05:57:57+00:00\",\"dateModified\":\"2026-04-16T03:42:06+00:00\",\"breadcrumb\":{\"@id\":\"https:\/\/shop.huppa.eu\/fi\/product\/poikien-takki-marten-1-300g\/#breadcrumb\"},\"inLanguage\":\"fi\",\"potentialAction\":[{\"@type\":\"ReadAction\",\"target\":[\"https:\/\/shop.huppa.eu\/fi\/product\/poikien-takki-marten-1-300g\/\"]}]},{\"@type\":\"ImageObject\",\"inLanguage\":\"fi\",\"@id\":\"https:\/\/shop.huppa.eu\/fi\/product\/poikien-takki-marten-1-300g\/#primaryimage\",\"url\":\"https:\/\/huppashop-prod.s3.eu-north-1.amazonaws.com\/wp-content\/uploads\/sites\/2\/2022\/09\/09093145\/18110130-00086-MARTEN1f.jpg\",\"contentUrl\":\"https:\/\/huppashop-prod.s3.eu-north-1.amazonaws.com\/wp-content\/uploads\/sites\/2\/2022\/09\/09093145\/18110130-00086-MARTEN1f.jpg\",\"width\":1200,\"height\":1200},{\"@type\":\"BreadcrumbList\",\"@id\":\"https:\/\/shop.huppa.eu\/fi\/product\/poikien-takki-marten-1-300g\/#breadcrumb\",\"itemListElement\":[{\"@type\":\"ListItem\",\"position\":1,\"name\":\"Shop\",\"item\":\"https:\/\/shop.huppa.eu\/fi\/shop\/\"},{\"@type\":\"ListItem\",\"position\":2,\"name\":\"Poikinen talvitakki MARTEN 1 (300g)\"}]},{\"@type\":\"WebSite\",\"@id\":\"https:\/\/shop.huppa.eu\/fi\/#website\",\"url\":\"https:\/\/shop.huppa.eu\/fi\/\",\"name\":\"Huppa FI\",\"description\":\"Huppa FI\",\"potentialAction\":[{\"@type\":\"SearchAction\",\"target\":{\"@type\":\"EntryPoint\",\"urlTemplate\":\"https:\/\/shop.huppa.eu\/fi\/?s={search_term_string}\"},\"query-input\":{\"@type\":\"PropertyValueSpecification\",\"valueRequired\":true,\"valueName\":\"search_term_string\"}}],\"inLanguage\":\"fi\"}]}<\/script>\n<!-- \/ Yoast SEO plugin. -->","yoast_head_json":{"title":"Poikinen talvitakki MARTEN 1 (300g) - Huppa FI","robots":{"index":"index","follow":"follow","max-snippet":"max-snippet:-1","max-image-preview":"max-image-preview:large","max-video-preview":"max-video-preview:-1"},"canonical":"https:\/\/shop.huppa.eu\/fi\/product\/poikien-takki-marten-1-300g\/","og_locale":"fi_FI","og_type":"article","og_title":"Poikinen talvitakki MARTEN 1 (300g) - Huppa FI","og_description":"Poikien l\u00e4mmi toppatakki 300 g eristyksell\u00e4. Monilla l\u00e4pileikkauksilla ja vahvasta kankaasta valmistetussa takissa on miellytt\u00e4v\u00e4 fleece- ja hihoissa taftivuori. Takin olkap\u00e4\u00e4n teipatut saumat takaavat kuivan olon my\u00f6s haastavissa s\u00e4\u00e4olosuhteissa. K\u00e4ytt\u00f6mukavuutta lis\u00e4\u00e4v\u00e4t stopparilla s\u00e4\u00e4dett\u00e4v\u00e4 kuminauhakiristys helmassa, joustavat resorit sek\u00e4 s\u00e4\u00e4dett\u00e4v\u00e4t tarranauhat hihansuissa, helposti neppareilla poistettava huppu irroitettavalla karvareunalla ja \u00e4lykorttitasku hihassa. Monet heijastavat yksityiskohdat lis\u00e4\u00e4v\u00e4t turvallisuutta [&hellip;]","og_url":"https:\/\/shop.huppa.eu\/fi\/product\/poikien-takki-marten-1-300g\/","og_site_name":"Huppa FI","article_modified_time":"2026-04-16T03:42:06+00:00","og_image":[{"width":1200,"height":1200,"url":"https:\/\/huppashop-prod.s3.eu-north-1.amazonaws.com\/wp-content\/uploads\/sites\/2\/2022\/09\/09093145\/18110130-00086-MARTEN1f.jpg","type":"image\/jpeg"}],"twitter_card":"summary_large_image","schema":{"@context":"https:\/\/schema.org","@graph":[{"@type":"WebPage","@id":"https:\/\/shop.huppa.eu\/fi\/product\/poikien-takki-marten-1-300g\/","url":"https:\/\/shop.huppa.eu\/fi\/product\/poikien-takki-marten-1-300g\/","name":"Poikinen talvitakki MARTEN 1 (300g) - Huppa FI","isPartOf":{"@id":"https:\/\/shop.huppa.eu\/fi\/#website"},"primaryImageOfPage":{"@id":"https:\/\/shop.huppa.eu\/fi\/product\/poikien-takki-marten-1-300g\/#primaryimage"},"image":{"@id":"https:\/\/shop.huppa.eu\/fi\/product\/poikien-takki-marten-1-300g\/#primaryimage"},"thumbnailUrl":"https:\/\/huppashop-prod.s3.eu-north-1.amazonaws.com\/wp-content\/uploads\/sites\/2\/2022\/09\/09093145\/18110130-00086-MARTEN1f.jpg","datePublished":"2024-08-01T05:57:57+00:00","dateModified":"2026-04-16T03:42:06+00:00","breadcrumb":{"@id":"https:\/\/shop.huppa.eu\/fi\/product\/poikien-takki-marten-1-300g\/#breadcrumb"},"inLanguage":"fi","potentialAction":[{"@type":"ReadAction","target":["https:\/\/shop.huppa.eu\/fi\/product\/poikien-takki-marten-1-300g\/"]}]},{"@type":"ImageObject","inLanguage":"fi","@id":"https:\/\/shop.huppa.eu\/fi\/product\/poikien-takki-marten-1-300g\/#primaryimage","url":"https:\/\/huppashop-prod.s3.eu-north-1.amazonaws.com\/wp-content\/uploads\/sites\/2\/2022\/09\/09093145\/18110130-00086-MARTEN1f.jpg","contentUrl":"https:\/\/huppashop-prod.s3.eu-north-1.amazonaws.com\/wp-content\/uploads\/sites\/2\/2022\/09\/09093145\/18110130-00086-MARTEN1f.jpg","width":1200,"height":1200},{"@type":"BreadcrumbList","@id":"https:\/\/shop.huppa.eu\/fi\/product\/poikien-takki-marten-1-300g\/#breadcrumb","itemListElement":[{"@type":"ListItem","position":1,"name":"Shop","item":"https:\/\/shop.huppa.eu\/fi\/shop\/"},{"@type":"ListItem","position":2,"name":"Poikinen talvitakki MARTEN 1 (300g)"}]},{"@type":"WebSite","@id":"https:\/\/shop.huppa.eu\/fi\/#website","url":"https:\/\/shop.huppa.eu\/fi\/","name":"Huppa FI","description":"Huppa FI","potentialAction":[{"@type":"SearchAction","target":{"@type":"EntryPoint","urlTemplate":"https:\/\/shop.huppa.eu\/fi\/?s={search_term_string}"},"query-input":{"@type":"PropertyValueSpecification","valueRequired":true,"valueName":"search_term_string"}}],"inLanguage":"fi"}]}},"_links":{"self":[{"href":"https:\/\/shop.huppa.eu\/fi\/wp-json\/wp\/v2\/product\/548562","targetHints":{"allow":["GET"]}}],"collection":[{"href":"https:\/\/shop.huppa.eu\/fi\/wp-json\/wp\/v2\/product"}],"about":[{"href":"https:\/\/shop.huppa.eu\/fi\/wp-json\/wp\/v2\/types\/product"}],"wp:featuredmedia":[{"embeddable":true,"href":"https:\/\/shop.huppa.eu\/fi\/wp-json\/wp\/v2\/media\/507254"}],"wp:attachment":[{"href":"https:\/\/shop.huppa.eu\/fi\/wp-json\/wp\/v2\/media?parent=548562"}],"wp:term":[{"taxonomy":"product_brand","embeddable":true,"href":"https:\/\/shop.huppa.eu\/fi\/wp-json\/wp\/v2\/product_brand?post=548562"},{"taxonomy":"product_cat","embeddable":true,"href":"https:\/\/shop.huppa.eu\/fi\/wp-json\/wp\/v2\/product_cat?post=548562"},{"taxonomy":"product_tag","embeddable":true,"href":"https:\/\/shop.huppa.eu\/fi\/wp-json\/wp\/v2\/product_tag?post=548562"}],"curies":[{"name":"wp","href":"https:\/\/api.w.org\/{rel}","templated":true}]}}