{"id":549357,"date":"2024-08-01T08:43:29","date_gmt":"2024-08-01T06:43:29","guid":{"rendered":"https:\/\/shop.huppa.eu\/fi\/product\/lasten-haalarit-reggie-300g\/"},"modified":"2026-04-16T06:14:08","modified_gmt":"2026-04-16T04:14:08","slug":"lasten-haalarit-reggie-300g","status":"publish","type":"product","link":"https:\/\/shop.huppa.eu\/fi\/product\/lasten-haalarit-reggie-300g\/","title":{"rendered":"Lasten talvihaalarit REGGIE (300g)"},"content":{"rendered":"<p>Pikkulasten haalari paksulla vanulla (300 g eristyksell\u00e4). Haalarissa on pehme\u00e4 puuvillainen flanellivuori ja meid\u00e4n ilmastoon sopiva hengitt\u00e4v\u00e4 ja vett\u00e4hylkiv\u00e4 p\u00e4\u00e4llyskangas suloisilla kuvioilla varustettuna. Muksujen pukeminen on helppoa kahden t\u00e4yspitk\u00e4n vetoketjun avulla. Teipattu haarasauma antaa lapsille mahdollisuuden nauttia l\u00e4mm\u00f6st\u00e4 ja kuivuudesta my\u00f6s pyll\u00e4ht\u00e4ess\u00e4\u00e4n lumihankeen. Muksujen lempihaalarissa on poistettava huppu irrotettavalla tekoturkisreunalla,silikoniset jalkalenkit (mukana my\u00f6s kumilenkit) sek\u00e4 k\u00e4tev\u00e4 tasku. Koon 86 asti pystyy k\u00e4\u00e4nt\u00e4m\u00e4\u00e4n hihan- ja lahkeensuut suojaamaan pieni\u00e4 k\u00e4si\u00e4 ja jalkoja, joten rukkasia ja t\u00f6pp\u00f6si\u00e4 ei v\u00e4ltt\u00e4m\u00e4tt\u00e4 tarvita.<\/p>\n","protected":false},"excerpt":{"rendered":"<p>Pikkulasten haalari paksulla vanulla (300 g eristyksell\u00e4). Haalarissa on pehme\u00e4 puuvillainen flanellivuori ja meid\u00e4n ilmastoon sopiva hengitt\u00e4v\u00e4 ja vett\u00e4hylkiv\u00e4 p\u00e4\u00e4llyskangas suloisilla kuvioilla varustettuna. Muksujen pukeminen on helppoa kahden t\u00e4yspitk\u00e4n vetoketjun avulla. Teipattu haarasauma antaa lapsille mahdollisuuden nauttia l\u00e4mm\u00f6st\u00e4 ja kuivuudesta my\u00f6s pyll\u00e4ht\u00e4ess\u00e4\u00e4n lumihankeen. Muksujen lempihaalarissa on poistettava huppu irrotettavalla tekoturkisreunalla,silikoniset jalkalenkit (mukana my\u00f6s kumilenkit) sek\u00e4 [&hellip;]<\/p>\n","protected":false},"featured_media":533341,"template":"","meta":{"_acf_changed":false},"product_brand":[],"product_cat":[1273,145,1286,148,1276],"product_tag":[],"class_list":{"0":"post-549357","1":"product","2":"type-product","3":"status-publish","4":"has-post-thumbnail","6":"product_cat-haalarit","7":"product_cat-lapset","8":"product_cat-haalarit-lapset","9":"product_cat-pojat","10":"product_cat-haalarit-pojat","11":"pa_eristyksen-paino-300g","12":"pa_kokoelma-nr-w16-17","13":"pa_outlet-yes","15":"first","16":"instock","17":"sale","18":"taxable","19":"shipping-taxable","20":"purchasable","21":"product-type-variable"},"acf":[],"yoast_head":"<!-- This site is optimized with the Yoast SEO plugin v26.8 - https:\/\/yoast.com\/product\/yoast-seo-wordpress\/ -->\n<title>Lasten talvihaalarit REGGIE (300g) - Huppa FI<\/title>\n<meta name=\"robots\" content=\"index, follow, max-snippet:-1, max-image-preview:large, max-video-preview:-1\" \/>\n<link rel=\"canonical\" href=\"https:\/\/shop.huppa.eu\/fi\/product\/lasten-haalarit-reggie-300g\/\" \/>\n<meta property=\"og:locale\" content=\"fi_FI\" \/>\n<meta property=\"og:type\" content=\"article\" \/>\n<meta property=\"og:title\" content=\"Lasten talvihaalarit REGGIE (300g) - Huppa FI\" \/>\n<meta property=\"og:description\" content=\"Pikkulasten haalari paksulla vanulla (300 g eristyksell\u00e4). Haalarissa on pehme\u00e4 puuvillainen flanellivuori ja meid\u00e4n ilmastoon sopiva hengitt\u00e4v\u00e4 ja vett\u00e4hylkiv\u00e4 p\u00e4\u00e4llyskangas suloisilla kuvioilla varustettuna. Muksujen pukeminen on helppoa kahden t\u00e4yspitk\u00e4n vetoketjun avulla. Teipattu haarasauma antaa lapsille mahdollisuuden nauttia l\u00e4mm\u00f6st\u00e4 ja kuivuudesta my\u00f6s pyll\u00e4ht\u00e4ess\u00e4\u00e4n lumihankeen. Muksujen lempihaalarissa on poistettava huppu irrotettavalla tekoturkisreunalla,silikoniset jalkalenkit (mukana my\u00f6s kumilenkit) sek\u00e4 [&hellip;]\" \/>\n<meta property=\"og:url\" content=\"https:\/\/shop.huppa.eu\/fi\/product\/lasten-haalarit-reggie-300g\/\" \/>\n<meta property=\"og:site_name\" content=\"Huppa FI\" \/>\n<meta property=\"article:modified_time\" content=\"2026-04-16T04:14:08+00:00\" \/>\n<meta property=\"og:image\" content=\"https:\/\/huppashop-prod.s3.eu-north-1.amazonaws.com\/wp-content\/uploads\/sites\/2\/2023\/09\/19100110\/36020030-63586-REGGIEf.png\" \/>\n\t<meta property=\"og:image:width\" content=\"800\" \/>\n\t<meta property=\"og:image:height\" content=\"800\" \/>\n\t<meta property=\"og:image:type\" content=\"image\/png\" \/>\n<meta name=\"twitter:card\" content=\"summary_large_image\" \/>\n<script type=\"application\/ld+json\" class=\"yoast-schema-graph\">{\"@context\":\"https:\/\/schema.org\",\"@graph\":[{\"@type\":\"WebPage\",\"@id\":\"https:\/\/shop.huppa.eu\/fi\/product\/lasten-haalarit-reggie-300g\/\",\"url\":\"https:\/\/shop.huppa.eu\/fi\/product\/lasten-haalarit-reggie-300g\/\",\"name\":\"Lasten talvihaalarit REGGIE (300g) - Huppa FI\",\"isPartOf\":{\"@id\":\"https:\/\/shop.huppa.eu\/fi\/#website\"},\"primaryImageOfPage\":{\"@id\":\"https:\/\/shop.huppa.eu\/fi\/product\/lasten-haalarit-reggie-300g\/#primaryimage\"},\"image\":{\"@id\":\"https:\/\/shop.huppa.eu\/fi\/product\/lasten-haalarit-reggie-300g\/#primaryimage\"},\"thumbnailUrl\":\"https:\/\/huppashop-prod.s3.eu-north-1.amazonaws.com\/wp-content\/uploads\/sites\/2\/2023\/09\/19100110\/36020030-63586-REGGIEf.png\",\"datePublished\":\"2024-08-01T06:43:29+00:00\",\"dateModified\":\"2026-04-16T04:14:08+00:00\",\"breadcrumb\":{\"@id\":\"https:\/\/shop.huppa.eu\/fi\/product\/lasten-haalarit-reggie-300g\/#breadcrumb\"},\"inLanguage\":\"fi\",\"potentialAction\":[{\"@type\":\"ReadAction\",\"target\":[\"https:\/\/shop.huppa.eu\/fi\/product\/lasten-haalarit-reggie-300g\/\"]}]},{\"@type\":\"ImageObject\",\"inLanguage\":\"fi\",\"@id\":\"https:\/\/shop.huppa.eu\/fi\/product\/lasten-haalarit-reggie-300g\/#primaryimage\",\"url\":\"https:\/\/huppashop-prod.s3.eu-north-1.amazonaws.com\/wp-content\/uploads\/sites\/2\/2023\/09\/19100110\/36020030-63586-REGGIEf.png\",\"contentUrl\":\"https:\/\/huppashop-prod.s3.eu-north-1.amazonaws.com\/wp-content\/uploads\/sites\/2\/2023\/09\/19100110\/36020030-63586-REGGIEf.png\",\"width\":800,\"height\":800},{\"@type\":\"BreadcrumbList\",\"@id\":\"https:\/\/shop.huppa.eu\/fi\/product\/lasten-haalarit-reggie-300g\/#breadcrumb\",\"itemListElement\":[{\"@type\":\"ListItem\",\"position\":1,\"name\":\"Shop\",\"item\":\"https:\/\/shop.huppa.eu\/fi\/shop\/\"},{\"@type\":\"ListItem\",\"position\":2,\"name\":\"Lasten talvihaalarit REGGIE (300g)\"}]},{\"@type\":\"WebSite\",\"@id\":\"https:\/\/shop.huppa.eu\/fi\/#website\",\"url\":\"https:\/\/shop.huppa.eu\/fi\/\",\"name\":\"Huppa FI\",\"description\":\"Huppa FI\",\"potentialAction\":[{\"@type\":\"SearchAction\",\"target\":{\"@type\":\"EntryPoint\",\"urlTemplate\":\"https:\/\/shop.huppa.eu\/fi\/?s={search_term_string}\"},\"query-input\":{\"@type\":\"PropertyValueSpecification\",\"valueRequired\":true,\"valueName\":\"search_term_string\"}}],\"inLanguage\":\"fi\"}]}<\/script>\n<!-- \/ Yoast SEO plugin. -->","yoast_head_json":{"title":"Lasten talvihaalarit REGGIE (300g) - Huppa FI","robots":{"index":"index","follow":"follow","max-snippet":"max-snippet:-1","max-image-preview":"max-image-preview:large","max-video-preview":"max-video-preview:-1"},"canonical":"https:\/\/shop.huppa.eu\/fi\/product\/lasten-haalarit-reggie-300g\/","og_locale":"fi_FI","og_type":"article","og_title":"Lasten talvihaalarit REGGIE (300g) - Huppa FI","og_description":"Pikkulasten haalari paksulla vanulla (300 g eristyksell\u00e4). Haalarissa on pehme\u00e4 puuvillainen flanellivuori ja meid\u00e4n ilmastoon sopiva hengitt\u00e4v\u00e4 ja vett\u00e4hylkiv\u00e4 p\u00e4\u00e4llyskangas suloisilla kuvioilla varustettuna. Muksujen pukeminen on helppoa kahden t\u00e4yspitk\u00e4n vetoketjun avulla. Teipattu haarasauma antaa lapsille mahdollisuuden nauttia l\u00e4mm\u00f6st\u00e4 ja kuivuudesta my\u00f6s pyll\u00e4ht\u00e4ess\u00e4\u00e4n lumihankeen. Muksujen lempihaalarissa on poistettava huppu irrotettavalla tekoturkisreunalla,silikoniset jalkalenkit (mukana my\u00f6s kumilenkit) sek\u00e4 [&hellip;]","og_url":"https:\/\/shop.huppa.eu\/fi\/product\/lasten-haalarit-reggie-300g\/","og_site_name":"Huppa FI","article_modified_time":"2026-04-16T04:14:08+00:00","og_image":[{"width":800,"height":800,"url":"https:\/\/huppashop-prod.s3.eu-north-1.amazonaws.com\/wp-content\/uploads\/sites\/2\/2023\/09\/19100110\/36020030-63586-REGGIEf.png","type":"image\/png"}],"twitter_card":"summary_large_image","schema":{"@context":"https:\/\/schema.org","@graph":[{"@type":"WebPage","@id":"https:\/\/shop.huppa.eu\/fi\/product\/lasten-haalarit-reggie-300g\/","url":"https:\/\/shop.huppa.eu\/fi\/product\/lasten-haalarit-reggie-300g\/","name":"Lasten talvihaalarit REGGIE (300g) - Huppa FI","isPartOf":{"@id":"https:\/\/shop.huppa.eu\/fi\/#website"},"primaryImageOfPage":{"@id":"https:\/\/shop.huppa.eu\/fi\/product\/lasten-haalarit-reggie-300g\/#primaryimage"},"image":{"@id":"https:\/\/shop.huppa.eu\/fi\/product\/lasten-haalarit-reggie-300g\/#primaryimage"},"thumbnailUrl":"https:\/\/huppashop-prod.s3.eu-north-1.amazonaws.com\/wp-content\/uploads\/sites\/2\/2023\/09\/19100110\/36020030-63586-REGGIEf.png","datePublished":"2024-08-01T06:43:29+00:00","dateModified":"2026-04-16T04:14:08+00:00","breadcrumb":{"@id":"https:\/\/shop.huppa.eu\/fi\/product\/lasten-haalarit-reggie-300g\/#breadcrumb"},"inLanguage":"fi","potentialAction":[{"@type":"ReadAction","target":["https:\/\/shop.huppa.eu\/fi\/product\/lasten-haalarit-reggie-300g\/"]}]},{"@type":"ImageObject","inLanguage":"fi","@id":"https:\/\/shop.huppa.eu\/fi\/product\/lasten-haalarit-reggie-300g\/#primaryimage","url":"https:\/\/huppashop-prod.s3.eu-north-1.amazonaws.com\/wp-content\/uploads\/sites\/2\/2023\/09\/19100110\/36020030-63586-REGGIEf.png","contentUrl":"https:\/\/huppashop-prod.s3.eu-north-1.amazonaws.com\/wp-content\/uploads\/sites\/2\/2023\/09\/19100110\/36020030-63586-REGGIEf.png","width":800,"height":800},{"@type":"BreadcrumbList","@id":"https:\/\/shop.huppa.eu\/fi\/product\/lasten-haalarit-reggie-300g\/#breadcrumb","itemListElement":[{"@type":"ListItem","position":1,"name":"Shop","item":"https:\/\/shop.huppa.eu\/fi\/shop\/"},{"@type":"ListItem","position":2,"name":"Lasten talvihaalarit REGGIE (300g)"}]},{"@type":"WebSite","@id":"https:\/\/shop.huppa.eu\/fi\/#website","url":"https:\/\/shop.huppa.eu\/fi\/","name":"Huppa FI","description":"Huppa FI","potentialAction":[{"@type":"SearchAction","target":{"@type":"EntryPoint","urlTemplate":"https:\/\/shop.huppa.eu\/fi\/?s={search_term_string}"},"query-input":{"@type":"PropertyValueSpecification","valueRequired":true,"valueName":"search_term_string"}}],"inLanguage":"fi"}]}},"_links":{"self":[{"href":"https:\/\/shop.huppa.eu\/fi\/wp-json\/wp\/v2\/product\/549357","targetHints":{"allow":["GET"]}}],"collection":[{"href":"https:\/\/shop.huppa.eu\/fi\/wp-json\/wp\/v2\/product"}],"about":[{"href":"https:\/\/shop.huppa.eu\/fi\/wp-json\/wp\/v2\/types\/product"}],"wp:featuredmedia":[{"embeddable":true,"href":"https:\/\/shop.huppa.eu\/fi\/wp-json\/wp\/v2\/media\/533341"}],"wp:attachment":[{"href":"https:\/\/shop.huppa.eu\/fi\/wp-json\/wp\/v2\/media?parent=549357"}],"wp:term":[{"taxonomy":"product_brand","embeddable":true,"href":"https:\/\/shop.huppa.eu\/fi\/wp-json\/wp\/v2\/product_brand?post=549357"},{"taxonomy":"product_cat","embeddable":true,"href":"https:\/\/shop.huppa.eu\/fi\/wp-json\/wp\/v2\/product_cat?post=549357"},{"taxonomy":"product_tag","embeddable":true,"href":"https:\/\/shop.huppa.eu\/fi\/wp-json\/wp\/v2\/product_tag?post=549357"}],"curies":[{"name":"wp","href":"https:\/\/api.w.org\/{rel}","templated":true}]}}