{"id":549729,"date":"2024-08-01T09:10:04","date_gmt":"2024-08-01T07:10:04","guid":{"rendered":"https:\/\/shop.huppa.eu\/fi\/product\/poikien-haalarit-bruce-1-300g\/"},"modified":"2026-04-16T06:18:09","modified_gmt":"2026-04-16T04:18:09","slug":"poikien-haalarit-bruce-1-300g","status":"publish","type":"product","link":"https:\/\/shop.huppa.eu\/fi\/product\/poikien-haalarit-bruce-1-300g\/","title":{"rendered":"Poikinen talvihaalarit BRUCE 1 (300g)"},"content":{"rendered":"<p>Mukava ja s\u00e4\u00e4dett\u00e4v\u00e4 haalari, jonka avulla pojat voivat leikki\u00e4 sek\u00e4 l\u00e4t\u00e4k\u00f6iss\u00e4 ett\u00e4 lumessa! Se on vuorattu pehme\u00e4ll\u00e4 kuitukankaalla ja ulkokangas on hengitt\u00e4v\u00e4, pehme\u00e4 ja s\u00e4\u00e4nkest\u00e4v\u00e4. Vahvistetusta Cordura -kankaasta valmistettu alaosa on erityisen kest\u00e4v\u00e4 ja s\u00e4\u00e4ren p\u00e4\u00e4t on my\u00f6s p\u00e4\u00e4llystetty sis\u00e4puolelta Cordura -kankaalla kuivan olon varmistamiseksi. Teipatut saumat, pohjan alla olevat kuminauhat ja resorihihansuut pit\u00e4v\u00e4t lapsen l\u00e4mpim\u00e4n\u00e4 ja kuivana my\u00f6s aktiivisen leikin aikana. Vy\u00f6t\u00e4r\u00f6n leveytt\u00e4, hupun kokoa ja hihan p\u00e4it\u00e4 voidaan s\u00e4\u00e4t\u00e4\u00e4 tarpeen mukaan. Mukana heijastavat yksityiskohdat, jotka tekev\u00e4t lapsesta n\u00e4kyv\u00e4n my\u00f6s pime\u00e4ss\u00e4. Irrotettava huppu on turvallinen ulkok\u00e4ytt\u00f6\u00f6n. Se on juuttumisen est\u00e4miseksi kiinnitetty painonappeilla, ja sen karvainen reuna on my\u00f6s irrotettava. S\u00e4\u00e4dett\u00e4v\u00e4 haalari lapsen kehon mukaan, joka on kest\u00e4v\u00e4, mukava ja toimiva. Se on kaikki mit\u00e4 tarvitset poikien ulkoleikkien varten!<\/p>\n","protected":false},"excerpt":{"rendered":"<p>Mukava ja s\u00e4\u00e4dett\u00e4v\u00e4 haalari, jonka avulla pojat voivat leikki\u00e4 sek\u00e4 l\u00e4t\u00e4k\u00f6iss\u00e4 ett\u00e4 lumessa! Se on vuorattu pehme\u00e4ll\u00e4 kuitukankaalla ja ulkokangas on hengitt\u00e4v\u00e4, pehme\u00e4 ja s\u00e4\u00e4nkest\u00e4v\u00e4. Vahvistetusta Cordura -kankaasta valmistettu alaosa on erityisen kest\u00e4v\u00e4 ja s\u00e4\u00e4ren p\u00e4\u00e4t on my\u00f6s p\u00e4\u00e4llystetty sis\u00e4puolelta Cordura -kankaalla kuivan olon varmistamiseksi. Teipatut saumat, pohjan alla olevat kuminauhat ja resorihihansuut pit\u00e4v\u00e4t lapsen [&hellip;]<\/p>\n","protected":false},"featured_media":474231,"template":"","meta":{"_acf_changed":false},"product_brand":[],"product_cat":[1273,145,1286,148,1276],"product_tag":[],"class_list":{"0":"post-549729","1":"product","2":"type-product","3":"status-publish","4":"has-post-thumbnail","6":"product_cat-haalarit","7":"product_cat-lapset","8":"product_cat-haalarit-lapset","9":"product_cat-pojat","10":"product_cat-haalarit-pojat","11":"pa_eristyksen-paino-300g","12":"pa_kokoelma-nr-w21-22","13":"pa_outlet-yes","15":"first","16":"instock","17":"sale","18":"taxable","19":"shipping-taxable","20":"purchasable","21":"product-type-variable"},"acf":[],"yoast_head":"<!-- This site is optimized with the Yoast SEO plugin v26.8 - https:\/\/yoast.com\/product\/yoast-seo-wordpress\/ -->\n<title>Poikinen talvihaalarit BRUCE 1 (300g) - Huppa FI<\/title>\n<meta name=\"robots\" content=\"index, follow, max-snippet:-1, max-image-preview:large, max-video-preview:-1\" \/>\n<link rel=\"canonical\" href=\"https:\/\/shop.huppa.eu\/fi\/product\/poikien-haalarit-bruce-1-300g\/\" \/>\n<meta property=\"og:locale\" content=\"fi_FI\" \/>\n<meta property=\"og:type\" content=\"article\" \/>\n<meta property=\"og:title\" content=\"Poikinen talvihaalarit BRUCE 1 (300g) - Huppa FI\" \/>\n<meta property=\"og:description\" content=\"Mukava ja s\u00e4\u00e4dett\u00e4v\u00e4 haalari, jonka avulla pojat voivat leikki\u00e4 sek\u00e4 l\u00e4t\u00e4k\u00f6iss\u00e4 ett\u00e4 lumessa! Se on vuorattu pehme\u00e4ll\u00e4 kuitukankaalla ja ulkokangas on hengitt\u00e4v\u00e4, pehme\u00e4 ja s\u00e4\u00e4nkest\u00e4v\u00e4. Vahvistetusta Cordura -kankaasta valmistettu alaosa on erityisen kest\u00e4v\u00e4 ja s\u00e4\u00e4ren p\u00e4\u00e4t on my\u00f6s p\u00e4\u00e4llystetty sis\u00e4puolelta Cordura -kankaalla kuivan olon varmistamiseksi. Teipatut saumat, pohjan alla olevat kuminauhat ja resorihihansuut pit\u00e4v\u00e4t lapsen [&hellip;]\" \/>\n<meta property=\"og:url\" content=\"https:\/\/shop.huppa.eu\/fi\/product\/poikien-haalarit-bruce-1-300g\/\" \/>\n<meta property=\"og:site_name\" content=\"Huppa FI\" \/>\n<meta property=\"article:modified_time\" content=\"2026-04-16T04:18:09+00:00\" \/>\n<meta property=\"og:image\" content=\"https:\/\/huppashop-prod.s3.eu-north-1.amazonaws.com\/wp-content\/uploads\/sites\/5\/2021\/10\/24091849\/36330130-12735-BRUCE1_f.jpg\" \/>\n\t<meta property=\"og:image:width\" content=\"1200\" \/>\n\t<meta property=\"og:image:height\" content=\"1200\" \/>\n\t<meta property=\"og:image:type\" content=\"image\/jpeg\" \/>\n<meta name=\"twitter:card\" content=\"summary_large_image\" \/>\n<meta name=\"twitter:label1\" content=\"Arvioitu lukuaika\" \/>\n\t<meta name=\"twitter:data1\" content=\"1 minuutti\" \/>\n<script type=\"application\/ld+json\" class=\"yoast-schema-graph\">{\"@context\":\"https:\/\/schema.org\",\"@graph\":[{\"@type\":\"WebPage\",\"@id\":\"https:\/\/shop.huppa.eu\/fi\/product\/poikien-haalarit-bruce-1-300g\/\",\"url\":\"https:\/\/shop.huppa.eu\/fi\/product\/poikien-haalarit-bruce-1-300g\/\",\"name\":\"Poikinen talvihaalarit BRUCE 1 (300g) - Huppa FI\",\"isPartOf\":{\"@id\":\"https:\/\/shop.huppa.eu\/fi\/#website\"},\"primaryImageOfPage\":{\"@id\":\"https:\/\/shop.huppa.eu\/fi\/product\/poikien-haalarit-bruce-1-300g\/#primaryimage\"},\"image\":{\"@id\":\"https:\/\/shop.huppa.eu\/fi\/product\/poikien-haalarit-bruce-1-300g\/#primaryimage\"},\"thumbnailUrl\":\"https:\/\/huppashop-prod.s3.eu-north-1.amazonaws.com\/wp-content\/uploads\/sites\/5\/2021\/10\/24091849\/36330130-12735-BRUCE1_f.jpg\",\"datePublished\":\"2024-08-01T07:10:04+00:00\",\"dateModified\":\"2026-04-16T04:18:09+00:00\",\"breadcrumb\":{\"@id\":\"https:\/\/shop.huppa.eu\/fi\/product\/poikien-haalarit-bruce-1-300g\/#breadcrumb\"},\"inLanguage\":\"fi\",\"potentialAction\":[{\"@type\":\"ReadAction\",\"target\":[\"https:\/\/shop.huppa.eu\/fi\/product\/poikien-haalarit-bruce-1-300g\/\"]}]},{\"@type\":\"ImageObject\",\"inLanguage\":\"fi\",\"@id\":\"https:\/\/shop.huppa.eu\/fi\/product\/poikien-haalarit-bruce-1-300g\/#primaryimage\",\"url\":\"https:\/\/huppashop-prod.s3.eu-north-1.amazonaws.com\/wp-content\/uploads\/sites\/5\/2021\/10\/24091849\/36330130-12735-BRUCE1_f.jpg\",\"contentUrl\":\"https:\/\/huppashop-prod.s3.eu-north-1.amazonaws.com\/wp-content\/uploads\/sites\/5\/2021\/10\/24091849\/36330130-12735-BRUCE1_f.jpg\",\"width\":1200,\"height\":1200},{\"@type\":\"BreadcrumbList\",\"@id\":\"https:\/\/shop.huppa.eu\/fi\/product\/poikien-haalarit-bruce-1-300g\/#breadcrumb\",\"itemListElement\":[{\"@type\":\"ListItem\",\"position\":1,\"name\":\"Shop\",\"item\":\"https:\/\/shop.huppa.eu\/fi\/shop\/\"},{\"@type\":\"ListItem\",\"position\":2,\"name\":\"Poikinen talvihaalarit BRUCE 1 (300g)\"}]},{\"@type\":\"WebSite\",\"@id\":\"https:\/\/shop.huppa.eu\/fi\/#website\",\"url\":\"https:\/\/shop.huppa.eu\/fi\/\",\"name\":\"Huppa FI\",\"description\":\"Huppa FI\",\"potentialAction\":[{\"@type\":\"SearchAction\",\"target\":{\"@type\":\"EntryPoint\",\"urlTemplate\":\"https:\/\/shop.huppa.eu\/fi\/?s={search_term_string}\"},\"query-input\":{\"@type\":\"PropertyValueSpecification\",\"valueRequired\":true,\"valueName\":\"search_term_string\"}}],\"inLanguage\":\"fi\"}]}<\/script>\n<!-- \/ Yoast SEO plugin. -->","yoast_head_json":{"title":"Poikinen talvihaalarit BRUCE 1 (300g) - Huppa FI","robots":{"index":"index","follow":"follow","max-snippet":"max-snippet:-1","max-image-preview":"max-image-preview:large","max-video-preview":"max-video-preview:-1"},"canonical":"https:\/\/shop.huppa.eu\/fi\/product\/poikien-haalarit-bruce-1-300g\/","og_locale":"fi_FI","og_type":"article","og_title":"Poikinen talvihaalarit BRUCE 1 (300g) - Huppa FI","og_description":"Mukava ja s\u00e4\u00e4dett\u00e4v\u00e4 haalari, jonka avulla pojat voivat leikki\u00e4 sek\u00e4 l\u00e4t\u00e4k\u00f6iss\u00e4 ett\u00e4 lumessa! Se on vuorattu pehme\u00e4ll\u00e4 kuitukankaalla ja ulkokangas on hengitt\u00e4v\u00e4, pehme\u00e4 ja s\u00e4\u00e4nkest\u00e4v\u00e4. Vahvistetusta Cordura -kankaasta valmistettu alaosa on erityisen kest\u00e4v\u00e4 ja s\u00e4\u00e4ren p\u00e4\u00e4t on my\u00f6s p\u00e4\u00e4llystetty sis\u00e4puolelta Cordura -kankaalla kuivan olon varmistamiseksi. Teipatut saumat, pohjan alla olevat kuminauhat ja resorihihansuut pit\u00e4v\u00e4t lapsen [&hellip;]","og_url":"https:\/\/shop.huppa.eu\/fi\/product\/poikien-haalarit-bruce-1-300g\/","og_site_name":"Huppa FI","article_modified_time":"2026-04-16T04:18:09+00:00","og_image":[{"width":1200,"height":1200,"url":"https:\/\/huppashop-prod.s3.eu-north-1.amazonaws.com\/wp-content\/uploads\/sites\/5\/2021\/10\/24091849\/36330130-12735-BRUCE1_f.jpg","type":"image\/jpeg"}],"twitter_card":"summary_large_image","twitter_misc":{"Arvioitu lukuaika":"1 minuutti"},"schema":{"@context":"https:\/\/schema.org","@graph":[{"@type":"WebPage","@id":"https:\/\/shop.huppa.eu\/fi\/product\/poikien-haalarit-bruce-1-300g\/","url":"https:\/\/shop.huppa.eu\/fi\/product\/poikien-haalarit-bruce-1-300g\/","name":"Poikinen talvihaalarit BRUCE 1 (300g) - Huppa FI","isPartOf":{"@id":"https:\/\/shop.huppa.eu\/fi\/#website"},"primaryImageOfPage":{"@id":"https:\/\/shop.huppa.eu\/fi\/product\/poikien-haalarit-bruce-1-300g\/#primaryimage"},"image":{"@id":"https:\/\/shop.huppa.eu\/fi\/product\/poikien-haalarit-bruce-1-300g\/#primaryimage"},"thumbnailUrl":"https:\/\/huppashop-prod.s3.eu-north-1.amazonaws.com\/wp-content\/uploads\/sites\/5\/2021\/10\/24091849\/36330130-12735-BRUCE1_f.jpg","datePublished":"2024-08-01T07:10:04+00:00","dateModified":"2026-04-16T04:18:09+00:00","breadcrumb":{"@id":"https:\/\/shop.huppa.eu\/fi\/product\/poikien-haalarit-bruce-1-300g\/#breadcrumb"},"inLanguage":"fi","potentialAction":[{"@type":"ReadAction","target":["https:\/\/shop.huppa.eu\/fi\/product\/poikien-haalarit-bruce-1-300g\/"]}]},{"@type":"ImageObject","inLanguage":"fi","@id":"https:\/\/shop.huppa.eu\/fi\/product\/poikien-haalarit-bruce-1-300g\/#primaryimage","url":"https:\/\/huppashop-prod.s3.eu-north-1.amazonaws.com\/wp-content\/uploads\/sites\/5\/2021\/10\/24091849\/36330130-12735-BRUCE1_f.jpg","contentUrl":"https:\/\/huppashop-prod.s3.eu-north-1.amazonaws.com\/wp-content\/uploads\/sites\/5\/2021\/10\/24091849\/36330130-12735-BRUCE1_f.jpg","width":1200,"height":1200},{"@type":"BreadcrumbList","@id":"https:\/\/shop.huppa.eu\/fi\/product\/poikien-haalarit-bruce-1-300g\/#breadcrumb","itemListElement":[{"@type":"ListItem","position":1,"name":"Shop","item":"https:\/\/shop.huppa.eu\/fi\/shop\/"},{"@type":"ListItem","position":2,"name":"Poikinen talvihaalarit BRUCE 1 (300g)"}]},{"@type":"WebSite","@id":"https:\/\/shop.huppa.eu\/fi\/#website","url":"https:\/\/shop.huppa.eu\/fi\/","name":"Huppa FI","description":"Huppa FI","potentialAction":[{"@type":"SearchAction","target":{"@type":"EntryPoint","urlTemplate":"https:\/\/shop.huppa.eu\/fi\/?s={search_term_string}"},"query-input":{"@type":"PropertyValueSpecification","valueRequired":true,"valueName":"search_term_string"}}],"inLanguage":"fi"}]}},"_links":{"self":[{"href":"https:\/\/shop.huppa.eu\/fi\/wp-json\/wp\/v2\/product\/549729","targetHints":{"allow":["GET"]}}],"collection":[{"href":"https:\/\/shop.huppa.eu\/fi\/wp-json\/wp\/v2\/product"}],"about":[{"href":"https:\/\/shop.huppa.eu\/fi\/wp-json\/wp\/v2\/types\/product"}],"wp:featuredmedia":[{"embeddable":true,"href":"https:\/\/shop.huppa.eu\/fi\/wp-json\/wp\/v2\/media\/474231"}],"wp:attachment":[{"href":"https:\/\/shop.huppa.eu\/fi\/wp-json\/wp\/v2\/media?parent=549729"}],"wp:term":[{"taxonomy":"product_brand","embeddable":true,"href":"https:\/\/shop.huppa.eu\/fi\/wp-json\/wp\/v2\/product_brand?post=549729"},{"taxonomy":"product_cat","embeddable":true,"href":"https:\/\/shop.huppa.eu\/fi\/wp-json\/wp\/v2\/product_cat?post=549729"},{"taxonomy":"product_tag","embeddable":true,"href":"https:\/\/shop.huppa.eu\/fi\/wp-json\/wp\/v2\/product_tag?post=549729"}],"curies":[{"name":"wp","href":"https:\/\/api.w.org\/{rel}","templated":true}]}}