{"id":558404,"date":"2025-05-10T07:31:36","date_gmt":"2025-05-10T05:31:36","guid":{"rendered":"https:\/\/shop.huppa.eu\/fi\/product\/tyttojen-kevat-syksy-parka-janelle-1-40g\/"},"modified":"2026-04-16T05:07:07","modified_gmt":"2026-04-16T03:07:07","slug":"tyttojen-kevat-syksy-parka-janelle-1-40g","status":"publish","type":"product","link":"https:\/\/shop.huppa.eu\/fi\/product\/tyttojen-kevat-syksy-parka-janelle-1-40g\/","title":{"rendered":"JANELLE 1 (40g)"},"content":{"rendered":"<p>Modernilla leikkauksella, 40g eristetty parkatakki tyt\u00f6ille ja naisille, jota voi k\u00e4ytt\u00e4\u00e4 miellytt\u00e4v\u00e4n kev\u00e4t-syksyn siirtym\u00e4kauden aikana. Takissa on teipatut vedenpit\u00e4v\u00e4t hihansuut ja kaulus sek\u00e4 huppu ja olkasaumat. Takin vy\u00f6t\u00e4r\u00f6lle on lis\u00e4tty s\u00e4\u00e4dett\u00e4v\u00e4 kiristysnauha. Etupuolella on taskut, joissa voi s\u00e4ilytt\u00e4\u00e4 k\u00e4sineit\u00e4 tai muita tarvittavia esineit\u00e4. Parkatakissa on my\u00f6s sis\u00e4inen vetoketjullinen tasku, johon voit piilottaa puhelimen tai avaimet. Takin etulukko avautuu kahteen suuntaan, mik\u00e4 puolestaan \u200b\u200btekee istumisesta mukavampaa. Miellytt\u00e4v\u00e4n kevyt mutta muodikas parkatakki sek\u00e4 \u00e4idille ett\u00e4 tytt\u00e4relle!<\/p>\n","protected":false},"excerpt":{"rendered":"<p>Modernilla leikkauksella, 40g eristetty parkatakki tyt\u00f6ille ja naisille, jota voi k\u00e4ytt\u00e4\u00e4 miellytt\u00e4v\u00e4n kev\u00e4t-syksyn siirtym\u00e4kauden aikana. Takissa on teipatut vedenpit\u00e4v\u00e4t hihansuut ja kaulus sek\u00e4 huppu ja olkasaumat. Takin vy\u00f6t\u00e4r\u00f6lle on lis\u00e4tty s\u00e4\u00e4dett\u00e4v\u00e4 kiristysnauha. Etupuolella on taskut, joissa voi s\u00e4ilytt\u00e4\u00e4 k\u00e4sineit\u00e4 tai muita tarvittavia esineit\u00e4. Parkatakissa on my\u00f6s sis\u00e4inen vetoketjullinen tasku, johon voit piilottaa puhelimen tai avaimet. [&hellip;]<\/p>\n","protected":false},"featured_media":478165,"template":"","meta":{"_acf_changed":false},"product_brand":[],"product_cat":[6669,6666,4874,4875,145,165,161,162,163],"product_tag":[],"class_list":{"0":"post-558404","1":"product","2":"type-product","3":"status-publish","4":"has-post-thumbnail","6":"product_cat-parkatakit-sale","7":"product_cat-sale","8":"product_cat-outlet","9":"product_cat-parkatakit-outlet","10":"product_cat-lapset","11":"product_cat-parkatakit-lapset","12":"product_cat-parkatakit","13":"product_cat-tytot","14":"product_cat-parkatakit-tytot","15":"pa_eristyksen-paino-40g","16":"pa_kokoelma-nr-sa2022","17":"pa_outlet-yes","19":"first","20":"instock","21":"sale","22":"taxable","23":"shipping-taxable","24":"purchasable","25":"product-type-variable"},"acf":[],"yoast_head":"<!-- This site is optimized with the Yoast SEO plugin v26.8 - https:\/\/yoast.com\/product\/yoast-seo-wordpress\/ -->\n<title>JANELLE 1 (40g) - Huppa FI<\/title>\n<meta name=\"robots\" content=\"index, follow, max-snippet:-1, max-image-preview:large, max-video-preview:-1\" \/>\n<link rel=\"canonical\" href=\"https:\/\/shop.huppa.eu\/fi\/product\/tyttojen-kevat-syksy-parka-janelle-1-40g\/\" \/>\n<meta property=\"og:locale\" content=\"fi_FI\" \/>\n<meta property=\"og:type\" content=\"article\" \/>\n<meta property=\"og:title\" content=\"JANELLE 1 (40g) - Huppa FI\" \/>\n<meta property=\"og:description\" content=\"Modernilla leikkauksella, 40g eristetty parkatakki tyt\u00f6ille ja naisille, jota voi k\u00e4ytt\u00e4\u00e4 miellytt\u00e4v\u00e4n kev\u00e4t-syksyn siirtym\u00e4kauden aikana. Takissa on teipatut vedenpit\u00e4v\u00e4t hihansuut ja kaulus sek\u00e4 huppu ja olkasaumat. Takin vy\u00f6t\u00e4r\u00f6lle on lis\u00e4tty s\u00e4\u00e4dett\u00e4v\u00e4 kiristysnauha. Etupuolella on taskut, joissa voi s\u00e4ilytt\u00e4\u00e4 k\u00e4sineit\u00e4 tai muita tarvittavia esineit\u00e4. Parkatakissa on my\u00f6s sis\u00e4inen vetoketjullinen tasku, johon voit piilottaa puhelimen tai avaimet. [&hellip;]\" \/>\n<meta property=\"og:url\" content=\"https:\/\/shop.huppa.eu\/fi\/product\/tyttojen-kevat-syksy-parka-janelle-1-40g\/\" \/>\n<meta property=\"og:site_name\" content=\"Huppa FI\" \/>\n<meta property=\"article:modified_time\" content=\"2026-04-16T03:07:07+00:00\" \/>\n<meta property=\"og:image\" content=\"https:\/\/huppashop-prod.s3.eu-north-1.amazonaws.com\/wp-content\/uploads\/sites\/5\/2022\/03\/08043521\/12360104-14140-JANELLE1_f.jpg\" \/>\n\t<meta property=\"og:image:width\" content=\"1200\" \/>\n\t<meta property=\"og:image:height\" content=\"1200\" \/>\n\t<meta property=\"og:image:type\" content=\"image\/jpeg\" \/>\n<meta name=\"twitter:card\" content=\"summary_large_image\" \/>\n<script type=\"application\/ld+json\" class=\"yoast-schema-graph\">{\"@context\":\"https:\/\/schema.org\",\"@graph\":[{\"@type\":\"WebPage\",\"@id\":\"https:\/\/shop.huppa.eu\/fi\/product\/tyttojen-kevat-syksy-parka-janelle-1-40g\/\",\"url\":\"https:\/\/shop.huppa.eu\/fi\/product\/tyttojen-kevat-syksy-parka-janelle-1-40g\/\",\"name\":\"JANELLE 1 (40g) - Huppa FI\",\"isPartOf\":{\"@id\":\"https:\/\/shop.huppa.eu\/fi\/#website\"},\"primaryImageOfPage\":{\"@id\":\"https:\/\/shop.huppa.eu\/fi\/product\/tyttojen-kevat-syksy-parka-janelle-1-40g\/#primaryimage\"},\"image\":{\"@id\":\"https:\/\/shop.huppa.eu\/fi\/product\/tyttojen-kevat-syksy-parka-janelle-1-40g\/#primaryimage\"},\"thumbnailUrl\":\"https:\/\/huppashop-prod.s3.eu-north-1.amazonaws.com\/wp-content\/uploads\/sites\/5\/2022\/03\/08043521\/12360104-14140-JANELLE1_f.jpg\",\"datePublished\":\"2025-05-10T05:31:36+00:00\",\"dateModified\":\"2026-04-16T03:07:07+00:00\",\"breadcrumb\":{\"@id\":\"https:\/\/shop.huppa.eu\/fi\/product\/tyttojen-kevat-syksy-parka-janelle-1-40g\/#breadcrumb\"},\"inLanguage\":\"fi\",\"potentialAction\":[{\"@type\":\"ReadAction\",\"target\":[\"https:\/\/shop.huppa.eu\/fi\/product\/tyttojen-kevat-syksy-parka-janelle-1-40g\/\"]}]},{\"@type\":\"ImageObject\",\"inLanguage\":\"fi\",\"@id\":\"https:\/\/shop.huppa.eu\/fi\/product\/tyttojen-kevat-syksy-parka-janelle-1-40g\/#primaryimage\",\"url\":\"https:\/\/huppashop-prod.s3.eu-north-1.amazonaws.com\/wp-content\/uploads\/sites\/5\/2022\/03\/08043521\/12360104-14140-JANELLE1_f.jpg\",\"contentUrl\":\"https:\/\/huppashop-prod.s3.eu-north-1.amazonaws.com\/wp-content\/uploads\/sites\/5\/2022\/03\/08043521\/12360104-14140-JANELLE1_f.jpg\",\"width\":1200,\"height\":1200},{\"@type\":\"BreadcrumbList\",\"@id\":\"https:\/\/shop.huppa.eu\/fi\/product\/tyttojen-kevat-syksy-parka-janelle-1-40g\/#breadcrumb\",\"itemListElement\":[{\"@type\":\"ListItem\",\"position\":1,\"name\":\"Shop\",\"item\":\"https:\/\/shop.huppa.eu\/fi\/shop\/\"},{\"@type\":\"ListItem\",\"position\":2,\"name\":\"JANELLE 1 (40g)\"}]},{\"@type\":\"WebSite\",\"@id\":\"https:\/\/shop.huppa.eu\/fi\/#website\",\"url\":\"https:\/\/shop.huppa.eu\/fi\/\",\"name\":\"Huppa FI\",\"description\":\"Huppa FI\",\"potentialAction\":[{\"@type\":\"SearchAction\",\"target\":{\"@type\":\"EntryPoint\",\"urlTemplate\":\"https:\/\/shop.huppa.eu\/fi\/?s={search_term_string}\"},\"query-input\":{\"@type\":\"PropertyValueSpecification\",\"valueRequired\":true,\"valueName\":\"search_term_string\"}}],\"inLanguage\":\"fi\"}]}<\/script>\n<!-- \/ Yoast SEO plugin. -->","yoast_head_json":{"title":"JANELLE 1 (40g) - Huppa FI","robots":{"index":"index","follow":"follow","max-snippet":"max-snippet:-1","max-image-preview":"max-image-preview:large","max-video-preview":"max-video-preview:-1"},"canonical":"https:\/\/shop.huppa.eu\/fi\/product\/tyttojen-kevat-syksy-parka-janelle-1-40g\/","og_locale":"fi_FI","og_type":"article","og_title":"JANELLE 1 (40g) - Huppa FI","og_description":"Modernilla leikkauksella, 40g eristetty parkatakki tyt\u00f6ille ja naisille, jota voi k\u00e4ytt\u00e4\u00e4 miellytt\u00e4v\u00e4n kev\u00e4t-syksyn siirtym\u00e4kauden aikana. Takissa on teipatut vedenpit\u00e4v\u00e4t hihansuut ja kaulus sek\u00e4 huppu ja olkasaumat. Takin vy\u00f6t\u00e4r\u00f6lle on lis\u00e4tty s\u00e4\u00e4dett\u00e4v\u00e4 kiristysnauha. Etupuolella on taskut, joissa voi s\u00e4ilytt\u00e4\u00e4 k\u00e4sineit\u00e4 tai muita tarvittavia esineit\u00e4. Parkatakissa on my\u00f6s sis\u00e4inen vetoketjullinen tasku, johon voit piilottaa puhelimen tai avaimet. [&hellip;]","og_url":"https:\/\/shop.huppa.eu\/fi\/product\/tyttojen-kevat-syksy-parka-janelle-1-40g\/","og_site_name":"Huppa FI","article_modified_time":"2026-04-16T03:07:07+00:00","og_image":[{"width":1200,"height":1200,"url":"https:\/\/huppashop-prod.s3.eu-north-1.amazonaws.com\/wp-content\/uploads\/sites\/5\/2022\/03\/08043521\/12360104-14140-JANELLE1_f.jpg","type":"image\/jpeg"}],"twitter_card":"summary_large_image","schema":{"@context":"https:\/\/schema.org","@graph":[{"@type":"WebPage","@id":"https:\/\/shop.huppa.eu\/fi\/product\/tyttojen-kevat-syksy-parka-janelle-1-40g\/","url":"https:\/\/shop.huppa.eu\/fi\/product\/tyttojen-kevat-syksy-parka-janelle-1-40g\/","name":"JANELLE 1 (40g) - Huppa FI","isPartOf":{"@id":"https:\/\/shop.huppa.eu\/fi\/#website"},"primaryImageOfPage":{"@id":"https:\/\/shop.huppa.eu\/fi\/product\/tyttojen-kevat-syksy-parka-janelle-1-40g\/#primaryimage"},"image":{"@id":"https:\/\/shop.huppa.eu\/fi\/product\/tyttojen-kevat-syksy-parka-janelle-1-40g\/#primaryimage"},"thumbnailUrl":"https:\/\/huppashop-prod.s3.eu-north-1.amazonaws.com\/wp-content\/uploads\/sites\/5\/2022\/03\/08043521\/12360104-14140-JANELLE1_f.jpg","datePublished":"2025-05-10T05:31:36+00:00","dateModified":"2026-04-16T03:07:07+00:00","breadcrumb":{"@id":"https:\/\/shop.huppa.eu\/fi\/product\/tyttojen-kevat-syksy-parka-janelle-1-40g\/#breadcrumb"},"inLanguage":"fi","potentialAction":[{"@type":"ReadAction","target":["https:\/\/shop.huppa.eu\/fi\/product\/tyttojen-kevat-syksy-parka-janelle-1-40g\/"]}]},{"@type":"ImageObject","inLanguage":"fi","@id":"https:\/\/shop.huppa.eu\/fi\/product\/tyttojen-kevat-syksy-parka-janelle-1-40g\/#primaryimage","url":"https:\/\/huppashop-prod.s3.eu-north-1.amazonaws.com\/wp-content\/uploads\/sites\/5\/2022\/03\/08043521\/12360104-14140-JANELLE1_f.jpg","contentUrl":"https:\/\/huppashop-prod.s3.eu-north-1.amazonaws.com\/wp-content\/uploads\/sites\/5\/2022\/03\/08043521\/12360104-14140-JANELLE1_f.jpg","width":1200,"height":1200},{"@type":"BreadcrumbList","@id":"https:\/\/shop.huppa.eu\/fi\/product\/tyttojen-kevat-syksy-parka-janelle-1-40g\/#breadcrumb","itemListElement":[{"@type":"ListItem","position":1,"name":"Shop","item":"https:\/\/shop.huppa.eu\/fi\/shop\/"},{"@type":"ListItem","position":2,"name":"JANELLE 1 (40g)"}]},{"@type":"WebSite","@id":"https:\/\/shop.huppa.eu\/fi\/#website","url":"https:\/\/shop.huppa.eu\/fi\/","name":"Huppa FI","description":"Huppa FI","potentialAction":[{"@type":"SearchAction","target":{"@type":"EntryPoint","urlTemplate":"https:\/\/shop.huppa.eu\/fi\/?s={search_term_string}"},"query-input":{"@type":"PropertyValueSpecification","valueRequired":true,"valueName":"search_term_string"}}],"inLanguage":"fi"}]}},"_links":{"self":[{"href":"https:\/\/shop.huppa.eu\/fi\/wp-json\/wp\/v2\/product\/558404","targetHints":{"allow":["GET"]}}],"collection":[{"href":"https:\/\/shop.huppa.eu\/fi\/wp-json\/wp\/v2\/product"}],"about":[{"href":"https:\/\/shop.huppa.eu\/fi\/wp-json\/wp\/v2\/types\/product"}],"wp:featuredmedia":[{"embeddable":true,"href":"https:\/\/shop.huppa.eu\/fi\/wp-json\/wp\/v2\/media\/478165"}],"wp:attachment":[{"href":"https:\/\/shop.huppa.eu\/fi\/wp-json\/wp\/v2\/media?parent=558404"}],"wp:term":[{"taxonomy":"product_brand","embeddable":true,"href":"https:\/\/shop.huppa.eu\/fi\/wp-json\/wp\/v2\/product_brand?post=558404"},{"taxonomy":"product_cat","embeddable":true,"href":"https:\/\/shop.huppa.eu\/fi\/wp-json\/wp\/v2\/product_cat?post=558404"},{"taxonomy":"product_tag","embeddable":true,"href":"https:\/\/shop.huppa.eu\/fi\/wp-json\/wp\/v2\/product_tag?post=558404"}],"curies":[{"name":"wp","href":"https:\/\/api.w.org\/{rel}","templated":true}]}}