{"id":348,"date":"2022-02-09T15:37:05","date_gmt":"2022-02-09T15:37:05","guid":{"rendered":"https:\/\/shop.huppa.eu\/lt\/?page_id=348"},"modified":"2025-03-05T12:30:59","modified_gmt":"2025-03-05T10:30:59","slug":"partneriai","status":"publish","type":"page","link":"https:\/\/shop.huppa.eu\/lt\/partneriai\/","title":{"rendered":"PARTNERIAI"},"content":{"rendered":"\n<h1 class=\"wp-block-heading\" id=\"poed-ja-edasimuujad\">PARTNERIAI<\/h1>\n\n\n\n<h2 class=\"wp-block-heading has-text-align-center has-black-color has-white-background-color has-text-color has-background has-medium-font-size\" id=\"tallinn\">INTERNETU<\/h2>\n\n\n\n<div class=\"wp-block-columns is-layout-flex wp-container-core-columns-is-layout-9d6595d7 wp-block-columns-is-layout-flex\">\n<div class=\"wp-block-column is-layout-flow wp-block-column-is-layout-flow\">\n<p><strong>Penkisezonai.lt<\/strong><a href=\"https:\/\/penkisezonai.lt\/lt-lt\/product\/search?search=huppa\"> <\/a><\/p>\n\n\n\n<p><a href=\"https:\/\/penkisezonai.lt\/lt-lt\/product\/search?search=huppa\">https:\/\/penkisezo<\/a><a href=\"https:\/\/penkisezonai.lt\/lt-lt\/product\/search?search=huppa\" target=\"_blank\" rel=\"noreferrer noopener\">nai.lt<\/a><\/p>\n<\/div>\n\n\n\n<div class=\"wp-block-column is-layout-flow wp-block-column-is-layout-flow\">\n<p><strong>TapTap.lt<\/strong><\/p>\n\n\n\n<p><a href=\"https:\/\/taptap.lt\/index.php?route=product\/search&amp;filter_name=huppa\" target=\"_blank\" rel=\"noreferrer noopener\">https:\/\/<\/a><a href=\"https:\/\/taptap.lt\/\">taptap.lt<\/a><\/p>\n<\/div>\n\n\n\n<div class=\"wp-block-column is-layout-flow wp-block-column-is-layout-flow\">\n<p><strong>Sport4u.lt<\/strong><\/p>\n\n\n\n<p><a href=\"https:\/\/www.sport4u.lt\">https:\/\/www.sport4u.lt<\/a><\/p>\n<\/div>\n\n\n\n<div class=\"wp-block-column is-layout-flow wp-block-column-is-layout-flow\">\n<p><strong>Vaikubaze.lt<\/strong><\/p>\n\n\n\n<p><a href=\"https:\/\/www.vaikubaze.lt\/\">https:\/\/www.vaikubaze.lt\/<\/a><\/p>\n<\/div>\n<\/div>\n\n\n\n<div style=\"height:35px\" aria-hidden=\"true\" class=\"wp-block-spacer\"><\/div>\n\n\n\n<div class=\"wp-block-columns is-layout-flex wp-container-core-columns-is-layout-9d6595d7 wp-block-columns-is-layout-flex\">\n<div class=\"wp-block-column is-layout-flow wp-block-column-is-layout-flow\">\n<p><strong>Hiatus.lt<\/strong><\/p>\n\n\n\n<p><a href=\"https:\/\/hiatus.lt\/\">https:\/\/hiatus.lt\/<\/a><\/p>\n<\/div>\n\n\n\n<div class=\"wp-block-column is-layout-flow wp-block-column-is-layout-flow\">\n<p><strong>BabyCity.lt<\/strong> <\/p>\n\n\n\n<p><a href=\"https:\/\/www.babycity.lt\/lt\/\">https:\/\/www.babycity.lt\/lt\/<\/a><\/p>\n<\/div>\n\n\n\n<div class=\"wp-block-column is-layout-flow wp-block-column-is-layout-flow\">\n<p><strong>Nojurt\u0117.lt<\/strong><\/p>\n\n\n\n<p><a href=\"https:\/\/www.nojurte.lt\/\">https:\/\/www.nojurte.lt\/<\/a><\/p>\n<\/div>\n\n\n\n<div class=\"wp-block-column is-layout-flow wp-block-column-is-layout-flow\">\n<p><strong>Vaikutis.lt<\/strong> <\/p>\n\n\n\n<p><a href=\"https:\/\/vaikutis.lt\/\">https:\/\/vaikutis.lt\/<\/a><\/p>\n<\/div>\n<\/div>\n\n\n\n<div class=\"wp-block-columns is-layout-flex wp-container-core-columns-is-layout-9d6595d7 wp-block-columns-is-layout-flex\">\n<div class=\"wp-block-column is-layout-flow wp-block-column-is-layout-flow\"><\/div>\n\n\n\n<div class=\"wp-block-column is-layout-flow wp-block-column-is-layout-flow\"><\/div>\n<\/div>\n\n\n\n<div style=\"height:35px\" aria-hidden=\"true\" class=\"wp-block-spacer\"><\/div>\n\n\n\n<hr class=\"wp-block-separator has-text-color has-cyan-bluish-gray-color has-alpha-channel-opacity has-cyan-bluish-gray-background-color has-background\" \/>\n\n\n\n<h2 class=\"wp-block-heading has-text-align-center has-black-color has-white-background-color has-text-color has-background has-medium-font-size\" id=\"tallinn\">VILNIUS<\/h2>\n\n\n\n<div class=\"wp-block-columns is-layout-flex wp-container-core-columns-is-layout-9d6595d7 wp-block-columns-is-layout-flex\">\n<div class=\"wp-block-column is-layout-flow wp-block-column-is-layout-flow\">\n<p><strong>Penki Sezonai&nbsp;<\/strong><\/p>\n\n\n\n<p>Sausio 13-osios g. 2, 04343 Vilnius<\/p>\n<\/div>\n\n\n\n<div class=\"wp-block-column is-layout-flow wp-block-column-is-layout-flow\">\n<p><strong>Hiatus<\/strong> <\/p>\n\n\n\n<p>Konstitucijos pr. 7A, LT-09308 Vilnius<\/p>\n<\/div>\n\n\n\n<div class=\"wp-block-column is-layout-flow wp-block-column-is-layout-flow\">\n<p><strong>Hiatus<\/strong><br>Verki\u0173 g. 31C, LT-09108 Vilnius<\/p>\n<\/div>\n\n\n\n<div class=\"wp-block-column is-layout-flow wp-block-column-is-layout-flow\">\n<p><strong>Hiatus<\/strong><br>PPC Ozas, Ozo g. 18, Vilnius<\/p>\n<\/div>\n<\/div>\n\n\n\n<div style=\"height:35px\" aria-hidden=\"true\" class=\"wp-block-spacer\"><\/div>\n\n\n\n<div class=\"wp-block-columns is-layout-flex wp-container-core-columns-is-layout-9d6595d7 wp-block-columns-is-layout-flex\">\n<div class=\"wp-block-column is-layout-flow wp-block-column-is-layout-flow\">\n<p><\/p>\n<\/div>\n\n\n\n<div class=\"wp-block-column is-layout-flow wp-block-column-is-layout-flow\">\n<p><strong>KidZone<\/strong><br>p\/c\u201dPanorama\u201d , Saltoni\u0161ki\u0173 st. 9, Vilnius<\/p>\n<\/div>\n\n\n\n<div class=\"wp-block-column is-layout-flow wp-block-column-is-layout-flow\">\n<p><strong>BabyCity<\/strong><\/p>\n\n\n\n<p>Verki\u0173 g. 29F Vilnius, Lietuva<br><\/p>\n<\/div>\n\n\n\n<div class=\"wp-block-column is-layout-flow wp-block-column-is-layout-flow\">\n<p><\/p>\n<\/div>\n<\/div>\n\n\n\n<div style=\"height:35px\" aria-hidden=\"true\" class=\"wp-block-spacer\"><\/div>\n\n\n\n<hr class=\"wp-block-separator has-text-color has-cyan-bluish-gray-color has-alpha-channel-opacity has-cyan-bluish-gray-background-color has-background\" \/>\n\n\n\n<h2 class=\"wp-block-heading has-text-align-center has-black-color has-white-background-color has-text-color has-background has-medium-font-size\" id=\"tallinn\">KAUNAS<\/h2>\n\n\n\n<div class=\"wp-block-columns is-layout-flex wp-container-core-columns-is-layout-9d6595d7 wp-block-columns-is-layout-flex\">\n<div class=\"wp-block-column is-layout-flow wp-block-column-is-layout-flow\">\n<p><strong>Hiatus<\/strong><br>p\/c \u201cMega\u201d, Islandijos pl. 32, Kaunas<\/p>\n<\/div>\n\n\n\n<div class=\"wp-block-column is-layout-flow wp-block-column-is-layout-flow\">\n<p><strong>KidZone<\/strong><br>p\/c \u201cMega\u201d, Islandijos st. 32, Kaunas<\/p>\n<\/div>\n\n\n\n<div class=\"wp-block-column is-layout-flow wp-block-column-is-layout-flow\">\n<p><strong>KidZone<\/strong><br>p\/c \u201cAkropolis\u201d , Karaliaus Mindaugo ave. 49, Kaunas<\/p>\n<\/div>\n\n\n\n<div class=\"wp-block-column is-layout-flow wp-block-column-is-layout-flow\">\n<p id=\"amadeo-1\"><\/p>\n<\/div>\n<\/div>\n\n\n\n<div style=\"height:35px\" aria-hidden=\"true\" class=\"wp-block-spacer\"><\/div>\n\n\n\n<hr class=\"wp-block-separator has-text-color has-cyan-bluish-gray-color has-alpha-channel-opacity has-cyan-bluish-gray-background-color has-background\" \/>\n\n\n\n<h2 class=\"wp-block-heading has-text-align-center has-black-color has-white-background-color has-text-color has-background has-medium-font-size\" id=\"narva\">KLAIP\u0116DA<\/h2>\n\n\n\n<div class=\"wp-block-columns is-layout-flex wp-container-core-columns-is-layout-9d6595d7 wp-block-columns-is-layout-flex\">\n<div class=\"wp-block-column is-layout-flow wp-block-column-is-layout-flow\">\n<p><strong>Hiatus<\/strong><br>PPC AKROPOLIS, Taikos pr. 61, Klaip\u0117da<\/p>\n<\/div>\n\n\n\n<div class=\"wp-block-column is-layout-flow wp-block-column-is-layout-flow\">\n<p><strong>KidZone<\/strong><br>p\/c \u201cAkropolis\u201d, Taikos av. 61,Klaip\u0117da<\/p>\n<\/div>\n\n\n\n<div class=\"wp-block-column is-layout-flow wp-block-column-is-layout-flow\">\n<p><strong>Vaikubaze.lt<br><\/strong>Taikos pr. 17, Klaip\u0117da<\/p>\n<\/div>\n\n\n\n<div class=\"wp-block-column is-layout-flow wp-block-column-is-layout-flow\">\n<p><strong>Nojurt\u0117 <\/strong><\/p>\n\n\n\n<p>H. Manto g. 19, Klaip\u0117da.<\/p>\n\n\n\n<p>+370 646 35 413<\/p>\n<\/div>\n<\/div>\n\n\n\n<div class=\"wp-block-group\"><div class=\"wp-block-group__inner-container is-layout-constrained wp-block-group-is-layout-constrained\">\n<div style=\"height:35px\" aria-hidden=\"true\" class=\"wp-block-spacer\"><\/div>\n<\/div><\/div>\n\n\n\n<hr class=\"wp-block-separator has-text-color has-cyan-bluish-gray-color has-alpha-channel-opacity has-cyan-bluish-gray-background-color has-background\" \/>\n\n\n\n<h2 class=\"wp-block-heading has-text-align-center has-black-color has-white-background-color has-text-color has-background has-medium-font-size\" id=\"tallinn\">\u0160IAULIAI<\/h2>\n\n\n\n<div class=\"wp-block-columns is-layout-flex wp-container-core-columns-is-layout-9d6595d7 wp-block-columns-is-layout-flex\">\n<div class=\"wp-block-column is-layout-flow wp-block-column-is-layout-flow\">\n<p><strong>Mama +<br><\/strong>A. Mickevi\u010diaus g. 2A, \u0160iauliai<\/p>\n<\/div>\n\n\n\n<div class=\"wp-block-column is-layout-flow wp-block-column-is-layout-flow\">\n<p><\/p>\n<\/div>\n\n\n\n<div class=\"wp-block-column is-layout-flow wp-block-column-is-layout-flow\">\n<p><\/p>\n<\/div>\n\n\n\n<div class=\"wp-block-column is-layout-flow wp-block-column-is-layout-flow\">\n<p><\/p>\n\n\n\n<p><\/p>\n\n\n\n<p><\/p>\n<\/div>\n<\/div>\n\n\n\n<div style=\"height:35px\" aria-hidden=\"true\" class=\"wp-block-spacer\"><\/div>\n\n\n\n<hr class=\"wp-block-separator has-text-color has-cyan-bluish-gray-color has-alpha-channel-opacity has-cyan-bluish-gray-background-color has-background\" \/>\n\n\n\n<h2 class=\"wp-block-heading has-text-align-center has-black-color has-white-background-color has-text-color has-background has-medium-font-size\" id=\"tallinn\">PANEV\u0116\u017dYS<\/h2>\n\n\n\n<div class=\"wp-block-columns is-layout-flex wp-container-core-columns-is-layout-9d6595d7 wp-block-columns-is-layout-flex\">\n<div class=\"wp-block-column is-layout-flow wp-block-column-is-layout-flow\">\n<p><strong>KidZone<\/strong><br>p\/c\u201dRYO\u201d , Saviti\u0161kio st. 61, Panev\u0117\u017eys<\/p>\n<\/div>\n\n\n\n<div class=\"wp-block-column is-layout-flow wp-block-column-is-layout-flow\">\n<p><strong>Vaikutis<\/strong><\/p>\n\n\n\n<p>Molaini\u0173 g. 5, Panev\u0117\u017eys<\/p>\n<\/div>\n\n\n\n<div class=\"wp-block-column is-layout-flow wp-block-column-is-layout-flow\">\n<p><strong>Hiatus<\/strong><\/p>\n\n\n\n<p>Klaip\u0117dos g. 143A, Panev\u0117\u017eys<\/p>\n<\/div>\n\n\n\n<div class=\"wp-block-column is-layout-flow wp-block-column-is-layout-flow\"><\/div>\n<\/div>\n\n\n\n<div class=\"wp-block-columns is-layout-flex wp-container-core-columns-is-layout-9d6595d7 wp-block-columns-is-layout-flex\">\n<div class=\"wp-block-column is-layout-flow wp-block-column-is-layout-flow\">\n<p><strong><br><\/strong><\/p>\n<\/div>\n\n\n\n<div class=\"wp-block-column is-layout-flow wp-block-column-is-layout-flow\"><\/div>\n\n\n\n<div class=\"wp-block-column is-layout-flow wp-block-column-is-layout-flow\"><\/div>\n\n\n\n<div class=\"wp-block-column is-layout-flow wp-block-column-is-layout-flow\"><\/div>\n<\/div>\n\n\n\n<hr class=\"wp-block-separator has-text-color has-cyan-bluish-gray-color has-alpha-channel-opacity has-cyan-bluish-gray-background-color has-background\" \/>\n\n\n\n<h2 class=\"wp-block-heading has-text-align-center has-black-color has-white-background-color has-text-color has-background has-medium-font-size\" id=\"tallinn\">palanga<\/h2>\n\n\n\n<div class=\"wp-block-columns is-layout-flex wp-container-core-columns-is-layout-9d6595d7 wp-block-columns-is-layout-flex\">\n<div class=\"wp-block-column is-layout-flow wp-block-column-is-layout-flow\">\n<p><strong>Nojurt\u0117 <\/strong><\/p>\n\n\n\n<p>Senojo turgaus g. 8, Palanga.&nbsp;<\/p>\n\n\n\n<p>+370 672 89 401<\/p>\n<\/div>\n\n\n\n<div class=\"wp-block-column is-layout-flow wp-block-column-is-layout-flow\">\n<p><strong>Nojurt\u0117 <\/strong><\/p>\n\n\n\n<p>J\u016brat\u0117s g. 42, Palanga.<\/p>\n\n\n\n<p>+370 602 36 088<\/p>\n<\/div>\n\n\n\n<div class=\"wp-block-column is-layout-flow wp-block-column-is-layout-flow\">\n<div class=\"wp-block-columns is-layout-flex wp-container-core-columns-is-layout-9d6595d7 wp-block-columns-is-layout-flex\">\n<div class=\"wp-block-column is-layout-flow wp-block-column-is-layout-flow\">\n<div class=\"wp-block-columns is-layout-flex wp-container-core-columns-is-layout-9d6595d7 wp-block-columns-is-layout-flex\">\n<div class=\"wp-block-column is-layout-flow wp-block-column-is-layout-flow\"><\/div>\n<\/div>\n<\/div>\n<\/div>\n<\/div>\n\n\n\n<div class=\"wp-block-column is-layout-flow wp-block-column-is-layout-flow\"><\/div>\n\n\n\n<div class=\"wp-block-column is-layout-flow wp-block-column-is-layout-flow\"><\/div>\n<\/div>\n","protected":false},"excerpt":{"rendered":"<p>PARTNERIAI INTERNETU Penkisezonai.lt https:\/\/penkisezonai.lt TapTap.lt https:\/\/taptap.lt Sport4u.lt https:\/\/www.sport4u.lt Vaikubaze.lt https:\/\/www.vaikubaze.lt\/ Hiatus.lt https:\/\/hiatus.lt\/ BabyCity.lt https:\/\/www.babycity.lt\/lt\/ Nojurt\u0117.lt https:\/\/www.nojurte.lt\/ Vaikutis.lt https:\/\/vaikutis.lt\/ VILNIUS Penki Sezonai&nbsp; Sausio 13-osios g. 2, 04343 Vilnius Hiatus Konstitucijos pr. 7A, LT-09308 Vilnius HiatusVerki\u0173 g. 31C, LT-09108 Vilnius HiatusPPC Ozas, Ozo g. 18, Vilnius KidZonep\/c\u201dPanorama\u201d , Saltoni\u0161ki\u0173 st. 9, Vilnius BabyCity Verki\u0173 g. 29F Vilnius, [&hellip;]<\/p>\n","protected":false},"author":2,"featured_media":0,"parent":0,"menu_order":0,"comment_status":"closed","ping_status":"closed","template":"","meta":{"_acf_changed":false,"footnotes":""},"class_list":["post-348","page","type-page","status-publish","hentry"],"acf":[],"yoast_head":"<!-- This site is optimized with the Yoast SEO plugin v26.8 - https:\/\/yoast.com\/product\/yoast-seo-wordpress\/ -->\n<title>Huppa partneriai Lietuvoje<\/title>\n<meta name=\"description\" content=\"Atraskite Huppa vir\u0161utinius drabu\u017eius moterims, vyrams ir vaikams. Susipa\u017einkite su m\u016bs\u0173 partneriais ir suraskite artimiausi\u0105 parduotuv\u0119 arba \u012fsigykite vos keliais mygtuko paspaudimais nei\u0161\u0117j\u0119 i\u0161 nam\u0173 m\u016bs\u0173 elektronin\u0117je parduotuv\u0117je.\" \/>\n<meta name=\"robots\" content=\"index, follow, max-snippet:-1, max-image-preview:large, max-video-preview:-1\" \/>\n<link rel=\"canonical\" href=\"https:\/\/shop.huppa.eu\/lt\/partneriai\/\" \/>\n<meta property=\"og:locale\" content=\"lt_LT\" \/>\n<meta property=\"og:type\" content=\"article\" \/>\n<meta property=\"og:title\" content=\"Huppa partneriai Lietuvoje\" \/>\n<meta property=\"og:description\" content=\"Atraskite Huppa vir\u0161utinius drabu\u017eius moterims, vyrams ir vaikams. Susipa\u017einkite su m\u016bs\u0173 partneriais ir suraskite artimiausi\u0105 parduotuv\u0119 arba \u012fsigykite vos keliais mygtuko paspaudimais nei\u0161\u0117j\u0119 i\u0161 nam\u0173 m\u016bs\u0173 elektronin\u0117je parduotuv\u0117je.\" \/>\n<meta property=\"og:url\" content=\"https:\/\/shop.huppa.eu\/lt\/partneriai\/\" \/>\n<meta property=\"og:site_name\" content=\"Huppa LT\" \/>\n<meta property=\"article:modified_time\" content=\"2025-03-05T10:30:59+00:00\" \/>\n<meta name=\"twitter:card\" content=\"summary_large_image\" \/>\n<meta name=\"twitter:label1\" content=\"Est. reading time\" \/>\n\t<meta name=\"twitter:data1\" content=\"1 minut\u0117\" \/>\n<script type=\"application\/ld+json\" class=\"yoast-schema-graph\">{\"@context\":\"https:\/\/schema.org\",\"@graph\":[{\"@type\":\"WebPage\",\"@id\":\"https:\/\/shop.huppa.eu\/lt\/partneriai\/\",\"url\":\"https:\/\/shop.huppa.eu\/lt\/partneriai\/\",\"name\":\"Huppa partneriai Lietuvoje\",\"isPartOf\":{\"@id\":\"https:\/\/shop.huppa.eu\/lt\/#website\"},\"datePublished\":\"2022-02-09T15:37:05+00:00\",\"dateModified\":\"2025-03-05T10:30:59+00:00\",\"description\":\"Atraskite Huppa vir\u0161utinius drabu\u017eius moterims, vyrams ir vaikams. Susipa\u017einkite su m\u016bs\u0173 partneriais ir suraskite artimiausi\u0105 parduotuv\u0119 arba \u012fsigykite vos keliais mygtuko paspaudimais nei\u0161\u0117j\u0119 i\u0161 nam\u0173 m\u016bs\u0173 elektronin\u0117je parduotuv\u0117je.\",\"inLanguage\":\"lt-LT\",\"potentialAction\":[{\"@type\":\"ReadAction\",\"target\":[\"https:\/\/shop.huppa.eu\/lt\/partneriai\/\"]}]},{\"@type\":\"WebSite\",\"@id\":\"https:\/\/shop.huppa.eu\/lt\/#website\",\"url\":\"https:\/\/shop.huppa.eu\/lt\/\",\"name\":\"Huppa LT\",\"description\":\"Huppa LT\",\"potentialAction\":[{\"@type\":\"SearchAction\",\"target\":{\"@type\":\"EntryPoint\",\"urlTemplate\":\"https:\/\/shop.huppa.eu\/lt\/?s={search_term_string}\"},\"query-input\":{\"@type\":\"PropertyValueSpecification\",\"valueRequired\":true,\"valueName\":\"search_term_string\"}}],\"inLanguage\":\"lt-LT\"}]}<\/script>\n<!-- \/ Yoast SEO plugin. -->","yoast_head_json":{"title":"Huppa partneriai Lietuvoje","description":"Atraskite Huppa vir\u0161utinius drabu\u017eius moterims, vyrams ir vaikams. Susipa\u017einkite su m\u016bs\u0173 partneriais ir suraskite artimiausi\u0105 parduotuv\u0119 arba \u012fsigykite vos keliais mygtuko paspaudimais nei\u0161\u0117j\u0119 i\u0161 nam\u0173 m\u016bs\u0173 elektronin\u0117je parduotuv\u0117je.","robots":{"index":"index","follow":"follow","max-snippet":"max-snippet:-1","max-image-preview":"max-image-preview:large","max-video-preview":"max-video-preview:-1"},"canonical":"https:\/\/shop.huppa.eu\/lt\/partneriai\/","og_locale":"lt_LT","og_type":"article","og_title":"Huppa partneriai Lietuvoje","og_description":"Atraskite Huppa vir\u0161utinius drabu\u017eius moterims, vyrams ir vaikams. Susipa\u017einkite su m\u016bs\u0173 partneriais ir suraskite artimiausi\u0105 parduotuv\u0119 arba \u012fsigykite vos keliais mygtuko paspaudimais nei\u0161\u0117j\u0119 i\u0161 nam\u0173 m\u016bs\u0173 elektronin\u0117je parduotuv\u0117je.","og_url":"https:\/\/shop.huppa.eu\/lt\/partneriai\/","og_site_name":"Huppa LT","article_modified_time":"2025-03-05T10:30:59+00:00","twitter_card":"summary_large_image","twitter_misc":{"Est. reading time":"1 minut\u0117"},"schema":{"@context":"https:\/\/schema.org","@graph":[{"@type":"WebPage","@id":"https:\/\/shop.huppa.eu\/lt\/partneriai\/","url":"https:\/\/shop.huppa.eu\/lt\/partneriai\/","name":"Huppa partneriai Lietuvoje","isPartOf":{"@id":"https:\/\/shop.huppa.eu\/lt\/#website"},"datePublished":"2022-02-09T15:37:05+00:00","dateModified":"2025-03-05T10:30:59+00:00","description":"Atraskite Huppa vir\u0161utinius drabu\u017eius moterims, vyrams ir vaikams. Susipa\u017einkite su m\u016bs\u0173 partneriais ir suraskite artimiausi\u0105 parduotuv\u0119 arba \u012fsigykite vos keliais mygtuko paspaudimais nei\u0161\u0117j\u0119 i\u0161 nam\u0173 m\u016bs\u0173 elektronin\u0117je parduotuv\u0117je.","inLanguage":"lt-LT","potentialAction":[{"@type":"ReadAction","target":["https:\/\/shop.huppa.eu\/lt\/partneriai\/"]}]},{"@type":"WebSite","@id":"https:\/\/shop.huppa.eu\/lt\/#website","url":"https:\/\/shop.huppa.eu\/lt\/","name":"Huppa LT","description":"Huppa LT","potentialAction":[{"@type":"SearchAction","target":{"@type":"EntryPoint","urlTemplate":"https:\/\/shop.huppa.eu\/lt\/?s={search_term_string}"},"query-input":{"@type":"PropertyValueSpecification","valueRequired":true,"valueName":"search_term_string"}}],"inLanguage":"lt-LT"}]}},"_links":{"self":[{"href":"https:\/\/shop.huppa.eu\/lt\/wp-json\/wp\/v2\/pages\/348","targetHints":{"allow":["GET"]}}],"collection":[{"href":"https:\/\/shop.huppa.eu\/lt\/wp-json\/wp\/v2\/pages"}],"about":[{"href":"https:\/\/shop.huppa.eu\/lt\/wp-json\/wp\/v2\/types\/page"}],"author":[{"embeddable":true,"href":"https:\/\/shop.huppa.eu\/lt\/wp-json\/wp\/v2\/users\/2"}],"replies":[{"embeddable":true,"href":"https:\/\/shop.huppa.eu\/lt\/wp-json\/wp\/v2\/comments?post=348"}],"version-history":[{"count":46,"href":"https:\/\/shop.huppa.eu\/lt\/wp-json\/wp\/v2\/pages\/348\/revisions"}],"predecessor-version":[{"id":509879,"href":"https:\/\/shop.huppa.eu\/lt\/wp-json\/wp\/v2\/pages\/348\/revisions\/509879"}],"wp:attachment":[{"href":"https:\/\/shop.huppa.eu\/lt\/wp-json\/wp\/v2\/media?parent=348"}],"curies":[{"name":"wp","href":"https:\/\/api.w.org\/{rel}","templated":true}]}}