{"id":493752,"date":"2023-05-10T10:54:26","date_gmt":"2023-05-10T08:54:26","guid":{"rendered":"https:\/\/shop.huppa.eu\/lt\/?page_id=493752"},"modified":"2024-02-22T11:54:22","modified_gmt":"2024-02-22T09:54:22","slug":"sertifikatai","status":"publish","type":"page","link":"https:\/\/shop.huppa.eu\/lt\/sertifikatai\/","title":{"rendered":"SERTIFIKATAI"},"content":{"rendered":"\n<h2 class=\"wp-block-heading\" id=\"kes-me-oleme\">HUPPA SERTIFIKATAI<\/h2>\n\n\n\n<div class=\"wp-block-media-text alignwide is-stacked-on-mobile\" style=\"grid-template-columns:22% auto\"><figure class=\"wp-block-media-text__media\"><img loading=\"lazy\" decoding=\"async\" width=\"356\" height=\"139\" src=\"https:\/\/huppashop-prod.s3.eu-north-1.amazonaws.com\/wp-content\/uploads\/sites\/5\/2023\/05\/10105520\/amfori-logo-blue-01.jpg\" alt=\"\" class=\"wp-image-493755 size-full\" srcset=\"https:\/\/huppashop-prod.s3.eu-north-1.amazonaws.com\/wp-content\/uploads\/sites\/5\/2023\/05\/10105520\/amfori-logo-blue-01.jpg 356w, https:\/\/huppashop-prod.s3.eu-north-1.amazonaws.com\/wp-content\/uploads\/sites\/5\/2023\/05\/10105520\/amfori-logo-blue-01-300x117.jpg 300w, https:\/\/huppashop-prod.s3.eu-north-1.amazonaws.com\/wp-content\/uploads\/sites\/5\/2023\/05\/10105520\/amfori-logo-blue-01-100x39.jpg 100w, https:\/\/huppashop-prod.s3.eu-north-1.amazonaws.com\/wp-content\/uploads\/sites\/5\/2023\/05\/10105520\/amfori-logo-blue-01-178x70.jpg 178w\" sizes=\"auto, (max-width: 356px) 100vw, 356px\" \/><\/figure><div class=\"wp-block-media-text__content\">\n<h5 class=\"wp-block-heading\" id=\"pikaajalised-kogemused\">Amfori<\/h5>\n\n\n\n<p>\u012emon\u0117s, kurios patvirtina BSCI elgesio kodeks\u0105 ir integruoja j\u012f \u012f savo verslo kult\u016br\u0105 ir veikl\u0105, \u012fsipareigoja laikytis tam tikr\u0173 vertybi\u0173 (nuolatinio tobul\u0117jimo, bendradarbiavimo ir \u012fgaliojim\u0173 suteikimo) ir pagarbos darbuotoj\u0173 teis\u0117ms princip\u0173.<\/p>\n\n\n\n<div class=\"wp-block-buttons is-layout-flex wp-block-buttons-is-layout-flex\">\n<div class=\"wp-block-button has-custom-width wp-block-button__width-25 has-custom-font-size is-style-outline has-small-font-size is-style-outline--1\"><a class=\"wp-block-button__link wp-element-button\" href=\"https:\/\/www.amfori.org\/\" style=\"border-radius:0px\" target=\"_blank\" rel=\"noreferrer noopener\">Skaitykite daugiau<\/a><\/div>\n<\/div>\n<\/div><\/div>\n\n\n\n<div style=\"height:60px\" aria-hidden=\"true\" class=\"wp-block-spacer\"><\/div>\n\n\n\n<div class=\"wp-block-media-text alignwide is-stacked-on-mobile\" style=\"grid-template-columns:22% auto\"><figure class=\"wp-block-media-text__media\"><img loading=\"lazy\" decoding=\"async\" width=\"866\" height=\"650\" src=\"https:\/\/huppashop-prod.s3.eu-north-1.amazonaws.com\/wp-content\/uploads\/sites\/5\/2023\/05\/10105528\/global-recycled-standard6644.jpg\" alt=\"\" class=\"wp-image-493760 size-full\" srcset=\"https:\/\/huppashop-prod.s3.eu-north-1.amazonaws.com\/wp-content\/uploads\/sites\/5\/2023\/05\/10105528\/global-recycled-standard6644.jpg 866w, https:\/\/huppashop-prod.s3.eu-north-1.amazonaws.com\/wp-content\/uploads\/sites\/5\/2023\/05\/10105528\/global-recycled-standard6644-300x225.jpg 300w, https:\/\/huppashop-prod.s3.eu-north-1.amazonaws.com\/wp-content\/uploads\/sites\/5\/2023\/05\/10105528\/global-recycled-standard6644-768x576.jpg 768w, https:\/\/huppashop-prod.s3.eu-north-1.amazonaws.com\/wp-content\/uploads\/sites\/5\/2023\/05\/10105528\/global-recycled-standard6644-560x420.jpg 560w, https:\/\/huppashop-prod.s3.eu-north-1.amazonaws.com\/wp-content\/uploads\/sites\/5\/2023\/05\/10105528\/global-recycled-standard6644-700x525.jpg 700w, https:\/\/huppashop-prod.s3.eu-north-1.amazonaws.com\/wp-content\/uploads\/sites\/5\/2023\/05\/10105528\/global-recycled-standard6644-766x575.jpg 766w, https:\/\/huppashop-prod.s3.eu-north-1.amazonaws.com\/wp-content\/uploads\/sites\/5\/2023\/05\/10105528\/global-recycled-standard6644-450x338.jpg 450w, https:\/\/huppashop-prod.s3.eu-north-1.amazonaws.com\/wp-content\/uploads\/sites\/5\/2023\/05\/10105528\/global-recycled-standard6644-420x315.jpg 420w, https:\/\/huppashop-prod.s3.eu-north-1.amazonaws.com\/wp-content\/uploads\/sites\/5\/2023\/05\/10105528\/global-recycled-standard6644-100x75.jpg 100w, https:\/\/huppashop-prod.s3.eu-north-1.amazonaws.com\/wp-content\/uploads\/sites\/5\/2023\/05\/10105528\/global-recycled-standard6644-632x474.jpg 632w, https:\/\/huppashop-prod.s3.eu-north-1.amazonaws.com\/wp-content\/uploads\/sites\/5\/2023\/05\/10105528\/global-recycled-standard6644-600x450.jpg 600w, https:\/\/huppashop-prod.s3.eu-north-1.amazonaws.com\/wp-content\/uploads\/sites\/5\/2023\/05\/10105528\/global-recycled-standard6644-178x134.jpg 178w\" sizes=\"auto, (max-width: 866px) 100vw, 866px\" \/><\/figure><div class=\"wp-block-media-text__content\">\n<h5 class=\"wp-block-heading\" id=\"pikaajalised-kogemused\">Global recycled standard<\/h5>\n\n\n\n<p>RCS ir GRS standartai skirti perdirbt\u0173 med\u017eiag\u0173 naudojimui skatinti. \u201eGlobal Recycled Standard\u201c (GRS) standartas yra tarptautinis, savanori\u0161kas, visapusi\u0161kas gamini\u0173 standartas, kuriame nustatyti tre\u010diosios \u0161alies perdirbt\u0173 med\u017eiag\u0173 sertifikavimo reikalavimai, gamybos grandin\u0117s, socialin\u0117s ir aplinkosaugos praktikos bei chemini\u0173 med\u017eiag\u0173 apribojimai. GRS tikslas \u2013 didinti perdirbt\u0173 med\u017eiag\u0173 naudojim\u0105 gaminiuose ir ma\u017einti ir (arba) \u0161alinti j\u0173 gamybos metu atsirandan\u010di\u0105 \u017eal\u0105.<\/p>\n\n\n\n<div class=\"wp-block-buttons is-layout-flex wp-block-buttons-is-layout-flex\">\n<div class=\"wp-block-button has-custom-width wp-block-button__width-25 has-custom-font-size is-style-outline has-small-font-size is-style-outline--2\"><a class=\"wp-block-button__link wp-element-button\" href=\"https:\/\/textileexchange.org\/recycled-claim-global-recycled-standard\/\" style=\"border-radius:0px\" target=\"_blank\" rel=\"noreferrer noopener\">Skaitykite daugiau<\/a><\/div>\n<\/div>\n<\/div><\/div>\n\n\n\n<div style=\"height:60px\" aria-hidden=\"true\" class=\"wp-block-spacer\"><\/div>\n\n\n\n<div class=\"wp-block-media-text alignwide is-stacked-on-mobile\" style=\"grid-template-columns:22% auto\"><figure class=\"wp-block-media-text__media\"><img loading=\"lazy\" decoding=\"async\" width=\"900\" height=\"500\" src=\"https:\/\/huppashop-prod.s3.eu-north-1.amazonaws.com\/wp-content\/uploads\/sites\/5\/2023\/05\/10105523\/bluesign-system-partners-logo-vector.png\" alt=\"\" class=\"wp-image-493758 size-full\" srcset=\"https:\/\/huppashop-prod.s3.eu-north-1.amazonaws.com\/wp-content\/uploads\/sites\/5\/2023\/05\/10105523\/bluesign-system-partners-logo-vector.png 900w, https:\/\/huppashop-prod.s3.eu-north-1.amazonaws.com\/wp-content\/uploads\/sites\/5\/2023\/05\/10105523\/bluesign-system-partners-logo-vector-300x167.png 300w, https:\/\/huppashop-prod.s3.eu-north-1.amazonaws.com\/wp-content\/uploads\/sites\/5\/2023\/05\/10105523\/bluesign-system-partners-logo-vector-768x427.png 768w, https:\/\/huppashop-prod.s3.eu-north-1.amazonaws.com\/wp-content\/uploads\/sites\/5\/2023\/05\/10105523\/bluesign-system-partners-logo-vector-560x311.png 560w, https:\/\/huppashop-prod.s3.eu-north-1.amazonaws.com\/wp-content\/uploads\/sites\/5\/2023\/05\/10105523\/bluesign-system-partners-logo-vector-700x389.png 700w, https:\/\/huppashop-prod.s3.eu-north-1.amazonaws.com\/wp-content\/uploads\/sites\/5\/2023\/05\/10105523\/bluesign-system-partners-logo-vector-766x426.png 766w, https:\/\/huppashop-prod.s3.eu-north-1.amazonaws.com\/wp-content\/uploads\/sites\/5\/2023\/05\/10105523\/bluesign-system-partners-logo-vector-450x250.png 450w, https:\/\/huppashop-prod.s3.eu-north-1.amazonaws.com\/wp-content\/uploads\/sites\/5\/2023\/05\/10105523\/bluesign-system-partners-logo-vector-420x233.png 420w, https:\/\/huppashop-prod.s3.eu-north-1.amazonaws.com\/wp-content\/uploads\/sites\/5\/2023\/05\/10105523\/bluesign-system-partners-logo-vector-100x56.png 100w, https:\/\/huppashop-prod.s3.eu-north-1.amazonaws.com\/wp-content\/uploads\/sites\/5\/2023\/05\/10105523\/bluesign-system-partners-logo-vector-632x351.png 632w, https:\/\/huppashop-prod.s3.eu-north-1.amazonaws.com\/wp-content\/uploads\/sites\/5\/2023\/05\/10105523\/bluesign-system-partners-logo-vector-600x333.png 600w, https:\/\/huppashop-prod.s3.eu-north-1.amazonaws.com\/wp-content\/uploads\/sites\/5\/2023\/05\/10105523\/bluesign-system-partners-logo-vector-178x99.png 178w\" sizes=\"auto, (max-width: 900px) 100vw, 900px\" \/><\/figure><div class=\"wp-block-media-text__content\">\n<h5 class=\"wp-block-heading\" id=\"pikaajalised-kogemused\">Bluesign\u00ae SYSTEM<\/h5>\n\n\n\n<p>\u201ebluesign\u00ae SYSTEM\u201c vienija vis\u0105 tekstil\u0117s vert\u0117s grandin\u0119 ir siekia suma\u017einti poveik\u012f \u017emon\u0117ms ir planetai. \u012emon\u0117 tai daro remdamasi daugiau kaip 20 met\u0173 patirtimi tekstil\u0117s pramon\u0117je ir sutelkdama d\u0117mes\u012f \u012f tvari\u0105 chemij\u0105.<\/p>\n\n\n\n<div class=\"wp-block-buttons is-layout-flex wp-block-buttons-is-layout-flex\">\n<div class=\"wp-block-button has-custom-width wp-block-button__width-25 has-custom-font-size is-style-outline has-small-font-size is-style-outline--3\"><a class=\"wp-block-button__link wp-element-button\" href=\"https:\/\/www.bluesign.com\/en\" style=\"border-radius:0px\" target=\"_blank\" rel=\"noreferrer noopener\">Skaitykite daugiau<\/a><\/div>\n<\/div>\n<\/div><\/div>\n\n\n\n<div style=\"height:60px\" aria-hidden=\"true\" class=\"wp-block-spacer\"><\/div>\n\n\n\n<div class=\"wp-block-media-text alignwide is-stacked-on-mobile\" style=\"grid-template-columns:22% auto\"><figure class=\"wp-block-media-text__media\"><img loading=\"lazy\" decoding=\"async\" width=\"866\" height=\"650\" src=\"https:\/\/huppashop-prod.s3.eu-north-1.amazonaws.com\/wp-content\/uploads\/sites\/5\/2023\/05\/10105519\/417_oeko_tex_tandart100.jpg\" alt=\"\" class=\"wp-image-493754 size-full\" srcset=\"https:\/\/huppashop-prod.s3.eu-north-1.amazonaws.com\/wp-content\/uploads\/sites\/5\/2023\/05\/10105519\/417_oeko_tex_tandart100.jpg 866w, https:\/\/huppashop-prod.s3.eu-north-1.amazonaws.com\/wp-content\/uploads\/sites\/5\/2023\/05\/10105519\/417_oeko_tex_tandart100-300x225.jpg 300w, https:\/\/huppashop-prod.s3.eu-north-1.amazonaws.com\/wp-content\/uploads\/sites\/5\/2023\/05\/10105519\/417_oeko_tex_tandart100-768x576.jpg 768w, https:\/\/huppashop-prod.s3.eu-north-1.amazonaws.com\/wp-content\/uploads\/sites\/5\/2023\/05\/10105519\/417_oeko_tex_tandart100-560x420.jpg 560w, https:\/\/huppashop-prod.s3.eu-north-1.amazonaws.com\/wp-content\/uploads\/sites\/5\/2023\/05\/10105519\/417_oeko_tex_tandart100-700x525.jpg 700w, https:\/\/huppashop-prod.s3.eu-north-1.amazonaws.com\/wp-content\/uploads\/sites\/5\/2023\/05\/10105519\/417_oeko_tex_tandart100-766x575.jpg 766w, https:\/\/huppashop-prod.s3.eu-north-1.amazonaws.com\/wp-content\/uploads\/sites\/5\/2023\/05\/10105519\/417_oeko_tex_tandart100-450x338.jpg 450w, https:\/\/huppashop-prod.s3.eu-north-1.amazonaws.com\/wp-content\/uploads\/sites\/5\/2023\/05\/10105519\/417_oeko_tex_tandart100-420x315.jpg 420w, https:\/\/huppashop-prod.s3.eu-north-1.amazonaws.com\/wp-content\/uploads\/sites\/5\/2023\/05\/10105519\/417_oeko_tex_tandart100-100x75.jpg 100w, https:\/\/huppashop-prod.s3.eu-north-1.amazonaws.com\/wp-content\/uploads\/sites\/5\/2023\/05\/10105519\/417_oeko_tex_tandart100-632x474.jpg 632w, https:\/\/huppashop-prod.s3.eu-north-1.amazonaws.com\/wp-content\/uploads\/sites\/5\/2023\/05\/10105519\/417_oeko_tex_tandart100-600x450.jpg 600w, https:\/\/huppashop-prod.s3.eu-north-1.amazonaws.com\/wp-content\/uploads\/sites\/5\/2023\/05\/10105519\/417_oeko_tex_tandart100-178x134.jpg 178w\" sizes=\"auto, (max-width: 866px) 100vw, 866px\" \/><\/figure><div class=\"wp-block-media-text__content\">\n<h5 class=\"wp-block-heading\" id=\"pikaajalised-kogemused\">OEKO-TEX\u00ae Standard 100<\/h5>\n\n\n\n<p>Organizacijos \u201eOEKO-TEX\u00ae\u201c standartas \u201eSTANDARD 100\u201c yra vienas i\u0161 geriausiai \u017einom\u0173 pasaulyje tekstil\u0117s gamini\u0173, patikrint\u0173 d\u0117l kenksming\u0173 med\u017eiag\u0173, \u017eenkl\u0173. Jis \u017eymi klient\u0173 pasitik\u0117jim\u0105 ir auk\u0161t\u0105 gamini\u0173 saug\u0105.<\/p>\n\n\n\n<div class=\"wp-block-buttons is-layout-flex wp-block-buttons-is-layout-flex\">\n<div class=\"wp-block-button has-custom-width wp-block-button__width-25 has-custom-font-size is-style-outline has-small-font-size is-style-outline--4\"><a class=\"wp-block-button__link wp-element-button\" href=\"https:\/\/www.oeko-tex.com\/en\/our-standards\/oeko-tex-standard-100\" style=\"border-radius:0px\" target=\"_blank\" rel=\"noreferrer noopener\">Skaitykite daugiau<\/a><\/div>\n<\/div>\n<\/div><\/div>\n\n\n\n<div style=\"height:60px\" aria-hidden=\"true\" class=\"wp-block-spacer\"><\/div>\n\n\n\n<div class=\"wp-block-media-text alignwide is-stacked-on-mobile\" style=\"grid-template-columns:22% auto\"><figure class=\"wp-block-media-text__media\"><img decoding=\"async\" src=\"https:\/\/huppashop-prod.s3.eu-north-1.amazonaws.com\/wp-content\/uploads\/sites\/5\/2023\/05\/10105521\/bionic_finish_eco_logo.svg\" alt=\"\" class=\"wp-image-493757 size-full\"\/><\/figure><div class=\"wp-block-media-text__content\">\n<h5 class=\"wp-block-heading\" id=\"pikaajalised-kogemused\">bionic finish\u00aeeco<\/h5>\n\n\n\n<p>Suteikiamas nefluoruotos ir labai patvarios vandeniui nepralaid\u017eios tekstil\u0117s \u017eenklas, skirtas intensyviam naudojimui. Labai efektyvus ir ilgaam\u017eis na\u0161umas naudojant nedidelius kiekius, tod\u0117l neturi \u012ftakos audinio med\u017eiagai ir i\u0161vaizdai. Atitinka \u012fvairius sud\u0117tingus techninius reikalavimus. Tinka pa\u017eangiems techniniams ir lauko darbams, taip pat laisvalaikio ir mados drabu\u017eiams.<\/p>\n\n\n\n<div class=\"wp-block-buttons is-layout-flex wp-block-buttons-is-layout-flex\">\n<div class=\"wp-block-button has-custom-width wp-block-button__width-25 has-custom-font-size is-style-outline has-small-font-size is-style-outline--5\"><a class=\"wp-block-button__link wp-element-button\" href=\"https:\/\/www.rudolf-group.it\/en\/technology\/bionic-finish-eco\/\" style=\"border-radius:0px\" target=\"_blank\" rel=\"noreferrer noopener\">Skaitykite daugiau<\/a><\/div>\n<\/div>\n<\/div><\/div>\n\n\n\n<div style=\"height:60px\" aria-hidden=\"true\" class=\"wp-block-spacer\"><\/div>\n\n\n\n<div class=\"wp-block-media-text alignwide is-stacked-on-mobile\" style=\"grid-template-columns:22% auto\"><figure class=\"wp-block-media-text__media\"><img loading=\"lazy\" decoding=\"async\" width=\"527\" height=\"283\" src=\"https:\/\/huppashop-prod.s3.eu-north-1.amazonaws.com\/wp-content\/uploads\/sites\/5\/2023\/05\/10105525\/Frame-1.jpg\" alt=\"\" class=\"wp-image-493759 size-full\" srcset=\"https:\/\/huppashop-prod.s3.eu-north-1.amazonaws.com\/wp-content\/uploads\/sites\/5\/2023\/05\/10105525\/Frame-1.jpg 527w, https:\/\/huppashop-prod.s3.eu-north-1.amazonaws.com\/wp-content\/uploads\/sites\/5\/2023\/05\/10105525\/Frame-1-300x161.jpg 300w, https:\/\/huppashop-prod.s3.eu-north-1.amazonaws.com\/wp-content\/uploads\/sites\/5\/2023\/05\/10105525\/Frame-1-450x242.jpg 450w, https:\/\/huppashop-prod.s3.eu-north-1.amazonaws.com\/wp-content\/uploads\/sites\/5\/2023\/05\/10105525\/Frame-1-420x226.jpg 420w, https:\/\/huppashop-prod.s3.eu-north-1.amazonaws.com\/wp-content\/uploads\/sites\/5\/2023\/05\/10105525\/Frame-1-100x54.jpg 100w, https:\/\/huppashop-prod.s3.eu-north-1.amazonaws.com\/wp-content\/uploads\/sites\/5\/2023\/05\/10105525\/Frame-1-178x96.jpg 178w\" sizes=\"auto, (max-width: 527px) 100vw, 527px\" \/><\/figure><div class=\"wp-block-media-text__content\">\n<h5 class=\"wp-block-heading\" id=\"pikaajalised-kogemused\">RDS<\/h5>\n\n\n\n<p>Pagal \u201eResponsible Down Standard\u201c standarto nuostatas p\u016bk\u0173 ir plunksn\u0173 pramon\u0117 skatinama humani\u0161kai elgtis su antimis ir \u017e\u0105simis, o pirmaujan\u010dios organizacijos yra apdovanojamos. Standartas taip pat suteikia \u012fmon\u0117ms ir vartotojams galimyb\u0119 su\u017einoti, kas sudaro j\u0173 perkam\u0173 produkt\u0173 sud\u0117t\u012f.<\/p>\n\n\n\n<div class=\"wp-block-buttons is-layout-flex wp-block-buttons-is-layout-flex\">\n<div class=\"wp-block-button has-custom-width wp-block-button__width-25 has-custom-font-size is-style-outline has-small-font-size is-style-outline--6\"><a class=\"wp-block-button__link wp-element-button\" href=\"https:\/\/textileexchange.org\/responsible-down-standard\/\" style=\"border-radius:0px\" target=\"_blank\" rel=\"noreferrer noopener\">Skaitykite daugiau<\/a><\/div>\n<\/div>\n<\/div><\/div>\n\n\n\n<div style=\"height:60px\" aria-hidden=\"true\" class=\"wp-block-spacer\"><\/div>\n\n\n\n<p><\/p>\n","protected":false},"excerpt":{"rendered":"<p>HUPPA SERTIFIKATAI<\/p>\n","protected":false},"author":10,"featured_media":0,"parent":0,"menu_order":0,"comment_status":"closed","ping_status":"closed","template":"","meta":{"_acf_changed":false,"footnotes":""},"class_list":["post-493752","page","type-page","status-publish","hentry"],"acf":[],"yoast_head":"<!-- This site is optimized with the Yoast SEO plugin v26.8 - https:\/\/yoast.com\/product\/yoast-seo-wordpress\/ -->\n<title>Huppa sertifikatai<\/title>\n<meta name=\"description\" content=\"Huppa sertifikatai. Amfori \u2013 Global Recycled Standard \u2013 Bluesign System \u2013 Oeko-tex Standard 100 \u2013 Bionic Finish Eco \u2013 RDS\" \/>\n<meta name=\"robots\" content=\"index, follow, max-snippet:-1, max-image-preview:large, max-video-preview:-1\" \/>\n<link rel=\"canonical\" href=\"https:\/\/shop.huppa.eu\/lt\/sertifikatai\/\" \/>\n<meta property=\"og:locale\" content=\"lt_LT\" \/>\n<meta property=\"og:type\" content=\"article\" \/>\n<meta property=\"og:title\" content=\"Huppa sertifikatai\" \/>\n<meta property=\"og:description\" content=\"Huppa sertifikatai. Amfori \u2013 Global Recycled Standard \u2013 Bluesign System \u2013 Oeko-tex Standard 100 \u2013 Bionic Finish Eco \u2013 RDS\" \/>\n<meta property=\"og:url\" content=\"https:\/\/shop.huppa.eu\/lt\/sertifikatai\/\" \/>\n<meta property=\"og:site_name\" content=\"Huppa LT\" \/>\n<meta property=\"article:modified_time\" content=\"2024-02-22T09:54:22+00:00\" \/>\n<meta property=\"og:image\" content=\"https:\/\/shop.huppa.eu\/lt\/wp-content\/uploads\/sites\/5\/2023\/05\/amfori-logo-blue-01.jpg\" \/>\n<meta name=\"twitter:card\" content=\"summary_large_image\" \/>\n<meta name=\"twitter:label1\" content=\"Est. reading time\" \/>\n\t<meta name=\"twitter:data1\" content=\"3 minut\u0117s\" \/>\n<script type=\"application\/ld+json\" class=\"yoast-schema-graph\">{\"@context\":\"https:\/\/schema.org\",\"@graph\":[{\"@type\":\"WebPage\",\"@id\":\"https:\/\/shop.huppa.eu\/lt\/sertifikatai\/\",\"url\":\"https:\/\/shop.huppa.eu\/lt\/sertifikatai\/\",\"name\":\"Huppa sertifikatai\",\"isPartOf\":{\"@id\":\"https:\/\/shop.huppa.eu\/lt\/#website\"},\"primaryImageOfPage\":{\"@id\":\"https:\/\/shop.huppa.eu\/lt\/sertifikatai\/#primaryimage\"},\"image\":{\"@id\":\"https:\/\/shop.huppa.eu\/lt\/sertifikatai\/#primaryimage\"},\"thumbnailUrl\":\"https:\/\/shop.huppa.eu\/lt\/wp-content\/uploads\/sites\/5\/2023\/05\/amfori-logo-blue-01.jpg\",\"datePublished\":\"2023-05-10T08:54:26+00:00\",\"dateModified\":\"2024-02-22T09:54:22+00:00\",\"description\":\"Huppa sertifikatai. Amfori \u2013 Global Recycled Standard \u2013 Bluesign System \u2013 Oeko-tex Standard 100 \u2013 Bionic Finish Eco \u2013 RDS\",\"inLanguage\":\"lt-LT\",\"potentialAction\":[{\"@type\":\"ReadAction\",\"target\":[\"https:\/\/shop.huppa.eu\/lt\/sertifikatai\/\"]}]},{\"@type\":\"ImageObject\",\"inLanguage\":\"lt-LT\",\"@id\":\"https:\/\/shop.huppa.eu\/lt\/sertifikatai\/#primaryimage\",\"url\":\"https:\/\/huppashop-prod.s3.eu-north-1.amazonaws.com\/wp-content\/uploads\/sites\/5\/2023\/05\/10105520\/amfori-logo-blue-01.jpg\",\"contentUrl\":\"https:\/\/huppashop-prod.s3.eu-north-1.amazonaws.com\/wp-content\/uploads\/sites\/5\/2023\/05\/10105520\/amfori-logo-blue-01.jpg\",\"width\":356,\"height\":139},{\"@type\":\"WebSite\",\"@id\":\"https:\/\/shop.huppa.eu\/lt\/#website\",\"url\":\"https:\/\/shop.huppa.eu\/lt\/\",\"name\":\"Huppa LT\",\"description\":\"Huppa LT\",\"potentialAction\":[{\"@type\":\"SearchAction\",\"target\":{\"@type\":\"EntryPoint\",\"urlTemplate\":\"https:\/\/shop.huppa.eu\/lt\/?s={search_term_string}\"},\"query-input\":{\"@type\":\"PropertyValueSpecification\",\"valueRequired\":true,\"valueName\":\"search_term_string\"}}],\"inLanguage\":\"lt-LT\"}]}<\/script>\n<!-- \/ Yoast SEO plugin. -->","yoast_head_json":{"title":"Huppa sertifikatai","description":"Huppa sertifikatai. Amfori \u2013 Global Recycled Standard \u2013 Bluesign System \u2013 Oeko-tex Standard 100 \u2013 Bionic Finish Eco \u2013 RDS","robots":{"index":"index","follow":"follow","max-snippet":"max-snippet:-1","max-image-preview":"max-image-preview:large","max-video-preview":"max-video-preview:-1"},"canonical":"https:\/\/shop.huppa.eu\/lt\/sertifikatai\/","og_locale":"lt_LT","og_type":"article","og_title":"Huppa sertifikatai","og_description":"Huppa sertifikatai. Amfori \u2013 Global Recycled Standard \u2013 Bluesign System \u2013 Oeko-tex Standard 100 \u2013 Bionic Finish Eco \u2013 RDS","og_url":"https:\/\/shop.huppa.eu\/lt\/sertifikatai\/","og_site_name":"Huppa LT","article_modified_time":"2024-02-22T09:54:22+00:00","og_image":[{"url":"https:\/\/shop.huppa.eu\/lt\/wp-content\/uploads\/sites\/5\/2023\/05\/amfori-logo-blue-01.jpg","type":"","width":"","height":""}],"twitter_card":"summary_large_image","twitter_misc":{"Est. reading time":"3 minut\u0117s"},"schema":{"@context":"https:\/\/schema.org","@graph":[{"@type":"WebPage","@id":"https:\/\/shop.huppa.eu\/lt\/sertifikatai\/","url":"https:\/\/shop.huppa.eu\/lt\/sertifikatai\/","name":"Huppa sertifikatai","isPartOf":{"@id":"https:\/\/shop.huppa.eu\/lt\/#website"},"primaryImageOfPage":{"@id":"https:\/\/shop.huppa.eu\/lt\/sertifikatai\/#primaryimage"},"image":{"@id":"https:\/\/shop.huppa.eu\/lt\/sertifikatai\/#primaryimage"},"thumbnailUrl":"https:\/\/shop.huppa.eu\/lt\/wp-content\/uploads\/sites\/5\/2023\/05\/amfori-logo-blue-01.jpg","datePublished":"2023-05-10T08:54:26+00:00","dateModified":"2024-02-22T09:54:22+00:00","description":"Huppa sertifikatai. Amfori \u2013 Global Recycled Standard \u2013 Bluesign System \u2013 Oeko-tex Standard 100 \u2013 Bionic Finish Eco \u2013 RDS","inLanguage":"lt-LT","potentialAction":[{"@type":"ReadAction","target":["https:\/\/shop.huppa.eu\/lt\/sertifikatai\/"]}]},{"@type":"ImageObject","inLanguage":"lt-LT","@id":"https:\/\/shop.huppa.eu\/lt\/sertifikatai\/#primaryimage","url":"https:\/\/huppashop-prod.s3.eu-north-1.amazonaws.com\/wp-content\/uploads\/sites\/5\/2023\/05\/10105520\/amfori-logo-blue-01.jpg","contentUrl":"https:\/\/huppashop-prod.s3.eu-north-1.amazonaws.com\/wp-content\/uploads\/sites\/5\/2023\/05\/10105520\/amfori-logo-blue-01.jpg","width":356,"height":139},{"@type":"WebSite","@id":"https:\/\/shop.huppa.eu\/lt\/#website","url":"https:\/\/shop.huppa.eu\/lt\/","name":"Huppa LT","description":"Huppa LT","potentialAction":[{"@type":"SearchAction","target":{"@type":"EntryPoint","urlTemplate":"https:\/\/shop.huppa.eu\/lt\/?s={search_term_string}"},"query-input":{"@type":"PropertyValueSpecification","valueRequired":true,"valueName":"search_term_string"}}],"inLanguage":"lt-LT"}]}},"_links":{"self":[{"href":"https:\/\/shop.huppa.eu\/lt\/wp-json\/wp\/v2\/pages\/493752","targetHints":{"allow":["GET"]}}],"collection":[{"href":"https:\/\/shop.huppa.eu\/lt\/wp-json\/wp\/v2\/pages"}],"about":[{"href":"https:\/\/shop.huppa.eu\/lt\/wp-json\/wp\/v2\/types\/page"}],"author":[{"embeddable":true,"href":"https:\/\/shop.huppa.eu\/lt\/wp-json\/wp\/v2\/users\/10"}],"replies":[{"embeddable":true,"href":"https:\/\/shop.huppa.eu\/lt\/wp-json\/wp\/v2\/comments?post=493752"}],"version-history":[{"count":2,"href":"https:\/\/shop.huppa.eu\/lt\/wp-json\/wp\/v2\/pages\/493752\/revisions"}],"predecessor-version":[{"id":493761,"href":"https:\/\/shop.huppa.eu\/lt\/wp-json\/wp\/v2\/pages\/493752\/revisions\/493761"}],"wp:attachment":[{"href":"https:\/\/shop.huppa.eu\/lt\/wp-json\/wp\/v2\/media?parent=493752"}],"curies":[{"name":"wp","href":"https:\/\/api.w.org\/{rel}","templated":true}]}}