{"id":496771,"date":"2024-02-01T15:46:27","date_gmt":"2024-02-01T13:46:27","guid":{"rendered":"https:\/\/shop.huppa.eu\/lt\/?page_id=496771"},"modified":"2024-02-01T15:46:28","modified_gmt":"2024-02-01T13:46:28","slug":"remimas","status":"publish","type":"page","link":"https:\/\/shop.huppa.eu\/lt\/remimas\/","title":{"rendered":"R\u0117mimas"},"content":{"rendered":"\n<h2 class=\"wp-block-heading\">R\u0117mimas ir palaikymas<\/h2>\n\n\n\n<div style=\"height:50px\" aria-hidden=\"true\" class=\"wp-block-spacer\"><\/div>\n\n\n\n<p class=\"has-text-align-left has-medium-font-size\">Esame \u012fsipareigoj\u0119 siekti bendro tikslo \u2013 paremti, \u012fkv\u0117pti ir pad\u0117ti vieni kitiems. Ypating\u0105 d\u0117mes\u012f \u201eHuppa\u201c skiria labdaros ir r\u0117mimo projektams prisid\u0117dama prie j\u0173 \u012fvairiausiais b\u016bdais. M\u016bs\u0173 \u0161irdis priklauso sunkumus patirian\u010di\u0173 vaik\u0173 \u0161eimoms, kurias remiame \u201eHuppa\u201c gaminiais.\u00a0<\/p>\n\n\n\n<div style=\"height:50px\" aria-hidden=\"true\" class=\"wp-block-spacer\"><\/div>\n\n\n\n<p>Bendradarbiaudami su savo labdaros komandomis visada ie\u0161kome nauj\u0173 b\u016bd\u0173, kaip pad\u0117ti tiems, kuriems to labiausiai reikia. Esame pasiry\u017e\u0119 ne tik pad\u0117ti, bet ir dalytis d\u017eiaugsmu bei viltimi.&nbsp;<\/p>\n\n\n\n<p>Mums aktyvus gyvenimo b\u016bdas yra daugiau nei pom\u0117gis. Tikime, kad sveikata prasideda veikla gryname ore, tod\u0117l noriai remiame sporto renginius ir padedame saugiau vaik\u0161\u010dioti sutemus. Kasmet dalyvaujame at\u0161vait\u0173 dalijimo akcijose, kad gal\u0117tume jud\u0117ti saugiau ir matomiau.\u00a0<\/p>\n\n\n\n<p>M\u016bs\u0173 tikslas \u2013 skatinti m\u016bs\u0173 \u012fmone neapsiribojan\u010dius poky\u010dius \u2013 norime b\u016bti naudingi pasauliui ir padaryti j\u012f geresne vieta gyventi visiems.\u00a0<\/p>\n\n\n\n<div style=\"height:50px\" aria-hidden=\"true\" class=\"wp-block-spacer\"><\/div>\n\n\n\n<p class=\"has-text-align-center\" style=\"font-size:18px\"><strong>Kas m\u0117nes\u012f aukojame \u012fvairioms labdaros organizacijoms ir r\u0117mimo projektams, \u012fskaitant:&nbsp;<\/strong><\/p>\n\n\n\n<div style=\"height:10px\" aria-hidden=\"true\" class=\"wp-block-spacer\"><\/div>\n\n\n\n<div class=\"wp-block-columns are-vertically-aligned-center is-layout-flex wp-container-core-columns-is-layout-9d6595d7 wp-block-columns-is-layout-flex\">\n<div class=\"wp-block-column is-vertically-aligned-center is-layout-flow wp-block-column-is-layout-flow\" style=\"flex-basis:33.33%\">\n<figure class=\"wp-block-image size-full\"><img decoding=\"async\" src=\"https:\/\/huppashop-prod.s3.eu-north-1.amazonaws.com\/wp-content\/uploads\/2024\/02\/01133531\/FB-landscape-1.jpg\" alt=\"\" class=\"wp-image-795298\"\/><\/figure>\n<\/div>\n\n\n\n<div class=\"wp-block-column is-vertically-aligned-center is-layout-flow wp-block-column-is-layout-flow\" style=\"flex-basis:66.66%\">\n<p>SOS vaik\u0173 kaimus Estijoje: remiame j\u0173 misij\u0105 kurti \u0161eimas vaikams, kuriems reikia pagalbos, ir suteikti jiems galimybi\u0173 atei\u010diai.<\/p>\n<\/div>\n<\/div>\n\n\n\n<div class=\"wp-block-columns are-vertically-aligned-center is-layout-flex wp-container-core-columns-is-layout-9d6595d7 wp-block-columns-is-layout-flex\">\n<div class=\"wp-block-column is-vertically-aligned-center is-layout-flow wp-block-column-is-layout-flow\" style=\"flex-basis:33.33%\">\n<figure class=\"wp-block-image size-full\"><img decoding=\"async\" src=\"https:\/\/huppashop-prod.s3.eu-north-1.amazonaws.com\/wp-content\/uploads\/2024\/02\/01133539\/FB-landscape.jpg\" alt=\"\" class=\"wp-image-795299\"\/><\/figure>\n<\/div>\n\n\n\n<div class=\"wp-block-column is-vertically-aligned-center is-layout-flow wp-block-column-is-layout-flow\" style=\"flex-basis:66.66%\">\n<p>Maarja kaim\u0105: remiame sutrikusio intelekto suaugusi\u0173j\u0173 bendruomen\u0119 nor\u0117dami praturtinti j\u0173 kasdien\u012f gyvenim\u0105 ir darb\u0105.<\/p>\n<\/div>\n<\/div>\n\n\n\n<div style=\"height:50px\" aria-hidden=\"true\" class=\"wp-block-spacer\"><\/div>\n\n\n\n<div class=\"wp-block-columns are-vertically-aligned-center is-layout-flex wp-container-core-columns-is-layout-9d6595d7 wp-block-columns-is-layout-flex\">\n<div class=\"wp-block-column is-vertically-aligned-center is-layout-flow wp-block-column-is-layout-flow\" style=\"flex-basis:33.33%\">\n<figure class=\"wp-block-image size-full\"><img decoding=\"async\" src=\"https:\/\/huppashop-prod.s3.eu-north-1.amazonaws.com\/wp-content\/uploads\/2024\/02\/01133549\/FB-landscape-3.jpg\" alt=\"\" class=\"wp-image-795300\"\/><\/figure>\n<\/div>\n\n\n\n<div class=\"wp-block-column is-vertically-aligned-center is-layout-flow wp-block-column-is-layout-flow\" style=\"flex-basis:66.66%\">\n<p>Peaasi.ee: padedame suburti \u017emones, kuriems r\u016bpi psichin\u0117 sveikata, ir remiame j\u0173 misij\u0105 didinti informuotum\u0105 ir pagalb\u0105.<\/p>\n<\/div>\n<\/div>\n\n\n\n<div style=\"height:50px\" aria-hidden=\"true\" class=\"wp-block-spacer\"><\/div>\n\n\n\n<div class=\"wp-block-columns are-vertically-aligned-center is-layout-flex wp-container-core-columns-is-layout-9d6595d7 wp-block-columns-is-layout-flex\">\n<div class=\"wp-block-column is-vertically-aligned-center is-layout-flow wp-block-column-is-layout-flow\" style=\"flex-basis:33.33%\">\n<figure class=\"wp-block-image size-full\"><img decoding=\"async\" src=\"https:\/\/huppashop-prod.s3.eu-north-1.amazonaws.com\/wp-content\/uploads\/2024\/02\/01133553\/FB-landscape-2.jpg\" alt=\"\" class=\"wp-image-795301\"\/><\/figure>\n<\/div>\n\n\n\n<div class=\"wp-block-column is-vertically-aligned-center is-layout-flow wp-block-column-is-layout-flow\" style=\"flex-basis:66.66%\">\n<p class=\"has-text-align-left\">\u201eKalevi\u201c dvira\u010di\u0173 mokykl\u0105: padeda jaunimui pajusti sporto ir darbo komandoje d\u017eiaugsm\u0105 dalyvaujant \u012fvairioje sporto veikloje.<\/p>\n<\/div>\n<\/div>\n\n\n\n<div style=\"height:50px\" aria-hidden=\"true\" class=\"wp-block-spacer\"><\/div>\n\n\n\n<div style=\"height:70px\" aria-hidden=\"true\" class=\"wp-block-spacer\"><\/div>\n","protected":false},"excerpt":{"rendered":"<p>R\u0117mimas ir palaikymas Esame \u012fsipareigoj\u0119 siekti bendro tikslo \u2013 paremti, \u012fkv\u0117pti ir pad\u0117ti vieni kitiems. Ypating\u0105 d\u0117mes\u012f \u201eHuppa\u201c skiria labdaros ir r\u0117mimo projektams prisid\u0117dama prie j\u0173 \u012fvairiausiais b\u016bdais. M\u016bs\u0173 \u0161irdis priklauso sunkumus patirian\u010di\u0173 vaik\u0173 \u0161eimoms, kurias remiame \u201eHuppa\u201c gaminiais.\u00a0 Bendradarbiaudami su savo labdaros komandomis visada ie\u0161kome nauj\u0173 b\u016bd\u0173, kaip pad\u0117ti tiems, kuriems to labiausiai reikia. [&hellip;]<\/p>\n","protected":false},"author":10,"featured_media":0,"parent":0,"menu_order":0,"comment_status":"closed","ping_status":"closed","template":"","meta":{"_acf_changed":false,"footnotes":""},"class_list":["post-496771","page","type-page","status-publish","hentry"],"acf":[],"yoast_head":"<!-- This site is optimized with the Yoast SEO plugin v26.8 - https:\/\/yoast.com\/product\/yoast-seo-wordpress\/ -->\n<title>R\u0117mimas - Huppa LT<\/title>\n<meta name=\"description\" content=\"Ypating\u0105 d\u0117mes\u012f \u201eHuppa\u201c skiria labdaros ir r\u0117mimo projektams prisid\u0117dama prie j\u0173 \u012fvairiausiais b\u016bdais.\" \/>\n<meta name=\"robots\" content=\"index, follow, max-snippet:-1, max-image-preview:large, max-video-preview:-1\" \/>\n<link rel=\"canonical\" href=\"https:\/\/shop.huppa.eu\/lt\/remimas\/\" \/>\n<meta property=\"og:locale\" content=\"lt_LT\" \/>\n<meta property=\"og:type\" content=\"article\" \/>\n<meta property=\"og:title\" content=\"R\u0117mimas - Huppa LT\" \/>\n<meta property=\"og:description\" content=\"Ypating\u0105 d\u0117mes\u012f \u201eHuppa\u201c skiria labdaros ir r\u0117mimo projektams prisid\u0117dama prie j\u0173 \u012fvairiausiais b\u016bdais.\" \/>\n<meta property=\"og:url\" content=\"https:\/\/shop.huppa.eu\/lt\/remimas\/\" \/>\n<meta property=\"og:site_name\" content=\"Huppa LT\" \/>\n<meta property=\"article:modified_time\" content=\"2024-02-01T13:46:28+00:00\" \/>\n<meta property=\"og:image\" content=\"https:\/\/huppashop-prod.s3.eu-north-1.amazonaws.com\/wp-content\/uploads\/2024\/02\/01133531\/FB-landscape-1.jpg\" \/>\n<meta name=\"twitter:card\" content=\"summary_large_image\" \/>\n<meta name=\"twitter:label1\" content=\"Est. reading time\" \/>\n\t<meta name=\"twitter:data1\" content=\"2 minut\u0117s\" \/>\n<script type=\"application\/ld+json\" class=\"yoast-schema-graph\">{\"@context\":\"https:\/\/schema.org\",\"@graph\":[{\"@type\":\"WebPage\",\"@id\":\"https:\/\/shop.huppa.eu\/lt\/remimas\/\",\"url\":\"https:\/\/shop.huppa.eu\/lt\/remimas\/\",\"name\":\"R\u0117mimas - Huppa LT\",\"isPartOf\":{\"@id\":\"https:\/\/shop.huppa.eu\/lt\/#website\"},\"primaryImageOfPage\":{\"@id\":\"https:\/\/shop.huppa.eu\/lt\/remimas\/#primaryimage\"},\"image\":{\"@id\":\"https:\/\/shop.huppa.eu\/lt\/remimas\/#primaryimage\"},\"thumbnailUrl\":\"https:\/\/huppashop-prod.s3.eu-north-1.amazonaws.com\/wp-content\/uploads\/2024\/02\/01133531\/FB-landscape-1.jpg\",\"datePublished\":\"2024-02-01T13:46:27+00:00\",\"dateModified\":\"2024-02-01T13:46:28+00:00\",\"description\":\"Ypating\u0105 d\u0117mes\u012f \u201eHuppa\u201c skiria labdaros ir r\u0117mimo projektams prisid\u0117dama prie j\u0173 \u012fvairiausiais b\u016bdais.\",\"inLanguage\":\"lt-LT\",\"potentialAction\":[{\"@type\":\"ReadAction\",\"target\":[\"https:\/\/shop.huppa.eu\/lt\/remimas\/\"]}]},{\"@type\":\"ImageObject\",\"inLanguage\":\"lt-LT\",\"@id\":\"https:\/\/shop.huppa.eu\/lt\/remimas\/#primaryimage\",\"url\":\"https:\/\/huppashop-prod.s3.eu-north-1.amazonaws.com\/wp-content\/uploads\/2024\/02\/01133531\/FB-landscape-1.jpg\",\"contentUrl\":\"https:\/\/huppashop-prod.s3.eu-north-1.amazonaws.com\/wp-content\/uploads\/2024\/02\/01133531\/FB-landscape-1.jpg\"},{\"@type\":\"WebSite\",\"@id\":\"https:\/\/shop.huppa.eu\/lt\/#website\",\"url\":\"https:\/\/shop.huppa.eu\/lt\/\",\"name\":\"Huppa LT\",\"description\":\"Huppa LT\",\"potentialAction\":[{\"@type\":\"SearchAction\",\"target\":{\"@type\":\"EntryPoint\",\"urlTemplate\":\"https:\/\/shop.huppa.eu\/lt\/?s={search_term_string}\"},\"query-input\":{\"@type\":\"PropertyValueSpecification\",\"valueRequired\":true,\"valueName\":\"search_term_string\"}}],\"inLanguage\":\"lt-LT\"}]}<\/script>\n<!-- \/ Yoast SEO plugin. -->","yoast_head_json":{"title":"R\u0117mimas - Huppa LT","description":"Ypating\u0105 d\u0117mes\u012f \u201eHuppa\u201c skiria labdaros ir r\u0117mimo projektams prisid\u0117dama prie j\u0173 \u012fvairiausiais b\u016bdais.","robots":{"index":"index","follow":"follow","max-snippet":"max-snippet:-1","max-image-preview":"max-image-preview:large","max-video-preview":"max-video-preview:-1"},"canonical":"https:\/\/shop.huppa.eu\/lt\/remimas\/","og_locale":"lt_LT","og_type":"article","og_title":"R\u0117mimas - Huppa LT","og_description":"Ypating\u0105 d\u0117mes\u012f \u201eHuppa\u201c skiria labdaros ir r\u0117mimo projektams prisid\u0117dama prie j\u0173 \u012fvairiausiais b\u016bdais.","og_url":"https:\/\/shop.huppa.eu\/lt\/remimas\/","og_site_name":"Huppa LT","article_modified_time":"2024-02-01T13:46:28+00:00","og_image":[{"url":"https:\/\/huppashop-prod.s3.eu-north-1.amazonaws.com\/wp-content\/uploads\/2024\/02\/01133531\/FB-landscape-1.jpg","type":"","width":"","height":""}],"twitter_card":"summary_large_image","twitter_misc":{"Est. reading time":"2 minut\u0117s"},"schema":{"@context":"https:\/\/schema.org","@graph":[{"@type":"WebPage","@id":"https:\/\/shop.huppa.eu\/lt\/remimas\/","url":"https:\/\/shop.huppa.eu\/lt\/remimas\/","name":"R\u0117mimas - Huppa LT","isPartOf":{"@id":"https:\/\/shop.huppa.eu\/lt\/#website"},"primaryImageOfPage":{"@id":"https:\/\/shop.huppa.eu\/lt\/remimas\/#primaryimage"},"image":{"@id":"https:\/\/shop.huppa.eu\/lt\/remimas\/#primaryimage"},"thumbnailUrl":"https:\/\/huppashop-prod.s3.eu-north-1.amazonaws.com\/wp-content\/uploads\/2024\/02\/01133531\/FB-landscape-1.jpg","datePublished":"2024-02-01T13:46:27+00:00","dateModified":"2024-02-01T13:46:28+00:00","description":"Ypating\u0105 d\u0117mes\u012f \u201eHuppa\u201c skiria labdaros ir r\u0117mimo projektams prisid\u0117dama prie j\u0173 \u012fvairiausiais b\u016bdais.","inLanguage":"lt-LT","potentialAction":[{"@type":"ReadAction","target":["https:\/\/shop.huppa.eu\/lt\/remimas\/"]}]},{"@type":"ImageObject","inLanguage":"lt-LT","@id":"https:\/\/shop.huppa.eu\/lt\/remimas\/#primaryimage","url":"https:\/\/huppashop-prod.s3.eu-north-1.amazonaws.com\/wp-content\/uploads\/2024\/02\/01133531\/FB-landscape-1.jpg","contentUrl":"https:\/\/huppashop-prod.s3.eu-north-1.amazonaws.com\/wp-content\/uploads\/2024\/02\/01133531\/FB-landscape-1.jpg"},{"@type":"WebSite","@id":"https:\/\/shop.huppa.eu\/lt\/#website","url":"https:\/\/shop.huppa.eu\/lt\/","name":"Huppa LT","description":"Huppa LT","potentialAction":[{"@type":"SearchAction","target":{"@type":"EntryPoint","urlTemplate":"https:\/\/shop.huppa.eu\/lt\/?s={search_term_string}"},"query-input":{"@type":"PropertyValueSpecification","valueRequired":true,"valueName":"search_term_string"}}],"inLanguage":"lt-LT"}]}},"_links":{"self":[{"href":"https:\/\/shop.huppa.eu\/lt\/wp-json\/wp\/v2\/pages\/496771","targetHints":{"allow":["GET"]}}],"collection":[{"href":"https:\/\/shop.huppa.eu\/lt\/wp-json\/wp\/v2\/pages"}],"about":[{"href":"https:\/\/shop.huppa.eu\/lt\/wp-json\/wp\/v2\/types\/page"}],"author":[{"embeddable":true,"href":"https:\/\/shop.huppa.eu\/lt\/wp-json\/wp\/v2\/users\/10"}],"replies":[{"embeddable":true,"href":"https:\/\/shop.huppa.eu\/lt\/wp-json\/wp\/v2\/comments?post=496771"}],"version-history":[{"count":3,"href":"https:\/\/shop.huppa.eu\/lt\/wp-json\/wp\/v2\/pages\/496771\/revisions"}],"predecessor-version":[{"id":496774,"href":"https:\/\/shop.huppa.eu\/lt\/wp-json\/wp\/v2\/pages\/496771\/revisions\/496774"}],"wp:attachment":[{"href":"https:\/\/shop.huppa.eu\/lt\/wp-json\/wp\/v2\/media?parent=496771"}],"curies":[{"name":"wp","href":"https:\/\/api.w.org\/{rel}","templated":true}]}}