{"id":505878,"date":"2024-10-29T12:49:02","date_gmt":"2024-10-29T10:49:02","guid":{"rendered":"https:\/\/shop.huppa.eu\/lt\/?page_id=505878"},"modified":"2024-10-29T15:55:58","modified_gmt":"2024-10-29T13:55:58","slug":"prekiu-grazinimas-ar-keitimas","status":"publish","type":"page","link":"https:\/\/shop.huppa.eu\/lt\/prekiu-grazinimas-ar-keitimas\/","title":{"rendered":"Preki\u0173 gr\u0105\u017einimas ar keitimas"},"content":{"rendered":"\n<div class=\"wp-block-cover\" style=\"min-height:151px;aspect-ratio:unset;\"><span aria-hidden=\"true\" class=\"wp-block-cover__background has-background-dim-20 has-background-dim\"><\/span><img loading=\"lazy\" decoding=\"async\" width=\"1440\" height=\"600\" class=\"wp-block-cover__image-background wp-image-45\" alt=\"Mustrid ja v\u00e4rvid\" src=\"https:\/\/shop.huppa.eu\/wp-content\/uploads\/2022\/01\/MicrosoftTeams-image-6.jpg\" style=\"object-position:47% 50%\" data-object-fit=\"cover\" data-object-position=\"47% 50%\" srcset=\"https:\/\/shop.huppa.eu\/lt\/wp-content\/uploads\/sites\/5\/2022\/01\/MicrosoftTeams-image-6.jpg 1440w, https:\/\/shop.huppa.eu\/lt\/wp-content\/uploads\/sites\/5\/2022\/01\/MicrosoftTeams-image-6-300x125.jpg 300w, https:\/\/shop.huppa.eu\/lt\/wp-content\/uploads\/sites\/5\/2022\/01\/MicrosoftTeams-image-6-1024x427.jpg 1024w, https:\/\/shop.huppa.eu\/lt\/wp-content\/uploads\/sites\/5\/2022\/01\/MicrosoftTeams-image-6-768x320.jpg 768w, https:\/\/shop.huppa.eu\/lt\/wp-content\/uploads\/sites\/5\/2022\/01\/MicrosoftTeams-image-6-560x233.jpg 560w, https:\/\/shop.huppa.eu\/lt\/wp-content\/uploads\/sites\/5\/2022\/01\/MicrosoftTeams-image-6-700x292.jpg 700w, https:\/\/shop.huppa.eu\/lt\/wp-content\/uploads\/sites\/5\/2022\/01\/MicrosoftTeams-image-6-600x250.jpg 600w, https:\/\/shop.huppa.eu\/lt\/wp-content\/uploads\/sites\/5\/2022\/01\/MicrosoftTeams-image-6-178x74.jpg 178w\" sizes=\"auto, (max-width: 1440px) 100vw, 1440px\" \/><div class=\"wp-block-cover__inner-container is-layout-flow wp-block-cover-is-layout-flow\">\n<p><\/p>\n\n\n\n<h2 class=\"wp-block-heading has-text-align-left has-white-color has-text-color\"><\/h2>\n<\/div><\/div>\n\n\n\n<hr class=\"wp-block-separator has-alpha-channel-opacity\"\/>\n\n\n\n<p><\/p>\n\n\n\n<h2 class=\"wp-block-heading\">Preki\u0173 gr\u0105\u017einimas ar keitimas<\/h2>\n\n\n\n<ul class=\"wp-block-list\">\n<li>Internetin\u0117je parduotuv\u0117je \u012fsigytas prekes galima gr\u0105\u017einti per 14 dien\u0173.<\/li>\n\n\n\n<li>Gr\u0105\u017einama prek\u0117 turi b\u016bti be defekt\u0173, visi\u0161kai sukomplektuota ir nenaudota.<\/li>\n\n\n\n<li>Atsisak\u0119s u\u017esakymo vartotojas privalo gr\u0105\u017einti \u012fsigyt\u0105 prek\u0119 tuojau pat, bet ne v\u0117liau kaip per 14 dien\u0173.<\/li>\n\n\n\n<li>Nor\u0117dami gr\u0105\u017einti prekes, turite u\u017epildyti gr\u0105\u017einimo form\u0105.<\/li>\n\n\n\n<li><strong>Saugiai supakuokite netikusias prekes ir gr\u0105\u017einkite \u012f Omniva pa\u0161tomat\u0105, pasinaudodami siuntos gr\u0105\u017einimo kodu.<\/strong><\/li>\n\n\n\n<li><strong>Preki\u0173 gr\u0105\u017einimas nemokamas.<\/strong><\/li>\n\n\n\n<li><strong>Kartu su Omniva siuntos atsi\u0117mimo kodu, gausite ir siuntos gr\u0105\u017einimo kod\u0105 nemokamam siuntos gr\u0105\u017einimui.<\/strong><\/li>\n\n\n\n<li>Pinigai pervedami \u012f t\u0105 pa\u010di\u0105 s\u0105skait\u0105, i\u0161 kurios buvo sumok\u0117ta paslaugos teik\u0117jui po preki\u0173 gavimo v\u0117liausiai per 14 dien\u0173.<\/li>\n\n\n\n<li>Jei gr\u0105\u017einus prek\u0119 paai\u0161k\u0117ja, kad prek\u0117 neatitinka s\u0105lyg\u0173, numatyt\u0173 \u0161ios sutarties <a href=\"https:\/\/shop.huppa.eu\/lt\/taisykles-ir-salygos\/\">7.1-7.3 punktuose<\/a>, paslaugos teik\u0117jas turi teis\u0119 reikalauti, kad paslaugos vartotojas sumok\u0117t\u0173 u\u017e prek\u0117s vert\u0117s suma\u017e\u0117jim\u0105.<\/li>\n<\/ul>\n\n\n\n<p><\/p>\n\n\n\n<div class=\"wp-block-buttons is-content-justification-center is-layout-flex wp-container-core-buttons-is-layout-16018d1d wp-block-buttons-is-layout-flex\">\n<div class=\"wp-block-button\"><a class=\"wp-block-button__link wp-element-button\" href=\"https:\/\/shop.huppa.eu\/lt\/grazinimo-forma\/\">Gr\u0105\u017einimo forma<\/a><\/div>\n<\/div>\n\n\n\n<p><\/p>\n\n\n\n<div style=\"height:40px\" aria-hidden=\"true\" class=\"wp-block-spacer\"><\/div>\n\n\n\n<h2 class=\"wp-block-heading\">PRETENZIJ\u0172 PATEIKIMO TVARKA<\/h2>\n\n\n\n<ul class=\"wp-block-list\">\n<li>Internetin\u0117je parduotuv\u0117je parduotoms prek\u0117ms galioja dvej\u0173 met\u0173 terminas pateikti pretenzijas, numatytas Prievoli\u0173 \u012fstatymo 218 straipsnio 2 dalyje.<\/li>\n\n\n\n<li>Pretenzijos nagrin\u0117jamos pagal \u0161ios sutarties pried\u0105 Nr. 1 \u201cPretenzij\u0173 nagrin\u0117jimo tvarka \u012fmon\u0117je SIA HUPPA LV\u201d.<\/li>\n<\/ul>\n\n\n\n<div style=\"height:100px\" aria-hidden=\"true\" class=\"wp-block-spacer\"><\/div>\n","protected":false},"excerpt":{"rendered":"<p>Preki\u0173 gr\u0105\u017einimas ar keitimas PRETENZIJ\u0172 PATEIKIMO TVARKA<\/p>\n","protected":false},"author":3197,"featured_media":0,"parent":0,"menu_order":0,"comment_status":"closed","ping_status":"closed","template":"","meta":{"_acf_changed":false,"footnotes":""},"class_list":["post-505878","page","type-page","status-publish","hentry"],"acf":[],"yoast_head":"<!-- This site is optimized with the Yoast SEO plugin v26.8 - https:\/\/yoast.com\/product\/yoast-seo-wordpress\/ -->\n<title>Preki\u0173 gr\u0105\u017einimas ar keitimas - Huppa LT<\/title>\n<meta name=\"robots\" content=\"index, follow, max-snippet:-1, max-image-preview:large, max-video-preview:-1\" \/>\n<link rel=\"canonical\" href=\"https:\/\/shop.huppa.eu\/lt\/prekiu-grazinimas-ar-keitimas\/\" \/>\n<meta property=\"og:locale\" content=\"lt_LT\" \/>\n<meta property=\"og:type\" content=\"article\" \/>\n<meta property=\"og:title\" content=\"Preki\u0173 gr\u0105\u017einimas ar keitimas - Huppa LT\" \/>\n<meta property=\"og:description\" content=\"Preki\u0173 gr\u0105\u017einimas ar keitimas PRETENZIJ\u0172 PATEIKIMO TVARKA\" \/>\n<meta property=\"og:url\" content=\"https:\/\/shop.huppa.eu\/lt\/prekiu-grazinimas-ar-keitimas\/\" \/>\n<meta property=\"og:site_name\" content=\"Huppa LT\" \/>\n<meta property=\"article:modified_time\" content=\"2024-10-29T13:55:58+00:00\" \/>\n<meta property=\"og:image\" content=\"https:\/\/shop.huppa.eu\/wp-content\/uploads\/2022\/01\/MicrosoftTeams-image-6.jpg\" \/>\n<meta name=\"twitter:card\" content=\"summary_large_image\" \/>\n<meta name=\"twitter:label1\" content=\"Est. reading time\" \/>\n\t<meta name=\"twitter:data1\" content=\"2 minut\u0117s\" \/>\n<script type=\"application\/ld+json\" class=\"yoast-schema-graph\">{\"@context\":\"https:\/\/schema.org\",\"@graph\":[{\"@type\":\"WebPage\",\"@id\":\"https:\/\/shop.huppa.eu\/lt\/prekiu-grazinimas-ar-keitimas\/\",\"url\":\"https:\/\/shop.huppa.eu\/lt\/prekiu-grazinimas-ar-keitimas\/\",\"name\":\"Preki\u0173 gr\u0105\u017einimas ar keitimas - Huppa LT\",\"isPartOf\":{\"@id\":\"https:\/\/shop.huppa.eu\/lt\/#website\"},\"primaryImageOfPage\":{\"@id\":\"https:\/\/shop.huppa.eu\/lt\/prekiu-grazinimas-ar-keitimas\/#primaryimage\"},\"image\":{\"@id\":\"https:\/\/shop.huppa.eu\/lt\/prekiu-grazinimas-ar-keitimas\/#primaryimage\"},\"thumbnailUrl\":\"https:\/\/shop.huppa.eu\/wp-content\/uploads\/2022\/01\/MicrosoftTeams-image-6.jpg\",\"datePublished\":\"2024-10-29T10:49:02+00:00\",\"dateModified\":\"2024-10-29T13:55:58+00:00\",\"inLanguage\":\"lt-LT\",\"potentialAction\":[{\"@type\":\"ReadAction\",\"target\":[\"https:\/\/shop.huppa.eu\/lt\/prekiu-grazinimas-ar-keitimas\/\"]}]},{\"@type\":\"ImageObject\",\"inLanguage\":\"lt-LT\",\"@id\":\"https:\/\/shop.huppa.eu\/lt\/prekiu-grazinimas-ar-keitimas\/#primaryimage\",\"url\":\"https:\/\/shop.huppa.eu\/wp-content\/uploads\/2022\/01\/MicrosoftTeams-image-6.jpg\",\"contentUrl\":\"https:\/\/shop.huppa.eu\/wp-content\/uploads\/2022\/01\/MicrosoftTeams-image-6.jpg\"},{\"@type\":\"WebSite\",\"@id\":\"https:\/\/shop.huppa.eu\/lt\/#website\",\"url\":\"https:\/\/shop.huppa.eu\/lt\/\",\"name\":\"Huppa LT\",\"description\":\"Huppa LT\",\"potentialAction\":[{\"@type\":\"SearchAction\",\"target\":{\"@type\":\"EntryPoint\",\"urlTemplate\":\"https:\/\/shop.huppa.eu\/lt\/?s={search_term_string}\"},\"query-input\":{\"@type\":\"PropertyValueSpecification\",\"valueRequired\":true,\"valueName\":\"search_term_string\"}}],\"inLanguage\":\"lt-LT\"}]}<\/script>\n<!-- \/ Yoast SEO plugin. -->","yoast_head_json":{"title":"Preki\u0173 gr\u0105\u017einimas ar keitimas - Huppa LT","robots":{"index":"index","follow":"follow","max-snippet":"max-snippet:-1","max-image-preview":"max-image-preview:large","max-video-preview":"max-video-preview:-1"},"canonical":"https:\/\/shop.huppa.eu\/lt\/prekiu-grazinimas-ar-keitimas\/","og_locale":"lt_LT","og_type":"article","og_title":"Preki\u0173 gr\u0105\u017einimas ar keitimas - Huppa LT","og_description":"Preki\u0173 gr\u0105\u017einimas ar keitimas PRETENZIJ\u0172 PATEIKIMO TVARKA","og_url":"https:\/\/shop.huppa.eu\/lt\/prekiu-grazinimas-ar-keitimas\/","og_site_name":"Huppa LT","article_modified_time":"2024-10-29T13:55:58+00:00","og_image":[{"url":"https:\/\/shop.huppa.eu\/wp-content\/uploads\/2022\/01\/MicrosoftTeams-image-6.jpg","type":"","width":"","height":""}],"twitter_card":"summary_large_image","twitter_misc":{"Est. reading time":"2 minut\u0117s"},"schema":{"@context":"https:\/\/schema.org","@graph":[{"@type":"WebPage","@id":"https:\/\/shop.huppa.eu\/lt\/prekiu-grazinimas-ar-keitimas\/","url":"https:\/\/shop.huppa.eu\/lt\/prekiu-grazinimas-ar-keitimas\/","name":"Preki\u0173 gr\u0105\u017einimas ar keitimas - Huppa LT","isPartOf":{"@id":"https:\/\/shop.huppa.eu\/lt\/#website"},"primaryImageOfPage":{"@id":"https:\/\/shop.huppa.eu\/lt\/prekiu-grazinimas-ar-keitimas\/#primaryimage"},"image":{"@id":"https:\/\/shop.huppa.eu\/lt\/prekiu-grazinimas-ar-keitimas\/#primaryimage"},"thumbnailUrl":"https:\/\/shop.huppa.eu\/wp-content\/uploads\/2022\/01\/MicrosoftTeams-image-6.jpg","datePublished":"2024-10-29T10:49:02+00:00","dateModified":"2024-10-29T13:55:58+00:00","inLanguage":"lt-LT","potentialAction":[{"@type":"ReadAction","target":["https:\/\/shop.huppa.eu\/lt\/prekiu-grazinimas-ar-keitimas\/"]}]},{"@type":"ImageObject","inLanguage":"lt-LT","@id":"https:\/\/shop.huppa.eu\/lt\/prekiu-grazinimas-ar-keitimas\/#primaryimage","url":"https:\/\/shop.huppa.eu\/wp-content\/uploads\/2022\/01\/MicrosoftTeams-image-6.jpg","contentUrl":"https:\/\/shop.huppa.eu\/wp-content\/uploads\/2022\/01\/MicrosoftTeams-image-6.jpg"},{"@type":"WebSite","@id":"https:\/\/shop.huppa.eu\/lt\/#website","url":"https:\/\/shop.huppa.eu\/lt\/","name":"Huppa LT","description":"Huppa LT","potentialAction":[{"@type":"SearchAction","target":{"@type":"EntryPoint","urlTemplate":"https:\/\/shop.huppa.eu\/lt\/?s={search_term_string}"},"query-input":{"@type":"PropertyValueSpecification","valueRequired":true,"valueName":"search_term_string"}}],"inLanguage":"lt-LT"}]}},"_links":{"self":[{"href":"https:\/\/shop.huppa.eu\/lt\/wp-json\/wp\/v2\/pages\/505878","targetHints":{"allow":["GET"]}}],"collection":[{"href":"https:\/\/shop.huppa.eu\/lt\/wp-json\/wp\/v2\/pages"}],"about":[{"href":"https:\/\/shop.huppa.eu\/lt\/wp-json\/wp\/v2\/types\/page"}],"author":[{"embeddable":true,"href":"https:\/\/shop.huppa.eu\/lt\/wp-json\/wp\/v2\/users\/3197"}],"replies":[{"embeddable":true,"href":"https:\/\/shop.huppa.eu\/lt\/wp-json\/wp\/v2\/comments?post=505878"}],"version-history":[{"count":8,"href":"https:\/\/shop.huppa.eu\/lt\/wp-json\/wp\/v2\/pages\/505878\/revisions"}],"predecessor-version":[{"id":505892,"href":"https:\/\/shop.huppa.eu\/lt\/wp-json\/wp\/v2\/pages\/505878\/revisions\/505892"}],"wp:attachment":[{"href":"https:\/\/shop.huppa.eu\/lt\/wp-json\/wp\/v2\/media?parent=505878"}],"curies":[{"name":"wp","href":"https:\/\/api.w.org\/{rel}","templated":true}]}}