{"id":454170,"date":"2022-03-12T23:25:10","date_gmt":"2022-03-12T21:25:10","guid":{"rendered":"https:\/\/shop.huppa.eu\/lt\/product\/pavasario-rudens-striuke-mergaitems-laura-1\/"},"modified":"2026-04-16T05:31:10","modified_gmt":"2026-04-16T03:31:10","slug":"pavasario-rudens-striuke-mergaitems-laura-1","status":"publish","type":"product","link":"https:\/\/shop.huppa.eu\/lt\/product\/pavasario-rudens-striuke-mergaitems-laura-1\/","title":{"rendered":"Striuk\u0117 mergait\u0117ms LAURA 1 (100g)"},"content":{"rendered":"<p>Pavasario\/rudens striuk\u0117 mergait\u0117ms 100g pa\u0161iltinimo. Dailaus kirpimo,\u012flieminuota striuk\u0117 turi mink\u0161t\u0105 fliso pamu\u0161al\u0105 ant k\u016bno dalies ir taftos pamu\u0161al\u0105 rankov\u0117se.Kad b\u016bt\u0173 patogiau d\u0117v\u0117ti, striuk\u0117je yra nuimamas gaubtas ir elastingi guminiai rankogaliai bei sutrauktu juosmeniu. \u0160vies\u0105 atspindin\u010dios detal\u0117s padidina saugum\u0105 tamsoje. Vertingiausius daiktus galima laikyti u\u017esegamoje ki\u0161en\u0117je ant kr\u016btin\u0117s, o pir\u0161tin\u0117s patogiose priekin\u0117se ki\u0161en\u0117se.<\/p>\n","protected":false},"excerpt":{"rendered":"<p>Pavasario\/rudens striuk\u0117 mergait\u0117ms 100g pa\u0161iltinimo. Dailaus kirpimo,\u012flieminuota striuk\u0117 turi mink\u0161t\u0105 fliso pamu\u0161al\u0105 ant k\u016bno dalies ir taftos pamu\u0161al\u0105 rankov\u0117se.Kad b\u016bt\u0173 patogiau d\u0117v\u0117ti, striuk\u0117je yra nuimamas gaubtas ir elastingi guminiai rankogaliai bei sutrauktu juosmeniu. \u0160vies\u0105 atspindin\u010dios detal\u0117s padidina saugum\u0105 tamsoje. Vertingiausius daiktus galima laikyti u\u017esegamoje ki\u0161en\u0117je ant kr\u016btin\u0117s, o pir\u0161tin\u0117s patogiose priekin\u0117se ki\u0161en\u0117se.<\/p>\n","protected":false},"featured_media":421205,"template":"","meta":{"_acf_changed":false},"product_brand":[],"product_cat":[5723,5731,102,103,88,89,19],"product_tag":[],"class_list":{"0":"post-454170","1":"product","2":"type-product","3":"status-publish","4":"has-post-thumbnail","6":"product_cat-outlet","7":"product_cat-striukes-outlet","8":"product_cat-mergaiciu","9":"product_cat-striukes-mergaiciu","10":"product_cat-striukes","11":"product_cat-striukes-2","12":"product_cat-vaikai","13":"pa_amzius-vaikai","14":"pa_atsparumas-vandeniui-10000mm","15":"pa_dydis-105","16":"pa_dydis-79","17":"pa_dydis-93","18":"pa_dydis-96","19":"pa_dydis-99","20":"pa_izoliacijos-svoris-100g","21":"pa_kolekcija-nr-sa2017","22":"pa_kolekcijos-dalis-spring-autumn","23":"pa_lytis-mergaiciu","24":"pa_oro-pralaidumas-10000g-m-24h","25":"pa_prekes-artikulas-17370100-71235","26":"pa_rastuota-rastas","27":"pa_sezonas-pavasaris-ruduo","28":"pa_uzpildas-100g","30":"first","31":"instock","32":"sale","33":"taxable","34":"shipping-taxable","35":"purchasable","36":"product-type-variable"},"acf":[],"yoast_head":"<!-- This site is optimized with the Yoast SEO plugin v26.8 - https:\/\/yoast.com\/product\/yoast-seo-wordpress\/ -->\n<title>Striuk\u0117 mergait\u0117ms LAURA 1 (100g) - Huppa LT<\/title>\n<meta name=\"robots\" content=\"index, follow, max-snippet:-1, max-image-preview:large, max-video-preview:-1\" \/>\n<link rel=\"canonical\" href=\"https:\/\/shop.huppa.eu\/lt\/product\/pavasario-rudens-striuke-mergaitems-laura-1\/\" \/>\n<meta property=\"og:locale\" content=\"lt_LT\" \/>\n<meta property=\"og:type\" content=\"article\" \/>\n<meta property=\"og:title\" content=\"Striuk\u0117 mergait\u0117ms LAURA 1 (100g) - Huppa LT\" \/>\n<meta property=\"og:description\" content=\"Pavasario\/rudens striuk\u0117 mergait\u0117ms 100g pa\u0161iltinimo. Dailaus kirpimo,\u012flieminuota striuk\u0117 turi mink\u0161t\u0105 fliso pamu\u0161al\u0105 ant k\u016bno dalies ir taftos pamu\u0161al\u0105 rankov\u0117se.Kad b\u016bt\u0173 patogiau d\u0117v\u0117ti, striuk\u0117je yra nuimamas gaubtas ir elastingi guminiai rankogaliai bei sutrauktu juosmeniu. \u0160vies\u0105 atspindin\u010dios detal\u0117s padidina saugum\u0105 tamsoje. Vertingiausius daiktus galima laikyti u\u017esegamoje ki\u0161en\u0117je ant kr\u016btin\u0117s, o pir\u0161tin\u0117s patogiose priekin\u0117se ki\u0161en\u0117se.\" \/>\n<meta property=\"og:url\" content=\"https:\/\/shop.huppa.eu\/lt\/product\/pavasario-rudens-striuke-mergaitems-laura-1\/\" \/>\n<meta property=\"og:site_name\" content=\"Huppa LT\" \/>\n<meta property=\"article:modified_time\" content=\"2026-04-16T03:31:10+00:00\" \/>\n<meta property=\"og:image\" content=\"https:\/\/huppashop-prod.s3.eu-north-1.amazonaws.com\/wp-content\/uploads\/sites\/3\/2021\/06\/03002740\/17370100-71235-LAURA1f.jpg\" \/>\n\t<meta property=\"og:image:width\" content=\"800\" \/>\n\t<meta property=\"og:image:height\" content=\"800\" \/>\n\t<meta property=\"og:image:type\" content=\"image\/jpeg\" \/>\n<meta name=\"twitter:card\" content=\"summary_large_image\" \/>\n<script type=\"application\/ld+json\" class=\"yoast-schema-graph\">{\"@context\":\"https:\/\/schema.org\",\"@graph\":[{\"@type\":\"WebPage\",\"@id\":\"https:\/\/shop.huppa.eu\/lt\/product\/pavasario-rudens-striuke-mergaitems-laura-1\/\",\"url\":\"https:\/\/shop.huppa.eu\/lt\/product\/pavasario-rudens-striuke-mergaitems-laura-1\/\",\"name\":\"Striuk\u0117 mergait\u0117ms LAURA 1 (100g) - Huppa LT\",\"isPartOf\":{\"@id\":\"https:\/\/shop.huppa.eu\/lt\/#website\"},\"primaryImageOfPage\":{\"@id\":\"https:\/\/shop.huppa.eu\/lt\/product\/pavasario-rudens-striuke-mergaitems-laura-1\/#primaryimage\"},\"image\":{\"@id\":\"https:\/\/shop.huppa.eu\/lt\/product\/pavasario-rudens-striuke-mergaitems-laura-1\/#primaryimage\"},\"thumbnailUrl\":\"https:\/\/huppashop-prod.s3.eu-north-1.amazonaws.com\/wp-content\/uploads\/sites\/3\/2021\/06\/03002740\/17370100-71235-LAURA1f.jpg\",\"datePublished\":\"2022-03-12T21:25:10+00:00\",\"dateModified\":\"2026-04-16T03:31:10+00:00\",\"breadcrumb\":{\"@id\":\"https:\/\/shop.huppa.eu\/lt\/product\/pavasario-rudens-striuke-mergaitems-laura-1\/#breadcrumb\"},\"inLanguage\":\"lt-LT\",\"potentialAction\":[{\"@type\":\"ReadAction\",\"target\":[\"https:\/\/shop.huppa.eu\/lt\/product\/pavasario-rudens-striuke-mergaitems-laura-1\/\"]}]},{\"@type\":\"ImageObject\",\"inLanguage\":\"lt-LT\",\"@id\":\"https:\/\/shop.huppa.eu\/lt\/product\/pavasario-rudens-striuke-mergaitems-laura-1\/#primaryimage\",\"url\":\"https:\/\/huppashop-prod.s3.eu-north-1.amazonaws.com\/wp-content\/uploads\/sites\/3\/2021\/06\/03002740\/17370100-71235-LAURA1f.jpg\",\"contentUrl\":\"https:\/\/huppashop-prod.s3.eu-north-1.amazonaws.com\/wp-content\/uploads\/sites\/3\/2021\/06\/03002740\/17370100-71235-LAURA1f.jpg\",\"width\":800,\"height\":800},{\"@type\":\"BreadcrumbList\",\"@id\":\"https:\/\/shop.huppa.eu\/lt\/product\/pavasario-rudens-striuke-mergaitems-laura-1\/#breadcrumb\",\"itemListElement\":[{\"@type\":\"ListItem\",\"position\":1,\"name\":\"Shop\",\"item\":\"https:\/\/shop.huppa.eu\/lt\/shop\/\"},{\"@type\":\"ListItem\",\"position\":2,\"name\":\"Striuk\u0117 mergait\u0117ms LAURA 1 (100g)\"}]},{\"@type\":\"WebSite\",\"@id\":\"https:\/\/shop.huppa.eu\/lt\/#website\",\"url\":\"https:\/\/shop.huppa.eu\/lt\/\",\"name\":\"Huppa LT\",\"description\":\"Huppa LT\",\"potentialAction\":[{\"@type\":\"SearchAction\",\"target\":{\"@type\":\"EntryPoint\",\"urlTemplate\":\"https:\/\/shop.huppa.eu\/lt\/?s={search_term_string}\"},\"query-input\":{\"@type\":\"PropertyValueSpecification\",\"valueRequired\":true,\"valueName\":\"search_term_string\"}}],\"inLanguage\":\"lt-LT\"}]}<\/script>\n<!-- \/ Yoast SEO plugin. -->","yoast_head_json":{"title":"Striuk\u0117 mergait\u0117ms LAURA 1 (100g) - Huppa LT","robots":{"index":"index","follow":"follow","max-snippet":"max-snippet:-1","max-image-preview":"max-image-preview:large","max-video-preview":"max-video-preview:-1"},"canonical":"https:\/\/shop.huppa.eu\/lt\/product\/pavasario-rudens-striuke-mergaitems-laura-1\/","og_locale":"lt_LT","og_type":"article","og_title":"Striuk\u0117 mergait\u0117ms LAURA 1 (100g) - Huppa LT","og_description":"Pavasario\/rudens striuk\u0117 mergait\u0117ms 100g pa\u0161iltinimo. Dailaus kirpimo,\u012flieminuota striuk\u0117 turi mink\u0161t\u0105 fliso pamu\u0161al\u0105 ant k\u016bno dalies ir taftos pamu\u0161al\u0105 rankov\u0117se.Kad b\u016bt\u0173 patogiau d\u0117v\u0117ti, striuk\u0117je yra nuimamas gaubtas ir elastingi guminiai rankogaliai bei sutrauktu juosmeniu. \u0160vies\u0105 atspindin\u010dios detal\u0117s padidina saugum\u0105 tamsoje. Vertingiausius daiktus galima laikyti u\u017esegamoje ki\u0161en\u0117je ant kr\u016btin\u0117s, o pir\u0161tin\u0117s patogiose priekin\u0117se ki\u0161en\u0117se.","og_url":"https:\/\/shop.huppa.eu\/lt\/product\/pavasario-rudens-striuke-mergaitems-laura-1\/","og_site_name":"Huppa LT","article_modified_time":"2026-04-16T03:31:10+00:00","og_image":[{"width":800,"height":800,"url":"https:\/\/huppashop-prod.s3.eu-north-1.amazonaws.com\/wp-content\/uploads\/sites\/3\/2021\/06\/03002740\/17370100-71235-LAURA1f.jpg","type":"image\/jpeg"}],"twitter_card":"summary_large_image","schema":{"@context":"https:\/\/schema.org","@graph":[{"@type":"WebPage","@id":"https:\/\/shop.huppa.eu\/lt\/product\/pavasario-rudens-striuke-mergaitems-laura-1\/","url":"https:\/\/shop.huppa.eu\/lt\/product\/pavasario-rudens-striuke-mergaitems-laura-1\/","name":"Striuk\u0117 mergait\u0117ms LAURA 1 (100g) - Huppa LT","isPartOf":{"@id":"https:\/\/shop.huppa.eu\/lt\/#website"},"primaryImageOfPage":{"@id":"https:\/\/shop.huppa.eu\/lt\/product\/pavasario-rudens-striuke-mergaitems-laura-1\/#primaryimage"},"image":{"@id":"https:\/\/shop.huppa.eu\/lt\/product\/pavasario-rudens-striuke-mergaitems-laura-1\/#primaryimage"},"thumbnailUrl":"https:\/\/huppashop-prod.s3.eu-north-1.amazonaws.com\/wp-content\/uploads\/sites\/3\/2021\/06\/03002740\/17370100-71235-LAURA1f.jpg","datePublished":"2022-03-12T21:25:10+00:00","dateModified":"2026-04-16T03:31:10+00:00","breadcrumb":{"@id":"https:\/\/shop.huppa.eu\/lt\/product\/pavasario-rudens-striuke-mergaitems-laura-1\/#breadcrumb"},"inLanguage":"lt-LT","potentialAction":[{"@type":"ReadAction","target":["https:\/\/shop.huppa.eu\/lt\/product\/pavasario-rudens-striuke-mergaitems-laura-1\/"]}]},{"@type":"ImageObject","inLanguage":"lt-LT","@id":"https:\/\/shop.huppa.eu\/lt\/product\/pavasario-rudens-striuke-mergaitems-laura-1\/#primaryimage","url":"https:\/\/huppashop-prod.s3.eu-north-1.amazonaws.com\/wp-content\/uploads\/sites\/3\/2021\/06\/03002740\/17370100-71235-LAURA1f.jpg","contentUrl":"https:\/\/huppashop-prod.s3.eu-north-1.amazonaws.com\/wp-content\/uploads\/sites\/3\/2021\/06\/03002740\/17370100-71235-LAURA1f.jpg","width":800,"height":800},{"@type":"BreadcrumbList","@id":"https:\/\/shop.huppa.eu\/lt\/product\/pavasario-rudens-striuke-mergaitems-laura-1\/#breadcrumb","itemListElement":[{"@type":"ListItem","position":1,"name":"Shop","item":"https:\/\/shop.huppa.eu\/lt\/shop\/"},{"@type":"ListItem","position":2,"name":"Striuk\u0117 mergait\u0117ms LAURA 1 (100g)"}]},{"@type":"WebSite","@id":"https:\/\/shop.huppa.eu\/lt\/#website","url":"https:\/\/shop.huppa.eu\/lt\/","name":"Huppa LT","description":"Huppa LT","potentialAction":[{"@type":"SearchAction","target":{"@type":"EntryPoint","urlTemplate":"https:\/\/shop.huppa.eu\/lt\/?s={search_term_string}"},"query-input":{"@type":"PropertyValueSpecification","valueRequired":true,"valueName":"search_term_string"}}],"inLanguage":"lt-LT"}]}},"_links":{"self":[{"href":"https:\/\/shop.huppa.eu\/lt\/wp-json\/wp\/v2\/product\/454170","targetHints":{"allow":["GET"]}}],"collection":[{"href":"https:\/\/shop.huppa.eu\/lt\/wp-json\/wp\/v2\/product"}],"about":[{"href":"https:\/\/shop.huppa.eu\/lt\/wp-json\/wp\/v2\/types\/product"}],"wp:featuredmedia":[{"embeddable":true,"href":"https:\/\/shop.huppa.eu\/lt\/wp-json\/wp\/v2\/media\/421205"}],"wp:attachment":[{"href":"https:\/\/shop.huppa.eu\/lt\/wp-json\/wp\/v2\/media?parent=454170"}],"wp:term":[{"taxonomy":"product_brand","embeddable":true,"href":"https:\/\/shop.huppa.eu\/lt\/wp-json\/wp\/v2\/product_brand?post=454170"},{"taxonomy":"product_cat","embeddable":true,"href":"https:\/\/shop.huppa.eu\/lt\/wp-json\/wp\/v2\/product_cat?post=454170"},{"taxonomy":"product_tag","embeddable":true,"href":"https:\/\/shop.huppa.eu\/lt\/wp-json\/wp\/v2\/product_tag?post=454170"}],"curies":[{"name":"wp","href":"https:\/\/api.w.org\/{rel}","templated":true}]}}