{"id":455393,"date":"2022-03-12T23:54:25","date_gmt":"2022-03-12T21:54:25","guid":{"rendered":"https:\/\/shop.huppa.eu\/lt\/product\/pavasario-rudens-striuke-janek1-40g-2\/"},"modified":"2026-04-16T05:42:07","modified_gmt":"2026-04-16T03:42:07","slug":"pavasario-rudens-striuke-janek1-40g-2","status":"publish","type":"product","link":"https:\/\/shop.huppa.eu\/lt\/product\/pavasario-rudens-striuke-janek1-40g-2\/","title":{"rendered":"Pavasario\/rudens striuk\u0117 JANEK 1 (40g)"},"content":{"rendered":"<p>Pavasarin\u0117-rudenin\u0117 striuk\u0117 su 40 g pa\u0161iltinimu paaugliams ir vyrams. Striuk\u0117 \u017eaismingo kirpimo, turi taftos pamu\u0161al\u0105. Kad b\u016bt\u0173 patogiau d\u0117v\u0117ti, striuk\u0117 turi nuimam\u0105 gaubt\u0105 su knied\u0117mis ir guma sutrauktus rankogalius. Vertingesnius daiktus galima laikyti kr\u016btin\u0117s ir priekin\u0117se ki\u0161en\u0117se su u\u017esegimais. Mink\u0161ta ir patogi striuk\u0117 leid\u017eia m\u0117gautis v\u0117sesniu oru!<\/p>\n","protected":false},"excerpt":{"rendered":"<p>Pavasarin\u0117-rudenin\u0117 striuk\u0117 su 40 g pa\u0161iltinimu paaugliams ir vyrams. Striuk\u0117 \u017eaismingo kirpimo, turi taftos pamu\u0161al\u0105. Kad b\u016bt\u0173 patogiau d\u0117v\u0117ti, striuk\u0117 turi nuimam\u0105 gaubt\u0105 su knied\u0117mis ir guma sutrauktus rankogalius. Vertingesnius daiktus galima laikyti kr\u016btin\u0117s ir priekin\u0117se ki\u0161en\u0117se su u\u017esegimais. Mink\u0161ta ir patogi striuk\u0117 leid\u017eia m\u0117gautis v\u0117sesniu oru!<\/p>\n","protected":false},"featured_media":424108,"template":"","meta":{"_acf_changed":false},"product_brand":[],"product_cat":[5723,5731,89,560,561,128,17],"product_tag":[],"class_list":{"0":"post-455393","1":"product","2":"type-product","3":"status-publish","4":"has-post-thumbnail","6":"product_cat-outlet","7":"product_cat-striukes-outlet","8":"product_cat-striukes-2","9":"product_cat-striukes-suaugusieji","10":"product_cat-striukes-vyrai","11":"product_cat-suaugusieji","12":"product_cat-vyrai","13":"pa_amzius-suaugusieji","14":"pa_atsparumas-vandeniui-10000mm","15":"pa_dydis-100","16":"pa_dydis-101","17":"pa_dydis-s","18":"pa_dydis-m","19":"pa_dydis-l","20":"pa_dydis-xl","21":"pa_izoliacijos-svoris-40g","22":"pa_kolekcija-nr-sa2020","23":"pa_kolekcijos-dalis-spring-autumn","24":"pa_lytis-vyrai","25":"pa_oro-pralaidumas-10000g-m-24h","26":"pa_prekes-artikulas-18170104-02104","27":"pa_rastuota-rastas","28":"pa_sezonas-pavasaris-ruduo","29":"pa_uzpildas-40g","31":"first","32":"instock","33":"sale","34":"taxable","35":"shipping-taxable","36":"purchasable","37":"product-type-variable"},"acf":[],"yoast_head":"<!-- This site is optimized with the Yoast SEO plugin v26.8 - https:\/\/yoast.com\/product\/yoast-seo-wordpress\/ -->\n<title>Pavasario\/rudens striuk\u0117 JANEK 1 (40g) - Huppa LT<\/title>\n<meta name=\"robots\" content=\"index, follow, max-snippet:-1, max-image-preview:large, max-video-preview:-1\" \/>\n<link rel=\"canonical\" href=\"https:\/\/shop.huppa.eu\/lt\/product\/pavasario-rudens-striuke-janek1-40g-2\/\" \/>\n<meta property=\"og:locale\" content=\"lt_LT\" \/>\n<meta property=\"og:type\" content=\"article\" \/>\n<meta property=\"og:title\" content=\"Pavasario\/rudens striuk\u0117 JANEK 1 (40g) - Huppa LT\" \/>\n<meta property=\"og:description\" content=\"Pavasarin\u0117-rudenin\u0117 striuk\u0117 su 40 g pa\u0161iltinimu paaugliams ir vyrams. Striuk\u0117 \u017eaismingo kirpimo, turi taftos pamu\u0161al\u0105. Kad b\u016bt\u0173 patogiau d\u0117v\u0117ti, striuk\u0117 turi nuimam\u0105 gaubt\u0105 su knied\u0117mis ir guma sutrauktus rankogalius. Vertingesnius daiktus galima laikyti kr\u016btin\u0117s ir priekin\u0117se ki\u0161en\u0117se su u\u017esegimais. Mink\u0161ta ir patogi striuk\u0117 leid\u017eia m\u0117gautis v\u0117sesniu oru!\" \/>\n<meta property=\"og:url\" content=\"https:\/\/shop.huppa.eu\/lt\/product\/pavasario-rudens-striuke-janek1-40g-2\/\" \/>\n<meta property=\"og:site_name\" content=\"Huppa LT\" \/>\n<meta property=\"article:modified_time\" content=\"2026-04-16T03:42:07+00:00\" \/>\n<meta property=\"og:image\" content=\"https:\/\/huppashop-prod.s3.eu-north-1.amazonaws.com\/wp-content\/uploads\/sites\/3\/2021\/06\/03015653\/18170104-02104-JANEK1f.jpg\" \/>\n\t<meta property=\"og:image:width\" content=\"1200\" \/>\n\t<meta property=\"og:image:height\" content=\"1200\" \/>\n\t<meta property=\"og:image:type\" content=\"image\/jpeg\" \/>\n<meta name=\"twitter:card\" content=\"summary_large_image\" \/>\n<meta name=\"twitter:label1\" content=\"Est. reading time\" \/>\n\t<meta name=\"twitter:data1\" content=\"1 minut\u0117\" \/>\n<script type=\"application\/ld+json\" class=\"yoast-schema-graph\">{\"@context\":\"https:\/\/schema.org\",\"@graph\":[{\"@type\":\"WebPage\",\"@id\":\"https:\/\/shop.huppa.eu\/lt\/product\/pavasario-rudens-striuke-janek1-40g-2\/\",\"url\":\"https:\/\/shop.huppa.eu\/lt\/product\/pavasario-rudens-striuke-janek1-40g-2\/\",\"name\":\"Pavasario\/rudens striuk\u0117 JANEK 1 (40g) - Huppa LT\",\"isPartOf\":{\"@id\":\"https:\/\/shop.huppa.eu\/lt\/#website\"},\"primaryImageOfPage\":{\"@id\":\"https:\/\/shop.huppa.eu\/lt\/product\/pavasario-rudens-striuke-janek1-40g-2\/#primaryimage\"},\"image\":{\"@id\":\"https:\/\/shop.huppa.eu\/lt\/product\/pavasario-rudens-striuke-janek1-40g-2\/#primaryimage\"},\"thumbnailUrl\":\"https:\/\/huppashop-prod.s3.eu-north-1.amazonaws.com\/wp-content\/uploads\/sites\/3\/2021\/06\/03015653\/18170104-02104-JANEK1f.jpg\",\"datePublished\":\"2022-03-12T21:54:25+00:00\",\"dateModified\":\"2026-04-16T03:42:07+00:00\",\"breadcrumb\":{\"@id\":\"https:\/\/shop.huppa.eu\/lt\/product\/pavasario-rudens-striuke-janek1-40g-2\/#breadcrumb\"},\"inLanguage\":\"lt-LT\",\"potentialAction\":[{\"@type\":\"ReadAction\",\"target\":[\"https:\/\/shop.huppa.eu\/lt\/product\/pavasario-rudens-striuke-janek1-40g-2\/\"]}]},{\"@type\":\"ImageObject\",\"inLanguage\":\"lt-LT\",\"@id\":\"https:\/\/shop.huppa.eu\/lt\/product\/pavasario-rudens-striuke-janek1-40g-2\/#primaryimage\",\"url\":\"https:\/\/huppashop-prod.s3.eu-north-1.amazonaws.com\/wp-content\/uploads\/sites\/3\/2021\/06\/03015653\/18170104-02104-JANEK1f.jpg\",\"contentUrl\":\"https:\/\/huppashop-prod.s3.eu-north-1.amazonaws.com\/wp-content\/uploads\/sites\/3\/2021\/06\/03015653\/18170104-02104-JANEK1f.jpg\",\"width\":1200,\"height\":1200},{\"@type\":\"BreadcrumbList\",\"@id\":\"https:\/\/shop.huppa.eu\/lt\/product\/pavasario-rudens-striuke-janek1-40g-2\/#breadcrumb\",\"itemListElement\":[{\"@type\":\"ListItem\",\"position\":1,\"name\":\"Shop\",\"item\":\"https:\/\/shop.huppa.eu\/lt\/shop\/\"},{\"@type\":\"ListItem\",\"position\":2,\"name\":\"Pavasario\/rudens striuk\u0117 JANEK 1 (40g)\"}]},{\"@type\":\"WebSite\",\"@id\":\"https:\/\/shop.huppa.eu\/lt\/#website\",\"url\":\"https:\/\/shop.huppa.eu\/lt\/\",\"name\":\"Huppa LT\",\"description\":\"Huppa LT\",\"potentialAction\":[{\"@type\":\"SearchAction\",\"target\":{\"@type\":\"EntryPoint\",\"urlTemplate\":\"https:\/\/shop.huppa.eu\/lt\/?s={search_term_string}\"},\"query-input\":{\"@type\":\"PropertyValueSpecification\",\"valueRequired\":true,\"valueName\":\"search_term_string\"}}],\"inLanguage\":\"lt-LT\"}]}<\/script>\n<!-- \/ Yoast SEO plugin. -->","yoast_head_json":{"title":"Pavasario\/rudens striuk\u0117 JANEK 1 (40g) - Huppa LT","robots":{"index":"index","follow":"follow","max-snippet":"max-snippet:-1","max-image-preview":"max-image-preview:large","max-video-preview":"max-video-preview:-1"},"canonical":"https:\/\/shop.huppa.eu\/lt\/product\/pavasario-rudens-striuke-janek1-40g-2\/","og_locale":"lt_LT","og_type":"article","og_title":"Pavasario\/rudens striuk\u0117 JANEK 1 (40g) - Huppa LT","og_description":"Pavasarin\u0117-rudenin\u0117 striuk\u0117 su 40 g pa\u0161iltinimu paaugliams ir vyrams. Striuk\u0117 \u017eaismingo kirpimo, turi taftos pamu\u0161al\u0105. Kad b\u016bt\u0173 patogiau d\u0117v\u0117ti, striuk\u0117 turi nuimam\u0105 gaubt\u0105 su knied\u0117mis ir guma sutrauktus rankogalius. Vertingesnius daiktus galima laikyti kr\u016btin\u0117s ir priekin\u0117se ki\u0161en\u0117se su u\u017esegimais. Mink\u0161ta ir patogi striuk\u0117 leid\u017eia m\u0117gautis v\u0117sesniu oru!","og_url":"https:\/\/shop.huppa.eu\/lt\/product\/pavasario-rudens-striuke-janek1-40g-2\/","og_site_name":"Huppa LT","article_modified_time":"2026-04-16T03:42:07+00:00","og_image":[{"width":1200,"height":1200,"url":"https:\/\/huppashop-prod.s3.eu-north-1.amazonaws.com\/wp-content\/uploads\/sites\/3\/2021\/06\/03015653\/18170104-02104-JANEK1f.jpg","type":"image\/jpeg"}],"twitter_card":"summary_large_image","twitter_misc":{"Est. reading time":"1 minut\u0117"},"schema":{"@context":"https:\/\/schema.org","@graph":[{"@type":"WebPage","@id":"https:\/\/shop.huppa.eu\/lt\/product\/pavasario-rudens-striuke-janek1-40g-2\/","url":"https:\/\/shop.huppa.eu\/lt\/product\/pavasario-rudens-striuke-janek1-40g-2\/","name":"Pavasario\/rudens striuk\u0117 JANEK 1 (40g) - Huppa LT","isPartOf":{"@id":"https:\/\/shop.huppa.eu\/lt\/#website"},"primaryImageOfPage":{"@id":"https:\/\/shop.huppa.eu\/lt\/product\/pavasario-rudens-striuke-janek1-40g-2\/#primaryimage"},"image":{"@id":"https:\/\/shop.huppa.eu\/lt\/product\/pavasario-rudens-striuke-janek1-40g-2\/#primaryimage"},"thumbnailUrl":"https:\/\/huppashop-prod.s3.eu-north-1.amazonaws.com\/wp-content\/uploads\/sites\/3\/2021\/06\/03015653\/18170104-02104-JANEK1f.jpg","datePublished":"2022-03-12T21:54:25+00:00","dateModified":"2026-04-16T03:42:07+00:00","breadcrumb":{"@id":"https:\/\/shop.huppa.eu\/lt\/product\/pavasario-rudens-striuke-janek1-40g-2\/#breadcrumb"},"inLanguage":"lt-LT","potentialAction":[{"@type":"ReadAction","target":["https:\/\/shop.huppa.eu\/lt\/product\/pavasario-rudens-striuke-janek1-40g-2\/"]}]},{"@type":"ImageObject","inLanguage":"lt-LT","@id":"https:\/\/shop.huppa.eu\/lt\/product\/pavasario-rudens-striuke-janek1-40g-2\/#primaryimage","url":"https:\/\/huppashop-prod.s3.eu-north-1.amazonaws.com\/wp-content\/uploads\/sites\/3\/2021\/06\/03015653\/18170104-02104-JANEK1f.jpg","contentUrl":"https:\/\/huppashop-prod.s3.eu-north-1.amazonaws.com\/wp-content\/uploads\/sites\/3\/2021\/06\/03015653\/18170104-02104-JANEK1f.jpg","width":1200,"height":1200},{"@type":"BreadcrumbList","@id":"https:\/\/shop.huppa.eu\/lt\/product\/pavasario-rudens-striuke-janek1-40g-2\/#breadcrumb","itemListElement":[{"@type":"ListItem","position":1,"name":"Shop","item":"https:\/\/shop.huppa.eu\/lt\/shop\/"},{"@type":"ListItem","position":2,"name":"Pavasario\/rudens striuk\u0117 JANEK 1 (40g)"}]},{"@type":"WebSite","@id":"https:\/\/shop.huppa.eu\/lt\/#website","url":"https:\/\/shop.huppa.eu\/lt\/","name":"Huppa LT","description":"Huppa LT","potentialAction":[{"@type":"SearchAction","target":{"@type":"EntryPoint","urlTemplate":"https:\/\/shop.huppa.eu\/lt\/?s={search_term_string}"},"query-input":{"@type":"PropertyValueSpecification","valueRequired":true,"valueName":"search_term_string"}}],"inLanguage":"lt-LT"}]}},"_links":{"self":[{"href":"https:\/\/shop.huppa.eu\/lt\/wp-json\/wp\/v2\/product\/455393","targetHints":{"allow":["GET"]}}],"collection":[{"href":"https:\/\/shop.huppa.eu\/lt\/wp-json\/wp\/v2\/product"}],"about":[{"href":"https:\/\/shop.huppa.eu\/lt\/wp-json\/wp\/v2\/types\/product"}],"wp:featuredmedia":[{"embeddable":true,"href":"https:\/\/shop.huppa.eu\/lt\/wp-json\/wp\/v2\/media\/424108"}],"wp:attachment":[{"href":"https:\/\/shop.huppa.eu\/lt\/wp-json\/wp\/v2\/media?parent=455393"}],"wp:term":[{"taxonomy":"product_brand","embeddable":true,"href":"https:\/\/shop.huppa.eu\/lt\/wp-json\/wp\/v2\/product_brand?post=455393"},{"taxonomy":"product_cat","embeddable":true,"href":"https:\/\/shop.huppa.eu\/lt\/wp-json\/wp\/v2\/product_cat?post=455393"},{"taxonomy":"product_tag","embeddable":true,"href":"https:\/\/shop.huppa.eu\/lt\/wp-json\/wp\/v2\/product_tag?post=455393"}],"curies":[{"name":"wp","href":"https:\/\/api.w.org\/{rel}","templated":true}]}}