{"id":455458,"date":"2022-03-12T23:54:25","date_gmt":"2022-03-12T21:54:25","guid":{"rendered":"https:\/\/shop.huppa.eu\/lt\/product\/ziemine-striuke-roice-200g\/"},"modified":"2026-04-15T05:42:10","modified_gmt":"2026-04-15T03:42:10","slug":"ziemine-striuke-roice-200g","status":"publish","type":"product","link":"https:\/\/shop.huppa.eu\/lt\/product\/ziemine-striuke-roice-200g\/","title":{"rendered":"HUPPA TEC striuk\u0117 ROICE (200g)"},"content":{"rendered":"<p>Vandeniui atspari HuppaTec su 200g pa\u0161iltinimu striuk\u0117 berniukams. Visos striuk\u0117s si\u016bl\u0117s klijuotos, o jos \u0161ilum\u0105 atspindintis HuppaTec pamu\u0161alas u\u017etikrina 30% geresn\u0119 \u0161ilum\u0105. Naudojimosi komfort\u0105 didina gumos rankogaliuose, sagomis lengvai nuimamas gobtuvas ir nat\u016bralaus kailio kra\u0161tas, ki\u0161en\u0117s su u\u017etrauktukais ir ki\u0161en\u0117 kortelei. \u0160vies\u0105 atspindin\u010dios detal\u0117s ant i\u0161orinio audinio.<\/p>\n","protected":false},"excerpt":{"rendered":"<p>Vandeniui atspari HuppaTec su 200g pa\u0161iltinimu striuk\u0117 berniukams. Visos striuk\u0117s si\u016bl\u0117s klijuotos, o jos \u0161ilum\u0105 atspindintis HuppaTec pamu\u0161alas u\u017etikrina 30% geresn\u0119 \u0161ilum\u0105. Naudojimosi komfort\u0105 didina gumos rankogaliuose, sagomis lengvai nuimamas gobtuvas ir nat\u016bralaus kailio kra\u0161tas, ki\u0161en\u0117s su u\u017etrauktukais ir ki\u0161en\u0117 kortelei. \u0160vies\u0105 atspindin\u010dios detal\u0117s ant i\u0161orinio audinio.<\/p>\n","protected":false},"featured_media":455463,"template":"","meta":{"_acf_changed":false},"product_brand":[],"product_cat":[5723,5731,90,91,88,89,19],"product_tag":[],"class_list":{"0":"post-455458","1":"product","2":"type-product","3":"status-publish","4":"has-post-thumbnail","6":"product_cat-outlet","7":"product_cat-striukes-outlet","8":"product_cat-berniuku","9":"product_cat-striukes-berniuku","10":"product_cat-striukes","11":"product_cat-striukes-2","12":"product_cat-vaikai","13":"pa_amzius-vaikai","14":"pa_atsparumas-vandeniui-10000mm","15":"pa_dydis-99","16":"pa_dydis-100","17":"pa_dydis-101","18":"pa_dydis-xs","19":"pa_dydis-s","20":"pa_dydis-m","21":"pa_dydis-l","22":"pa_dydis-xl","23":"pa_izoliacijos-svoris-200g","24":"pa_kolekcija-nr-w19-20","25":"pa_kolekcijos-dalis-huppatec","26":"pa_lytis-berniuku","27":"pa_oro-pralaidumas-10000g-m-24h","28":"pa_prekes-artikulas-18190020-80066","29":"pa_rastuota-vienspalvis","30":"pa_sezonas-ziema","31":"pa_uzpildas-200g","33":"first","34":"instock","35":"sale","36":"taxable","37":"shipping-taxable","38":"purchasable","39":"product-type-variable"},"acf":[],"yoast_head":"<!-- This site is optimized with the Yoast SEO plugin v26.8 - https:\/\/yoast.com\/product\/yoast-seo-wordpress\/ -->\n<title>HUPPA TEC striuk\u0117 ROICE (200g) - Huppa LT<\/title>\n<meta name=\"robots\" content=\"index, follow, max-snippet:-1, max-image-preview:large, max-video-preview:-1\" \/>\n<link rel=\"canonical\" href=\"https:\/\/shop.huppa.eu\/lt\/product\/ziemine-striuke-roice-200g\/\" \/>\n<meta property=\"og:locale\" content=\"lt_LT\" \/>\n<meta property=\"og:type\" content=\"article\" \/>\n<meta property=\"og:title\" content=\"HUPPA TEC striuk\u0117 ROICE (200g) - Huppa LT\" \/>\n<meta property=\"og:description\" content=\"Vandeniui atspari HuppaTec su 200g pa\u0161iltinimu striuk\u0117 berniukams. Visos striuk\u0117s si\u016bl\u0117s klijuotos, o jos \u0161ilum\u0105 atspindintis HuppaTec pamu\u0161alas u\u017etikrina 30% geresn\u0119 \u0161ilum\u0105. Naudojimosi komfort\u0105 didina gumos rankogaliuose, sagomis lengvai nuimamas gobtuvas ir nat\u016bralaus kailio kra\u0161tas, ki\u0161en\u0117s su u\u017etrauktukais ir ki\u0161en\u0117 kortelei. \u0160vies\u0105 atspindin\u010dios detal\u0117s ant i\u0161orinio audinio.\" \/>\n<meta property=\"og:url\" content=\"https:\/\/shop.huppa.eu\/lt\/product\/ziemine-striuke-roice-200g\/\" \/>\n<meta property=\"og:site_name\" content=\"Huppa LT\" \/>\n<meta property=\"article:modified_time\" content=\"2026-04-15T03:42:10+00:00\" \/>\n<meta property=\"og:image\" content=\"https:\/\/huppashop-prod.s3.eu-north-1.amazonaws.com\/wp-content\/uploads\/sites\/5\/2022\/03\/12235740\/18190020-80066-ROICEf.jpg\" \/>\n\t<meta property=\"og:image:width\" content=\"1200\" \/>\n\t<meta property=\"og:image:height\" content=\"1200\" \/>\n\t<meta property=\"og:image:type\" content=\"image\/jpeg\" \/>\n<meta name=\"twitter:card\" content=\"summary_large_image\" \/>\n<script type=\"application\/ld+json\" class=\"yoast-schema-graph\">{\"@context\":\"https:\/\/schema.org\",\"@graph\":[{\"@type\":\"WebPage\",\"@id\":\"https:\/\/shop.huppa.eu\/lt\/product\/ziemine-striuke-roice-200g\/\",\"url\":\"https:\/\/shop.huppa.eu\/lt\/product\/ziemine-striuke-roice-200g\/\",\"name\":\"HUPPA TEC striuk\u0117 ROICE (200g) - Huppa LT\",\"isPartOf\":{\"@id\":\"https:\/\/shop.huppa.eu\/lt\/#website\"},\"primaryImageOfPage\":{\"@id\":\"https:\/\/shop.huppa.eu\/lt\/product\/ziemine-striuke-roice-200g\/#primaryimage\"},\"image\":{\"@id\":\"https:\/\/shop.huppa.eu\/lt\/product\/ziemine-striuke-roice-200g\/#primaryimage\"},\"thumbnailUrl\":\"https:\/\/huppashop-prod.s3.eu-north-1.amazonaws.com\/wp-content\/uploads\/sites\/5\/2022\/03\/12235740\/18190020-80066-ROICEf.jpg\",\"datePublished\":\"2022-03-12T21:54:25+00:00\",\"dateModified\":\"2026-04-15T03:42:10+00:00\",\"breadcrumb\":{\"@id\":\"https:\/\/shop.huppa.eu\/lt\/product\/ziemine-striuke-roice-200g\/#breadcrumb\"},\"inLanguage\":\"lt-LT\",\"potentialAction\":[{\"@type\":\"ReadAction\",\"target\":[\"https:\/\/shop.huppa.eu\/lt\/product\/ziemine-striuke-roice-200g\/\"]}]},{\"@type\":\"ImageObject\",\"inLanguage\":\"lt-LT\",\"@id\":\"https:\/\/shop.huppa.eu\/lt\/product\/ziemine-striuke-roice-200g\/#primaryimage\",\"url\":\"https:\/\/huppashop-prod.s3.eu-north-1.amazonaws.com\/wp-content\/uploads\/sites\/5\/2022\/03\/12235740\/18190020-80066-ROICEf.jpg\",\"contentUrl\":\"https:\/\/huppashop-prod.s3.eu-north-1.amazonaws.com\/wp-content\/uploads\/sites\/5\/2022\/03\/12235740\/18190020-80066-ROICEf.jpg\",\"width\":1200,\"height\":1200},{\"@type\":\"BreadcrumbList\",\"@id\":\"https:\/\/shop.huppa.eu\/lt\/product\/ziemine-striuke-roice-200g\/#breadcrumb\",\"itemListElement\":[{\"@type\":\"ListItem\",\"position\":1,\"name\":\"Shop\",\"item\":\"https:\/\/shop.huppa.eu\/lt\/shop\/\"},{\"@type\":\"ListItem\",\"position\":2,\"name\":\"HUPPA TEC striuk\u0117 ROICE (200g)\"}]},{\"@type\":\"WebSite\",\"@id\":\"https:\/\/shop.huppa.eu\/lt\/#website\",\"url\":\"https:\/\/shop.huppa.eu\/lt\/\",\"name\":\"Huppa LT\",\"description\":\"Huppa LT\",\"potentialAction\":[{\"@type\":\"SearchAction\",\"target\":{\"@type\":\"EntryPoint\",\"urlTemplate\":\"https:\/\/shop.huppa.eu\/lt\/?s={search_term_string}\"},\"query-input\":{\"@type\":\"PropertyValueSpecification\",\"valueRequired\":true,\"valueName\":\"search_term_string\"}}],\"inLanguage\":\"lt-LT\"}]}<\/script>\n<!-- \/ Yoast SEO plugin. -->","yoast_head_json":{"title":"HUPPA TEC striuk\u0117 ROICE (200g) - Huppa LT","robots":{"index":"index","follow":"follow","max-snippet":"max-snippet:-1","max-image-preview":"max-image-preview:large","max-video-preview":"max-video-preview:-1"},"canonical":"https:\/\/shop.huppa.eu\/lt\/product\/ziemine-striuke-roice-200g\/","og_locale":"lt_LT","og_type":"article","og_title":"HUPPA TEC striuk\u0117 ROICE (200g) - Huppa LT","og_description":"Vandeniui atspari HuppaTec su 200g pa\u0161iltinimu striuk\u0117 berniukams. Visos striuk\u0117s si\u016bl\u0117s klijuotos, o jos \u0161ilum\u0105 atspindintis HuppaTec pamu\u0161alas u\u017etikrina 30% geresn\u0119 \u0161ilum\u0105. Naudojimosi komfort\u0105 didina gumos rankogaliuose, sagomis lengvai nuimamas gobtuvas ir nat\u016bralaus kailio kra\u0161tas, ki\u0161en\u0117s su u\u017etrauktukais ir ki\u0161en\u0117 kortelei. \u0160vies\u0105 atspindin\u010dios detal\u0117s ant i\u0161orinio audinio.","og_url":"https:\/\/shop.huppa.eu\/lt\/product\/ziemine-striuke-roice-200g\/","og_site_name":"Huppa LT","article_modified_time":"2026-04-15T03:42:10+00:00","og_image":[{"width":1200,"height":1200,"url":"https:\/\/huppashop-prod.s3.eu-north-1.amazonaws.com\/wp-content\/uploads\/sites\/5\/2022\/03\/12235740\/18190020-80066-ROICEf.jpg","type":"image\/jpeg"}],"twitter_card":"summary_large_image","schema":{"@context":"https:\/\/schema.org","@graph":[{"@type":"WebPage","@id":"https:\/\/shop.huppa.eu\/lt\/product\/ziemine-striuke-roice-200g\/","url":"https:\/\/shop.huppa.eu\/lt\/product\/ziemine-striuke-roice-200g\/","name":"HUPPA TEC striuk\u0117 ROICE (200g) - Huppa LT","isPartOf":{"@id":"https:\/\/shop.huppa.eu\/lt\/#website"},"primaryImageOfPage":{"@id":"https:\/\/shop.huppa.eu\/lt\/product\/ziemine-striuke-roice-200g\/#primaryimage"},"image":{"@id":"https:\/\/shop.huppa.eu\/lt\/product\/ziemine-striuke-roice-200g\/#primaryimage"},"thumbnailUrl":"https:\/\/huppashop-prod.s3.eu-north-1.amazonaws.com\/wp-content\/uploads\/sites\/5\/2022\/03\/12235740\/18190020-80066-ROICEf.jpg","datePublished":"2022-03-12T21:54:25+00:00","dateModified":"2026-04-15T03:42:10+00:00","breadcrumb":{"@id":"https:\/\/shop.huppa.eu\/lt\/product\/ziemine-striuke-roice-200g\/#breadcrumb"},"inLanguage":"lt-LT","potentialAction":[{"@type":"ReadAction","target":["https:\/\/shop.huppa.eu\/lt\/product\/ziemine-striuke-roice-200g\/"]}]},{"@type":"ImageObject","inLanguage":"lt-LT","@id":"https:\/\/shop.huppa.eu\/lt\/product\/ziemine-striuke-roice-200g\/#primaryimage","url":"https:\/\/huppashop-prod.s3.eu-north-1.amazonaws.com\/wp-content\/uploads\/sites\/5\/2022\/03\/12235740\/18190020-80066-ROICEf.jpg","contentUrl":"https:\/\/huppashop-prod.s3.eu-north-1.amazonaws.com\/wp-content\/uploads\/sites\/5\/2022\/03\/12235740\/18190020-80066-ROICEf.jpg","width":1200,"height":1200},{"@type":"BreadcrumbList","@id":"https:\/\/shop.huppa.eu\/lt\/product\/ziemine-striuke-roice-200g\/#breadcrumb","itemListElement":[{"@type":"ListItem","position":1,"name":"Shop","item":"https:\/\/shop.huppa.eu\/lt\/shop\/"},{"@type":"ListItem","position":2,"name":"HUPPA TEC striuk\u0117 ROICE (200g)"}]},{"@type":"WebSite","@id":"https:\/\/shop.huppa.eu\/lt\/#website","url":"https:\/\/shop.huppa.eu\/lt\/","name":"Huppa LT","description":"Huppa LT","potentialAction":[{"@type":"SearchAction","target":{"@type":"EntryPoint","urlTemplate":"https:\/\/shop.huppa.eu\/lt\/?s={search_term_string}"},"query-input":{"@type":"PropertyValueSpecification","valueRequired":true,"valueName":"search_term_string"}}],"inLanguage":"lt-LT"}]}},"_links":{"self":[{"href":"https:\/\/shop.huppa.eu\/lt\/wp-json\/wp\/v2\/product\/455458","targetHints":{"allow":["GET"]}}],"collection":[{"href":"https:\/\/shop.huppa.eu\/lt\/wp-json\/wp\/v2\/product"}],"about":[{"href":"https:\/\/shop.huppa.eu\/lt\/wp-json\/wp\/v2\/types\/product"}],"wp:featuredmedia":[{"embeddable":true,"href":"https:\/\/shop.huppa.eu\/lt\/wp-json\/wp\/v2\/media\/455463"}],"wp:attachment":[{"href":"https:\/\/shop.huppa.eu\/lt\/wp-json\/wp\/v2\/media?parent=455458"}],"wp:term":[{"taxonomy":"product_brand","embeddable":true,"href":"https:\/\/shop.huppa.eu\/lt\/wp-json\/wp\/v2\/product_brand?post=455458"},{"taxonomy":"product_cat","embeddable":true,"href":"https:\/\/shop.huppa.eu\/lt\/wp-json\/wp\/v2\/product_cat?post=455458"},{"taxonomy":"product_tag","embeddable":true,"href":"https:\/\/shop.huppa.eu\/lt\/wp-json\/wp\/v2\/product_tag?post=455458"}],"curies":[{"name":"wp","href":"https:\/\/api.w.org\/{rel}","templated":true}]}}