{"id":459061,"date":"2022-03-13T01:22:44","date_gmt":"2022-03-12T23:22:44","guid":{"rendered":"https:\/\/shop.huppa.eu\/lt\/product\/trikotaziniai-marskineliai-jamena\/"},"modified":"2026-04-09T16:01:39","modified_gmt":"2026-04-09T14:01:39","slug":"trikotaziniai-marskineliai-jamena","status":"publish","type":"product","link":"https:\/\/shop.huppa.eu\/lt\/product\/trikotaziniai-marskineliai-jamena\/","title":{"rendered":"Trikota\u017einiai mar\u0161kin\u0117liai JAMENA"},"content":{"rendered":"<p>Ilgomis rankov\u0117mis mar\u0161kin\u0117liai mergait\u0117ms. Mar\u0161kin\u0117lius galima kombinuoti su tampr\u0117mis JEWEL arba sijonu CHARLOTTE. Mar\u0161kin\u0117liai pagaminti i\u0161 kokybi\u0161ko ir mink\u0161to trikota\u017einio audinio, kurio sud\u0117tyje 95% medviln\u0117s ir 5% elastano.<\/p>\n","protected":false},"excerpt":{"rendered":"<p>Ilgomis rankov\u0117mis mar\u0161kin\u0117liai mergait\u0117ms. Mar\u0161kin\u0117lius galima kombinuoti su tampr\u0117mis JEWEL arba sijonu CHARLOTTE. Mar\u0161kin\u0117liai pagaminti i\u0161 kokybi\u0161ko ir mink\u0161to trikota\u017einio audinio, kurio sud\u0117tyje 95% medviln\u0117s ir 5% elastano.<\/p>\n","protected":false},"featured_media":431620,"template":"","meta":{"_acf_changed":false},"product_brand":[],"product_cat":[6686,5723,1750,1756,1749,102,19],"product_tag":[],"class_list":{"0":"post-459061","1":"product","2":"type-product","3":"status-publish","4":"has-post-thumbnail","6":"product_cat-marskineliai-outlet","7":"product_cat-outlet","8":"product_cat-marskineliai-2","9":"product_cat-marskineliai-mergaiciu","10":"product_cat-marskineliai","11":"product_cat-mergaiciu","12":"product_cat-vaikai","13":"pa_amzius-vaikai","14":"pa_atsparumas-vandeniui-mm","15":"pa_dydis-105","16":"pa_dydis-79","17":"pa_dydis-93","18":"pa_dydis-96","19":"pa_dydis-97","20":"pa_dydis-98","21":"pa_dydis-99","22":"pa_dydis-100","23":"pa_dydis-101","24":"pa_dydis-411","25":"pa_dydis-412","26":"pa_kolekcija-nr-w19-20","27":"pa_kolekcijos-dalis-jersey","28":"pa_lytis-mergaiciu","29":"pa_oro-pralaidumas-g-m-24h","30":"pa_prekes-artikulas-73020000-94320","31":"pa_rastuota-rastas","32":"pa_sezonas-ziema","34":"first","35":"instock","36":"sale","37":"taxable","38":"shipping-taxable","39":"purchasable","40":"product-type-variable"},"acf":[],"yoast_head":"<!-- This site is optimized with the Yoast SEO plugin v26.8 - https:\/\/yoast.com\/product\/yoast-seo-wordpress\/ -->\n<title>Trikota\u017einiai mar\u0161kin\u0117liai JAMENA - Huppa LT<\/title>\n<meta name=\"robots\" content=\"index, follow, max-snippet:-1, max-image-preview:large, max-video-preview:-1\" \/>\n<link rel=\"canonical\" href=\"https:\/\/shop.huppa.eu\/lt\/product\/trikotaziniai-marskineliai-jamena\/\" \/>\n<meta property=\"og:locale\" content=\"lt_LT\" \/>\n<meta property=\"og:type\" content=\"article\" \/>\n<meta property=\"og:title\" content=\"Trikota\u017einiai mar\u0161kin\u0117liai JAMENA - Huppa LT\" \/>\n<meta property=\"og:description\" content=\"Ilgomis rankov\u0117mis mar\u0161kin\u0117liai mergait\u0117ms. Mar\u0161kin\u0117lius galima kombinuoti su tampr\u0117mis JEWEL arba sijonu CHARLOTTE. Mar\u0161kin\u0117liai pagaminti i\u0161 kokybi\u0161ko ir mink\u0161to trikota\u017einio audinio, kurio sud\u0117tyje 95% medviln\u0117s ir 5% elastano.\" \/>\n<meta property=\"og:url\" content=\"https:\/\/shop.huppa.eu\/lt\/product\/trikotaziniai-marskineliai-jamena\/\" \/>\n<meta property=\"og:site_name\" content=\"Huppa LT\" \/>\n<meta property=\"article:modified_time\" content=\"2026-04-09T14:01:39+00:00\" \/>\n<meta property=\"og:image\" content=\"https:\/\/huppashop-prod.s3.eu-north-1.amazonaws.com\/wp-content\/uploads\/sites\/3\/2021\/06\/03064012\/73020000-94320-JAMENAf.jpg\" \/>\n\t<meta property=\"og:image:width\" content=\"1200\" \/>\n\t<meta property=\"og:image:height\" content=\"1200\" \/>\n\t<meta property=\"og:image:type\" content=\"image\/jpeg\" \/>\n<meta name=\"twitter:card\" content=\"summary_large_image\" \/>\n<script type=\"application\/ld+json\" class=\"yoast-schema-graph\">{\"@context\":\"https:\/\/schema.org\",\"@graph\":[{\"@type\":\"WebPage\",\"@id\":\"https:\/\/shop.huppa.eu\/lt\/product\/trikotaziniai-marskineliai-jamena\/\",\"url\":\"https:\/\/shop.huppa.eu\/lt\/product\/trikotaziniai-marskineliai-jamena\/\",\"name\":\"Trikota\u017einiai mar\u0161kin\u0117liai JAMENA - Huppa LT\",\"isPartOf\":{\"@id\":\"https:\/\/shop.huppa.eu\/lt\/#website\"},\"primaryImageOfPage\":{\"@id\":\"https:\/\/shop.huppa.eu\/lt\/product\/trikotaziniai-marskineliai-jamena\/#primaryimage\"},\"image\":{\"@id\":\"https:\/\/shop.huppa.eu\/lt\/product\/trikotaziniai-marskineliai-jamena\/#primaryimage\"},\"thumbnailUrl\":\"https:\/\/huppashop-prod.s3.eu-north-1.amazonaws.com\/wp-content\/uploads\/sites\/3\/2021\/06\/03064012\/73020000-94320-JAMENAf.jpg\",\"datePublished\":\"2022-03-12T23:22:44+00:00\",\"dateModified\":\"2026-04-09T14:01:39+00:00\",\"breadcrumb\":{\"@id\":\"https:\/\/shop.huppa.eu\/lt\/product\/trikotaziniai-marskineliai-jamena\/#breadcrumb\"},\"inLanguage\":\"lt-LT\",\"potentialAction\":[{\"@type\":\"ReadAction\",\"target\":[\"https:\/\/shop.huppa.eu\/lt\/product\/trikotaziniai-marskineliai-jamena\/\"]}]},{\"@type\":\"ImageObject\",\"inLanguage\":\"lt-LT\",\"@id\":\"https:\/\/shop.huppa.eu\/lt\/product\/trikotaziniai-marskineliai-jamena\/#primaryimage\",\"url\":\"https:\/\/huppashop-prod.s3.eu-north-1.amazonaws.com\/wp-content\/uploads\/sites\/3\/2021\/06\/03064012\/73020000-94320-JAMENAf.jpg\",\"contentUrl\":\"https:\/\/huppashop-prod.s3.eu-north-1.amazonaws.com\/wp-content\/uploads\/sites\/3\/2021\/06\/03064012\/73020000-94320-JAMENAf.jpg\",\"width\":1200,\"height\":1200},{\"@type\":\"BreadcrumbList\",\"@id\":\"https:\/\/shop.huppa.eu\/lt\/product\/trikotaziniai-marskineliai-jamena\/#breadcrumb\",\"itemListElement\":[{\"@type\":\"ListItem\",\"position\":1,\"name\":\"Shop\",\"item\":\"https:\/\/shop.huppa.eu\/lt\/shop\/\"},{\"@type\":\"ListItem\",\"position\":2,\"name\":\"Trikota\u017einiai mar\u0161kin\u0117liai JAMENA\"}]},{\"@type\":\"WebSite\",\"@id\":\"https:\/\/shop.huppa.eu\/lt\/#website\",\"url\":\"https:\/\/shop.huppa.eu\/lt\/\",\"name\":\"Huppa LT\",\"description\":\"Huppa LT\",\"potentialAction\":[{\"@type\":\"SearchAction\",\"target\":{\"@type\":\"EntryPoint\",\"urlTemplate\":\"https:\/\/shop.huppa.eu\/lt\/?s={search_term_string}\"},\"query-input\":{\"@type\":\"PropertyValueSpecification\",\"valueRequired\":true,\"valueName\":\"search_term_string\"}}],\"inLanguage\":\"lt-LT\"}]}<\/script>\n<!-- \/ Yoast SEO plugin. -->","yoast_head_json":{"title":"Trikota\u017einiai mar\u0161kin\u0117liai JAMENA - Huppa LT","robots":{"index":"index","follow":"follow","max-snippet":"max-snippet:-1","max-image-preview":"max-image-preview:large","max-video-preview":"max-video-preview:-1"},"canonical":"https:\/\/shop.huppa.eu\/lt\/product\/trikotaziniai-marskineliai-jamena\/","og_locale":"lt_LT","og_type":"article","og_title":"Trikota\u017einiai mar\u0161kin\u0117liai JAMENA - Huppa LT","og_description":"Ilgomis rankov\u0117mis mar\u0161kin\u0117liai mergait\u0117ms. Mar\u0161kin\u0117lius galima kombinuoti su tampr\u0117mis JEWEL arba sijonu CHARLOTTE. Mar\u0161kin\u0117liai pagaminti i\u0161 kokybi\u0161ko ir mink\u0161to trikota\u017einio audinio, kurio sud\u0117tyje 95% medviln\u0117s ir 5% elastano.","og_url":"https:\/\/shop.huppa.eu\/lt\/product\/trikotaziniai-marskineliai-jamena\/","og_site_name":"Huppa LT","article_modified_time":"2026-04-09T14:01:39+00:00","og_image":[{"width":1200,"height":1200,"url":"https:\/\/huppashop-prod.s3.eu-north-1.amazonaws.com\/wp-content\/uploads\/sites\/3\/2021\/06\/03064012\/73020000-94320-JAMENAf.jpg","type":"image\/jpeg"}],"twitter_card":"summary_large_image","schema":{"@context":"https:\/\/schema.org","@graph":[{"@type":"WebPage","@id":"https:\/\/shop.huppa.eu\/lt\/product\/trikotaziniai-marskineliai-jamena\/","url":"https:\/\/shop.huppa.eu\/lt\/product\/trikotaziniai-marskineliai-jamena\/","name":"Trikota\u017einiai mar\u0161kin\u0117liai JAMENA - Huppa LT","isPartOf":{"@id":"https:\/\/shop.huppa.eu\/lt\/#website"},"primaryImageOfPage":{"@id":"https:\/\/shop.huppa.eu\/lt\/product\/trikotaziniai-marskineliai-jamena\/#primaryimage"},"image":{"@id":"https:\/\/shop.huppa.eu\/lt\/product\/trikotaziniai-marskineliai-jamena\/#primaryimage"},"thumbnailUrl":"https:\/\/huppashop-prod.s3.eu-north-1.amazonaws.com\/wp-content\/uploads\/sites\/3\/2021\/06\/03064012\/73020000-94320-JAMENAf.jpg","datePublished":"2022-03-12T23:22:44+00:00","dateModified":"2026-04-09T14:01:39+00:00","breadcrumb":{"@id":"https:\/\/shop.huppa.eu\/lt\/product\/trikotaziniai-marskineliai-jamena\/#breadcrumb"},"inLanguage":"lt-LT","potentialAction":[{"@type":"ReadAction","target":["https:\/\/shop.huppa.eu\/lt\/product\/trikotaziniai-marskineliai-jamena\/"]}]},{"@type":"ImageObject","inLanguage":"lt-LT","@id":"https:\/\/shop.huppa.eu\/lt\/product\/trikotaziniai-marskineliai-jamena\/#primaryimage","url":"https:\/\/huppashop-prod.s3.eu-north-1.amazonaws.com\/wp-content\/uploads\/sites\/3\/2021\/06\/03064012\/73020000-94320-JAMENAf.jpg","contentUrl":"https:\/\/huppashop-prod.s3.eu-north-1.amazonaws.com\/wp-content\/uploads\/sites\/3\/2021\/06\/03064012\/73020000-94320-JAMENAf.jpg","width":1200,"height":1200},{"@type":"BreadcrumbList","@id":"https:\/\/shop.huppa.eu\/lt\/product\/trikotaziniai-marskineliai-jamena\/#breadcrumb","itemListElement":[{"@type":"ListItem","position":1,"name":"Shop","item":"https:\/\/shop.huppa.eu\/lt\/shop\/"},{"@type":"ListItem","position":2,"name":"Trikota\u017einiai mar\u0161kin\u0117liai JAMENA"}]},{"@type":"WebSite","@id":"https:\/\/shop.huppa.eu\/lt\/#website","url":"https:\/\/shop.huppa.eu\/lt\/","name":"Huppa LT","description":"Huppa LT","potentialAction":[{"@type":"SearchAction","target":{"@type":"EntryPoint","urlTemplate":"https:\/\/shop.huppa.eu\/lt\/?s={search_term_string}"},"query-input":{"@type":"PropertyValueSpecification","valueRequired":true,"valueName":"search_term_string"}}],"inLanguage":"lt-LT"}]}},"_links":{"self":[{"href":"https:\/\/shop.huppa.eu\/lt\/wp-json\/wp\/v2\/product\/459061","targetHints":{"allow":["GET"]}}],"collection":[{"href":"https:\/\/shop.huppa.eu\/lt\/wp-json\/wp\/v2\/product"}],"about":[{"href":"https:\/\/shop.huppa.eu\/lt\/wp-json\/wp\/v2\/types\/product"}],"wp:featuredmedia":[{"embeddable":true,"href":"https:\/\/shop.huppa.eu\/lt\/wp-json\/wp\/v2\/media\/431620"}],"wp:attachment":[{"href":"https:\/\/shop.huppa.eu\/lt\/wp-json\/wp\/v2\/media?parent=459061"}],"wp:term":[{"taxonomy":"product_brand","embeddable":true,"href":"https:\/\/shop.huppa.eu\/lt\/wp-json\/wp\/v2\/product_brand?post=459061"},{"taxonomy":"product_cat","embeddable":true,"href":"https:\/\/shop.huppa.eu\/lt\/wp-json\/wp\/v2\/product_cat?post=459061"},{"taxonomy":"product_tag","embeddable":true,"href":"https:\/\/shop.huppa.eu\/lt\/wp-json\/wp\/v2\/product_tag?post=459061"}],"curies":[{"name":"wp","href":"https:\/\/api.w.org\/{rel}","templated":true}]}}