{"id":486149,"date":"2022-09-23T13:35:01","date_gmt":"2022-09-23T11:35:01","guid":{"rendered":"https:\/\/shop.huppa.eu\/lt\/product\/scott-2-11\/"},"modified":"2026-04-16T06:01:09","modified_gmt":"2026-04-16T04:01:09","slug":"scott-2-11","status":"publish","type":"product","link":"https:\/\/shop.huppa.eu\/lt\/product\/scott-2-11\/","title":{"rendered":"Moteri\u0161kos keln\u0117s SCOTT2 (80g)"},"content":{"rendered":"<p>Unisex neper\u0161lampamos ir neperpu\u010diamos keln\u0117s su 80g HUPPA TERM pa\u0161iltinimu(sintetin\u0117 med\u017eiaga). Orui laidi i\u0161orin\u0117 med\u017eiaga su 5000mm membrana.Pamu\u0161alas i\u0161 mink\u0161to slydaus taffetos pamu\u0161alo. Reguliuojamos, nuimamos petne\u0161os. Reguliuojamas juosmuo velcro reguliatoriais.  Ki\u0161en\u0117s su u\u017etrauktuku. Kle\u0161ni\u0173 apa\u010dioje apsaugos nuo sniego ir reguliuojamos u\u017etrauktuku. Vandeniui atsparios klijuotos si\u016bl\u0117s. Kelni\u0173 apa\u010dioje \u0161vies\u0105 atspindin\u010dios detal\u0117s.<\/p>\n","protected":false},"excerpt":{"rendered":"<p>Unisex neper\u0161lampamos ir neperpu\u010diamos keln\u0117s su 80g HUPPA TERM pa\u0161iltinimu(sintetin\u0117 med\u017eiaga). Orui laidi i\u0161orin\u0117 med\u017eiaga su 5000mm membrana.Pamu\u0161alas i\u0161 mink\u0161to slydaus taffetos pamu\u0161alo. Reguliuojamos, nuimamos petne\u0161os. Reguliuojamas juosmuo velcro reguliatoriais. Ki\u0161en\u0117s su u\u017etrauktuku. Kle\u0161ni\u0173 apa\u010dioje apsaugos nuo sniego ir reguliuojamos u\u017etrauktuku. Vandeniui atsparios klijuotos si\u016bl\u0117s. Kelni\u0173 apa\u010dioje \u0161vies\u0105 atspindin\u010dios detal\u0117s.<\/p>\n","protected":false},"featured_media":494946,"template":"","meta":{"_acf_changed":false},"product_brand":[],"product_cat":[926,1120,1121,128,17],"product_tag":[],"class_list":{"0":"post-486149","1":"product","2":"type-product","3":"status-publish","4":"has-post-thumbnail","6":"product_cat-kelnes-2","7":"product_cat-kelnes-suaugusieji","8":"product_cat-kelnes-vyrai","9":"product_cat-suaugusieji","10":"product_cat-vyrai","11":"pa_amzius-suaugusieji","12":"pa_atsparumas-vandeniui-10-000mm","13":"pa_dydis-xs","14":"pa_dydis-s","15":"pa_dydis-m","16":"pa_dydis-l","17":"pa_dydis-xl","18":"pa_dydis-xxl","19":"pa_dydis-3xl","20":"pa_izoliacijos-svoris-80g","21":"pa_kolekcija-nr-w22-23","22":"pa_kolekcijos-dalis-huppatec","23":"pa_lytis-vyrai","24":"pa_oro-pralaidumas-10000g-m-24h","25":"pa_prekes-artikulas-26498208-21286","26":"pa_rastuota-rastuota-spalva","27":"pa_sezonas-ziema","28":"pa_uzpildas-80g","30":"first","31":"instock","32":"sale","33":"taxable","34":"shipping-taxable","35":"purchasable","36":"product-type-variable"},"acf":[],"yoast_head":"<!-- This site is optimized with the Yoast SEO plugin v26.8 - https:\/\/yoast.com\/product\/yoast-seo-wordpress\/ -->\n<title>Moteri\u0161kos keln\u0117s SCOTT2 (80g) - Huppa LT<\/title>\n<meta name=\"robots\" content=\"index, follow, max-snippet:-1, max-image-preview:large, max-video-preview:-1\" \/>\n<link rel=\"canonical\" href=\"https:\/\/shop.huppa.eu\/lt\/product\/scott-2-11\/\" \/>\n<meta property=\"og:locale\" content=\"lt_LT\" \/>\n<meta property=\"og:type\" content=\"article\" \/>\n<meta property=\"og:title\" content=\"Moteri\u0161kos keln\u0117s SCOTT2 (80g) - Huppa LT\" \/>\n<meta property=\"og:description\" content=\"Unisex neper\u0161lampamos ir neperpu\u010diamos keln\u0117s su 80g HUPPA TERM pa\u0161iltinimu(sintetin\u0117 med\u017eiaga). Orui laidi i\u0161orin\u0117 med\u017eiaga su 5000mm membrana.Pamu\u0161alas i\u0161 mink\u0161to slydaus taffetos pamu\u0161alo. Reguliuojamos, nuimamos petne\u0161os. Reguliuojamas juosmuo velcro reguliatoriais. Ki\u0161en\u0117s su u\u017etrauktuku. Kle\u0161ni\u0173 apa\u010dioje apsaugos nuo sniego ir reguliuojamos u\u017etrauktuku. Vandeniui atsparios klijuotos si\u016bl\u0117s. Kelni\u0173 apa\u010dioje \u0161vies\u0105 atspindin\u010dios detal\u0117s.\" \/>\n<meta property=\"og:url\" content=\"https:\/\/shop.huppa.eu\/lt\/product\/scott-2-11\/\" \/>\n<meta property=\"og:site_name\" content=\"Huppa LT\" \/>\n<meta property=\"article:modified_time\" content=\"2026-04-16T04:01:09+00:00\" \/>\n<meta property=\"og:image\" content=\"https:\/\/huppashop-prod.s3.eu-north-1.amazonaws.com\/wp-content\/uploads\/sites\/5\/2023\/08\/08030912\/26498208-21286-SCOTT2_mw_f.jpg\" \/>\n\t<meta property=\"og:image:width\" content=\"1200\" \/>\n\t<meta property=\"og:image:height\" content=\"1200\" \/>\n\t<meta property=\"og:image:type\" content=\"image\/jpeg\" \/>\n<meta name=\"twitter:card\" content=\"summary_large_image\" \/>\n<script type=\"application\/ld+json\" class=\"yoast-schema-graph\">{\"@context\":\"https:\/\/schema.org\",\"@graph\":[{\"@type\":\"WebPage\",\"@id\":\"https:\/\/shop.huppa.eu\/lt\/product\/scott-2-11\/\",\"url\":\"https:\/\/shop.huppa.eu\/lt\/product\/scott-2-11\/\",\"name\":\"Moteri\u0161kos keln\u0117s SCOTT2 (80g) - Huppa LT\",\"isPartOf\":{\"@id\":\"https:\/\/shop.huppa.eu\/lt\/#website\"},\"primaryImageOfPage\":{\"@id\":\"https:\/\/shop.huppa.eu\/lt\/product\/scott-2-11\/#primaryimage\"},\"image\":{\"@id\":\"https:\/\/shop.huppa.eu\/lt\/product\/scott-2-11\/#primaryimage\"},\"thumbnailUrl\":\"https:\/\/huppashop-prod.s3.eu-north-1.amazonaws.com\/wp-content\/uploads\/sites\/5\/2023\/08\/08030912\/26498208-21286-SCOTT2_mw_f.jpg\",\"datePublished\":\"2022-09-23T11:35:01+00:00\",\"dateModified\":\"2026-04-16T04:01:09+00:00\",\"breadcrumb\":{\"@id\":\"https:\/\/shop.huppa.eu\/lt\/product\/scott-2-11\/#breadcrumb\"},\"inLanguage\":\"lt-LT\",\"potentialAction\":[{\"@type\":\"ReadAction\",\"target\":[\"https:\/\/shop.huppa.eu\/lt\/product\/scott-2-11\/\"]}]},{\"@type\":\"ImageObject\",\"inLanguage\":\"lt-LT\",\"@id\":\"https:\/\/shop.huppa.eu\/lt\/product\/scott-2-11\/#primaryimage\",\"url\":\"https:\/\/huppashop-prod.s3.eu-north-1.amazonaws.com\/wp-content\/uploads\/sites\/5\/2023\/08\/08030912\/26498208-21286-SCOTT2_mw_f.jpg\",\"contentUrl\":\"https:\/\/huppashop-prod.s3.eu-north-1.amazonaws.com\/wp-content\/uploads\/sites\/5\/2023\/08\/08030912\/26498208-21286-SCOTT2_mw_f.jpg\",\"width\":1200,\"height\":1200},{\"@type\":\"BreadcrumbList\",\"@id\":\"https:\/\/shop.huppa.eu\/lt\/product\/scott-2-11\/#breadcrumb\",\"itemListElement\":[{\"@type\":\"ListItem\",\"position\":1,\"name\":\"Shop\",\"item\":\"https:\/\/shop.huppa.eu\/lt\/shop\/\"},{\"@type\":\"ListItem\",\"position\":2,\"name\":\"Moteri\u0161kos keln\u0117s SCOTT2 (80g)\"}]},{\"@type\":\"WebSite\",\"@id\":\"https:\/\/shop.huppa.eu\/lt\/#website\",\"url\":\"https:\/\/shop.huppa.eu\/lt\/\",\"name\":\"Huppa LT\",\"description\":\"Huppa LT\",\"potentialAction\":[{\"@type\":\"SearchAction\",\"target\":{\"@type\":\"EntryPoint\",\"urlTemplate\":\"https:\/\/shop.huppa.eu\/lt\/?s={search_term_string}\"},\"query-input\":{\"@type\":\"PropertyValueSpecification\",\"valueRequired\":true,\"valueName\":\"search_term_string\"}}],\"inLanguage\":\"lt-LT\"}]}<\/script>\n<!-- \/ Yoast SEO plugin. -->","yoast_head_json":{"title":"Moteri\u0161kos keln\u0117s SCOTT2 (80g) - Huppa LT","robots":{"index":"index","follow":"follow","max-snippet":"max-snippet:-1","max-image-preview":"max-image-preview:large","max-video-preview":"max-video-preview:-1"},"canonical":"https:\/\/shop.huppa.eu\/lt\/product\/scott-2-11\/","og_locale":"lt_LT","og_type":"article","og_title":"Moteri\u0161kos keln\u0117s SCOTT2 (80g) - Huppa LT","og_description":"Unisex neper\u0161lampamos ir neperpu\u010diamos keln\u0117s su 80g HUPPA TERM pa\u0161iltinimu(sintetin\u0117 med\u017eiaga). Orui laidi i\u0161orin\u0117 med\u017eiaga su 5000mm membrana.Pamu\u0161alas i\u0161 mink\u0161to slydaus taffetos pamu\u0161alo. Reguliuojamos, nuimamos petne\u0161os. Reguliuojamas juosmuo velcro reguliatoriais. Ki\u0161en\u0117s su u\u017etrauktuku. Kle\u0161ni\u0173 apa\u010dioje apsaugos nuo sniego ir reguliuojamos u\u017etrauktuku. Vandeniui atsparios klijuotos si\u016bl\u0117s. Kelni\u0173 apa\u010dioje \u0161vies\u0105 atspindin\u010dios detal\u0117s.","og_url":"https:\/\/shop.huppa.eu\/lt\/product\/scott-2-11\/","og_site_name":"Huppa LT","article_modified_time":"2026-04-16T04:01:09+00:00","og_image":[{"width":1200,"height":1200,"url":"https:\/\/huppashop-prod.s3.eu-north-1.amazonaws.com\/wp-content\/uploads\/sites\/5\/2023\/08\/08030912\/26498208-21286-SCOTT2_mw_f.jpg","type":"image\/jpeg"}],"twitter_card":"summary_large_image","schema":{"@context":"https:\/\/schema.org","@graph":[{"@type":"WebPage","@id":"https:\/\/shop.huppa.eu\/lt\/product\/scott-2-11\/","url":"https:\/\/shop.huppa.eu\/lt\/product\/scott-2-11\/","name":"Moteri\u0161kos keln\u0117s SCOTT2 (80g) - Huppa LT","isPartOf":{"@id":"https:\/\/shop.huppa.eu\/lt\/#website"},"primaryImageOfPage":{"@id":"https:\/\/shop.huppa.eu\/lt\/product\/scott-2-11\/#primaryimage"},"image":{"@id":"https:\/\/shop.huppa.eu\/lt\/product\/scott-2-11\/#primaryimage"},"thumbnailUrl":"https:\/\/huppashop-prod.s3.eu-north-1.amazonaws.com\/wp-content\/uploads\/sites\/5\/2023\/08\/08030912\/26498208-21286-SCOTT2_mw_f.jpg","datePublished":"2022-09-23T11:35:01+00:00","dateModified":"2026-04-16T04:01:09+00:00","breadcrumb":{"@id":"https:\/\/shop.huppa.eu\/lt\/product\/scott-2-11\/#breadcrumb"},"inLanguage":"lt-LT","potentialAction":[{"@type":"ReadAction","target":["https:\/\/shop.huppa.eu\/lt\/product\/scott-2-11\/"]}]},{"@type":"ImageObject","inLanguage":"lt-LT","@id":"https:\/\/shop.huppa.eu\/lt\/product\/scott-2-11\/#primaryimage","url":"https:\/\/huppashop-prod.s3.eu-north-1.amazonaws.com\/wp-content\/uploads\/sites\/5\/2023\/08\/08030912\/26498208-21286-SCOTT2_mw_f.jpg","contentUrl":"https:\/\/huppashop-prod.s3.eu-north-1.amazonaws.com\/wp-content\/uploads\/sites\/5\/2023\/08\/08030912\/26498208-21286-SCOTT2_mw_f.jpg","width":1200,"height":1200},{"@type":"BreadcrumbList","@id":"https:\/\/shop.huppa.eu\/lt\/product\/scott-2-11\/#breadcrumb","itemListElement":[{"@type":"ListItem","position":1,"name":"Shop","item":"https:\/\/shop.huppa.eu\/lt\/shop\/"},{"@type":"ListItem","position":2,"name":"Moteri\u0161kos keln\u0117s SCOTT2 (80g)"}]},{"@type":"WebSite","@id":"https:\/\/shop.huppa.eu\/lt\/#website","url":"https:\/\/shop.huppa.eu\/lt\/","name":"Huppa LT","description":"Huppa LT","potentialAction":[{"@type":"SearchAction","target":{"@type":"EntryPoint","urlTemplate":"https:\/\/shop.huppa.eu\/lt\/?s={search_term_string}"},"query-input":{"@type":"PropertyValueSpecification","valueRequired":true,"valueName":"search_term_string"}}],"inLanguage":"lt-LT"}]}},"_links":{"self":[{"href":"https:\/\/shop.huppa.eu\/lt\/wp-json\/wp\/v2\/product\/486149","targetHints":{"allow":["GET"]}}],"collection":[{"href":"https:\/\/shop.huppa.eu\/lt\/wp-json\/wp\/v2\/product"}],"about":[{"href":"https:\/\/shop.huppa.eu\/lt\/wp-json\/wp\/v2\/types\/product"}],"wp:featuredmedia":[{"embeddable":true,"href":"https:\/\/shop.huppa.eu\/lt\/wp-json\/wp\/v2\/media\/494946"}],"wp:attachment":[{"href":"https:\/\/shop.huppa.eu\/lt\/wp-json\/wp\/v2\/media?parent=486149"}],"wp:term":[{"taxonomy":"product_brand","embeddable":true,"href":"https:\/\/shop.huppa.eu\/lt\/wp-json\/wp\/v2\/product_brand?post=486149"},{"taxonomy":"product_cat","embeddable":true,"href":"https:\/\/shop.huppa.eu\/lt\/wp-json\/wp\/v2\/product_cat?post=486149"},{"taxonomy":"product_tag","embeddable":true,"href":"https:\/\/shop.huppa.eu\/lt\/wp-json\/wp\/v2\/product_tag?post=486149"}],"curies":[{"name":"wp","href":"https:\/\/api.w.org\/{rel}","templated":true}]}}