{"id":487364,"date":"2022-09-23T14:15:24","date_gmt":"2022-09-23T12:15:24","guid":{"rendered":"https:\/\/shop.huppa.eu\/lt\/product\/pirstines-vaikams-josh-150g-5\/"},"modified":"2026-04-09T06:42:10","modified_gmt":"2026-04-09T04:42:10","slug":"pirstines-vaikams-josh-150g-5","status":"publish","type":"product","link":"https:\/\/shop.huppa.eu\/lt\/product\/pirstines-vaikams-josh-150g-5\/","title":{"rendered":"Kids winter gloves JOSH (150g)"},"content":{"rendered":"<p>Vaiki\u0161kos pir\u0161tin\u0117s su prailginta rie\u0161o dalimi tinka sniego kamuoliams ridenti ar slidin\u0117ti! Pir\u0161tin\u0117s turi patog\u0173 mink\u0161to fliso pamu\u0161al\u0105, 150 g pa\u0161iltinim\u0105, vandeniui atspar\u0173 i\u0161orin\u012f audin\u012f, kuris saugo rankas, jos i\u0161lieka sausos ir \u0161iltos. Pir\u0161tini\u0173 delnas padengtas PU dirbtine oda, kuri yra atsparesn\u0117 trin\u010diai. Patogesniam naudojimui rie\u0161as yra su lipuku, galite pasirinkti i\u0161 skirting\u0173 spalv\u0173. Nedideli sujungtukai \u0161onuose neleid\u017eia pir\u0161tini\u0173 pamesti.<\/p>\n","protected":false},"excerpt":{"rendered":"<p>Vaiki\u0161kos pir\u0161tin\u0117s su prailginta rie\u0161o dalimi tinka sniego kamuoliams ridenti ar slidin\u0117ti! Pir\u0161tin\u0117s turi patog\u0173 mink\u0161to fliso pamu\u0161al\u0105, 150 g pa\u0161iltinim\u0105, vandeniui atspar\u0173 i\u0161orin\u012f audin\u012f, kuris saugo rankas, jos i\u0161lieka sausos ir \u0161iltos. Pir\u0161tini\u0173 delnas padengtas PU dirbtine oda, kuri yra atsparesn\u0117 trin\u010diai. Patogesniam naudojimui rie\u0161as yra su lipuku, galite pasirinkti i\u0161 skirting\u0173 spalv\u0173. Nedideli [&hellip;]<\/p>\n","protected":false},"featured_media":434094,"template":"","meta":{"_acf_changed":false},"product_brand":[],"product_cat":[5695,5698,102,1921,1923,1926,19],"product_tag":[],"class_list":{"0":"post-487364","1":"product","2":"type-product","3":"status-publish","4":"has-post-thumbnail","6":"product_cat-accessories","7":"product_cat-pirstines-accessories-2","8":"product_cat-mergaiciu","9":"product_cat-pirstines","10":"product_cat-pirstines-2","11":"product_cat-pirstines-mergaiciu","12":"product_cat-vaikai","13":"pa_amzius-vaikai","14":"pa_atsparumas-vandeniui-10-000mm","15":"pa_dydis-1918","16":"pa_dydis-1919","17":"pa_dydis-1920","18":"pa_dydis-1939","19":"pa_dydis-2002","20":"pa_dydis-2003","21":"pa_izoliacijos-svoris-150g","22":"pa_kolekcija-nr-w24-25","23":"pa_kolekcijos-dalis-accessories","24":"pa_lytis-mergaiciu","25":"pa_oro-pralaidumas-10-000g-m-24h","26":"pa_prekes-artikulas-82660015-80134","27":"pa_rastuota-vienspalvis","28":"pa_sezonas-ziema","29":"pa_uzpildas-150g","31":"first","32":"instock","33":"sale","34":"taxable","35":"shipping-taxable","36":"purchasable","37":"product-type-variable"},"acf":[],"yoast_head":"<!-- This site is optimized with the Yoast SEO plugin v26.8 - https:\/\/yoast.com\/product\/yoast-seo-wordpress\/ -->\n<title>Kids winter gloves JOSH (150g) - Huppa LT<\/title>\n<meta name=\"robots\" content=\"index, follow, max-snippet:-1, max-image-preview:large, max-video-preview:-1\" \/>\n<link rel=\"canonical\" href=\"https:\/\/shop.huppa.eu\/lt\/product\/pirstines-vaikams-josh-150g-5\/\" \/>\n<meta property=\"og:locale\" content=\"lt_LT\" \/>\n<meta property=\"og:type\" content=\"article\" \/>\n<meta property=\"og:title\" content=\"Kids winter gloves JOSH (150g) - Huppa LT\" \/>\n<meta property=\"og:description\" content=\"Vaiki\u0161kos pir\u0161tin\u0117s su prailginta rie\u0161o dalimi tinka sniego kamuoliams ridenti ar slidin\u0117ti! Pir\u0161tin\u0117s turi patog\u0173 mink\u0161to fliso pamu\u0161al\u0105, 150 g pa\u0161iltinim\u0105, vandeniui atspar\u0173 i\u0161orin\u012f audin\u012f, kuris saugo rankas, jos i\u0161lieka sausos ir \u0161iltos. Pir\u0161tini\u0173 delnas padengtas PU dirbtine oda, kuri yra atsparesn\u0117 trin\u010diai. Patogesniam naudojimui rie\u0161as yra su lipuku, galite pasirinkti i\u0161 skirting\u0173 spalv\u0173. Nedideli [&hellip;]\" \/>\n<meta property=\"og:url\" content=\"https:\/\/shop.huppa.eu\/lt\/product\/pirstines-vaikams-josh-150g-5\/\" \/>\n<meta property=\"og:site_name\" content=\"Huppa LT\" \/>\n<meta property=\"article:modified_time\" content=\"2026-04-09T04:42:10+00:00\" \/>\n<meta property=\"og:image\" content=\"https:\/\/huppashop-prod.s3.eu-north-1.amazonaws.com\/wp-content\/uploads\/sites\/3\/2021\/06\/03074825\/82660015-80134-JOSH_f.jpg\" \/>\n\t<meta property=\"og:image:width\" content=\"1200\" \/>\n\t<meta property=\"og:image:height\" content=\"1200\" \/>\n\t<meta property=\"og:image:type\" content=\"image\/jpeg\" \/>\n<meta name=\"twitter:card\" content=\"summary_large_image\" \/>\n<script type=\"application\/ld+json\" class=\"yoast-schema-graph\">{\"@context\":\"https:\/\/schema.org\",\"@graph\":[{\"@type\":\"WebPage\",\"@id\":\"https:\/\/shop.huppa.eu\/lt\/product\/pirstines-vaikams-josh-150g-5\/\",\"url\":\"https:\/\/shop.huppa.eu\/lt\/product\/pirstines-vaikams-josh-150g-5\/\",\"name\":\"Kids winter gloves JOSH (150g) - Huppa LT\",\"isPartOf\":{\"@id\":\"https:\/\/shop.huppa.eu\/lt\/#website\"},\"primaryImageOfPage\":{\"@id\":\"https:\/\/shop.huppa.eu\/lt\/product\/pirstines-vaikams-josh-150g-5\/#primaryimage\"},\"image\":{\"@id\":\"https:\/\/shop.huppa.eu\/lt\/product\/pirstines-vaikams-josh-150g-5\/#primaryimage\"},\"thumbnailUrl\":\"https:\/\/huppashop-prod.s3.eu-north-1.amazonaws.com\/wp-content\/uploads\/sites\/3\/2021\/06\/03074825\/82660015-80134-JOSH_f.jpg\",\"datePublished\":\"2022-09-23T12:15:24+00:00\",\"dateModified\":\"2026-04-09T04:42:10+00:00\",\"breadcrumb\":{\"@id\":\"https:\/\/shop.huppa.eu\/lt\/product\/pirstines-vaikams-josh-150g-5\/#breadcrumb\"},\"inLanguage\":\"lt-LT\",\"potentialAction\":[{\"@type\":\"ReadAction\",\"target\":[\"https:\/\/shop.huppa.eu\/lt\/product\/pirstines-vaikams-josh-150g-5\/\"]}]},{\"@type\":\"ImageObject\",\"inLanguage\":\"lt-LT\",\"@id\":\"https:\/\/shop.huppa.eu\/lt\/product\/pirstines-vaikams-josh-150g-5\/#primaryimage\",\"url\":\"https:\/\/huppashop-prod.s3.eu-north-1.amazonaws.com\/wp-content\/uploads\/sites\/3\/2021\/06\/03074825\/82660015-80134-JOSH_f.jpg\",\"contentUrl\":\"https:\/\/huppashop-prod.s3.eu-north-1.amazonaws.com\/wp-content\/uploads\/sites\/3\/2021\/06\/03074825\/82660015-80134-JOSH_f.jpg\",\"width\":1200,\"height\":1200},{\"@type\":\"BreadcrumbList\",\"@id\":\"https:\/\/shop.huppa.eu\/lt\/product\/pirstines-vaikams-josh-150g-5\/#breadcrumb\",\"itemListElement\":[{\"@type\":\"ListItem\",\"position\":1,\"name\":\"Shop\",\"item\":\"https:\/\/shop.huppa.eu\/lt\/shop\/\"},{\"@type\":\"ListItem\",\"position\":2,\"name\":\"Kids winter gloves JOSH (150g)\"}]},{\"@type\":\"WebSite\",\"@id\":\"https:\/\/shop.huppa.eu\/lt\/#website\",\"url\":\"https:\/\/shop.huppa.eu\/lt\/\",\"name\":\"Huppa LT\",\"description\":\"Huppa LT\",\"potentialAction\":[{\"@type\":\"SearchAction\",\"target\":{\"@type\":\"EntryPoint\",\"urlTemplate\":\"https:\/\/shop.huppa.eu\/lt\/?s={search_term_string}\"},\"query-input\":{\"@type\":\"PropertyValueSpecification\",\"valueRequired\":true,\"valueName\":\"search_term_string\"}}],\"inLanguage\":\"lt-LT\"}]}<\/script>\n<!-- \/ Yoast SEO plugin. -->","yoast_head_json":{"title":"Kids winter gloves JOSH (150g) - Huppa LT","robots":{"index":"index","follow":"follow","max-snippet":"max-snippet:-1","max-image-preview":"max-image-preview:large","max-video-preview":"max-video-preview:-1"},"canonical":"https:\/\/shop.huppa.eu\/lt\/product\/pirstines-vaikams-josh-150g-5\/","og_locale":"lt_LT","og_type":"article","og_title":"Kids winter gloves JOSH (150g) - Huppa LT","og_description":"Vaiki\u0161kos pir\u0161tin\u0117s su prailginta rie\u0161o dalimi tinka sniego kamuoliams ridenti ar slidin\u0117ti! Pir\u0161tin\u0117s turi patog\u0173 mink\u0161to fliso pamu\u0161al\u0105, 150 g pa\u0161iltinim\u0105, vandeniui atspar\u0173 i\u0161orin\u012f audin\u012f, kuris saugo rankas, jos i\u0161lieka sausos ir \u0161iltos. Pir\u0161tini\u0173 delnas padengtas PU dirbtine oda, kuri yra atsparesn\u0117 trin\u010diai. Patogesniam naudojimui rie\u0161as yra su lipuku, galite pasirinkti i\u0161 skirting\u0173 spalv\u0173. Nedideli [&hellip;]","og_url":"https:\/\/shop.huppa.eu\/lt\/product\/pirstines-vaikams-josh-150g-5\/","og_site_name":"Huppa LT","article_modified_time":"2026-04-09T04:42:10+00:00","og_image":[{"width":1200,"height":1200,"url":"https:\/\/huppashop-prod.s3.eu-north-1.amazonaws.com\/wp-content\/uploads\/sites\/3\/2021\/06\/03074825\/82660015-80134-JOSH_f.jpg","type":"image\/jpeg"}],"twitter_card":"summary_large_image","schema":{"@context":"https:\/\/schema.org","@graph":[{"@type":"WebPage","@id":"https:\/\/shop.huppa.eu\/lt\/product\/pirstines-vaikams-josh-150g-5\/","url":"https:\/\/shop.huppa.eu\/lt\/product\/pirstines-vaikams-josh-150g-5\/","name":"Kids winter gloves JOSH (150g) - Huppa LT","isPartOf":{"@id":"https:\/\/shop.huppa.eu\/lt\/#website"},"primaryImageOfPage":{"@id":"https:\/\/shop.huppa.eu\/lt\/product\/pirstines-vaikams-josh-150g-5\/#primaryimage"},"image":{"@id":"https:\/\/shop.huppa.eu\/lt\/product\/pirstines-vaikams-josh-150g-5\/#primaryimage"},"thumbnailUrl":"https:\/\/huppashop-prod.s3.eu-north-1.amazonaws.com\/wp-content\/uploads\/sites\/3\/2021\/06\/03074825\/82660015-80134-JOSH_f.jpg","datePublished":"2022-09-23T12:15:24+00:00","dateModified":"2026-04-09T04:42:10+00:00","breadcrumb":{"@id":"https:\/\/shop.huppa.eu\/lt\/product\/pirstines-vaikams-josh-150g-5\/#breadcrumb"},"inLanguage":"lt-LT","potentialAction":[{"@type":"ReadAction","target":["https:\/\/shop.huppa.eu\/lt\/product\/pirstines-vaikams-josh-150g-5\/"]}]},{"@type":"ImageObject","inLanguage":"lt-LT","@id":"https:\/\/shop.huppa.eu\/lt\/product\/pirstines-vaikams-josh-150g-5\/#primaryimage","url":"https:\/\/huppashop-prod.s3.eu-north-1.amazonaws.com\/wp-content\/uploads\/sites\/3\/2021\/06\/03074825\/82660015-80134-JOSH_f.jpg","contentUrl":"https:\/\/huppashop-prod.s3.eu-north-1.amazonaws.com\/wp-content\/uploads\/sites\/3\/2021\/06\/03074825\/82660015-80134-JOSH_f.jpg","width":1200,"height":1200},{"@type":"BreadcrumbList","@id":"https:\/\/shop.huppa.eu\/lt\/product\/pirstines-vaikams-josh-150g-5\/#breadcrumb","itemListElement":[{"@type":"ListItem","position":1,"name":"Shop","item":"https:\/\/shop.huppa.eu\/lt\/shop\/"},{"@type":"ListItem","position":2,"name":"Kids winter gloves JOSH (150g)"}]},{"@type":"WebSite","@id":"https:\/\/shop.huppa.eu\/lt\/#website","url":"https:\/\/shop.huppa.eu\/lt\/","name":"Huppa LT","description":"Huppa LT","potentialAction":[{"@type":"SearchAction","target":{"@type":"EntryPoint","urlTemplate":"https:\/\/shop.huppa.eu\/lt\/?s={search_term_string}"},"query-input":{"@type":"PropertyValueSpecification","valueRequired":true,"valueName":"search_term_string"}}],"inLanguage":"lt-LT"}]}},"_links":{"self":[{"href":"https:\/\/shop.huppa.eu\/lt\/wp-json\/wp\/v2\/product\/487364","targetHints":{"allow":["GET"]}}],"collection":[{"href":"https:\/\/shop.huppa.eu\/lt\/wp-json\/wp\/v2\/product"}],"about":[{"href":"https:\/\/shop.huppa.eu\/lt\/wp-json\/wp\/v2\/types\/product"}],"wp:featuredmedia":[{"embeddable":true,"href":"https:\/\/shop.huppa.eu\/lt\/wp-json\/wp\/v2\/media\/434094"}],"wp:attachment":[{"href":"https:\/\/shop.huppa.eu\/lt\/wp-json\/wp\/v2\/media?parent=487364"}],"wp:term":[{"taxonomy":"product_brand","embeddable":true,"href":"https:\/\/shop.huppa.eu\/lt\/wp-json\/wp\/v2\/product_brand?post=487364"},{"taxonomy":"product_cat","embeddable":true,"href":"https:\/\/shop.huppa.eu\/lt\/wp-json\/wp\/v2\/product_cat?post=487364"},{"taxonomy":"product_tag","embeddable":true,"href":"https:\/\/shop.huppa.eu\/lt\/wp-json\/wp\/v2\/product_tag?post=487364"}],"curies":[{"name":"wp","href":"https:\/\/api.w.org\/{rel}","templated":true}]}}