{"id":491241,"date":"2022-11-24T20:44:54","date_gmt":"2022-11-24T18:44:54","guid":{"rendered":"https:\/\/shop.huppa.eu\/lt\/product\/kaspar-11\/"},"modified":"2026-04-15T06:59:09","modified_gmt":"2026-04-15T04:59:09","slug":"kaspar-11","status":"publish","type":"product","link":"https:\/\/shop.huppa.eu\/lt\/product\/kaspar-11\/","title":{"rendered":"\u017diemin\u0117 kepur\u0117 KASPAR"},"content":{"rendered":"<p>Vaik\u0173 \u017eiemos kepur\u0117. Kepur\u0117 turi 80% akrilo, 20% poliesterio dirbtinio kailio pamu\u0161al\u0105 ir pakankamai kv\u0117puojant\u012f bei nepermerkiam\u0105 poliesterio i\u0161orin\u012f audin\u012f. Patogesniam ne\u0161iojimui kepur\u0117 turi reguliuojam\u0105 pakau\u0161io dal\u012f ir po smakru rai\u0161teliais tvirtinamus aus\u0173 dangtelius. Tiek didelius, tiek ma\u017eus aus\u0173 dangtelius galima pritvirtinti ant vir\u0161ugalvio, tod\u0117l viena kepur\u0117 turi kelet\u0105 skirting\u0173 ne\u0161iojimo b\u016bd\u0173.<\/p>\n","protected":false},"excerpt":{"rendered":"<p>Vaik\u0173 \u017eiemos kepur\u0117. Kepur\u0117 turi 80% akrilo, 20% poliesterio dirbtinio kailio pamu\u0161al\u0105 ir pakankamai kv\u0117puojant\u012f bei nepermerkiam\u0105 poliesterio i\u0161orin\u012f audin\u012f. Patogesniam ne\u0161iojimui kepur\u0117 turi reguliuojam\u0105 pakau\u0161io dal\u012f ir po smakru rai\u0161teliais tvirtinamus aus\u0173 dangtelius. Tiek didelius, tiek ma\u017eus aus\u0173 dangtelius galima pritvirtinti ant vir\u0161ugalvio, tod\u0117l viena kepur\u0117 turi kelet\u0105 skirting\u0173 ne\u0161iojimo b\u016bd\u0173.<\/p>\n","protected":false},"featured_media":491243,"template":"","meta":{"_acf_changed":false},"product_brand":[],"product_cat":[5827,5723,90,1774,1798,1771,19],"product_tag":[],"class_list":{"0":"post-491241","1":"product","2":"type-product","3":"status-publish","4":"has-post-thumbnail","6":"product_cat-kepures-outlet","7":"product_cat-outlet","8":"product_cat-berniuku","9":"product_cat-kepureles-2","10":"product_cat-kepureles-berniuku","11":"product_cat-kepureles","12":"product_cat-vaikai","13":"pa_amzius-vaikai","14":"pa_atsparumas-vandeniui-10000mm","15":"pa_dydis-7838","16":"pa_dydis-7841","17":"pa_dydis-2487","18":"pa_kolekcija-nr-ol2012","19":"pa_kolekcijos-dalis-classic","20":"pa_lytis-berniuku","21":"pa_oro-pralaidumas-10000g-m-24h","22":"pa_prekes-artikulas-8804ol12-081","23":"pa_rastuota-vienspalvis","24":"pa_sezonas-ziema","26":"first","27":"instock","28":"sale","29":"taxable","30":"shipping-taxable","31":"purchasable","32":"product-type-variable"},"acf":[],"yoast_head":"<!-- This site is optimized with the Yoast SEO plugin v26.8 - https:\/\/yoast.com\/product\/yoast-seo-wordpress\/ -->\n<title>\u017diemin\u0117 kepur\u0117 KASPAR - Huppa LT<\/title>\n<meta name=\"robots\" content=\"index, follow, max-snippet:-1, max-image-preview:large, max-video-preview:-1\" \/>\n<link rel=\"canonical\" href=\"https:\/\/shop.huppa.eu\/lt\/product\/kaspar-11\/\" \/>\n<meta property=\"og:locale\" content=\"lt_LT\" \/>\n<meta property=\"og:type\" content=\"article\" \/>\n<meta property=\"og:title\" content=\"\u017diemin\u0117 kepur\u0117 KASPAR - Huppa LT\" \/>\n<meta property=\"og:description\" content=\"Vaik\u0173 \u017eiemos kepur\u0117. Kepur\u0117 turi 80% akrilo, 20% poliesterio dirbtinio kailio pamu\u0161al\u0105 ir pakankamai kv\u0117puojant\u012f bei nepermerkiam\u0105 poliesterio i\u0161orin\u012f audin\u012f. Patogesniam ne\u0161iojimui kepur\u0117 turi reguliuojam\u0105 pakau\u0161io dal\u012f ir po smakru rai\u0161teliais tvirtinamus aus\u0173 dangtelius. Tiek didelius, tiek ma\u017eus aus\u0173 dangtelius galima pritvirtinti ant vir\u0161ugalvio, tod\u0117l viena kepur\u0117 turi kelet\u0105 skirting\u0173 ne\u0161iojimo b\u016bd\u0173.\" \/>\n<meta property=\"og:url\" content=\"https:\/\/shop.huppa.eu\/lt\/product\/kaspar-11\/\" \/>\n<meta property=\"og:site_name\" content=\"Huppa LT\" \/>\n<meta property=\"article:modified_time\" content=\"2026-04-15T04:59:09+00:00\" \/>\n<meta property=\"og:image\" content=\"https:\/\/huppashop-prod.s3.eu-north-1.amazonaws.com\/wp-content\/uploads\/sites\/5\/2022\/11\/24204457\/8804OL12-081-KASPAR2.jpg\" \/>\n\t<meta property=\"og:image:width\" content=\"800\" \/>\n\t<meta property=\"og:image:height\" content=\"800\" \/>\n\t<meta property=\"og:image:type\" content=\"image\/jpeg\" \/>\n<meta name=\"twitter:card\" content=\"summary_large_image\" \/>\n<script type=\"application\/ld+json\" class=\"yoast-schema-graph\">{\"@context\":\"https:\/\/schema.org\",\"@graph\":[{\"@type\":\"WebPage\",\"@id\":\"https:\/\/shop.huppa.eu\/lt\/product\/kaspar-11\/\",\"url\":\"https:\/\/shop.huppa.eu\/lt\/product\/kaspar-11\/\",\"name\":\"\u017diemin\u0117 kepur\u0117 KASPAR - Huppa LT\",\"isPartOf\":{\"@id\":\"https:\/\/shop.huppa.eu\/lt\/#website\"},\"primaryImageOfPage\":{\"@id\":\"https:\/\/shop.huppa.eu\/lt\/product\/kaspar-11\/#primaryimage\"},\"image\":{\"@id\":\"https:\/\/shop.huppa.eu\/lt\/product\/kaspar-11\/#primaryimage\"},\"thumbnailUrl\":\"https:\/\/huppashop-prod.s3.eu-north-1.amazonaws.com\/wp-content\/uploads\/sites\/5\/2022\/11\/24204457\/8804OL12-081-KASPAR2.jpg\",\"datePublished\":\"2022-11-24T18:44:54+00:00\",\"dateModified\":\"2026-04-15T04:59:09+00:00\",\"breadcrumb\":{\"@id\":\"https:\/\/shop.huppa.eu\/lt\/product\/kaspar-11\/#breadcrumb\"},\"inLanguage\":\"lt-LT\",\"potentialAction\":[{\"@type\":\"ReadAction\",\"target\":[\"https:\/\/shop.huppa.eu\/lt\/product\/kaspar-11\/\"]}]},{\"@type\":\"ImageObject\",\"inLanguage\":\"lt-LT\",\"@id\":\"https:\/\/shop.huppa.eu\/lt\/product\/kaspar-11\/#primaryimage\",\"url\":\"https:\/\/huppashop-prod.s3.eu-north-1.amazonaws.com\/wp-content\/uploads\/sites\/5\/2022\/11\/24204457\/8804OL12-081-KASPAR2.jpg\",\"contentUrl\":\"https:\/\/huppashop-prod.s3.eu-north-1.amazonaws.com\/wp-content\/uploads\/sites\/5\/2022\/11\/24204457\/8804OL12-081-KASPAR2.jpg\",\"width\":800,\"height\":800},{\"@type\":\"BreadcrumbList\",\"@id\":\"https:\/\/shop.huppa.eu\/lt\/product\/kaspar-11\/#breadcrumb\",\"itemListElement\":[{\"@type\":\"ListItem\",\"position\":1,\"name\":\"Shop\",\"item\":\"https:\/\/shop.huppa.eu\/lt\/shop\/\"},{\"@type\":\"ListItem\",\"position\":2,\"name\":\"\u017diemin\u0117 kepur\u0117 KASPAR\"}]},{\"@type\":\"WebSite\",\"@id\":\"https:\/\/shop.huppa.eu\/lt\/#website\",\"url\":\"https:\/\/shop.huppa.eu\/lt\/\",\"name\":\"Huppa LT\",\"description\":\"Huppa LT\",\"potentialAction\":[{\"@type\":\"SearchAction\",\"target\":{\"@type\":\"EntryPoint\",\"urlTemplate\":\"https:\/\/shop.huppa.eu\/lt\/?s={search_term_string}\"},\"query-input\":{\"@type\":\"PropertyValueSpecification\",\"valueRequired\":true,\"valueName\":\"search_term_string\"}}],\"inLanguage\":\"lt-LT\"}]}<\/script>\n<!-- \/ Yoast SEO plugin. -->","yoast_head_json":{"title":"\u017diemin\u0117 kepur\u0117 KASPAR - Huppa LT","robots":{"index":"index","follow":"follow","max-snippet":"max-snippet:-1","max-image-preview":"max-image-preview:large","max-video-preview":"max-video-preview:-1"},"canonical":"https:\/\/shop.huppa.eu\/lt\/product\/kaspar-11\/","og_locale":"lt_LT","og_type":"article","og_title":"\u017diemin\u0117 kepur\u0117 KASPAR - Huppa LT","og_description":"Vaik\u0173 \u017eiemos kepur\u0117. Kepur\u0117 turi 80% akrilo, 20% poliesterio dirbtinio kailio pamu\u0161al\u0105 ir pakankamai kv\u0117puojant\u012f bei nepermerkiam\u0105 poliesterio i\u0161orin\u012f audin\u012f. Patogesniam ne\u0161iojimui kepur\u0117 turi reguliuojam\u0105 pakau\u0161io dal\u012f ir po smakru rai\u0161teliais tvirtinamus aus\u0173 dangtelius. Tiek didelius, tiek ma\u017eus aus\u0173 dangtelius galima pritvirtinti ant vir\u0161ugalvio, tod\u0117l viena kepur\u0117 turi kelet\u0105 skirting\u0173 ne\u0161iojimo b\u016bd\u0173.","og_url":"https:\/\/shop.huppa.eu\/lt\/product\/kaspar-11\/","og_site_name":"Huppa LT","article_modified_time":"2026-04-15T04:59:09+00:00","og_image":[{"width":800,"height":800,"url":"https:\/\/huppashop-prod.s3.eu-north-1.amazonaws.com\/wp-content\/uploads\/sites\/5\/2022\/11\/24204457\/8804OL12-081-KASPAR2.jpg","type":"image\/jpeg"}],"twitter_card":"summary_large_image","schema":{"@context":"https:\/\/schema.org","@graph":[{"@type":"WebPage","@id":"https:\/\/shop.huppa.eu\/lt\/product\/kaspar-11\/","url":"https:\/\/shop.huppa.eu\/lt\/product\/kaspar-11\/","name":"\u017diemin\u0117 kepur\u0117 KASPAR - Huppa LT","isPartOf":{"@id":"https:\/\/shop.huppa.eu\/lt\/#website"},"primaryImageOfPage":{"@id":"https:\/\/shop.huppa.eu\/lt\/product\/kaspar-11\/#primaryimage"},"image":{"@id":"https:\/\/shop.huppa.eu\/lt\/product\/kaspar-11\/#primaryimage"},"thumbnailUrl":"https:\/\/huppashop-prod.s3.eu-north-1.amazonaws.com\/wp-content\/uploads\/sites\/5\/2022\/11\/24204457\/8804OL12-081-KASPAR2.jpg","datePublished":"2022-11-24T18:44:54+00:00","dateModified":"2026-04-15T04:59:09+00:00","breadcrumb":{"@id":"https:\/\/shop.huppa.eu\/lt\/product\/kaspar-11\/#breadcrumb"},"inLanguage":"lt-LT","potentialAction":[{"@type":"ReadAction","target":["https:\/\/shop.huppa.eu\/lt\/product\/kaspar-11\/"]}]},{"@type":"ImageObject","inLanguage":"lt-LT","@id":"https:\/\/shop.huppa.eu\/lt\/product\/kaspar-11\/#primaryimage","url":"https:\/\/huppashop-prod.s3.eu-north-1.amazonaws.com\/wp-content\/uploads\/sites\/5\/2022\/11\/24204457\/8804OL12-081-KASPAR2.jpg","contentUrl":"https:\/\/huppashop-prod.s3.eu-north-1.amazonaws.com\/wp-content\/uploads\/sites\/5\/2022\/11\/24204457\/8804OL12-081-KASPAR2.jpg","width":800,"height":800},{"@type":"BreadcrumbList","@id":"https:\/\/shop.huppa.eu\/lt\/product\/kaspar-11\/#breadcrumb","itemListElement":[{"@type":"ListItem","position":1,"name":"Shop","item":"https:\/\/shop.huppa.eu\/lt\/shop\/"},{"@type":"ListItem","position":2,"name":"\u017diemin\u0117 kepur\u0117 KASPAR"}]},{"@type":"WebSite","@id":"https:\/\/shop.huppa.eu\/lt\/#website","url":"https:\/\/shop.huppa.eu\/lt\/","name":"Huppa LT","description":"Huppa LT","potentialAction":[{"@type":"SearchAction","target":{"@type":"EntryPoint","urlTemplate":"https:\/\/shop.huppa.eu\/lt\/?s={search_term_string}"},"query-input":{"@type":"PropertyValueSpecification","valueRequired":true,"valueName":"search_term_string"}}],"inLanguage":"lt-LT"}]}},"_links":{"self":[{"href":"https:\/\/shop.huppa.eu\/lt\/wp-json\/wp\/v2\/product\/491241","targetHints":{"allow":["GET"]}}],"collection":[{"href":"https:\/\/shop.huppa.eu\/lt\/wp-json\/wp\/v2\/product"}],"about":[{"href":"https:\/\/shop.huppa.eu\/lt\/wp-json\/wp\/v2\/types\/product"}],"wp:featuredmedia":[{"embeddable":true,"href":"https:\/\/shop.huppa.eu\/lt\/wp-json\/wp\/v2\/media\/491243"}],"wp:attachment":[{"href":"https:\/\/shop.huppa.eu\/lt\/wp-json\/wp\/v2\/media?parent=491241"}],"wp:term":[{"taxonomy":"product_brand","embeddable":true,"href":"https:\/\/shop.huppa.eu\/lt\/wp-json\/wp\/v2\/product_brand?post=491241"},{"taxonomy":"product_cat","embeddable":true,"href":"https:\/\/shop.huppa.eu\/lt\/wp-json\/wp\/v2\/product_cat?post=491241"},{"taxonomy":"product_tag","embeddable":true,"href":"https:\/\/shop.huppa.eu\/lt\/wp-json\/wp\/v2\/product_tag?post=491241"}],"curies":[{"name":"wp","href":"https:\/\/api.w.org\/{rel}","templated":true}]}}