{"id":501784,"date":"2024-04-09T03:10:09","date_gmt":"2024-04-09T01:10:09","guid":{"rendered":"https:\/\/shop.huppa.eu\/lt\/product\/stenna-1-200g-3\/"},"modified":"2026-04-09T05:35:10","modified_gmt":"2026-04-09T03:35:10","slug":"stenna-1-200g-3","status":"publish","type":"product","link":"https:\/\/shop.huppa.eu\/lt\/product\/stenna-1-200g-3\/","title":{"rendered":"Vaiki\u0161ka striuk\u0117 STENNA 1 (200g_ARTIFICIAL DOWN)"},"content":{"rendered":"<p>Lengva dygsniuota  striuk\u0117 mergait\u0117ms su u\u017etrauktuku. Lengvai blizgus v\u0117jui atsparus audinys. Striuk\u0117s Bio-p\u016bk\u0173 pa\u0161iltinimas.Tai   naujovi\u0161ka perdirbta med\u017eiaga,pagaminta naturalios fermentacijos b\u016bdu.Bio p\u016bkas nesukrenta, yra atsparus dr\u0117gmei, \u0161iame pa\u0161iltinime  nesikaupia pel\u0117sis bei grybelis,jis patvarus ir atsparus \u0161al\u010diui. Med\u017eiaga \u0161ilta, greitai d\u017ei\u016bsta ir po plovimo nesulimpa. Puiki alternatyva nat\u016braliam plunksn\u0173 pa\u0161iltinimui.<\/p>\n","protected":false},"excerpt":{"rendered":"<p>Lengva dygsniuota striuk\u0117 mergait\u0117ms su u\u017etrauktuku. Lengvai blizgus v\u0117jui atsparus audinys. Striuk\u0117s Bio-p\u016bk\u0173 pa\u0161iltinimas.Tai naujovi\u0161ka perdirbta med\u017eiaga,pagaminta naturalios fermentacijos b\u016bdu.Bio p\u016bkas nesukrenta, yra atsparus dr\u0117gmei, \u0161iame pa\u0161iltinime nesikaupia pel\u0117sis bei grybelis,jis patvarus ir atsparus \u0161al\u010diui. Med\u017eiaga \u0161ilta, greitai d\u017ei\u016bsta ir po plovimo nesulimpa. Puiki alternatyva nat\u016braliam plunksn\u0173 pa\u0161iltinimui.<\/p>\n","protected":false},"featured_media":464137,"template":"","meta":{"_acf_changed":false},"product_brand":[],"product_cat":[102,103,88,89,19],"product_tag":[],"class_list":{"0":"post-501784","1":"product","2":"type-product","3":"status-publish","4":"has-post-thumbnail","6":"product_cat-mergaiciu","7":"product_cat-striukes-mergaiciu","8":"product_cat-striukes","9":"product_cat-striukes-2","10":"product_cat-vaikai","11":"pa_amzius-vaikai","12":"pa_atsparumas-vandeniui-5000mm","13":"pa_dydis-97","14":"pa_dydis-100","15":"pa_dydis-101","16":"pa_dydis-142","17":"pa_izoliacijos-svoris-200g_artificial-down","18":"pa_kolekcija-nr-sa2022","19":"pa_kolekcijos-dalis-semi-season","20":"pa_lytis-mergaiciu","21":"pa_oro-pralaidumas-5000g-m-24h","22":"pa_prekes-artikulas-17980127-90087","23":"pa_rastuota-vienspalvis","24":"pa_sezonas-pavasaris-ruduo","25":"pa_uzpildas-200g_artificial-down","27":"first","28":"instock","29":"sale","30":"taxable","31":"shipping-taxable","32":"purchasable","33":"product-type-variable"},"acf":[],"yoast_head":"<!-- This site is optimized with the Yoast SEO plugin v26.8 - https:\/\/yoast.com\/product\/yoast-seo-wordpress\/ -->\n<title>Vaiki\u0161ka striuk\u0117 STENNA 1 (200g_ARTIFICIAL DOWN) - Huppa LT<\/title>\n<meta name=\"robots\" content=\"index, follow, max-snippet:-1, max-image-preview:large, max-video-preview:-1\" \/>\n<link rel=\"canonical\" href=\"https:\/\/shop.huppa.eu\/lt\/product\/stenna-1-200g-3\/\" \/>\n<meta property=\"og:locale\" content=\"lt_LT\" \/>\n<meta property=\"og:type\" content=\"article\" \/>\n<meta property=\"og:title\" content=\"Vaiki\u0161ka striuk\u0117 STENNA 1 (200g_ARTIFICIAL DOWN) - Huppa LT\" \/>\n<meta property=\"og:description\" content=\"Lengva dygsniuota striuk\u0117 mergait\u0117ms su u\u017etrauktuku. Lengvai blizgus v\u0117jui atsparus audinys. Striuk\u0117s Bio-p\u016bk\u0173 pa\u0161iltinimas.Tai naujovi\u0161ka perdirbta med\u017eiaga,pagaminta naturalios fermentacijos b\u016bdu.Bio p\u016bkas nesukrenta, yra atsparus dr\u0117gmei, \u0161iame pa\u0161iltinime nesikaupia pel\u0117sis bei grybelis,jis patvarus ir atsparus \u0161al\u010diui. Med\u017eiaga \u0161ilta, greitai d\u017ei\u016bsta ir po plovimo nesulimpa. Puiki alternatyva nat\u016braliam plunksn\u0173 pa\u0161iltinimui.\" \/>\n<meta property=\"og:url\" content=\"https:\/\/shop.huppa.eu\/lt\/product\/stenna-1-200g-3\/\" \/>\n<meta property=\"og:site_name\" content=\"Huppa LT\" \/>\n<meta property=\"article:modified_time\" content=\"2026-04-09T03:35:10+00:00\" \/>\n<meta property=\"og:image\" content=\"https:\/\/huppashop-prod.s3.eu-north-1.amazonaws.com\/wp-content\/uploads\/sites\/5\/2022\/03\/28123140\/17980127-90087-STENNA1_f.jpg\" \/>\n\t<meta property=\"og:image:width\" content=\"1200\" \/>\n\t<meta property=\"og:image:height\" content=\"1200\" \/>\n\t<meta property=\"og:image:type\" content=\"image\/jpeg\" \/>\n<meta name=\"twitter:card\" content=\"summary_large_image\" \/>\n<script type=\"application\/ld+json\" class=\"yoast-schema-graph\">{\"@context\":\"https:\/\/schema.org\",\"@graph\":[{\"@type\":\"WebPage\",\"@id\":\"https:\/\/shop.huppa.eu\/lt\/product\/stenna-1-200g-3\/\",\"url\":\"https:\/\/shop.huppa.eu\/lt\/product\/stenna-1-200g-3\/\",\"name\":\"Vaiki\u0161ka striuk\u0117 STENNA 1 (200g_ARTIFICIAL DOWN) - Huppa LT\",\"isPartOf\":{\"@id\":\"https:\/\/shop.huppa.eu\/lt\/#website\"},\"primaryImageOfPage\":{\"@id\":\"https:\/\/shop.huppa.eu\/lt\/product\/stenna-1-200g-3\/#primaryimage\"},\"image\":{\"@id\":\"https:\/\/shop.huppa.eu\/lt\/product\/stenna-1-200g-3\/#primaryimage\"},\"thumbnailUrl\":\"https:\/\/huppashop-prod.s3.eu-north-1.amazonaws.com\/wp-content\/uploads\/sites\/5\/2022\/03\/28123140\/17980127-90087-STENNA1_f.jpg\",\"datePublished\":\"2024-04-09T01:10:09+00:00\",\"dateModified\":\"2026-04-09T03:35:10+00:00\",\"breadcrumb\":{\"@id\":\"https:\/\/shop.huppa.eu\/lt\/product\/stenna-1-200g-3\/#breadcrumb\"},\"inLanguage\":\"lt-LT\",\"potentialAction\":[{\"@type\":\"ReadAction\",\"target\":[\"https:\/\/shop.huppa.eu\/lt\/product\/stenna-1-200g-3\/\"]}]},{\"@type\":\"ImageObject\",\"inLanguage\":\"lt-LT\",\"@id\":\"https:\/\/shop.huppa.eu\/lt\/product\/stenna-1-200g-3\/#primaryimage\",\"url\":\"https:\/\/huppashop-prod.s3.eu-north-1.amazonaws.com\/wp-content\/uploads\/sites\/5\/2022\/03\/28123140\/17980127-90087-STENNA1_f.jpg\",\"contentUrl\":\"https:\/\/huppashop-prod.s3.eu-north-1.amazonaws.com\/wp-content\/uploads\/sites\/5\/2022\/03\/28123140\/17980127-90087-STENNA1_f.jpg\",\"width\":1200,\"height\":1200},{\"@type\":\"BreadcrumbList\",\"@id\":\"https:\/\/shop.huppa.eu\/lt\/product\/stenna-1-200g-3\/#breadcrumb\",\"itemListElement\":[{\"@type\":\"ListItem\",\"position\":1,\"name\":\"Shop\",\"item\":\"https:\/\/shop.huppa.eu\/lt\/shop\/\"},{\"@type\":\"ListItem\",\"position\":2,\"name\":\"Vaiki\u0161ka striuk\u0117 STENNA 1 (200g_ARTIFICIAL DOWN)\"}]},{\"@type\":\"WebSite\",\"@id\":\"https:\/\/shop.huppa.eu\/lt\/#website\",\"url\":\"https:\/\/shop.huppa.eu\/lt\/\",\"name\":\"Huppa LT\",\"description\":\"Huppa LT\",\"potentialAction\":[{\"@type\":\"SearchAction\",\"target\":{\"@type\":\"EntryPoint\",\"urlTemplate\":\"https:\/\/shop.huppa.eu\/lt\/?s={search_term_string}\"},\"query-input\":{\"@type\":\"PropertyValueSpecification\",\"valueRequired\":true,\"valueName\":\"search_term_string\"}}],\"inLanguage\":\"lt-LT\"}]}<\/script>\n<!-- \/ Yoast SEO plugin. -->","yoast_head_json":{"title":"Vaiki\u0161ka striuk\u0117 STENNA 1 (200g_ARTIFICIAL DOWN) - Huppa LT","robots":{"index":"index","follow":"follow","max-snippet":"max-snippet:-1","max-image-preview":"max-image-preview:large","max-video-preview":"max-video-preview:-1"},"canonical":"https:\/\/shop.huppa.eu\/lt\/product\/stenna-1-200g-3\/","og_locale":"lt_LT","og_type":"article","og_title":"Vaiki\u0161ka striuk\u0117 STENNA 1 (200g_ARTIFICIAL DOWN) - Huppa LT","og_description":"Lengva dygsniuota striuk\u0117 mergait\u0117ms su u\u017etrauktuku. Lengvai blizgus v\u0117jui atsparus audinys. Striuk\u0117s Bio-p\u016bk\u0173 pa\u0161iltinimas.Tai naujovi\u0161ka perdirbta med\u017eiaga,pagaminta naturalios fermentacijos b\u016bdu.Bio p\u016bkas nesukrenta, yra atsparus dr\u0117gmei, \u0161iame pa\u0161iltinime nesikaupia pel\u0117sis bei grybelis,jis patvarus ir atsparus \u0161al\u010diui. Med\u017eiaga \u0161ilta, greitai d\u017ei\u016bsta ir po plovimo nesulimpa. Puiki alternatyva nat\u016braliam plunksn\u0173 pa\u0161iltinimui.","og_url":"https:\/\/shop.huppa.eu\/lt\/product\/stenna-1-200g-3\/","og_site_name":"Huppa LT","article_modified_time":"2026-04-09T03:35:10+00:00","og_image":[{"width":1200,"height":1200,"url":"https:\/\/huppashop-prod.s3.eu-north-1.amazonaws.com\/wp-content\/uploads\/sites\/5\/2022\/03\/28123140\/17980127-90087-STENNA1_f.jpg","type":"image\/jpeg"}],"twitter_card":"summary_large_image","schema":{"@context":"https:\/\/schema.org","@graph":[{"@type":"WebPage","@id":"https:\/\/shop.huppa.eu\/lt\/product\/stenna-1-200g-3\/","url":"https:\/\/shop.huppa.eu\/lt\/product\/stenna-1-200g-3\/","name":"Vaiki\u0161ka striuk\u0117 STENNA 1 (200g_ARTIFICIAL DOWN) - Huppa LT","isPartOf":{"@id":"https:\/\/shop.huppa.eu\/lt\/#website"},"primaryImageOfPage":{"@id":"https:\/\/shop.huppa.eu\/lt\/product\/stenna-1-200g-3\/#primaryimage"},"image":{"@id":"https:\/\/shop.huppa.eu\/lt\/product\/stenna-1-200g-3\/#primaryimage"},"thumbnailUrl":"https:\/\/huppashop-prod.s3.eu-north-1.amazonaws.com\/wp-content\/uploads\/sites\/5\/2022\/03\/28123140\/17980127-90087-STENNA1_f.jpg","datePublished":"2024-04-09T01:10:09+00:00","dateModified":"2026-04-09T03:35:10+00:00","breadcrumb":{"@id":"https:\/\/shop.huppa.eu\/lt\/product\/stenna-1-200g-3\/#breadcrumb"},"inLanguage":"lt-LT","potentialAction":[{"@type":"ReadAction","target":["https:\/\/shop.huppa.eu\/lt\/product\/stenna-1-200g-3\/"]}]},{"@type":"ImageObject","inLanguage":"lt-LT","@id":"https:\/\/shop.huppa.eu\/lt\/product\/stenna-1-200g-3\/#primaryimage","url":"https:\/\/huppashop-prod.s3.eu-north-1.amazonaws.com\/wp-content\/uploads\/sites\/5\/2022\/03\/28123140\/17980127-90087-STENNA1_f.jpg","contentUrl":"https:\/\/huppashop-prod.s3.eu-north-1.amazonaws.com\/wp-content\/uploads\/sites\/5\/2022\/03\/28123140\/17980127-90087-STENNA1_f.jpg","width":1200,"height":1200},{"@type":"BreadcrumbList","@id":"https:\/\/shop.huppa.eu\/lt\/product\/stenna-1-200g-3\/#breadcrumb","itemListElement":[{"@type":"ListItem","position":1,"name":"Shop","item":"https:\/\/shop.huppa.eu\/lt\/shop\/"},{"@type":"ListItem","position":2,"name":"Vaiki\u0161ka striuk\u0117 STENNA 1 (200g_ARTIFICIAL DOWN)"}]},{"@type":"WebSite","@id":"https:\/\/shop.huppa.eu\/lt\/#website","url":"https:\/\/shop.huppa.eu\/lt\/","name":"Huppa LT","description":"Huppa LT","potentialAction":[{"@type":"SearchAction","target":{"@type":"EntryPoint","urlTemplate":"https:\/\/shop.huppa.eu\/lt\/?s={search_term_string}"},"query-input":{"@type":"PropertyValueSpecification","valueRequired":true,"valueName":"search_term_string"}}],"inLanguage":"lt-LT"}]}},"_links":{"self":[{"href":"https:\/\/shop.huppa.eu\/lt\/wp-json\/wp\/v2\/product\/501784","targetHints":{"allow":["GET"]}}],"collection":[{"href":"https:\/\/shop.huppa.eu\/lt\/wp-json\/wp\/v2\/product"}],"about":[{"href":"https:\/\/shop.huppa.eu\/lt\/wp-json\/wp\/v2\/types\/product"}],"wp:featuredmedia":[{"embeddable":true,"href":"https:\/\/shop.huppa.eu\/lt\/wp-json\/wp\/v2\/media\/464137"}],"wp:attachment":[{"href":"https:\/\/shop.huppa.eu\/lt\/wp-json\/wp\/v2\/media?parent=501784"}],"wp:term":[{"taxonomy":"product_brand","embeddable":true,"href":"https:\/\/shop.huppa.eu\/lt\/wp-json\/wp\/v2\/product_brand?post=501784"},{"taxonomy":"product_cat","embeddable":true,"href":"https:\/\/shop.huppa.eu\/lt\/wp-json\/wp\/v2\/product_cat?post=501784"},{"taxonomy":"product_tag","embeddable":true,"href":"https:\/\/shop.huppa.eu\/lt\/wp-json\/wp\/v2\/product_tag?post=501784"}],"curies":[{"name":"wp","href":"https:\/\/api.w.org\/{rel}","templated":true}]}}