{"id":503001,"date":"2024-07-13T04:55:16","date_gmt":"2024-07-13T02:55:16","guid":{"rendered":"https:\/\/shop.huppa.eu\/lt\/product\/miko-4\/"},"modified":"2026-04-15T06:29:07","modified_gmt":"2026-04-15T04:29:07","slug":"miko-4","status":"publish","type":"product","link":"https:\/\/shop.huppa.eu\/lt\/product\/miko-4\/","title":{"rendered":"Fliso komplektas MIKO"},"content":{"rendered":"<p>Pehme fliiskomplekt lastele, millega on m\u00f5nus jahedamate ilmadega m\u00e4ngida. Komplekt sobib ideaalselt ka v\u00e4lisriiete all kandmiseks. Pealiskangas on pehme fliis- 100% pol\u00fcester. Voodriks on trikotaa\u017e &#8211; 100% puuvill. Jakil on tasku, kapuuts ning kaunistuseks armas tikand.<\/p>\n","protected":false},"excerpt":{"rendered":"<p>Pehme fliiskomplekt lastele, millega on m\u00f5nus jahedamate ilmadega m\u00e4ngida. Komplekt sobib ideaalselt ka v\u00e4lisriiete all kandmiseks. Pealiskangas on pehme fliis- 100% pol\u00fcester. Voodriks on trikotaa\u017e &#8211; 100% puuvill. Jakil on tasku, kapuuts ning kaunistuseks armas tikand.<\/p>\n","protected":false},"featured_media":458774,"template":"","meta":{"_acf_changed":false},"product_brand":[],"product_cat":[5772,5723,90,413,414,428,19],"product_tag":[],"class_list":{"0":"post-503001","1":"product","2":"type-product","3":"status-publish","4":"has-post-thumbnail","6":"product_cat-comfort-outlet","7":"product_cat-outlet","8":"product_cat-berniuku","9":"product_cat-comfort","10":"product_cat-comfort-2","11":"product_cat-comfort-berniuku","12":"product_cat-vaikai","13":"pa_amzius-vaikai","14":"pa_atsparumas-vandeniui-mm","15":"pa_dydis-1271","16":"pa_kolekcija-nr-w13-14","17":"pa_kolekcijos-dalis-mid-layers","18":"pa_lytis-berniuku","19":"pa_oro-pralaidumas-g-m-24h","20":"pa_prekes-artikulas-4303cw13-876","21":"pa_rastuota-rastas","22":"pa_sezonas-ziema","24":"first","25":"instock","26":"sale","27":"taxable","28":"shipping-taxable","29":"purchasable","30":"product-type-variable"},"acf":[],"yoast_head":"<!-- This site is optimized with the Yoast SEO plugin v26.8 - https:\/\/yoast.com\/product\/yoast-seo-wordpress\/ -->\n<title>Fliso komplektas MIKO - Huppa LT<\/title>\n<meta name=\"robots\" content=\"index, follow, max-snippet:-1, max-image-preview:large, max-video-preview:-1\" \/>\n<link rel=\"canonical\" href=\"https:\/\/shop.huppa.eu\/lt\/product\/miko-4\/\" \/>\n<meta property=\"og:locale\" content=\"lt_LT\" \/>\n<meta property=\"og:type\" content=\"article\" \/>\n<meta property=\"og:title\" content=\"Fliso komplektas MIKO - Huppa LT\" \/>\n<meta property=\"og:description\" content=\"Pehme fliiskomplekt lastele, millega on m\u00f5nus jahedamate ilmadega m\u00e4ngida. Komplekt sobib ideaalselt ka v\u00e4lisriiete all kandmiseks. Pealiskangas on pehme fliis- 100% pol\u00fcester. Voodriks on trikotaa\u017e &#8211; 100% puuvill. Jakil on tasku, kapuuts ning kaunistuseks armas tikand.\" \/>\n<meta property=\"og:url\" content=\"https:\/\/shop.huppa.eu\/lt\/product\/miko-4\/\" \/>\n<meta property=\"og:site_name\" content=\"Huppa LT\" \/>\n<meta property=\"article:modified_time\" content=\"2026-04-15T04:29:07+00:00\" \/>\n<meta property=\"og:image\" content=\"https:\/\/huppashop-prod.s3.eu-north-1.amazonaws.com\/wp-content\/uploads\/sites\/5\/2022\/03\/13011438\/43030000-60876-MIKOf.jpg\" \/>\n\t<meta property=\"og:image:width\" content=\"800\" \/>\n\t<meta property=\"og:image:height\" content=\"800\" \/>\n\t<meta property=\"og:image:type\" content=\"image\/jpeg\" \/>\n<meta name=\"twitter:card\" content=\"summary_large_image\" \/>\n<script type=\"application\/ld+json\" class=\"yoast-schema-graph\">{\"@context\":\"https:\/\/schema.org\",\"@graph\":[{\"@type\":\"WebPage\",\"@id\":\"https:\/\/shop.huppa.eu\/lt\/product\/miko-4\/\",\"url\":\"https:\/\/shop.huppa.eu\/lt\/product\/miko-4\/\",\"name\":\"Fliso komplektas MIKO - Huppa LT\",\"isPartOf\":{\"@id\":\"https:\/\/shop.huppa.eu\/lt\/#website\"},\"primaryImageOfPage\":{\"@id\":\"https:\/\/shop.huppa.eu\/lt\/product\/miko-4\/#primaryimage\"},\"image\":{\"@id\":\"https:\/\/shop.huppa.eu\/lt\/product\/miko-4\/#primaryimage\"},\"thumbnailUrl\":\"https:\/\/huppashop-prod.s3.eu-north-1.amazonaws.com\/wp-content\/uploads\/sites\/5\/2022\/03\/13011438\/43030000-60876-MIKOf.jpg\",\"datePublished\":\"2024-07-13T02:55:16+00:00\",\"dateModified\":\"2026-04-15T04:29:07+00:00\",\"breadcrumb\":{\"@id\":\"https:\/\/shop.huppa.eu\/lt\/product\/miko-4\/#breadcrumb\"},\"inLanguage\":\"lt-LT\",\"potentialAction\":[{\"@type\":\"ReadAction\",\"target\":[\"https:\/\/shop.huppa.eu\/lt\/product\/miko-4\/\"]}]},{\"@type\":\"ImageObject\",\"inLanguage\":\"lt-LT\",\"@id\":\"https:\/\/shop.huppa.eu\/lt\/product\/miko-4\/#primaryimage\",\"url\":\"https:\/\/huppashop-prod.s3.eu-north-1.amazonaws.com\/wp-content\/uploads\/sites\/5\/2022\/03\/13011438\/43030000-60876-MIKOf.jpg\",\"contentUrl\":\"https:\/\/huppashop-prod.s3.eu-north-1.amazonaws.com\/wp-content\/uploads\/sites\/5\/2022\/03\/13011438\/43030000-60876-MIKOf.jpg\",\"width\":800,\"height\":800},{\"@type\":\"BreadcrumbList\",\"@id\":\"https:\/\/shop.huppa.eu\/lt\/product\/miko-4\/#breadcrumb\",\"itemListElement\":[{\"@type\":\"ListItem\",\"position\":1,\"name\":\"Shop\",\"item\":\"https:\/\/shop.huppa.eu\/lt\/shop\/\"},{\"@type\":\"ListItem\",\"position\":2,\"name\":\"Fliso komplektas MIKO\"}]},{\"@type\":\"WebSite\",\"@id\":\"https:\/\/shop.huppa.eu\/lt\/#website\",\"url\":\"https:\/\/shop.huppa.eu\/lt\/\",\"name\":\"Huppa LT\",\"description\":\"Huppa LT\",\"potentialAction\":[{\"@type\":\"SearchAction\",\"target\":{\"@type\":\"EntryPoint\",\"urlTemplate\":\"https:\/\/shop.huppa.eu\/lt\/?s={search_term_string}\"},\"query-input\":{\"@type\":\"PropertyValueSpecification\",\"valueRequired\":true,\"valueName\":\"search_term_string\"}}],\"inLanguage\":\"lt-LT\"}]}<\/script>\n<!-- \/ Yoast SEO plugin. -->","yoast_head_json":{"title":"Fliso komplektas MIKO - Huppa LT","robots":{"index":"index","follow":"follow","max-snippet":"max-snippet:-1","max-image-preview":"max-image-preview:large","max-video-preview":"max-video-preview:-1"},"canonical":"https:\/\/shop.huppa.eu\/lt\/product\/miko-4\/","og_locale":"lt_LT","og_type":"article","og_title":"Fliso komplektas MIKO - Huppa LT","og_description":"Pehme fliiskomplekt lastele, millega on m\u00f5nus jahedamate ilmadega m\u00e4ngida. Komplekt sobib ideaalselt ka v\u00e4lisriiete all kandmiseks. Pealiskangas on pehme fliis- 100% pol\u00fcester. Voodriks on trikotaa\u017e &#8211; 100% puuvill. Jakil on tasku, kapuuts ning kaunistuseks armas tikand.","og_url":"https:\/\/shop.huppa.eu\/lt\/product\/miko-4\/","og_site_name":"Huppa LT","article_modified_time":"2026-04-15T04:29:07+00:00","og_image":[{"width":800,"height":800,"url":"https:\/\/huppashop-prod.s3.eu-north-1.amazonaws.com\/wp-content\/uploads\/sites\/5\/2022\/03\/13011438\/43030000-60876-MIKOf.jpg","type":"image\/jpeg"}],"twitter_card":"summary_large_image","schema":{"@context":"https:\/\/schema.org","@graph":[{"@type":"WebPage","@id":"https:\/\/shop.huppa.eu\/lt\/product\/miko-4\/","url":"https:\/\/shop.huppa.eu\/lt\/product\/miko-4\/","name":"Fliso komplektas MIKO - Huppa LT","isPartOf":{"@id":"https:\/\/shop.huppa.eu\/lt\/#website"},"primaryImageOfPage":{"@id":"https:\/\/shop.huppa.eu\/lt\/product\/miko-4\/#primaryimage"},"image":{"@id":"https:\/\/shop.huppa.eu\/lt\/product\/miko-4\/#primaryimage"},"thumbnailUrl":"https:\/\/huppashop-prod.s3.eu-north-1.amazonaws.com\/wp-content\/uploads\/sites\/5\/2022\/03\/13011438\/43030000-60876-MIKOf.jpg","datePublished":"2024-07-13T02:55:16+00:00","dateModified":"2026-04-15T04:29:07+00:00","breadcrumb":{"@id":"https:\/\/shop.huppa.eu\/lt\/product\/miko-4\/#breadcrumb"},"inLanguage":"lt-LT","potentialAction":[{"@type":"ReadAction","target":["https:\/\/shop.huppa.eu\/lt\/product\/miko-4\/"]}]},{"@type":"ImageObject","inLanguage":"lt-LT","@id":"https:\/\/shop.huppa.eu\/lt\/product\/miko-4\/#primaryimage","url":"https:\/\/huppashop-prod.s3.eu-north-1.amazonaws.com\/wp-content\/uploads\/sites\/5\/2022\/03\/13011438\/43030000-60876-MIKOf.jpg","contentUrl":"https:\/\/huppashop-prod.s3.eu-north-1.amazonaws.com\/wp-content\/uploads\/sites\/5\/2022\/03\/13011438\/43030000-60876-MIKOf.jpg","width":800,"height":800},{"@type":"BreadcrumbList","@id":"https:\/\/shop.huppa.eu\/lt\/product\/miko-4\/#breadcrumb","itemListElement":[{"@type":"ListItem","position":1,"name":"Shop","item":"https:\/\/shop.huppa.eu\/lt\/shop\/"},{"@type":"ListItem","position":2,"name":"Fliso komplektas MIKO"}]},{"@type":"WebSite","@id":"https:\/\/shop.huppa.eu\/lt\/#website","url":"https:\/\/shop.huppa.eu\/lt\/","name":"Huppa LT","description":"Huppa LT","potentialAction":[{"@type":"SearchAction","target":{"@type":"EntryPoint","urlTemplate":"https:\/\/shop.huppa.eu\/lt\/?s={search_term_string}"},"query-input":{"@type":"PropertyValueSpecification","valueRequired":true,"valueName":"search_term_string"}}],"inLanguage":"lt-LT"}]}},"_links":{"self":[{"href":"https:\/\/shop.huppa.eu\/lt\/wp-json\/wp\/v2\/product\/503001","targetHints":{"allow":["GET"]}}],"collection":[{"href":"https:\/\/shop.huppa.eu\/lt\/wp-json\/wp\/v2\/product"}],"about":[{"href":"https:\/\/shop.huppa.eu\/lt\/wp-json\/wp\/v2\/types\/product"}],"wp:featuredmedia":[{"embeddable":true,"href":"https:\/\/shop.huppa.eu\/lt\/wp-json\/wp\/v2\/media\/458774"}],"wp:attachment":[{"href":"https:\/\/shop.huppa.eu\/lt\/wp-json\/wp\/v2\/media?parent=503001"}],"wp:term":[{"taxonomy":"product_brand","embeddable":true,"href":"https:\/\/shop.huppa.eu\/lt\/wp-json\/wp\/v2\/product_brand?post=503001"},{"taxonomy":"product_cat","embeddable":true,"href":"https:\/\/shop.huppa.eu\/lt\/wp-json\/wp\/v2\/product_cat?post=503001"},{"taxonomy":"product_tag","embeddable":true,"href":"https:\/\/shop.huppa.eu\/lt\/wp-json\/wp\/v2\/product_tag?post=503001"}],"curies":[{"name":"wp","href":"https:\/\/api.w.org\/{rel}","templated":true}]}}