{"id":504406,"date":"2024-09-21T03:18:31","date_gmt":"2024-09-21T01:18:31","guid":{"rendered":"https:\/\/shop.huppa.eu\/lt\/product\/ole\/"},"modified":"2026-04-09T06:55:08","modified_gmt":"2026-04-09T04:55:08","slug":"ole","status":"publish","type":"product","link":"https:\/\/shop.huppa.eu\/lt\/product\/ole\/","title":{"rendered":"Kids tube scarf OLE"},"content":{"rendered":"<p>Vaiki\u0161kas merino vilnos ir bambuko apvalus \u0161alikas. Mink\u0161tas merino vilnos i\u0161orinis sluoksnis. Vidinis sluoksnis i\u0161 odai palankaus bambuko. Med\u017eiaga sugeria dr\u0117gm\u0119 ir reaguoja \u012f k\u016bno temperat\u016br\u0105 atitinkamai \u0161ildydama arba v\u0117sindama. Tinka jautriai odai.<\/p>\n","protected":false},"excerpt":{"rendered":"<p>Vaiki\u0161kas merino vilnos ir bambuko apvalus \u0161alikas. Mink\u0161tas merino vilnos i\u0161orinis sluoksnis. Vidinis sluoksnis i\u0161 odai palankaus bambuko. Med\u017eiaga sugeria dr\u0117gm\u0119 ir reaguoja \u012f k\u016bno temperat\u016br\u0105 atitinkamai \u0161ildydama arba v\u0117sindama. Tinka jautriai odai.<\/p>\n","protected":false},"featured_media":504408,"template":"","meta":{"_acf_changed":false},"product_brand":[],"product_cat":[5695,5700,2398,2399,2396,415,19],"product_tag":[],"class_list":{"0":"post-504406","1":"product","2":"type-product","3":"status-publish","4":"has-post-thumbnail","6":"product_cat-accessories","7":"product_cat-apykakles-accessories-2","8":"product_cat-apykakles-2","9":"product_cat-apykakles-unisex","10":"product_cat-apykakles","11":"product_cat-unisex","12":"product_cat-vaikai","13":"pa_amzius-vaikai","14":"pa_atsparumas-vandeniui-0mm","15":"pa_kolekcija-nr-sa2026","16":"pa_kolekcijos-dalis-accessories","17":"pa_lytis-unisex","18":"pa_oro-pralaidumas-0g-m-24h","19":"pa_prekes-artikulas-86780000-00018","20":"pa_rastuota-vienspalvis","21":"pa_sezonas-pavasaris-ruduo","23":"first","24":"instock","25":"taxable","26":"shipping-taxable","27":"purchasable","28":"product-type-variable"},"acf":[],"yoast_head":"<!-- This site is optimized with the Yoast SEO plugin v26.8 - https:\/\/yoast.com\/product\/yoast-seo-wordpress\/ -->\n<title>Kids tube scarf OLE - Huppa LT<\/title>\n<meta name=\"robots\" content=\"index, follow, max-snippet:-1, max-image-preview:large, max-video-preview:-1\" \/>\n<link rel=\"canonical\" href=\"https:\/\/shop.huppa.eu\/lt\/product\/ole\/\" \/>\n<meta property=\"og:locale\" content=\"lt_LT\" \/>\n<meta property=\"og:type\" content=\"article\" \/>\n<meta property=\"og:title\" content=\"Kids tube scarf OLE - Huppa LT\" \/>\n<meta property=\"og:description\" content=\"Vaiki\u0161kas merino vilnos ir bambuko apvalus \u0161alikas. Mink\u0161tas merino vilnos i\u0161orinis sluoksnis. Vidinis sluoksnis i\u0161 odai palankaus bambuko. Med\u017eiaga sugeria dr\u0117gm\u0119 ir reaguoja \u012f k\u016bno temperat\u016br\u0105 atitinkamai \u0161ildydama arba v\u0117sindama. Tinka jautriai odai.\" \/>\n<meta property=\"og:url\" content=\"https:\/\/shop.huppa.eu\/lt\/product\/ole\/\" \/>\n<meta property=\"og:site_name\" content=\"Huppa LT\" \/>\n<meta property=\"article:modified_time\" content=\"2026-04-09T04:55:08+00:00\" \/>\n<meta property=\"og:image\" content=\"https:\/\/huppashop-prod.s3.eu-north-1.amazonaws.com\/wp-content\/uploads\/sites\/5\/2024\/09\/21031832\/86780000-00018-OLE_f.jpg\" \/>\n\t<meta property=\"og:image:width\" content=\"1200\" \/>\n\t<meta property=\"og:image:height\" content=\"1200\" \/>\n\t<meta property=\"og:image:type\" content=\"image\/jpeg\" \/>\n<meta name=\"twitter:card\" content=\"summary_large_image\" \/>\n<script type=\"application\/ld+json\" class=\"yoast-schema-graph\">{\"@context\":\"https:\/\/schema.org\",\"@graph\":[{\"@type\":\"WebPage\",\"@id\":\"https:\/\/shop.huppa.eu\/lt\/product\/ole\/\",\"url\":\"https:\/\/shop.huppa.eu\/lt\/product\/ole\/\",\"name\":\"Kids tube scarf OLE - Huppa LT\",\"isPartOf\":{\"@id\":\"https:\/\/shop.huppa.eu\/lt\/#website\"},\"primaryImageOfPage\":{\"@id\":\"https:\/\/shop.huppa.eu\/lt\/product\/ole\/#primaryimage\"},\"image\":{\"@id\":\"https:\/\/shop.huppa.eu\/lt\/product\/ole\/#primaryimage\"},\"thumbnailUrl\":\"https:\/\/huppashop-prod.s3.eu-north-1.amazonaws.com\/wp-content\/uploads\/sites\/5\/2024\/09\/21031832\/86780000-00018-OLE_f.jpg\",\"datePublished\":\"2024-09-21T01:18:31+00:00\",\"dateModified\":\"2026-04-09T04:55:08+00:00\",\"breadcrumb\":{\"@id\":\"https:\/\/shop.huppa.eu\/lt\/product\/ole\/#breadcrumb\"},\"inLanguage\":\"lt-LT\",\"potentialAction\":[{\"@type\":\"ReadAction\",\"target\":[\"https:\/\/shop.huppa.eu\/lt\/product\/ole\/\"]}]},{\"@type\":\"ImageObject\",\"inLanguage\":\"lt-LT\",\"@id\":\"https:\/\/shop.huppa.eu\/lt\/product\/ole\/#primaryimage\",\"url\":\"https:\/\/huppashop-prod.s3.eu-north-1.amazonaws.com\/wp-content\/uploads\/sites\/5\/2024\/09\/21031832\/86780000-00018-OLE_f.jpg\",\"contentUrl\":\"https:\/\/huppashop-prod.s3.eu-north-1.amazonaws.com\/wp-content\/uploads\/sites\/5\/2024\/09\/21031832\/86780000-00018-OLE_f.jpg\",\"width\":1200,\"height\":1200},{\"@type\":\"BreadcrumbList\",\"@id\":\"https:\/\/shop.huppa.eu\/lt\/product\/ole\/#breadcrumb\",\"itemListElement\":[{\"@type\":\"ListItem\",\"position\":1,\"name\":\"Shop\",\"item\":\"https:\/\/shop.huppa.eu\/lt\/shop\/\"},{\"@type\":\"ListItem\",\"position\":2,\"name\":\"Kids tube scarf OLE\"}]},{\"@type\":\"WebSite\",\"@id\":\"https:\/\/shop.huppa.eu\/lt\/#website\",\"url\":\"https:\/\/shop.huppa.eu\/lt\/\",\"name\":\"Huppa LT\",\"description\":\"Huppa LT\",\"potentialAction\":[{\"@type\":\"SearchAction\",\"target\":{\"@type\":\"EntryPoint\",\"urlTemplate\":\"https:\/\/shop.huppa.eu\/lt\/?s={search_term_string}\"},\"query-input\":{\"@type\":\"PropertyValueSpecification\",\"valueRequired\":true,\"valueName\":\"search_term_string\"}}],\"inLanguage\":\"lt-LT\"}]}<\/script>\n<!-- \/ Yoast SEO plugin. -->","yoast_head_json":{"title":"Kids tube scarf OLE - Huppa LT","robots":{"index":"index","follow":"follow","max-snippet":"max-snippet:-1","max-image-preview":"max-image-preview:large","max-video-preview":"max-video-preview:-1"},"canonical":"https:\/\/shop.huppa.eu\/lt\/product\/ole\/","og_locale":"lt_LT","og_type":"article","og_title":"Kids tube scarf OLE - Huppa LT","og_description":"Vaiki\u0161kas merino vilnos ir bambuko apvalus \u0161alikas. Mink\u0161tas merino vilnos i\u0161orinis sluoksnis. Vidinis sluoksnis i\u0161 odai palankaus bambuko. Med\u017eiaga sugeria dr\u0117gm\u0119 ir reaguoja \u012f k\u016bno temperat\u016br\u0105 atitinkamai \u0161ildydama arba v\u0117sindama. Tinka jautriai odai.","og_url":"https:\/\/shop.huppa.eu\/lt\/product\/ole\/","og_site_name":"Huppa LT","article_modified_time":"2026-04-09T04:55:08+00:00","og_image":[{"width":1200,"height":1200,"url":"https:\/\/huppashop-prod.s3.eu-north-1.amazonaws.com\/wp-content\/uploads\/sites\/5\/2024\/09\/21031832\/86780000-00018-OLE_f.jpg","type":"image\/jpeg"}],"twitter_card":"summary_large_image","schema":{"@context":"https:\/\/schema.org","@graph":[{"@type":"WebPage","@id":"https:\/\/shop.huppa.eu\/lt\/product\/ole\/","url":"https:\/\/shop.huppa.eu\/lt\/product\/ole\/","name":"Kids tube scarf OLE - Huppa LT","isPartOf":{"@id":"https:\/\/shop.huppa.eu\/lt\/#website"},"primaryImageOfPage":{"@id":"https:\/\/shop.huppa.eu\/lt\/product\/ole\/#primaryimage"},"image":{"@id":"https:\/\/shop.huppa.eu\/lt\/product\/ole\/#primaryimage"},"thumbnailUrl":"https:\/\/huppashop-prod.s3.eu-north-1.amazonaws.com\/wp-content\/uploads\/sites\/5\/2024\/09\/21031832\/86780000-00018-OLE_f.jpg","datePublished":"2024-09-21T01:18:31+00:00","dateModified":"2026-04-09T04:55:08+00:00","breadcrumb":{"@id":"https:\/\/shop.huppa.eu\/lt\/product\/ole\/#breadcrumb"},"inLanguage":"lt-LT","potentialAction":[{"@type":"ReadAction","target":["https:\/\/shop.huppa.eu\/lt\/product\/ole\/"]}]},{"@type":"ImageObject","inLanguage":"lt-LT","@id":"https:\/\/shop.huppa.eu\/lt\/product\/ole\/#primaryimage","url":"https:\/\/huppashop-prod.s3.eu-north-1.amazonaws.com\/wp-content\/uploads\/sites\/5\/2024\/09\/21031832\/86780000-00018-OLE_f.jpg","contentUrl":"https:\/\/huppashop-prod.s3.eu-north-1.amazonaws.com\/wp-content\/uploads\/sites\/5\/2024\/09\/21031832\/86780000-00018-OLE_f.jpg","width":1200,"height":1200},{"@type":"BreadcrumbList","@id":"https:\/\/shop.huppa.eu\/lt\/product\/ole\/#breadcrumb","itemListElement":[{"@type":"ListItem","position":1,"name":"Shop","item":"https:\/\/shop.huppa.eu\/lt\/shop\/"},{"@type":"ListItem","position":2,"name":"Kids tube scarf OLE"}]},{"@type":"WebSite","@id":"https:\/\/shop.huppa.eu\/lt\/#website","url":"https:\/\/shop.huppa.eu\/lt\/","name":"Huppa LT","description":"Huppa LT","potentialAction":[{"@type":"SearchAction","target":{"@type":"EntryPoint","urlTemplate":"https:\/\/shop.huppa.eu\/lt\/?s={search_term_string}"},"query-input":{"@type":"PropertyValueSpecification","valueRequired":true,"valueName":"search_term_string"}}],"inLanguage":"lt-LT"}]}},"_links":{"self":[{"href":"https:\/\/shop.huppa.eu\/lt\/wp-json\/wp\/v2\/product\/504406","targetHints":{"allow":["GET"]}}],"collection":[{"href":"https:\/\/shop.huppa.eu\/lt\/wp-json\/wp\/v2\/product"}],"about":[{"href":"https:\/\/shop.huppa.eu\/lt\/wp-json\/wp\/v2\/types\/product"}],"wp:featuredmedia":[{"embeddable":true,"href":"https:\/\/shop.huppa.eu\/lt\/wp-json\/wp\/v2\/media\/504408"}],"wp:attachment":[{"href":"https:\/\/shop.huppa.eu\/lt\/wp-json\/wp\/v2\/media?parent=504406"}],"wp:term":[{"taxonomy":"product_brand","embeddable":true,"href":"https:\/\/shop.huppa.eu\/lt\/wp-json\/wp\/v2\/product_brand?post=504406"},{"taxonomy":"product_cat","embeddable":true,"href":"https:\/\/shop.huppa.eu\/lt\/wp-json\/wp\/v2\/product_cat?post=504406"},{"taxonomy":"product_tag","embeddable":true,"href":"https:\/\/shop.huppa.eu\/lt\/wp-json\/wp\/v2\/product_tag?post=504406"}],"curies":[{"name":"wp","href":"https:\/\/api.w.org\/{rel}","templated":true}]}}