{"id":504822,"date":"2024-10-09T03:10:41","date_gmt":"2024-10-09T01:10:41","guid":{"rendered":"https:\/\/shop.huppa.eu\/lt\/product\/stevo-2-artificial-down-200g\/"},"modified":"2026-04-09T05:38:02","modified_gmt":"2026-04-09T03:38:02","slug":"stevo-2-artificial-down-200g","status":"publish","type":"product","link":"https:\/\/shop.huppa.eu\/lt\/product\/stevo-2-artificial-down-200g\/","title":{"rendered":"\u017diemin\u0117 striuk\u0117 STEVO 2 (200g_ARTIFICIAL DOWN)"},"content":{"rendered":"<p>Dygsniuota striuk\u0117 paaugliams ir vyrams. V\u0117jui atsparus i\u0161orinis audinys. U\u017esegimas u\u017etrauktuku. Priekyje ki\u0161en\u0117s su u\u017etrauktuku. Gobtuvo kra\u0161te yra gumin\u0117 juostel\u0117. Striuk\u0117 u\u017epildyta naujovi\u0161ka perdirbta med\u017eiaga, kuri imituoja plunksn\u0173 u\u017epildo savybes. Med\u017eiaga \u0161ilta, greitai d\u017ei\u016bsta ir po skalbimo nesu\u0161oka. Puiki alternatyva nat\u016brali\u0173 plunksn\u0173 u\u017epildui.<\/p>\n","protected":false},"excerpt":{"rendered":"<p>Dygsniuota striuk\u0117 paaugliams ir vyrams. V\u0117jui atsparus i\u0161orinis audinys. U\u017esegimas u\u017etrauktuku. Priekyje ki\u0161en\u0117s su u\u017etrauktuku. Gobtuvo kra\u0161te yra gumin\u0117 juostel\u0117. Striuk\u0117 u\u017epildyta naujovi\u0161ka perdirbta med\u017eiaga, kuri imituoja plunksn\u0173 u\u017epildo savybes. Med\u017eiaga \u0161ilta, greitai d\u017ei\u016bsta ir po skalbimo nesu\u0161oka. Puiki alternatyva nat\u016brali\u0173 plunksn\u0173 u\u017epildui.<\/p>\n","protected":false},"featured_media":505985,"template":"","meta":{"_acf_changed":false},"product_brand":[],"product_cat":[90,89,91,88,19],"product_tag":[],"class_list":{"0":"post-504822","1":"product","2":"type-product","3":"status-publish","4":"has-post-thumbnail","6":"product_cat-berniuku","7":"product_cat-striukes-2","8":"product_cat-striukes-berniuku","9":"product_cat-striukes","10":"product_cat-vaikai","11":"pa_amzius-vaikai","12":"pa_atsparumas-vandeniui-5-000mm","13":"pa_dydis-93","14":"pa_dydis-96","15":"pa_dydis-97","16":"pa_dydis-98","17":"pa_dydis-100","18":"pa_dydis-101","19":"pa_izoliacijos-svoris-200g_artificial-down","20":"pa_kolekcija-nr-sa2024","21":"pa_kolekcijos-dalis-semi-season","22":"pa_lytis-berniuku","23":"pa_oro-pralaidumas-5-000g-m-24h","24":"pa_prekes-artikulas-17990227-90009","25":"pa_rastuota-vienspalvis","26":"pa_sezonas-pavasaris-ruduo","27":"pa_uzpildas-200g_artificial-down","29":"first","30":"instock","31":"sale","32":"taxable","33":"shipping-taxable","34":"purchasable","35":"product-type-variable"},"acf":[],"yoast_head":"<!-- This site is optimized with the Yoast SEO plugin v26.8 - https:\/\/yoast.com\/product\/yoast-seo-wordpress\/ -->\n<title>\u017diemin\u0117 striuk\u0117 STEVO 2 (200g_ARTIFICIAL DOWN) - Huppa LT<\/title>\n<meta name=\"robots\" content=\"index, follow, max-snippet:-1, max-image-preview:large, max-video-preview:-1\" \/>\n<link rel=\"canonical\" href=\"https:\/\/shop.huppa.eu\/lt\/product\/stevo-2-artificial-down-200g\/\" \/>\n<meta property=\"og:locale\" content=\"lt_LT\" \/>\n<meta property=\"og:type\" content=\"article\" \/>\n<meta property=\"og:title\" content=\"\u017diemin\u0117 striuk\u0117 STEVO 2 (200g_ARTIFICIAL DOWN) - Huppa LT\" \/>\n<meta property=\"og:description\" content=\"Dygsniuota striuk\u0117 paaugliams ir vyrams. V\u0117jui atsparus i\u0161orinis audinys. U\u017esegimas u\u017etrauktuku. Priekyje ki\u0161en\u0117s su u\u017etrauktuku. Gobtuvo kra\u0161te yra gumin\u0117 juostel\u0117. Striuk\u0117 u\u017epildyta naujovi\u0161ka perdirbta med\u017eiaga, kuri imituoja plunksn\u0173 u\u017epildo savybes. Med\u017eiaga \u0161ilta, greitai d\u017ei\u016bsta ir po skalbimo nesu\u0161oka. Puiki alternatyva nat\u016brali\u0173 plunksn\u0173 u\u017epildui.\" \/>\n<meta property=\"og:url\" content=\"https:\/\/shop.huppa.eu\/lt\/product\/stevo-2-artificial-down-200g\/\" \/>\n<meta property=\"og:site_name\" content=\"Huppa LT\" \/>\n<meta property=\"article:modified_time\" content=\"2026-04-09T03:38:02+00:00\" \/>\n<meta property=\"og:image\" content=\"https:\/\/huppashop-prod.s3.eu-north-1.amazonaws.com\/wp-content\/uploads\/sites\/5\/2024\/10\/31032306\/17990227-90009-STEVO2_f.jpg\" \/>\n\t<meta property=\"og:image:width\" content=\"1200\" \/>\n\t<meta property=\"og:image:height\" content=\"1200\" \/>\n\t<meta property=\"og:image:type\" content=\"image\/jpeg\" \/>\n<meta name=\"twitter:card\" content=\"summary_large_image\" \/>\n<script type=\"application\/ld+json\" class=\"yoast-schema-graph\">{\"@context\":\"https:\/\/schema.org\",\"@graph\":[{\"@type\":\"WebPage\",\"@id\":\"https:\/\/shop.huppa.eu\/lt\/product\/stevo-2-artificial-down-200g\/\",\"url\":\"https:\/\/shop.huppa.eu\/lt\/product\/stevo-2-artificial-down-200g\/\",\"name\":\"\u017diemin\u0117 striuk\u0117 STEVO 2 (200g_ARTIFICIAL DOWN) - Huppa LT\",\"isPartOf\":{\"@id\":\"https:\/\/shop.huppa.eu\/lt\/#website\"},\"primaryImageOfPage\":{\"@id\":\"https:\/\/shop.huppa.eu\/lt\/product\/stevo-2-artificial-down-200g\/#primaryimage\"},\"image\":{\"@id\":\"https:\/\/shop.huppa.eu\/lt\/product\/stevo-2-artificial-down-200g\/#primaryimage\"},\"thumbnailUrl\":\"https:\/\/huppashop-prod.s3.eu-north-1.amazonaws.com\/wp-content\/uploads\/sites\/5\/2024\/10\/31032306\/17990227-90009-STEVO2_f.jpg\",\"datePublished\":\"2024-10-09T01:10:41+00:00\",\"dateModified\":\"2026-04-09T03:38:02+00:00\",\"breadcrumb\":{\"@id\":\"https:\/\/shop.huppa.eu\/lt\/product\/stevo-2-artificial-down-200g\/#breadcrumb\"},\"inLanguage\":\"lt-LT\",\"potentialAction\":[{\"@type\":\"ReadAction\",\"target\":[\"https:\/\/shop.huppa.eu\/lt\/product\/stevo-2-artificial-down-200g\/\"]}]},{\"@type\":\"ImageObject\",\"inLanguage\":\"lt-LT\",\"@id\":\"https:\/\/shop.huppa.eu\/lt\/product\/stevo-2-artificial-down-200g\/#primaryimage\",\"url\":\"https:\/\/huppashop-prod.s3.eu-north-1.amazonaws.com\/wp-content\/uploads\/sites\/5\/2024\/10\/31032306\/17990227-90009-STEVO2_f.jpg\",\"contentUrl\":\"https:\/\/huppashop-prod.s3.eu-north-1.amazonaws.com\/wp-content\/uploads\/sites\/5\/2024\/10\/31032306\/17990227-90009-STEVO2_f.jpg\",\"width\":1200,\"height\":1200},{\"@type\":\"BreadcrumbList\",\"@id\":\"https:\/\/shop.huppa.eu\/lt\/product\/stevo-2-artificial-down-200g\/#breadcrumb\",\"itemListElement\":[{\"@type\":\"ListItem\",\"position\":1,\"name\":\"Shop\",\"item\":\"https:\/\/shop.huppa.eu\/lt\/shop\/\"},{\"@type\":\"ListItem\",\"position\":2,\"name\":\"\u017diemin\u0117 striuk\u0117 STEVO 2 (200g_ARTIFICIAL DOWN)\"}]},{\"@type\":\"WebSite\",\"@id\":\"https:\/\/shop.huppa.eu\/lt\/#website\",\"url\":\"https:\/\/shop.huppa.eu\/lt\/\",\"name\":\"Huppa LT\",\"description\":\"Huppa LT\",\"potentialAction\":[{\"@type\":\"SearchAction\",\"target\":{\"@type\":\"EntryPoint\",\"urlTemplate\":\"https:\/\/shop.huppa.eu\/lt\/?s={search_term_string}\"},\"query-input\":{\"@type\":\"PropertyValueSpecification\",\"valueRequired\":true,\"valueName\":\"search_term_string\"}}],\"inLanguage\":\"lt-LT\"}]}<\/script>\n<!-- \/ Yoast SEO plugin. -->","yoast_head_json":{"title":"\u017diemin\u0117 striuk\u0117 STEVO 2 (200g_ARTIFICIAL DOWN) - Huppa LT","robots":{"index":"index","follow":"follow","max-snippet":"max-snippet:-1","max-image-preview":"max-image-preview:large","max-video-preview":"max-video-preview:-1"},"canonical":"https:\/\/shop.huppa.eu\/lt\/product\/stevo-2-artificial-down-200g\/","og_locale":"lt_LT","og_type":"article","og_title":"\u017diemin\u0117 striuk\u0117 STEVO 2 (200g_ARTIFICIAL DOWN) - Huppa LT","og_description":"Dygsniuota striuk\u0117 paaugliams ir vyrams. V\u0117jui atsparus i\u0161orinis audinys. U\u017esegimas u\u017etrauktuku. Priekyje ki\u0161en\u0117s su u\u017etrauktuku. Gobtuvo kra\u0161te yra gumin\u0117 juostel\u0117. Striuk\u0117 u\u017epildyta naujovi\u0161ka perdirbta med\u017eiaga, kuri imituoja plunksn\u0173 u\u017epildo savybes. Med\u017eiaga \u0161ilta, greitai d\u017ei\u016bsta ir po skalbimo nesu\u0161oka. Puiki alternatyva nat\u016brali\u0173 plunksn\u0173 u\u017epildui.","og_url":"https:\/\/shop.huppa.eu\/lt\/product\/stevo-2-artificial-down-200g\/","og_site_name":"Huppa LT","article_modified_time":"2026-04-09T03:38:02+00:00","og_image":[{"width":1200,"height":1200,"url":"https:\/\/huppashop-prod.s3.eu-north-1.amazonaws.com\/wp-content\/uploads\/sites\/5\/2024\/10\/31032306\/17990227-90009-STEVO2_f.jpg","type":"image\/jpeg"}],"twitter_card":"summary_large_image","schema":{"@context":"https:\/\/schema.org","@graph":[{"@type":"WebPage","@id":"https:\/\/shop.huppa.eu\/lt\/product\/stevo-2-artificial-down-200g\/","url":"https:\/\/shop.huppa.eu\/lt\/product\/stevo-2-artificial-down-200g\/","name":"\u017diemin\u0117 striuk\u0117 STEVO 2 (200g_ARTIFICIAL DOWN) - Huppa LT","isPartOf":{"@id":"https:\/\/shop.huppa.eu\/lt\/#website"},"primaryImageOfPage":{"@id":"https:\/\/shop.huppa.eu\/lt\/product\/stevo-2-artificial-down-200g\/#primaryimage"},"image":{"@id":"https:\/\/shop.huppa.eu\/lt\/product\/stevo-2-artificial-down-200g\/#primaryimage"},"thumbnailUrl":"https:\/\/huppashop-prod.s3.eu-north-1.amazonaws.com\/wp-content\/uploads\/sites\/5\/2024\/10\/31032306\/17990227-90009-STEVO2_f.jpg","datePublished":"2024-10-09T01:10:41+00:00","dateModified":"2026-04-09T03:38:02+00:00","breadcrumb":{"@id":"https:\/\/shop.huppa.eu\/lt\/product\/stevo-2-artificial-down-200g\/#breadcrumb"},"inLanguage":"lt-LT","potentialAction":[{"@type":"ReadAction","target":["https:\/\/shop.huppa.eu\/lt\/product\/stevo-2-artificial-down-200g\/"]}]},{"@type":"ImageObject","inLanguage":"lt-LT","@id":"https:\/\/shop.huppa.eu\/lt\/product\/stevo-2-artificial-down-200g\/#primaryimage","url":"https:\/\/huppashop-prod.s3.eu-north-1.amazonaws.com\/wp-content\/uploads\/sites\/5\/2024\/10\/31032306\/17990227-90009-STEVO2_f.jpg","contentUrl":"https:\/\/huppashop-prod.s3.eu-north-1.amazonaws.com\/wp-content\/uploads\/sites\/5\/2024\/10\/31032306\/17990227-90009-STEVO2_f.jpg","width":1200,"height":1200},{"@type":"BreadcrumbList","@id":"https:\/\/shop.huppa.eu\/lt\/product\/stevo-2-artificial-down-200g\/#breadcrumb","itemListElement":[{"@type":"ListItem","position":1,"name":"Shop","item":"https:\/\/shop.huppa.eu\/lt\/shop\/"},{"@type":"ListItem","position":2,"name":"\u017diemin\u0117 striuk\u0117 STEVO 2 (200g_ARTIFICIAL DOWN)"}]},{"@type":"WebSite","@id":"https:\/\/shop.huppa.eu\/lt\/#website","url":"https:\/\/shop.huppa.eu\/lt\/","name":"Huppa LT","description":"Huppa LT","potentialAction":[{"@type":"SearchAction","target":{"@type":"EntryPoint","urlTemplate":"https:\/\/shop.huppa.eu\/lt\/?s={search_term_string}"},"query-input":{"@type":"PropertyValueSpecification","valueRequired":true,"valueName":"search_term_string"}}],"inLanguage":"lt-LT"}]}},"_links":{"self":[{"href":"https:\/\/shop.huppa.eu\/lt\/wp-json\/wp\/v2\/product\/504822","targetHints":{"allow":["GET"]}}],"collection":[{"href":"https:\/\/shop.huppa.eu\/lt\/wp-json\/wp\/v2\/product"}],"about":[{"href":"https:\/\/shop.huppa.eu\/lt\/wp-json\/wp\/v2\/types\/product"}],"wp:featuredmedia":[{"embeddable":true,"href":"https:\/\/shop.huppa.eu\/lt\/wp-json\/wp\/v2\/media\/505985"}],"wp:attachment":[{"href":"https:\/\/shop.huppa.eu\/lt\/wp-json\/wp\/v2\/media?parent=504822"}],"wp:term":[{"taxonomy":"product_brand","embeddable":true,"href":"https:\/\/shop.huppa.eu\/lt\/wp-json\/wp\/v2\/product_brand?post=504822"},{"taxonomy":"product_cat","embeddable":true,"href":"https:\/\/shop.huppa.eu\/lt\/wp-json\/wp\/v2\/product_cat?post=504822"},{"taxonomy":"product_tag","embeddable":true,"href":"https:\/\/shop.huppa.eu\/lt\/wp-json\/wp\/v2\/product_tag?post=504822"}],"curies":[{"name":"wp","href":"https:\/\/api.w.org\/{rel}","templated":true}]}}