{"id":506964,"date":"2024-11-26T03:03:25","date_gmt":"2024-11-26T01:03:25","guid":{"rendered":"https:\/\/shop.huppa.eu\/lt\/product\/rianna-300g\/"},"modified":"2026-04-15T05:31:09","modified_gmt":"2026-04-15T03:31:09","slug":"rianna-300g","status":"publish","type":"product","link":"https:\/\/shop.huppa.eu\/lt\/product\/rianna-300g\/","title":{"rendered":"Mergaiti\u0161ka striuk\u0117 RIANNA (300g)"},"content":{"rendered":"<p>V\u00e4ikeste printsesside m\u00f5nusalt paksu vatiiniga pehmest kangast tepingutega jope talvisteks jalutusk\u00e4ikudeks. Kauni jope voodriks on m\u00f5nus \u201eCoral-fleece\u201c kehaosas ja taftvooder varrukates k\u00e4e kergemaks l\u00e4bi libistamiseks. Kahe tutiga eemaldatava karvaga kapuuts kaitseb k\u00fclma tuule eest, soonik varrukasuus lume eest ning kenad lillehelkurid lisavad rohkelt turvalisust ka pimedamal ajal liikumiseks. Trukkidega kinnitatavatesse taskutesse saab v\u00e4ike printsess peita aga k\u00f5ige s\u00e4ravamad aarded.<\/p>\n","protected":false},"excerpt":{"rendered":"<p>V\u00e4ikeste printsesside m\u00f5nusalt paksu vatiiniga pehmest kangast tepingutega jope talvisteks jalutusk\u00e4ikudeks. Kauni jope voodriks on m\u00f5nus \u201eCoral-fleece\u201c kehaosas ja taftvooder varrukates k\u00e4e kergemaks l\u00e4bi libistamiseks. Kahe tutiga eemaldatava karvaga kapuuts kaitseb k\u00fclma tuule eest, soonik varrukasuus lume eest ning kenad lillehelkurid lisavad rohkelt turvalisust ka pimedamal ajal liikumiseks. Trukkidega kinnitatavatesse taskutesse saab v\u00e4ike printsess peita [&hellip;]<\/p>\n","protected":false},"featured_media":421242,"template":"","meta":{"_acf_changed":false},"product_brand":[],"product_cat":[5723,5731,102,103,88,89,19],"product_tag":[],"class_list":{"0":"post-506964","1":"product","2":"type-product","3":"status-publish","4":"has-post-thumbnail","6":"product_cat-outlet","7":"product_cat-striukes-outlet","8":"product_cat-mergaiciu","9":"product_cat-striukes-mergaiciu","10":"product_cat-striukes","11":"product_cat-striukes-2","12":"product_cat-vaikai","13":"pa_amzius-vaikai","14":"pa_atsparumas-vandeniui-5000mm","15":"pa_dydis-410","16":"pa_izoliacijos-svoris-300g","17":"pa_kolekcija-nr-w15-16","18":"pa_kolekcijos-dalis-fashion","19":"pa_lytis-mergaiciu","20":"pa_oro-pralaidumas-5000g-m-24h","21":"pa_prekes-artikulas-1740aw15-013","22":"pa_rastuota-vienspalvis","23":"pa_sezonas-ziema","24":"pa_uzpildas-300g","26":"first","27":"instock","28":"sale","29":"taxable","30":"shipping-taxable","31":"purchasable","32":"product-type-variable"},"acf":[],"yoast_head":"<!-- This site is optimized with the Yoast SEO plugin v26.8 - https:\/\/yoast.com\/product\/yoast-seo-wordpress\/ -->\n<title>Mergaiti\u0161ka striuk\u0117 RIANNA (300g) - Huppa LT<\/title>\n<meta name=\"robots\" content=\"index, follow, max-snippet:-1, max-image-preview:large, max-video-preview:-1\" \/>\n<link rel=\"canonical\" href=\"https:\/\/shop.huppa.eu\/lt\/product\/rianna-300g\/\" \/>\n<meta property=\"og:locale\" content=\"lt_LT\" \/>\n<meta property=\"og:type\" content=\"article\" \/>\n<meta property=\"og:title\" content=\"Mergaiti\u0161ka striuk\u0117 RIANNA (300g) - Huppa LT\" \/>\n<meta property=\"og:description\" content=\"V\u00e4ikeste printsesside m\u00f5nusalt paksu vatiiniga pehmest kangast tepingutega jope talvisteks jalutusk\u00e4ikudeks. Kauni jope voodriks on m\u00f5nus \u201eCoral-fleece\u201c kehaosas ja taftvooder varrukates k\u00e4e kergemaks l\u00e4bi libistamiseks. Kahe tutiga eemaldatava karvaga kapuuts kaitseb k\u00fclma tuule eest, soonik varrukasuus lume eest ning kenad lillehelkurid lisavad rohkelt turvalisust ka pimedamal ajal liikumiseks. Trukkidega kinnitatavatesse taskutesse saab v\u00e4ike printsess peita [&hellip;]\" \/>\n<meta property=\"og:url\" content=\"https:\/\/shop.huppa.eu\/lt\/product\/rianna-300g\/\" \/>\n<meta property=\"og:site_name\" content=\"Huppa LT\" \/>\n<meta property=\"article:modified_time\" content=\"2026-04-15T03:31:09+00:00\" \/>\n<meta property=\"og:image\" content=\"https:\/\/huppashop-prod.s3.eu-north-1.amazonaws.com\/wp-content\/uploads\/sites\/3\/2021\/06\/03002900\/1740AW15-013-RIANNAf.png\" \/>\n\t<meta property=\"og:image:width\" content=\"800\" \/>\n\t<meta property=\"og:image:height\" content=\"800\" \/>\n\t<meta property=\"og:image:type\" content=\"image\/png\" \/>\n<meta name=\"twitter:card\" content=\"summary_large_image\" \/>\n<script type=\"application\/ld+json\" class=\"yoast-schema-graph\">{\"@context\":\"https:\/\/schema.org\",\"@graph\":[{\"@type\":\"WebPage\",\"@id\":\"https:\/\/shop.huppa.eu\/lt\/product\/rianna-300g\/\",\"url\":\"https:\/\/shop.huppa.eu\/lt\/product\/rianna-300g\/\",\"name\":\"Mergaiti\u0161ka striuk\u0117 RIANNA (300g) - Huppa LT\",\"isPartOf\":{\"@id\":\"https:\/\/shop.huppa.eu\/lt\/#website\"},\"primaryImageOfPage\":{\"@id\":\"https:\/\/shop.huppa.eu\/lt\/product\/rianna-300g\/#primaryimage\"},\"image\":{\"@id\":\"https:\/\/shop.huppa.eu\/lt\/product\/rianna-300g\/#primaryimage\"},\"thumbnailUrl\":\"https:\/\/huppashop-prod.s3.eu-north-1.amazonaws.com\/wp-content\/uploads\/sites\/3\/2021\/06\/03002900\/1740AW15-013-RIANNAf.png\",\"datePublished\":\"2024-11-26T01:03:25+00:00\",\"dateModified\":\"2026-04-15T03:31:09+00:00\",\"breadcrumb\":{\"@id\":\"https:\/\/shop.huppa.eu\/lt\/product\/rianna-300g\/#breadcrumb\"},\"inLanguage\":\"lt-LT\",\"potentialAction\":[{\"@type\":\"ReadAction\",\"target\":[\"https:\/\/shop.huppa.eu\/lt\/product\/rianna-300g\/\"]}]},{\"@type\":\"ImageObject\",\"inLanguage\":\"lt-LT\",\"@id\":\"https:\/\/shop.huppa.eu\/lt\/product\/rianna-300g\/#primaryimage\",\"url\":\"https:\/\/huppashop-prod.s3.eu-north-1.amazonaws.com\/wp-content\/uploads\/sites\/3\/2021\/06\/03002900\/1740AW15-013-RIANNAf.png\",\"contentUrl\":\"https:\/\/huppashop-prod.s3.eu-north-1.amazonaws.com\/wp-content\/uploads\/sites\/3\/2021\/06\/03002900\/1740AW15-013-RIANNAf.png\",\"width\":800,\"height\":800},{\"@type\":\"BreadcrumbList\",\"@id\":\"https:\/\/shop.huppa.eu\/lt\/product\/rianna-300g\/#breadcrumb\",\"itemListElement\":[{\"@type\":\"ListItem\",\"position\":1,\"name\":\"Shop\",\"item\":\"https:\/\/shop.huppa.eu\/lt\/shop\/\"},{\"@type\":\"ListItem\",\"position\":2,\"name\":\"Mergaiti\u0161ka striuk\u0117 RIANNA (300g)\"}]},{\"@type\":\"WebSite\",\"@id\":\"https:\/\/shop.huppa.eu\/lt\/#website\",\"url\":\"https:\/\/shop.huppa.eu\/lt\/\",\"name\":\"Huppa LT\",\"description\":\"Huppa LT\",\"potentialAction\":[{\"@type\":\"SearchAction\",\"target\":{\"@type\":\"EntryPoint\",\"urlTemplate\":\"https:\/\/shop.huppa.eu\/lt\/?s={search_term_string}\"},\"query-input\":{\"@type\":\"PropertyValueSpecification\",\"valueRequired\":true,\"valueName\":\"search_term_string\"}}],\"inLanguage\":\"lt-LT\"}]}<\/script>\n<!-- \/ Yoast SEO plugin. -->","yoast_head_json":{"title":"Mergaiti\u0161ka striuk\u0117 RIANNA (300g) - Huppa LT","robots":{"index":"index","follow":"follow","max-snippet":"max-snippet:-1","max-image-preview":"max-image-preview:large","max-video-preview":"max-video-preview:-1"},"canonical":"https:\/\/shop.huppa.eu\/lt\/product\/rianna-300g\/","og_locale":"lt_LT","og_type":"article","og_title":"Mergaiti\u0161ka striuk\u0117 RIANNA (300g) - Huppa LT","og_description":"V\u00e4ikeste printsesside m\u00f5nusalt paksu vatiiniga pehmest kangast tepingutega jope talvisteks jalutusk\u00e4ikudeks. Kauni jope voodriks on m\u00f5nus \u201eCoral-fleece\u201c kehaosas ja taftvooder varrukates k\u00e4e kergemaks l\u00e4bi libistamiseks. Kahe tutiga eemaldatava karvaga kapuuts kaitseb k\u00fclma tuule eest, soonik varrukasuus lume eest ning kenad lillehelkurid lisavad rohkelt turvalisust ka pimedamal ajal liikumiseks. Trukkidega kinnitatavatesse taskutesse saab v\u00e4ike printsess peita [&hellip;]","og_url":"https:\/\/shop.huppa.eu\/lt\/product\/rianna-300g\/","og_site_name":"Huppa LT","article_modified_time":"2026-04-15T03:31:09+00:00","og_image":[{"width":800,"height":800,"url":"https:\/\/huppashop-prod.s3.eu-north-1.amazonaws.com\/wp-content\/uploads\/sites\/3\/2021\/06\/03002900\/1740AW15-013-RIANNAf.png","type":"image\/png"}],"twitter_card":"summary_large_image","schema":{"@context":"https:\/\/schema.org","@graph":[{"@type":"WebPage","@id":"https:\/\/shop.huppa.eu\/lt\/product\/rianna-300g\/","url":"https:\/\/shop.huppa.eu\/lt\/product\/rianna-300g\/","name":"Mergaiti\u0161ka striuk\u0117 RIANNA (300g) - Huppa LT","isPartOf":{"@id":"https:\/\/shop.huppa.eu\/lt\/#website"},"primaryImageOfPage":{"@id":"https:\/\/shop.huppa.eu\/lt\/product\/rianna-300g\/#primaryimage"},"image":{"@id":"https:\/\/shop.huppa.eu\/lt\/product\/rianna-300g\/#primaryimage"},"thumbnailUrl":"https:\/\/huppashop-prod.s3.eu-north-1.amazonaws.com\/wp-content\/uploads\/sites\/3\/2021\/06\/03002900\/1740AW15-013-RIANNAf.png","datePublished":"2024-11-26T01:03:25+00:00","dateModified":"2026-04-15T03:31:09+00:00","breadcrumb":{"@id":"https:\/\/shop.huppa.eu\/lt\/product\/rianna-300g\/#breadcrumb"},"inLanguage":"lt-LT","potentialAction":[{"@type":"ReadAction","target":["https:\/\/shop.huppa.eu\/lt\/product\/rianna-300g\/"]}]},{"@type":"ImageObject","inLanguage":"lt-LT","@id":"https:\/\/shop.huppa.eu\/lt\/product\/rianna-300g\/#primaryimage","url":"https:\/\/huppashop-prod.s3.eu-north-1.amazonaws.com\/wp-content\/uploads\/sites\/3\/2021\/06\/03002900\/1740AW15-013-RIANNAf.png","contentUrl":"https:\/\/huppashop-prod.s3.eu-north-1.amazonaws.com\/wp-content\/uploads\/sites\/3\/2021\/06\/03002900\/1740AW15-013-RIANNAf.png","width":800,"height":800},{"@type":"BreadcrumbList","@id":"https:\/\/shop.huppa.eu\/lt\/product\/rianna-300g\/#breadcrumb","itemListElement":[{"@type":"ListItem","position":1,"name":"Shop","item":"https:\/\/shop.huppa.eu\/lt\/shop\/"},{"@type":"ListItem","position":2,"name":"Mergaiti\u0161ka striuk\u0117 RIANNA (300g)"}]},{"@type":"WebSite","@id":"https:\/\/shop.huppa.eu\/lt\/#website","url":"https:\/\/shop.huppa.eu\/lt\/","name":"Huppa LT","description":"Huppa LT","potentialAction":[{"@type":"SearchAction","target":{"@type":"EntryPoint","urlTemplate":"https:\/\/shop.huppa.eu\/lt\/?s={search_term_string}"},"query-input":{"@type":"PropertyValueSpecification","valueRequired":true,"valueName":"search_term_string"}}],"inLanguage":"lt-LT"}]}},"_links":{"self":[{"href":"https:\/\/shop.huppa.eu\/lt\/wp-json\/wp\/v2\/product\/506964","targetHints":{"allow":["GET"]}}],"collection":[{"href":"https:\/\/shop.huppa.eu\/lt\/wp-json\/wp\/v2\/product"}],"about":[{"href":"https:\/\/shop.huppa.eu\/lt\/wp-json\/wp\/v2\/types\/product"}],"wp:featuredmedia":[{"embeddable":true,"href":"https:\/\/shop.huppa.eu\/lt\/wp-json\/wp\/v2\/media\/421242"}],"wp:attachment":[{"href":"https:\/\/shop.huppa.eu\/lt\/wp-json\/wp\/v2\/media?parent=506964"}],"wp:term":[{"taxonomy":"product_brand","embeddable":true,"href":"https:\/\/shop.huppa.eu\/lt\/wp-json\/wp\/v2\/product_brand?post=506964"},{"taxonomy":"product_cat","embeddable":true,"href":"https:\/\/shop.huppa.eu\/lt\/wp-json\/wp\/v2\/product_cat?post=506964"},{"taxonomy":"product_tag","embeddable":true,"href":"https:\/\/shop.huppa.eu\/lt\/wp-json\/wp\/v2\/product_tag?post=506964"}],"curies":[{"name":"wp","href":"https:\/\/api.w.org\/{rel}","templated":true}]}}