{"id":507060,"date":"2024-11-26T03:06:38","date_gmt":"2024-11-26T01:06:38","guid":{"rendered":"https:\/\/shop.huppa.eu\/lt\/product\/sonny-160g-7\/"},"modified":"2026-04-16T05:59:08","modified_gmt":"2026-04-16T03:59:08","slug":"sonny-160g-7","status":"publish","type":"product","link":"https:\/\/shop.huppa.eu\/lt\/product\/sonny-160g-7\/","title":{"rendered":"Vaiki\u0161kos keln\u0117s SONNY (160g)"},"content":{"rendered":"<p>Vaik\u0173 neper\u0161lampos ir v\u0117jui atspar\u016bs \u017eiemos keln\u0117s su 160 g \u0161iltinimo. Kv\u0117puojantis audinys. Mink\u0161tas flanelio pamu\u0161alas. Petne\u0161in\u0117s keln\u0117s turi elastines reguliuojamas petne\u0161as. Guminis dir\u017eelis liemenyje ir koj\u0173 gale. Suklijuota nugaros centro si\u016bl\u0117. Ilgas u\u017etrauktukas ir elastingas apatinis kra\u0161tas palengvina ma\u017eylio aprengim\u0105. Elastin\u0117s p\u0117d\u0173 juostos. At\u0161vaitai audinyje.<\/p>\n","protected":false},"excerpt":{"rendered":"<p>Vaik\u0173 neper\u0161lampos ir v\u0117jui atspar\u016bs \u017eiemos keln\u0117s su 160 g \u0161iltinimo. Kv\u0117puojantis audinys. Mink\u0161tas flanelio pamu\u0161alas. Petne\u0161in\u0117s keln\u0117s turi elastines reguliuojamas petne\u0161as. Guminis dir\u017eelis liemenyje ir koj\u0173 gale. Suklijuota nugaros centro si\u016bl\u0117. Ilgas u\u017etrauktukas ir elastingas apatinis kra\u0161tas palengvina ma\u017eylio aprengim\u0105. Elastin\u0117s p\u0117d\u0173 juostos. At\u0161vaitai audinyje.<\/p>\n","protected":false},"featured_media":425850,"template":"","meta":{"_acf_changed":false},"product_brand":[],"product_cat":[5737,5723,925,926,936,102,19],"product_tag":[],"class_list":{"0":"post-507060","1":"product","2":"type-product","3":"status-publish","4":"has-post-thumbnail","6":"product_cat-kelnes-outlet","7":"product_cat-outlet","8":"product_cat-kelnes","9":"product_cat-kelnes-2","10":"product_cat-kelnes-mergaiciu","11":"product_cat-mergaiciu","12":"product_cat-vaikai","13":"pa_amzius-vaikai","14":"pa_atsparumas-vandeniui-10000mm","15":"pa_dydis-409","16":"pa_izoliacijos-svoris-160g","17":"pa_kolekcija-nr-classic_01","18":"pa_kolekcijos-dalis-pants","19":"pa_lytis-mergaiciu","20":"pa_oro-pralaidumas-10000g-m-24h","21":"pa_prekes-artikulas-2613aw01-053","22":"pa_rastuota-vienspalvis","23":"pa_uzpildas-160g","25":"first","26":"instock","27":"sale","28":"taxable","29":"shipping-taxable","30":"purchasable","31":"product-type-variable"},"acf":[],"yoast_head":"<!-- This site is optimized with the Yoast SEO plugin v26.8 - https:\/\/yoast.com\/product\/yoast-seo-wordpress\/ -->\n<title>Vaiki\u0161kos keln\u0117s SONNY (160g) - Huppa LT<\/title>\n<meta name=\"robots\" content=\"index, follow, max-snippet:-1, max-image-preview:large, max-video-preview:-1\" \/>\n<link rel=\"canonical\" href=\"https:\/\/shop.huppa.eu\/lt\/product\/sonny-160g-7\/\" \/>\n<meta property=\"og:locale\" content=\"lt_LT\" \/>\n<meta property=\"og:type\" content=\"article\" \/>\n<meta property=\"og:title\" content=\"Vaiki\u0161kos keln\u0117s SONNY (160g) - Huppa LT\" \/>\n<meta property=\"og:description\" content=\"Vaik\u0173 neper\u0161lampos ir v\u0117jui atspar\u016bs \u017eiemos keln\u0117s su 160 g \u0161iltinimo. Kv\u0117puojantis audinys. Mink\u0161tas flanelio pamu\u0161alas. Petne\u0161in\u0117s keln\u0117s turi elastines reguliuojamas petne\u0161as. Guminis dir\u017eelis liemenyje ir koj\u0173 gale. Suklijuota nugaros centro si\u016bl\u0117. Ilgas u\u017etrauktukas ir elastingas apatinis kra\u0161tas palengvina ma\u017eylio aprengim\u0105. Elastin\u0117s p\u0117d\u0173 juostos. At\u0161vaitai audinyje.\" \/>\n<meta property=\"og:url\" content=\"https:\/\/shop.huppa.eu\/lt\/product\/sonny-160g-7\/\" \/>\n<meta property=\"og:site_name\" content=\"Huppa LT\" \/>\n<meta property=\"article:modified_time\" content=\"2026-04-16T03:59:08+00:00\" \/>\n<meta property=\"og:image\" content=\"https:\/\/huppashop-prod.s3.eu-north-1.amazonaws.com\/wp-content\/uploads\/sites\/3\/2021\/06\/03024915\/2613AW01-053-SONNYfront.png\" \/>\n\t<meta property=\"og:image:width\" content=\"800\" \/>\n\t<meta property=\"og:image:height\" content=\"800\" \/>\n\t<meta property=\"og:image:type\" content=\"image\/png\" \/>\n<meta name=\"twitter:card\" content=\"summary_large_image\" \/>\n<script type=\"application\/ld+json\" class=\"yoast-schema-graph\">{\"@context\":\"https:\/\/schema.org\",\"@graph\":[{\"@type\":\"WebPage\",\"@id\":\"https:\/\/shop.huppa.eu\/lt\/product\/sonny-160g-7\/\",\"url\":\"https:\/\/shop.huppa.eu\/lt\/product\/sonny-160g-7\/\",\"name\":\"Vaiki\u0161kos keln\u0117s SONNY (160g) - Huppa LT\",\"isPartOf\":{\"@id\":\"https:\/\/shop.huppa.eu\/lt\/#website\"},\"primaryImageOfPage\":{\"@id\":\"https:\/\/shop.huppa.eu\/lt\/product\/sonny-160g-7\/#primaryimage\"},\"image\":{\"@id\":\"https:\/\/shop.huppa.eu\/lt\/product\/sonny-160g-7\/#primaryimage\"},\"thumbnailUrl\":\"https:\/\/huppashop-prod.s3.eu-north-1.amazonaws.com\/wp-content\/uploads\/sites\/3\/2021\/06\/03024915\/2613AW01-053-SONNYfront.png\",\"datePublished\":\"2024-11-26T01:06:38+00:00\",\"dateModified\":\"2026-04-16T03:59:08+00:00\",\"breadcrumb\":{\"@id\":\"https:\/\/shop.huppa.eu\/lt\/product\/sonny-160g-7\/#breadcrumb\"},\"inLanguage\":\"lt-LT\",\"potentialAction\":[{\"@type\":\"ReadAction\",\"target\":[\"https:\/\/shop.huppa.eu\/lt\/product\/sonny-160g-7\/\"]}]},{\"@type\":\"ImageObject\",\"inLanguage\":\"lt-LT\",\"@id\":\"https:\/\/shop.huppa.eu\/lt\/product\/sonny-160g-7\/#primaryimage\",\"url\":\"https:\/\/huppashop-prod.s3.eu-north-1.amazonaws.com\/wp-content\/uploads\/sites\/3\/2021\/06\/03024915\/2613AW01-053-SONNYfront.png\",\"contentUrl\":\"https:\/\/huppashop-prod.s3.eu-north-1.amazonaws.com\/wp-content\/uploads\/sites\/3\/2021\/06\/03024915\/2613AW01-053-SONNYfront.png\",\"width\":800,\"height\":800},{\"@type\":\"BreadcrumbList\",\"@id\":\"https:\/\/shop.huppa.eu\/lt\/product\/sonny-160g-7\/#breadcrumb\",\"itemListElement\":[{\"@type\":\"ListItem\",\"position\":1,\"name\":\"Shop\",\"item\":\"https:\/\/shop.huppa.eu\/lt\/shop\/\"},{\"@type\":\"ListItem\",\"position\":2,\"name\":\"Vaiki\u0161kos keln\u0117s SONNY (160g)\"}]},{\"@type\":\"WebSite\",\"@id\":\"https:\/\/shop.huppa.eu\/lt\/#website\",\"url\":\"https:\/\/shop.huppa.eu\/lt\/\",\"name\":\"Huppa LT\",\"description\":\"Huppa LT\",\"potentialAction\":[{\"@type\":\"SearchAction\",\"target\":{\"@type\":\"EntryPoint\",\"urlTemplate\":\"https:\/\/shop.huppa.eu\/lt\/?s={search_term_string}\"},\"query-input\":{\"@type\":\"PropertyValueSpecification\",\"valueRequired\":true,\"valueName\":\"search_term_string\"}}],\"inLanguage\":\"lt-LT\"}]}<\/script>\n<!-- \/ Yoast SEO plugin. -->","yoast_head_json":{"title":"Vaiki\u0161kos keln\u0117s SONNY (160g) - Huppa LT","robots":{"index":"index","follow":"follow","max-snippet":"max-snippet:-1","max-image-preview":"max-image-preview:large","max-video-preview":"max-video-preview:-1"},"canonical":"https:\/\/shop.huppa.eu\/lt\/product\/sonny-160g-7\/","og_locale":"lt_LT","og_type":"article","og_title":"Vaiki\u0161kos keln\u0117s SONNY (160g) - Huppa LT","og_description":"Vaik\u0173 neper\u0161lampos ir v\u0117jui atspar\u016bs \u017eiemos keln\u0117s su 160 g \u0161iltinimo. Kv\u0117puojantis audinys. Mink\u0161tas flanelio pamu\u0161alas. Petne\u0161in\u0117s keln\u0117s turi elastines reguliuojamas petne\u0161as. Guminis dir\u017eelis liemenyje ir koj\u0173 gale. Suklijuota nugaros centro si\u016bl\u0117. Ilgas u\u017etrauktukas ir elastingas apatinis kra\u0161tas palengvina ma\u017eylio aprengim\u0105. Elastin\u0117s p\u0117d\u0173 juostos. At\u0161vaitai audinyje.","og_url":"https:\/\/shop.huppa.eu\/lt\/product\/sonny-160g-7\/","og_site_name":"Huppa LT","article_modified_time":"2026-04-16T03:59:08+00:00","og_image":[{"width":800,"height":800,"url":"https:\/\/huppashop-prod.s3.eu-north-1.amazonaws.com\/wp-content\/uploads\/sites\/3\/2021\/06\/03024915\/2613AW01-053-SONNYfront.png","type":"image\/png"}],"twitter_card":"summary_large_image","schema":{"@context":"https:\/\/schema.org","@graph":[{"@type":"WebPage","@id":"https:\/\/shop.huppa.eu\/lt\/product\/sonny-160g-7\/","url":"https:\/\/shop.huppa.eu\/lt\/product\/sonny-160g-7\/","name":"Vaiki\u0161kos keln\u0117s SONNY (160g) - Huppa LT","isPartOf":{"@id":"https:\/\/shop.huppa.eu\/lt\/#website"},"primaryImageOfPage":{"@id":"https:\/\/shop.huppa.eu\/lt\/product\/sonny-160g-7\/#primaryimage"},"image":{"@id":"https:\/\/shop.huppa.eu\/lt\/product\/sonny-160g-7\/#primaryimage"},"thumbnailUrl":"https:\/\/huppashop-prod.s3.eu-north-1.amazonaws.com\/wp-content\/uploads\/sites\/3\/2021\/06\/03024915\/2613AW01-053-SONNYfront.png","datePublished":"2024-11-26T01:06:38+00:00","dateModified":"2026-04-16T03:59:08+00:00","breadcrumb":{"@id":"https:\/\/shop.huppa.eu\/lt\/product\/sonny-160g-7\/#breadcrumb"},"inLanguage":"lt-LT","potentialAction":[{"@type":"ReadAction","target":["https:\/\/shop.huppa.eu\/lt\/product\/sonny-160g-7\/"]}]},{"@type":"ImageObject","inLanguage":"lt-LT","@id":"https:\/\/shop.huppa.eu\/lt\/product\/sonny-160g-7\/#primaryimage","url":"https:\/\/huppashop-prod.s3.eu-north-1.amazonaws.com\/wp-content\/uploads\/sites\/3\/2021\/06\/03024915\/2613AW01-053-SONNYfront.png","contentUrl":"https:\/\/huppashop-prod.s3.eu-north-1.amazonaws.com\/wp-content\/uploads\/sites\/3\/2021\/06\/03024915\/2613AW01-053-SONNYfront.png","width":800,"height":800},{"@type":"BreadcrumbList","@id":"https:\/\/shop.huppa.eu\/lt\/product\/sonny-160g-7\/#breadcrumb","itemListElement":[{"@type":"ListItem","position":1,"name":"Shop","item":"https:\/\/shop.huppa.eu\/lt\/shop\/"},{"@type":"ListItem","position":2,"name":"Vaiki\u0161kos keln\u0117s SONNY (160g)"}]},{"@type":"WebSite","@id":"https:\/\/shop.huppa.eu\/lt\/#website","url":"https:\/\/shop.huppa.eu\/lt\/","name":"Huppa LT","description":"Huppa LT","potentialAction":[{"@type":"SearchAction","target":{"@type":"EntryPoint","urlTemplate":"https:\/\/shop.huppa.eu\/lt\/?s={search_term_string}"},"query-input":{"@type":"PropertyValueSpecification","valueRequired":true,"valueName":"search_term_string"}}],"inLanguage":"lt-LT"}]}},"_links":{"self":[{"href":"https:\/\/shop.huppa.eu\/lt\/wp-json\/wp\/v2\/product\/507060","targetHints":{"allow":["GET"]}}],"collection":[{"href":"https:\/\/shop.huppa.eu\/lt\/wp-json\/wp\/v2\/product"}],"about":[{"href":"https:\/\/shop.huppa.eu\/lt\/wp-json\/wp\/v2\/types\/product"}],"wp:featuredmedia":[{"embeddable":true,"href":"https:\/\/shop.huppa.eu\/lt\/wp-json\/wp\/v2\/media\/425850"}],"wp:attachment":[{"href":"https:\/\/shop.huppa.eu\/lt\/wp-json\/wp\/v2\/media?parent=507060"}],"wp:term":[{"taxonomy":"product_brand","embeddable":true,"href":"https:\/\/shop.huppa.eu\/lt\/wp-json\/wp\/v2\/product_brand?post=507060"},{"taxonomy":"product_cat","embeddable":true,"href":"https:\/\/shop.huppa.eu\/lt\/wp-json\/wp\/v2\/product_cat?post=507060"},{"taxonomy":"product_tag","embeddable":true,"href":"https:\/\/shop.huppa.eu\/lt\/wp-json\/wp\/v2\/product_tag?post=507060"}],"curies":[{"name":"wp","href":"https:\/\/api.w.org\/{rel}","templated":true}]}}