{"id":507070,"date":"2024-11-26T03:06:45","date_gmt":"2024-11-26T01:06:45","guid":{"rendered":"https:\/\/shop.huppa.eu\/lt\/product\/genna-1-120g\/"},"modified":"2026-04-16T06:01:09","modified_gmt":"2026-04-16T04:01:09","slug":"genna-1-120g","status":"publish","type":"product","link":"https:\/\/shop.huppa.eu\/lt\/product\/genna-1-120g\/","title":{"rendered":"Vaiki\u0161kos keln\u0117s GENNA 1 (120g)"},"content":{"rendered":"<p>T\u00fcdrukute eemaldatavate traksidega 120 g voodriga tugevamast kangast sportlikud talvep\u00fcksid. P\u00fckstel on osaliselt pritex, osaliselt taftvooder ning meie kliimasse h\u00e4sti sobiv hingav ja vettpidav pealiskangas. Mugavamaks kandmiseks on p\u00fckste tagaosas kumm, stopperiga kummin\u00f6\u00f6r ja v\u00f6\u00f6kohta saab reguleerida takjapaelaga. P\u00fckste iste\u00f5mblus, sammu\u00f5mblused ja k\u00fclje\u00f5mblused on teibitud, et tagada maksimaalne vettpidavus. All\u00e4\u00e4res on sisemine lumet\u00f5ke, mis kaitseb lume saabastesse sattumise eest, samuti on p\u00fckste all\u00e4\u00e4r reguleeritav. Sportlikel p\u00fckstel on kaks lukuga v\u00e4litaskut ning helkurdetailid, mis tagavad pimedal ajal turvalisema liikumise.<\/p>\n","protected":false},"excerpt":{"rendered":"<p>T\u00fcdrukute eemaldatavate traksidega 120 g voodriga tugevamast kangast sportlikud talvep\u00fcksid. P\u00fckstel on osaliselt pritex, osaliselt taftvooder ning meie kliimasse h\u00e4sti sobiv hingav ja vettpidav pealiskangas. Mugavamaks kandmiseks on p\u00fckste tagaosas kumm, stopperiga kummin\u00f6\u00f6r ja v\u00f6\u00f6kohta saab reguleerida takjapaelaga. P\u00fckste iste\u00f5mblus, sammu\u00f5mblused ja k\u00fclje\u00f5mblused on teibitud, et tagada maksimaalne vettpidavus. All\u00e4\u00e4res on sisemine lumet\u00f5ke, mis kaitseb [&hellip;]<\/p>\n","protected":false},"featured_media":426259,"template":"","meta":{"_acf_changed":false},"product_brand":[],"product_cat":[5737,5723,925,926,936,102,19],"product_tag":[],"class_list":{"0":"post-507070","1":"product","2":"type-product","3":"status-publish","4":"has-post-thumbnail","6":"product_cat-kelnes-outlet","7":"product_cat-outlet","8":"product_cat-kelnes","9":"product_cat-kelnes-2","10":"product_cat-kelnes-mergaiciu","11":"product_cat-mergaiciu","12":"product_cat-vaikai","13":"pa_amzius-vaikai","14":"pa_atsparumas-vandeniui-10000mm","15":"pa_dydis-79","16":"pa_izoliacijos-svoris-120g","17":"pa_kolekcija-nr-w17-18","18":"pa_kolekcijos-dalis-pants","19":"pa_lytis-mergaiciu","20":"pa_oro-pralaidumas-10000g-m-24h","21":"pa_prekes-artikulas-26500112-70073","22":"pa_rastuota-vienspalvis","23":"pa_sezonas-pavasaris-ruduo","24":"pa_uzpildas-120g","26":"first","27":"instock","28":"sale","29":"taxable","30":"shipping-taxable","31":"purchasable","32":"product-type-variable"},"acf":[],"yoast_head":"<!-- This site is optimized with the Yoast SEO plugin v26.8 - https:\/\/yoast.com\/product\/yoast-seo-wordpress\/ -->\n<title>Vaiki\u0161kos keln\u0117s GENNA 1 (120g) - Huppa LT<\/title>\n<meta name=\"robots\" content=\"index, follow, max-snippet:-1, max-image-preview:large, max-video-preview:-1\" \/>\n<link rel=\"canonical\" href=\"https:\/\/shop.huppa.eu\/lt\/product\/genna-1-120g\/\" \/>\n<meta property=\"og:locale\" content=\"lt_LT\" \/>\n<meta property=\"og:type\" content=\"article\" \/>\n<meta property=\"og:title\" content=\"Vaiki\u0161kos keln\u0117s GENNA 1 (120g) - Huppa LT\" \/>\n<meta property=\"og:description\" content=\"T\u00fcdrukute eemaldatavate traksidega 120 g voodriga tugevamast kangast sportlikud talvep\u00fcksid. P\u00fckstel on osaliselt pritex, osaliselt taftvooder ning meie kliimasse h\u00e4sti sobiv hingav ja vettpidav pealiskangas. Mugavamaks kandmiseks on p\u00fckste tagaosas kumm, stopperiga kummin\u00f6\u00f6r ja v\u00f6\u00f6kohta saab reguleerida takjapaelaga. P\u00fckste iste\u00f5mblus, sammu\u00f5mblused ja k\u00fclje\u00f5mblused on teibitud, et tagada maksimaalne vettpidavus. All\u00e4\u00e4res on sisemine lumet\u00f5ke, mis kaitseb [&hellip;]\" \/>\n<meta property=\"og:url\" content=\"https:\/\/shop.huppa.eu\/lt\/product\/genna-1-120g\/\" \/>\n<meta property=\"og:site_name\" content=\"Huppa LT\" \/>\n<meta property=\"article:modified_time\" content=\"2026-04-16T04:01:09+00:00\" \/>\n<meta property=\"og:image\" content=\"https:\/\/huppashop-prod.s3.eu-north-1.amazonaws.com\/wp-content\/uploads\/sites\/3\/2021\/06\/03025858\/26500112-70073-GENNAf.jpg\" \/>\n\t<meta property=\"og:image:width\" content=\"800\" \/>\n\t<meta property=\"og:image:height\" content=\"800\" \/>\n\t<meta property=\"og:image:type\" content=\"image\/jpeg\" \/>\n<meta name=\"twitter:card\" content=\"summary_large_image\" \/>\n<script type=\"application\/ld+json\" class=\"yoast-schema-graph\">{\"@context\":\"https:\/\/schema.org\",\"@graph\":[{\"@type\":\"WebPage\",\"@id\":\"https:\/\/shop.huppa.eu\/lt\/product\/genna-1-120g\/\",\"url\":\"https:\/\/shop.huppa.eu\/lt\/product\/genna-1-120g\/\",\"name\":\"Vaiki\u0161kos keln\u0117s GENNA 1 (120g) - Huppa LT\",\"isPartOf\":{\"@id\":\"https:\/\/shop.huppa.eu\/lt\/#website\"},\"primaryImageOfPage\":{\"@id\":\"https:\/\/shop.huppa.eu\/lt\/product\/genna-1-120g\/#primaryimage\"},\"image\":{\"@id\":\"https:\/\/shop.huppa.eu\/lt\/product\/genna-1-120g\/#primaryimage\"},\"thumbnailUrl\":\"https:\/\/huppashop-prod.s3.eu-north-1.amazonaws.com\/wp-content\/uploads\/sites\/3\/2021\/06\/03025858\/26500112-70073-GENNAf.jpg\",\"datePublished\":\"2024-11-26T01:06:45+00:00\",\"dateModified\":\"2026-04-16T04:01:09+00:00\",\"breadcrumb\":{\"@id\":\"https:\/\/shop.huppa.eu\/lt\/product\/genna-1-120g\/#breadcrumb\"},\"inLanguage\":\"lt-LT\",\"potentialAction\":[{\"@type\":\"ReadAction\",\"target\":[\"https:\/\/shop.huppa.eu\/lt\/product\/genna-1-120g\/\"]}]},{\"@type\":\"ImageObject\",\"inLanguage\":\"lt-LT\",\"@id\":\"https:\/\/shop.huppa.eu\/lt\/product\/genna-1-120g\/#primaryimage\",\"url\":\"https:\/\/huppashop-prod.s3.eu-north-1.amazonaws.com\/wp-content\/uploads\/sites\/3\/2021\/06\/03025858\/26500112-70073-GENNAf.jpg\",\"contentUrl\":\"https:\/\/huppashop-prod.s3.eu-north-1.amazonaws.com\/wp-content\/uploads\/sites\/3\/2021\/06\/03025858\/26500112-70073-GENNAf.jpg\",\"width\":800,\"height\":800},{\"@type\":\"BreadcrumbList\",\"@id\":\"https:\/\/shop.huppa.eu\/lt\/product\/genna-1-120g\/#breadcrumb\",\"itemListElement\":[{\"@type\":\"ListItem\",\"position\":1,\"name\":\"Shop\",\"item\":\"https:\/\/shop.huppa.eu\/lt\/shop\/\"},{\"@type\":\"ListItem\",\"position\":2,\"name\":\"Vaiki\u0161kos keln\u0117s GENNA 1 (120g)\"}]},{\"@type\":\"WebSite\",\"@id\":\"https:\/\/shop.huppa.eu\/lt\/#website\",\"url\":\"https:\/\/shop.huppa.eu\/lt\/\",\"name\":\"Huppa LT\",\"description\":\"Huppa LT\",\"potentialAction\":[{\"@type\":\"SearchAction\",\"target\":{\"@type\":\"EntryPoint\",\"urlTemplate\":\"https:\/\/shop.huppa.eu\/lt\/?s={search_term_string}\"},\"query-input\":{\"@type\":\"PropertyValueSpecification\",\"valueRequired\":true,\"valueName\":\"search_term_string\"}}],\"inLanguage\":\"lt-LT\"}]}<\/script>\n<!-- \/ Yoast SEO plugin. -->","yoast_head_json":{"title":"Vaiki\u0161kos keln\u0117s GENNA 1 (120g) - Huppa LT","robots":{"index":"index","follow":"follow","max-snippet":"max-snippet:-1","max-image-preview":"max-image-preview:large","max-video-preview":"max-video-preview:-1"},"canonical":"https:\/\/shop.huppa.eu\/lt\/product\/genna-1-120g\/","og_locale":"lt_LT","og_type":"article","og_title":"Vaiki\u0161kos keln\u0117s GENNA 1 (120g) - Huppa LT","og_description":"T\u00fcdrukute eemaldatavate traksidega 120 g voodriga tugevamast kangast sportlikud talvep\u00fcksid. P\u00fckstel on osaliselt pritex, osaliselt taftvooder ning meie kliimasse h\u00e4sti sobiv hingav ja vettpidav pealiskangas. Mugavamaks kandmiseks on p\u00fckste tagaosas kumm, stopperiga kummin\u00f6\u00f6r ja v\u00f6\u00f6kohta saab reguleerida takjapaelaga. P\u00fckste iste\u00f5mblus, sammu\u00f5mblused ja k\u00fclje\u00f5mblused on teibitud, et tagada maksimaalne vettpidavus. All\u00e4\u00e4res on sisemine lumet\u00f5ke, mis kaitseb [&hellip;]","og_url":"https:\/\/shop.huppa.eu\/lt\/product\/genna-1-120g\/","og_site_name":"Huppa LT","article_modified_time":"2026-04-16T04:01:09+00:00","og_image":[{"width":800,"height":800,"url":"https:\/\/huppashop-prod.s3.eu-north-1.amazonaws.com\/wp-content\/uploads\/sites\/3\/2021\/06\/03025858\/26500112-70073-GENNAf.jpg","type":"image\/jpeg"}],"twitter_card":"summary_large_image","schema":{"@context":"https:\/\/schema.org","@graph":[{"@type":"WebPage","@id":"https:\/\/shop.huppa.eu\/lt\/product\/genna-1-120g\/","url":"https:\/\/shop.huppa.eu\/lt\/product\/genna-1-120g\/","name":"Vaiki\u0161kos keln\u0117s GENNA 1 (120g) - Huppa LT","isPartOf":{"@id":"https:\/\/shop.huppa.eu\/lt\/#website"},"primaryImageOfPage":{"@id":"https:\/\/shop.huppa.eu\/lt\/product\/genna-1-120g\/#primaryimage"},"image":{"@id":"https:\/\/shop.huppa.eu\/lt\/product\/genna-1-120g\/#primaryimage"},"thumbnailUrl":"https:\/\/huppashop-prod.s3.eu-north-1.amazonaws.com\/wp-content\/uploads\/sites\/3\/2021\/06\/03025858\/26500112-70073-GENNAf.jpg","datePublished":"2024-11-26T01:06:45+00:00","dateModified":"2026-04-16T04:01:09+00:00","breadcrumb":{"@id":"https:\/\/shop.huppa.eu\/lt\/product\/genna-1-120g\/#breadcrumb"},"inLanguage":"lt-LT","potentialAction":[{"@type":"ReadAction","target":["https:\/\/shop.huppa.eu\/lt\/product\/genna-1-120g\/"]}]},{"@type":"ImageObject","inLanguage":"lt-LT","@id":"https:\/\/shop.huppa.eu\/lt\/product\/genna-1-120g\/#primaryimage","url":"https:\/\/huppashop-prod.s3.eu-north-1.amazonaws.com\/wp-content\/uploads\/sites\/3\/2021\/06\/03025858\/26500112-70073-GENNAf.jpg","contentUrl":"https:\/\/huppashop-prod.s3.eu-north-1.amazonaws.com\/wp-content\/uploads\/sites\/3\/2021\/06\/03025858\/26500112-70073-GENNAf.jpg","width":800,"height":800},{"@type":"BreadcrumbList","@id":"https:\/\/shop.huppa.eu\/lt\/product\/genna-1-120g\/#breadcrumb","itemListElement":[{"@type":"ListItem","position":1,"name":"Shop","item":"https:\/\/shop.huppa.eu\/lt\/shop\/"},{"@type":"ListItem","position":2,"name":"Vaiki\u0161kos keln\u0117s GENNA 1 (120g)"}]},{"@type":"WebSite","@id":"https:\/\/shop.huppa.eu\/lt\/#website","url":"https:\/\/shop.huppa.eu\/lt\/","name":"Huppa LT","description":"Huppa LT","potentialAction":[{"@type":"SearchAction","target":{"@type":"EntryPoint","urlTemplate":"https:\/\/shop.huppa.eu\/lt\/?s={search_term_string}"},"query-input":{"@type":"PropertyValueSpecification","valueRequired":true,"valueName":"search_term_string"}}],"inLanguage":"lt-LT"}]}},"_links":{"self":[{"href":"https:\/\/shop.huppa.eu\/lt\/wp-json\/wp\/v2\/product\/507070","targetHints":{"allow":["GET"]}}],"collection":[{"href":"https:\/\/shop.huppa.eu\/lt\/wp-json\/wp\/v2\/product"}],"about":[{"href":"https:\/\/shop.huppa.eu\/lt\/wp-json\/wp\/v2\/types\/product"}],"wp:featuredmedia":[{"embeddable":true,"href":"https:\/\/shop.huppa.eu\/lt\/wp-json\/wp\/v2\/media\/426259"}],"wp:attachment":[{"href":"https:\/\/shop.huppa.eu\/lt\/wp-json\/wp\/v2\/media?parent=507070"}],"wp:term":[{"taxonomy":"product_brand","embeddable":true,"href":"https:\/\/shop.huppa.eu\/lt\/wp-json\/wp\/v2\/product_brand?post=507070"},{"taxonomy":"product_cat","embeddable":true,"href":"https:\/\/shop.huppa.eu\/lt\/wp-json\/wp\/v2\/product_cat?post=507070"},{"taxonomy":"product_tag","embeddable":true,"href":"https:\/\/shop.huppa.eu\/lt\/wp-json\/wp\/v2\/product_tag?post=507070"}],"curies":[{"name":"wp","href":"https:\/\/api.w.org\/{rel}","templated":true}]}}