{"id":507181,"date":"2024-11-26T03:09:15","date_gmt":"2024-11-26T01:09:15","guid":{"rendered":"https:\/\/shop.huppa.eu\/lt\/product\/liemene-mergaitems-heaven\/"},"modified":"2026-04-16T06:33:04","modified_gmt":"2026-04-16T04:33:04","slug":"liemene-mergaitems-heaven","status":"publish","type":"product","link":"https:\/\/shop.huppa.eu\/lt\/product\/liemene-mergaitems-heaven\/","title":{"rendered":"Liemen\u0117 mergait\u0117ms HEAVEN (120g)"},"content":{"rendered":"<p>Mergai\u010di\u0173 liemen\u0117. Pamu\u0161alas: tafta + aksomas, medviln\u0117s ir poliesterio mi\u0161inys, plonas 120 g pa\u0161iltinimas. Gra\u017eus siuvin\u0117jimai ant liemen\u0117s. Nuimamas gobtuvas su knied\u0117mis.<\/p>\n","protected":false},"excerpt":{"rendered":"<p>Mergai\u010di\u0173 liemen\u0117. Pamu\u0161alas: tafta + aksomas, medviln\u0117s ir poliesterio mi\u0161inys, plonas 120 g pa\u0161iltinimas. Gra\u017eus siuvin\u0117jimai ant liemen\u0117s. Nuimamas gobtuvas su knied\u0117mis.<\/p>\n","protected":false},"featured_media":431513,"template":"","meta":{"_acf_changed":false},"product_brand":[],"product_cat":[6684,5723,1731,3322,1730,102,19],"product_tag":[],"class_list":{"0":"post-507181","1":"product","2":"type-product","3":"status-publish","4":"has-post-thumbnail","6":"product_cat-liemenes-outlet","7":"product_cat-outlet","8":"product_cat-liemenes-2","9":"product_cat-liemenes-mergaiciu","10":"product_cat-liemenes","11":"product_cat-mergaiciu","12":"product_cat-vaikai","13":"pa_amzius-vaikai","14":"pa_atsparumas-vandeniui-10000mm","15":"pa_dydis-105","16":"pa_dydis-79","17":"pa_dydis-93","18":"pa_dydis-96","19":"pa_dydis-97","20":"pa_dydis-98","21":"pa_dydis-99","22":"pa_dydis-100","23":"pa_izoliacijos-svoris-120g","24":"pa_kolekcija-nr-sa2015","25":"pa_kolekcijos-dalis-spring-autumn","26":"pa_lytis-mergaiciu","27":"pa_oro-pralaidumas-10000g-m-24h","28":"pa_prekes-artikulas-6114as15-053","29":"pa_rastuota-vienspalvis","30":"pa_sezonas-pavasaris-ruduo","31":"pa_uzpildas-120g","33":"first","34":"instock","35":"sale","36":"taxable","37":"shipping-taxable","38":"purchasable","39":"product-type-variable"},"acf":[],"yoast_head":"<!-- This site is optimized with the Yoast SEO plugin v26.8 - https:\/\/yoast.com\/product\/yoast-seo-wordpress\/ -->\n<title>Liemen\u0117 mergait\u0117ms HEAVEN (120g) - Huppa LT<\/title>\n<meta name=\"robots\" content=\"index, follow, max-snippet:-1, max-image-preview:large, max-video-preview:-1\" \/>\n<link rel=\"canonical\" href=\"https:\/\/shop.huppa.eu\/lt\/product\/liemene-mergaitems-heaven\/\" \/>\n<meta property=\"og:locale\" content=\"lt_LT\" \/>\n<meta property=\"og:type\" content=\"article\" \/>\n<meta property=\"og:title\" content=\"Liemen\u0117 mergait\u0117ms HEAVEN (120g) - Huppa LT\" \/>\n<meta property=\"og:description\" content=\"Mergai\u010di\u0173 liemen\u0117. Pamu\u0161alas: tafta + aksomas, medviln\u0117s ir poliesterio mi\u0161inys, plonas 120 g pa\u0161iltinimas. Gra\u017eus siuvin\u0117jimai ant liemen\u0117s. Nuimamas gobtuvas su knied\u0117mis.\" \/>\n<meta property=\"og:url\" content=\"https:\/\/shop.huppa.eu\/lt\/product\/liemene-mergaitems-heaven\/\" \/>\n<meta property=\"og:site_name\" content=\"Huppa LT\" \/>\n<meta property=\"article:modified_time\" content=\"2026-04-16T04:33:04+00:00\" \/>\n<meta property=\"og:image\" content=\"https:\/\/huppashop-prod.s3.eu-north-1.amazonaws.com\/wp-content\/uploads\/sites\/3\/2021\/06\/03063709\/6114AS15-HEAVEN-053-front.jpg\" \/>\n\t<meta property=\"og:image:width\" content=\"800\" \/>\n\t<meta property=\"og:image:height\" content=\"800\" \/>\n\t<meta property=\"og:image:type\" content=\"image\/jpeg\" \/>\n<meta name=\"twitter:card\" content=\"summary_large_image\" \/>\n<script type=\"application\/ld+json\" class=\"yoast-schema-graph\">{\"@context\":\"https:\/\/schema.org\",\"@graph\":[{\"@type\":\"WebPage\",\"@id\":\"https:\/\/shop.huppa.eu\/lt\/product\/liemene-mergaitems-heaven\/\",\"url\":\"https:\/\/shop.huppa.eu\/lt\/product\/liemene-mergaitems-heaven\/\",\"name\":\"Liemen\u0117 mergait\u0117ms HEAVEN (120g) - Huppa LT\",\"isPartOf\":{\"@id\":\"https:\/\/shop.huppa.eu\/lt\/#website\"},\"primaryImageOfPage\":{\"@id\":\"https:\/\/shop.huppa.eu\/lt\/product\/liemene-mergaitems-heaven\/#primaryimage\"},\"image\":{\"@id\":\"https:\/\/shop.huppa.eu\/lt\/product\/liemene-mergaitems-heaven\/#primaryimage\"},\"thumbnailUrl\":\"https:\/\/huppashop-prod.s3.eu-north-1.amazonaws.com\/wp-content\/uploads\/sites\/3\/2021\/06\/03063709\/6114AS15-HEAVEN-053-front.jpg\",\"datePublished\":\"2024-11-26T01:09:15+00:00\",\"dateModified\":\"2026-04-16T04:33:04+00:00\",\"breadcrumb\":{\"@id\":\"https:\/\/shop.huppa.eu\/lt\/product\/liemene-mergaitems-heaven\/#breadcrumb\"},\"inLanguage\":\"lt-LT\",\"potentialAction\":[{\"@type\":\"ReadAction\",\"target\":[\"https:\/\/shop.huppa.eu\/lt\/product\/liemene-mergaitems-heaven\/\"]}]},{\"@type\":\"ImageObject\",\"inLanguage\":\"lt-LT\",\"@id\":\"https:\/\/shop.huppa.eu\/lt\/product\/liemene-mergaitems-heaven\/#primaryimage\",\"url\":\"https:\/\/huppashop-prod.s3.eu-north-1.amazonaws.com\/wp-content\/uploads\/sites\/3\/2021\/06\/03063709\/6114AS15-HEAVEN-053-front.jpg\",\"contentUrl\":\"https:\/\/huppashop-prod.s3.eu-north-1.amazonaws.com\/wp-content\/uploads\/sites\/3\/2021\/06\/03063709\/6114AS15-HEAVEN-053-front.jpg\",\"width\":800,\"height\":800},{\"@type\":\"BreadcrumbList\",\"@id\":\"https:\/\/shop.huppa.eu\/lt\/product\/liemene-mergaitems-heaven\/#breadcrumb\",\"itemListElement\":[{\"@type\":\"ListItem\",\"position\":1,\"name\":\"Shop\",\"item\":\"https:\/\/shop.huppa.eu\/lt\/shop\/\"},{\"@type\":\"ListItem\",\"position\":2,\"name\":\"Liemen\u0117 mergait\u0117ms HEAVEN (120g)\"}]},{\"@type\":\"WebSite\",\"@id\":\"https:\/\/shop.huppa.eu\/lt\/#website\",\"url\":\"https:\/\/shop.huppa.eu\/lt\/\",\"name\":\"Huppa LT\",\"description\":\"Huppa LT\",\"potentialAction\":[{\"@type\":\"SearchAction\",\"target\":{\"@type\":\"EntryPoint\",\"urlTemplate\":\"https:\/\/shop.huppa.eu\/lt\/?s={search_term_string}\"},\"query-input\":{\"@type\":\"PropertyValueSpecification\",\"valueRequired\":true,\"valueName\":\"search_term_string\"}}],\"inLanguage\":\"lt-LT\"}]}<\/script>\n<!-- \/ Yoast SEO plugin. -->","yoast_head_json":{"title":"Liemen\u0117 mergait\u0117ms HEAVEN (120g) - Huppa LT","robots":{"index":"index","follow":"follow","max-snippet":"max-snippet:-1","max-image-preview":"max-image-preview:large","max-video-preview":"max-video-preview:-1"},"canonical":"https:\/\/shop.huppa.eu\/lt\/product\/liemene-mergaitems-heaven\/","og_locale":"lt_LT","og_type":"article","og_title":"Liemen\u0117 mergait\u0117ms HEAVEN (120g) - Huppa LT","og_description":"Mergai\u010di\u0173 liemen\u0117. Pamu\u0161alas: tafta + aksomas, medviln\u0117s ir poliesterio mi\u0161inys, plonas 120 g pa\u0161iltinimas. Gra\u017eus siuvin\u0117jimai ant liemen\u0117s. Nuimamas gobtuvas su knied\u0117mis.","og_url":"https:\/\/shop.huppa.eu\/lt\/product\/liemene-mergaitems-heaven\/","og_site_name":"Huppa LT","article_modified_time":"2026-04-16T04:33:04+00:00","og_image":[{"width":800,"height":800,"url":"https:\/\/huppashop-prod.s3.eu-north-1.amazonaws.com\/wp-content\/uploads\/sites\/3\/2021\/06\/03063709\/6114AS15-HEAVEN-053-front.jpg","type":"image\/jpeg"}],"twitter_card":"summary_large_image","schema":{"@context":"https:\/\/schema.org","@graph":[{"@type":"WebPage","@id":"https:\/\/shop.huppa.eu\/lt\/product\/liemene-mergaitems-heaven\/","url":"https:\/\/shop.huppa.eu\/lt\/product\/liemene-mergaitems-heaven\/","name":"Liemen\u0117 mergait\u0117ms HEAVEN (120g) - Huppa LT","isPartOf":{"@id":"https:\/\/shop.huppa.eu\/lt\/#website"},"primaryImageOfPage":{"@id":"https:\/\/shop.huppa.eu\/lt\/product\/liemene-mergaitems-heaven\/#primaryimage"},"image":{"@id":"https:\/\/shop.huppa.eu\/lt\/product\/liemene-mergaitems-heaven\/#primaryimage"},"thumbnailUrl":"https:\/\/huppashop-prod.s3.eu-north-1.amazonaws.com\/wp-content\/uploads\/sites\/3\/2021\/06\/03063709\/6114AS15-HEAVEN-053-front.jpg","datePublished":"2024-11-26T01:09:15+00:00","dateModified":"2026-04-16T04:33:04+00:00","breadcrumb":{"@id":"https:\/\/shop.huppa.eu\/lt\/product\/liemene-mergaitems-heaven\/#breadcrumb"},"inLanguage":"lt-LT","potentialAction":[{"@type":"ReadAction","target":["https:\/\/shop.huppa.eu\/lt\/product\/liemene-mergaitems-heaven\/"]}]},{"@type":"ImageObject","inLanguage":"lt-LT","@id":"https:\/\/shop.huppa.eu\/lt\/product\/liemene-mergaitems-heaven\/#primaryimage","url":"https:\/\/huppashop-prod.s3.eu-north-1.amazonaws.com\/wp-content\/uploads\/sites\/3\/2021\/06\/03063709\/6114AS15-HEAVEN-053-front.jpg","contentUrl":"https:\/\/huppashop-prod.s3.eu-north-1.amazonaws.com\/wp-content\/uploads\/sites\/3\/2021\/06\/03063709\/6114AS15-HEAVEN-053-front.jpg","width":800,"height":800},{"@type":"BreadcrumbList","@id":"https:\/\/shop.huppa.eu\/lt\/product\/liemene-mergaitems-heaven\/#breadcrumb","itemListElement":[{"@type":"ListItem","position":1,"name":"Shop","item":"https:\/\/shop.huppa.eu\/lt\/shop\/"},{"@type":"ListItem","position":2,"name":"Liemen\u0117 mergait\u0117ms HEAVEN (120g)"}]},{"@type":"WebSite","@id":"https:\/\/shop.huppa.eu\/lt\/#website","url":"https:\/\/shop.huppa.eu\/lt\/","name":"Huppa LT","description":"Huppa LT","potentialAction":[{"@type":"SearchAction","target":{"@type":"EntryPoint","urlTemplate":"https:\/\/shop.huppa.eu\/lt\/?s={search_term_string}"},"query-input":{"@type":"PropertyValueSpecification","valueRequired":true,"valueName":"search_term_string"}}],"inLanguage":"lt-LT"}]}},"_links":{"self":[{"href":"https:\/\/shop.huppa.eu\/lt\/wp-json\/wp\/v2\/product\/507181","targetHints":{"allow":["GET"]}}],"collection":[{"href":"https:\/\/shop.huppa.eu\/lt\/wp-json\/wp\/v2\/product"}],"about":[{"href":"https:\/\/shop.huppa.eu\/lt\/wp-json\/wp\/v2\/types\/product"}],"wp:featuredmedia":[{"embeddable":true,"href":"https:\/\/shop.huppa.eu\/lt\/wp-json\/wp\/v2\/media\/431513"}],"wp:attachment":[{"href":"https:\/\/shop.huppa.eu\/lt\/wp-json\/wp\/v2\/media?parent=507181"}],"wp:term":[{"taxonomy":"product_brand","embeddable":true,"href":"https:\/\/shop.huppa.eu\/lt\/wp-json\/wp\/v2\/product_brand?post=507181"},{"taxonomy":"product_cat","embeddable":true,"href":"https:\/\/shop.huppa.eu\/lt\/wp-json\/wp\/v2\/product_cat?post=507181"},{"taxonomy":"product_tag","embeddable":true,"href":"https:\/\/shop.huppa.eu\/lt\/wp-json\/wp\/v2\/product_tag?post=507181"}],"curies":[{"name":"wp","href":"https:\/\/api.w.org\/{rel}","templated":true}]}}