{"id":508044,"date":"2024-12-11T04:23:01","date_gmt":"2024-12-11T02:23:01","guid":{"rendered":"https:\/\/shop.huppa.eu\/lt\/product\/kepure-cleo\/"},"modified":"2026-04-15T07:01:09","modified_gmt":"2026-04-15T05:01:09","slug":"kepure-cleo","status":"publish","type":"product","link":"https:\/\/shop.huppa.eu\/lt\/product\/kepure-cleo\/","title":{"rendered":"Adults\u00b4 hat CLEO"},"content":{"rendered":"<p>\u0160i vaiki\u0161ka megzta kepur\u0117 yra universali ir klasikin\u0117. Skryb\u0117l\u0117s sud\u0117tis 40% akrilas, 40% nailonas, 20% vilna, o vidinis pamu\u0161alo kra\u0161tas yra vilna, kad ausys b\u016bt\u0173 \u0161iltos.<\/p>\n","protected":false},"excerpt":{"rendered":"<p>\u0160i vaiki\u0161ka megzta kepur\u0117 yra universali ir klasikin\u0117. Skryb\u0117l\u0117s sud\u0117tis 40% akrilas, 40% nailonas, 20% vilna, o vidinis pamu\u0161alo kra\u0161tas yra vilna, kad ausys b\u016bt\u0173 \u0161iltos.<\/p>\n","protected":false},"featured_media":435713,"template":"","meta":{"_acf_changed":false},"product_brand":[],"product_cat":[5695,5827,5697,5723,1783,3323,1774,1775,1779,18,128,415,17],"product_tag":[],"class_list":{"0":"post-508044","1":"product","2":"type-product","3":"status-publish","4":"has-post-thumbnail","6":"product_cat-accessories","7":"product_cat-kepures-outlet","8":"product_cat-kepures-accessories","9":"product_cat-outlet","10":"product_cat-kepureles-unisex","11":"product_cat-kepures","12":"product_cat-kepureles-2","13":"product_cat-kepureles-vyrai","14":"product_cat-kepureles-moterys","15":"product_cat-moterys","16":"product_cat-suaugusieji","17":"product_cat-unisex","18":"product_cat-vyrai","19":"pa_amzius-suaugusieji","20":"pa_atsparumas-vandeniui-mm","21":"pa_dydis-m","22":"pa_kolekcija-nr-w21-22","23":"pa_kolekcijos-dalis-accessories","24":"pa_lytis-unisex","25":"pa_oro-pralaidumas-g-m-24h","26":"pa_prekes-artikulas-94008000-80066","27":"pa_rastuota-vienspalvis","28":"pa_sezonas-ziema","30":"first","31":"instock","32":"sale","33":"taxable","34":"shipping-taxable","35":"purchasable","36":"product-type-variable"},"acf":[],"yoast_head":"<!-- This site is optimized with the Yoast SEO plugin v26.8 - https:\/\/yoast.com\/product\/yoast-seo-wordpress\/ -->\n<title>Adults\u00b4 hat CLEO - Huppa LT<\/title>\n<meta name=\"robots\" content=\"index, follow, max-snippet:-1, max-image-preview:large, max-video-preview:-1\" \/>\n<link rel=\"canonical\" href=\"https:\/\/shop.huppa.eu\/lt\/product\/kepure-cleo\/\" \/>\n<meta property=\"og:locale\" content=\"lt_LT\" \/>\n<meta property=\"og:type\" content=\"article\" \/>\n<meta property=\"og:title\" content=\"Adults\u00b4 hat CLEO - Huppa LT\" \/>\n<meta property=\"og:description\" content=\"\u0160i vaiki\u0161ka megzta kepur\u0117 yra universali ir klasikin\u0117. Skryb\u0117l\u0117s sud\u0117tis 40% akrilas, 40% nailonas, 20% vilna, o vidinis pamu\u0161alo kra\u0161tas yra vilna, kad ausys b\u016bt\u0173 \u0161iltos.\" \/>\n<meta property=\"og:url\" content=\"https:\/\/shop.huppa.eu\/lt\/product\/kepure-cleo\/\" \/>\n<meta property=\"og:site_name\" content=\"Huppa LT\" \/>\n<meta property=\"article:modified_time\" content=\"2026-04-15T05:01:09+00:00\" \/>\n<meta property=\"og:image\" content=\"https:\/\/huppashop-prod.s3.eu-north-1.amazonaws.com\/wp-content\/uploads\/sites\/3\/2021\/06\/03083021\/94000000-80066-CLEO.jpg\" \/>\n\t<meta property=\"og:image:width\" content=\"800\" \/>\n\t<meta property=\"og:image:height\" content=\"800\" \/>\n\t<meta property=\"og:image:type\" content=\"image\/jpeg\" \/>\n<meta name=\"twitter:card\" content=\"summary_large_image\" \/>\n<script type=\"application\/ld+json\" class=\"yoast-schema-graph\">{\"@context\":\"https:\/\/schema.org\",\"@graph\":[{\"@type\":\"WebPage\",\"@id\":\"https:\/\/shop.huppa.eu\/lt\/product\/kepure-cleo\/\",\"url\":\"https:\/\/shop.huppa.eu\/lt\/product\/kepure-cleo\/\",\"name\":\"Adults\u00b4 hat CLEO - Huppa LT\",\"isPartOf\":{\"@id\":\"https:\/\/shop.huppa.eu\/lt\/#website\"},\"primaryImageOfPage\":{\"@id\":\"https:\/\/shop.huppa.eu\/lt\/product\/kepure-cleo\/#primaryimage\"},\"image\":{\"@id\":\"https:\/\/shop.huppa.eu\/lt\/product\/kepure-cleo\/#primaryimage\"},\"thumbnailUrl\":\"https:\/\/huppashop-prod.s3.eu-north-1.amazonaws.com\/wp-content\/uploads\/sites\/3\/2021\/06\/03083021\/94000000-80066-CLEO.jpg\",\"datePublished\":\"2024-12-11T02:23:01+00:00\",\"dateModified\":\"2026-04-15T05:01:09+00:00\",\"breadcrumb\":{\"@id\":\"https:\/\/shop.huppa.eu\/lt\/product\/kepure-cleo\/#breadcrumb\"},\"inLanguage\":\"lt-LT\",\"potentialAction\":[{\"@type\":\"ReadAction\",\"target\":[\"https:\/\/shop.huppa.eu\/lt\/product\/kepure-cleo\/\"]}]},{\"@type\":\"ImageObject\",\"inLanguage\":\"lt-LT\",\"@id\":\"https:\/\/shop.huppa.eu\/lt\/product\/kepure-cleo\/#primaryimage\",\"url\":\"https:\/\/huppashop-prod.s3.eu-north-1.amazonaws.com\/wp-content\/uploads\/sites\/3\/2021\/06\/03083021\/94000000-80066-CLEO.jpg\",\"contentUrl\":\"https:\/\/huppashop-prod.s3.eu-north-1.amazonaws.com\/wp-content\/uploads\/sites\/3\/2021\/06\/03083021\/94000000-80066-CLEO.jpg\",\"width\":800,\"height\":800},{\"@type\":\"BreadcrumbList\",\"@id\":\"https:\/\/shop.huppa.eu\/lt\/product\/kepure-cleo\/#breadcrumb\",\"itemListElement\":[{\"@type\":\"ListItem\",\"position\":1,\"name\":\"Shop\",\"item\":\"https:\/\/shop.huppa.eu\/lt\/shop\/\"},{\"@type\":\"ListItem\",\"position\":2,\"name\":\"Adults\u00b4 hat CLEO\"}]},{\"@type\":\"WebSite\",\"@id\":\"https:\/\/shop.huppa.eu\/lt\/#website\",\"url\":\"https:\/\/shop.huppa.eu\/lt\/\",\"name\":\"Huppa LT\",\"description\":\"Huppa LT\",\"potentialAction\":[{\"@type\":\"SearchAction\",\"target\":{\"@type\":\"EntryPoint\",\"urlTemplate\":\"https:\/\/shop.huppa.eu\/lt\/?s={search_term_string}\"},\"query-input\":{\"@type\":\"PropertyValueSpecification\",\"valueRequired\":true,\"valueName\":\"search_term_string\"}}],\"inLanguage\":\"lt-LT\"}]}<\/script>\n<!-- \/ Yoast SEO plugin. -->","yoast_head_json":{"title":"Adults\u00b4 hat CLEO - Huppa LT","robots":{"index":"index","follow":"follow","max-snippet":"max-snippet:-1","max-image-preview":"max-image-preview:large","max-video-preview":"max-video-preview:-1"},"canonical":"https:\/\/shop.huppa.eu\/lt\/product\/kepure-cleo\/","og_locale":"lt_LT","og_type":"article","og_title":"Adults\u00b4 hat CLEO - Huppa LT","og_description":"\u0160i vaiki\u0161ka megzta kepur\u0117 yra universali ir klasikin\u0117. Skryb\u0117l\u0117s sud\u0117tis 40% akrilas, 40% nailonas, 20% vilna, o vidinis pamu\u0161alo kra\u0161tas yra vilna, kad ausys b\u016bt\u0173 \u0161iltos.","og_url":"https:\/\/shop.huppa.eu\/lt\/product\/kepure-cleo\/","og_site_name":"Huppa LT","article_modified_time":"2026-04-15T05:01:09+00:00","og_image":[{"width":800,"height":800,"url":"https:\/\/huppashop-prod.s3.eu-north-1.amazonaws.com\/wp-content\/uploads\/sites\/3\/2021\/06\/03083021\/94000000-80066-CLEO.jpg","type":"image\/jpeg"}],"twitter_card":"summary_large_image","schema":{"@context":"https:\/\/schema.org","@graph":[{"@type":"WebPage","@id":"https:\/\/shop.huppa.eu\/lt\/product\/kepure-cleo\/","url":"https:\/\/shop.huppa.eu\/lt\/product\/kepure-cleo\/","name":"Adults\u00b4 hat CLEO - Huppa LT","isPartOf":{"@id":"https:\/\/shop.huppa.eu\/lt\/#website"},"primaryImageOfPage":{"@id":"https:\/\/shop.huppa.eu\/lt\/product\/kepure-cleo\/#primaryimage"},"image":{"@id":"https:\/\/shop.huppa.eu\/lt\/product\/kepure-cleo\/#primaryimage"},"thumbnailUrl":"https:\/\/huppashop-prod.s3.eu-north-1.amazonaws.com\/wp-content\/uploads\/sites\/3\/2021\/06\/03083021\/94000000-80066-CLEO.jpg","datePublished":"2024-12-11T02:23:01+00:00","dateModified":"2026-04-15T05:01:09+00:00","breadcrumb":{"@id":"https:\/\/shop.huppa.eu\/lt\/product\/kepure-cleo\/#breadcrumb"},"inLanguage":"lt-LT","potentialAction":[{"@type":"ReadAction","target":["https:\/\/shop.huppa.eu\/lt\/product\/kepure-cleo\/"]}]},{"@type":"ImageObject","inLanguage":"lt-LT","@id":"https:\/\/shop.huppa.eu\/lt\/product\/kepure-cleo\/#primaryimage","url":"https:\/\/huppashop-prod.s3.eu-north-1.amazonaws.com\/wp-content\/uploads\/sites\/3\/2021\/06\/03083021\/94000000-80066-CLEO.jpg","contentUrl":"https:\/\/huppashop-prod.s3.eu-north-1.amazonaws.com\/wp-content\/uploads\/sites\/3\/2021\/06\/03083021\/94000000-80066-CLEO.jpg","width":800,"height":800},{"@type":"BreadcrumbList","@id":"https:\/\/shop.huppa.eu\/lt\/product\/kepure-cleo\/#breadcrumb","itemListElement":[{"@type":"ListItem","position":1,"name":"Shop","item":"https:\/\/shop.huppa.eu\/lt\/shop\/"},{"@type":"ListItem","position":2,"name":"Adults\u00b4 hat CLEO"}]},{"@type":"WebSite","@id":"https:\/\/shop.huppa.eu\/lt\/#website","url":"https:\/\/shop.huppa.eu\/lt\/","name":"Huppa LT","description":"Huppa LT","potentialAction":[{"@type":"SearchAction","target":{"@type":"EntryPoint","urlTemplate":"https:\/\/shop.huppa.eu\/lt\/?s={search_term_string}"},"query-input":{"@type":"PropertyValueSpecification","valueRequired":true,"valueName":"search_term_string"}}],"inLanguage":"lt-LT"}]}},"_links":{"self":[{"href":"https:\/\/shop.huppa.eu\/lt\/wp-json\/wp\/v2\/product\/508044","targetHints":{"allow":["GET"]}}],"collection":[{"href":"https:\/\/shop.huppa.eu\/lt\/wp-json\/wp\/v2\/product"}],"about":[{"href":"https:\/\/shop.huppa.eu\/lt\/wp-json\/wp\/v2\/types\/product"}],"wp:featuredmedia":[{"embeddable":true,"href":"https:\/\/shop.huppa.eu\/lt\/wp-json\/wp\/v2\/media\/435713"}],"wp:attachment":[{"href":"https:\/\/shop.huppa.eu\/lt\/wp-json\/wp\/v2\/media?parent=508044"}],"wp:term":[{"taxonomy":"product_brand","embeddable":true,"href":"https:\/\/shop.huppa.eu\/lt\/wp-json\/wp\/v2\/product_brand?post=508044"},{"taxonomy":"product_cat","embeddable":true,"href":"https:\/\/shop.huppa.eu\/lt\/wp-json\/wp\/v2\/product_cat?post=508044"},{"taxonomy":"product_tag","embeddable":true,"href":"https:\/\/shop.huppa.eu\/lt\/wp-json\/wp\/v2\/product_tag?post=508044"}],"curies":[{"name":"wp","href":"https:\/\/api.w.org\/{rel}","templated":true}]}}