{"id":508355,"date":"2025-01-16T03:10:56","date_gmt":"2025-01-16T01:10:56","guid":{"rendered":"https:\/\/shop.huppa.eu\/lt\/product\/flisinis-kombinezonas-vaikams-dandy\/"},"modified":"2026-04-16T06:09:13","modified_gmt":"2026-04-16T04:09:13","slug":"flisinis-kombinezonas-vaikams-dandy","status":"publish","type":"product","link":"https:\/\/shop.huppa.eu\/lt\/product\/flisinis-kombinezonas-vaikams-dandy\/","title":{"rendered":"Flisinis kombinezonas vaikams DANDY"},"content":{"rendered":"<p>Klasikinis mink\u0161to fliso vienos dalies kombinezonas k\u016bdikiams su medviln\u0117s pamu\u0161alu, kad b\u016bt\u0173 malon\u016bs pasivaik\u0161\u010diojimai per pietus arba b\u016bt\u0173 galima \u017eaisti v\u0117sesniu oru I\u0161skirtin\u0117s flisinio audinio savyb\u0117s yra kokybi\u0161kas dr\u0117gm\u0117s i\u0161garinimas bei puikios termoizoliacin\u0117s savyb\u0117s. Kombinezon\u0105 taip pat tinka d\u0117v\u0117ti po lauko drabu\u017eiais. Kad b\u016bt\u0173 patogiau apsirengti, kombinezonas turi ilg\u0105 u\u017etrauktuk\u0105, elasting\u0105 gum\u0105 nugaroje ir gobtuv\u0105. Keliais judesiais rankogali\u0173 ir kojagali\u0173 atvartus galima atlenkti arba u\u017elenkti.<\/p>\n","protected":false},"excerpt":{"rendered":"<p>Klasikinis mink\u0161to fliso vienos dalies kombinezonas k\u016bdikiams su medviln\u0117s pamu\u0161alu, kad b\u016bt\u0173 malon\u016bs pasivaik\u0161\u010diojimai per pietus arba b\u016bt\u0173 galima \u017eaisti v\u0117sesniu oru I\u0161skirtin\u0117s flisinio audinio savyb\u0117s yra kokybi\u0161kas dr\u0117gm\u0117s i\u0161garinimas bei puikios termoizoliacin\u0117s savyb\u0117s. Kombinezon\u0105 taip pat tinka d\u0117v\u0117ti po lauko drabu\u017eiais. Kad b\u016bt\u0173 patogiau apsirengti, kombinezonas turi ilg\u0105 u\u017etrauktuk\u0105, elasting\u0105 gum\u0105 nugaroje ir gobtuv\u0105. [&hellip;]<\/p>\n","protected":false},"featured_media":427615,"template":"","meta":{"_acf_changed":false},"product_brand":[],"product_cat":[5772,5723,413,414,419,102,19],"product_tag":[],"class_list":{"0":"post-508355","1":"product","2":"type-product","3":"status-publish","4":"has-post-thumbnail","6":"product_cat-comfort-outlet","7":"product_cat-outlet","8":"product_cat-comfort","9":"product_cat-comfort-2","10":"product_cat-comfort-mergaiciu","11":"product_cat-mergaiciu","12":"product_cat-vaikai","13":"pa_amzius-vaikai","14":"pa_atsparumas-vandeniui-mm","15":"pa_dydis-1162","16":"pa_dydis-406","17":"pa_dydis-410","18":"pa_dydis-411","19":"pa_kolekcija-nr-w14-15","20":"pa_kolekcijos-dalis-mid-layers","21":"pa_lytis-mergaiciu","22":"pa_oro-pralaidumas-g-m-24h","23":"pa_prekes-artikulas-3305aw14-f03","25":"first","26":"instock","27":"sale","28":"taxable","29":"shipping-taxable","30":"purchasable","31":"product-type-variable"},"acf":[],"yoast_head":"<!-- This site is optimized with the Yoast SEO plugin v26.8 - https:\/\/yoast.com\/product\/yoast-seo-wordpress\/ -->\n<title>Flisinis kombinezonas vaikams DANDY - Huppa LT<\/title>\n<meta name=\"robots\" content=\"index, follow, max-snippet:-1, max-image-preview:large, max-video-preview:-1\" \/>\n<link rel=\"canonical\" href=\"https:\/\/shop.huppa.eu\/lt\/product\/flisinis-kombinezonas-vaikams-dandy\/\" \/>\n<meta property=\"og:locale\" content=\"lt_LT\" \/>\n<meta property=\"og:type\" content=\"article\" \/>\n<meta property=\"og:title\" content=\"Flisinis kombinezonas vaikams DANDY - Huppa LT\" \/>\n<meta property=\"og:description\" content=\"Klasikinis mink\u0161to fliso vienos dalies kombinezonas k\u016bdikiams su medviln\u0117s pamu\u0161alu, kad b\u016bt\u0173 malon\u016bs pasivaik\u0161\u010diojimai per pietus arba b\u016bt\u0173 galima \u017eaisti v\u0117sesniu oru I\u0161skirtin\u0117s flisinio audinio savyb\u0117s yra kokybi\u0161kas dr\u0117gm\u0117s i\u0161garinimas bei puikios termoizoliacin\u0117s savyb\u0117s. Kombinezon\u0105 taip pat tinka d\u0117v\u0117ti po lauko drabu\u017eiais. Kad b\u016bt\u0173 patogiau apsirengti, kombinezonas turi ilg\u0105 u\u017etrauktuk\u0105, elasting\u0105 gum\u0105 nugaroje ir gobtuv\u0105. [&hellip;]\" \/>\n<meta property=\"og:url\" content=\"https:\/\/shop.huppa.eu\/lt\/product\/flisinis-kombinezonas-vaikams-dandy\/\" \/>\n<meta property=\"og:site_name\" content=\"Huppa LT\" \/>\n<meta property=\"article:modified_time\" content=\"2026-04-16T04:09:13+00:00\" \/>\n<meta property=\"og:image\" content=\"https:\/\/huppashop-prod.s3.eu-north-1.amazonaws.com\/wp-content\/uploads\/sites\/3\/2021\/06\/03035430\/3305AW14-F03-DANDYf.png\" \/>\n\t<meta property=\"og:image:width\" content=\"800\" \/>\n\t<meta property=\"og:image:height\" content=\"800\" \/>\n\t<meta property=\"og:image:type\" content=\"image\/png\" \/>\n<meta name=\"twitter:card\" content=\"summary_large_image\" \/>\n<script type=\"application\/ld+json\" class=\"yoast-schema-graph\">{\"@context\":\"https:\/\/schema.org\",\"@graph\":[{\"@type\":\"WebPage\",\"@id\":\"https:\/\/shop.huppa.eu\/lt\/product\/flisinis-kombinezonas-vaikams-dandy\/\",\"url\":\"https:\/\/shop.huppa.eu\/lt\/product\/flisinis-kombinezonas-vaikams-dandy\/\",\"name\":\"Flisinis kombinezonas vaikams DANDY - Huppa LT\",\"isPartOf\":{\"@id\":\"https:\/\/shop.huppa.eu\/lt\/#website\"},\"primaryImageOfPage\":{\"@id\":\"https:\/\/shop.huppa.eu\/lt\/product\/flisinis-kombinezonas-vaikams-dandy\/#primaryimage\"},\"image\":{\"@id\":\"https:\/\/shop.huppa.eu\/lt\/product\/flisinis-kombinezonas-vaikams-dandy\/#primaryimage\"},\"thumbnailUrl\":\"https:\/\/huppashop-prod.s3.eu-north-1.amazonaws.com\/wp-content\/uploads\/sites\/3\/2021\/06\/03035430\/3305AW14-F03-DANDYf.png\",\"datePublished\":\"2025-01-16T01:10:56+00:00\",\"dateModified\":\"2026-04-16T04:09:13+00:00\",\"breadcrumb\":{\"@id\":\"https:\/\/shop.huppa.eu\/lt\/product\/flisinis-kombinezonas-vaikams-dandy\/#breadcrumb\"},\"inLanguage\":\"lt-LT\",\"potentialAction\":[{\"@type\":\"ReadAction\",\"target\":[\"https:\/\/shop.huppa.eu\/lt\/product\/flisinis-kombinezonas-vaikams-dandy\/\"]}]},{\"@type\":\"ImageObject\",\"inLanguage\":\"lt-LT\",\"@id\":\"https:\/\/shop.huppa.eu\/lt\/product\/flisinis-kombinezonas-vaikams-dandy\/#primaryimage\",\"url\":\"https:\/\/huppashop-prod.s3.eu-north-1.amazonaws.com\/wp-content\/uploads\/sites\/3\/2021\/06\/03035430\/3305AW14-F03-DANDYf.png\",\"contentUrl\":\"https:\/\/huppashop-prod.s3.eu-north-1.amazonaws.com\/wp-content\/uploads\/sites\/3\/2021\/06\/03035430\/3305AW14-F03-DANDYf.png\",\"width\":800,\"height\":800},{\"@type\":\"BreadcrumbList\",\"@id\":\"https:\/\/shop.huppa.eu\/lt\/product\/flisinis-kombinezonas-vaikams-dandy\/#breadcrumb\",\"itemListElement\":[{\"@type\":\"ListItem\",\"position\":1,\"name\":\"Shop\",\"item\":\"https:\/\/shop.huppa.eu\/lt\/shop\/\"},{\"@type\":\"ListItem\",\"position\":2,\"name\":\"Flisinis kombinezonas vaikams DANDY\"}]},{\"@type\":\"WebSite\",\"@id\":\"https:\/\/shop.huppa.eu\/lt\/#website\",\"url\":\"https:\/\/shop.huppa.eu\/lt\/\",\"name\":\"Huppa LT\",\"description\":\"Huppa LT\",\"potentialAction\":[{\"@type\":\"SearchAction\",\"target\":{\"@type\":\"EntryPoint\",\"urlTemplate\":\"https:\/\/shop.huppa.eu\/lt\/?s={search_term_string}\"},\"query-input\":{\"@type\":\"PropertyValueSpecification\",\"valueRequired\":true,\"valueName\":\"search_term_string\"}}],\"inLanguage\":\"lt-LT\"}]}<\/script>\n<!-- \/ Yoast SEO plugin. -->","yoast_head_json":{"title":"Flisinis kombinezonas vaikams DANDY - Huppa LT","robots":{"index":"index","follow":"follow","max-snippet":"max-snippet:-1","max-image-preview":"max-image-preview:large","max-video-preview":"max-video-preview:-1"},"canonical":"https:\/\/shop.huppa.eu\/lt\/product\/flisinis-kombinezonas-vaikams-dandy\/","og_locale":"lt_LT","og_type":"article","og_title":"Flisinis kombinezonas vaikams DANDY - Huppa LT","og_description":"Klasikinis mink\u0161to fliso vienos dalies kombinezonas k\u016bdikiams su medviln\u0117s pamu\u0161alu, kad b\u016bt\u0173 malon\u016bs pasivaik\u0161\u010diojimai per pietus arba b\u016bt\u0173 galima \u017eaisti v\u0117sesniu oru I\u0161skirtin\u0117s flisinio audinio savyb\u0117s yra kokybi\u0161kas dr\u0117gm\u0117s i\u0161garinimas bei puikios termoizoliacin\u0117s savyb\u0117s. Kombinezon\u0105 taip pat tinka d\u0117v\u0117ti po lauko drabu\u017eiais. Kad b\u016bt\u0173 patogiau apsirengti, kombinezonas turi ilg\u0105 u\u017etrauktuk\u0105, elasting\u0105 gum\u0105 nugaroje ir gobtuv\u0105. [&hellip;]","og_url":"https:\/\/shop.huppa.eu\/lt\/product\/flisinis-kombinezonas-vaikams-dandy\/","og_site_name":"Huppa LT","article_modified_time":"2026-04-16T04:09:13+00:00","og_image":[{"width":800,"height":800,"url":"https:\/\/huppashop-prod.s3.eu-north-1.amazonaws.com\/wp-content\/uploads\/sites\/3\/2021\/06\/03035430\/3305AW14-F03-DANDYf.png","type":"image\/png"}],"twitter_card":"summary_large_image","schema":{"@context":"https:\/\/schema.org","@graph":[{"@type":"WebPage","@id":"https:\/\/shop.huppa.eu\/lt\/product\/flisinis-kombinezonas-vaikams-dandy\/","url":"https:\/\/shop.huppa.eu\/lt\/product\/flisinis-kombinezonas-vaikams-dandy\/","name":"Flisinis kombinezonas vaikams DANDY - Huppa LT","isPartOf":{"@id":"https:\/\/shop.huppa.eu\/lt\/#website"},"primaryImageOfPage":{"@id":"https:\/\/shop.huppa.eu\/lt\/product\/flisinis-kombinezonas-vaikams-dandy\/#primaryimage"},"image":{"@id":"https:\/\/shop.huppa.eu\/lt\/product\/flisinis-kombinezonas-vaikams-dandy\/#primaryimage"},"thumbnailUrl":"https:\/\/huppashop-prod.s3.eu-north-1.amazonaws.com\/wp-content\/uploads\/sites\/3\/2021\/06\/03035430\/3305AW14-F03-DANDYf.png","datePublished":"2025-01-16T01:10:56+00:00","dateModified":"2026-04-16T04:09:13+00:00","breadcrumb":{"@id":"https:\/\/shop.huppa.eu\/lt\/product\/flisinis-kombinezonas-vaikams-dandy\/#breadcrumb"},"inLanguage":"lt-LT","potentialAction":[{"@type":"ReadAction","target":["https:\/\/shop.huppa.eu\/lt\/product\/flisinis-kombinezonas-vaikams-dandy\/"]}]},{"@type":"ImageObject","inLanguage":"lt-LT","@id":"https:\/\/shop.huppa.eu\/lt\/product\/flisinis-kombinezonas-vaikams-dandy\/#primaryimage","url":"https:\/\/huppashop-prod.s3.eu-north-1.amazonaws.com\/wp-content\/uploads\/sites\/3\/2021\/06\/03035430\/3305AW14-F03-DANDYf.png","contentUrl":"https:\/\/huppashop-prod.s3.eu-north-1.amazonaws.com\/wp-content\/uploads\/sites\/3\/2021\/06\/03035430\/3305AW14-F03-DANDYf.png","width":800,"height":800},{"@type":"BreadcrumbList","@id":"https:\/\/shop.huppa.eu\/lt\/product\/flisinis-kombinezonas-vaikams-dandy\/#breadcrumb","itemListElement":[{"@type":"ListItem","position":1,"name":"Shop","item":"https:\/\/shop.huppa.eu\/lt\/shop\/"},{"@type":"ListItem","position":2,"name":"Flisinis kombinezonas vaikams DANDY"}]},{"@type":"WebSite","@id":"https:\/\/shop.huppa.eu\/lt\/#website","url":"https:\/\/shop.huppa.eu\/lt\/","name":"Huppa LT","description":"Huppa LT","potentialAction":[{"@type":"SearchAction","target":{"@type":"EntryPoint","urlTemplate":"https:\/\/shop.huppa.eu\/lt\/?s={search_term_string}"},"query-input":{"@type":"PropertyValueSpecification","valueRequired":true,"valueName":"search_term_string"}}],"inLanguage":"lt-LT"}]}},"_links":{"self":[{"href":"https:\/\/shop.huppa.eu\/lt\/wp-json\/wp\/v2\/product\/508355","targetHints":{"allow":["GET"]}}],"collection":[{"href":"https:\/\/shop.huppa.eu\/lt\/wp-json\/wp\/v2\/product"}],"about":[{"href":"https:\/\/shop.huppa.eu\/lt\/wp-json\/wp\/v2\/types\/product"}],"wp:featuredmedia":[{"embeddable":true,"href":"https:\/\/shop.huppa.eu\/lt\/wp-json\/wp\/v2\/media\/427615"}],"wp:attachment":[{"href":"https:\/\/shop.huppa.eu\/lt\/wp-json\/wp\/v2\/media?parent=508355"}],"wp:term":[{"taxonomy":"product_brand","embeddable":true,"href":"https:\/\/shop.huppa.eu\/lt\/wp-json\/wp\/v2\/product_brand?post=508355"},{"taxonomy":"product_cat","embeddable":true,"href":"https:\/\/shop.huppa.eu\/lt\/wp-json\/wp\/v2\/product_cat?post=508355"},{"taxonomy":"product_tag","embeddable":true,"href":"https:\/\/shop.huppa.eu\/lt\/wp-json\/wp\/v2\/product_tag?post=508355"}],"curies":[{"name":"wp","href":"https:\/\/api.w.org\/{rel}","templated":true}]}}