{"id":508740,"date":"2025-02-10T15:51:45","date_gmt":"2025-02-10T13:51:45","guid":{"rendered":"https:\/\/shop.huppa.eu\/lt\/product\/mergaitiskas-pukinis-paltas-yessica-down-2\/"},"modified":"2026-04-16T05:16:09","modified_gmt":"2026-04-16T03:16:09","slug":"mergaitiskas-pukinis-paltas-yessica-down-2","status":"publish","type":"product","link":"https:\/\/shop.huppa.eu\/lt\/product\/mergaitiskas-pukinis-paltas-yessica-down-2\/","title":{"rendered":"Mergaiti\u0161kas p\u016bkinis paltas YESSICA (DOWN)"},"content":{"rendered":"<p>V\u0117jo ir vandens nepraleid\u017eiantis p\u016bkinis paltas mergait\u0117ms. I\u0161orinis audinys yra mink\u0161tas, u\u017epildas &#8211; p\u016bkai ir plunksnos. Palto vidus pagamintas i\u0161 taftos pamu\u0161alo. Vidiniai rankogaliai rankov\u0117se i\u0161laiko \u0161ilum\u0105 ir sausum\u0105. \u0160vies\u0105 atspindin\u010dios detal\u0117s ant i\u0161orinio audinio. Nuimamas gobtuvas pritvirtinamas prie apykakl\u0117s spaud\u0117mis, nat\u016bralaus kailio kra\u0161tas taip pat nuimamas.<\/p>\n","protected":false},"excerpt":{"rendered":"<p>V\u0117jo ir vandens nepraleid\u017eiantis p\u016bkinis paltas mergait\u0117ms. I\u0161orinis audinys yra mink\u0161tas, u\u017epildas &#8211; p\u016bkai ir plunksnos. Palto vidus pagamintas i\u0161 taftos pamu\u0161alo. Vidiniai rankogaliai rankov\u0117se i\u0161laiko \u0161ilum\u0105 ir sausum\u0105. \u0160vies\u0105 atspindin\u010dios detal\u0117s ant i\u0161orinio audinio. Nuimamas gobtuvas pritvirtinamas prie apykakl\u0117s spaud\u0117mis, nat\u016bralaus kailio kra\u0161tas taip pat nuimamas.<\/p>\n","protected":false},"featured_media":508745,"template":"","meta":{"_acf_changed":false},"product_brand":[],"product_cat":[5723,5724,102,133,134,116,19],"product_tag":[],"class_list":{"0":"post-508740","1":"product","2":"type-product","3":"status-publish","4":"has-post-thumbnail","6":"product_cat-outlet","7":"product_cat-paltai-outlet","8":"product_cat-mergaiciu","9":"product_cat-paltai-vaikai","10":"product_cat-paltai-mergaiciu","11":"product_cat-paltai","12":"product_cat-vaikai","13":"pa_amzius-vaikai","14":"pa_atsparumas-vandeniui-10000mm","15":"pa_dydis-99","16":"pa_dydis-100","17":"pa_dydis-101","18":"pa_dydis-142","19":"pa_izoliacijos-svoris-down","20":"pa_kolekcija-nr-w20-21","21":"pa_kolekcijos-dalis-down","22":"pa_lytis-mergaiciu","23":"pa_oro-pralaidumas-10000g-m-24h","24":"pa_prekes-artikulas-12540055-00020","25":"pa_rastuota-vienspalvis","26":"pa_sezonas-ziema","27":"pa_uzpildas-down","29":"first","30":"instock","31":"sale","32":"taxable","33":"shipping-taxable","34":"purchasable","35":"product-type-variable"},"acf":[],"yoast_head":"<!-- This site is optimized with the Yoast SEO plugin v26.8 - https:\/\/yoast.com\/product\/yoast-seo-wordpress\/ -->\n<title>Mergaiti\u0161kas p\u016bkinis paltas YESSICA (DOWN) - Huppa LT<\/title>\n<meta name=\"robots\" content=\"index, follow, max-snippet:-1, max-image-preview:large, max-video-preview:-1\" \/>\n<link rel=\"canonical\" href=\"https:\/\/shop.huppa.eu\/lt\/product\/mergaitiskas-pukinis-paltas-yessica-down-2\/\" \/>\n<meta property=\"og:locale\" content=\"lt_LT\" \/>\n<meta property=\"og:type\" content=\"article\" \/>\n<meta property=\"og:title\" content=\"Mergaiti\u0161kas p\u016bkinis paltas YESSICA (DOWN) - Huppa LT\" \/>\n<meta property=\"og:description\" content=\"V\u0117jo ir vandens nepraleid\u017eiantis p\u016bkinis paltas mergait\u0117ms. I\u0161orinis audinys yra mink\u0161tas, u\u017epildas &#8211; p\u016bkai ir plunksnos. Palto vidus pagamintas i\u0161 taftos pamu\u0161alo. Vidiniai rankogaliai rankov\u0117se i\u0161laiko \u0161ilum\u0105 ir sausum\u0105. \u0160vies\u0105 atspindin\u010dios detal\u0117s ant i\u0161orinio audinio. Nuimamas gobtuvas pritvirtinamas prie apykakl\u0117s spaud\u0117mis, nat\u016bralaus kailio kra\u0161tas taip pat nuimamas.\" \/>\n<meta property=\"og:url\" content=\"https:\/\/shop.huppa.eu\/lt\/product\/mergaitiskas-pukinis-paltas-yessica-down-2\/\" \/>\n<meta property=\"og:site_name\" content=\"Huppa LT\" \/>\n<meta property=\"article:modified_time\" content=\"2026-04-16T03:16:09+00:00\" \/>\n<meta property=\"og:image\" content=\"https:\/\/huppashop-prod.s3.eu-north-1.amazonaws.com\/wp-content\/uploads\/sites\/5\/2025\/02\/10155148\/12540055-00020-YESSICA_f.jpg\" \/>\n\t<meta property=\"og:image:width\" content=\"1200\" \/>\n\t<meta property=\"og:image:height\" content=\"1200\" \/>\n\t<meta property=\"og:image:type\" content=\"image\/jpeg\" \/>\n<meta name=\"twitter:card\" content=\"summary_large_image\" \/>\n<script type=\"application\/ld+json\" class=\"yoast-schema-graph\">{\"@context\":\"https:\/\/schema.org\",\"@graph\":[{\"@type\":\"WebPage\",\"@id\":\"https:\/\/shop.huppa.eu\/lt\/product\/mergaitiskas-pukinis-paltas-yessica-down-2\/\",\"url\":\"https:\/\/shop.huppa.eu\/lt\/product\/mergaitiskas-pukinis-paltas-yessica-down-2\/\",\"name\":\"Mergaiti\u0161kas p\u016bkinis paltas YESSICA (DOWN) - Huppa LT\",\"isPartOf\":{\"@id\":\"https:\/\/shop.huppa.eu\/lt\/#website\"},\"primaryImageOfPage\":{\"@id\":\"https:\/\/shop.huppa.eu\/lt\/product\/mergaitiskas-pukinis-paltas-yessica-down-2\/#primaryimage\"},\"image\":{\"@id\":\"https:\/\/shop.huppa.eu\/lt\/product\/mergaitiskas-pukinis-paltas-yessica-down-2\/#primaryimage\"},\"thumbnailUrl\":\"https:\/\/huppashop-prod.s3.eu-north-1.amazonaws.com\/wp-content\/uploads\/sites\/5\/2025\/02\/10155148\/12540055-00020-YESSICA_f.jpg\",\"datePublished\":\"2025-02-10T13:51:45+00:00\",\"dateModified\":\"2026-04-16T03:16:09+00:00\",\"breadcrumb\":{\"@id\":\"https:\/\/shop.huppa.eu\/lt\/product\/mergaitiskas-pukinis-paltas-yessica-down-2\/#breadcrumb\"},\"inLanguage\":\"lt-LT\",\"potentialAction\":[{\"@type\":\"ReadAction\",\"target\":[\"https:\/\/shop.huppa.eu\/lt\/product\/mergaitiskas-pukinis-paltas-yessica-down-2\/\"]}]},{\"@type\":\"ImageObject\",\"inLanguage\":\"lt-LT\",\"@id\":\"https:\/\/shop.huppa.eu\/lt\/product\/mergaitiskas-pukinis-paltas-yessica-down-2\/#primaryimage\",\"url\":\"https:\/\/huppashop-prod.s3.eu-north-1.amazonaws.com\/wp-content\/uploads\/sites\/5\/2025\/02\/10155148\/12540055-00020-YESSICA_f.jpg\",\"contentUrl\":\"https:\/\/huppashop-prod.s3.eu-north-1.amazonaws.com\/wp-content\/uploads\/sites\/5\/2025\/02\/10155148\/12540055-00020-YESSICA_f.jpg\",\"width\":1200,\"height\":1200},{\"@type\":\"BreadcrumbList\",\"@id\":\"https:\/\/shop.huppa.eu\/lt\/product\/mergaitiskas-pukinis-paltas-yessica-down-2\/#breadcrumb\",\"itemListElement\":[{\"@type\":\"ListItem\",\"position\":1,\"name\":\"Shop\",\"item\":\"https:\/\/shop.huppa.eu\/lt\/shop\/\"},{\"@type\":\"ListItem\",\"position\":2,\"name\":\"Mergaiti\u0161kas p\u016bkinis paltas YESSICA (DOWN)\"}]},{\"@type\":\"WebSite\",\"@id\":\"https:\/\/shop.huppa.eu\/lt\/#website\",\"url\":\"https:\/\/shop.huppa.eu\/lt\/\",\"name\":\"Huppa LT\",\"description\":\"Huppa LT\",\"potentialAction\":[{\"@type\":\"SearchAction\",\"target\":{\"@type\":\"EntryPoint\",\"urlTemplate\":\"https:\/\/shop.huppa.eu\/lt\/?s={search_term_string}\"},\"query-input\":{\"@type\":\"PropertyValueSpecification\",\"valueRequired\":true,\"valueName\":\"search_term_string\"}}],\"inLanguage\":\"lt-LT\"}]}<\/script>\n<!-- \/ Yoast SEO plugin. -->","yoast_head_json":{"title":"Mergaiti\u0161kas p\u016bkinis paltas YESSICA (DOWN) - Huppa LT","robots":{"index":"index","follow":"follow","max-snippet":"max-snippet:-1","max-image-preview":"max-image-preview:large","max-video-preview":"max-video-preview:-1"},"canonical":"https:\/\/shop.huppa.eu\/lt\/product\/mergaitiskas-pukinis-paltas-yessica-down-2\/","og_locale":"lt_LT","og_type":"article","og_title":"Mergaiti\u0161kas p\u016bkinis paltas YESSICA (DOWN) - Huppa LT","og_description":"V\u0117jo ir vandens nepraleid\u017eiantis p\u016bkinis paltas mergait\u0117ms. I\u0161orinis audinys yra mink\u0161tas, u\u017epildas &#8211; p\u016bkai ir plunksnos. Palto vidus pagamintas i\u0161 taftos pamu\u0161alo. Vidiniai rankogaliai rankov\u0117se i\u0161laiko \u0161ilum\u0105 ir sausum\u0105. \u0160vies\u0105 atspindin\u010dios detal\u0117s ant i\u0161orinio audinio. Nuimamas gobtuvas pritvirtinamas prie apykakl\u0117s spaud\u0117mis, nat\u016bralaus kailio kra\u0161tas taip pat nuimamas.","og_url":"https:\/\/shop.huppa.eu\/lt\/product\/mergaitiskas-pukinis-paltas-yessica-down-2\/","og_site_name":"Huppa LT","article_modified_time":"2026-04-16T03:16:09+00:00","og_image":[{"width":1200,"height":1200,"url":"https:\/\/huppashop-prod.s3.eu-north-1.amazonaws.com\/wp-content\/uploads\/sites\/5\/2025\/02\/10155148\/12540055-00020-YESSICA_f.jpg","type":"image\/jpeg"}],"twitter_card":"summary_large_image","schema":{"@context":"https:\/\/schema.org","@graph":[{"@type":"WebPage","@id":"https:\/\/shop.huppa.eu\/lt\/product\/mergaitiskas-pukinis-paltas-yessica-down-2\/","url":"https:\/\/shop.huppa.eu\/lt\/product\/mergaitiskas-pukinis-paltas-yessica-down-2\/","name":"Mergaiti\u0161kas p\u016bkinis paltas YESSICA (DOWN) - Huppa LT","isPartOf":{"@id":"https:\/\/shop.huppa.eu\/lt\/#website"},"primaryImageOfPage":{"@id":"https:\/\/shop.huppa.eu\/lt\/product\/mergaitiskas-pukinis-paltas-yessica-down-2\/#primaryimage"},"image":{"@id":"https:\/\/shop.huppa.eu\/lt\/product\/mergaitiskas-pukinis-paltas-yessica-down-2\/#primaryimage"},"thumbnailUrl":"https:\/\/huppashop-prod.s3.eu-north-1.amazonaws.com\/wp-content\/uploads\/sites\/5\/2025\/02\/10155148\/12540055-00020-YESSICA_f.jpg","datePublished":"2025-02-10T13:51:45+00:00","dateModified":"2026-04-16T03:16:09+00:00","breadcrumb":{"@id":"https:\/\/shop.huppa.eu\/lt\/product\/mergaitiskas-pukinis-paltas-yessica-down-2\/#breadcrumb"},"inLanguage":"lt-LT","potentialAction":[{"@type":"ReadAction","target":["https:\/\/shop.huppa.eu\/lt\/product\/mergaitiskas-pukinis-paltas-yessica-down-2\/"]}]},{"@type":"ImageObject","inLanguage":"lt-LT","@id":"https:\/\/shop.huppa.eu\/lt\/product\/mergaitiskas-pukinis-paltas-yessica-down-2\/#primaryimage","url":"https:\/\/huppashop-prod.s3.eu-north-1.amazonaws.com\/wp-content\/uploads\/sites\/5\/2025\/02\/10155148\/12540055-00020-YESSICA_f.jpg","contentUrl":"https:\/\/huppashop-prod.s3.eu-north-1.amazonaws.com\/wp-content\/uploads\/sites\/5\/2025\/02\/10155148\/12540055-00020-YESSICA_f.jpg","width":1200,"height":1200},{"@type":"BreadcrumbList","@id":"https:\/\/shop.huppa.eu\/lt\/product\/mergaitiskas-pukinis-paltas-yessica-down-2\/#breadcrumb","itemListElement":[{"@type":"ListItem","position":1,"name":"Shop","item":"https:\/\/shop.huppa.eu\/lt\/shop\/"},{"@type":"ListItem","position":2,"name":"Mergaiti\u0161kas p\u016bkinis paltas YESSICA (DOWN)"}]},{"@type":"WebSite","@id":"https:\/\/shop.huppa.eu\/lt\/#website","url":"https:\/\/shop.huppa.eu\/lt\/","name":"Huppa LT","description":"Huppa LT","potentialAction":[{"@type":"SearchAction","target":{"@type":"EntryPoint","urlTemplate":"https:\/\/shop.huppa.eu\/lt\/?s={search_term_string}"},"query-input":{"@type":"PropertyValueSpecification","valueRequired":true,"valueName":"search_term_string"}}],"inLanguage":"lt-LT"}]}},"_links":{"self":[{"href":"https:\/\/shop.huppa.eu\/lt\/wp-json\/wp\/v2\/product\/508740","targetHints":{"allow":["GET"]}}],"collection":[{"href":"https:\/\/shop.huppa.eu\/lt\/wp-json\/wp\/v2\/product"}],"about":[{"href":"https:\/\/shop.huppa.eu\/lt\/wp-json\/wp\/v2\/types\/product"}],"wp:featuredmedia":[{"embeddable":true,"href":"https:\/\/shop.huppa.eu\/lt\/wp-json\/wp\/v2\/media\/508745"}],"wp:attachment":[{"href":"https:\/\/shop.huppa.eu\/lt\/wp-json\/wp\/v2\/media?parent=508740"}],"wp:term":[{"taxonomy":"product_brand","embeddable":true,"href":"https:\/\/shop.huppa.eu\/lt\/wp-json\/wp\/v2\/product_brand?post=508740"},{"taxonomy":"product_cat","embeddable":true,"href":"https:\/\/shop.huppa.eu\/lt\/wp-json\/wp\/v2\/product_cat?post=508740"},{"taxonomy":"product_tag","embeddable":true,"href":"https:\/\/shop.huppa.eu\/lt\/wp-json\/wp\/v2\/product_tag?post=508740"}],"curies":[{"name":"wp","href":"https:\/\/api.w.org\/{rel}","templated":true}]}}