{"id":508776,"date":"2025-02-10T15:53:32","date_gmt":"2025-02-10T13:53:32","guid":{"rendered":"https:\/\/shop.huppa.eu\/lt\/product\/vaikiska-striuke-celestine-0g\/"},"modified":"2026-04-15T05:29:04","modified_gmt":"2026-04-15T03:29:04","slug":"vaikiska-striuke-celestine-0g","status":"publish","type":"product","link":"https:\/\/shop.huppa.eu\/lt\/product\/vaikiska-striuke-celestine-0g\/","title":{"rendered":"Vaiki\u0161ka striuk\u0117 CELESTINE"},"content":{"rendered":"<p>Vaiki\u0161ka dygsniuota striuk\u0117, pagaminta i\u0161 mink\u0161to audinio su storu u\u017epildu. Striuk\u0117s vidus su &#8222;Coral-fleece&#8221; pamu\u0161alu k\u016bno srityje ir taftos pamu\u0161alu rankov\u0117se, kad b\u016bt\u0173 lengviau \u012fki\u0161ti rankas. Gobtuvas gali b\u016bti nuimamas spaud\u017ei\u0173 pagalba, o elastingi rankogaliai apsaugo nuo sniego. Striuk\u0117 papuo\u0161ta at\u0161vaitiniais elementais.<\/p>\n","protected":false},"excerpt":{"rendered":"<p>Vaiki\u0161ka dygsniuota striuk\u0117, pagaminta i\u0161 mink\u0161to audinio su storu u\u017epildu. Striuk\u0117s vidus su &#8222;Coral-fleece&#8221; pamu\u0161alu k\u016bno srityje ir taftos pamu\u0161alu rankov\u0117se, kad b\u016bt\u0173 lengviau \u012fki\u0161ti rankas. Gobtuvas gali b\u016bti nuimamas spaud\u017ei\u0173 pagalba, o elastingi rankogaliai apsaugo nuo sniego. Striuk\u0117 papuo\u0161ta at\u0161vaitiniais elementais.<\/p>\n","protected":false},"featured_media":508781,"template":"","meta":{"_acf_changed":false},"product_brand":[],"product_cat":[5723,5731,102,89,103,88,19],"product_tag":[],"class_list":{"0":"post-508776","1":"product","2":"type-product","3":"status-publish","4":"has-post-thumbnail","6":"product_cat-outlet","7":"product_cat-striukes-outlet","8":"product_cat-mergaiciu","9":"product_cat-striukes-2","10":"product_cat-striukes-mergaiciu","11":"product_cat-striukes","12":"product_cat-vaikai","13":"pa_amzius-vaikai","14":"pa_atsparumas-vandeniui-5000mm","15":"pa_dydis-105","16":"pa_dydis-409","17":"pa_dydis-411","18":"pa_dydis-412","19":"pa_kolekcija-nr-w14-15","20":"pa_kolekcijos-dalis-fashion","21":"pa_lytis-mergaiciu","22":"pa_oro-pralaidumas-5000g-m-24h","23":"pa_prekes-artikulas-1710aw14-033","24":"pa_rastuota-vienspalvis","25":"pa_sezonas-ziema","27":"first","28":"instock","29":"sale","30":"taxable","31":"shipping-taxable","32":"purchasable","33":"product-type-variable"},"acf":[],"yoast_head":"<!-- This site is optimized with the Yoast SEO plugin v26.8 - https:\/\/yoast.com\/product\/yoast-seo-wordpress\/ -->\n<title>Vaiki\u0161ka striuk\u0117 CELESTINE - Huppa LT<\/title>\n<meta name=\"robots\" content=\"index, follow, max-snippet:-1, max-image-preview:large, max-video-preview:-1\" \/>\n<link rel=\"canonical\" href=\"https:\/\/shop.huppa.eu\/lt\/product\/vaikiska-striuke-celestine-0g\/\" \/>\n<meta property=\"og:locale\" content=\"lt_LT\" \/>\n<meta property=\"og:type\" content=\"article\" \/>\n<meta property=\"og:title\" content=\"Vaiki\u0161ka striuk\u0117 CELESTINE - Huppa LT\" \/>\n<meta property=\"og:description\" content=\"Vaiki\u0161ka dygsniuota striuk\u0117, pagaminta i\u0161 mink\u0161to audinio su storu u\u017epildu. Striuk\u0117s vidus su &#8222;Coral-fleece&#8221; pamu\u0161alu k\u016bno srityje ir taftos pamu\u0161alu rankov\u0117se, kad b\u016bt\u0173 lengviau \u012fki\u0161ti rankas. Gobtuvas gali b\u016bti nuimamas spaud\u017ei\u0173 pagalba, o elastingi rankogaliai apsaugo nuo sniego. Striuk\u0117 papuo\u0161ta at\u0161vaitiniais elementais.\" \/>\n<meta property=\"og:url\" content=\"https:\/\/shop.huppa.eu\/lt\/product\/vaikiska-striuke-celestine-0g\/\" \/>\n<meta property=\"og:site_name\" content=\"Huppa LT\" \/>\n<meta property=\"article:modified_time\" content=\"2026-04-15T03:29:04+00:00\" \/>\n<meta property=\"og:image\" content=\"https:\/\/huppashop-prod.s3.eu-north-1.amazonaws.com\/wp-content\/uploads\/sites\/5\/2025\/02\/10155334\/CELESTINE-1710AW14-033.jpg\" \/>\n\t<meta property=\"og:image:width\" content=\"800\" \/>\n\t<meta property=\"og:image:height\" content=\"800\" \/>\n\t<meta property=\"og:image:type\" content=\"image\/jpeg\" \/>\n<meta name=\"twitter:card\" content=\"summary_large_image\" \/>\n<script type=\"application\/ld+json\" class=\"yoast-schema-graph\">{\"@context\":\"https:\/\/schema.org\",\"@graph\":[{\"@type\":\"WebPage\",\"@id\":\"https:\/\/shop.huppa.eu\/lt\/product\/vaikiska-striuke-celestine-0g\/\",\"url\":\"https:\/\/shop.huppa.eu\/lt\/product\/vaikiska-striuke-celestine-0g\/\",\"name\":\"Vaiki\u0161ka striuk\u0117 CELESTINE - Huppa LT\",\"isPartOf\":{\"@id\":\"https:\/\/shop.huppa.eu\/lt\/#website\"},\"primaryImageOfPage\":{\"@id\":\"https:\/\/shop.huppa.eu\/lt\/product\/vaikiska-striuke-celestine-0g\/#primaryimage\"},\"image\":{\"@id\":\"https:\/\/shop.huppa.eu\/lt\/product\/vaikiska-striuke-celestine-0g\/#primaryimage\"},\"thumbnailUrl\":\"https:\/\/huppashop-prod.s3.eu-north-1.amazonaws.com\/wp-content\/uploads\/sites\/5\/2025\/02\/10155334\/CELESTINE-1710AW14-033.jpg\",\"datePublished\":\"2025-02-10T13:53:32+00:00\",\"dateModified\":\"2026-04-15T03:29:04+00:00\",\"breadcrumb\":{\"@id\":\"https:\/\/shop.huppa.eu\/lt\/product\/vaikiska-striuke-celestine-0g\/#breadcrumb\"},\"inLanguage\":\"lt-LT\",\"potentialAction\":[{\"@type\":\"ReadAction\",\"target\":[\"https:\/\/shop.huppa.eu\/lt\/product\/vaikiska-striuke-celestine-0g\/\"]}]},{\"@type\":\"ImageObject\",\"inLanguage\":\"lt-LT\",\"@id\":\"https:\/\/shop.huppa.eu\/lt\/product\/vaikiska-striuke-celestine-0g\/#primaryimage\",\"url\":\"https:\/\/huppashop-prod.s3.eu-north-1.amazonaws.com\/wp-content\/uploads\/sites\/5\/2025\/02\/10155334\/CELESTINE-1710AW14-033.jpg\",\"contentUrl\":\"https:\/\/huppashop-prod.s3.eu-north-1.amazonaws.com\/wp-content\/uploads\/sites\/5\/2025\/02\/10155334\/CELESTINE-1710AW14-033.jpg\",\"width\":800,\"height\":800},{\"@type\":\"BreadcrumbList\",\"@id\":\"https:\/\/shop.huppa.eu\/lt\/product\/vaikiska-striuke-celestine-0g\/#breadcrumb\",\"itemListElement\":[{\"@type\":\"ListItem\",\"position\":1,\"name\":\"Shop\",\"item\":\"https:\/\/shop.huppa.eu\/lt\/shop\/\"},{\"@type\":\"ListItem\",\"position\":2,\"name\":\"Vaiki\u0161ka striuk\u0117 CELESTINE\"}]},{\"@type\":\"WebSite\",\"@id\":\"https:\/\/shop.huppa.eu\/lt\/#website\",\"url\":\"https:\/\/shop.huppa.eu\/lt\/\",\"name\":\"Huppa LT\",\"description\":\"Huppa LT\",\"potentialAction\":[{\"@type\":\"SearchAction\",\"target\":{\"@type\":\"EntryPoint\",\"urlTemplate\":\"https:\/\/shop.huppa.eu\/lt\/?s={search_term_string}\"},\"query-input\":{\"@type\":\"PropertyValueSpecification\",\"valueRequired\":true,\"valueName\":\"search_term_string\"}}],\"inLanguage\":\"lt-LT\"}]}<\/script>\n<!-- \/ Yoast SEO plugin. -->","yoast_head_json":{"title":"Vaiki\u0161ka striuk\u0117 CELESTINE - Huppa LT","robots":{"index":"index","follow":"follow","max-snippet":"max-snippet:-1","max-image-preview":"max-image-preview:large","max-video-preview":"max-video-preview:-1"},"canonical":"https:\/\/shop.huppa.eu\/lt\/product\/vaikiska-striuke-celestine-0g\/","og_locale":"lt_LT","og_type":"article","og_title":"Vaiki\u0161ka striuk\u0117 CELESTINE - Huppa LT","og_description":"Vaiki\u0161ka dygsniuota striuk\u0117, pagaminta i\u0161 mink\u0161to audinio su storu u\u017epildu. Striuk\u0117s vidus su &#8222;Coral-fleece&#8221; pamu\u0161alu k\u016bno srityje ir taftos pamu\u0161alu rankov\u0117se, kad b\u016bt\u0173 lengviau \u012fki\u0161ti rankas. Gobtuvas gali b\u016bti nuimamas spaud\u017ei\u0173 pagalba, o elastingi rankogaliai apsaugo nuo sniego. Striuk\u0117 papuo\u0161ta at\u0161vaitiniais elementais.","og_url":"https:\/\/shop.huppa.eu\/lt\/product\/vaikiska-striuke-celestine-0g\/","og_site_name":"Huppa LT","article_modified_time":"2026-04-15T03:29:04+00:00","og_image":[{"width":800,"height":800,"url":"https:\/\/huppashop-prod.s3.eu-north-1.amazonaws.com\/wp-content\/uploads\/sites\/5\/2025\/02\/10155334\/CELESTINE-1710AW14-033.jpg","type":"image\/jpeg"}],"twitter_card":"summary_large_image","schema":{"@context":"https:\/\/schema.org","@graph":[{"@type":"WebPage","@id":"https:\/\/shop.huppa.eu\/lt\/product\/vaikiska-striuke-celestine-0g\/","url":"https:\/\/shop.huppa.eu\/lt\/product\/vaikiska-striuke-celestine-0g\/","name":"Vaiki\u0161ka striuk\u0117 CELESTINE - Huppa LT","isPartOf":{"@id":"https:\/\/shop.huppa.eu\/lt\/#website"},"primaryImageOfPage":{"@id":"https:\/\/shop.huppa.eu\/lt\/product\/vaikiska-striuke-celestine-0g\/#primaryimage"},"image":{"@id":"https:\/\/shop.huppa.eu\/lt\/product\/vaikiska-striuke-celestine-0g\/#primaryimage"},"thumbnailUrl":"https:\/\/huppashop-prod.s3.eu-north-1.amazonaws.com\/wp-content\/uploads\/sites\/5\/2025\/02\/10155334\/CELESTINE-1710AW14-033.jpg","datePublished":"2025-02-10T13:53:32+00:00","dateModified":"2026-04-15T03:29:04+00:00","breadcrumb":{"@id":"https:\/\/shop.huppa.eu\/lt\/product\/vaikiska-striuke-celestine-0g\/#breadcrumb"},"inLanguage":"lt-LT","potentialAction":[{"@type":"ReadAction","target":["https:\/\/shop.huppa.eu\/lt\/product\/vaikiska-striuke-celestine-0g\/"]}]},{"@type":"ImageObject","inLanguage":"lt-LT","@id":"https:\/\/shop.huppa.eu\/lt\/product\/vaikiska-striuke-celestine-0g\/#primaryimage","url":"https:\/\/huppashop-prod.s3.eu-north-1.amazonaws.com\/wp-content\/uploads\/sites\/5\/2025\/02\/10155334\/CELESTINE-1710AW14-033.jpg","contentUrl":"https:\/\/huppashop-prod.s3.eu-north-1.amazonaws.com\/wp-content\/uploads\/sites\/5\/2025\/02\/10155334\/CELESTINE-1710AW14-033.jpg","width":800,"height":800},{"@type":"BreadcrumbList","@id":"https:\/\/shop.huppa.eu\/lt\/product\/vaikiska-striuke-celestine-0g\/#breadcrumb","itemListElement":[{"@type":"ListItem","position":1,"name":"Shop","item":"https:\/\/shop.huppa.eu\/lt\/shop\/"},{"@type":"ListItem","position":2,"name":"Vaiki\u0161ka striuk\u0117 CELESTINE"}]},{"@type":"WebSite","@id":"https:\/\/shop.huppa.eu\/lt\/#website","url":"https:\/\/shop.huppa.eu\/lt\/","name":"Huppa LT","description":"Huppa LT","potentialAction":[{"@type":"SearchAction","target":{"@type":"EntryPoint","urlTemplate":"https:\/\/shop.huppa.eu\/lt\/?s={search_term_string}"},"query-input":{"@type":"PropertyValueSpecification","valueRequired":true,"valueName":"search_term_string"}}],"inLanguage":"lt-LT"}]}},"_links":{"self":[{"href":"https:\/\/shop.huppa.eu\/lt\/wp-json\/wp\/v2\/product\/508776","targetHints":{"allow":["GET"]}}],"collection":[{"href":"https:\/\/shop.huppa.eu\/lt\/wp-json\/wp\/v2\/product"}],"about":[{"href":"https:\/\/shop.huppa.eu\/lt\/wp-json\/wp\/v2\/types\/product"}],"wp:featuredmedia":[{"embeddable":true,"href":"https:\/\/shop.huppa.eu\/lt\/wp-json\/wp\/v2\/media\/508781"}],"wp:attachment":[{"href":"https:\/\/shop.huppa.eu\/lt\/wp-json\/wp\/v2\/media?parent=508776"}],"wp:term":[{"taxonomy":"product_brand","embeddable":true,"href":"https:\/\/shop.huppa.eu\/lt\/wp-json\/wp\/v2\/product_brand?post=508776"},{"taxonomy":"product_cat","embeddable":true,"href":"https:\/\/shop.huppa.eu\/lt\/wp-json\/wp\/v2\/product_cat?post=508776"},{"taxonomy":"product_tag","embeddable":true,"href":"https:\/\/shop.huppa.eu\/lt\/wp-json\/wp\/v2\/product_tag?post=508776"}],"curies":[{"name":"wp","href":"https:\/\/api.w.org\/{rel}","templated":true}]}}