{"id":510414,"date":"2025-03-26T11:27:48","date_gmt":"2025-03-26T09:27:48","guid":{"rendered":"https:\/\/shop.huppa.eu\/lt\/product\/moteriskas-paltas-amanea-0g-2\/"},"modified":"2026-04-09T05:24:07","modified_gmt":"2026-04-09T03:24:07","slug":"moteriskas-paltas-amanea-0g-2","status":"publish","type":"product","link":"https:\/\/shop.huppa.eu\/lt\/product\/moteriskas-paltas-amanea-0g-2\/","title":{"rendered":"Moteri\u0161kas pavasario-rudens paltas AMANEA (0g)"},"content":{"rendered":"<p>Did\u017eiausia m\u016bs\u0173 inovacija Shell Protect audinio laisvo kirpimo moteri\u0161kas paltas ne tik apsaugantis nuo v\u0117jo ir lietaus, bet ir puikiai kvepuojantis. Reguliuojamas gobtuvas ir rankogaliai. Visos si\u016bl\u0117s apsaugotos papildomai, kad b\u016btum\u0117t sausos net did\u017eiausio lietaus metu. Reguliuojamos juosmuo, tad tiks kiekvienai. Dviej\u0173 kryp\u010di\u0173 u\u017etrauktukas priekyje su u\u017espaud\u017eiamu u\u017esegimu. Atspindin\u010dios detal\u0117s saugumui u\u017etikrinti. Palto audinys draugi\u0161kas gamtai.<\/p>\n","protected":false},"excerpt":{"rendered":"<p>Did\u017eiausia m\u016bs\u0173 inovacija Shell Protect audinio laisvo kirpimo moteri\u0161kas paltas ne tik apsaugantis nuo v\u0117jo ir lietaus, bet ir puikiai kvepuojantis. Reguliuojamas gobtuvas ir rankogaliai. Visos si\u016bl\u0117s apsaugotos papildomai, kad b\u016btum\u0117t sausos net did\u017eiausio lietaus metu. Reguliuojamos juosmuo, tad tiks kiekvienai. Dviej\u0173 kryp\u010di\u0173 u\u017etrauktukas priekyje su u\u017espaud\u017eiamu u\u017esegimu. Atspindin\u010dios detal\u0117s saugumui u\u017etikrinti. Palto audinys draugi\u0161kas [&hellip;]<\/p>\n","protected":false},"featured_media":510975,"template":"","meta":{"_acf_changed":false},"product_brand":[],"product_cat":[18,116,129,130,128],"product_tag":[],"class_list":{"0":"post-510414","1":"product","2":"type-product","3":"status-publish","4":"has-post-thumbnail","6":"product_cat-moterys","7":"product_cat-paltai","8":"product_cat-paltai-suaugusieji","9":"product_cat-paltai-moterys","10":"product_cat-suaugusieji","11":"pa_amzius-suaugusieji","12":"pa_atsparumas-vandeniui-10000mm","13":"pa_dydis-xs","14":"pa_dydis-s","15":"pa_dydis-m","16":"pa_dydis-l","17":"pa_dydis-xl","18":"pa_dydis-xxl","19":"pa_dydis-3xl","20":"pa_izoliacijos-svoris-0g","21":"pa_kolekcija-nr-sa2026","22":"pa_kolekcijos-dalis-shell-protect","23":"pa_lytis-moterys","24":"pa_oro-pralaidumas-10-000g-m-24h","25":"pa_prekes-artikulas-12968000-00009","26":"pa_rastuota-vienspalvis","27":"pa_sezonas-pavaris-ruduo","28":"pa_uzpildas-0g","30":"first","31":"instock","32":"taxable","33":"shipping-taxable","34":"purchasable","35":"product-type-variable"},"acf":[],"yoast_head":"<!-- This site is optimized with the Yoast SEO plugin v26.8 - https:\/\/yoast.com\/product\/yoast-seo-wordpress\/ -->\n<title>Moteri\u0161kas pavasario-rudens paltas AMANEA (0g) - Huppa LT<\/title>\n<meta name=\"robots\" content=\"index, follow, max-snippet:-1, max-image-preview:large, max-video-preview:-1\" \/>\n<link rel=\"canonical\" href=\"https:\/\/shop.huppa.eu\/lt\/product\/moteriskas-paltas-amanea-0g-2\/\" \/>\n<meta property=\"og:locale\" content=\"lt_LT\" \/>\n<meta property=\"og:type\" content=\"article\" \/>\n<meta property=\"og:title\" content=\"Moteri\u0161kas pavasario-rudens paltas AMANEA (0g) - Huppa LT\" \/>\n<meta property=\"og:description\" content=\"Did\u017eiausia m\u016bs\u0173 inovacija Shell Protect audinio laisvo kirpimo moteri\u0161kas paltas ne tik apsaugantis nuo v\u0117jo ir lietaus, bet ir puikiai kvepuojantis. Reguliuojamas gobtuvas ir rankogaliai. Visos si\u016bl\u0117s apsaugotos papildomai, kad b\u016btum\u0117t sausos net did\u017eiausio lietaus metu. Reguliuojamos juosmuo, tad tiks kiekvienai. Dviej\u0173 kryp\u010di\u0173 u\u017etrauktukas priekyje su u\u017espaud\u017eiamu u\u017esegimu. Atspindin\u010dios detal\u0117s saugumui u\u017etikrinti. Palto audinys draugi\u0161kas [&hellip;]\" \/>\n<meta property=\"og:url\" content=\"https:\/\/shop.huppa.eu\/lt\/product\/moteriskas-paltas-amanea-0g-2\/\" \/>\n<meta property=\"og:site_name\" content=\"Huppa LT\" \/>\n<meta property=\"article:modified_time\" content=\"2026-04-09T03:24:07+00:00\" \/>\n<meta property=\"og:image\" content=\"https:\/\/huppashop-prod.s3.eu-north-1.amazonaws.com\/wp-content\/uploads\/sites\/5\/2025\/03\/26104502\/12968000-00009-AMANEA_mw_o.jpg\" \/>\n\t<meta property=\"og:image:width\" content=\"1200\" \/>\n\t<meta property=\"og:image:height\" content=\"1200\" \/>\n\t<meta property=\"og:image:type\" content=\"image\/jpeg\" \/>\n<meta name=\"twitter:card\" content=\"summary_large_image\" \/>\n<script type=\"application\/ld+json\" class=\"yoast-schema-graph\">{\"@context\":\"https:\/\/schema.org\",\"@graph\":[{\"@type\":\"WebPage\",\"@id\":\"https:\/\/shop.huppa.eu\/lt\/product\/moteriskas-paltas-amanea-0g-2\/\",\"url\":\"https:\/\/shop.huppa.eu\/lt\/product\/moteriskas-paltas-amanea-0g-2\/\",\"name\":\"Moteri\u0161kas pavasario-rudens paltas AMANEA (0g) - Huppa LT\",\"isPartOf\":{\"@id\":\"https:\/\/shop.huppa.eu\/lt\/#website\"},\"primaryImageOfPage\":{\"@id\":\"https:\/\/shop.huppa.eu\/lt\/product\/moteriskas-paltas-amanea-0g-2\/#primaryimage\"},\"image\":{\"@id\":\"https:\/\/shop.huppa.eu\/lt\/product\/moteriskas-paltas-amanea-0g-2\/#primaryimage\"},\"thumbnailUrl\":\"https:\/\/huppashop-prod.s3.eu-north-1.amazonaws.com\/wp-content\/uploads\/sites\/5\/2025\/03\/26104502\/12968000-00009-AMANEA_mw_o.jpg\",\"datePublished\":\"2025-03-26T09:27:48+00:00\",\"dateModified\":\"2026-04-09T03:24:07+00:00\",\"breadcrumb\":{\"@id\":\"https:\/\/shop.huppa.eu\/lt\/product\/moteriskas-paltas-amanea-0g-2\/#breadcrumb\"},\"inLanguage\":\"lt-LT\",\"potentialAction\":[{\"@type\":\"ReadAction\",\"target\":[\"https:\/\/shop.huppa.eu\/lt\/product\/moteriskas-paltas-amanea-0g-2\/\"]}]},{\"@type\":\"ImageObject\",\"inLanguage\":\"lt-LT\",\"@id\":\"https:\/\/shop.huppa.eu\/lt\/product\/moteriskas-paltas-amanea-0g-2\/#primaryimage\",\"url\":\"https:\/\/huppashop-prod.s3.eu-north-1.amazonaws.com\/wp-content\/uploads\/sites\/5\/2025\/03\/26104502\/12968000-00009-AMANEA_mw_o.jpg\",\"contentUrl\":\"https:\/\/huppashop-prod.s3.eu-north-1.amazonaws.com\/wp-content\/uploads\/sites\/5\/2025\/03\/26104502\/12968000-00009-AMANEA_mw_o.jpg\",\"width\":1200,\"height\":1200},{\"@type\":\"BreadcrumbList\",\"@id\":\"https:\/\/shop.huppa.eu\/lt\/product\/moteriskas-paltas-amanea-0g-2\/#breadcrumb\",\"itemListElement\":[{\"@type\":\"ListItem\",\"position\":1,\"name\":\"Shop\",\"item\":\"https:\/\/shop.huppa.eu\/lt\/shop\/\"},{\"@type\":\"ListItem\",\"position\":2,\"name\":\"Moteri\u0161kas pavasario-rudens paltas AMANEA (0g)\"}]},{\"@type\":\"WebSite\",\"@id\":\"https:\/\/shop.huppa.eu\/lt\/#website\",\"url\":\"https:\/\/shop.huppa.eu\/lt\/\",\"name\":\"Huppa LT\",\"description\":\"Huppa LT\",\"potentialAction\":[{\"@type\":\"SearchAction\",\"target\":{\"@type\":\"EntryPoint\",\"urlTemplate\":\"https:\/\/shop.huppa.eu\/lt\/?s={search_term_string}\"},\"query-input\":{\"@type\":\"PropertyValueSpecification\",\"valueRequired\":true,\"valueName\":\"search_term_string\"}}],\"inLanguage\":\"lt-LT\"}]}<\/script>\n<!-- \/ Yoast SEO plugin. -->","yoast_head_json":{"title":"Moteri\u0161kas pavasario-rudens paltas AMANEA (0g) - Huppa LT","robots":{"index":"index","follow":"follow","max-snippet":"max-snippet:-1","max-image-preview":"max-image-preview:large","max-video-preview":"max-video-preview:-1"},"canonical":"https:\/\/shop.huppa.eu\/lt\/product\/moteriskas-paltas-amanea-0g-2\/","og_locale":"lt_LT","og_type":"article","og_title":"Moteri\u0161kas pavasario-rudens paltas AMANEA (0g) - Huppa LT","og_description":"Did\u017eiausia m\u016bs\u0173 inovacija Shell Protect audinio laisvo kirpimo moteri\u0161kas paltas ne tik apsaugantis nuo v\u0117jo ir lietaus, bet ir puikiai kvepuojantis. Reguliuojamas gobtuvas ir rankogaliai. Visos si\u016bl\u0117s apsaugotos papildomai, kad b\u016btum\u0117t sausos net did\u017eiausio lietaus metu. Reguliuojamos juosmuo, tad tiks kiekvienai. Dviej\u0173 kryp\u010di\u0173 u\u017etrauktukas priekyje su u\u017espaud\u017eiamu u\u017esegimu. Atspindin\u010dios detal\u0117s saugumui u\u017etikrinti. Palto audinys draugi\u0161kas [&hellip;]","og_url":"https:\/\/shop.huppa.eu\/lt\/product\/moteriskas-paltas-amanea-0g-2\/","og_site_name":"Huppa LT","article_modified_time":"2026-04-09T03:24:07+00:00","og_image":[{"width":1200,"height":1200,"url":"https:\/\/huppashop-prod.s3.eu-north-1.amazonaws.com\/wp-content\/uploads\/sites\/5\/2025\/03\/26104502\/12968000-00009-AMANEA_mw_o.jpg","type":"image\/jpeg"}],"twitter_card":"summary_large_image","schema":{"@context":"https:\/\/schema.org","@graph":[{"@type":"WebPage","@id":"https:\/\/shop.huppa.eu\/lt\/product\/moteriskas-paltas-amanea-0g-2\/","url":"https:\/\/shop.huppa.eu\/lt\/product\/moteriskas-paltas-amanea-0g-2\/","name":"Moteri\u0161kas pavasario-rudens paltas AMANEA (0g) - Huppa LT","isPartOf":{"@id":"https:\/\/shop.huppa.eu\/lt\/#website"},"primaryImageOfPage":{"@id":"https:\/\/shop.huppa.eu\/lt\/product\/moteriskas-paltas-amanea-0g-2\/#primaryimage"},"image":{"@id":"https:\/\/shop.huppa.eu\/lt\/product\/moteriskas-paltas-amanea-0g-2\/#primaryimage"},"thumbnailUrl":"https:\/\/huppashop-prod.s3.eu-north-1.amazonaws.com\/wp-content\/uploads\/sites\/5\/2025\/03\/26104502\/12968000-00009-AMANEA_mw_o.jpg","datePublished":"2025-03-26T09:27:48+00:00","dateModified":"2026-04-09T03:24:07+00:00","breadcrumb":{"@id":"https:\/\/shop.huppa.eu\/lt\/product\/moteriskas-paltas-amanea-0g-2\/#breadcrumb"},"inLanguage":"lt-LT","potentialAction":[{"@type":"ReadAction","target":["https:\/\/shop.huppa.eu\/lt\/product\/moteriskas-paltas-amanea-0g-2\/"]}]},{"@type":"ImageObject","inLanguage":"lt-LT","@id":"https:\/\/shop.huppa.eu\/lt\/product\/moteriskas-paltas-amanea-0g-2\/#primaryimage","url":"https:\/\/huppashop-prod.s3.eu-north-1.amazonaws.com\/wp-content\/uploads\/sites\/5\/2025\/03\/26104502\/12968000-00009-AMANEA_mw_o.jpg","contentUrl":"https:\/\/huppashop-prod.s3.eu-north-1.amazonaws.com\/wp-content\/uploads\/sites\/5\/2025\/03\/26104502\/12968000-00009-AMANEA_mw_o.jpg","width":1200,"height":1200},{"@type":"BreadcrumbList","@id":"https:\/\/shop.huppa.eu\/lt\/product\/moteriskas-paltas-amanea-0g-2\/#breadcrumb","itemListElement":[{"@type":"ListItem","position":1,"name":"Shop","item":"https:\/\/shop.huppa.eu\/lt\/shop\/"},{"@type":"ListItem","position":2,"name":"Moteri\u0161kas pavasario-rudens paltas AMANEA (0g)"}]},{"@type":"WebSite","@id":"https:\/\/shop.huppa.eu\/lt\/#website","url":"https:\/\/shop.huppa.eu\/lt\/","name":"Huppa LT","description":"Huppa LT","potentialAction":[{"@type":"SearchAction","target":{"@type":"EntryPoint","urlTemplate":"https:\/\/shop.huppa.eu\/lt\/?s={search_term_string}"},"query-input":{"@type":"PropertyValueSpecification","valueRequired":true,"valueName":"search_term_string"}}],"inLanguage":"lt-LT"}]}},"_links":{"self":[{"href":"https:\/\/shop.huppa.eu\/lt\/wp-json\/wp\/v2\/product\/510414","targetHints":{"allow":["GET"]}}],"collection":[{"href":"https:\/\/shop.huppa.eu\/lt\/wp-json\/wp\/v2\/product"}],"about":[{"href":"https:\/\/shop.huppa.eu\/lt\/wp-json\/wp\/v2\/types\/product"}],"wp:featuredmedia":[{"embeddable":true,"href":"https:\/\/shop.huppa.eu\/lt\/wp-json\/wp\/v2\/media\/510975"}],"wp:attachment":[{"href":"https:\/\/shop.huppa.eu\/lt\/wp-json\/wp\/v2\/media?parent=510414"}],"wp:term":[{"taxonomy":"product_brand","embeddable":true,"href":"https:\/\/shop.huppa.eu\/lt\/wp-json\/wp\/v2\/product_brand?post=510414"},{"taxonomy":"product_cat","embeddable":true,"href":"https:\/\/shop.huppa.eu\/lt\/wp-json\/wp\/v2\/product_cat?post=510414"},{"taxonomy":"product_tag","embeddable":true,"href":"https:\/\/shop.huppa.eu\/lt\/wp-json\/wp\/v2\/product_tag?post=510414"}],"curies":[{"name":"wp","href":"https:\/\/api.w.org\/{rel}","templated":true}]}}